

{"id":43794,"date":"2025-03-20T14:25:20","date_gmt":"2025-03-20T12:25:20","guid":{"rendered":"https:\/\/kinnunen.fi\/?post_type=product&#038;p=43794"},"modified":"2026-05-03T04:00:15","modified_gmt":"2026-05-03T01:00:15","slug":"kiilto-pro-desichlor-desinfioiva-puhdistusaine-1000ml","status":"publish","type":"product","link":"https:\/\/kinnunen.fi\/en\/product\/kiilto-pro-desichlor-desinfioiva-puhdistusaine-1000ml\/","title":{"rendered":"Kiilto Pro Desichlor disinfectant cleaner, 1000ml"},"content":{"rendered":"<p>Advantages and properties of Kiilto Desichlor cleaner; Chloramine-T based, slightly alkaline, odourless, does not damage surface materials.<br \/>\nApplications: disinfectant cleaning of all water-resistant surfaces, including waxed surfaces. For the removal of unpleasant odours. The pH of the product is 9 and the pH of the solution is 8. The product is colourless and odourless.<br \/>\nDirections for use: 50ml product \/ 950 ml water. Make a solution in cold water. Rinse and dry surfaces if necessary. A clean working dilution will keep for 2 weeks in a sealed container.<br \/>\nWear protective gloves. Rinse eye splashes with plenty of water. Use biocides safely. Always read the label and product information before use. Do not use with acidic cleaning products.<br \/>\nPackage size: 1 litre.<\/p>","protected":false},"excerpt":{"rendered":"<p>Kiilto Desichlor disinfectant cleaner is suitable for use on both surfaces and tools.<\/p>\n<p>&nbsp;<\/p>","protected":false},"featured_media":43795,"comment_status":"closed","ping_status":"closed","template":"","meta":{"_relevanssi_hide_post":"","_relevanssi_pin_for_all":"","_relevanssi_pin_keywords":"","_relevanssi_unpin_keywords":"","_relevanssi_related_keywords":"","_relevanssi_related_include_ids":"","_relevanssi_related_exclude_ids":"","_relevanssi_related_no_append":"","_relevanssi_related_not_related":"","_relevanssi_related_posts":"","_relevanssi_noindex_reason":""},"product_cat":[1762,1832],"product_tag":[],"class_list":["post-43794","product","type-product","status-publish","has-post-thumbnail","hentry","product_cat-tarvikkeet","product_cat-desinfiointi-ja-puhtaanapito","tuotemerkki-kiilto"],"tuotemerkit":[{"term_id":2335,"name":"Kiilto","slug":"kiilto","term_group":0,"term_taxonomy_id":2335,"taxonomy":"tuotemerkki","description":"","parent":0,"count":1,"filter":"raw"}],"acf":[],"yoast_head":"<!-- This site is optimized with the Yoast SEO plugin v23.3 - https:\/\/yoast.com\/wordpress\/plugins\/seo\/ -->\n<title>Kiilto Pro Desichlor -desinfioiva puhdistusaine, 1000ml - Kinnunen<\/title>\n<meta name=\"robots\" content=\"index, follow, max-snippet:-1, max-image-preview:large, max-video-preview:-1\" \/>\n<link rel=\"canonical\" href=\"https:\/\/kinnunen.fi\/en\/product\/kiilto-pro-desichlor-desinfioiva-puhdistusaine-1000ml\/\" \/>\n<meta property=\"og:locale\" content=\"en_GB\" \/>\n<meta property=\"og:type\" content=\"article\" \/>\n<meta property=\"og:title\" content=\"Kiilto Pro Desichlor -desinfioiva puhdistusaine, 1000ml - Kinnunen\" \/>\n<meta property=\"og:description\" content=\"Kiilto Desichlor desinfioiva puhdistusaine sopii k\u00e4ytett\u00e4v\u00e4ksi niin pinnoille kuin ty\u00f6v\u00e4lineille.  &nbsp;\" \/>\n<meta property=\"og:url\" content=\"https:\/\/kinnunen.fi\/en\/product\/kiilto-pro-desichlor-desinfioiva-puhdistusaine-1000ml\/\" \/>\n<meta property=\"og:site_name\" content=\"Kinnunen\" \/>\n<meta property=\"article:modified_time\" content=\"2026-05-03T01:00:15+00:00\" \/>\n<meta property=\"og:image\" content=\"https:\/\/kinnunen.fi\/wp-content\/uploads\/2025\/03\/Kiilto-Pro-Desichlor-1000ml-41121.jpg\" \/>\n\t<meta property=\"og:image:width\" content=\"1000\" \/>\n\t<meta property=\"og:image:height\" content=\"1000\" \/>\n\t<meta property=\"og:image:type\" content=\"image\/jpeg\" \/>\n<meta name=\"twitter:card\" content=\"summary_large_image\" \/>\n<meta name=\"twitter:label1\" content=\"Estimated reading time\" \/>\n\t<meta name=\"twitter:data1\" content=\"1 minute\" \/>\n<script type=\"application\/ld+json\" class=\"yoast-schema-graph\">{\"@context\":\"https:\/\/schema.org\",\"@graph\":[{\"@type\":\"WebPage\",\"@id\":\"https:\/\/kinnunen.fi\/tuote\/kiilto-pro-desichlor-desinfioiva-puhdistusaine-1000ml\/\",\"url\":\"https:\/\/kinnunen.fi\/tuote\/kiilto-pro-desichlor-desinfioiva-puhdistusaine-1000ml\/\",\"name\":\"Kiilto Pro Desichlor -desinfioiva puhdistusaine, 1000ml - Kinnunen\",\"isPartOf\":{\"@id\":\"https:\/\/kinnunen.fi\/#website\"},\"primaryImageOfPage\":{\"@id\":\"https:\/\/kinnunen.fi\/tuote\/kiilto-pro-desichlor-desinfioiva-puhdistusaine-1000ml\/#primaryimage\"},\"image\":{\"@id\":\"https:\/\/kinnunen.fi\/tuote\/kiilto-pro-desichlor-desinfioiva-puhdistusaine-1000ml\/#primaryimage\"},\"thumbnailUrl\":\"https:\/\/kinnunen.fi\/wp-content\/uploads\/2025\/03\/Kiilto-Pro-Desichlor-1000ml-41121.jpg\",\"datePublished\":\"2025-03-20T12:25:20+00:00\",\"dateModified\":\"2026-05-03T01:00:15+00:00\",\"breadcrumb\":{\"@id\":\"https:\/\/kinnunen.fi\/tuote\/kiilto-pro-desichlor-desinfioiva-puhdistusaine-1000ml\/#breadcrumb\"},\"inLanguage\":\"en-GB\",\"potentialAction\":[{\"@type\":\"ReadAction\",\"target\":[\"https:\/\/kinnunen.fi\/tuote\/kiilto-pro-desichlor-desinfioiva-puhdistusaine-1000ml\/\"]}]},{\"@type\":\"ImageObject\",\"inLanguage\":\"en-GB\",\"@id\":\"https:\/\/kinnunen.fi\/tuote\/kiilto-pro-desichlor-desinfioiva-puhdistusaine-1000ml\/#primaryimage\",\"url\":\"https:\/\/kinnunen.fi\/wp-content\/uploads\/2025\/03\/Kiilto-Pro-Desichlor-1000ml-41121.jpg\",\"contentUrl\":\"https:\/\/kinnunen.fi\/wp-content\/uploads\/2025\/03\/Kiilto-Pro-Desichlor-1000ml-41121.jpg\",\"width\":1000,\"height\":1000,\"caption\":\"Kiilto Desichlor desinfioiva puhdistusaine 1000ml pullo\"},{\"@type\":\"BreadcrumbList\",\"@id\":\"https:\/\/kinnunen.fi\/tuote\/kiilto-pro-desichlor-desinfioiva-puhdistusaine-1000ml\/#breadcrumb\",\"itemListElement\":[{\"@type\":\"ListItem\",\"position\":1,\"name\":\"Etusivu\",\"item\":\"https:\/\/kinnunen.fi\/\"},{\"@type\":\"ListItem\",\"position\":2,\"name\":\"Kaikki tuotteet\",\"item\":\"https:\/\/kinnunen.fi\/kauppa\/\"},{\"@type\":\"ListItem\",\"position\":3,\"name\":\"Tarvikkeet\",\"item\":\"https:\/\/kinnunen.fi\/tuote-osasto\/tarvikkeet\/\"},{\"@type\":\"ListItem\",\"position\":4,\"name\":\"Kiilto Pro Desichlor -desinfioiva puhdistusaine, 1000ml\"}]},{\"@type\":\"WebSite\",\"@id\":\"https:\/\/kinnunen.fi\/#website\",\"url\":\"https:\/\/kinnunen.fi\/\",\"name\":\"Kinnunen\",\"description\":\"\",\"potentialAction\":[{\"@type\":\"SearchAction\",\"target\":{\"@type\":\"EntryPoint\",\"urlTemplate\":\"https:\/\/kinnunen.fi\/?s={search_term_string}\"},\"query-input\":\"required name=search_term_string\"}],\"inLanguage\":\"en-GB\"}]}<\/script>\n<!-- \/ Yoast SEO plugin. -->","yoast_head_json":{"title":"Kiilto Pro Desichlor -desinfioiva puhdistusaine, 1000ml - Kinnunen","robots":{"index":"index","follow":"follow","max-snippet":"max-snippet:-1","max-image-preview":"max-image-preview:large","max-video-preview":"max-video-preview:-1"},"canonical":"https:\/\/kinnunen.fi\/en\/product\/kiilto-pro-desichlor-desinfioiva-puhdistusaine-1000ml\/","og_locale":"en_GB","og_type":"article","og_title":"Kiilto Pro Desichlor -desinfioiva puhdistusaine, 1000ml - Kinnunen","og_description":"Kiilto Desichlor desinfioiva puhdistusaine sopii k\u00e4ytett\u00e4v\u00e4ksi niin pinnoille kuin ty\u00f6v\u00e4lineille.  &nbsp;","og_url":"https:\/\/kinnunen.fi\/en\/product\/kiilto-pro-desichlor-desinfioiva-puhdistusaine-1000ml\/","og_site_name":"Kinnunen","article_modified_time":"2026-05-03T01:00:15+00:00","og_image":[{"width":1000,"height":1000,"url":"https:\/\/kinnunen.fi\/wp-content\/uploads\/2025\/03\/Kiilto-Pro-Desichlor-1000ml-41121.jpg","type":"image\/jpeg"}],"twitter_card":"summary_large_image","twitter_misc":{"Estimated reading time":"1 minute"},"schema":{"@context":"https:\/\/schema.org","@graph":[{"@type":"WebPage","@id":"https:\/\/kinnunen.fi\/tuote\/kiilto-pro-desichlor-desinfioiva-puhdistusaine-1000ml\/","url":"https:\/\/kinnunen.fi\/tuote\/kiilto-pro-desichlor-desinfioiva-puhdistusaine-1000ml\/","name":"Kiilto Pro Desichlor -desinfioiva puhdistusaine, 1000ml - Kinnunen","isPartOf":{"@id":"https:\/\/kinnunen.fi\/#website"},"primaryImageOfPage":{"@id":"https:\/\/kinnunen.fi\/tuote\/kiilto-pro-desichlor-desinfioiva-puhdistusaine-1000ml\/#primaryimage"},"image":{"@id":"https:\/\/kinnunen.fi\/tuote\/kiilto-pro-desichlor-desinfioiva-puhdistusaine-1000ml\/#primaryimage"},"thumbnailUrl":"https:\/\/kinnunen.fi\/wp-content\/uploads\/2025\/03\/Kiilto-Pro-Desichlor-1000ml-41121.jpg","datePublished":"2025-03-20T12:25:20+00:00","dateModified":"2026-05-03T01:00:15+00:00","breadcrumb":{"@id":"https:\/\/kinnunen.fi\/tuote\/kiilto-pro-desichlor-desinfioiva-puhdistusaine-1000ml\/#breadcrumb"},"inLanguage":"en-GB","potentialAction":[{"@type":"ReadAction","target":["https:\/\/kinnunen.fi\/tuote\/kiilto-pro-desichlor-desinfioiva-puhdistusaine-1000ml\/"]}]},{"@type":"ImageObject","inLanguage":"en-GB","@id":"https:\/\/kinnunen.fi\/tuote\/kiilto-pro-desichlor-desinfioiva-puhdistusaine-1000ml\/#primaryimage","url":"https:\/\/kinnunen.fi\/wp-content\/uploads\/2025\/03\/Kiilto-Pro-Desichlor-1000ml-41121.jpg","contentUrl":"https:\/\/kinnunen.fi\/wp-content\/uploads\/2025\/03\/Kiilto-Pro-Desichlor-1000ml-41121.jpg","width":1000,"height":1000,"caption":"Kiilto Desichlor desinfioiva puhdistusaine 1000ml pullo"},{"@type":"BreadcrumbList","@id":"https:\/\/kinnunen.fi\/tuote\/kiilto-pro-desichlor-desinfioiva-puhdistusaine-1000ml\/#breadcrumb","itemListElement":[{"@type":"ListItem","position":1,"name":"Etusivu","item":"https:\/\/kinnunen.fi\/"},{"@type":"ListItem","position":2,"name":"Kaikki tuotteet","item":"https:\/\/kinnunen.fi\/kauppa\/"},{"@type":"ListItem","position":3,"name":"Tarvikkeet","item":"https:\/\/kinnunen.fi\/tuote-osasto\/tarvikkeet\/"},{"@type":"ListItem","position":4,"name":"Kiilto Pro Desichlor -desinfioiva puhdistusaine, 1000ml"}]},{"@type":"WebSite","@id":"https:\/\/kinnunen.fi\/#website","url":"https:\/\/kinnunen.fi\/","name":"Kinnunen","description":"","potentialAction":[{"@type":"SearchAction","target":{"@type":"EntryPoint","urlTemplate":"https:\/\/kinnunen.fi\/?s={search_term_string}"},"query-input":"required name=search_term_string"}],"inLanguage":"en-GB"}]}},"_links":{"self":[{"href":"https:\/\/kinnunen.fi\/en\/wp-json\/wp\/v2\/product\/43794"}],"collection":[{"href":"https:\/\/kinnunen.fi\/en\/wp-json\/wp\/v2\/product"}],"about":[{"href":"https:\/\/kinnunen.fi\/en\/wp-json\/wp\/v2\/types\/product"}],"replies":[{"embeddable":true,"href":"https:\/\/kinnunen.fi\/en\/wp-json\/wp\/v2\/comments?post=43794"}],"wp:featuredmedia":[{"embeddable":true,"href":"https:\/\/kinnunen.fi\/en\/wp-json\/wp\/v2\/media\/43795"}],"wp:attachment":[{"href":"https:\/\/kinnunen.fi\/en\/wp-json\/wp\/v2\/media?parent=43794"}],"wp:term":[{"taxonomy":"product_cat","embeddable":true,"href":"https:\/\/kinnunen.fi\/en\/wp-json\/wp\/v2\/product_cat?post=43794"},{"taxonomy":"product_tag","embeddable":true,"href":"https:\/\/kinnunen.fi\/en\/wp-json\/wp\/v2\/product_tag?post=43794"}],"curies":[{"name":"wp","href":"https:\/\/api.w.org\/{rel}","templated":true}]}}