

{"id":44047,"date":"2025-05-02T10:26:53","date_gmt":"2025-05-02T07:26:53","guid":{"rendered":"https:\/\/kinnunen.fi\/?post_type=product&#038;p=44047"},"modified":"2026-04-17T04:00:37","modified_gmt":"2026-04-17T01:00:37","slug":"hoc-b-b-bella-sun-cap","status":"publish","type":"product","link":"https:\/\/kinnunen.fi\/en\/product\/hoc-b-b-bella-sun-cap\/","title":{"rendered":"HOC B.B. Bella Sun Cap, different colours"},"content":{"rendered":"<p>The Bella Sun Cap is a sun hat that combines carefree summer style with top-level functionality. The stylish pleated front and wide brim protect your face and eyes from the sun, while the lightweight and breathable material makes the hat comfortable to wear indoors.<\/p>\n<p>UPF 50+ protection provides effective UV protection, while 37.5 technology* helps regulate body temperature and wick moisture away from the skin - keeping you feeling fresh and comfortable even in warm weather.<\/p>\n<p>Material: 69 % wool, 31 % polyester<\/p>\n<p>The perfect choice for sun lovers!<\/p>\n<p>*Christine Headwear 37.5\u00ae technology is an innovative material that helps maintain optimal body temperature and moisture balance. Natural active particles integrated into the textile fibres evaporate moisture and regulate heat as needed, making the headwear particularly breathable and comfortable to wear.<\/p>\n<p data-start=\"398\" data-end=\"586\" class=\"\">Benefits:<br data-start=\"409\" data-end=\"412\" \/>\u2714 Helps maintain the ideal temperature<br data-start=\"454\" data-end=\"457\" \/>\u2714 Effectively evaporates moisture<br data-start=\"491\" data-end=\"494\" \/>\u2714 Reduces sweating and keeps skin dry<br data-start=\"535\" data-end=\"538\" \/>\u2714 Features do not wear out with washing or use<\/p>","protected":false},"excerpt":{"rendered":"<p>Stylish and protective summer hat - with UPF 50+ protection and 37.5 technology<\/p>","protected":false},"featured_media":44050,"comment_status":"closed","ping_status":"closed","template":"","meta":{"_relevanssi_hide_post":"","_relevanssi_pin_for_all":"","_relevanssi_pin_keywords":"","_relevanssi_unpin_keywords":"","_relevanssi_related_keywords":"","_relevanssi_related_include_ids":"","_relevanssi_related_exclude_ids":"","_relevanssi_related_no_append":"","_relevanssi_related_not_related":"","_relevanssi_related_posts":"","_relevanssi_noindex_reason":""},"product_cat":[1770,1773],"product_tag":[],"class_list":["post-44047","product","type-product","status-publish","has-post-thumbnail","hentry","product_cat-peruukkituotteet","product_cat-christine-paahineet","pa_vari-dark-blue","pa_vari-dusty-brown","pa_vari-feather-beige","pa_vari-steel-grey","tuotemerkki-house-of-christine"],"tuotemerkit":[{"term_id":2078,"name":"House of Christine","slug":"house-of-christine","term_group":0,"term_taxonomy_id":2078,"taxonomy":"tuotemerkki","description":"","parent":0,"count":38,"filter":"raw"}],"acf":[],"yoast_head":"<!-- This site is optimized with the Yoast SEO plugin v23.3 - https:\/\/yoast.com\/wordpress\/plugins\/seo\/ -->\n<title>HOC B.B. Bella Sun Cap, eri v\u00e4rej\u00e4 - Kinnunen<\/title>\n<meta name=\"robots\" content=\"index, follow, max-snippet:-1, max-image-preview:large, max-video-preview:-1\" \/>\n<link rel=\"canonical\" href=\"https:\/\/kinnunen.fi\/en\/product\/hoc-b-b-bella-sun-cap\/\" \/>\n<meta property=\"og:locale\" content=\"en_GB\" \/>\n<meta property=\"og:type\" content=\"article\" \/>\n<meta property=\"og:title\" content=\"HOC B.B. Bella Sun Cap, eri v\u00e4rej\u00e4 - Kinnunen\" \/>\n<meta property=\"og:description\" content=\"Tyylik\u00e4s ja suojaava kes\u00e4n luottohattu \u2013 UPF 50+ suojalla ja 37.5 teknologialla\" \/>\n<meta property=\"og:url\" content=\"https:\/\/kinnunen.fi\/en\/product\/hoc-b-b-bella-sun-cap\/\" \/>\n<meta property=\"og:site_name\" content=\"Kinnunen\" \/>\n<meta property=\"article:modified_time\" content=\"2026-04-17T01:00:37+00:00\" \/>\n<meta property=\"og:image\" content=\"https:\/\/kinnunen.fi\/wp-content\/uploads\/2025\/05\/House-of-Christine_B-B-Bella-Cap-Sun_1328-0844.webp\" \/>\n\t<meta property=\"og:image:width\" content=\"600\" \/>\n\t<meta property=\"og:image:height\" content=\"600\" \/>\n\t<meta property=\"og:image:type\" content=\"image\/webp\" \/>\n<meta name=\"twitter:card\" content=\"summary_large_image\" \/>\n<meta name=\"twitter:label1\" content=\"Estimated reading time\" \/>\n\t<meta name=\"twitter:data1\" content=\"1 minute\" \/>\n<script type=\"application\/ld+json\" class=\"yoast-schema-graph\">{\"@context\":\"https:\/\/schema.org\",\"@graph\":[{\"@type\":\"WebPage\",\"@id\":\"https:\/\/kinnunen.fi\/tuote\/hoc-b-b-bella-sun-cap\/\",\"url\":\"https:\/\/kinnunen.fi\/tuote\/hoc-b-b-bella-sun-cap\/\",\"name\":\"HOC B.B. Bella Sun Cap, eri v\u00e4rej\u00e4 - Kinnunen\",\"isPartOf\":{\"@id\":\"https:\/\/kinnunen.fi\/#website\"},\"primaryImageOfPage\":{\"@id\":\"https:\/\/kinnunen.fi\/tuote\/hoc-b-b-bella-sun-cap\/#primaryimage\"},\"image\":{\"@id\":\"https:\/\/kinnunen.fi\/tuote\/hoc-b-b-bella-sun-cap\/#primaryimage\"},\"thumbnailUrl\":\"https:\/\/kinnunen.fi\/wp-content\/uploads\/2025\/05\/House-of-Christine_B-B-Bella-Cap-Sun_1328-0844.webp\",\"datePublished\":\"2025-05-02T07:26:53+00:00\",\"dateModified\":\"2026-04-17T01:00:37+00:00\",\"breadcrumb\":{\"@id\":\"https:\/\/kinnunen.fi\/tuote\/hoc-b-b-bella-sun-cap\/#breadcrumb\"},\"inLanguage\":\"en-GB\",\"potentialAction\":[{\"@type\":\"ReadAction\",\"target\":[\"https:\/\/kinnunen.fi\/tuote\/hoc-b-b-bella-sun-cap\/\"]}]},{\"@type\":\"ImageObject\",\"inLanguage\":\"en-GB\",\"@id\":\"https:\/\/kinnunen.fi\/tuote\/hoc-b-b-bella-sun-cap\/#primaryimage\",\"url\":\"https:\/\/kinnunen.fi\/wp-content\/uploads\/2025\/05\/House-of-Christine_B-B-Bella-Cap-Sun_1328-0844.webp\",\"contentUrl\":\"https:\/\/kinnunen.fi\/wp-content\/uploads\/2025\/05\/House-of-Christine_B-B-Bella-Cap-Sun_1328-0844.webp\",\"width\":600,\"height\":600},{\"@type\":\"BreadcrumbList\",\"@id\":\"https:\/\/kinnunen.fi\/tuote\/hoc-b-b-bella-sun-cap\/#breadcrumb\",\"itemListElement\":[{\"@type\":\"ListItem\",\"position\":1,\"name\":\"Etusivu\",\"item\":\"https:\/\/kinnunen.fi\/\"},{\"@type\":\"ListItem\",\"position\":2,\"name\":\"Kaikki tuotteet\",\"item\":\"https:\/\/kinnunen.fi\/kauppa\/\"},{\"@type\":\"ListItem\",\"position\":3,\"name\":\"Peruukkituotteet\",\"item\":\"https:\/\/kinnunen.fi\/tuote-osasto\/peruukkituotteet\/\"},{\"@type\":\"ListItem\",\"position\":4,\"name\":\"HOC B.B. Bella Sun Cap, eri v\u00e4rej\u00e4\"}]},{\"@type\":\"WebSite\",\"@id\":\"https:\/\/kinnunen.fi\/#website\",\"url\":\"https:\/\/kinnunen.fi\/\",\"name\":\"Kinnunen\",\"description\":\"\",\"potentialAction\":[{\"@type\":\"SearchAction\",\"target\":{\"@type\":\"EntryPoint\",\"urlTemplate\":\"https:\/\/kinnunen.fi\/?s={search_term_string}\"},\"query-input\":\"required name=search_term_string\"}],\"inLanguage\":\"en-GB\"}]}<\/script>\n<!-- \/ Yoast SEO plugin. -->","yoast_head_json":{"title":"HOC B.B. Bella Sun Cap, eri v\u00e4rej\u00e4 - Kinnunen","robots":{"index":"index","follow":"follow","max-snippet":"max-snippet:-1","max-image-preview":"max-image-preview:large","max-video-preview":"max-video-preview:-1"},"canonical":"https:\/\/kinnunen.fi\/en\/product\/hoc-b-b-bella-sun-cap\/","og_locale":"en_GB","og_type":"article","og_title":"HOC B.B. Bella Sun Cap, eri v\u00e4rej\u00e4 - Kinnunen","og_description":"Tyylik\u00e4s ja suojaava kes\u00e4n luottohattu \u2013 UPF 50+ suojalla ja 37.5 teknologialla","og_url":"https:\/\/kinnunen.fi\/en\/product\/hoc-b-b-bella-sun-cap\/","og_site_name":"Kinnunen","article_modified_time":"2026-04-17T01:00:37+00:00","og_image":[{"width":600,"height":600,"url":"https:\/\/kinnunen.fi\/wp-content\/uploads\/2025\/05\/House-of-Christine_B-B-Bella-Cap-Sun_1328-0844.webp","type":"image\/webp"}],"twitter_card":"summary_large_image","twitter_misc":{"Estimated reading time":"1 minute"},"schema":{"@context":"https:\/\/schema.org","@graph":[{"@type":"WebPage","@id":"https:\/\/kinnunen.fi\/tuote\/hoc-b-b-bella-sun-cap\/","url":"https:\/\/kinnunen.fi\/tuote\/hoc-b-b-bella-sun-cap\/","name":"HOC B.B. Bella Sun Cap, eri v\u00e4rej\u00e4 - Kinnunen","isPartOf":{"@id":"https:\/\/kinnunen.fi\/#website"},"primaryImageOfPage":{"@id":"https:\/\/kinnunen.fi\/tuote\/hoc-b-b-bella-sun-cap\/#primaryimage"},"image":{"@id":"https:\/\/kinnunen.fi\/tuote\/hoc-b-b-bella-sun-cap\/#primaryimage"},"thumbnailUrl":"https:\/\/kinnunen.fi\/wp-content\/uploads\/2025\/05\/House-of-Christine_B-B-Bella-Cap-Sun_1328-0844.webp","datePublished":"2025-05-02T07:26:53+00:00","dateModified":"2026-04-17T01:00:37+00:00","breadcrumb":{"@id":"https:\/\/kinnunen.fi\/tuote\/hoc-b-b-bella-sun-cap\/#breadcrumb"},"inLanguage":"en-GB","potentialAction":[{"@type":"ReadAction","target":["https:\/\/kinnunen.fi\/tuote\/hoc-b-b-bella-sun-cap\/"]}]},{"@type":"ImageObject","inLanguage":"en-GB","@id":"https:\/\/kinnunen.fi\/tuote\/hoc-b-b-bella-sun-cap\/#primaryimage","url":"https:\/\/kinnunen.fi\/wp-content\/uploads\/2025\/05\/House-of-Christine_B-B-Bella-Cap-Sun_1328-0844.webp","contentUrl":"https:\/\/kinnunen.fi\/wp-content\/uploads\/2025\/05\/House-of-Christine_B-B-Bella-Cap-Sun_1328-0844.webp","width":600,"height":600},{"@type":"BreadcrumbList","@id":"https:\/\/kinnunen.fi\/tuote\/hoc-b-b-bella-sun-cap\/#breadcrumb","itemListElement":[{"@type":"ListItem","position":1,"name":"Etusivu","item":"https:\/\/kinnunen.fi\/"},{"@type":"ListItem","position":2,"name":"Kaikki tuotteet","item":"https:\/\/kinnunen.fi\/kauppa\/"},{"@type":"ListItem","position":3,"name":"Peruukkituotteet","item":"https:\/\/kinnunen.fi\/tuote-osasto\/peruukkituotteet\/"},{"@type":"ListItem","position":4,"name":"HOC B.B. Bella Sun Cap, eri v\u00e4rej\u00e4"}]},{"@type":"WebSite","@id":"https:\/\/kinnunen.fi\/#website","url":"https:\/\/kinnunen.fi\/","name":"Kinnunen","description":"","potentialAction":[{"@type":"SearchAction","target":{"@type":"EntryPoint","urlTemplate":"https:\/\/kinnunen.fi\/?s={search_term_string}"},"query-input":"required name=search_term_string"}],"inLanguage":"en-GB"}]}},"_links":{"self":[{"href":"https:\/\/kinnunen.fi\/en\/wp-json\/wp\/v2\/product\/44047"}],"collection":[{"href":"https:\/\/kinnunen.fi\/en\/wp-json\/wp\/v2\/product"}],"about":[{"href":"https:\/\/kinnunen.fi\/en\/wp-json\/wp\/v2\/types\/product"}],"replies":[{"embeddable":true,"href":"https:\/\/kinnunen.fi\/en\/wp-json\/wp\/v2\/comments?post=44047"}],"wp:featuredmedia":[{"embeddable":true,"href":"https:\/\/kinnunen.fi\/en\/wp-json\/wp\/v2\/media\/44050"}],"wp:attachment":[{"href":"https:\/\/kinnunen.fi\/en\/wp-json\/wp\/v2\/media?parent=44047"}],"wp:term":[{"taxonomy":"product_cat","embeddable":true,"href":"https:\/\/kinnunen.fi\/en\/wp-json\/wp\/v2\/product_cat?post=44047"},{"taxonomy":"product_tag","embeddable":true,"href":"https:\/\/kinnunen.fi\/en\/wp-json\/wp\/v2\/product_tag?post=44047"}],"curies":[{"name":"wp","href":"https:\/\/api.w.org\/{rel}","templated":true}]}}