

{"id":44577,"date":"2025-06-11T08:30:49","date_gmt":"2025-06-11T05:30:49","guid":{"rendered":"https:\/\/kinnunen.fi\/?post_type=product&#038;p=44577"},"modified":"2026-05-01T04:00:27","modified_gmt":"2026-05-01T01:00:27","slug":"glowwa-hair-food","status":"publish","type":"product","link":"https:\/\/kinnunen.fi\/en\/product\/glowwa-hair-food\/","title":{"rendered":"Glowwa Hair Food\u2122"},"content":{"rendered":"<p>GLOWWA HAIR FOOD\u2122 is a vegan supplement developed by nutritionists to support hair growth and overall well-being from the inside out. The product contains natural, carefully selected ingredients such as biotin, vitamin B12, folate, zinc, L-lysine, MSM, niacin, vitamins B5, B6, C and electrolyte-rich coconut water.<\/p>\n<p data-start=\"659\" data-end=\"915\"><em data-start=\"659\" data-end=\"723\">Results of the consumer survey (over 180 days, 53 participants):<\/em><br data-start=\"724\" data-end=\"727\" \/>\u2713 96 % said hair loss had decreased<br data-start=\"768\" data-end=\"771\" \/>\u2713 96 % felt their hair felt thicker<br data-start=\"812\" data-end=\"815\" \/>\u2713 98 % said the scalp looks and feels healthier<br data-start=\"873\" data-end=\"876\" \/>\u2713 100 % would recommend the product<\/p>\n<p data-start=\"917\" data-end=\"1101\">Results can be seen in as little as 12 weeks, but the best effects are usually achieved with 6-12 months of regular use.<br data-start=\"1044\" data-end=\"1047\" \/>One pack contains 60 capsules (1 month's dose).<\/p>\n<p><a href=\"https:\/\/kinnunen.fi\/en\/glowwa\/\">Read more about GLOWWA HAIR FOOD\u2122 &gt;&gt;<\/a><\/p>\n<p><span>Glowwa is not recommended for people under 16 years of age, during pregnancy or breast-feeding, or during cancer treatment. If you are unsure whether the product is suitable for you, please check with your doctor before taking the product.<\/span><\/p>","protected":false},"excerpt":{"rendered":"<p>GLOWWA HAIR FOOD\u2122 is an award-winning vegan supplement developed by nutritionists to support hair growth and overall wellness from the inside out.<\/p>\n<p data-start=\"1618\" data-end=\"1653\">- Promotes healthy hair growth - Reduces hair loss - Improves the condition of hair, skin and nails - Supports general wellbeing and well-being -<\/p>\n<p data-start=\"1618\" data-end=\"1653\"><span data-teams=\"true\">Buy at a discounted price for 12pcs in a batch (-10% from \u00e1 price) - Price will be automatically updated in your shopping cart.<\/span><\/p>\n<p data-start=\"1618\" data-end=\"1653\"><span data-teams=\"true\">(Glowwa products are only sold through hair professionals.)<\/span><\/p>","protected":false},"featured_media":44579,"comment_status":"closed","ping_status":"closed","template":"","meta":{"_relevanssi_hide_post":"","_relevanssi_pin_for_all":"","_relevanssi_pin_keywords":"","_relevanssi_unpin_keywords":"","_relevanssi_related_keywords":"","_relevanssi_related_include_ids":"","_relevanssi_related_exclude_ids":"","_relevanssi_related_no_append":"","_relevanssi_related_not_related":"","_relevanssi_related_posts":"","_relevanssi_noindex_reason":""},"product_cat":[2355],"product_tag":[2399,2360,2359,2357,2358,2401,2400],"class_list":["post-44577","product","type-product","status-publish","has-post-thumbnail","hentry","product_cat-glowwa","product_tag-hisutenlahto","product_tag-hiusravinne","product_tag-hiustenkasvu","product_tag-lisaravinne","product_tag-lisaravinne-hiuksille","product_tag-ravintolisa","product_tag-ravintolisa-hiuksille","tuotemerkki-glowwa"],"tuotemerkit":[{"term_id":2356,"name":"Glowwa","slug":"glowwa","term_group":0,"term_taxonomy_id":2356,"taxonomy":"tuotemerkki","description":"","parent":0,"count":2,"filter":"raw"}],"acf":[],"yoast_head":"<!-- This site is optimized with the Yoast SEO plugin v23.3 - https:\/\/yoast.com\/wordpress\/plugins\/seo\/ -->\n<title>Glowwa Hair Food\u2122 - Kinnunen<\/title>\n<meta name=\"description\" content=\"GLOWWA Hair Food - hiusten hyvinvointiin kehitetty ravintolis\u00e4 tukee hiusten kasvua ja hyvinvointia sis\u00e4lt\u00e4 k\u00e4sin. Kokeile nyt!\" \/>\n<meta name=\"robots\" content=\"index, follow, max-snippet:-1, max-image-preview:large, max-video-preview:-1\" \/>\n<link rel=\"canonical\" href=\"https:\/\/kinnunen.fi\/en\/product\/glowwa-hair-food\/\" \/>\n<meta property=\"og:locale\" content=\"en_GB\" \/>\n<meta property=\"og:type\" content=\"article\" \/>\n<meta property=\"og:title\" content=\"Glowwa Hair Food\u2122 - Kinnunen\" \/>\n<meta property=\"og:description\" content=\"GLOWWA Hair Food - hiusten hyvinvointiin kehitetty ravintolis\u00e4 tukee hiusten kasvua ja hyvinvointia sis\u00e4lt\u00e4 k\u00e4sin. Kokeile nyt!\" \/>\n<meta property=\"og:url\" content=\"https:\/\/kinnunen.fi\/en\/product\/glowwa-hair-food\/\" \/>\n<meta property=\"og:site_name\" content=\"Kinnunen\" \/>\n<meta property=\"article:modified_time\" content=\"2026-05-01T01:00:27+00:00\" \/>\n<meta property=\"og:image\" content=\"https:\/\/kinnunen.fi\/wp-content\/uploads\/2025\/06\/glowwa-hair-food-60caps-gwworg.jpg\" \/>\n\t<meta property=\"og:image:width\" content=\"1200\" \/>\n\t<meta property=\"og:image:height\" content=\"1200\" \/>\n\t<meta property=\"og:image:type\" content=\"image\/jpeg\" \/>\n<meta name=\"twitter:card\" content=\"summary_large_image\" \/>\n<meta name=\"twitter:label1\" content=\"Estimated reading time\" \/>\n\t<meta name=\"twitter:data1\" content=\"1 minute\" \/>\n<script type=\"application\/ld+json\" class=\"yoast-schema-graph\">{\"@context\":\"https:\/\/schema.org\",\"@graph\":[{\"@type\":\"WebPage\",\"@id\":\"https:\/\/kinnunen.fi\/tuote\/glowwa-hair-food\/\",\"url\":\"https:\/\/kinnunen.fi\/tuote\/glowwa-hair-food\/\",\"name\":\"Glowwa Hair Food\u2122 - Kinnunen\",\"isPartOf\":{\"@id\":\"https:\/\/kinnunen.fi\/#website\"},\"primaryImageOfPage\":{\"@id\":\"https:\/\/kinnunen.fi\/tuote\/glowwa-hair-food\/#primaryimage\"},\"image\":{\"@id\":\"https:\/\/kinnunen.fi\/tuote\/glowwa-hair-food\/#primaryimage\"},\"thumbnailUrl\":\"https:\/\/kinnunen.fi\/wp-content\/uploads\/2025\/06\/glowwa-hair-food-60caps-gwworg.jpg\",\"datePublished\":\"2025-06-11T05:30:49+00:00\",\"dateModified\":\"2026-05-01T01:00:27+00:00\",\"description\":\"GLOWWA Hair Food - hiusten hyvinvointiin kehitetty ravintolis\u00e4 tukee hiusten kasvua ja hyvinvointia sis\u00e4lt\u00e4 k\u00e4sin. Kokeile nyt!\",\"breadcrumb\":{\"@id\":\"https:\/\/kinnunen.fi\/tuote\/glowwa-hair-food\/#breadcrumb\"},\"inLanguage\":\"en-GB\",\"potentialAction\":[{\"@type\":\"ReadAction\",\"target\":[\"https:\/\/kinnunen.fi\/tuote\/glowwa-hair-food\/\"]}]},{\"@type\":\"ImageObject\",\"inLanguage\":\"en-GB\",\"@id\":\"https:\/\/kinnunen.fi\/tuote\/glowwa-hair-food\/#primaryimage\",\"url\":\"https:\/\/kinnunen.fi\/wp-content\/uploads\/2025\/06\/glowwa-hair-food-60caps-gwworg.jpg\",\"contentUrl\":\"https:\/\/kinnunen.fi\/wp-content\/uploads\/2025\/06\/glowwa-hair-food-60caps-gwworg.jpg\",\"width\":1200,\"height\":1200,\"caption\":\"Tuotepakkaus Glowwa ravintolis\u00e4 hiuksille tuotteesta.\"},{\"@type\":\"BreadcrumbList\",\"@id\":\"https:\/\/kinnunen.fi\/tuote\/glowwa-hair-food\/#breadcrumb\",\"itemListElement\":[{\"@type\":\"ListItem\",\"position\":1,\"name\":\"Etusivu\",\"item\":\"https:\/\/kinnunen.fi\/\"},{\"@type\":\"ListItem\",\"position\":2,\"name\":\"Kaikki tuotteet\",\"item\":\"https:\/\/kinnunen.fi\/kauppa\/\"},{\"@type\":\"ListItem\",\"position\":3,\"name\":\"Glowwa -lis\u00e4ravinne\",\"item\":\"https:\/\/kinnunen.fi\/tuote-osasto\/glowwa\/\"},{\"@type\":\"ListItem\",\"position\":4,\"name\":\"Glowwa Hair Food\u2122\"}]},{\"@type\":\"WebSite\",\"@id\":\"https:\/\/kinnunen.fi\/#website\",\"url\":\"https:\/\/kinnunen.fi\/\",\"name\":\"Kinnunen\",\"description\":\"\",\"potentialAction\":[{\"@type\":\"SearchAction\",\"target\":{\"@type\":\"EntryPoint\",\"urlTemplate\":\"https:\/\/kinnunen.fi\/?s={search_term_string}\"},\"query-input\":\"required name=search_term_string\"}],\"inLanguage\":\"en-GB\"}]}<\/script>\n<!-- \/ Yoast SEO plugin. -->","yoast_head_json":{"title":"Glowwa Hair Food\u2122 - Kinnunen","description":"GLOWWA Hair Food - hiusten hyvinvointiin kehitetty ravintolis\u00e4 tukee hiusten kasvua ja hyvinvointia sis\u00e4lt\u00e4 k\u00e4sin. Kokeile nyt!","robots":{"index":"index","follow":"follow","max-snippet":"max-snippet:-1","max-image-preview":"max-image-preview:large","max-video-preview":"max-video-preview:-1"},"canonical":"https:\/\/kinnunen.fi\/en\/product\/glowwa-hair-food\/","og_locale":"en_GB","og_type":"article","og_title":"Glowwa Hair Food\u2122 - Kinnunen","og_description":"GLOWWA Hair Food - hiusten hyvinvointiin kehitetty ravintolis\u00e4 tukee hiusten kasvua ja hyvinvointia sis\u00e4lt\u00e4 k\u00e4sin. Kokeile nyt!","og_url":"https:\/\/kinnunen.fi\/en\/product\/glowwa-hair-food\/","og_site_name":"Kinnunen","article_modified_time":"2026-05-01T01:00:27+00:00","og_image":[{"width":1200,"height":1200,"url":"https:\/\/kinnunen.fi\/wp-content\/uploads\/2025\/06\/glowwa-hair-food-60caps-gwworg.jpg","type":"image\/jpeg"}],"twitter_card":"summary_large_image","twitter_misc":{"Estimated reading time":"1 minute"},"schema":{"@context":"https:\/\/schema.org","@graph":[{"@type":"WebPage","@id":"https:\/\/kinnunen.fi\/tuote\/glowwa-hair-food\/","url":"https:\/\/kinnunen.fi\/tuote\/glowwa-hair-food\/","name":"Glowwa Hair Food\u2122 - Kinnunen","isPartOf":{"@id":"https:\/\/kinnunen.fi\/#website"},"primaryImageOfPage":{"@id":"https:\/\/kinnunen.fi\/tuote\/glowwa-hair-food\/#primaryimage"},"image":{"@id":"https:\/\/kinnunen.fi\/tuote\/glowwa-hair-food\/#primaryimage"},"thumbnailUrl":"https:\/\/kinnunen.fi\/wp-content\/uploads\/2025\/06\/glowwa-hair-food-60caps-gwworg.jpg","datePublished":"2025-06-11T05:30:49+00:00","dateModified":"2026-05-01T01:00:27+00:00","description":"GLOWWA Hair Food - hiusten hyvinvointiin kehitetty ravintolis\u00e4 tukee hiusten kasvua ja hyvinvointia sis\u00e4lt\u00e4 k\u00e4sin. Kokeile nyt!","breadcrumb":{"@id":"https:\/\/kinnunen.fi\/tuote\/glowwa-hair-food\/#breadcrumb"},"inLanguage":"en-GB","potentialAction":[{"@type":"ReadAction","target":["https:\/\/kinnunen.fi\/tuote\/glowwa-hair-food\/"]}]},{"@type":"ImageObject","inLanguage":"en-GB","@id":"https:\/\/kinnunen.fi\/tuote\/glowwa-hair-food\/#primaryimage","url":"https:\/\/kinnunen.fi\/wp-content\/uploads\/2025\/06\/glowwa-hair-food-60caps-gwworg.jpg","contentUrl":"https:\/\/kinnunen.fi\/wp-content\/uploads\/2025\/06\/glowwa-hair-food-60caps-gwworg.jpg","width":1200,"height":1200,"caption":"Tuotepakkaus Glowwa ravintolis\u00e4 hiuksille tuotteesta."},{"@type":"BreadcrumbList","@id":"https:\/\/kinnunen.fi\/tuote\/glowwa-hair-food\/#breadcrumb","itemListElement":[{"@type":"ListItem","position":1,"name":"Etusivu","item":"https:\/\/kinnunen.fi\/"},{"@type":"ListItem","position":2,"name":"Kaikki tuotteet","item":"https:\/\/kinnunen.fi\/kauppa\/"},{"@type":"ListItem","position":3,"name":"Glowwa -lis\u00e4ravinne","item":"https:\/\/kinnunen.fi\/tuote-osasto\/glowwa\/"},{"@type":"ListItem","position":4,"name":"Glowwa Hair Food\u2122"}]},{"@type":"WebSite","@id":"https:\/\/kinnunen.fi\/#website","url":"https:\/\/kinnunen.fi\/","name":"Kinnunen","description":"","potentialAction":[{"@type":"SearchAction","target":{"@type":"EntryPoint","urlTemplate":"https:\/\/kinnunen.fi\/?s={search_term_string}"},"query-input":"required name=search_term_string"}],"inLanguage":"en-GB"}]}},"_links":{"self":[{"href":"https:\/\/kinnunen.fi\/en\/wp-json\/wp\/v2\/product\/44577"}],"collection":[{"href":"https:\/\/kinnunen.fi\/en\/wp-json\/wp\/v2\/product"}],"about":[{"href":"https:\/\/kinnunen.fi\/en\/wp-json\/wp\/v2\/types\/product"}],"replies":[{"embeddable":true,"href":"https:\/\/kinnunen.fi\/en\/wp-json\/wp\/v2\/comments?post=44577"}],"wp:featuredmedia":[{"embeddable":true,"href":"https:\/\/kinnunen.fi\/en\/wp-json\/wp\/v2\/media\/44579"}],"wp:attachment":[{"href":"https:\/\/kinnunen.fi\/en\/wp-json\/wp\/v2\/media?parent=44577"}],"wp:term":[{"taxonomy":"product_cat","embeddable":true,"href":"https:\/\/kinnunen.fi\/en\/wp-json\/wp\/v2\/product_cat?post=44577"},{"taxonomy":"product_tag","embeddable":true,"href":"https:\/\/kinnunen.fi\/en\/wp-json\/wp\/v2\/product_tag?post=44577"}],"curies":[{"name":"wp","href":"https:\/\/api.w.org\/{rel}","templated":true}]}}