

{"id":44584,"date":"2025-06-06T09:35:55","date_gmt":"2025-06-06T06:35:55","guid":{"rendered":"https:\/\/kinnunen.fi\/?post_type=product&#038;p=44584"},"modified":"2026-05-01T04:00:27","modified_gmt":"2026-05-01T01:00:27","slug":"glowwa-hair-food-meno","status":"publish","type":"product","link":"https:\/\/kinnunen.fi\/en\/product\/glowwa-hair-food-meno\/","title":{"rendered":"Glowwa Hair Food\u2122 Meno"},"content":{"rendered":"<p data-start=\"444\" data-end=\"703\">GLOWWA Hair Food\u2122 MENO is an advanced nutritional supplement for menopausal women developed by nutritionists. The vegan formula supports hair growth and wellness from the inside out - especially during hormonal changes and menopause.<\/p>\n<p data-start=\"705\" data-end=\"1100\">MENO contains a powerful combination of vitamins, phytonutrients, antioxidants and natural DHT blockers that promote scalp balance and hair vitality. Selected ingredients such as MSM, lycopene, biotin, B12, zinc, L-lysine, niacin, vitamins B5, B6, C and E, myo-inositol, thiamine and folate also contribute to overall wellness.<\/p>\n<p data-start=\"1102\" data-end=\"1449\">Based on consumer feedback, regular use has brought benefits such as:<br data-start=\"1190\" data-end=\"1193\" \/>\u2713 Improved hair condition and growth<br data-start=\"1234\" data-end=\"1237\" \/>\u2713 Reduced hair loss<br data-start=\"1265\" data-end=\"1268\" \/>\u2713 Fatigue and tiredness have eased<br data-start=\"1306\" data-end=\"1309\" \/>\u2713 Hormonal balance has been achieved<br data-start=\"1345\" data-end=\"1348\" \/>\u2713 Improved cognitive function and mood<br data-start=\"1401\" data-end=\"1404\" \/>\u2713 Improved sleep quality and energy levels<\/p>\n<p data-start=\"1451\" data-end=\"1639\">The product is designed for long-term use. Results can be observed in the first few months, but optimal effects are achieved with 6-12 months of regular use.<\/p>\n<p><a href=\"https:\/\/kinnunen.fi\/en\/glowwa\/\">Read more about GLOWWA HAIR FOOD\u2122 &gt;&gt;<\/a><\/p>\n<p><span>Glowwa is not recommended for people under 16 years of age, during pregnancy or breast-feeding, or during cancer treatment. If you are unsure whether the product is suitable for you, please check with your doctor before taking the product.<\/span><\/p>","protected":false},"excerpt":{"rendered":"<p>GLOWWA HAIR FOOD\u2122 MENO is an award-winning, vegan supplement specifically formulated to address hormonal changes, supporting hair growth and overall wellness from the inside out.<\/p>\n<p data-start=\"1618\" data-end=\"1653\">- Supports hair growth during menopause and hormonal changes - Reduces hair loss - Promotes hair, skin and nail condition - Balances the body and supports well-being -<\/p>\n<p data-start=\"1618\" data-end=\"1653\"><span data-teams=\"true\">Buy at a discounted price for 12pcs in a batch (-10% from \u00e1 price) - Price will be automatically updated in your shopping cart.<\/span><\/p>\n<p data-start=\"1618\" data-end=\"1653\"><span data-teams=\"true\">(Glowwa products are only sold through hair professionals.)<\/span><\/p>\n<p data-start=\"1618\" data-end=\"1653\">","protected":false},"featured_media":44578,"comment_status":"closed","ping_status":"closed","template":"","meta":{"_relevanssi_hide_post":"","_relevanssi_pin_for_all":"","_relevanssi_pin_keywords":"","_relevanssi_unpin_keywords":"","_relevanssi_related_keywords":"","_relevanssi_related_include_ids":"","_relevanssi_related_exclude_ids":"","_relevanssi_related_no_append":"","_relevanssi_related_not_related":"","_relevanssi_related_posts":"","_relevanssi_noindex_reason":""},"product_cat":[2355],"product_tag":[2360,2359,2402,2357,2358,2401,2400],"class_list":["post-44584","product","type-product","status-publish","has-post-thumbnail","hentry","product_cat-glowwa","product_tag-hiusravinne","product_tag-hiustenkasvu","product_tag-hiustenlahto","product_tag-lisaravinne","product_tag-lisaravinne-hiuksille","product_tag-ravintolisa","product_tag-ravintolisa-hiuksille","tuotemerkki-glowwa"],"tuotemerkit":[{"term_id":2356,"name":"Glowwa","slug":"glowwa","term_group":0,"term_taxonomy_id":2356,"taxonomy":"tuotemerkki","description":"","parent":0,"count":2,"filter":"raw"}],"acf":[],"yoast_head":"<!-- This site is optimized with the Yoast SEO plugin v23.3 - https:\/\/yoast.com\/wordpress\/plugins\/seo\/ -->\n<title>Glowwa Hair Food\u2122 Meno - Kinnunen<\/title>\n<meta name=\"description\" content=\"Glowwa Hair Food Meno on ravintolis\u00e4 erityisesti hormonaalisten muutosten vaiheeseen. Tukee hiusten kasvua ja hyvinvointia sis\u00e4lt\u00e4 k\u00e4sin. Kokeile nyt!\" \/>\n<meta name=\"robots\" content=\"index, follow, max-snippet:-1, max-image-preview:large, max-video-preview:-1\" \/>\n<link rel=\"canonical\" href=\"https:\/\/kinnunen.fi\/en\/product\/glowwa-hair-food-meno\/\" \/>\n<meta property=\"og:locale\" content=\"en_GB\" \/>\n<meta property=\"og:type\" content=\"article\" \/>\n<meta property=\"og:title\" content=\"Glowwa Hair Food\u2122 Meno - Kinnunen\" \/>\n<meta property=\"og:description\" content=\"Glowwa Hair Food Meno on ravintolis\u00e4 erityisesti hormonaalisten muutosten vaiheeseen. Tukee hiusten kasvua ja hyvinvointia sis\u00e4lt\u00e4 k\u00e4sin. Kokeile nyt!\" \/>\n<meta property=\"og:url\" content=\"https:\/\/kinnunen.fi\/en\/product\/glowwa-hair-food-meno\/\" \/>\n<meta property=\"og:site_name\" content=\"Kinnunen\" \/>\n<meta property=\"article:modified_time\" content=\"2026-05-01T01:00:27+00:00\" \/>\n<meta property=\"og:image\" content=\"https:\/\/kinnunen.fi\/wp-content\/uploads\/2025\/06\/glowwa-hair-food-60caps-gwwmeno.jpg\" \/>\n\t<meta property=\"og:image:width\" content=\"1200\" \/>\n\t<meta property=\"og:image:height\" content=\"1200\" \/>\n\t<meta property=\"og:image:type\" content=\"image\/jpeg\" \/>\n<meta name=\"twitter:card\" content=\"summary_large_image\" \/>\n<meta name=\"twitter:label1\" content=\"Estimated reading time\" \/>\n\t<meta name=\"twitter:data1\" content=\"1 minute\" \/>\n<script type=\"application\/ld+json\" class=\"yoast-schema-graph\">{\"@context\":\"https:\/\/schema.org\",\"@graph\":[{\"@type\":\"WebPage\",\"@id\":\"https:\/\/kinnunen.fi\/tuote\/glowwa-hair-food-meno\/\",\"url\":\"https:\/\/kinnunen.fi\/tuote\/glowwa-hair-food-meno\/\",\"name\":\"Glowwa Hair Food\u2122 Meno - Kinnunen\",\"isPartOf\":{\"@id\":\"https:\/\/kinnunen.fi\/#website\"},\"primaryImageOfPage\":{\"@id\":\"https:\/\/kinnunen.fi\/tuote\/glowwa-hair-food-meno\/#primaryimage\"},\"image\":{\"@id\":\"https:\/\/kinnunen.fi\/tuote\/glowwa-hair-food-meno\/#primaryimage\"},\"thumbnailUrl\":\"https:\/\/kinnunen.fi\/wp-content\/uploads\/2025\/06\/glowwa-hair-food-60caps-gwwmeno.jpg\",\"datePublished\":\"2025-06-06T06:35:55+00:00\",\"dateModified\":\"2026-05-01T01:00:27+00:00\",\"description\":\"Glowwa Hair Food Meno on ravintolis\u00e4 erityisesti hormonaalisten muutosten vaiheeseen. Tukee hiusten kasvua ja hyvinvointia sis\u00e4lt\u00e4 k\u00e4sin. Kokeile nyt!\",\"breadcrumb\":{\"@id\":\"https:\/\/kinnunen.fi\/tuote\/glowwa-hair-food-meno\/#breadcrumb\"},\"inLanguage\":\"en-GB\",\"potentialAction\":[{\"@type\":\"ReadAction\",\"target\":[\"https:\/\/kinnunen.fi\/tuote\/glowwa-hair-food-meno\/\"]}]},{\"@type\":\"ImageObject\",\"inLanguage\":\"en-GB\",\"@id\":\"https:\/\/kinnunen.fi\/tuote\/glowwa-hair-food-meno\/#primaryimage\",\"url\":\"https:\/\/kinnunen.fi\/wp-content\/uploads\/2025\/06\/glowwa-hair-food-60caps-gwwmeno.jpg\",\"contentUrl\":\"https:\/\/kinnunen.fi\/wp-content\/uploads\/2025\/06\/glowwa-hair-food-60caps-gwwmeno.jpg\",\"width\":1200,\"height\":1200},{\"@type\":\"BreadcrumbList\",\"@id\":\"https:\/\/kinnunen.fi\/tuote\/glowwa-hair-food-meno\/#breadcrumb\",\"itemListElement\":[{\"@type\":\"ListItem\",\"position\":1,\"name\":\"Etusivu\",\"item\":\"https:\/\/kinnunen.fi\/\"},{\"@type\":\"ListItem\",\"position\":2,\"name\":\"Kaikki tuotteet\",\"item\":\"https:\/\/kinnunen.fi\/kauppa\/\"},{\"@type\":\"ListItem\",\"position\":3,\"name\":\"Glowwa -lis\u00e4ravinne\",\"item\":\"https:\/\/kinnunen.fi\/tuote-osasto\/glowwa\/\"},{\"@type\":\"ListItem\",\"position\":4,\"name\":\"Glowwa Hair Food\u2122 Meno\"}]},{\"@type\":\"WebSite\",\"@id\":\"https:\/\/kinnunen.fi\/#website\",\"url\":\"https:\/\/kinnunen.fi\/\",\"name\":\"Kinnunen\",\"description\":\"\",\"potentialAction\":[{\"@type\":\"SearchAction\",\"target\":{\"@type\":\"EntryPoint\",\"urlTemplate\":\"https:\/\/kinnunen.fi\/?s={search_term_string}\"},\"query-input\":\"required name=search_term_string\"}],\"inLanguage\":\"en-GB\"}]}<\/script>\n<!-- \/ Yoast SEO plugin. -->","yoast_head_json":{"title":"Glowwa Hair Food\u2122 Meno - Kinnunen","description":"Glowwa Hair Food Meno on ravintolis\u00e4 erityisesti hormonaalisten muutosten vaiheeseen. Tukee hiusten kasvua ja hyvinvointia sis\u00e4lt\u00e4 k\u00e4sin. Kokeile nyt!","robots":{"index":"index","follow":"follow","max-snippet":"max-snippet:-1","max-image-preview":"max-image-preview:large","max-video-preview":"max-video-preview:-1"},"canonical":"https:\/\/kinnunen.fi\/en\/product\/glowwa-hair-food-meno\/","og_locale":"en_GB","og_type":"article","og_title":"Glowwa Hair Food\u2122 Meno - Kinnunen","og_description":"Glowwa Hair Food Meno on ravintolis\u00e4 erityisesti hormonaalisten muutosten vaiheeseen. Tukee hiusten kasvua ja hyvinvointia sis\u00e4lt\u00e4 k\u00e4sin. Kokeile nyt!","og_url":"https:\/\/kinnunen.fi\/en\/product\/glowwa-hair-food-meno\/","og_site_name":"Kinnunen","article_modified_time":"2026-05-01T01:00:27+00:00","og_image":[{"width":1200,"height":1200,"url":"https:\/\/kinnunen.fi\/wp-content\/uploads\/2025\/06\/glowwa-hair-food-60caps-gwwmeno.jpg","type":"image\/jpeg"}],"twitter_card":"summary_large_image","twitter_misc":{"Estimated reading time":"1 minute"},"schema":{"@context":"https:\/\/schema.org","@graph":[{"@type":"WebPage","@id":"https:\/\/kinnunen.fi\/tuote\/glowwa-hair-food-meno\/","url":"https:\/\/kinnunen.fi\/tuote\/glowwa-hair-food-meno\/","name":"Glowwa Hair Food\u2122 Meno - Kinnunen","isPartOf":{"@id":"https:\/\/kinnunen.fi\/#website"},"primaryImageOfPage":{"@id":"https:\/\/kinnunen.fi\/tuote\/glowwa-hair-food-meno\/#primaryimage"},"image":{"@id":"https:\/\/kinnunen.fi\/tuote\/glowwa-hair-food-meno\/#primaryimage"},"thumbnailUrl":"https:\/\/kinnunen.fi\/wp-content\/uploads\/2025\/06\/glowwa-hair-food-60caps-gwwmeno.jpg","datePublished":"2025-06-06T06:35:55+00:00","dateModified":"2026-05-01T01:00:27+00:00","description":"Glowwa Hair Food Meno on ravintolis\u00e4 erityisesti hormonaalisten muutosten vaiheeseen. Tukee hiusten kasvua ja hyvinvointia sis\u00e4lt\u00e4 k\u00e4sin. Kokeile nyt!","breadcrumb":{"@id":"https:\/\/kinnunen.fi\/tuote\/glowwa-hair-food-meno\/#breadcrumb"},"inLanguage":"en-GB","potentialAction":[{"@type":"ReadAction","target":["https:\/\/kinnunen.fi\/tuote\/glowwa-hair-food-meno\/"]}]},{"@type":"ImageObject","inLanguage":"en-GB","@id":"https:\/\/kinnunen.fi\/tuote\/glowwa-hair-food-meno\/#primaryimage","url":"https:\/\/kinnunen.fi\/wp-content\/uploads\/2025\/06\/glowwa-hair-food-60caps-gwwmeno.jpg","contentUrl":"https:\/\/kinnunen.fi\/wp-content\/uploads\/2025\/06\/glowwa-hair-food-60caps-gwwmeno.jpg","width":1200,"height":1200},{"@type":"BreadcrumbList","@id":"https:\/\/kinnunen.fi\/tuote\/glowwa-hair-food-meno\/#breadcrumb","itemListElement":[{"@type":"ListItem","position":1,"name":"Etusivu","item":"https:\/\/kinnunen.fi\/"},{"@type":"ListItem","position":2,"name":"Kaikki tuotteet","item":"https:\/\/kinnunen.fi\/kauppa\/"},{"@type":"ListItem","position":3,"name":"Glowwa -lis\u00e4ravinne","item":"https:\/\/kinnunen.fi\/tuote-osasto\/glowwa\/"},{"@type":"ListItem","position":4,"name":"Glowwa Hair Food\u2122 Meno"}]},{"@type":"WebSite","@id":"https:\/\/kinnunen.fi\/#website","url":"https:\/\/kinnunen.fi\/","name":"Kinnunen","description":"","potentialAction":[{"@type":"SearchAction","target":{"@type":"EntryPoint","urlTemplate":"https:\/\/kinnunen.fi\/?s={search_term_string}"},"query-input":"required name=search_term_string"}],"inLanguage":"en-GB"}]}},"_links":{"self":[{"href":"https:\/\/kinnunen.fi\/en\/wp-json\/wp\/v2\/product\/44584"}],"collection":[{"href":"https:\/\/kinnunen.fi\/en\/wp-json\/wp\/v2\/product"}],"about":[{"href":"https:\/\/kinnunen.fi\/en\/wp-json\/wp\/v2\/types\/product"}],"replies":[{"embeddable":true,"href":"https:\/\/kinnunen.fi\/en\/wp-json\/wp\/v2\/comments?post=44584"}],"wp:featuredmedia":[{"embeddable":true,"href":"https:\/\/kinnunen.fi\/en\/wp-json\/wp\/v2\/media\/44578"}],"wp:attachment":[{"href":"https:\/\/kinnunen.fi\/en\/wp-json\/wp\/v2\/media?parent=44584"}],"wp:term":[{"taxonomy":"product_cat","embeddable":true,"href":"https:\/\/kinnunen.fi\/en\/wp-json\/wp\/v2\/product_cat?post=44584"},{"taxonomy":"product_tag","embeddable":true,"href":"https:\/\/kinnunen.fi\/en\/wp-json\/wp\/v2\/product_tag?post=44584"}],"curies":[{"name":"wp","href":"https:\/\/api.w.org\/{rel}","templated":true}]}}