

{"id":44844,"date":"2025-07-03T09:22:36","date_gmt":"2025-07-03T06:22:36","guid":{"rendered":"https:\/\/kinnunen.fi\/?post_type=product&#038;p=44844"},"modified":"2026-04-18T04:00:29","modified_gmt":"2026-04-18T01:00:29","slug":"nl-lash-extension-c-curl-0-07-mix-7-15mm","status":"publish","type":"product","link":"https:\/\/kinnunen.fi\/en\/product\/nl-lash-extension-c-curl-0-07-mix-7-15mm\/","title":{"rendered":"NL Lash Extension, C-curl, 0.07, mix 7-15mm"},"content":{"rendered":"<p>Nouveau Lashes Mascara - For high quality and natural eyelash extensions.<br \/>\nNouveau Lashes are made of high quality synthetic PBT fibre for excellent comfort and durability. The fibres are deep black, matte, lightweight and particularly soft.<\/p>\n<p>- Deep black shade brings an intense look<br \/>\n- Very good curvature retention<br \/>\n- Lightweight and silky soft material<br \/>\n- Vegan &amp; latex-free<\/p>\n<p>The redesigned cardboard packaging is lightweight, thin and fully recyclable - no plastic or magnets. Each lash strip is clearly labelled according to curvature, thickness and length, making it easier and faster to work with. Thanks to the backing foil, the strips come off easily and stay intact.<\/p>\n<p>- 20 rows of lashes per pack (former 16 rows)<br \/>\n- Approx. 265 lashes in one row - total 5300 lashes \/ packet<br \/>\n- Foil base for easy use and to prevent tearing<\/p>\n<p>Nouveau Lashes - when you want the best quality, durability and responsibility in eyelash extensions.<\/p>","protected":false},"excerpt":{"rendered":"<p>Nouveau Lashes are made of high quality PBT fibre. Extremely light, soft, matte and deep black lashes retain their curvature brilliantly. The redesigned, recyclable packaging contains 20 rows of lashes - 5,300 lashes per pack.<\/p>\n<p>C curvature, thickness 0.07, mix package (7-15mm)<\/p>","protected":false},"featured_media":44840,"comment_status":"closed","ping_status":"closed","template":"","meta":{"_relevanssi_hide_post":"","_relevanssi_pin_for_all":"","_relevanssi_pin_keywords":"","_relevanssi_unpin_keywords":"","_relevanssi_related_keywords":"","_relevanssi_related_include_ids":"","_relevanssi_related_exclude_ids":"","_relevanssi_related_no_append":"","_relevanssi_related_not_related":"","_relevanssi_related_posts":"","_relevanssi_noindex_reason":""},"product_cat":[2283,1852,1860],"product_tag":[2365,2364,2367,2366],"class_list":["post-44844","product","type-product","status-publish","has-post-thumbnail","hentry","product_cat-kauneudenhoito","product_cat-ripset-ja-kulmat","product_cat-nouveau-lashes-ripsikuidut","product_tag-ripsikuidut","product_tag-ripsipidennys","product_tag-volyymi","product_tag-volyymiripset","tuotemerkki-nouveau-lashes"],"tuotemerkit":[{"term_id":323,"name":"Nouveau Lashes","slug":"nouveau-lashes","term_group":0,"term_taxonomy_id":323,"taxonomy":"tuotemerkki","description":"","parent":0,"count":71,"filter":"raw"}],"acf":[],"yoast_head":"<!-- This site is optimized with the Yoast SEO plugin v23.3 - https:\/\/yoast.com\/wordpress\/plugins\/seo\/ -->\n<title>Nouveau Lashes Ripsikuidut \u2013 Laadukkaat Ripset Ammattik\u00e4ytt\u00f6\u00f6n<\/title>\n<meta name=\"description\" content=\"Nouveau Lashes -ripsikuidut ammattilaisille. Laadukkailla, PBT-kuidusta valmistetuilla ripsikuiduilla teet pehme\u00e4t, kauniin mustat ja kest\u00e4v\u00e4t ripset.\" \/>\n<meta name=\"robots\" content=\"index, follow, max-snippet:-1, max-image-preview:large, max-video-preview:-1\" \/>\n<link rel=\"canonical\" href=\"https:\/\/kinnunen.fi\/en\/product\/nl-lash-extension-c-curl-0-07-mix-7-15mm\/\" \/>\n<meta property=\"og:locale\" content=\"en_GB\" \/>\n<meta property=\"og:type\" content=\"article\" \/>\n<meta property=\"og:title\" content=\"Nouveau Lashes Ripsikuidut \u2013 Laadukkaat Ripset Ammattik\u00e4ytt\u00f6\u00f6n\" \/>\n<meta property=\"og:description\" content=\"Nouveau Lashes -ripsikuidut ammattilaisille. Laadukkailla, PBT-kuidusta valmistetuilla ripsikuiduilla teet pehme\u00e4t, kauniin mustat ja kest\u00e4v\u00e4t ripset.\" \/>\n<meta property=\"og:url\" content=\"https:\/\/kinnunen.fi\/en\/product\/nl-lash-extension-c-curl-0-07-mix-7-15mm\/\" \/>\n<meta property=\"og:site_name\" content=\"Kinnunen\" \/>\n<meta property=\"article:modified_time\" content=\"2026-04-18T01:00:29+00:00\" \/>\n<meta property=\"og:image\" content=\"https:\/\/kinnunen.fi\/wp-content\/uploads\/2025\/07\/nouveau-lashes-ripsikuidut-uusi-pakkaus.jpg\" \/>\n\t<meta property=\"og:image:width\" content=\"312\" \/>\n\t<meta property=\"og:image:height\" content=\"312\" \/>\n\t<meta property=\"og:image:type\" content=\"image\/jpeg\" \/>\n<meta name=\"twitter:card\" content=\"summary_large_image\" \/>\n<meta name=\"twitter:label1\" content=\"Estimated reading time\" \/>\n\t<meta name=\"twitter:data1\" content=\"1 minute\" \/>\n<script type=\"application\/ld+json\" class=\"yoast-schema-graph\">{\"@context\":\"https:\/\/schema.org\",\"@graph\":[{\"@type\":\"WebPage\",\"@id\":\"https:\/\/kinnunen.fi\/tuote\/nl-lash-extension-c-curl-0-07-mix-7-15mm\/\",\"url\":\"https:\/\/kinnunen.fi\/tuote\/nl-lash-extension-c-curl-0-07-mix-7-15mm\/\",\"name\":\"Nouveau Lashes Ripsikuidut \u2013 Laadukkaat Ripset Ammattik\u00e4ytt\u00f6\u00f6n\",\"isPartOf\":{\"@id\":\"https:\/\/kinnunen.fi\/#website\"},\"primaryImageOfPage\":{\"@id\":\"https:\/\/kinnunen.fi\/tuote\/nl-lash-extension-c-curl-0-07-mix-7-15mm\/#primaryimage\"},\"image\":{\"@id\":\"https:\/\/kinnunen.fi\/tuote\/nl-lash-extension-c-curl-0-07-mix-7-15mm\/#primaryimage\"},\"thumbnailUrl\":\"https:\/\/kinnunen.fi\/wp-content\/uploads\/2025\/07\/nouveau-lashes-ripsikuidut-uusi-pakkaus.jpg\",\"datePublished\":\"2025-07-03T06:22:36+00:00\",\"dateModified\":\"2026-04-18T01:00:29+00:00\",\"description\":\"Nouveau Lashes -ripsikuidut ammattilaisille. Laadukkailla, PBT-kuidusta valmistetuilla ripsikuiduilla teet pehme\u00e4t, kauniin mustat ja kest\u00e4v\u00e4t ripset.\",\"breadcrumb\":{\"@id\":\"https:\/\/kinnunen.fi\/tuote\/nl-lash-extension-c-curl-0-07-mix-7-15mm\/#breadcrumb\"},\"inLanguage\":\"en-GB\",\"potentialAction\":[{\"@type\":\"ReadAction\",\"target\":[\"https:\/\/kinnunen.fi\/tuote\/nl-lash-extension-c-curl-0-07-mix-7-15mm\/\"]}]},{\"@type\":\"ImageObject\",\"inLanguage\":\"en-GB\",\"@id\":\"https:\/\/kinnunen.fi\/tuote\/nl-lash-extension-c-curl-0-07-mix-7-15mm\/#primaryimage\",\"url\":\"https:\/\/kinnunen.fi\/wp-content\/uploads\/2025\/07\/nouveau-lashes-ripsikuidut-uusi-pakkaus.jpg\",\"contentUrl\":\"https:\/\/kinnunen.fi\/wp-content\/uploads\/2025\/07\/nouveau-lashes-ripsikuidut-uusi-pakkaus.jpg\",\"width\":312,\"height\":312},{\"@type\":\"BreadcrumbList\",\"@id\":\"https:\/\/kinnunen.fi\/tuote\/nl-lash-extension-c-curl-0-07-mix-7-15mm\/#breadcrumb\",\"itemListElement\":[{\"@type\":\"ListItem\",\"position\":1,\"name\":\"Etusivu\",\"item\":\"https:\/\/kinnunen.fi\/\"},{\"@type\":\"ListItem\",\"position\":2,\"name\":\"Kaikki tuotteet\",\"item\":\"https:\/\/kinnunen.fi\/kauppa\/\"},{\"@type\":\"ListItem\",\"position\":3,\"name\":\"Kauneudenhoito\",\"item\":\"https:\/\/kinnunen.fi\/tuote-osasto\/kauneudenhoito\/\"},{\"@type\":\"ListItem\",\"position\":4,\"name\":\"NL Lash Extension, C-curl, 0.07, mix 7-15mm\"}]},{\"@type\":\"WebSite\",\"@id\":\"https:\/\/kinnunen.fi\/#website\",\"url\":\"https:\/\/kinnunen.fi\/\",\"name\":\"Kinnunen\",\"description\":\"\",\"potentialAction\":[{\"@type\":\"SearchAction\",\"target\":{\"@type\":\"EntryPoint\",\"urlTemplate\":\"https:\/\/kinnunen.fi\/?s={search_term_string}\"},\"query-input\":\"required name=search_term_string\"}],\"inLanguage\":\"en-GB\"}]}<\/script>\n<!-- \/ Yoast SEO plugin. -->","yoast_head_json":{"title":"Nouveau Lashes Ripsikuidut \u2013 Laadukkaat Ripset Ammattik\u00e4ytt\u00f6\u00f6n","description":"Nouveau Lashes -ripsikuidut ammattilaisille. Laadukkailla, PBT-kuidusta valmistetuilla ripsikuiduilla teet pehme\u00e4t, kauniin mustat ja kest\u00e4v\u00e4t ripset.","robots":{"index":"index","follow":"follow","max-snippet":"max-snippet:-1","max-image-preview":"max-image-preview:large","max-video-preview":"max-video-preview:-1"},"canonical":"https:\/\/kinnunen.fi\/en\/product\/nl-lash-extension-c-curl-0-07-mix-7-15mm\/","og_locale":"en_GB","og_type":"article","og_title":"Nouveau Lashes Ripsikuidut \u2013 Laadukkaat Ripset Ammattik\u00e4ytt\u00f6\u00f6n","og_description":"Nouveau Lashes -ripsikuidut ammattilaisille. Laadukkailla, PBT-kuidusta valmistetuilla ripsikuiduilla teet pehme\u00e4t, kauniin mustat ja kest\u00e4v\u00e4t ripset.","og_url":"https:\/\/kinnunen.fi\/en\/product\/nl-lash-extension-c-curl-0-07-mix-7-15mm\/","og_site_name":"Kinnunen","article_modified_time":"2026-04-18T01:00:29+00:00","og_image":[{"width":312,"height":312,"url":"https:\/\/kinnunen.fi\/wp-content\/uploads\/2025\/07\/nouveau-lashes-ripsikuidut-uusi-pakkaus.jpg","type":"image\/jpeg"}],"twitter_card":"summary_large_image","twitter_misc":{"Estimated reading time":"1 minute"},"schema":{"@context":"https:\/\/schema.org","@graph":[{"@type":"WebPage","@id":"https:\/\/kinnunen.fi\/tuote\/nl-lash-extension-c-curl-0-07-mix-7-15mm\/","url":"https:\/\/kinnunen.fi\/tuote\/nl-lash-extension-c-curl-0-07-mix-7-15mm\/","name":"Nouveau Lashes Ripsikuidut \u2013 Laadukkaat Ripset Ammattik\u00e4ytt\u00f6\u00f6n","isPartOf":{"@id":"https:\/\/kinnunen.fi\/#website"},"primaryImageOfPage":{"@id":"https:\/\/kinnunen.fi\/tuote\/nl-lash-extension-c-curl-0-07-mix-7-15mm\/#primaryimage"},"image":{"@id":"https:\/\/kinnunen.fi\/tuote\/nl-lash-extension-c-curl-0-07-mix-7-15mm\/#primaryimage"},"thumbnailUrl":"https:\/\/kinnunen.fi\/wp-content\/uploads\/2025\/07\/nouveau-lashes-ripsikuidut-uusi-pakkaus.jpg","datePublished":"2025-07-03T06:22:36+00:00","dateModified":"2026-04-18T01:00:29+00:00","description":"Nouveau Lashes -ripsikuidut ammattilaisille. Laadukkailla, PBT-kuidusta valmistetuilla ripsikuiduilla teet pehme\u00e4t, kauniin mustat ja kest\u00e4v\u00e4t ripset.","breadcrumb":{"@id":"https:\/\/kinnunen.fi\/tuote\/nl-lash-extension-c-curl-0-07-mix-7-15mm\/#breadcrumb"},"inLanguage":"en-GB","potentialAction":[{"@type":"ReadAction","target":["https:\/\/kinnunen.fi\/tuote\/nl-lash-extension-c-curl-0-07-mix-7-15mm\/"]}]},{"@type":"ImageObject","inLanguage":"en-GB","@id":"https:\/\/kinnunen.fi\/tuote\/nl-lash-extension-c-curl-0-07-mix-7-15mm\/#primaryimage","url":"https:\/\/kinnunen.fi\/wp-content\/uploads\/2025\/07\/nouveau-lashes-ripsikuidut-uusi-pakkaus.jpg","contentUrl":"https:\/\/kinnunen.fi\/wp-content\/uploads\/2025\/07\/nouveau-lashes-ripsikuidut-uusi-pakkaus.jpg","width":312,"height":312},{"@type":"BreadcrumbList","@id":"https:\/\/kinnunen.fi\/tuote\/nl-lash-extension-c-curl-0-07-mix-7-15mm\/#breadcrumb","itemListElement":[{"@type":"ListItem","position":1,"name":"Etusivu","item":"https:\/\/kinnunen.fi\/"},{"@type":"ListItem","position":2,"name":"Kaikki tuotteet","item":"https:\/\/kinnunen.fi\/kauppa\/"},{"@type":"ListItem","position":3,"name":"Kauneudenhoito","item":"https:\/\/kinnunen.fi\/tuote-osasto\/kauneudenhoito\/"},{"@type":"ListItem","position":4,"name":"NL Lash Extension, C-curl, 0.07, mix 7-15mm"}]},{"@type":"WebSite","@id":"https:\/\/kinnunen.fi\/#website","url":"https:\/\/kinnunen.fi\/","name":"Kinnunen","description":"","potentialAction":[{"@type":"SearchAction","target":{"@type":"EntryPoint","urlTemplate":"https:\/\/kinnunen.fi\/?s={search_term_string}"},"query-input":"required name=search_term_string"}],"inLanguage":"en-GB"}]}},"_links":{"self":[{"href":"https:\/\/kinnunen.fi\/en\/wp-json\/wp\/v2\/product\/44844"}],"collection":[{"href":"https:\/\/kinnunen.fi\/en\/wp-json\/wp\/v2\/product"}],"about":[{"href":"https:\/\/kinnunen.fi\/en\/wp-json\/wp\/v2\/types\/product"}],"replies":[{"embeddable":true,"href":"https:\/\/kinnunen.fi\/en\/wp-json\/wp\/v2\/comments?post=44844"}],"wp:featuredmedia":[{"embeddable":true,"href":"https:\/\/kinnunen.fi\/en\/wp-json\/wp\/v2\/media\/44840"}],"wp:attachment":[{"href":"https:\/\/kinnunen.fi\/en\/wp-json\/wp\/v2\/media?parent=44844"}],"wp:term":[{"taxonomy":"product_cat","embeddable":true,"href":"https:\/\/kinnunen.fi\/en\/wp-json\/wp\/v2\/product_cat?post=44844"},{"taxonomy":"product_tag","embeddable":true,"href":"https:\/\/kinnunen.fi\/en\/wp-json\/wp\/v2\/product_tag?post=44844"}],"curies":[{"name":"wp","href":"https:\/\/api.w.org\/{rel}","templated":true}]}}