

{"id":45265,"date":"2025-08-27T14:39:48","date_gmt":"2025-08-27T11:39:48","guid":{"rendered":"https:\/\/kinnunen.fi\/?post_type=product&#038;p=45265"},"modified":"2026-04-12T04:00:09","modified_gmt":"2026-04-12T01:00:09","slug":"care-radiant-gloss-hair-gloss-hoitoaine-kiillottomille-hiuksille-200ml","status":"publish","type":"product","link":"https:\/\/kinnunen.fi\/en\/product\/care-radiant-gloss-hair-gloss-hoitoaine-kiillottomille-hiuksille-200ml\/","title":{"rendered":"Care Radiant Gloss Hair Gloss Conditioner for unpolished hair, 200ml"},"content":{"rendered":"<p>Enhance hair shine with Radiant Gloss Illuminating Hair Gloss Conditioner, an innovative formula designed to smooth, moisturise and add shine. Light-reflecting ingredients make hair mirror-like glowing, boost hydration and leave hair silky soft.<\/p>\n<p>- Packed with essential fatty acids and antioxidants, the microalgae oil nourishes hair fibre, smoothes hair strands and improves light reflection. It helps tame frizz and frizz while providing weightless moisture and a smooth, finished finish.<\/p>\n<p>- Known for its moisturising and revitalising properties, orchid extract helps to boost hydration, improve softness and enhance natural shine. It breathes new life into lifeless hair, leaving it silky shiny and mega-radiant.<\/p>","protected":false},"excerpt":{"rendered":"<p>Radiant Gloss Conditioner transforms lifeless and tired hair into silky, light-reflecting hair. It deeply moisturizes, smooths strands and enhances shine for a glass hair effect without flattening hair.<\/p>","protected":false},"featured_media":45469,"comment_status":"open","ping_status":"closed","template":"","meta":{"_relevanssi_hide_post":"","_relevanssi_pin_for_all":"","_relevanssi_pin_keywords":"","_relevanssi_unpin_keywords":"","_relevanssi_related_keywords":"","_relevanssi_related_include_ids":"","_relevanssi_related_exclude_ids":"","_relevanssi_related_no_append":"","_relevanssi_related_not_related":"","_relevanssi_related_posts":"","_relevanssi_noindex_reason":""},"product_cat":[1727,1734,1735],"product_tag":[],"class_list":["post-45265","product","type-product","status-publish","has-post-thumbnail","hentry","product_cat-hiuskosmetiikka","product_cat-hoitoaineet-ja-hiusmaamiot","product_cat-keune-care-hoitoaineet-ja-hiusmaamiot","tuotemerkki-keune-care","tuotemerkki-keune-haircosmetics"],"tuotemerkit":[{"term_id":26,"name":"Keune Care","slug":"keune-care","term_group":0,"term_taxonomy_id":26,"taxonomy":"tuotemerkki","description":"","parent":25,"count":137,"filter":"raw"},{"term_id":25,"name":"Keune Haircosmetics","slug":"keune-haircosmetics","term_group":0,"term_taxonomy_id":25,"taxonomy":"tuotemerkki","description":"","parent":0,"count":277,"filter":"raw"}],"acf":[],"yoast_head":"<!-- This site is optimized with the Yoast SEO plugin v23.3 - https:\/\/yoast.com\/wordpress\/plugins\/seo\/ -->\n<title>Care Radiant Gloss Hair Gloss -hoitoaine kiillottomille hiuksille, 200ml - Kinnunen<\/title>\n<meta name=\"robots\" content=\"index, follow, max-snippet:-1, max-image-preview:large, max-video-preview:-1\" \/>\n<link rel=\"canonical\" href=\"https:\/\/kinnunen.fi\/en\/product\/care-radiant-gloss-hair-gloss-hoitoaine-kiillottomille-hiuksille-200ml\/\" \/>\n<meta property=\"og:locale\" content=\"en_GB\" \/>\n<meta property=\"og:type\" content=\"article\" \/>\n<meta property=\"og:title\" content=\"Care Radiant Gloss Hair Gloss -hoitoaine kiillottomille hiuksille, 200ml - Kinnunen\" \/>\n<meta property=\"og:description\" content=\"Radiant Gloss hoitoaine muuttaa elottomat ja v\u00e4syneet hiukset silkkisiksi ja valoa heijastaviksi. Se kosteuttaa syv\u00e4lt\u00e4, silottaa hiussuomuja ja vahvistaa kiiltoa lasihiusefektin aikaansaamiksesi latistamatta hiuksia.\" \/>\n<meta property=\"og:url\" content=\"https:\/\/kinnunen.fi\/en\/product\/care-radiant-gloss-hair-gloss-hoitoaine-kiillottomille-hiuksille-200ml\/\" \/>\n<meta property=\"og:site_name\" content=\"Kinnunen\" \/>\n<meta property=\"article:modified_time\" content=\"2026-04-12T01:00:09+00:00\" \/>\n<meta property=\"og:image\" content=\"https:\/\/kinnunen.fi\/wp-content\/uploads\/2025\/09\/21510-Keune-Care-Radiant-Gloss-Hair-Gloss-200ml.jpeg\" \/>\n\t<meta property=\"og:image:width\" content=\"2000\" \/>\n\t<meta property=\"og:image:height\" content=\"2000\" \/>\n\t<meta property=\"og:image:type\" content=\"image\/jpeg\" \/>\n<meta name=\"twitter:card\" content=\"summary_large_image\" \/>\n<meta name=\"twitter:label1\" content=\"Estimated reading time\" \/>\n\t<meta name=\"twitter:data1\" content=\"1 minute\" \/>\n<script type=\"application\/ld+json\" class=\"yoast-schema-graph\">{\"@context\":\"https:\/\/schema.org\",\"@graph\":[{\"@type\":\"WebPage\",\"@id\":\"https:\/\/kinnunen.fi\/tuote\/care-radiant-gloss-hair-gloss-hoitoaine-kiillottomille-hiuksille-200ml\/\",\"url\":\"https:\/\/kinnunen.fi\/tuote\/care-radiant-gloss-hair-gloss-hoitoaine-kiillottomille-hiuksille-200ml\/\",\"name\":\"Care Radiant Gloss Hair Gloss -hoitoaine kiillottomille hiuksille, 200ml - Kinnunen\",\"isPartOf\":{\"@id\":\"https:\/\/kinnunen.fi\/#website\"},\"primaryImageOfPage\":{\"@id\":\"https:\/\/kinnunen.fi\/tuote\/care-radiant-gloss-hair-gloss-hoitoaine-kiillottomille-hiuksille-200ml\/#primaryimage\"},\"image\":{\"@id\":\"https:\/\/kinnunen.fi\/tuote\/care-radiant-gloss-hair-gloss-hoitoaine-kiillottomille-hiuksille-200ml\/#primaryimage\"},\"thumbnailUrl\":\"https:\/\/kinnunen.fi\/wp-content\/uploads\/2025\/09\/21510-Keune-Care-Radiant-Gloss-Hair-Gloss-200ml.jpeg\",\"datePublished\":\"2025-08-27T11:39:48+00:00\",\"dateModified\":\"2026-04-12T01:00:09+00:00\",\"breadcrumb\":{\"@id\":\"https:\/\/kinnunen.fi\/tuote\/care-radiant-gloss-hair-gloss-hoitoaine-kiillottomille-hiuksille-200ml\/#breadcrumb\"},\"inLanguage\":\"en-GB\",\"potentialAction\":[{\"@type\":\"ReadAction\",\"target\":[\"https:\/\/kinnunen.fi\/tuote\/care-radiant-gloss-hair-gloss-hoitoaine-kiillottomille-hiuksille-200ml\/\"]}]},{\"@type\":\"ImageObject\",\"inLanguage\":\"en-GB\",\"@id\":\"https:\/\/kinnunen.fi\/tuote\/care-radiant-gloss-hair-gloss-hoitoaine-kiillottomille-hiuksille-200ml\/#primaryimage\",\"url\":\"https:\/\/kinnunen.fi\/wp-content\/uploads\/2025\/09\/21510-Keune-Care-Radiant-Gloss-Hair-Gloss-200ml.jpeg\",\"contentUrl\":\"https:\/\/kinnunen.fi\/wp-content\/uploads\/2025\/09\/21510-Keune-Care-Radiant-Gloss-Hair-Gloss-200ml.jpeg\",\"width\":2000,\"height\":2000},{\"@type\":\"BreadcrumbList\",\"@id\":\"https:\/\/kinnunen.fi\/tuote\/care-radiant-gloss-hair-gloss-hoitoaine-kiillottomille-hiuksille-200ml\/#breadcrumb\",\"itemListElement\":[{\"@type\":\"ListItem\",\"position\":1,\"name\":\"Etusivu\",\"item\":\"https:\/\/kinnunen.fi\/\"},{\"@type\":\"ListItem\",\"position\":2,\"name\":\"Kaikki tuotteet\",\"item\":\"https:\/\/kinnunen.fi\/kauppa\/\"},{\"@type\":\"ListItem\",\"position\":3,\"name\":\"Hiuskosmetiikka\",\"item\":\"https:\/\/kinnunen.fi\/tuote-osasto\/hiuskosmetiikka\/\"},{\"@type\":\"ListItem\",\"position\":4,\"name\":\"Care Radiant Gloss Hair Gloss -hoitoaine kiillottomille hiuksille, 200ml\"}]},{\"@type\":\"WebSite\",\"@id\":\"https:\/\/kinnunen.fi\/#website\",\"url\":\"https:\/\/kinnunen.fi\/\",\"name\":\"Kinnunen\",\"description\":\"\",\"potentialAction\":[{\"@type\":\"SearchAction\",\"target\":{\"@type\":\"EntryPoint\",\"urlTemplate\":\"https:\/\/kinnunen.fi\/?s={search_term_string}\"},\"query-input\":\"required name=search_term_string\"}],\"inLanguage\":\"en-GB\"}]}<\/script>\n<!-- \/ Yoast SEO plugin. -->","yoast_head_json":{"title":"Care Radiant Gloss Hair Gloss -hoitoaine kiillottomille hiuksille, 200ml - Kinnunen","robots":{"index":"index","follow":"follow","max-snippet":"max-snippet:-1","max-image-preview":"max-image-preview:large","max-video-preview":"max-video-preview:-1"},"canonical":"https:\/\/kinnunen.fi\/en\/product\/care-radiant-gloss-hair-gloss-hoitoaine-kiillottomille-hiuksille-200ml\/","og_locale":"en_GB","og_type":"article","og_title":"Care Radiant Gloss Hair Gloss -hoitoaine kiillottomille hiuksille, 200ml - Kinnunen","og_description":"Radiant Gloss hoitoaine muuttaa elottomat ja v\u00e4syneet hiukset silkkisiksi ja valoa heijastaviksi. Se kosteuttaa syv\u00e4lt\u00e4, silottaa hiussuomuja ja vahvistaa kiiltoa lasihiusefektin aikaansaamiksesi latistamatta hiuksia.","og_url":"https:\/\/kinnunen.fi\/en\/product\/care-radiant-gloss-hair-gloss-hoitoaine-kiillottomille-hiuksille-200ml\/","og_site_name":"Kinnunen","article_modified_time":"2026-04-12T01:00:09+00:00","og_image":[{"width":2000,"height":2000,"url":"https:\/\/kinnunen.fi\/wp-content\/uploads\/2025\/09\/21510-Keune-Care-Radiant-Gloss-Hair-Gloss-200ml.jpeg","type":"image\/jpeg"}],"twitter_card":"summary_large_image","twitter_misc":{"Estimated reading time":"1 minute"},"schema":{"@context":"https:\/\/schema.org","@graph":[{"@type":"WebPage","@id":"https:\/\/kinnunen.fi\/tuote\/care-radiant-gloss-hair-gloss-hoitoaine-kiillottomille-hiuksille-200ml\/","url":"https:\/\/kinnunen.fi\/tuote\/care-radiant-gloss-hair-gloss-hoitoaine-kiillottomille-hiuksille-200ml\/","name":"Care Radiant Gloss Hair Gloss -hoitoaine kiillottomille hiuksille, 200ml - Kinnunen","isPartOf":{"@id":"https:\/\/kinnunen.fi\/#website"},"primaryImageOfPage":{"@id":"https:\/\/kinnunen.fi\/tuote\/care-radiant-gloss-hair-gloss-hoitoaine-kiillottomille-hiuksille-200ml\/#primaryimage"},"image":{"@id":"https:\/\/kinnunen.fi\/tuote\/care-radiant-gloss-hair-gloss-hoitoaine-kiillottomille-hiuksille-200ml\/#primaryimage"},"thumbnailUrl":"https:\/\/kinnunen.fi\/wp-content\/uploads\/2025\/09\/21510-Keune-Care-Radiant-Gloss-Hair-Gloss-200ml.jpeg","datePublished":"2025-08-27T11:39:48+00:00","dateModified":"2026-04-12T01:00:09+00:00","breadcrumb":{"@id":"https:\/\/kinnunen.fi\/tuote\/care-radiant-gloss-hair-gloss-hoitoaine-kiillottomille-hiuksille-200ml\/#breadcrumb"},"inLanguage":"en-GB","potentialAction":[{"@type":"ReadAction","target":["https:\/\/kinnunen.fi\/tuote\/care-radiant-gloss-hair-gloss-hoitoaine-kiillottomille-hiuksille-200ml\/"]}]},{"@type":"ImageObject","inLanguage":"en-GB","@id":"https:\/\/kinnunen.fi\/tuote\/care-radiant-gloss-hair-gloss-hoitoaine-kiillottomille-hiuksille-200ml\/#primaryimage","url":"https:\/\/kinnunen.fi\/wp-content\/uploads\/2025\/09\/21510-Keune-Care-Radiant-Gloss-Hair-Gloss-200ml.jpeg","contentUrl":"https:\/\/kinnunen.fi\/wp-content\/uploads\/2025\/09\/21510-Keune-Care-Radiant-Gloss-Hair-Gloss-200ml.jpeg","width":2000,"height":2000},{"@type":"BreadcrumbList","@id":"https:\/\/kinnunen.fi\/tuote\/care-radiant-gloss-hair-gloss-hoitoaine-kiillottomille-hiuksille-200ml\/#breadcrumb","itemListElement":[{"@type":"ListItem","position":1,"name":"Etusivu","item":"https:\/\/kinnunen.fi\/"},{"@type":"ListItem","position":2,"name":"Kaikki tuotteet","item":"https:\/\/kinnunen.fi\/kauppa\/"},{"@type":"ListItem","position":3,"name":"Hiuskosmetiikka","item":"https:\/\/kinnunen.fi\/tuote-osasto\/hiuskosmetiikka\/"},{"@type":"ListItem","position":4,"name":"Care Radiant Gloss Hair Gloss -hoitoaine kiillottomille hiuksille, 200ml"}]},{"@type":"WebSite","@id":"https:\/\/kinnunen.fi\/#website","url":"https:\/\/kinnunen.fi\/","name":"Kinnunen","description":"","potentialAction":[{"@type":"SearchAction","target":{"@type":"EntryPoint","urlTemplate":"https:\/\/kinnunen.fi\/?s={search_term_string}"},"query-input":"required name=search_term_string"}],"inLanguage":"en-GB"}]}},"_links":{"self":[{"href":"https:\/\/kinnunen.fi\/en\/wp-json\/wp\/v2\/product\/45265"}],"collection":[{"href":"https:\/\/kinnunen.fi\/en\/wp-json\/wp\/v2\/product"}],"about":[{"href":"https:\/\/kinnunen.fi\/en\/wp-json\/wp\/v2\/types\/product"}],"replies":[{"embeddable":true,"href":"https:\/\/kinnunen.fi\/en\/wp-json\/wp\/v2\/comments?post=45265"}],"wp:featuredmedia":[{"embeddable":true,"href":"https:\/\/kinnunen.fi\/en\/wp-json\/wp\/v2\/media\/45469"}],"wp:attachment":[{"href":"https:\/\/kinnunen.fi\/en\/wp-json\/wp\/v2\/media?parent=45265"}],"wp:term":[{"taxonomy":"product_cat","embeddable":true,"href":"https:\/\/kinnunen.fi\/en\/wp-json\/wp\/v2\/product_cat?post=45265"},{"taxonomy":"product_tag","embeddable":true,"href":"https:\/\/kinnunen.fi\/en\/wp-json\/wp\/v2\/product_tag?post=45265"}],"curies":[{"name":"wp","href":"https:\/\/api.w.org\/{rel}","templated":true}]}}