

{"id":45332,"date":"2025-09-04T12:52:44","date_gmt":"2025-09-04T09:52:44","guid":{"rendered":"https:\/\/kinnunen.fi\/?post_type=product&#038;p=45332"},"modified":"2026-04-29T04:00:11","modified_gmt":"2026-04-29T01:00:11","slug":"care-long-strong-leave-in-hauraille-hiuksille-100ml","status":"publish","type":"product","link":"https:\/\/kinnunen.fi\/en\/product\/care-long-strong-leave-in-hauraille-hiuksille-100ml\/","title":{"rendered":"Care Long &amp; Strong Leave-in for hair, 100ml"},"content":{"rendered":"<p>Add length and strength with Long &amp; Strong Densifying Leave-In Treatment, formulated to energise the scalp, strengthen every strand and visibly increase hair density over time. Lightweight and fast-absorbing, the conditioner supports healthier, stronger-looking hair - from root to tip.<\/p>\n<p>\u25fe The power of Marine Density Infusion. This technology has been developed to increase hair density and strength. It strengthens every strand of hair, increasing thickness and resistance to damage. It helps extend the life of hair while improving density, volume and overall hair health.<\/p>\n<p>\u25fe Biomimetic peptides inspired by the body's natural processes strengthen hair at the cellular level. These peptides mimic natural proteins, strengthening hair, extending the growth cycle and increasing overall hair density.<\/p>\n<p>\u25fe Centella Asiatica, known for its soothing and regenerating properties, helps stimulate circulation and deliver essential nutrients to the scalp. It strengthens hair fibre from root to tip, improves hair elasticity and restores vitality, making hair thicker and healthier-looking.<\/p>","protected":false},"excerpt":{"rendered":"<p>A leave-in conditioner that strengthens brittle and breakage-prone hair.<\/p>","protected":false},"featured_media":45549,"comment_status":"open","ping_status":"closed","template":"","meta":{"_relevanssi_hide_post":"","_relevanssi_pin_for_all":"","_relevanssi_pin_keywords":"","_relevanssi_unpin_keywords":"","_relevanssi_related_keywords":"","_relevanssi_related_include_ids":"","_relevanssi_related_exclude_ids":"","_relevanssi_related_no_append":"","_relevanssi_related_not_related":"","_relevanssi_related_posts":"","_relevanssi_noindex_reason":""},"product_cat":[1727,1734,1735],"product_tag":[],"class_list":["post-45332","product","type-product","status-publish","has-post-thumbnail","hentry","product_cat-hiuskosmetiikka","product_cat-hoitoaineet-ja-hiusmaamiot","product_cat-keune-care-hoitoaineet-ja-hiusmaamiot","tuotemerkki-keune-care","tuotemerkki-keune-haircosmetics"],"tuotemerkit":[{"term_id":26,"name":"Keune Care","slug":"keune-care","term_group":0,"term_taxonomy_id":26,"taxonomy":"tuotemerkki","description":"","parent":25,"count":136,"filter":"raw"},{"term_id":25,"name":"Keune Haircosmetics","slug":"keune-haircosmetics","term_group":0,"term_taxonomy_id":25,"taxonomy":"tuotemerkki","description":"","parent":0,"count":276,"filter":"raw"}],"acf":[],"yoast_head":"<!-- This site is optimized with the Yoast SEO plugin v23.3 - https:\/\/yoast.com\/wordpress\/plugins\/seo\/ -->\n<title>Care Long &amp; Strong Leave-in -hauraille hiuksille, 100ml - Kinnunen<\/title>\n<meta name=\"robots\" content=\"index, follow, max-snippet:-1, max-image-preview:large, max-video-preview:-1\" \/>\n<link rel=\"canonical\" href=\"https:\/\/kinnunen.fi\/en\/product\/care-long-strong-leave-in-hauraille-hiuksille-100ml\/\" \/>\n<meta property=\"og:locale\" content=\"en_GB\" \/>\n<meta property=\"og:type\" content=\"article\" \/>\n<meta property=\"og:title\" content=\"Care Long &amp; Strong Leave-in -hauraille hiuksille, 100ml - Kinnunen\" \/>\n<meta property=\"og:description\" content=\"J\u00e4tett\u00e4v\u00e4 hoitovoide, joka vahvistaa hauraita ja katkeilevia hiuksia.\" \/>\n<meta property=\"og:url\" content=\"https:\/\/kinnunen.fi\/en\/product\/care-long-strong-leave-in-hauraille-hiuksille-100ml\/\" \/>\n<meta property=\"og:site_name\" content=\"Kinnunen\" \/>\n<meta property=\"article:modified_time\" content=\"2026-04-29T01:00:11+00:00\" \/>\n<meta property=\"og:image\" content=\"https:\/\/kinnunen.fi\/wp-content\/uploads\/2025\/09\/21609-Keune-Care-Long-Strong-Leave-In-100ml.jpeg\" \/>\n\t<meta property=\"og:image:width\" content=\"2000\" \/>\n\t<meta property=\"og:image:height\" content=\"2000\" \/>\n\t<meta property=\"og:image:type\" content=\"image\/jpeg\" \/>\n<meta name=\"twitter:card\" content=\"summary_large_image\" \/>\n<meta name=\"twitter:label1\" content=\"Estimated reading time\" \/>\n\t<meta name=\"twitter:data1\" content=\"1 minute\" \/>\n<script type=\"application\/ld+json\" class=\"yoast-schema-graph\">{\"@context\":\"https:\/\/schema.org\",\"@graph\":[{\"@type\":\"WebPage\",\"@id\":\"https:\/\/kinnunen.fi\/tuote\/care-long-strong-leave-in-hauraille-hiuksille-100ml\/\",\"url\":\"https:\/\/kinnunen.fi\/tuote\/care-long-strong-leave-in-hauraille-hiuksille-100ml\/\",\"name\":\"Care Long & Strong Leave-in -hauraille hiuksille, 100ml - Kinnunen\",\"isPartOf\":{\"@id\":\"https:\/\/kinnunen.fi\/#website\"},\"primaryImageOfPage\":{\"@id\":\"https:\/\/kinnunen.fi\/tuote\/care-long-strong-leave-in-hauraille-hiuksille-100ml\/#primaryimage\"},\"image\":{\"@id\":\"https:\/\/kinnunen.fi\/tuote\/care-long-strong-leave-in-hauraille-hiuksille-100ml\/#primaryimage\"},\"thumbnailUrl\":\"https:\/\/kinnunen.fi\/wp-content\/uploads\/2025\/09\/21609-Keune-Care-Long-Strong-Leave-In-100ml.jpeg\",\"datePublished\":\"2025-09-04T09:52:44+00:00\",\"dateModified\":\"2026-04-29T01:00:11+00:00\",\"breadcrumb\":{\"@id\":\"https:\/\/kinnunen.fi\/tuote\/care-long-strong-leave-in-hauraille-hiuksille-100ml\/#breadcrumb\"},\"inLanguage\":\"en-GB\",\"potentialAction\":[{\"@type\":\"ReadAction\",\"target\":[\"https:\/\/kinnunen.fi\/tuote\/care-long-strong-leave-in-hauraille-hiuksille-100ml\/\"]}]},{\"@type\":\"ImageObject\",\"inLanguage\":\"en-GB\",\"@id\":\"https:\/\/kinnunen.fi\/tuote\/care-long-strong-leave-in-hauraille-hiuksille-100ml\/#primaryimage\",\"url\":\"https:\/\/kinnunen.fi\/wp-content\/uploads\/2025\/09\/21609-Keune-Care-Long-Strong-Leave-In-100ml.jpeg\",\"contentUrl\":\"https:\/\/kinnunen.fi\/wp-content\/uploads\/2025\/09\/21609-Keune-Care-Long-Strong-Leave-In-100ml.jpeg\",\"width\":2000,\"height\":2000},{\"@type\":\"BreadcrumbList\",\"@id\":\"https:\/\/kinnunen.fi\/tuote\/care-long-strong-leave-in-hauraille-hiuksille-100ml\/#breadcrumb\",\"itemListElement\":[{\"@type\":\"ListItem\",\"position\":1,\"name\":\"Etusivu\",\"item\":\"https:\/\/kinnunen.fi\/\"},{\"@type\":\"ListItem\",\"position\":2,\"name\":\"Kaikki tuotteet\",\"item\":\"https:\/\/kinnunen.fi\/kauppa\/\"},{\"@type\":\"ListItem\",\"position\":3,\"name\":\"Hiuskosmetiikka\",\"item\":\"https:\/\/kinnunen.fi\/tuote-osasto\/hiuskosmetiikka\/\"},{\"@type\":\"ListItem\",\"position\":4,\"name\":\"Care Long &#038; Strong Leave-in -hauraille hiuksille, 100ml\"}]},{\"@type\":\"WebSite\",\"@id\":\"https:\/\/kinnunen.fi\/#website\",\"url\":\"https:\/\/kinnunen.fi\/\",\"name\":\"Kinnunen\",\"description\":\"\",\"potentialAction\":[{\"@type\":\"SearchAction\",\"target\":{\"@type\":\"EntryPoint\",\"urlTemplate\":\"https:\/\/kinnunen.fi\/?s={search_term_string}\"},\"query-input\":\"required name=search_term_string\"}],\"inLanguage\":\"en-GB\"}]}<\/script>\n<!-- \/ Yoast SEO plugin. -->","yoast_head_json":{"title":"Care Long & Strong Leave-in -hauraille hiuksille, 100ml - Kinnunen","robots":{"index":"index","follow":"follow","max-snippet":"max-snippet:-1","max-image-preview":"max-image-preview:large","max-video-preview":"max-video-preview:-1"},"canonical":"https:\/\/kinnunen.fi\/en\/product\/care-long-strong-leave-in-hauraille-hiuksille-100ml\/","og_locale":"en_GB","og_type":"article","og_title":"Care Long & Strong Leave-in -hauraille hiuksille, 100ml - Kinnunen","og_description":"J\u00e4tett\u00e4v\u00e4 hoitovoide, joka vahvistaa hauraita ja katkeilevia hiuksia.","og_url":"https:\/\/kinnunen.fi\/en\/product\/care-long-strong-leave-in-hauraille-hiuksille-100ml\/","og_site_name":"Kinnunen","article_modified_time":"2026-04-29T01:00:11+00:00","og_image":[{"width":2000,"height":2000,"url":"https:\/\/kinnunen.fi\/wp-content\/uploads\/2025\/09\/21609-Keune-Care-Long-Strong-Leave-In-100ml.jpeg","type":"image\/jpeg"}],"twitter_card":"summary_large_image","twitter_misc":{"Estimated reading time":"1 minute"},"schema":{"@context":"https:\/\/schema.org","@graph":[{"@type":"WebPage","@id":"https:\/\/kinnunen.fi\/tuote\/care-long-strong-leave-in-hauraille-hiuksille-100ml\/","url":"https:\/\/kinnunen.fi\/tuote\/care-long-strong-leave-in-hauraille-hiuksille-100ml\/","name":"Care Long & Strong Leave-in -hauraille hiuksille, 100ml - Kinnunen","isPartOf":{"@id":"https:\/\/kinnunen.fi\/#website"},"primaryImageOfPage":{"@id":"https:\/\/kinnunen.fi\/tuote\/care-long-strong-leave-in-hauraille-hiuksille-100ml\/#primaryimage"},"image":{"@id":"https:\/\/kinnunen.fi\/tuote\/care-long-strong-leave-in-hauraille-hiuksille-100ml\/#primaryimage"},"thumbnailUrl":"https:\/\/kinnunen.fi\/wp-content\/uploads\/2025\/09\/21609-Keune-Care-Long-Strong-Leave-In-100ml.jpeg","datePublished":"2025-09-04T09:52:44+00:00","dateModified":"2026-04-29T01:00:11+00:00","breadcrumb":{"@id":"https:\/\/kinnunen.fi\/tuote\/care-long-strong-leave-in-hauraille-hiuksille-100ml\/#breadcrumb"},"inLanguage":"en-GB","potentialAction":[{"@type":"ReadAction","target":["https:\/\/kinnunen.fi\/tuote\/care-long-strong-leave-in-hauraille-hiuksille-100ml\/"]}]},{"@type":"ImageObject","inLanguage":"en-GB","@id":"https:\/\/kinnunen.fi\/tuote\/care-long-strong-leave-in-hauraille-hiuksille-100ml\/#primaryimage","url":"https:\/\/kinnunen.fi\/wp-content\/uploads\/2025\/09\/21609-Keune-Care-Long-Strong-Leave-In-100ml.jpeg","contentUrl":"https:\/\/kinnunen.fi\/wp-content\/uploads\/2025\/09\/21609-Keune-Care-Long-Strong-Leave-In-100ml.jpeg","width":2000,"height":2000},{"@type":"BreadcrumbList","@id":"https:\/\/kinnunen.fi\/tuote\/care-long-strong-leave-in-hauraille-hiuksille-100ml\/#breadcrumb","itemListElement":[{"@type":"ListItem","position":1,"name":"Etusivu","item":"https:\/\/kinnunen.fi\/"},{"@type":"ListItem","position":2,"name":"Kaikki tuotteet","item":"https:\/\/kinnunen.fi\/kauppa\/"},{"@type":"ListItem","position":3,"name":"Hiuskosmetiikka","item":"https:\/\/kinnunen.fi\/tuote-osasto\/hiuskosmetiikka\/"},{"@type":"ListItem","position":4,"name":"Care Long &#038; Strong Leave-in -hauraille hiuksille, 100ml"}]},{"@type":"WebSite","@id":"https:\/\/kinnunen.fi\/#website","url":"https:\/\/kinnunen.fi\/","name":"Kinnunen","description":"","potentialAction":[{"@type":"SearchAction","target":{"@type":"EntryPoint","urlTemplate":"https:\/\/kinnunen.fi\/?s={search_term_string}"},"query-input":"required name=search_term_string"}],"inLanguage":"en-GB"}]}},"_links":{"self":[{"href":"https:\/\/kinnunen.fi\/en\/wp-json\/wp\/v2\/product\/45332"}],"collection":[{"href":"https:\/\/kinnunen.fi\/en\/wp-json\/wp\/v2\/product"}],"about":[{"href":"https:\/\/kinnunen.fi\/en\/wp-json\/wp\/v2\/types\/product"}],"replies":[{"embeddable":true,"href":"https:\/\/kinnunen.fi\/en\/wp-json\/wp\/v2\/comments?post=45332"}],"wp:featuredmedia":[{"embeddable":true,"href":"https:\/\/kinnunen.fi\/en\/wp-json\/wp\/v2\/media\/45549"}],"wp:attachment":[{"href":"https:\/\/kinnunen.fi\/en\/wp-json\/wp\/v2\/media?parent=45332"}],"wp:term":[{"taxonomy":"product_cat","embeddable":true,"href":"https:\/\/kinnunen.fi\/en\/wp-json\/wp\/v2\/product_cat?post=45332"},{"taxonomy":"product_tag","embeddable":true,"href":"https:\/\/kinnunen.fi\/en\/wp-json\/wp\/v2\/product_tag?post=45332"}],"curies":[{"name":"wp","href":"https:\/\/api.w.org\/{rel}","templated":true}]}}