

{"id":45629,"date":"2025-09-24T10:58:24","date_gmt":"2025-09-24T07:58:24","guid":{"rendered":"https:\/\/kinnunen.fi\/?post_type=product&#038;p=45629"},"modified":"2026-05-02T04:00:06","modified_gmt":"2026-05-02T01:00:06","slug":"efalock-stylair-long-kiharrin","status":"publish","type":"product","link":"https:\/\/kinnunen.fi\/en\/product\/efalock-stylair-long-kiharrin\/","title":{"rendered":"Efalock Stylair Long curler"},"content":{"rendered":"<p>The Styleair styling iron is used to make curls in the same way as a straightening iron, the difference is that this styling iron has cool air blowers on the outside which cool the curling iron and set the curl into shape, rather than having to lift the curl separately to cool it or wait for it to cool.<\/p>\n<p>With five different temperatures (140\u00b0C, 160\u00b0C, 180\u00b0C, 200\u00b0C, 220\u00b0C), you can choose the right temperature for your client's hair.<br \/>\nThe smooth design of the blades and the ceramic coating ensure easy working and a pleasant customer experience.<br \/>\nSafe to use: the device has overheat protection and an automatic power-off after 30 minutes.<\/p>","protected":false},"excerpt":{"rendered":"<p>A styling iron with long straightening plates (13.5 cm), whose cool air blast sets the curl already in shape during curling.<\/p>","protected":false},"featured_media":45635,"comment_status":"open","ping_status":"closed","template":"","meta":{"_relevanssi_hide_post":"","_relevanssi_pin_for_all":"","_relevanssi_pin_keywords":"","_relevanssi_unpin_keywords":"","_relevanssi_related_keywords":"","_relevanssi_related_include_ids":"","_relevanssi_related_exclude_ids":"","_relevanssi_related_no_append":"","_relevanssi_related_not_related":"","_relevanssi_related_posts":"","_relevanssi_noindex_reason":""},"product_cat":[1774,1780],"product_tag":[2098,2379],"class_list":["post-45629","product","type-product","status-publish","has-post-thumbnail","hentry","product_cat-koneet-ja-laitteet","product_cat-kihartimet","product_tag-kiharrin","product_tag-viilentava-kiharrin","tuotemerkki-efalock"],"tuotemerkit":[{"term_id":266,"name":"Efalock","slug":"efalock","term_group":0,"term_taxonomy_id":266,"taxonomy":"tuotemerkki","description":"","parent":0,"count":14,"filter":"raw"}],"acf":[],"yoast_head":"<!-- This site is optimized with the Yoast SEO plugin v23.3 - https:\/\/yoast.com\/wordpress\/plugins\/seo\/ -->\n<title>Efalock Stylair Long -kiharrin - Kinnunen<\/title>\n<meta name=\"robots\" content=\"index, follow, max-snippet:-1, max-image-preview:large, max-video-preview:-1\" \/>\n<link rel=\"canonical\" href=\"https:\/\/kinnunen.fi\/en\/product\/efalock-stylair-long-kiharrin\/\" \/>\n<meta property=\"og:locale\" content=\"en_GB\" \/>\n<meta property=\"og:type\" content=\"article\" \/>\n<meta property=\"og:title\" content=\"Efalock Stylair Long -kiharrin - Kinnunen\" \/>\n<meta property=\"og:description\" content=\"Pitkill\u00e4 suoristuslevyill\u00e4 (13,5 cm) varustettu muotoilurauta, jonka viile\u00e4ilmapuhallus asettaa kiharan muotoonsa jo kiharaa tehdess\u00e4.\" \/>\n<meta property=\"og:url\" content=\"https:\/\/kinnunen.fi\/en\/product\/efalock-stylair-long-kiharrin\/\" \/>\n<meta property=\"og:site_name\" content=\"Kinnunen\" \/>\n<meta property=\"article:modified_time\" content=\"2026-05-02T01:00:06+00:00\" \/>\n<meta property=\"og:image\" content=\"https:\/\/kinnunen.fi\/wp-content\/uploads\/2025\/09\/Efalock-styleair-long-14102558.jpg\" \/>\n\t<meta property=\"og:image:width\" content=\"875\" \/>\n\t<meta property=\"og:image:height\" content=\"875\" \/>\n\t<meta property=\"og:image:type\" content=\"image\/jpeg\" \/>\n<meta name=\"twitter:card\" content=\"summary_large_image\" \/>\n<script type=\"application\/ld+json\" class=\"yoast-schema-graph\">{\"@context\":\"https:\/\/schema.org\",\"@graph\":[{\"@type\":\"WebPage\",\"@id\":\"https:\/\/kinnunen.fi\/tuote\/efalock-stylair-long-kiharrin\/\",\"url\":\"https:\/\/kinnunen.fi\/tuote\/efalock-stylair-long-kiharrin\/\",\"name\":\"Efalock Stylair Long -kiharrin - Kinnunen\",\"isPartOf\":{\"@id\":\"https:\/\/kinnunen.fi\/#website\"},\"primaryImageOfPage\":{\"@id\":\"https:\/\/kinnunen.fi\/tuote\/efalock-stylair-long-kiharrin\/#primaryimage\"},\"image\":{\"@id\":\"https:\/\/kinnunen.fi\/tuote\/efalock-stylair-long-kiharrin\/#primaryimage\"},\"thumbnailUrl\":\"https:\/\/kinnunen.fi\/wp-content\/uploads\/2025\/09\/Efalock-styleair-long-14102558.jpg\",\"datePublished\":\"2025-09-24T07:58:24+00:00\",\"dateModified\":\"2026-05-02T01:00:06+00:00\",\"breadcrumb\":{\"@id\":\"https:\/\/kinnunen.fi\/tuote\/efalock-stylair-long-kiharrin\/#breadcrumb\"},\"inLanguage\":\"en-GB\",\"potentialAction\":[{\"@type\":\"ReadAction\",\"target\":[\"https:\/\/kinnunen.fi\/tuote\/efalock-stylair-long-kiharrin\/\"]}]},{\"@type\":\"ImageObject\",\"inLanguage\":\"en-GB\",\"@id\":\"https:\/\/kinnunen.fi\/tuote\/efalock-stylair-long-kiharrin\/#primaryimage\",\"url\":\"https:\/\/kinnunen.fi\/wp-content\/uploads\/2025\/09\/Efalock-styleair-long-14102558.jpg\",\"contentUrl\":\"https:\/\/kinnunen.fi\/wp-content\/uploads\/2025\/09\/Efalock-styleair-long-14102558.jpg\",\"width\":875,\"height\":875},{\"@type\":\"BreadcrumbList\",\"@id\":\"https:\/\/kinnunen.fi\/tuote\/efalock-stylair-long-kiharrin\/#breadcrumb\",\"itemListElement\":[{\"@type\":\"ListItem\",\"position\":1,\"name\":\"Etusivu\",\"item\":\"https:\/\/kinnunen.fi\/\"},{\"@type\":\"ListItem\",\"position\":2,\"name\":\"Kaikki tuotteet\",\"item\":\"https:\/\/kinnunen.fi\/kauppa\/\"},{\"@type\":\"ListItem\",\"position\":3,\"name\":\"Koneet ja s\u00e4hk\u00f6laitteet\",\"item\":\"https:\/\/kinnunen.fi\/tuote-osasto\/koneet-ja-laitteet\/\"},{\"@type\":\"ListItem\",\"position\":4,\"name\":\"Efalock Stylair Long -kiharrin\"}]},{\"@type\":\"WebSite\",\"@id\":\"https:\/\/kinnunen.fi\/#website\",\"url\":\"https:\/\/kinnunen.fi\/\",\"name\":\"Kinnunen\",\"description\":\"\",\"potentialAction\":[{\"@type\":\"SearchAction\",\"target\":{\"@type\":\"EntryPoint\",\"urlTemplate\":\"https:\/\/kinnunen.fi\/?s={search_term_string}\"},\"query-input\":\"required name=search_term_string\"}],\"inLanguage\":\"en-GB\"}]}<\/script>\n<!-- \/ Yoast SEO plugin. -->","yoast_head_json":{"title":"Efalock Stylair Long -kiharrin - Kinnunen","robots":{"index":"index","follow":"follow","max-snippet":"max-snippet:-1","max-image-preview":"max-image-preview:large","max-video-preview":"max-video-preview:-1"},"canonical":"https:\/\/kinnunen.fi\/en\/product\/efalock-stylair-long-kiharrin\/","og_locale":"en_GB","og_type":"article","og_title":"Efalock Stylair Long -kiharrin - Kinnunen","og_description":"Pitkill\u00e4 suoristuslevyill\u00e4 (13,5 cm) varustettu muotoilurauta, jonka viile\u00e4ilmapuhallus asettaa kiharan muotoonsa jo kiharaa tehdess\u00e4.","og_url":"https:\/\/kinnunen.fi\/en\/product\/efalock-stylair-long-kiharrin\/","og_site_name":"Kinnunen","article_modified_time":"2026-05-02T01:00:06+00:00","og_image":[{"width":875,"height":875,"url":"https:\/\/kinnunen.fi\/wp-content\/uploads\/2025\/09\/Efalock-styleair-long-14102558.jpg","type":"image\/jpeg"}],"twitter_card":"summary_large_image","schema":{"@context":"https:\/\/schema.org","@graph":[{"@type":"WebPage","@id":"https:\/\/kinnunen.fi\/tuote\/efalock-stylair-long-kiharrin\/","url":"https:\/\/kinnunen.fi\/tuote\/efalock-stylair-long-kiharrin\/","name":"Efalock Stylair Long -kiharrin - Kinnunen","isPartOf":{"@id":"https:\/\/kinnunen.fi\/#website"},"primaryImageOfPage":{"@id":"https:\/\/kinnunen.fi\/tuote\/efalock-stylair-long-kiharrin\/#primaryimage"},"image":{"@id":"https:\/\/kinnunen.fi\/tuote\/efalock-stylair-long-kiharrin\/#primaryimage"},"thumbnailUrl":"https:\/\/kinnunen.fi\/wp-content\/uploads\/2025\/09\/Efalock-styleair-long-14102558.jpg","datePublished":"2025-09-24T07:58:24+00:00","dateModified":"2026-05-02T01:00:06+00:00","breadcrumb":{"@id":"https:\/\/kinnunen.fi\/tuote\/efalock-stylair-long-kiharrin\/#breadcrumb"},"inLanguage":"en-GB","potentialAction":[{"@type":"ReadAction","target":["https:\/\/kinnunen.fi\/tuote\/efalock-stylair-long-kiharrin\/"]}]},{"@type":"ImageObject","inLanguage":"en-GB","@id":"https:\/\/kinnunen.fi\/tuote\/efalock-stylair-long-kiharrin\/#primaryimage","url":"https:\/\/kinnunen.fi\/wp-content\/uploads\/2025\/09\/Efalock-styleair-long-14102558.jpg","contentUrl":"https:\/\/kinnunen.fi\/wp-content\/uploads\/2025\/09\/Efalock-styleair-long-14102558.jpg","width":875,"height":875},{"@type":"BreadcrumbList","@id":"https:\/\/kinnunen.fi\/tuote\/efalock-stylair-long-kiharrin\/#breadcrumb","itemListElement":[{"@type":"ListItem","position":1,"name":"Etusivu","item":"https:\/\/kinnunen.fi\/"},{"@type":"ListItem","position":2,"name":"Kaikki tuotteet","item":"https:\/\/kinnunen.fi\/kauppa\/"},{"@type":"ListItem","position":3,"name":"Koneet ja s\u00e4hk\u00f6laitteet","item":"https:\/\/kinnunen.fi\/tuote-osasto\/koneet-ja-laitteet\/"},{"@type":"ListItem","position":4,"name":"Efalock Stylair Long -kiharrin"}]},{"@type":"WebSite","@id":"https:\/\/kinnunen.fi\/#website","url":"https:\/\/kinnunen.fi\/","name":"Kinnunen","description":"","potentialAction":[{"@type":"SearchAction","target":{"@type":"EntryPoint","urlTemplate":"https:\/\/kinnunen.fi\/?s={search_term_string}"},"query-input":"required name=search_term_string"}],"inLanguage":"en-GB"}]}},"_links":{"self":[{"href":"https:\/\/kinnunen.fi\/en\/wp-json\/wp\/v2\/product\/45629"}],"collection":[{"href":"https:\/\/kinnunen.fi\/en\/wp-json\/wp\/v2\/product"}],"about":[{"href":"https:\/\/kinnunen.fi\/en\/wp-json\/wp\/v2\/types\/product"}],"replies":[{"embeddable":true,"href":"https:\/\/kinnunen.fi\/en\/wp-json\/wp\/v2\/comments?post=45629"}],"wp:featuredmedia":[{"embeddable":true,"href":"https:\/\/kinnunen.fi\/en\/wp-json\/wp\/v2\/media\/45635"}],"wp:attachment":[{"href":"https:\/\/kinnunen.fi\/en\/wp-json\/wp\/v2\/media?parent=45629"}],"wp:term":[{"taxonomy":"product_cat","embeddable":true,"href":"https:\/\/kinnunen.fi\/en\/wp-json\/wp\/v2\/product_cat?post=45629"},{"taxonomy":"product_tag","embeddable":true,"href":"https:\/\/kinnunen.fi\/en\/wp-json\/wp\/v2\/product_tag?post=45629"}],"curies":[{"name":"wp","href":"https:\/\/api.w.org\/{rel}","templated":true}]}}