

{"id":45666,"date":"2025-09-25T09:09:27","date_gmt":"2025-09-25T06:09:27","guid":{"rendered":"https:\/\/kinnunen.fi\/?post_type=product&#038;p=45666"},"modified":"2026-04-17T04:00:06","modified_gmt":"2026-04-17T01:00:06","slug":"hoc-joyo-turban-autumn-ornaments","status":"publish","type":"product","link":"https:\/\/kinnunen.fi\/en\/product\/hoc-joyo-turban-autumn-ornaments\/","title":{"rendered":"HOC Joyo turban, Autumn Ornaments"},"content":{"rendered":"","protected":false},"excerpt":{"rendered":"<p>Joyo is a stylish and practical headgear. The headgear fits nicely and comfortably thanks to its small, carefully designed pleats. A fixed, elegantly twisted knot at the front creates just the right amount of volume in the forehead area. An additional flap allows the model to be easily shaped and positioned as desired.<br \/>\nMaterial; 95% bamboo viscose, 5% spandex.<\/p>","protected":false},"featured_media":45655,"comment_status":"open","ping_status":"closed","template":"","meta":{"_relevanssi_hide_post":"","_relevanssi_pin_for_all":"","_relevanssi_pin_keywords":"","_relevanssi_unpin_keywords":"","_relevanssi_related_keywords":"","_relevanssi_related_include_ids":"","_relevanssi_related_exclude_ids":"","_relevanssi_related_no_append":"","_relevanssi_related_not_related":"","_relevanssi_related_posts":"","_relevanssi_noindex_reason":""},"product_cat":[1770,1773],"product_tag":[],"class_list":["post-45666","product","type-product","status-publish","has-post-thumbnail","hentry","product_cat-peruukkituotteet","product_cat-christine-paahineet","tuotemerkki-house-of-christine"],"tuotemerkit":[{"term_id":2078,"name":"House of Christine","slug":"house-of-christine","term_group":0,"term_taxonomy_id":2078,"taxonomy":"tuotemerkki","description":"","parent":0,"count":38,"filter":"raw"}],"acf":[],"yoast_head":"<!-- This site is optimized with the Yoast SEO plugin v23.3 - https:\/\/yoast.com\/wordpress\/plugins\/seo\/ -->\n<title>HOC Joyo turban, Autumn Ornaments - Kinnunen<\/title>\n<meta name=\"robots\" content=\"index, follow, max-snippet:-1, max-image-preview:large, max-video-preview:-1\" \/>\n<link rel=\"canonical\" href=\"https:\/\/kinnunen.fi\/en\/product\/hoc-joyo-turban-autumn-ornaments\/\" \/>\n<meta property=\"og:locale\" content=\"en_GB\" \/>\n<meta property=\"og:type\" content=\"article\" \/>\n<meta property=\"og:title\" content=\"HOC Joyo turban, Autumn Ornaments - Kinnunen\" \/>\n<meta property=\"og:description\" content=\"Joyo on tyylik\u00e4s ja k\u00e4yt\u00e4nn\u00f6llinen p\u00e4\u00e4hine. P\u00e4\u00e4hine asettuu kauniisti ja mukavasti pienten, tarkasti suunniteltujen laskosten ansiosta. Edess\u00e4 oleva kiinte\u00e4, tyylikk\u00e4\u00e4sti kiertynyt solmu luo juuri sopivasti volyymia otsan alueelle. Lis\u00e4kankaan ansiosta mallia voi helposti muotoilla ja asetella haluamallaan tavalla. Materiaali; 95% bambuviskoosi, 5% spandex.\" \/>\n<meta property=\"og:url\" content=\"https:\/\/kinnunen.fi\/en\/product\/hoc-joyo-turban-autumn-ornaments\/\" \/>\n<meta property=\"og:site_name\" content=\"Kinnunen\" \/>\n<meta property=\"article:modified_time\" content=\"2026-04-17T01:00:06+00:00\" \/>\n<meta property=\"og:image\" content=\"https:\/\/kinnunen.fi\/wp-content\/uploads\/2025\/09\/HOC-Joyo-Autumn-Ornaments_1584-4047.jpg\" \/>\n\t<meta property=\"og:image:width\" content=\"875\" \/>\n\t<meta property=\"og:image:height\" content=\"875\" \/>\n\t<meta property=\"og:image:type\" content=\"image\/jpeg\" \/>\n<meta name=\"twitter:card\" content=\"summary_large_image\" \/>\n<script type=\"application\/ld+json\" class=\"yoast-schema-graph\">{\"@context\":\"https:\/\/schema.org\",\"@graph\":[{\"@type\":\"WebPage\",\"@id\":\"https:\/\/kinnunen.fi\/tuote\/hoc-joyo-turban-autumn-ornaments\/\",\"url\":\"https:\/\/kinnunen.fi\/tuote\/hoc-joyo-turban-autumn-ornaments\/\",\"name\":\"HOC Joyo turban, Autumn Ornaments - Kinnunen\",\"isPartOf\":{\"@id\":\"https:\/\/kinnunen.fi\/#website\"},\"primaryImageOfPage\":{\"@id\":\"https:\/\/kinnunen.fi\/tuote\/hoc-joyo-turban-autumn-ornaments\/#primaryimage\"},\"image\":{\"@id\":\"https:\/\/kinnunen.fi\/tuote\/hoc-joyo-turban-autumn-ornaments\/#primaryimage\"},\"thumbnailUrl\":\"https:\/\/kinnunen.fi\/wp-content\/uploads\/2025\/09\/HOC-Joyo-Autumn-Ornaments_1584-4047.jpg\",\"datePublished\":\"2025-09-25T06:09:27+00:00\",\"dateModified\":\"2026-04-17T01:00:06+00:00\",\"breadcrumb\":{\"@id\":\"https:\/\/kinnunen.fi\/tuote\/hoc-joyo-turban-autumn-ornaments\/#breadcrumb\"},\"inLanguage\":\"en-GB\",\"potentialAction\":[{\"@type\":\"ReadAction\",\"target\":[\"https:\/\/kinnunen.fi\/tuote\/hoc-joyo-turban-autumn-ornaments\/\"]}]},{\"@type\":\"ImageObject\",\"inLanguage\":\"en-GB\",\"@id\":\"https:\/\/kinnunen.fi\/tuote\/hoc-joyo-turban-autumn-ornaments\/#primaryimage\",\"url\":\"https:\/\/kinnunen.fi\/wp-content\/uploads\/2025\/09\/HOC-Joyo-Autumn-Ornaments_1584-4047.jpg\",\"contentUrl\":\"https:\/\/kinnunen.fi\/wp-content\/uploads\/2025\/09\/HOC-Joyo-Autumn-Ornaments_1584-4047.jpg\",\"width\":875,\"height\":875},{\"@type\":\"BreadcrumbList\",\"@id\":\"https:\/\/kinnunen.fi\/tuote\/hoc-joyo-turban-autumn-ornaments\/#breadcrumb\",\"itemListElement\":[{\"@type\":\"ListItem\",\"position\":1,\"name\":\"Etusivu\",\"item\":\"https:\/\/kinnunen.fi\/\"},{\"@type\":\"ListItem\",\"position\":2,\"name\":\"Kaikki tuotteet\",\"item\":\"https:\/\/kinnunen.fi\/kauppa\/\"},{\"@type\":\"ListItem\",\"position\":3,\"name\":\"Peruukkituotteet\",\"item\":\"https:\/\/kinnunen.fi\/tuote-osasto\/peruukkituotteet\/\"},{\"@type\":\"ListItem\",\"position\":4,\"name\":\"HOC Joyo turban, Autumn Ornaments\"}]},{\"@type\":\"WebSite\",\"@id\":\"https:\/\/kinnunen.fi\/#website\",\"url\":\"https:\/\/kinnunen.fi\/\",\"name\":\"Kinnunen\",\"description\":\"\",\"potentialAction\":[{\"@type\":\"SearchAction\",\"target\":{\"@type\":\"EntryPoint\",\"urlTemplate\":\"https:\/\/kinnunen.fi\/?s={search_term_string}\"},\"query-input\":\"required name=search_term_string\"}],\"inLanguage\":\"en-GB\"}]}<\/script>\n<!-- \/ Yoast SEO plugin. -->","yoast_head_json":{"title":"HOC Joyo turban, Autumn Ornaments - Kinnunen","robots":{"index":"index","follow":"follow","max-snippet":"max-snippet:-1","max-image-preview":"max-image-preview:large","max-video-preview":"max-video-preview:-1"},"canonical":"https:\/\/kinnunen.fi\/en\/product\/hoc-joyo-turban-autumn-ornaments\/","og_locale":"en_GB","og_type":"article","og_title":"HOC Joyo turban, Autumn Ornaments - Kinnunen","og_description":"Joyo on tyylik\u00e4s ja k\u00e4yt\u00e4nn\u00f6llinen p\u00e4\u00e4hine. P\u00e4\u00e4hine asettuu kauniisti ja mukavasti pienten, tarkasti suunniteltujen laskosten ansiosta. Edess\u00e4 oleva kiinte\u00e4, tyylikk\u00e4\u00e4sti kiertynyt solmu luo juuri sopivasti volyymia otsan alueelle. Lis\u00e4kankaan ansiosta mallia voi helposti muotoilla ja asetella haluamallaan tavalla. Materiaali; 95% bambuviskoosi, 5% spandex.","og_url":"https:\/\/kinnunen.fi\/en\/product\/hoc-joyo-turban-autumn-ornaments\/","og_site_name":"Kinnunen","article_modified_time":"2026-04-17T01:00:06+00:00","og_image":[{"width":875,"height":875,"url":"https:\/\/kinnunen.fi\/wp-content\/uploads\/2025\/09\/HOC-Joyo-Autumn-Ornaments_1584-4047.jpg","type":"image\/jpeg"}],"twitter_card":"summary_large_image","schema":{"@context":"https:\/\/schema.org","@graph":[{"@type":"WebPage","@id":"https:\/\/kinnunen.fi\/tuote\/hoc-joyo-turban-autumn-ornaments\/","url":"https:\/\/kinnunen.fi\/tuote\/hoc-joyo-turban-autumn-ornaments\/","name":"HOC Joyo turban, Autumn Ornaments - Kinnunen","isPartOf":{"@id":"https:\/\/kinnunen.fi\/#website"},"primaryImageOfPage":{"@id":"https:\/\/kinnunen.fi\/tuote\/hoc-joyo-turban-autumn-ornaments\/#primaryimage"},"image":{"@id":"https:\/\/kinnunen.fi\/tuote\/hoc-joyo-turban-autumn-ornaments\/#primaryimage"},"thumbnailUrl":"https:\/\/kinnunen.fi\/wp-content\/uploads\/2025\/09\/HOC-Joyo-Autumn-Ornaments_1584-4047.jpg","datePublished":"2025-09-25T06:09:27+00:00","dateModified":"2026-04-17T01:00:06+00:00","breadcrumb":{"@id":"https:\/\/kinnunen.fi\/tuote\/hoc-joyo-turban-autumn-ornaments\/#breadcrumb"},"inLanguage":"en-GB","potentialAction":[{"@type":"ReadAction","target":["https:\/\/kinnunen.fi\/tuote\/hoc-joyo-turban-autumn-ornaments\/"]}]},{"@type":"ImageObject","inLanguage":"en-GB","@id":"https:\/\/kinnunen.fi\/tuote\/hoc-joyo-turban-autumn-ornaments\/#primaryimage","url":"https:\/\/kinnunen.fi\/wp-content\/uploads\/2025\/09\/HOC-Joyo-Autumn-Ornaments_1584-4047.jpg","contentUrl":"https:\/\/kinnunen.fi\/wp-content\/uploads\/2025\/09\/HOC-Joyo-Autumn-Ornaments_1584-4047.jpg","width":875,"height":875},{"@type":"BreadcrumbList","@id":"https:\/\/kinnunen.fi\/tuote\/hoc-joyo-turban-autumn-ornaments\/#breadcrumb","itemListElement":[{"@type":"ListItem","position":1,"name":"Etusivu","item":"https:\/\/kinnunen.fi\/"},{"@type":"ListItem","position":2,"name":"Kaikki tuotteet","item":"https:\/\/kinnunen.fi\/kauppa\/"},{"@type":"ListItem","position":3,"name":"Peruukkituotteet","item":"https:\/\/kinnunen.fi\/tuote-osasto\/peruukkituotteet\/"},{"@type":"ListItem","position":4,"name":"HOC Joyo turban, Autumn Ornaments"}]},{"@type":"WebSite","@id":"https:\/\/kinnunen.fi\/#website","url":"https:\/\/kinnunen.fi\/","name":"Kinnunen","description":"","potentialAction":[{"@type":"SearchAction","target":{"@type":"EntryPoint","urlTemplate":"https:\/\/kinnunen.fi\/?s={search_term_string}"},"query-input":"required name=search_term_string"}],"inLanguage":"en-GB"}]}},"_links":{"self":[{"href":"https:\/\/kinnunen.fi\/en\/wp-json\/wp\/v2\/product\/45666"}],"collection":[{"href":"https:\/\/kinnunen.fi\/en\/wp-json\/wp\/v2\/product"}],"about":[{"href":"https:\/\/kinnunen.fi\/en\/wp-json\/wp\/v2\/types\/product"}],"replies":[{"embeddable":true,"href":"https:\/\/kinnunen.fi\/en\/wp-json\/wp\/v2\/comments?post=45666"}],"wp:featuredmedia":[{"embeddable":true,"href":"https:\/\/kinnunen.fi\/en\/wp-json\/wp\/v2\/media\/45655"}],"wp:attachment":[{"href":"https:\/\/kinnunen.fi\/en\/wp-json\/wp\/v2\/media?parent=45666"}],"wp:term":[{"taxonomy":"product_cat","embeddable":true,"href":"https:\/\/kinnunen.fi\/en\/wp-json\/wp\/v2\/product_cat?post=45666"},{"taxonomy":"product_tag","embeddable":true,"href":"https:\/\/kinnunen.fi\/en\/wp-json\/wp\/v2\/product_tag?post=45666"}],"curies":[{"name":"wp","href":"https:\/\/api.w.org\/{rel}","templated":true}]}}