

{"id":45740,"date":"2025-09-29T10:40:15","date_gmt":"2025-09-29T07:40:15","guid":{"rendered":"https:\/\/kinnunen.fi\/?post_type=product&#038;p=45740"},"modified":"2026-04-27T04:00:10","modified_gmt":"2026-04-27T01:00:10","slug":"new-care-300ml-derma-regulate-shampoo","status":"publish","type":"product","link":"https:\/\/kinnunen.fi\/en\/product\/new-care-300ml-derma-regulate-shampoo\/","title":{"rendered":"Care Derma Regulate Shampoo for oily scalp, 300ml"},"content":{"rendered":"<p>Cleanse oily hair with Regulating Regulate Sebum Balancing Shampoo, formulated to regulate excess oil, cleanse the scalp and restore its natural balance. Perfect for oily hair types, this gentle yet effective formula cleanses the hair and scalp without drying the hair. Leaves the scalp fresh, clean and balanced - and hair soft, light and vibrant.<\/p>\n<p>\u25fe A natural prebiotic, inulin, helps maintain the balance of the scalp microbiome, ensuring optimal hydration and protection. By promoting a balanced scalp microbiome, inulin can help reduce scalp discomfort, support the natural protective barrier and create ideal conditions for healthy hair growth.<\/p>\n<p>\u25fe Zinc PCA, an ingredient that effectively regulates sebum production, helps to curb excessive oil production, prevents greasiness at the roots and keeps the scalp fresh and comfortable. It also provides antimicrobial properties that reduce the build-up of impurities that can flatten hair.<\/p>","protected":false},"excerpt":{"rendered":"<p>Shampoo for oily, uneven scalp. Derma Regulate is the solution for a sensitive, oily scalp. It cleanses the scalp effectively but gently without irritating the scalp and helps balance sebum production.<\/p>","protected":false},"featured_media":45508,"comment_status":"open","ping_status":"closed","template":"","meta":{"_relevanssi_hide_post":"","_relevanssi_pin_for_all":"","_relevanssi_pin_keywords":"","_relevanssi_unpin_keywords":"","_relevanssi_related_keywords":"","_relevanssi_related_include_ids":"","_relevanssi_related_exclude_ids":"","_relevanssi_related_no_append":"","_relevanssi_related_not_related":"","_relevanssi_related_posts":"","_relevanssi_noindex_reason":""},"product_cat":[1727,1728,1729],"product_tag":[],"class_list":["post-45740","product","type-product","status-publish","has-post-thumbnail","hentry","product_cat-hiuskosmetiikka","product_cat-shampoot","product_cat-keune-care","tuotemerkki-keune-care","tuotemerkki-keune-haircosmetics"],"tuotemerkit":[{"term_id":26,"name":"Keune Care","slug":"keune-care","term_group":0,"term_taxonomy_id":26,"taxonomy":"tuotemerkki","description":"","parent":25,"count":137,"filter":"raw"},{"term_id":25,"name":"Keune Haircosmetics","slug":"keune-haircosmetics","term_group":0,"term_taxonomy_id":25,"taxonomy":"tuotemerkki","description":"","parent":0,"count":277,"filter":"raw"}],"acf":[],"yoast_head":"<!-- This site is optimized with the Yoast SEO plugin v23.3 - https:\/\/yoast.com\/wordpress\/plugins\/seo\/ -->\n<title>Care Derma Regulate Shampoo -rasvoittuvalle hiuspohjalle, 300ml - Kinnunen<\/title>\n<meta name=\"robots\" content=\"index, follow, max-snippet:-1, max-image-preview:large, max-video-preview:-1\" \/>\n<link rel=\"canonical\" href=\"https:\/\/kinnunen.fi\/en\/product\/new-care-300ml-derma-regulate-shampoo\/\" \/>\n<meta property=\"og:locale\" content=\"en_GB\" \/>\n<meta property=\"og:type\" content=\"article\" \/>\n<meta property=\"og:title\" content=\"Care Derma Regulate Shampoo -rasvoittuvalle hiuspohjalle, 300ml - Kinnunen\" \/>\n<meta property=\"og:description\" content=\"Shampoo rasvoittuvalle, ep\u00e4tasapainoiselle hiuspohjalle. Derma Regulate on ratkaisu herk\u00e4sti rasvoittuvalle hiuspohjalle. Se puhdistaa hiuspohjan tehokkaasti, mutta hell\u00e4varaisesti ilman ett\u00e4 hiuspohja \u00e4rsyyntyy ja auttaa tasapainoittamaan talintuotantoa.\" \/>\n<meta property=\"og:url\" content=\"https:\/\/kinnunen.fi\/en\/product\/new-care-300ml-derma-regulate-shampoo\/\" \/>\n<meta property=\"og:site_name\" content=\"Kinnunen\" \/>\n<meta property=\"article:modified_time\" content=\"2026-04-27T01:00:10+00:00\" \/>\n<meta property=\"og:image\" content=\"https:\/\/kinnunen.fi\/wp-content\/uploads\/2025\/09\/21553-Keune-Care-Derma-Regulate-Shampoo-300ml.jpeg\" \/>\n\t<meta property=\"og:image:width\" content=\"2000\" \/>\n\t<meta property=\"og:image:height\" content=\"2000\" \/>\n\t<meta property=\"og:image:type\" content=\"image\/jpeg\" \/>\n<meta name=\"twitter:card\" content=\"summary_large_image\" \/>\n<meta name=\"twitter:label1\" content=\"Estimated reading time\" \/>\n\t<meta name=\"twitter:data1\" content=\"1 minute\" \/>\n<script type=\"application\/ld+json\" class=\"yoast-schema-graph\">{\"@context\":\"https:\/\/schema.org\",\"@graph\":[{\"@type\":\"WebPage\",\"@id\":\"https:\/\/kinnunen.fi\/tuote\/new-care-300ml-derma-regulate-shampoo\/\",\"url\":\"https:\/\/kinnunen.fi\/tuote\/new-care-300ml-derma-regulate-shampoo\/\",\"name\":\"Care Derma Regulate Shampoo -rasvoittuvalle hiuspohjalle, 300ml - Kinnunen\",\"isPartOf\":{\"@id\":\"https:\/\/kinnunen.fi\/#website\"},\"primaryImageOfPage\":{\"@id\":\"https:\/\/kinnunen.fi\/tuote\/new-care-300ml-derma-regulate-shampoo\/#primaryimage\"},\"image\":{\"@id\":\"https:\/\/kinnunen.fi\/tuote\/new-care-300ml-derma-regulate-shampoo\/#primaryimage\"},\"thumbnailUrl\":\"https:\/\/kinnunen.fi\/wp-content\/uploads\/2025\/09\/21553-Keune-Care-Derma-Regulate-Shampoo-300ml.jpeg\",\"datePublished\":\"2025-09-29T07:40:15+00:00\",\"dateModified\":\"2026-04-27T01:00:10+00:00\",\"breadcrumb\":{\"@id\":\"https:\/\/kinnunen.fi\/tuote\/new-care-300ml-derma-regulate-shampoo\/#breadcrumb\"},\"inLanguage\":\"en-GB\",\"potentialAction\":[{\"@type\":\"ReadAction\",\"target\":[\"https:\/\/kinnunen.fi\/tuote\/new-care-300ml-derma-regulate-shampoo\/\"]}]},{\"@type\":\"ImageObject\",\"inLanguage\":\"en-GB\",\"@id\":\"https:\/\/kinnunen.fi\/tuote\/new-care-300ml-derma-regulate-shampoo\/#primaryimage\",\"url\":\"https:\/\/kinnunen.fi\/wp-content\/uploads\/2025\/09\/21553-Keune-Care-Derma-Regulate-Shampoo-300ml.jpeg\",\"contentUrl\":\"https:\/\/kinnunen.fi\/wp-content\/uploads\/2025\/09\/21553-Keune-Care-Derma-Regulate-Shampoo-300ml.jpeg\",\"width\":2000,\"height\":2000},{\"@type\":\"BreadcrumbList\",\"@id\":\"https:\/\/kinnunen.fi\/tuote\/new-care-300ml-derma-regulate-shampoo\/#breadcrumb\",\"itemListElement\":[{\"@type\":\"ListItem\",\"position\":1,\"name\":\"Etusivu\",\"item\":\"https:\/\/kinnunen.fi\/\"},{\"@type\":\"ListItem\",\"position\":2,\"name\":\"Kaikki tuotteet\",\"item\":\"https:\/\/kinnunen.fi\/kauppa\/\"},{\"@type\":\"ListItem\",\"position\":3,\"name\":\"Hiuskosmetiikka\",\"item\":\"https:\/\/kinnunen.fi\/tuote-osasto\/hiuskosmetiikka\/\"},{\"@type\":\"ListItem\",\"position\":4,\"name\":\"Care Derma Regulate Shampoo -rasvoittuvalle hiuspohjalle, 300ml\"}]},{\"@type\":\"WebSite\",\"@id\":\"https:\/\/kinnunen.fi\/#website\",\"url\":\"https:\/\/kinnunen.fi\/\",\"name\":\"Kinnunen\",\"description\":\"\",\"potentialAction\":[{\"@type\":\"SearchAction\",\"target\":{\"@type\":\"EntryPoint\",\"urlTemplate\":\"https:\/\/kinnunen.fi\/?s={search_term_string}\"},\"query-input\":\"required name=search_term_string\"}],\"inLanguage\":\"en-GB\"}]}<\/script>\n<!-- \/ Yoast SEO plugin. -->","yoast_head_json":{"title":"Care Derma Regulate Shampoo -rasvoittuvalle hiuspohjalle, 300ml - Kinnunen","robots":{"index":"index","follow":"follow","max-snippet":"max-snippet:-1","max-image-preview":"max-image-preview:large","max-video-preview":"max-video-preview:-1"},"canonical":"https:\/\/kinnunen.fi\/en\/product\/new-care-300ml-derma-regulate-shampoo\/","og_locale":"en_GB","og_type":"article","og_title":"Care Derma Regulate Shampoo -rasvoittuvalle hiuspohjalle, 300ml - Kinnunen","og_description":"Shampoo rasvoittuvalle, ep\u00e4tasapainoiselle hiuspohjalle. Derma Regulate on ratkaisu herk\u00e4sti rasvoittuvalle hiuspohjalle. Se puhdistaa hiuspohjan tehokkaasti, mutta hell\u00e4varaisesti ilman ett\u00e4 hiuspohja \u00e4rsyyntyy ja auttaa tasapainoittamaan talintuotantoa.","og_url":"https:\/\/kinnunen.fi\/en\/product\/new-care-300ml-derma-regulate-shampoo\/","og_site_name":"Kinnunen","article_modified_time":"2026-04-27T01:00:10+00:00","og_image":[{"width":2000,"height":2000,"url":"https:\/\/kinnunen.fi\/wp-content\/uploads\/2025\/09\/21553-Keune-Care-Derma-Regulate-Shampoo-300ml.jpeg","type":"image\/jpeg"}],"twitter_card":"summary_large_image","twitter_misc":{"Estimated reading time":"1 minute"},"schema":{"@context":"https:\/\/schema.org","@graph":[{"@type":"WebPage","@id":"https:\/\/kinnunen.fi\/tuote\/new-care-300ml-derma-regulate-shampoo\/","url":"https:\/\/kinnunen.fi\/tuote\/new-care-300ml-derma-regulate-shampoo\/","name":"Care Derma Regulate Shampoo -rasvoittuvalle hiuspohjalle, 300ml - Kinnunen","isPartOf":{"@id":"https:\/\/kinnunen.fi\/#website"},"primaryImageOfPage":{"@id":"https:\/\/kinnunen.fi\/tuote\/new-care-300ml-derma-regulate-shampoo\/#primaryimage"},"image":{"@id":"https:\/\/kinnunen.fi\/tuote\/new-care-300ml-derma-regulate-shampoo\/#primaryimage"},"thumbnailUrl":"https:\/\/kinnunen.fi\/wp-content\/uploads\/2025\/09\/21553-Keune-Care-Derma-Regulate-Shampoo-300ml.jpeg","datePublished":"2025-09-29T07:40:15+00:00","dateModified":"2026-04-27T01:00:10+00:00","breadcrumb":{"@id":"https:\/\/kinnunen.fi\/tuote\/new-care-300ml-derma-regulate-shampoo\/#breadcrumb"},"inLanguage":"en-GB","potentialAction":[{"@type":"ReadAction","target":["https:\/\/kinnunen.fi\/tuote\/new-care-300ml-derma-regulate-shampoo\/"]}]},{"@type":"ImageObject","inLanguage":"en-GB","@id":"https:\/\/kinnunen.fi\/tuote\/new-care-300ml-derma-regulate-shampoo\/#primaryimage","url":"https:\/\/kinnunen.fi\/wp-content\/uploads\/2025\/09\/21553-Keune-Care-Derma-Regulate-Shampoo-300ml.jpeg","contentUrl":"https:\/\/kinnunen.fi\/wp-content\/uploads\/2025\/09\/21553-Keune-Care-Derma-Regulate-Shampoo-300ml.jpeg","width":2000,"height":2000},{"@type":"BreadcrumbList","@id":"https:\/\/kinnunen.fi\/tuote\/new-care-300ml-derma-regulate-shampoo\/#breadcrumb","itemListElement":[{"@type":"ListItem","position":1,"name":"Etusivu","item":"https:\/\/kinnunen.fi\/"},{"@type":"ListItem","position":2,"name":"Kaikki tuotteet","item":"https:\/\/kinnunen.fi\/kauppa\/"},{"@type":"ListItem","position":3,"name":"Hiuskosmetiikka","item":"https:\/\/kinnunen.fi\/tuote-osasto\/hiuskosmetiikka\/"},{"@type":"ListItem","position":4,"name":"Care Derma Regulate Shampoo -rasvoittuvalle hiuspohjalle, 300ml"}]},{"@type":"WebSite","@id":"https:\/\/kinnunen.fi\/#website","url":"https:\/\/kinnunen.fi\/","name":"Kinnunen","description":"","potentialAction":[{"@type":"SearchAction","target":{"@type":"EntryPoint","urlTemplate":"https:\/\/kinnunen.fi\/?s={search_term_string}"},"query-input":"required name=search_term_string"}],"inLanguage":"en-GB"}]}},"_links":{"self":[{"href":"https:\/\/kinnunen.fi\/en\/wp-json\/wp\/v2\/product\/45740"}],"collection":[{"href":"https:\/\/kinnunen.fi\/en\/wp-json\/wp\/v2\/product"}],"about":[{"href":"https:\/\/kinnunen.fi\/en\/wp-json\/wp\/v2\/types\/product"}],"replies":[{"embeddable":true,"href":"https:\/\/kinnunen.fi\/en\/wp-json\/wp\/v2\/comments?post=45740"}],"wp:featuredmedia":[{"embeddable":true,"href":"https:\/\/kinnunen.fi\/en\/wp-json\/wp\/v2\/media\/45508"}],"wp:attachment":[{"href":"https:\/\/kinnunen.fi\/en\/wp-json\/wp\/v2\/media?parent=45740"}],"wp:term":[{"taxonomy":"product_cat","embeddable":true,"href":"https:\/\/kinnunen.fi\/en\/wp-json\/wp\/v2\/product_cat?post=45740"},{"taxonomy":"product_tag","embeddable":true,"href":"https:\/\/kinnunen.fi\/en\/wp-json\/wp\/v2\/product_tag?post=45740"}],"curies":[{"name":"wp","href":"https:\/\/api.w.org\/{rel}","templated":true}]}}