

{"id":45875,"date":"2025-10-10T09:31:05","date_gmt":"2025-10-10T06:31:05","guid":{"rendered":"https:\/\/kinnunen.fi\/?post_type=product&#038;p=45875"},"modified":"2026-04-18T04:00:10","modified_gmt":"2026-04-18T01:00:10","slug":"care-vital-nutrition-spa-creambath-kuiville-ja-hauraille-hiuksille-1000ml","status":"publish","type":"product","link":"https:\/\/kinnunen.fi\/en\/product\/care-vital-nutrition-spa-creambath-kuiville-ja-hauraille-hiuksille-1000ml\/","title":{"rendered":"Care Vital Nutrition Spa Creambath -kuiville ja hauraille hiuksille, 1000ml"},"content":{"rendered":"<p>Hemmottele hiuksia ylellisell\u00e4 Vital Nutrition Spa Creambathilla, joka on syv\u00e4kosteuttava ja antaa kuiville ja vaurioituneille hiuksille pitk\u00e4kestoista kosteutta ja vahvuutta. Eritt\u00e4in hoitavilla ainesosilla rikastettu samettinen voide sulautuu hiuksiin korjaten, raviten ja elvytt\u00e4en niit\u00e4.<\/p>\n<p>\u25fe Ceramides are the building blocks of healthy hair, locking in moisture and strengthening the hair's natural protective layer. Biomimetic ceramides mimic the structure of the hair's own lipids, improving elasticity, smoothing the rough protective layer and locking in moisture to make hair softer and healthier.<\/p>\n<p>\u25fe Known as the \"Eternal Flower\", immortelle is packed with antioxidants and essential nutrients that help protect hair from environmental stressors while promoting durability and shine. It revitalises hair, leaving it soft, shiny and vibrant.<\/p>","protected":false},"excerpt":{"rendered":"<p>Syv\u00e4kosteuttava spa -hoito kuiville, vaurioituneille tai hauraille hiuksille, jotka tarvitsevat hoitoa. Vital Nutrition tuotteiden sis\u00e4lt\u00e4m\u00e4t ainesosat palauttaa t\u00e4rke\u00e4t lipidit, lukitsee kosteuden ja vahvistaa hiuksia sis\u00e4lt\u00e4p\u00e4in.<\/p>","protected":false},"featured_media":45510,"comment_status":"open","ping_status":"closed","template":"","meta":{"_relevanssi_hide_post":"","_relevanssi_pin_for_all":"","_relevanssi_pin_keywords":"","_relevanssi_unpin_keywords":"","_relevanssi_related_keywords":"","_relevanssi_related_include_ids":"","_relevanssi_related_exclude_ids":"","_relevanssi_related_no_append":"","_relevanssi_related_not_related":"","_relevanssi_related_posts":"","_relevanssi_noindex_reason":""},"product_cat":[1727,1734,1735,1730,1731],"product_tag":[],"class_list":["post-45875","product","type-product","status-publish","has-post-thumbnail","hentry","product_cat-hiuskosmetiikka","product_cat-hoitoaineet-ja-hiusmaamiot","product_cat-keune-care-hoitoaineet-ja-hiusmaamiot","product_cat-muut-hoitotuotteet-oljyt-ja-hiuspohjan-hoito","product_cat-keune-care-muut-hoitotuotteet-oljyt-ja-hiuspohjan-hoito","tuotemerkki-keune-care","tuotemerkki-keune-haircosmetics"],"tuotemerkit":[{"term_id":26,"name":"Keune Care","slug":"keune-care","term_group":0,"term_taxonomy_id":26,"taxonomy":"tuotemerkki","description":"","parent":25,"count":137,"filter":"raw"},{"term_id":25,"name":"Keune Haircosmetics","slug":"keune-haircosmetics","term_group":0,"term_taxonomy_id":25,"taxonomy":"tuotemerkki","description":"","parent":0,"count":277,"filter":"raw"}],"acf":[],"yoast_head":"<!-- This site is optimized with the Yoast SEO plugin v23.3 - https:\/\/yoast.com\/wordpress\/plugins\/seo\/ -->\n<title>Care Vital Nutrition Spa Creambath -kuiville ja hauraille hiuksille, 1000ml - Kinnunen<\/title>\n<meta name=\"robots\" content=\"index, follow, max-snippet:-1, max-image-preview:large, max-video-preview:-1\" \/>\n<link rel=\"canonical\" href=\"https:\/\/kinnunen.fi\/en\/product\/care-vital-nutrition-spa-creambath-kuiville-ja-hauraille-hiuksille-1000ml\/\" \/>\n<meta property=\"og:locale\" content=\"en_GB\" \/>\n<meta property=\"og:type\" content=\"article\" \/>\n<meta property=\"og:title\" content=\"Care Vital Nutrition Spa Creambath -kuiville ja hauraille hiuksille, 1000ml - Kinnunen\" \/>\n<meta property=\"og:description\" content=\"Syv\u00e4kosteuttava spa -hoito kuiville, vaurioituneille tai hauraille hiuksille, jotka tarvitsevat hoitoa. Vital Nutrition tuotteiden sis\u00e4lt\u00e4m\u00e4t ainesosat palauttaa t\u00e4rke\u00e4t lipidit, lukitsee kosteuden ja vahvistaa hiuksia sis\u00e4lt\u00e4p\u00e4in.\" \/>\n<meta property=\"og:url\" content=\"https:\/\/kinnunen.fi\/en\/product\/care-vital-nutrition-spa-creambath-kuiville-ja-hauraille-hiuksille-1000ml\/\" \/>\n<meta property=\"og:site_name\" content=\"Kinnunen\" \/>\n<meta property=\"article:modified_time\" content=\"2026-04-18T01:00:10+00:00\" \/>\n<meta property=\"og:image\" content=\"https:\/\/kinnunen.fi\/wp-content\/uploads\/2025\/09\/21556-Keune-Care-Vital-Nutrition-Spa-Creambath-1000ml-Packshot-small.jpg\" \/>\n\t<meta property=\"og:image:width\" content=\"1181\" \/>\n\t<meta property=\"og:image:height\" content=\"1181\" \/>\n\t<meta property=\"og:image:type\" content=\"image\/jpeg\" \/>\n<meta name=\"twitter:card\" content=\"summary_large_image\" \/>\n<meta name=\"twitter:label1\" content=\"Estimated reading time\" \/>\n\t<meta name=\"twitter:data1\" content=\"1 minute\" \/>\n<script type=\"application\/ld+json\" class=\"yoast-schema-graph\">{\"@context\":\"https:\/\/schema.org\",\"@graph\":[{\"@type\":\"WebPage\",\"@id\":\"https:\/\/kinnunen.fi\/tuote\/care-vital-nutrition-spa-creambath-kuiville-ja-hauraille-hiuksille-1000ml\/\",\"url\":\"https:\/\/kinnunen.fi\/tuote\/care-vital-nutrition-spa-creambath-kuiville-ja-hauraille-hiuksille-1000ml\/\",\"name\":\"Care Vital Nutrition Spa Creambath -kuiville ja hauraille hiuksille, 1000ml - Kinnunen\",\"isPartOf\":{\"@id\":\"https:\/\/kinnunen.fi\/#website\"},\"primaryImageOfPage\":{\"@id\":\"https:\/\/kinnunen.fi\/tuote\/care-vital-nutrition-spa-creambath-kuiville-ja-hauraille-hiuksille-1000ml\/#primaryimage\"},\"image\":{\"@id\":\"https:\/\/kinnunen.fi\/tuote\/care-vital-nutrition-spa-creambath-kuiville-ja-hauraille-hiuksille-1000ml\/#primaryimage\"},\"thumbnailUrl\":\"https:\/\/kinnunen.fi\/wp-content\/uploads\/2025\/09\/21556-Keune-Care-Vital-Nutrition-Spa-Creambath-1000ml-Packshot-small.jpg\",\"datePublished\":\"2025-10-10T06:31:05+00:00\",\"dateModified\":\"2026-04-18T01:00:10+00:00\",\"breadcrumb\":{\"@id\":\"https:\/\/kinnunen.fi\/tuote\/care-vital-nutrition-spa-creambath-kuiville-ja-hauraille-hiuksille-1000ml\/#breadcrumb\"},\"inLanguage\":\"en-GB\",\"potentialAction\":[{\"@type\":\"ReadAction\",\"target\":[\"https:\/\/kinnunen.fi\/tuote\/care-vital-nutrition-spa-creambath-kuiville-ja-hauraille-hiuksille-1000ml\/\"]}]},{\"@type\":\"ImageObject\",\"inLanguage\":\"en-GB\",\"@id\":\"https:\/\/kinnunen.fi\/tuote\/care-vital-nutrition-spa-creambath-kuiville-ja-hauraille-hiuksille-1000ml\/#primaryimage\",\"url\":\"https:\/\/kinnunen.fi\/wp-content\/uploads\/2025\/09\/21556-Keune-Care-Vital-Nutrition-Spa-Creambath-1000ml-Packshot-small.jpg\",\"contentUrl\":\"https:\/\/kinnunen.fi\/wp-content\/uploads\/2025\/09\/21556-Keune-Care-Vital-Nutrition-Spa-Creambath-1000ml-Packshot-small.jpg\",\"width\":1181,\"height\":1181},{\"@type\":\"BreadcrumbList\",\"@id\":\"https:\/\/kinnunen.fi\/tuote\/care-vital-nutrition-spa-creambath-kuiville-ja-hauraille-hiuksille-1000ml\/#breadcrumb\",\"itemListElement\":[{\"@type\":\"ListItem\",\"position\":1,\"name\":\"Etusivu\",\"item\":\"https:\/\/kinnunen.fi\/\"},{\"@type\":\"ListItem\",\"position\":2,\"name\":\"Kaikki tuotteet\",\"item\":\"https:\/\/kinnunen.fi\/kauppa\/\"},{\"@type\":\"ListItem\",\"position\":3,\"name\":\"Hiuskosmetiikka\",\"item\":\"https:\/\/kinnunen.fi\/tuote-osasto\/hiuskosmetiikka\/\"},{\"@type\":\"ListItem\",\"position\":4,\"name\":\"Care Vital Nutrition Spa Creambath -kuiville ja hauraille hiuksille, 1000ml\"}]},{\"@type\":\"WebSite\",\"@id\":\"https:\/\/kinnunen.fi\/#website\",\"url\":\"https:\/\/kinnunen.fi\/\",\"name\":\"Kinnunen\",\"description\":\"\",\"potentialAction\":[{\"@type\":\"SearchAction\",\"target\":{\"@type\":\"EntryPoint\",\"urlTemplate\":\"https:\/\/kinnunen.fi\/?s={search_term_string}\"},\"query-input\":\"required name=search_term_string\"}],\"inLanguage\":\"en-GB\"}]}<\/script>\n<!-- \/ Yoast SEO plugin. -->","yoast_head_json":{"title":"Care Vital Nutrition Spa Creambath -kuiville ja hauraille hiuksille, 1000ml - Kinnunen","robots":{"index":"index","follow":"follow","max-snippet":"max-snippet:-1","max-image-preview":"max-image-preview:large","max-video-preview":"max-video-preview:-1"},"canonical":"https:\/\/kinnunen.fi\/en\/product\/care-vital-nutrition-spa-creambath-kuiville-ja-hauraille-hiuksille-1000ml\/","og_locale":"en_GB","og_type":"article","og_title":"Care Vital Nutrition Spa Creambath -kuiville ja hauraille hiuksille, 1000ml - Kinnunen","og_description":"Syv\u00e4kosteuttava spa -hoito kuiville, vaurioituneille tai hauraille hiuksille, jotka tarvitsevat hoitoa. Vital Nutrition tuotteiden sis\u00e4lt\u00e4m\u00e4t ainesosat palauttaa t\u00e4rke\u00e4t lipidit, lukitsee kosteuden ja vahvistaa hiuksia sis\u00e4lt\u00e4p\u00e4in.","og_url":"https:\/\/kinnunen.fi\/en\/product\/care-vital-nutrition-spa-creambath-kuiville-ja-hauraille-hiuksille-1000ml\/","og_site_name":"Kinnunen","article_modified_time":"2026-04-18T01:00:10+00:00","og_image":[{"width":1181,"height":1181,"url":"https:\/\/kinnunen.fi\/wp-content\/uploads\/2025\/09\/21556-Keune-Care-Vital-Nutrition-Spa-Creambath-1000ml-Packshot-small.jpg","type":"image\/jpeg"}],"twitter_card":"summary_large_image","twitter_misc":{"Estimated reading time":"1 minute"},"schema":{"@context":"https:\/\/schema.org","@graph":[{"@type":"WebPage","@id":"https:\/\/kinnunen.fi\/tuote\/care-vital-nutrition-spa-creambath-kuiville-ja-hauraille-hiuksille-1000ml\/","url":"https:\/\/kinnunen.fi\/tuote\/care-vital-nutrition-spa-creambath-kuiville-ja-hauraille-hiuksille-1000ml\/","name":"Care Vital Nutrition Spa Creambath -kuiville ja hauraille hiuksille, 1000ml - Kinnunen","isPartOf":{"@id":"https:\/\/kinnunen.fi\/#website"},"primaryImageOfPage":{"@id":"https:\/\/kinnunen.fi\/tuote\/care-vital-nutrition-spa-creambath-kuiville-ja-hauraille-hiuksille-1000ml\/#primaryimage"},"image":{"@id":"https:\/\/kinnunen.fi\/tuote\/care-vital-nutrition-spa-creambath-kuiville-ja-hauraille-hiuksille-1000ml\/#primaryimage"},"thumbnailUrl":"https:\/\/kinnunen.fi\/wp-content\/uploads\/2025\/09\/21556-Keune-Care-Vital-Nutrition-Spa-Creambath-1000ml-Packshot-small.jpg","datePublished":"2025-10-10T06:31:05+00:00","dateModified":"2026-04-18T01:00:10+00:00","breadcrumb":{"@id":"https:\/\/kinnunen.fi\/tuote\/care-vital-nutrition-spa-creambath-kuiville-ja-hauraille-hiuksille-1000ml\/#breadcrumb"},"inLanguage":"en-GB","potentialAction":[{"@type":"ReadAction","target":["https:\/\/kinnunen.fi\/tuote\/care-vital-nutrition-spa-creambath-kuiville-ja-hauraille-hiuksille-1000ml\/"]}]},{"@type":"ImageObject","inLanguage":"en-GB","@id":"https:\/\/kinnunen.fi\/tuote\/care-vital-nutrition-spa-creambath-kuiville-ja-hauraille-hiuksille-1000ml\/#primaryimage","url":"https:\/\/kinnunen.fi\/wp-content\/uploads\/2025\/09\/21556-Keune-Care-Vital-Nutrition-Spa-Creambath-1000ml-Packshot-small.jpg","contentUrl":"https:\/\/kinnunen.fi\/wp-content\/uploads\/2025\/09\/21556-Keune-Care-Vital-Nutrition-Spa-Creambath-1000ml-Packshot-small.jpg","width":1181,"height":1181},{"@type":"BreadcrumbList","@id":"https:\/\/kinnunen.fi\/tuote\/care-vital-nutrition-spa-creambath-kuiville-ja-hauraille-hiuksille-1000ml\/#breadcrumb","itemListElement":[{"@type":"ListItem","position":1,"name":"Etusivu","item":"https:\/\/kinnunen.fi\/"},{"@type":"ListItem","position":2,"name":"Kaikki tuotteet","item":"https:\/\/kinnunen.fi\/kauppa\/"},{"@type":"ListItem","position":3,"name":"Hiuskosmetiikka","item":"https:\/\/kinnunen.fi\/tuote-osasto\/hiuskosmetiikka\/"},{"@type":"ListItem","position":4,"name":"Care Vital Nutrition Spa Creambath -kuiville ja hauraille hiuksille, 1000ml"}]},{"@type":"WebSite","@id":"https:\/\/kinnunen.fi\/#website","url":"https:\/\/kinnunen.fi\/","name":"Kinnunen","description":"","potentialAction":[{"@type":"SearchAction","target":{"@type":"EntryPoint","urlTemplate":"https:\/\/kinnunen.fi\/?s={search_term_string}"},"query-input":"required name=search_term_string"}],"inLanguage":"en-GB"}]}},"_links":{"self":[{"href":"https:\/\/kinnunen.fi\/en\/wp-json\/wp\/v2\/product\/45875"}],"collection":[{"href":"https:\/\/kinnunen.fi\/en\/wp-json\/wp\/v2\/product"}],"about":[{"href":"https:\/\/kinnunen.fi\/en\/wp-json\/wp\/v2\/types\/product"}],"replies":[{"embeddable":true,"href":"https:\/\/kinnunen.fi\/en\/wp-json\/wp\/v2\/comments?post=45875"}],"wp:featuredmedia":[{"embeddable":true,"href":"https:\/\/kinnunen.fi\/en\/wp-json\/wp\/v2\/media\/45510"}],"wp:attachment":[{"href":"https:\/\/kinnunen.fi\/en\/wp-json\/wp\/v2\/media?parent=45875"}],"wp:term":[{"taxonomy":"product_cat","embeddable":true,"href":"https:\/\/kinnunen.fi\/en\/wp-json\/wp\/v2\/product_cat?post=45875"},{"taxonomy":"product_tag","embeddable":true,"href":"https:\/\/kinnunen.fi\/en\/wp-json\/wp\/v2\/product_tag?post=45875"}],"curies":[{"name":"wp","href":"https:\/\/api.w.org\/{rel}","templated":true}]}}