

{"id":45881,"date":"2025-10-10T09:33:49","date_gmt":"2025-10-10T06:33:49","guid":{"rendered":"https:\/\/kinnunen.fi\/?post_type=product&#038;p=45881"},"modified":"2026-04-18T04:00:09","modified_gmt":"2026-04-18T01:00:09","slug":"care-vital-nutrition-mask-kuivat-ja-hauraat-hiukset-500ml","status":"publish","type":"product","link":"https:\/\/kinnunen.fi\/en\/product\/care-vital-nutrition-mask-kuivat-ja-hauraat-hiukset-500ml\/","title":{"rendered":"Care Vital Nutrition Mask -kuivat ja hauraat hiukset, 500ml"},"content":{"rendered":"<p>Renew dry and tired hair with Vital Nutrition Nourishing Mask, a rich and highly moisturizing treatment designed to deeply nourish, repair and restore softness to hair. This pampering mask delivers moisture and nutrients, leaving hair silky soft, strong and beautifully revitalised.<\/p>\n<p>\u25fe Ceramides are the building blocks of healthy hair, locking in moisture and strengthening the hair's natural protective layer. Biomimetic ceramides mimic the structure of the hair's own lipids, improving elasticity, smoothing the rough protective layer and locking in moisture to make hair softer and healthier.<\/p>\n<p>\u25fe Known as the \"Eternal Flower\", immortelle is packed with antioxidants and essential nutrients that help protect hair from environmental stressors while promoting durability and shine. It revitalises hair, leaving it soft, shiny and vibrant.<\/p>","protected":false},"excerpt":{"rendered":"<p>An intensive treatment for dry, damaged or brittle hair in need of care. Vital Nutrition products contain ingredients that restore essential lipids, lock in moisture and strengthen hair from the inside out.<\/p>","protected":false},"featured_media":45480,"comment_status":"open","ping_status":"closed","template":"","meta":{"_relevanssi_hide_post":"","_relevanssi_pin_for_all":"","_relevanssi_pin_keywords":"","_relevanssi_unpin_keywords":"","_relevanssi_related_keywords":"","_relevanssi_related_include_ids":"","_relevanssi_related_exclude_ids":"","_relevanssi_related_no_append":"","_relevanssi_related_not_related":"","_relevanssi_related_posts":"","_relevanssi_noindex_reason":""},"product_cat":[1727,1734,1735],"product_tag":[],"class_list":["post-45881","product","type-product","status-publish","has-post-thumbnail","hentry","product_cat-hiuskosmetiikka","product_cat-hoitoaineet-ja-hiusmaamiot","product_cat-keune-care-hoitoaineet-ja-hiusmaamiot","tuotemerkki-keune-care","tuotemerkki-keune-haircosmetics"],"tuotemerkit":[{"term_id":26,"name":"Keune Care","slug":"keune-care","term_group":0,"term_taxonomy_id":26,"taxonomy":"tuotemerkki","description":"","parent":25,"count":137,"filter":"raw"},{"term_id":25,"name":"Keune Haircosmetics","slug":"keune-haircosmetics","term_group":0,"term_taxonomy_id":25,"taxonomy":"tuotemerkki","description":"","parent":0,"count":277,"filter":"raw"}],"acf":[],"yoast_head":"<!-- This site is optimized with the Yoast SEO plugin v23.3 - https:\/\/yoast.com\/wordpress\/plugins\/seo\/ -->\n<title>Care Vital Nutrition Mask -kuivat ja hauraat hiukset, 500ml - Kinnunen<\/title>\n<meta name=\"robots\" content=\"index, follow, max-snippet:-1, max-image-preview:large, max-video-preview:-1\" \/>\n<link rel=\"canonical\" href=\"https:\/\/kinnunen.fi\/en\/product\/care-vital-nutrition-mask-kuivat-ja-hauraat-hiukset-500ml\/\" \/>\n<meta property=\"og:locale\" content=\"en_GB\" \/>\n<meta property=\"og:type\" content=\"article\" \/>\n<meta property=\"og:title\" content=\"Care Vital Nutrition Mask -kuivat ja hauraat hiukset, 500ml - Kinnunen\" \/>\n<meta property=\"og:description\" content=\"Tehohoito kuiville, vaurioituneille tai hauraille hiuksille, jotka tarvitsevat hoitoa. Vital Nutrition tuotteiden sis\u00e4lt\u00e4m\u00e4t ainesosat palauttaa t\u00e4rke\u00e4t lipidit, lukitsee kosteuden ja vahvistaa hiuksia sis\u00e4lt\u00e4p\u00e4in.\" \/>\n<meta property=\"og:url\" content=\"https:\/\/kinnunen.fi\/en\/product\/care-vital-nutrition-mask-kuivat-ja-hauraat-hiukset-500ml\/\" \/>\n<meta property=\"og:site_name\" content=\"Kinnunen\" \/>\n<meta property=\"article:modified_time\" content=\"2026-04-18T01:00:09+00:00\" \/>\n<meta property=\"og:image\" content=\"https:\/\/kinnunen.fi\/wp-content\/uploads\/2025\/09\/21521-Keune-Care-Vital-Nutrition-Mask-500ml.jpeg\" \/>\n\t<meta property=\"og:image:width\" content=\"1799\" \/>\n\t<meta property=\"og:image:height\" content=\"1799\" \/>\n\t<meta property=\"og:image:type\" content=\"image\/jpeg\" \/>\n<meta name=\"twitter:card\" content=\"summary_large_image\" \/>\n<meta name=\"twitter:label1\" content=\"Estimated reading time\" \/>\n\t<meta name=\"twitter:data1\" content=\"1 minute\" \/>\n<script type=\"application\/ld+json\" class=\"yoast-schema-graph\">{\"@context\":\"https:\/\/schema.org\",\"@graph\":[{\"@type\":\"WebPage\",\"@id\":\"https:\/\/kinnunen.fi\/tuote\/care-vital-nutrition-mask-kuivat-ja-hauraat-hiukset-500ml\/\",\"url\":\"https:\/\/kinnunen.fi\/tuote\/care-vital-nutrition-mask-kuivat-ja-hauraat-hiukset-500ml\/\",\"name\":\"Care Vital Nutrition Mask -kuivat ja hauraat hiukset, 500ml - Kinnunen\",\"isPartOf\":{\"@id\":\"https:\/\/kinnunen.fi\/#website\"},\"primaryImageOfPage\":{\"@id\":\"https:\/\/kinnunen.fi\/tuote\/care-vital-nutrition-mask-kuivat-ja-hauraat-hiukset-500ml\/#primaryimage\"},\"image\":{\"@id\":\"https:\/\/kinnunen.fi\/tuote\/care-vital-nutrition-mask-kuivat-ja-hauraat-hiukset-500ml\/#primaryimage\"},\"thumbnailUrl\":\"https:\/\/kinnunen.fi\/wp-content\/uploads\/2025\/09\/21521-Keune-Care-Vital-Nutrition-Mask-500ml.jpeg\",\"datePublished\":\"2025-10-10T06:33:49+00:00\",\"dateModified\":\"2026-04-18T01:00:09+00:00\",\"breadcrumb\":{\"@id\":\"https:\/\/kinnunen.fi\/tuote\/care-vital-nutrition-mask-kuivat-ja-hauraat-hiukset-500ml\/#breadcrumb\"},\"inLanguage\":\"en-GB\",\"potentialAction\":[{\"@type\":\"ReadAction\",\"target\":[\"https:\/\/kinnunen.fi\/tuote\/care-vital-nutrition-mask-kuivat-ja-hauraat-hiukset-500ml\/\"]}]},{\"@type\":\"ImageObject\",\"inLanguage\":\"en-GB\",\"@id\":\"https:\/\/kinnunen.fi\/tuote\/care-vital-nutrition-mask-kuivat-ja-hauraat-hiukset-500ml\/#primaryimage\",\"url\":\"https:\/\/kinnunen.fi\/wp-content\/uploads\/2025\/09\/21521-Keune-Care-Vital-Nutrition-Mask-500ml.jpeg\",\"contentUrl\":\"https:\/\/kinnunen.fi\/wp-content\/uploads\/2025\/09\/21521-Keune-Care-Vital-Nutrition-Mask-500ml.jpeg\",\"width\":1799,\"height\":1799},{\"@type\":\"BreadcrumbList\",\"@id\":\"https:\/\/kinnunen.fi\/tuote\/care-vital-nutrition-mask-kuivat-ja-hauraat-hiukset-500ml\/#breadcrumb\",\"itemListElement\":[{\"@type\":\"ListItem\",\"position\":1,\"name\":\"Etusivu\",\"item\":\"https:\/\/kinnunen.fi\/\"},{\"@type\":\"ListItem\",\"position\":2,\"name\":\"Kaikki tuotteet\",\"item\":\"https:\/\/kinnunen.fi\/kauppa\/\"},{\"@type\":\"ListItem\",\"position\":3,\"name\":\"Hiuskosmetiikka\",\"item\":\"https:\/\/kinnunen.fi\/tuote-osasto\/hiuskosmetiikka\/\"},{\"@type\":\"ListItem\",\"position\":4,\"name\":\"Care Vital Nutrition Mask -kuivat ja hauraat hiukset, 500ml\"}]},{\"@type\":\"WebSite\",\"@id\":\"https:\/\/kinnunen.fi\/#website\",\"url\":\"https:\/\/kinnunen.fi\/\",\"name\":\"Kinnunen\",\"description\":\"\",\"potentialAction\":[{\"@type\":\"SearchAction\",\"target\":{\"@type\":\"EntryPoint\",\"urlTemplate\":\"https:\/\/kinnunen.fi\/?s={search_term_string}\"},\"query-input\":\"required name=search_term_string\"}],\"inLanguage\":\"en-GB\"}]}<\/script>\n<!-- \/ Yoast SEO plugin. -->","yoast_head_json":{"title":"Care Vital Nutrition Mask -kuivat ja hauraat hiukset, 500ml - Kinnunen","robots":{"index":"index","follow":"follow","max-snippet":"max-snippet:-1","max-image-preview":"max-image-preview:large","max-video-preview":"max-video-preview:-1"},"canonical":"https:\/\/kinnunen.fi\/en\/product\/care-vital-nutrition-mask-kuivat-ja-hauraat-hiukset-500ml\/","og_locale":"en_GB","og_type":"article","og_title":"Care Vital Nutrition Mask -kuivat ja hauraat hiukset, 500ml - Kinnunen","og_description":"Tehohoito kuiville, vaurioituneille tai hauraille hiuksille, jotka tarvitsevat hoitoa. Vital Nutrition tuotteiden sis\u00e4lt\u00e4m\u00e4t ainesosat palauttaa t\u00e4rke\u00e4t lipidit, lukitsee kosteuden ja vahvistaa hiuksia sis\u00e4lt\u00e4p\u00e4in.","og_url":"https:\/\/kinnunen.fi\/en\/product\/care-vital-nutrition-mask-kuivat-ja-hauraat-hiukset-500ml\/","og_site_name":"Kinnunen","article_modified_time":"2026-04-18T01:00:09+00:00","og_image":[{"width":1799,"height":1799,"url":"https:\/\/kinnunen.fi\/wp-content\/uploads\/2025\/09\/21521-Keune-Care-Vital-Nutrition-Mask-500ml.jpeg","type":"image\/jpeg"}],"twitter_card":"summary_large_image","twitter_misc":{"Estimated reading time":"1 minute"},"schema":{"@context":"https:\/\/schema.org","@graph":[{"@type":"WebPage","@id":"https:\/\/kinnunen.fi\/tuote\/care-vital-nutrition-mask-kuivat-ja-hauraat-hiukset-500ml\/","url":"https:\/\/kinnunen.fi\/tuote\/care-vital-nutrition-mask-kuivat-ja-hauraat-hiukset-500ml\/","name":"Care Vital Nutrition Mask -kuivat ja hauraat hiukset, 500ml - Kinnunen","isPartOf":{"@id":"https:\/\/kinnunen.fi\/#website"},"primaryImageOfPage":{"@id":"https:\/\/kinnunen.fi\/tuote\/care-vital-nutrition-mask-kuivat-ja-hauraat-hiukset-500ml\/#primaryimage"},"image":{"@id":"https:\/\/kinnunen.fi\/tuote\/care-vital-nutrition-mask-kuivat-ja-hauraat-hiukset-500ml\/#primaryimage"},"thumbnailUrl":"https:\/\/kinnunen.fi\/wp-content\/uploads\/2025\/09\/21521-Keune-Care-Vital-Nutrition-Mask-500ml.jpeg","datePublished":"2025-10-10T06:33:49+00:00","dateModified":"2026-04-18T01:00:09+00:00","breadcrumb":{"@id":"https:\/\/kinnunen.fi\/tuote\/care-vital-nutrition-mask-kuivat-ja-hauraat-hiukset-500ml\/#breadcrumb"},"inLanguage":"en-GB","potentialAction":[{"@type":"ReadAction","target":["https:\/\/kinnunen.fi\/tuote\/care-vital-nutrition-mask-kuivat-ja-hauraat-hiukset-500ml\/"]}]},{"@type":"ImageObject","inLanguage":"en-GB","@id":"https:\/\/kinnunen.fi\/tuote\/care-vital-nutrition-mask-kuivat-ja-hauraat-hiukset-500ml\/#primaryimage","url":"https:\/\/kinnunen.fi\/wp-content\/uploads\/2025\/09\/21521-Keune-Care-Vital-Nutrition-Mask-500ml.jpeg","contentUrl":"https:\/\/kinnunen.fi\/wp-content\/uploads\/2025\/09\/21521-Keune-Care-Vital-Nutrition-Mask-500ml.jpeg","width":1799,"height":1799},{"@type":"BreadcrumbList","@id":"https:\/\/kinnunen.fi\/tuote\/care-vital-nutrition-mask-kuivat-ja-hauraat-hiukset-500ml\/#breadcrumb","itemListElement":[{"@type":"ListItem","position":1,"name":"Etusivu","item":"https:\/\/kinnunen.fi\/"},{"@type":"ListItem","position":2,"name":"Kaikki tuotteet","item":"https:\/\/kinnunen.fi\/kauppa\/"},{"@type":"ListItem","position":3,"name":"Hiuskosmetiikka","item":"https:\/\/kinnunen.fi\/tuote-osasto\/hiuskosmetiikka\/"},{"@type":"ListItem","position":4,"name":"Care Vital Nutrition Mask -kuivat ja hauraat hiukset, 500ml"}]},{"@type":"WebSite","@id":"https:\/\/kinnunen.fi\/#website","url":"https:\/\/kinnunen.fi\/","name":"Kinnunen","description":"","potentialAction":[{"@type":"SearchAction","target":{"@type":"EntryPoint","urlTemplate":"https:\/\/kinnunen.fi\/?s={search_term_string}"},"query-input":"required name=search_term_string"}],"inLanguage":"en-GB"}]}},"_links":{"self":[{"href":"https:\/\/kinnunen.fi\/en\/wp-json\/wp\/v2\/product\/45881"}],"collection":[{"href":"https:\/\/kinnunen.fi\/en\/wp-json\/wp\/v2\/product"}],"about":[{"href":"https:\/\/kinnunen.fi\/en\/wp-json\/wp\/v2\/types\/product"}],"replies":[{"embeddable":true,"href":"https:\/\/kinnunen.fi\/en\/wp-json\/wp\/v2\/comments?post=45881"}],"wp:featuredmedia":[{"embeddable":true,"href":"https:\/\/kinnunen.fi\/en\/wp-json\/wp\/v2\/media\/45480"}],"wp:attachment":[{"href":"https:\/\/kinnunen.fi\/en\/wp-json\/wp\/v2\/media?parent=45881"}],"wp:term":[{"taxonomy":"product_cat","embeddable":true,"href":"https:\/\/kinnunen.fi\/en\/wp-json\/wp\/v2\/product_cat?post=45881"},{"taxonomy":"product_tag","embeddable":true,"href":"https:\/\/kinnunen.fi\/en\/wp-json\/wp\/v2\/product_tag?post=45881"}],"curies":[{"name":"wp","href":"https:\/\/api.w.org\/{rel}","templated":true}]}}