

{"id":45907,"date":"2025-10-10T12:12:05","date_gmt":"2025-10-10T09:12:05","guid":{"rendered":"https:\/\/kinnunen.fi\/?post_type=product&#038;p=45907"},"modified":"2026-04-21T04:00:11","modified_gmt":"2026-04-21T01:00:11","slug":"care-miracle-elixir-keratin-booster-15x2ml","status":"publish","type":"product","link":"https:\/\/kinnunen.fi\/en\/product\/care-miracle-elixir-keratin-booster-15x2ml\/","title":{"rendered":"Care Miracle Elixir Keratin Booster, 15x2ml"},"content":{"rendered":"<p>Miracle Elixir tuotteet on edistynein hoitoratkaisu Keunelta vaurioituneiden, ylik\u00e4sitellyiden tai hauraille hiuksille. Syv\u00e4korjaava koostumus rakentaa hiusrakennetta uudelleen sis\u00e4lt\u00e4p\u00e4in parantaen hiusten vahvuutta, kimmoisuutta ja pehmeytt\u00e4.<\/p>\n<p>\u25fe Glyseroli (glyseriini) imee kosteutta ja pit\u00e4\u00e4 sen lukittuna, auttaen kosteuttamaan kuivia ja k\u00e4siteltyj\u00e4 hiuksia ja parantamaan niiden kimmoisuutta. Yhdess\u00e4 kasviper\u00e4isen keratiinin, hiusten sis\u00e4isen rakenteen uudelleenrakentamiseen tarvittavan v\u00e4ltt\u00e4m\u00e4tt\u00f6m\u00e4n proteiinin, kanssa t\u00e4m\u00e4 tehokas sekoitus korjaa katkeilua, silottaa kaksihaaraisia ja suojaa hiuksia tulevilta vaurioilta.<\/p>\n<p>\u25fe Kylm\u00e4puristettu ja luonnostaan runsaasti v\u00e4ltt\u00e4m\u00e4tt\u00f6mi\u00e4 rasvahappoja sis\u00e4lt\u00e4v\u00e4 orgaaninen kookos\u00f6ljy tunkeutuu syv\u00e4lle hiukseen ravitsemaan, suojaamaan ja v\u00e4hent\u00e4m\u00e4\u00e4n kosteuden menetyst\u00e4 joka on avaintekij\u00e4 vaurioiden korjaamisessa. Se silottaa karheaa ja haurasta hiuspintaa ja auttaa sulkemaan hiuksen pinnan sile\u00e4n lopputuloksen saavuttamiseksi, j\u00e4tt\u00e4en hiukset pehme\u00e4mmiksi, silkkisemmiksi ja n\u00e4kyv\u00e4sti elpyneiksi.<\/p>\n<p>K\u00e4ytt\u00f6: Lis\u00e4\u00e4 yksi ampulli 15 grammaan valitsemaasi naamiota. Sekoita huolellisesti ja levit\u00e4 tasaisesti shampoolla pestyihin, pyyhekuiviin hiuksiin. Anna vaikuttaa 20 minuuttia ja huuhtele huolellisesti.<\/p>","protected":false},"excerpt":{"rendered":"<p>Uudista vaurioituneita ja k\u00e4sitellyit\u00e4 hiuksia Miracle Elixir Keratin Boosterilla, tehokkaalla kasvipohjaista keratiinia sis\u00e4lt\u00e4v\u00e4ll\u00e4 tehotuotteella, joka uudistaa hiuskuitua sis\u00e4lt\u00e4p\u00e4in. Tehokas hoito kohdistuu heikentyneisiin alueisiin, silottaa hiussuomua ja auttaa palauttamaan hiusten kimmoisuuden \u2013 j\u00e4tt\u00e4en hiukset huomattavasti vahvemmiksi, kiilt\u00e4v\u00e4mmiksi ja kest\u00e4v\u00e4mmiksi.<\/p>","protected":false},"featured_media":45552,"comment_status":"open","ping_status":"closed","template":"","meta":{"_relevanssi_hide_post":"","_relevanssi_pin_for_all":"","_relevanssi_pin_keywords":"","_relevanssi_unpin_keywords":"","_relevanssi_related_keywords":"","_relevanssi_related_include_ids":"","_relevanssi_related_exclude_ids":"","_relevanssi_related_no_append":"","_relevanssi_related_not_related":"","_relevanssi_related_posts":"","_relevanssi_noindex_reason":""},"product_cat":[1727,1730,1731],"product_tag":[],"class_list":["post-45907","product","type-product","status-publish","has-post-thumbnail","hentry","product_cat-hiuskosmetiikka","product_cat-muut-hoitotuotteet-oljyt-ja-hiuspohjan-hoito","product_cat-keune-care-muut-hoitotuotteet-oljyt-ja-hiuspohjan-hoito","tuotemerkki-keune-care","tuotemerkki-keune-haircosmetics"],"tuotemerkit":[{"term_id":26,"name":"Keune Care","slug":"keune-care","term_group":0,"term_taxonomy_id":26,"taxonomy":"tuotemerkki","description":"","parent":25,"count":137,"filter":"raw"},{"term_id":25,"name":"Keune Haircosmetics","slug":"keune-haircosmetics","term_group":0,"term_taxonomy_id":25,"taxonomy":"tuotemerkki","description":"","parent":0,"count":277,"filter":"raw"}],"acf":[],"yoast_head":"<!-- This site is optimized with the Yoast SEO plugin v23.3 - https:\/\/yoast.com\/wordpress\/plugins\/seo\/ -->\n<title>Care Miracle Elixir Keratin Booster, 15x2ml - Kinnunen<\/title>\n<meta name=\"robots\" content=\"index, follow, max-snippet:-1, max-image-preview:large, max-video-preview:-1\" \/>\n<link rel=\"canonical\" href=\"https:\/\/kinnunen.fi\/en\/product\/care-miracle-elixir-keratin-booster-15x2ml\/\" \/>\n<meta property=\"og:locale\" content=\"en_GB\" \/>\n<meta property=\"og:type\" content=\"article\" \/>\n<meta property=\"og:title\" content=\"Care Miracle Elixir Keratin Booster, 15x2ml - Kinnunen\" \/>\n<meta property=\"og:description\" content=\"Uudista vaurioituneita ja k\u00e4sitellyit\u00e4 hiuksia Miracle Elixir Keratin Boosterilla, tehokkaalla kasvipohjaista keratiinia sis\u00e4lt\u00e4v\u00e4ll\u00e4 tehotuotteella, joka uudistaa hiuskuitua sis\u00e4lt\u00e4p\u00e4in. Tehokas hoito kohdistuu heikentyneisiin alueisiin, silottaa hiussuomua ja auttaa palauttamaan hiusten kimmoisuuden \u2013 j\u00e4tt\u00e4en hiukset huomattavasti vahvemmiksi, kiilt\u00e4v\u00e4mmiksi ja kest\u00e4v\u00e4mmiksi.\" \/>\n<meta property=\"og:url\" content=\"https:\/\/kinnunen.fi\/en\/product\/care-miracle-elixir-keratin-booster-15x2ml\/\" \/>\n<meta property=\"og:site_name\" content=\"Kinnunen\" \/>\n<meta property=\"article:modified_time\" content=\"2026-04-21T01:00:11+00:00\" \/>\n<meta property=\"og:image\" content=\"https:\/\/kinnunen.fi\/wp-content\/uploads\/2025\/09\/21612-Keune-Care-Miracle-Elixer-Keratin-Booster-30ml-Packshot-small.jpg\" \/>\n\t<meta property=\"og:image:width\" content=\"1181\" \/>\n\t<meta property=\"og:image:height\" content=\"1181\" \/>\n\t<meta property=\"og:image:type\" content=\"image\/jpeg\" \/>\n<meta name=\"twitter:card\" content=\"summary_large_image\" \/>\n<meta name=\"twitter:label1\" content=\"Estimated reading time\" \/>\n\t<meta name=\"twitter:data1\" content=\"1 minute\" \/>\n<script type=\"application\/ld+json\" class=\"yoast-schema-graph\">{\"@context\":\"https:\/\/schema.org\",\"@graph\":[{\"@type\":\"WebPage\",\"@id\":\"https:\/\/kinnunen.fi\/tuote\/care-miracle-elixir-keratin-booster-15x2ml\/\",\"url\":\"https:\/\/kinnunen.fi\/tuote\/care-miracle-elixir-keratin-booster-15x2ml\/\",\"name\":\"Care Miracle Elixir Keratin Booster, 15x2ml - Kinnunen\",\"isPartOf\":{\"@id\":\"https:\/\/kinnunen.fi\/#website\"},\"primaryImageOfPage\":{\"@id\":\"https:\/\/kinnunen.fi\/tuote\/care-miracle-elixir-keratin-booster-15x2ml\/#primaryimage\"},\"image\":{\"@id\":\"https:\/\/kinnunen.fi\/tuote\/care-miracle-elixir-keratin-booster-15x2ml\/#primaryimage\"},\"thumbnailUrl\":\"https:\/\/kinnunen.fi\/wp-content\/uploads\/2025\/09\/21612-Keune-Care-Miracle-Elixer-Keratin-Booster-30ml-Packshot-small.jpg\",\"datePublished\":\"2025-10-10T09:12:05+00:00\",\"dateModified\":\"2026-04-21T01:00:11+00:00\",\"breadcrumb\":{\"@id\":\"https:\/\/kinnunen.fi\/tuote\/care-miracle-elixir-keratin-booster-15x2ml\/#breadcrumb\"},\"inLanguage\":\"en-GB\",\"potentialAction\":[{\"@type\":\"ReadAction\",\"target\":[\"https:\/\/kinnunen.fi\/tuote\/care-miracle-elixir-keratin-booster-15x2ml\/\"]}]},{\"@type\":\"ImageObject\",\"inLanguage\":\"en-GB\",\"@id\":\"https:\/\/kinnunen.fi\/tuote\/care-miracle-elixir-keratin-booster-15x2ml\/#primaryimage\",\"url\":\"https:\/\/kinnunen.fi\/wp-content\/uploads\/2025\/09\/21612-Keune-Care-Miracle-Elixer-Keratin-Booster-30ml-Packshot-small.jpg\",\"contentUrl\":\"https:\/\/kinnunen.fi\/wp-content\/uploads\/2025\/09\/21612-Keune-Care-Miracle-Elixer-Keratin-Booster-30ml-Packshot-small.jpg\",\"width\":1181,\"height\":1181},{\"@type\":\"BreadcrumbList\",\"@id\":\"https:\/\/kinnunen.fi\/tuote\/care-miracle-elixir-keratin-booster-15x2ml\/#breadcrumb\",\"itemListElement\":[{\"@type\":\"ListItem\",\"position\":1,\"name\":\"Etusivu\",\"item\":\"https:\/\/kinnunen.fi\/\"},{\"@type\":\"ListItem\",\"position\":2,\"name\":\"Kaikki tuotteet\",\"item\":\"https:\/\/kinnunen.fi\/kauppa\/\"},{\"@type\":\"ListItem\",\"position\":3,\"name\":\"Hiuskosmetiikka\",\"item\":\"https:\/\/kinnunen.fi\/tuote-osasto\/hiuskosmetiikka\/\"},{\"@type\":\"ListItem\",\"position\":4,\"name\":\"Care Miracle Elixir Keratin Booster, 15x2ml\"}]},{\"@type\":\"WebSite\",\"@id\":\"https:\/\/kinnunen.fi\/#website\",\"url\":\"https:\/\/kinnunen.fi\/\",\"name\":\"Kinnunen\",\"description\":\"\",\"potentialAction\":[{\"@type\":\"SearchAction\",\"target\":{\"@type\":\"EntryPoint\",\"urlTemplate\":\"https:\/\/kinnunen.fi\/?s={search_term_string}\"},\"query-input\":\"required name=search_term_string\"}],\"inLanguage\":\"en-GB\"}]}<\/script>\n<!-- \/ Yoast SEO plugin. -->","yoast_head_json":{"title":"Care Miracle Elixir Keratin Booster, 15x2ml - Kinnunen","robots":{"index":"index","follow":"follow","max-snippet":"max-snippet:-1","max-image-preview":"max-image-preview:large","max-video-preview":"max-video-preview:-1"},"canonical":"https:\/\/kinnunen.fi\/en\/product\/care-miracle-elixir-keratin-booster-15x2ml\/","og_locale":"en_GB","og_type":"article","og_title":"Care Miracle Elixir Keratin Booster, 15x2ml - Kinnunen","og_description":"Uudista vaurioituneita ja k\u00e4sitellyit\u00e4 hiuksia Miracle Elixir Keratin Boosterilla, tehokkaalla kasvipohjaista keratiinia sis\u00e4lt\u00e4v\u00e4ll\u00e4 tehotuotteella, joka uudistaa hiuskuitua sis\u00e4lt\u00e4p\u00e4in. Tehokas hoito kohdistuu heikentyneisiin alueisiin, silottaa hiussuomua ja auttaa palauttamaan hiusten kimmoisuuden \u2013 j\u00e4tt\u00e4en hiukset huomattavasti vahvemmiksi, kiilt\u00e4v\u00e4mmiksi ja kest\u00e4v\u00e4mmiksi.","og_url":"https:\/\/kinnunen.fi\/en\/product\/care-miracle-elixir-keratin-booster-15x2ml\/","og_site_name":"Kinnunen","article_modified_time":"2026-04-21T01:00:11+00:00","og_image":[{"width":1181,"height":1181,"url":"https:\/\/kinnunen.fi\/wp-content\/uploads\/2025\/09\/21612-Keune-Care-Miracle-Elixer-Keratin-Booster-30ml-Packshot-small.jpg","type":"image\/jpeg"}],"twitter_card":"summary_large_image","twitter_misc":{"Estimated reading time":"1 minute"},"schema":{"@context":"https:\/\/schema.org","@graph":[{"@type":"WebPage","@id":"https:\/\/kinnunen.fi\/tuote\/care-miracle-elixir-keratin-booster-15x2ml\/","url":"https:\/\/kinnunen.fi\/tuote\/care-miracle-elixir-keratin-booster-15x2ml\/","name":"Care Miracle Elixir Keratin Booster, 15x2ml - Kinnunen","isPartOf":{"@id":"https:\/\/kinnunen.fi\/#website"},"primaryImageOfPage":{"@id":"https:\/\/kinnunen.fi\/tuote\/care-miracle-elixir-keratin-booster-15x2ml\/#primaryimage"},"image":{"@id":"https:\/\/kinnunen.fi\/tuote\/care-miracle-elixir-keratin-booster-15x2ml\/#primaryimage"},"thumbnailUrl":"https:\/\/kinnunen.fi\/wp-content\/uploads\/2025\/09\/21612-Keune-Care-Miracle-Elixer-Keratin-Booster-30ml-Packshot-small.jpg","datePublished":"2025-10-10T09:12:05+00:00","dateModified":"2026-04-21T01:00:11+00:00","breadcrumb":{"@id":"https:\/\/kinnunen.fi\/tuote\/care-miracle-elixir-keratin-booster-15x2ml\/#breadcrumb"},"inLanguage":"en-GB","potentialAction":[{"@type":"ReadAction","target":["https:\/\/kinnunen.fi\/tuote\/care-miracle-elixir-keratin-booster-15x2ml\/"]}]},{"@type":"ImageObject","inLanguage":"en-GB","@id":"https:\/\/kinnunen.fi\/tuote\/care-miracle-elixir-keratin-booster-15x2ml\/#primaryimage","url":"https:\/\/kinnunen.fi\/wp-content\/uploads\/2025\/09\/21612-Keune-Care-Miracle-Elixer-Keratin-Booster-30ml-Packshot-small.jpg","contentUrl":"https:\/\/kinnunen.fi\/wp-content\/uploads\/2025\/09\/21612-Keune-Care-Miracle-Elixer-Keratin-Booster-30ml-Packshot-small.jpg","width":1181,"height":1181},{"@type":"BreadcrumbList","@id":"https:\/\/kinnunen.fi\/tuote\/care-miracle-elixir-keratin-booster-15x2ml\/#breadcrumb","itemListElement":[{"@type":"ListItem","position":1,"name":"Etusivu","item":"https:\/\/kinnunen.fi\/"},{"@type":"ListItem","position":2,"name":"Kaikki tuotteet","item":"https:\/\/kinnunen.fi\/kauppa\/"},{"@type":"ListItem","position":3,"name":"Hiuskosmetiikka","item":"https:\/\/kinnunen.fi\/tuote-osasto\/hiuskosmetiikka\/"},{"@type":"ListItem","position":4,"name":"Care Miracle Elixir Keratin Booster, 15x2ml"}]},{"@type":"WebSite","@id":"https:\/\/kinnunen.fi\/#website","url":"https:\/\/kinnunen.fi\/","name":"Kinnunen","description":"","potentialAction":[{"@type":"SearchAction","target":{"@type":"EntryPoint","urlTemplate":"https:\/\/kinnunen.fi\/?s={search_term_string}"},"query-input":"required name=search_term_string"}],"inLanguage":"en-GB"}]}},"_links":{"self":[{"href":"https:\/\/kinnunen.fi\/en\/wp-json\/wp\/v2\/product\/45907"}],"collection":[{"href":"https:\/\/kinnunen.fi\/en\/wp-json\/wp\/v2\/product"}],"about":[{"href":"https:\/\/kinnunen.fi\/en\/wp-json\/wp\/v2\/types\/product"}],"replies":[{"embeddable":true,"href":"https:\/\/kinnunen.fi\/en\/wp-json\/wp\/v2\/comments?post=45907"}],"wp:featuredmedia":[{"embeddable":true,"href":"https:\/\/kinnunen.fi\/en\/wp-json\/wp\/v2\/media\/45552"}],"wp:attachment":[{"href":"https:\/\/kinnunen.fi\/en\/wp-json\/wp\/v2\/media?parent=45907"}],"wp:term":[{"taxonomy":"product_cat","embeddable":true,"href":"https:\/\/kinnunen.fi\/en\/wp-json\/wp\/v2\/product_cat?post=45907"},{"taxonomy":"product_tag","embeddable":true,"href":"https:\/\/kinnunen.fi\/en\/wp-json\/wp\/v2\/product_tag?post=45907"}],"curies":[{"name":"wp","href":"https:\/\/api.w.org\/{rel}","templated":true}]}}