

{"id":46228,"date":"2025-11-12T09:21:41","date_gmt":"2025-11-12T07:21:41","guid":{"rendered":"https:\/\/kinnunen.fi\/?post_type=product&#038;p=46228"},"modified":"2026-04-17T09:53:42","modified_gmt":"2026-04-17T06:53:42","slug":"sn-nourishing-shampoo-1000ml","status":"publish","type":"product","link":"https:\/\/kinnunen.fi\/en\/product\/sn-nourishing-shampoo-1000ml\/","title":{"rendered":"SN Nourishing Shampoo - nourishing and moisturizing, 1000ml"},"content":{"rendered":"<p data-start=\"276\" data-end=\"818\">Simply Natural Nourishing Shampoo is the perfect choice for extensions as well as your own hair. Its conditioning formula gently cleanses, preserving the softness, shine and colour brilliance of hair and extensions.<br data-start=\"507\" data-end=\"510\" \/>Oat oil, xylitol and glycerin moisturise and nourish the hair, while innovative ingredients prevent metal build-up in the hair, protecting the extensions for a long life.<\/p>\n<p data-start=\"276\" data-end=\"818\">This vegan shampoo is made in Finland and the packaging of 50 % is made from recycled plastic.<\/p>\n<p data-start=\"276\" data-end=\"818\"><span data-teams=\"true\"><em>Simply Natural Nourishing products are part of the development and international commercialisation of an organic hair care range. The main objective of the development project has been to create the conditions for export-driven growth of Kinnunen Oy's business through the new hair care range. Implementation period: 15.5.2024 - 30.6.2025.<\/em><br \/>\n<img decoding=\"async\" src=\"https:\/\/kinnunen.fi\/wp-content\/uploads\/2025\/11\/FI-Funded-by-the-EU_POS-300x63.jpg\" alt=\"\" width=\"171\" height=\"36\" class=\"wp-image-46238 alignleft\" srcset=\"https:\/\/kinnunen.fi\/wp-content\/uploads\/2025\/11\/FI-Funded-by-the-EU_POS-300x63.jpg 300w, https:\/\/kinnunen.fi\/wp-content\/uploads\/2025\/11\/FI-Funded-by-the-EU_POS-1024x215.jpg 1024w, https:\/\/kinnunen.fi\/wp-content\/uploads\/2025\/11\/FI-Funded-by-the-EU_POS-768x161.jpg 768w, https:\/\/kinnunen.fi\/wp-content\/uploads\/2025\/11\/FI-Funded-by-the-EU_POS-1536x322.jpg 1536w, https:\/\/kinnunen.fi\/wp-content\/uploads\/2025\/11\/FI-Funded-by-the-EU_POS-2048x430.jpg 2048w, https:\/\/kinnunen.fi\/wp-content\/uploads\/2025\/11\/FI-Funded-by-the-EU_POS-18x4.jpg 18w, https:\/\/kinnunen.fi\/wp-content\/uploads\/2025\/11\/FI-Funded-by-the-EU_POS-320x67.jpg 320w, https:\/\/kinnunen.fi\/wp-content\/uploads\/2025\/11\/FI-Funded-by-the-EU_POS-400x84.jpg 400w, https:\/\/kinnunen.fi\/wp-content\/uploads\/2025\/11\/FI-Funded-by-the-EU_POS-720x151.jpg 720w, https:\/\/kinnunen.fi\/wp-content\/uploads\/2025\/11\/FI-Funded-by-the-EU_POS-1440x302.jpg 1440w, https:\/\/kinnunen.fi\/wp-content\/uploads\/2025\/11\/FI-Funded-by-the-EU_POS-600x126.jpg 600w\" sizes=\"(max-width: 171px) 100vw, 171px\" \/><\/span><\/p>","protected":false},"excerpt":{"rendered":"<p>Kosteuttava ja hoitava shampoo pidennyshiuksille sek\u00e4 omille hiuksille. Puhdistaa hell\u00e4varaisesti, suojaa v\u00e4ri\u00e4 ja yll\u00e4pit\u00e4\u00e4 pidennysten kauneutta.<\/p>","protected":false},"featured_media":46233,"comment_status":"open","ping_status":"closed","template":"","meta":{"_relevanssi_hide_post":"","_relevanssi_pin_for_all":"","_relevanssi_pin_keywords":"","_relevanssi_unpin_keywords":"","_relevanssi_related_keywords":"","_relevanssi_related_include_ids":"","_relevanssi_related_exclude_ids":"","_relevanssi_related_no_append":"","_relevanssi_related_not_related":"","_relevanssi_related_posts":"","_relevanssi_noindex_reason":""},"product_cat":[1767,2403],"product_tag":[2405,2404],"class_list":["post-46228","product","type-product","status-publish","has-post-thumbnail","hentry","product_cat-hiustenpidennykset","product_cat-simply-natural-hoitotuotteet","product_tag-pidennysten-hoitotuote","product_tag-shampoo-pidennyksille","tuotemerkki-simply-natural-hair-cosmetics"],"tuotemerkit":[{"term_id":143,"name":"Simply Natural Hair Cosmetics","slug":"simply-natural-hair-cosmetics","term_group":0,"term_taxonomy_id":143,"taxonomy":"tuotemerkki","description":"","parent":142,"count":10,"filter":"raw"}],"acf":[],"yoast_head":"<!-- This site is optimized with the Yoast SEO plugin v23.3 - https:\/\/yoast.com\/wordpress\/plugins\/seo\/ -->\n<title>Simply Natural Nourishing Shampoo -pidennyshiuksille 1000ml | - Kinnunen<\/title>\n<meta name=\"description\" content=\"Simply Natural Nourishing Shampoo pidennyshiuksille suojaa ja ravitsee hiuksia. Vegaaninen, parabeeniton ja Suomessa valmistettu shampoo kosteuttaa, ravitsee ja s\u00e4ilytt\u00e4\u00e4 hiusten v\u00e4rin ja kiillon.\" \/>\n<meta name=\"robots\" content=\"index, follow, max-snippet:-1, max-image-preview:large, max-video-preview:-1\" \/>\n<link rel=\"canonical\" href=\"https:\/\/kinnunen.fi\/en\/product\/sn-nourishing-shampoo-1000ml\/\" \/>\n<meta property=\"og:locale\" content=\"en_GB\" \/>\n<meta property=\"og:type\" content=\"article\" \/>\n<meta property=\"og:title\" content=\"Simply Natural Nourishing Shampoo -pidennyshiuksille 1000ml | - Kinnunen\" \/>\n<meta property=\"og:description\" content=\"Simply Natural Nourishing Shampoo pidennyshiuksille suojaa ja ravitsee hiuksia. Vegaaninen, parabeeniton ja Suomessa valmistettu shampoo kosteuttaa, ravitsee ja s\u00e4ilytt\u00e4\u00e4 hiusten v\u00e4rin ja kiillon.\" \/>\n<meta property=\"og:url\" content=\"https:\/\/kinnunen.fi\/en\/product\/sn-nourishing-shampoo-1000ml\/\" \/>\n<meta property=\"og:site_name\" content=\"Kinnunen\" \/>\n<meta property=\"article:modified_time\" content=\"2026-04-17T06:53:42+00:00\" \/>\n<meta property=\"og:image\" content=\"https:\/\/kinnunen.fi\/wp-content\/uploads\/2025\/11\/simply-natural-nourishing-shampoo-sna1064.jpg\" \/>\n\t<meta property=\"og:image:width\" content=\"1000\" \/>\n\t<meta property=\"og:image:height\" content=\"1000\" \/>\n\t<meta property=\"og:image:type\" content=\"image\/jpeg\" \/>\n<meta name=\"twitter:card\" content=\"summary_large_image\" \/>\n<meta name=\"twitter:label1\" content=\"Estimated reading time\" \/>\n\t<meta name=\"twitter:data1\" content=\"1 minute\" \/>\n<script type=\"application\/ld+json\" class=\"yoast-schema-graph\">{\"@context\":\"https:\/\/schema.org\",\"@graph\":[{\"@type\":\"WebPage\",\"@id\":\"https:\/\/kinnunen.fi\/tuote\/sn-nourishing-shampoo-1000ml\/\",\"url\":\"https:\/\/kinnunen.fi\/tuote\/sn-nourishing-shampoo-1000ml\/\",\"name\":\"Simply Natural Nourishing Shampoo -pidennyshiuksille 1000ml | - Kinnunen\",\"isPartOf\":{\"@id\":\"https:\/\/kinnunen.fi\/#website\"},\"primaryImageOfPage\":{\"@id\":\"https:\/\/kinnunen.fi\/tuote\/sn-nourishing-shampoo-1000ml\/#primaryimage\"},\"image\":{\"@id\":\"https:\/\/kinnunen.fi\/tuote\/sn-nourishing-shampoo-1000ml\/#primaryimage\"},\"thumbnailUrl\":\"https:\/\/kinnunen.fi\/wp-content\/uploads\/2025\/11\/simply-natural-nourishing-shampoo-sna1064.jpg\",\"datePublished\":\"2025-11-12T07:21:41+00:00\",\"dateModified\":\"2026-04-17T06:53:42+00:00\",\"description\":\"Simply Natural Nourishing Shampoo pidennyshiuksille suojaa ja ravitsee hiuksia. Vegaaninen, parabeeniton ja Suomessa valmistettu shampoo kosteuttaa, ravitsee ja s\u00e4ilytt\u00e4\u00e4 hiusten v\u00e4rin ja kiillon.\",\"breadcrumb\":{\"@id\":\"https:\/\/kinnunen.fi\/tuote\/sn-nourishing-shampoo-1000ml\/#breadcrumb\"},\"inLanguage\":\"en-GB\",\"potentialAction\":[{\"@type\":\"ReadAction\",\"target\":[\"https:\/\/kinnunen.fi\/tuote\/sn-nourishing-shampoo-1000ml\/\"]}]},{\"@type\":\"ImageObject\",\"inLanguage\":\"en-GB\",\"@id\":\"https:\/\/kinnunen.fi\/tuote\/sn-nourishing-shampoo-1000ml\/#primaryimage\",\"url\":\"https:\/\/kinnunen.fi\/wp-content\/uploads\/2025\/11\/simply-natural-nourishing-shampoo-sna1064.jpg\",\"contentUrl\":\"https:\/\/kinnunen.fi\/wp-content\/uploads\/2025\/11\/simply-natural-nourishing-shampoo-sna1064.jpg\",\"width\":1000,\"height\":1000},{\"@type\":\"BreadcrumbList\",\"@id\":\"https:\/\/kinnunen.fi\/tuote\/sn-nourishing-shampoo-1000ml\/#breadcrumb\",\"itemListElement\":[{\"@type\":\"ListItem\",\"position\":1,\"name\":\"Etusivu\",\"item\":\"https:\/\/kinnunen.fi\/\"},{\"@type\":\"ListItem\",\"position\":2,\"name\":\"Kaikki tuotteet\",\"item\":\"https:\/\/kinnunen.fi\/kauppa\/\"},{\"@type\":\"ListItem\",\"position\":3,\"name\":\"Hiustenpidennykset\",\"item\":\"https:\/\/kinnunen.fi\/tuote-osasto\/hiustenpidennykset\/\"},{\"@type\":\"ListItem\",\"position\":4,\"name\":\"SN Nourishing Shampoo -hoitava ja kosteuttava, 1000ml\"}]},{\"@type\":\"WebSite\",\"@id\":\"https:\/\/kinnunen.fi\/#website\",\"url\":\"https:\/\/kinnunen.fi\/\",\"name\":\"Kinnunen\",\"description\":\"\",\"potentialAction\":[{\"@type\":\"SearchAction\",\"target\":{\"@type\":\"EntryPoint\",\"urlTemplate\":\"https:\/\/kinnunen.fi\/?s={search_term_string}\"},\"query-input\":\"required name=search_term_string\"}],\"inLanguage\":\"en-GB\"}]}<\/script>\n<!-- \/ Yoast SEO plugin. -->","yoast_head_json":{"title":"Simply Natural Nourishing Shampoo -pidennyshiuksille 1000ml | - Kinnunen","description":"Simply Natural Nourishing Shampoo pidennyshiuksille suojaa ja ravitsee hiuksia. Vegaaninen, parabeeniton ja Suomessa valmistettu shampoo kosteuttaa, ravitsee ja s\u00e4ilytt\u00e4\u00e4 hiusten v\u00e4rin ja kiillon.","robots":{"index":"index","follow":"follow","max-snippet":"max-snippet:-1","max-image-preview":"max-image-preview:large","max-video-preview":"max-video-preview:-1"},"canonical":"https:\/\/kinnunen.fi\/en\/product\/sn-nourishing-shampoo-1000ml\/","og_locale":"en_GB","og_type":"article","og_title":"Simply Natural Nourishing Shampoo -pidennyshiuksille 1000ml | - Kinnunen","og_description":"Simply Natural Nourishing Shampoo pidennyshiuksille suojaa ja ravitsee hiuksia. Vegaaninen, parabeeniton ja Suomessa valmistettu shampoo kosteuttaa, ravitsee ja s\u00e4ilytt\u00e4\u00e4 hiusten v\u00e4rin ja kiillon.","og_url":"https:\/\/kinnunen.fi\/en\/product\/sn-nourishing-shampoo-1000ml\/","og_site_name":"Kinnunen","article_modified_time":"2026-04-17T06:53:42+00:00","og_image":[{"width":1000,"height":1000,"url":"https:\/\/kinnunen.fi\/wp-content\/uploads\/2025\/11\/simply-natural-nourishing-shampoo-sna1064.jpg","type":"image\/jpeg"}],"twitter_card":"summary_large_image","twitter_misc":{"Estimated reading time":"1 minute"},"schema":{"@context":"https:\/\/schema.org","@graph":[{"@type":"WebPage","@id":"https:\/\/kinnunen.fi\/tuote\/sn-nourishing-shampoo-1000ml\/","url":"https:\/\/kinnunen.fi\/tuote\/sn-nourishing-shampoo-1000ml\/","name":"Simply Natural Nourishing Shampoo -pidennyshiuksille 1000ml | - Kinnunen","isPartOf":{"@id":"https:\/\/kinnunen.fi\/#website"},"primaryImageOfPage":{"@id":"https:\/\/kinnunen.fi\/tuote\/sn-nourishing-shampoo-1000ml\/#primaryimage"},"image":{"@id":"https:\/\/kinnunen.fi\/tuote\/sn-nourishing-shampoo-1000ml\/#primaryimage"},"thumbnailUrl":"https:\/\/kinnunen.fi\/wp-content\/uploads\/2025\/11\/simply-natural-nourishing-shampoo-sna1064.jpg","datePublished":"2025-11-12T07:21:41+00:00","dateModified":"2026-04-17T06:53:42+00:00","description":"Simply Natural Nourishing Shampoo pidennyshiuksille suojaa ja ravitsee hiuksia. Vegaaninen, parabeeniton ja Suomessa valmistettu shampoo kosteuttaa, ravitsee ja s\u00e4ilytt\u00e4\u00e4 hiusten v\u00e4rin ja kiillon.","breadcrumb":{"@id":"https:\/\/kinnunen.fi\/tuote\/sn-nourishing-shampoo-1000ml\/#breadcrumb"},"inLanguage":"en-GB","potentialAction":[{"@type":"ReadAction","target":["https:\/\/kinnunen.fi\/tuote\/sn-nourishing-shampoo-1000ml\/"]}]},{"@type":"ImageObject","inLanguage":"en-GB","@id":"https:\/\/kinnunen.fi\/tuote\/sn-nourishing-shampoo-1000ml\/#primaryimage","url":"https:\/\/kinnunen.fi\/wp-content\/uploads\/2025\/11\/simply-natural-nourishing-shampoo-sna1064.jpg","contentUrl":"https:\/\/kinnunen.fi\/wp-content\/uploads\/2025\/11\/simply-natural-nourishing-shampoo-sna1064.jpg","width":1000,"height":1000},{"@type":"BreadcrumbList","@id":"https:\/\/kinnunen.fi\/tuote\/sn-nourishing-shampoo-1000ml\/#breadcrumb","itemListElement":[{"@type":"ListItem","position":1,"name":"Etusivu","item":"https:\/\/kinnunen.fi\/"},{"@type":"ListItem","position":2,"name":"Kaikki tuotteet","item":"https:\/\/kinnunen.fi\/kauppa\/"},{"@type":"ListItem","position":3,"name":"Hiustenpidennykset","item":"https:\/\/kinnunen.fi\/tuote-osasto\/hiustenpidennykset\/"},{"@type":"ListItem","position":4,"name":"SN Nourishing Shampoo -hoitava ja kosteuttava, 1000ml"}]},{"@type":"WebSite","@id":"https:\/\/kinnunen.fi\/#website","url":"https:\/\/kinnunen.fi\/","name":"Kinnunen","description":"","potentialAction":[{"@type":"SearchAction","target":{"@type":"EntryPoint","urlTemplate":"https:\/\/kinnunen.fi\/?s={search_term_string}"},"query-input":"required name=search_term_string"}],"inLanguage":"en-GB"}]}},"_links":{"self":[{"href":"https:\/\/kinnunen.fi\/en\/wp-json\/wp\/v2\/product\/46228"}],"collection":[{"href":"https:\/\/kinnunen.fi\/en\/wp-json\/wp\/v2\/product"}],"about":[{"href":"https:\/\/kinnunen.fi\/en\/wp-json\/wp\/v2\/types\/product"}],"replies":[{"embeddable":true,"href":"https:\/\/kinnunen.fi\/en\/wp-json\/wp\/v2\/comments?post=46228"}],"wp:featuredmedia":[{"embeddable":true,"href":"https:\/\/kinnunen.fi\/en\/wp-json\/wp\/v2\/media\/46233"}],"wp:attachment":[{"href":"https:\/\/kinnunen.fi\/en\/wp-json\/wp\/v2\/media?parent=46228"}],"wp:term":[{"taxonomy":"product_cat","embeddable":true,"href":"https:\/\/kinnunen.fi\/en\/wp-json\/wp\/v2\/product_cat?post=46228"},{"taxonomy":"product_tag","embeddable":true,"href":"https:\/\/kinnunen.fi\/en\/wp-json\/wp\/v2\/product_tag?post=46228"}],"curies":[{"name":"wp","href":"https:\/\/api.w.org\/{rel}","templated":true}]}}