

{"id":46501,"date":"2025-12-11T09:21:56","date_gmt":"2025-12-11T07:21:56","guid":{"rendered":"https:\/\/kinnunen.fi\/?post_type=product&#038;p=46501"},"modified":"2026-04-08T04:00:10","modified_gmt":"2026-04-08T01:00:10","slug":"care-color-brillianz-shampoo-varjatyille-hiuksille-80-ml","status":"publish","type":"product","link":"https:\/\/kinnunen.fi\/en\/product\/care-color-brillianz-shampoo-varjatyille-hiuksille-80-ml\/","title":{"rendered":"Care Color Brillianz Shampoo -v\u00e4rj\u00e4tyille hiuksille, 80 ml"},"content":{"rendered":"<p>Keep your hair colour fresh and glowing with our Color Brillianz Anti-Fade Shampoo, specially formulated to gently cleanse and preserve the vibrancy of coloured hair. Infused with colour-locking ingredients and antioxidants, the formula helps prevent fading, boost shine and protect against environmental stressors.<\/p>\n<p>- Sea Silk technology strengthens the hair fibre, locks in moisture and improves the overall silkiness of the hair while protecting it. A powerful blend of marine-derived proteins and nutrients that<br \/>\nis designed to strengthen, smooth and moisturize hair. Coloured hair is often more fragile and prone to damage.<\/p>\n<p>- Sunflower extract is a powerful natural ingredient known for its antioxidant-rich and UV-protective properties. Just as sunflowers survive in the sun, this extract helps protect hair from colour-dulling environmental stresses such as pollution and UV rays. By forming a protective layer, it helps prevent oxidation and fading of colour<br \/>\ntoo quickly, so your hair stays fresh, full and healthy for longer.<\/p>","protected":false},"excerpt":{"rendered":"<p><span>A shampoo for coloured hair that helps to maintain colour vibrancy for longer.<\/span><\/p>","protected":false},"featured_media":45484,"comment_status":"open","ping_status":"closed","template":"","meta":{"_relevanssi_hide_post":"","_relevanssi_pin_for_all":"","_relevanssi_pin_keywords":"","_relevanssi_unpin_keywords":"","_relevanssi_related_keywords":"","_relevanssi_related_include_ids":"","_relevanssi_related_exclude_ids":"","_relevanssi_related_no_append":"","_relevanssi_related_not_related":"","_relevanssi_related_posts":"","_relevanssi_noindex_reason":""},"product_cat":[1727,1728,1729],"product_tag":[],"class_list":["post-46501","product","type-product","status-publish","has-post-thumbnail","hentry","product_cat-hiuskosmetiikka","product_cat-shampoot","product_cat-keune-care","tuotemerkki-keune-care","tuotemerkki-keune-haircosmetics"],"tuotemerkit":[{"term_id":26,"name":"Keune Care","slug":"keune-care","term_group":0,"term_taxonomy_id":26,"taxonomy":"tuotemerkki","description":"","parent":25,"count":137,"filter":"raw"},{"term_id":25,"name":"Keune Haircosmetics","slug":"keune-haircosmetics","term_group":0,"term_taxonomy_id":25,"taxonomy":"tuotemerkki","description":"","parent":0,"count":277,"filter":"raw"}],"acf":[],"yoast_head":"<!-- This site is optimized with the Yoast SEO plugin v23.3 - https:\/\/yoast.com\/wordpress\/plugins\/seo\/ -->\n<title>Care Color Brillianz Shampoo -v\u00e4rj\u00e4tyille hiuksille, 80 ml - Kinnunen<\/title>\n<meta name=\"robots\" content=\"index, follow, max-snippet:-1, max-image-preview:large, max-video-preview:-1\" \/>\n<link rel=\"canonical\" href=\"https:\/\/kinnunen.fi\/en\/product\/care-color-brillianz-shampoo-varjatyille-hiuksille-80-ml\/\" \/>\n<meta property=\"og:locale\" content=\"en_GB\" \/>\n<meta property=\"og:type\" content=\"article\" \/>\n<meta property=\"og:title\" content=\"Care Color Brillianz Shampoo -v\u00e4rj\u00e4tyille hiuksille, 80 ml - Kinnunen\" \/>\n<meta property=\"og:description\" content=\"Shampoo v\u00e4rj\u00e4tyille hiuksille, joka auttaa s\u00e4ilytt\u00e4m\u00e4\u00e4n v\u00e4rin eloisuuden pidemp\u00e4\u00e4n.\" \/>\n<meta property=\"og:url\" content=\"https:\/\/kinnunen.fi\/en\/product\/care-color-brillianz-shampoo-varjatyille-hiuksille-80-ml\/\" \/>\n<meta property=\"og:site_name\" content=\"Kinnunen\" \/>\n<meta property=\"article:modified_time\" content=\"2026-04-08T01:00:10+00:00\" \/>\n<meta property=\"og:image\" content=\"https:\/\/kinnunen.fi\/wp-content\/uploads\/2025\/09\/21526-Keune-Care-Color-Brillianz-Conditioner-80ml.jpeg\" \/>\n\t<meta property=\"og:image:width\" content=\"1800\" \/>\n\t<meta property=\"og:image:height\" content=\"1800\" \/>\n\t<meta property=\"og:image:type\" content=\"image\/jpeg\" \/>\n<meta name=\"twitter:card\" content=\"summary_large_image\" \/>\n<meta name=\"twitter:label1\" content=\"Estimated reading time\" \/>\n\t<meta name=\"twitter:data1\" content=\"1 minute\" \/>\n<script type=\"application\/ld+json\" class=\"yoast-schema-graph\">{\"@context\":\"https:\/\/schema.org\",\"@graph\":[{\"@type\":\"WebPage\",\"@id\":\"https:\/\/kinnunen.fi\/tuote\/care-color-brillianz-shampoo-varjatyille-hiuksille-80-ml\/\",\"url\":\"https:\/\/kinnunen.fi\/tuote\/care-color-brillianz-shampoo-varjatyille-hiuksille-80-ml\/\",\"name\":\"Care Color Brillianz Shampoo -v\u00e4rj\u00e4tyille hiuksille, 80 ml - Kinnunen\",\"isPartOf\":{\"@id\":\"https:\/\/kinnunen.fi\/#website\"},\"primaryImageOfPage\":{\"@id\":\"https:\/\/kinnunen.fi\/tuote\/care-color-brillianz-shampoo-varjatyille-hiuksille-80-ml\/#primaryimage\"},\"image\":{\"@id\":\"https:\/\/kinnunen.fi\/tuote\/care-color-brillianz-shampoo-varjatyille-hiuksille-80-ml\/#primaryimage\"},\"thumbnailUrl\":\"https:\/\/kinnunen.fi\/wp-content\/uploads\/2025\/09\/21526-Keune-Care-Color-Brillianz-Conditioner-80ml.jpeg\",\"datePublished\":\"2025-12-11T07:21:56+00:00\",\"dateModified\":\"2026-04-08T01:00:10+00:00\",\"breadcrumb\":{\"@id\":\"https:\/\/kinnunen.fi\/tuote\/care-color-brillianz-shampoo-varjatyille-hiuksille-80-ml\/#breadcrumb\"},\"inLanguage\":\"en-GB\",\"potentialAction\":[{\"@type\":\"ReadAction\",\"target\":[\"https:\/\/kinnunen.fi\/tuote\/care-color-brillianz-shampoo-varjatyille-hiuksille-80-ml\/\"]}]},{\"@type\":\"ImageObject\",\"inLanguage\":\"en-GB\",\"@id\":\"https:\/\/kinnunen.fi\/tuote\/care-color-brillianz-shampoo-varjatyille-hiuksille-80-ml\/#primaryimage\",\"url\":\"https:\/\/kinnunen.fi\/wp-content\/uploads\/2025\/09\/21526-Keune-Care-Color-Brillianz-Conditioner-80ml.jpeg\",\"contentUrl\":\"https:\/\/kinnunen.fi\/wp-content\/uploads\/2025\/09\/21526-Keune-Care-Color-Brillianz-Conditioner-80ml.jpeg\",\"width\":1800,\"height\":1800},{\"@type\":\"BreadcrumbList\",\"@id\":\"https:\/\/kinnunen.fi\/tuote\/care-color-brillianz-shampoo-varjatyille-hiuksille-80-ml\/#breadcrumb\",\"itemListElement\":[{\"@type\":\"ListItem\",\"position\":1,\"name\":\"Etusivu\",\"item\":\"https:\/\/kinnunen.fi\/\"},{\"@type\":\"ListItem\",\"position\":2,\"name\":\"Kaikki tuotteet\",\"item\":\"https:\/\/kinnunen.fi\/kauppa\/\"},{\"@type\":\"ListItem\",\"position\":3,\"name\":\"Hiuskosmetiikka\",\"item\":\"https:\/\/kinnunen.fi\/tuote-osasto\/hiuskosmetiikka\/\"},{\"@type\":\"ListItem\",\"position\":4,\"name\":\"Care Color Brillianz Shampoo -v\u00e4rj\u00e4tyille hiuksille, 80 ml\"}]},{\"@type\":\"WebSite\",\"@id\":\"https:\/\/kinnunen.fi\/#website\",\"url\":\"https:\/\/kinnunen.fi\/\",\"name\":\"Kinnunen\",\"description\":\"\",\"potentialAction\":[{\"@type\":\"SearchAction\",\"target\":{\"@type\":\"EntryPoint\",\"urlTemplate\":\"https:\/\/kinnunen.fi\/?s={search_term_string}\"},\"query-input\":\"required name=search_term_string\"}],\"inLanguage\":\"en-GB\"}]}<\/script>\n<!-- \/ Yoast SEO plugin. -->","yoast_head_json":{"title":"Care Color Brillianz Shampoo -v\u00e4rj\u00e4tyille hiuksille, 80 ml - Kinnunen","robots":{"index":"index","follow":"follow","max-snippet":"max-snippet:-1","max-image-preview":"max-image-preview:large","max-video-preview":"max-video-preview:-1"},"canonical":"https:\/\/kinnunen.fi\/en\/product\/care-color-brillianz-shampoo-varjatyille-hiuksille-80-ml\/","og_locale":"en_GB","og_type":"article","og_title":"Care Color Brillianz Shampoo -v\u00e4rj\u00e4tyille hiuksille, 80 ml - Kinnunen","og_description":"Shampoo v\u00e4rj\u00e4tyille hiuksille, joka auttaa s\u00e4ilytt\u00e4m\u00e4\u00e4n v\u00e4rin eloisuuden pidemp\u00e4\u00e4n.","og_url":"https:\/\/kinnunen.fi\/en\/product\/care-color-brillianz-shampoo-varjatyille-hiuksille-80-ml\/","og_site_name":"Kinnunen","article_modified_time":"2026-04-08T01:00:10+00:00","og_image":[{"width":1800,"height":1800,"url":"https:\/\/kinnunen.fi\/wp-content\/uploads\/2025\/09\/21526-Keune-Care-Color-Brillianz-Conditioner-80ml.jpeg","type":"image\/jpeg"}],"twitter_card":"summary_large_image","twitter_misc":{"Estimated reading time":"1 minute"},"schema":{"@context":"https:\/\/schema.org","@graph":[{"@type":"WebPage","@id":"https:\/\/kinnunen.fi\/tuote\/care-color-brillianz-shampoo-varjatyille-hiuksille-80-ml\/","url":"https:\/\/kinnunen.fi\/tuote\/care-color-brillianz-shampoo-varjatyille-hiuksille-80-ml\/","name":"Care Color Brillianz Shampoo -v\u00e4rj\u00e4tyille hiuksille, 80 ml - Kinnunen","isPartOf":{"@id":"https:\/\/kinnunen.fi\/#website"},"primaryImageOfPage":{"@id":"https:\/\/kinnunen.fi\/tuote\/care-color-brillianz-shampoo-varjatyille-hiuksille-80-ml\/#primaryimage"},"image":{"@id":"https:\/\/kinnunen.fi\/tuote\/care-color-brillianz-shampoo-varjatyille-hiuksille-80-ml\/#primaryimage"},"thumbnailUrl":"https:\/\/kinnunen.fi\/wp-content\/uploads\/2025\/09\/21526-Keune-Care-Color-Brillianz-Conditioner-80ml.jpeg","datePublished":"2025-12-11T07:21:56+00:00","dateModified":"2026-04-08T01:00:10+00:00","breadcrumb":{"@id":"https:\/\/kinnunen.fi\/tuote\/care-color-brillianz-shampoo-varjatyille-hiuksille-80-ml\/#breadcrumb"},"inLanguage":"en-GB","potentialAction":[{"@type":"ReadAction","target":["https:\/\/kinnunen.fi\/tuote\/care-color-brillianz-shampoo-varjatyille-hiuksille-80-ml\/"]}]},{"@type":"ImageObject","inLanguage":"en-GB","@id":"https:\/\/kinnunen.fi\/tuote\/care-color-brillianz-shampoo-varjatyille-hiuksille-80-ml\/#primaryimage","url":"https:\/\/kinnunen.fi\/wp-content\/uploads\/2025\/09\/21526-Keune-Care-Color-Brillianz-Conditioner-80ml.jpeg","contentUrl":"https:\/\/kinnunen.fi\/wp-content\/uploads\/2025\/09\/21526-Keune-Care-Color-Brillianz-Conditioner-80ml.jpeg","width":1800,"height":1800},{"@type":"BreadcrumbList","@id":"https:\/\/kinnunen.fi\/tuote\/care-color-brillianz-shampoo-varjatyille-hiuksille-80-ml\/#breadcrumb","itemListElement":[{"@type":"ListItem","position":1,"name":"Etusivu","item":"https:\/\/kinnunen.fi\/"},{"@type":"ListItem","position":2,"name":"Kaikki tuotteet","item":"https:\/\/kinnunen.fi\/kauppa\/"},{"@type":"ListItem","position":3,"name":"Hiuskosmetiikka","item":"https:\/\/kinnunen.fi\/tuote-osasto\/hiuskosmetiikka\/"},{"@type":"ListItem","position":4,"name":"Care Color Brillianz Shampoo -v\u00e4rj\u00e4tyille hiuksille, 80 ml"}]},{"@type":"WebSite","@id":"https:\/\/kinnunen.fi\/#website","url":"https:\/\/kinnunen.fi\/","name":"Kinnunen","description":"","potentialAction":[{"@type":"SearchAction","target":{"@type":"EntryPoint","urlTemplate":"https:\/\/kinnunen.fi\/?s={search_term_string}"},"query-input":"required name=search_term_string"}],"inLanguage":"en-GB"}]}},"_links":{"self":[{"href":"https:\/\/kinnunen.fi\/en\/wp-json\/wp\/v2\/product\/46501"}],"collection":[{"href":"https:\/\/kinnunen.fi\/en\/wp-json\/wp\/v2\/product"}],"about":[{"href":"https:\/\/kinnunen.fi\/en\/wp-json\/wp\/v2\/types\/product"}],"replies":[{"embeddable":true,"href":"https:\/\/kinnunen.fi\/en\/wp-json\/wp\/v2\/comments?post=46501"}],"wp:featuredmedia":[{"embeddable":true,"href":"https:\/\/kinnunen.fi\/en\/wp-json\/wp\/v2\/media\/45484"}],"wp:attachment":[{"href":"https:\/\/kinnunen.fi\/en\/wp-json\/wp\/v2\/media?parent=46501"}],"wp:term":[{"taxonomy":"product_cat","embeddable":true,"href":"https:\/\/kinnunen.fi\/en\/wp-json\/wp\/v2\/product_cat?post=46501"},{"taxonomy":"product_tag","embeddable":true,"href":"https:\/\/kinnunen.fi\/en\/wp-json\/wp\/v2\/product_tag?post=46501"}],"curies":[{"name":"wp","href":"https:\/\/api.w.org\/{rel}","templated":true}]}}