

{"id":46541,"date":"2026-01-07T11:00:47","date_gmt":"2026-01-07T09:00:47","guid":{"rendered":"https:\/\/kinnunen.fi\/?post_type=product&#038;p=46541"},"modified":"2026-04-19T04:00:38","modified_gmt":"2026-04-19T01:00:38","slug":"sn-pearl-weft-pidennysnauha-40-cm-laine","status":"publish","type":"product","link":"https:\/\/kinnunen.fi\/en\/product\/sn-pearl-weft-pidennysnauha-40-cm-laine\/","title":{"rendered":"SN Pearl Weft -pidennysnauha 40 cm, laine"},"content":{"rendered":"<h2 data-start=\"2883\" data-end=\"2913\">Lyhyesti tuotteesta<\/h2>\n<ul data-start=\"2914\" data-end=\"3144\">\n<li data-start=\"2914\" data-end=\"2964\">\n<p data-start=\"2916\" data-end=\"2964\">Ohut ja joustava 30cm leve\u00e4 Beaded Weft -pidennysnauha.<\/p>\n<\/li>\n<li data-start=\"2965\" data-end=\"3001\">\n<p data-start=\"2967\" data-end=\"3001\">Luonnollinen laineikas tekstuuri, t\u00e4ydellinen taipuisille hiuksille.<\/p>\n<\/li>\n<li data-start=\"3051\" data-end=\"3086\">\n<p data-start=\"3053\" data-end=\"3086\">Raitas\u00e4vyinen, luonnollinen lopputulos.<\/p>\n<\/li>\n<li data-start=\"3087\" data-end=\"3144\">\n<p data-start=\"3089\" data-end=\"3144\">Laadukas Simply Natural Super Remy Double Drawn -hius, pituus 40cm.<\/p>\n<\/li>\n<li data-start=\"3087\" data-end=\"3144\">1 paketti tuuhennuksiin, 2-3 pakettia pidennyksiin.<\/li>\n<\/ul>\n<h2 data-start=\"3146\" data-end=\"3196\">Beaded Weft pidennysnauha luonnollisiin pidennyksiin<\/h2>\n<p data-start=\"3197\" data-end=\"3476\">Pearl Weft on laadukas Beaded Weft -pidennysnauha, joka tarjoaa pehme\u00e4n, luonnollisen el\u00e4v\u00e4isen vaihtoehdon asiakkaille, jotka toivovat pidennyksiin liikkuvuutta ja keveytt\u00e4. Pearl Weft -pidennysnauha on rakenteeltaan eritt\u00e4in ohut ja joustava, mink\u00e4 ansiosta se istuu hiukseen kevyesti ja miellytt\u00e4v\u00e4sti. Pearl Weft on erinomainen valinta erityisesti ohuille ja hennoille hiuksille, joihin perinteiset pidennysnauhat voivat tuntua liian raskailta. Pearl Weft -nauhassa ei ole lainkaan ns. paluuhiusta, joten my\u00f6s tyvialue pysyy todella kevyen\u00e4. T\u00e4m\u00e4 pidennysnauha t\u00e4ydent\u00e4\u00e4 Simply Natural -pidennysvalikoimaa eik\u00e4 sen ole tarkoitus korvata perinteist\u00e4 konety\u00f6nauhaa, vaan tarjota lis\u00e4\u00e4 vaihtoehtoja kampaajille ja heid\u00e4n asiakkailleen.<\/p>\n<h2 data-start=\"4031\" data-end=\"4069\">Raitas\u00e4vyt ja yksil\u00f6llinen muotoilu<\/h2>\n<p data-start=\"4070\" data-end=\"4311\">Raitaiset s\u00e4vyt tuo hiuksiin moniulotteisuutta ja syvyytt\u00e4, mik\u00e4 tekee s\u00e4vyist\u00e4 el\u00e4v\u00e4mpi\u00e4 ja lopputuloksesta luonnollisen n\u00e4k\u00f6isen. Valikoimasta l\u00f6ytyv\u00e4t sek\u00e4 suorat ett\u00e4 laineikkaat vaihtoehdot mahdollistavat t\u00e4ydellisen yhteensopivuuden asiakkaan oman hiuslaadun kanssa. Laineikas tekstuuri sulautuu erityisen kauniisti luonnollisesti taipuisaan tai kevyesti laineikkaaseen omaan hiukseen, mik\u00e4 tekee lopputuloksesta huomaamattoman ja harmonisen.<\/p>\n<h2 data-start=\"4313\" data-end=\"4348\">Kuinka paljon pidennyshiusta tarvitaan?<\/h2>\n<p data-start=\"3957\" data-end=\"4373\">Jokainen pakkaus sis\u00e4lt\u00e4\u00e4 30 cm leve\u00e4n hiusnauhan, joka on optimaalinen yhden rivin asennukseen. Yhdell\u00e4 paketilla saadaan aikaan kaunis tuuhennus ja t\u00e4yspidennykseen suositellaan kahta-kolmea pakettia. Nauhassa on 9000 Super Remy -hiussuortuvaa (vastaa noin kahta Mago-pakettia), t\u00e4m\u00e4 hiusm\u00e4\u00e4r\u00e4 on huikea tekninen saavutus eritt\u00e4in ohuessa nauhassa.<\/p>\n<h2 data-start=\"4313\" data-end=\"4348\">Laadukas hius ja kest\u00e4v\u00e4 rakenne<\/h2>\n<p data-start=\"4375\" data-end=\"4810\">Simply Natural Double Drawn -Super Remy on korkealaatuista intialaista hiusta, joka on pehme\u00e4\u00e4, kiilt\u00e4v\u00e4\u00e4 ja kest\u00e4v\u00e4\u00e4. Hiuksia ei k\u00e4sitell\u00e4 voimakkailla kemikaaleilla, ja vaaleimmat s\u00e4vyt vaalennetaan hitaasti miedoin liuoksin, mik\u00e4 takaa, ett\u00e4 hius pysyy laadukkaana. Sertifioitu ja eettinen tuotantoketju tekee Pearl Weft -pidennysnauhasta vastuullisen ja luotettavan valinnan kampaajille, jotka haluavat tarjota asiakkailleen vain parasta.<\/p>\n<h2 data-start=\"4375\" data-end=\"4810\">Huoltov\u00e4li ja pidennysten hoitaminen<\/h2>\n<p data-start=\"4379\" data-end=\"4738\">Beaded Weft -pidennyksen suositeltu huoltov\u00e4li on 6-8 viikkoa. Oikealla hoidolla Pearl Weft -pidennysnauha s\u00e4ilyy kauniina pitk\u00e4\u00e4n.<\/p>\n<ul>\n<li data-start=\"4379\" data-end=\"4738\">K\u00e4yt\u00e4 Simply Natural Hair Cosmetics -tuotteita (edellytys 3 kk takuulle),<\/li>\n<li data-start=\"4379\" data-end=\"4738\">Harjaa hiukset v\u00e4hint\u00e4\u00e4n 2\u00d7 p\u00e4iv\u00e4ss\u00e4 pidennysharjalla<\/li>\n<li data-start=\"4379\" data-end=\"4738\">Pese hell\u00e4varaisesti v\u00e4ltt\u00e4en tyvialueen hankausta.<\/li>\n<li data-start=\"4379\" data-end=\"4738\">K\u00e4yt\u00e4 l\u00e4mp\u00f6suojaa muotoilussa<\/li>\n<li data-start=\"4379\" data-end=\"4738\">Kuivaa hiukset ennen nukkumaanmenoa ja sido ne y\u00f6ksi l\u00f6ys\u00e4lle letille.<\/li>\n<\/ul>\n<p><span>Tarkemmat hoito-ohjeet l\u00f6yd\u00e4t\u00a0<a href=\"https:\/\/kinnunen.fi\/en\/tuoteoppaat-ja-ohjeet\/\">tuoteoppaat ja ohjeet -sivultamme.<\/a><\/span><\/p>\n<h3 data-start=\"2862\" data-end=\"2905\">Materiaalin kolmen kuukauden tehdastakuu<\/h3>\n<p data-start=\"2907\" data-end=\"3116\">Hiusmateriaalilla on 3 kuukauden tehdastakuu, kun pidennyksi\u00e4 hoidetaan <a href=\"https:\/\/kinnunen.fi\/en\/product-category\/hiustenpidennykset\/simply-natural-hoitotuotteet\/\">Simply Natural Hair Cosmetics -tuotteilla<\/a> ja ohjeiden mukaisesti. Takuu ei ole voimassa, jos pidennyksi\u00e4 ei ole hoidettu ohjeiden mukaan.<\/p>","protected":false},"excerpt":{"rendered":"<p>Laineikas Pearl Weft -pidennysnauha, joka soveltuu Beaded Weft pidennyksiin, mutta my\u00f6s perinteiseen ompelupidennykseen. Taipuisa hius sulautuu luonnollisesti taipuisaan hiukseen tai hiuksiin, jotka kiharretaan p\u00e4ivitt\u00e4in. Eritt\u00e4in kevyt ja taipuisa rakenne, raitas\u00e4vyinen v\u00e4ritys ja korkealaatuinen Simply Natural Super Remy, Double Drawn -hius takaavat laadukkaan ja luonnollisen lopputuloksen.<\/p>\n<p>Jokainen paketti sis\u00e4lt\u00e4\u00e4 yhden 30cm leve\u00e4n hiusnauhan, jossa hiuksen mitta on 40cm. Tuuhennukseen riitt\u00e4\u00e4 yksi paketti, t\u00e4yspidennykseen suosittelemme 2-3 pakettia.<\/p>","protected":false},"featured_media":46746,"comment_status":"closed","ping_status":"closed","template":"","meta":{"_relevanssi_hide_post":"","_relevanssi_pin_for_all":"","_relevanssi_pin_keywords":"","_relevanssi_unpin_keywords":"","_relevanssi_related_keywords":"","_relevanssi_related_include_ids":"","_relevanssi_related_exclude_ids":"","_relevanssi_related_no_append":"","_relevanssi_related_not_related":"","_relevanssi_related_posts":"","_relevanssi_noindex_reason":""},"product_cat":[1767,1916,2434],"product_tag":[2353,2435],"class_list":["post-46541","product","type-product","status-publish","has-post-thumbnail","hentry","product_cat-hiustenpidennykset","product_cat-simply-natural","product_cat-pearl-weft-pidennysnauha","product_tag-beaded-weft","product_tag-pidennysnauha","pa_vari-10-1","pa_vari-3-3-6-2","pa_vari-5-3","pa_vari-6-3-7-2","pa_vari-6-3-9-3","pa_vari-7-2-9-2","pa_vari-8-2","pa_vari-8-2-10-2","tuotemerkki-simply-natural"],"tuotemerkit":[{"term_id":142,"name":"Simply Natural","slug":"simply-natural","term_group":0,"term_taxonomy_id":142,"taxonomy":"tuotemerkki","description":"","parent":0,"count":55,"filter":"raw"}],"acf":[],"yoast_head":"<!-- This site is optimized with the Yoast SEO plugin v23.3 - https:\/\/yoast.com\/wordpress\/plugins\/seo\/ -->\n<title>SN Pearl Weft 40 cm suora | Beaded Weft pidennysnauha<\/title>\n<meta name=\"description\" content=\"Ohut ja joustava Beaded Weft pidennysnauha luonnolliseen lopputulokseen. Ihanteellinen huomaamattomiin pidennyksiin ja tuuhennuksiin.\" \/>\n<meta name=\"robots\" content=\"index, follow, max-snippet:-1, max-image-preview:large, max-video-preview:-1\" \/>\n<link rel=\"canonical\" href=\"https:\/\/kinnunen.fi\/en\/product\/sn-pearl-weft-pidennysnauha-40-cm-laine\/\" \/>\n<meta property=\"og:locale\" content=\"en_GB\" \/>\n<meta property=\"og:type\" content=\"article\" \/>\n<meta property=\"og:title\" content=\"SN Pearl Weft 40 cm suora | Beaded Weft pidennysnauha\" \/>\n<meta property=\"og:description\" content=\"Ohut ja joustava Beaded Weft pidennysnauha luonnolliseen lopputulokseen. Ihanteellinen huomaamattomiin pidennyksiin ja tuuhennuksiin.\" \/>\n<meta property=\"og:url\" content=\"https:\/\/kinnunen.fi\/en\/product\/sn-pearl-weft-pidennysnauha-40-cm-laine\/\" \/>\n<meta property=\"og:site_name\" content=\"Kinnunen\" \/>\n<meta property=\"article:modified_time\" content=\"2026-04-19T01:00:38+00:00\" \/>\n<meta property=\"og:image\" content=\"https:\/\/kinnunen.fi\/wp-content\/uploads\/2025\/12\/simply-natural-pearl-weft-pidennysnauha.jpg\" \/>\n\t<meta property=\"og:image:width\" content=\"1000\" \/>\n\t<meta property=\"og:image:height\" content=\"1000\" \/>\n\t<meta property=\"og:image:type\" content=\"image\/jpeg\" \/>\n<meta name=\"twitter:card\" content=\"summary_large_image\" \/>\n<meta name=\"twitter:label1\" content=\"Estimated reading time\" \/>\n\t<meta name=\"twitter:data1\" content=\"2 minutes\" \/>\n<script type=\"application\/ld+json\" class=\"yoast-schema-graph\">{\"@context\":\"https:\/\/schema.org\",\"@graph\":[{\"@type\":\"WebPage\",\"@id\":\"https:\/\/kinnunen.fi\/tuote\/sn-pearl-weft-pidennysnauha-40-cm-laine\/\",\"url\":\"https:\/\/kinnunen.fi\/tuote\/sn-pearl-weft-pidennysnauha-40-cm-laine\/\",\"name\":\"SN Pearl Weft 40 cm suora | Beaded Weft pidennysnauha\",\"isPartOf\":{\"@id\":\"https:\/\/kinnunen.fi\/#website\"},\"primaryImageOfPage\":{\"@id\":\"https:\/\/kinnunen.fi\/tuote\/sn-pearl-weft-pidennysnauha-40-cm-laine\/#primaryimage\"},\"image\":{\"@id\":\"https:\/\/kinnunen.fi\/tuote\/sn-pearl-weft-pidennysnauha-40-cm-laine\/#primaryimage\"},\"thumbnailUrl\":\"https:\/\/kinnunen.fi\/wp-content\/uploads\/2025\/12\/simply-natural-pearl-weft-pidennysnauha.jpg\",\"datePublished\":\"2026-01-07T09:00:47+00:00\",\"dateModified\":\"2026-04-19T01:00:38+00:00\",\"description\":\"Ohut ja joustava Beaded Weft pidennysnauha luonnolliseen lopputulokseen. Ihanteellinen huomaamattomiin pidennyksiin ja tuuhennuksiin.\",\"breadcrumb\":{\"@id\":\"https:\/\/kinnunen.fi\/tuote\/sn-pearl-weft-pidennysnauha-40-cm-laine\/#breadcrumb\"},\"inLanguage\":\"en-GB\",\"potentialAction\":[{\"@type\":\"ReadAction\",\"target\":[\"https:\/\/kinnunen.fi\/tuote\/sn-pearl-weft-pidennysnauha-40-cm-laine\/\"]}]},{\"@type\":\"ImageObject\",\"inLanguage\":\"en-GB\",\"@id\":\"https:\/\/kinnunen.fi\/tuote\/sn-pearl-weft-pidennysnauha-40-cm-laine\/#primaryimage\",\"url\":\"https:\/\/kinnunen.fi\/wp-content\/uploads\/2025\/12\/simply-natural-pearl-weft-pidennysnauha.jpg\",\"contentUrl\":\"https:\/\/kinnunen.fi\/wp-content\/uploads\/2025\/12\/simply-natural-pearl-weft-pidennysnauha.jpg\",\"width\":1000,\"height\":1000},{\"@type\":\"BreadcrumbList\",\"@id\":\"https:\/\/kinnunen.fi\/tuote\/sn-pearl-weft-pidennysnauha-40-cm-laine\/#breadcrumb\",\"itemListElement\":[{\"@type\":\"ListItem\",\"position\":1,\"name\":\"Etusivu\",\"item\":\"https:\/\/kinnunen.fi\/\"},{\"@type\":\"ListItem\",\"position\":2,\"name\":\"Kaikki tuotteet\",\"item\":\"https:\/\/kinnunen.fi\/kauppa\/\"},{\"@type\":\"ListItem\",\"position\":3,\"name\":\"Hiustenpidennykset\",\"item\":\"https:\/\/kinnunen.fi\/tuote-osasto\/hiustenpidennykset\/\"},{\"@type\":\"ListItem\",\"position\":4,\"name\":\"SN Pearl Weft -pidennysnauha 40 cm, laine\"}]},{\"@type\":\"WebSite\",\"@id\":\"https:\/\/kinnunen.fi\/#website\",\"url\":\"https:\/\/kinnunen.fi\/\",\"name\":\"Kinnunen\",\"description\":\"\",\"potentialAction\":[{\"@type\":\"SearchAction\",\"target\":{\"@type\":\"EntryPoint\",\"urlTemplate\":\"https:\/\/kinnunen.fi\/?s={search_term_string}\"},\"query-input\":\"required name=search_term_string\"}],\"inLanguage\":\"en-GB\"}]}<\/script>\n<!-- \/ Yoast SEO plugin. -->","yoast_head_json":{"title":"SN Pearl Weft 40 cm suora | Beaded Weft pidennysnauha","description":"Ohut ja joustava Beaded Weft pidennysnauha luonnolliseen lopputulokseen. Ihanteellinen huomaamattomiin pidennyksiin ja tuuhennuksiin.","robots":{"index":"index","follow":"follow","max-snippet":"max-snippet:-1","max-image-preview":"max-image-preview:large","max-video-preview":"max-video-preview:-1"},"canonical":"https:\/\/kinnunen.fi\/en\/product\/sn-pearl-weft-pidennysnauha-40-cm-laine\/","og_locale":"en_GB","og_type":"article","og_title":"SN Pearl Weft 40 cm suora | Beaded Weft pidennysnauha","og_description":"Ohut ja joustava Beaded Weft pidennysnauha luonnolliseen lopputulokseen. Ihanteellinen huomaamattomiin pidennyksiin ja tuuhennuksiin.","og_url":"https:\/\/kinnunen.fi\/en\/product\/sn-pearl-weft-pidennysnauha-40-cm-laine\/","og_site_name":"Kinnunen","article_modified_time":"2026-04-19T01:00:38+00:00","og_image":[{"width":1000,"height":1000,"url":"https:\/\/kinnunen.fi\/wp-content\/uploads\/2025\/12\/simply-natural-pearl-weft-pidennysnauha.jpg","type":"image\/jpeg"}],"twitter_card":"summary_large_image","twitter_misc":{"Estimated reading time":"2 minutes"},"schema":{"@context":"https:\/\/schema.org","@graph":[{"@type":"WebPage","@id":"https:\/\/kinnunen.fi\/tuote\/sn-pearl-weft-pidennysnauha-40-cm-laine\/","url":"https:\/\/kinnunen.fi\/tuote\/sn-pearl-weft-pidennysnauha-40-cm-laine\/","name":"SN Pearl Weft 40 cm suora | Beaded Weft pidennysnauha","isPartOf":{"@id":"https:\/\/kinnunen.fi\/#website"},"primaryImageOfPage":{"@id":"https:\/\/kinnunen.fi\/tuote\/sn-pearl-weft-pidennysnauha-40-cm-laine\/#primaryimage"},"image":{"@id":"https:\/\/kinnunen.fi\/tuote\/sn-pearl-weft-pidennysnauha-40-cm-laine\/#primaryimage"},"thumbnailUrl":"https:\/\/kinnunen.fi\/wp-content\/uploads\/2025\/12\/simply-natural-pearl-weft-pidennysnauha.jpg","datePublished":"2026-01-07T09:00:47+00:00","dateModified":"2026-04-19T01:00:38+00:00","description":"Ohut ja joustava Beaded Weft pidennysnauha luonnolliseen lopputulokseen. Ihanteellinen huomaamattomiin pidennyksiin ja tuuhennuksiin.","breadcrumb":{"@id":"https:\/\/kinnunen.fi\/tuote\/sn-pearl-weft-pidennysnauha-40-cm-laine\/#breadcrumb"},"inLanguage":"en-GB","potentialAction":[{"@type":"ReadAction","target":["https:\/\/kinnunen.fi\/tuote\/sn-pearl-weft-pidennysnauha-40-cm-laine\/"]}]},{"@type":"ImageObject","inLanguage":"en-GB","@id":"https:\/\/kinnunen.fi\/tuote\/sn-pearl-weft-pidennysnauha-40-cm-laine\/#primaryimage","url":"https:\/\/kinnunen.fi\/wp-content\/uploads\/2025\/12\/simply-natural-pearl-weft-pidennysnauha.jpg","contentUrl":"https:\/\/kinnunen.fi\/wp-content\/uploads\/2025\/12\/simply-natural-pearl-weft-pidennysnauha.jpg","width":1000,"height":1000},{"@type":"BreadcrumbList","@id":"https:\/\/kinnunen.fi\/tuote\/sn-pearl-weft-pidennysnauha-40-cm-laine\/#breadcrumb","itemListElement":[{"@type":"ListItem","position":1,"name":"Etusivu","item":"https:\/\/kinnunen.fi\/"},{"@type":"ListItem","position":2,"name":"Kaikki tuotteet","item":"https:\/\/kinnunen.fi\/kauppa\/"},{"@type":"ListItem","position":3,"name":"Hiustenpidennykset","item":"https:\/\/kinnunen.fi\/tuote-osasto\/hiustenpidennykset\/"},{"@type":"ListItem","position":4,"name":"SN Pearl Weft -pidennysnauha 40 cm, laine"}]},{"@type":"WebSite","@id":"https:\/\/kinnunen.fi\/#website","url":"https:\/\/kinnunen.fi\/","name":"Kinnunen","description":"","potentialAction":[{"@type":"SearchAction","target":{"@type":"EntryPoint","urlTemplate":"https:\/\/kinnunen.fi\/?s={search_term_string}"},"query-input":"required name=search_term_string"}],"inLanguage":"en-GB"}]}},"_links":{"self":[{"href":"https:\/\/kinnunen.fi\/en\/wp-json\/wp\/v2\/product\/46541"}],"collection":[{"href":"https:\/\/kinnunen.fi\/en\/wp-json\/wp\/v2\/product"}],"about":[{"href":"https:\/\/kinnunen.fi\/en\/wp-json\/wp\/v2\/types\/product"}],"replies":[{"embeddable":true,"href":"https:\/\/kinnunen.fi\/en\/wp-json\/wp\/v2\/comments?post=46541"}],"wp:featuredmedia":[{"embeddable":true,"href":"https:\/\/kinnunen.fi\/en\/wp-json\/wp\/v2\/media\/46746"}],"wp:attachment":[{"href":"https:\/\/kinnunen.fi\/en\/wp-json\/wp\/v2\/media?parent=46541"}],"wp:term":[{"taxonomy":"product_cat","embeddable":true,"href":"https:\/\/kinnunen.fi\/en\/wp-json\/wp\/v2\/product_cat?post=46541"},{"taxonomy":"product_tag","embeddable":true,"href":"https:\/\/kinnunen.fi\/en\/wp-json\/wp\/v2\/product_tag?post=46541"}],"curies":[{"name":"wp","href":"https:\/\/api.w.org\/{rel}","templated":true}]}}