

{"id":46560,"date":"2025-12-12T12:09:14","date_gmt":"2025-12-12T10:09:14","guid":{"rendered":"https:\/\/kinnunen.fi\/?post_type=product&#038;p=46560"},"modified":"2026-04-19T04:00:38","modified_gmt":"2026-04-19T01:00:38","slug":"sn-pearl-weft-pidennysnauha-40-cm-suora","status":"publish","type":"product","link":"https:\/\/kinnunen.fi\/en\/product\/sn-pearl-weft-pidennysnauha-40-cm-suora\/","title":{"rendered":"SN Pearl Weft -pidennysnauha 40 cm, suora"},"content":{"rendered":"<h2 data-start=\"2883\" data-end=\"2913\">Lyhyesti tuotteesta<\/h2>\n<ul data-start=\"2914\" data-end=\"3144\">\n<li data-start=\"2914\" data-end=\"2964\">\n<p data-start=\"2916\" data-end=\"2964\">Ohut ja joustava Beaded Weft pidennysnauha, leveys 30cm.<\/p>\n<\/li>\n<li data-start=\"2965\" data-end=\"3001\">\n<p data-start=\"2967\" data-end=\"3001\">Suora tekstuuri, loistava valinta luonnostaa suorille hiuksille.<\/p>\n<\/li>\n<li data-start=\"3051\" data-end=\"3086\">\n<p data-start=\"3053\" data-end=\"3086\">Raidalliset s\u00e4vyt, luonnollinen lopputulos.<\/p>\n<\/li>\n<li data-start=\"3087\" data-end=\"3144\">\n<p data-start=\"3089\" data-end=\"3144\">Laadukas 40cm pitk\u00e4, Simply Natural Super Remy, Double Drawn -hius.<\/p>\n<\/li>\n<li data-start=\"3087\" data-end=\"3144\">1 paketti tuuhennuksiin, 2-3 pakettia pidennyksiin.<\/li>\n<\/ul>\n<h2 data-start=\"894\" data-end=\"947\">Ammattilaisen valinta huomaamattomiin pidennyksiin<\/h2>\n<p data-start=\"948\" data-end=\"1277\">Pearl Weft 40 cm suora on korkealaatuinen Beaded Weft -pidennysnauha, joka on suunniteltu heille, jotka arvostavat keveytt\u00e4, huomaamattomuutta ja ensiluokkaista hiuslaatua. Nauha soveltuu erinomaisesti Beaded Weft- ja ompelupidennystekniikoihin, joissa lopputuloksen tulee n\u00e4ytt\u00e4\u00e4 ja tuntua mahdollisimman luonnolliselta.<\/p>\n<p data-start=\"1279\" data-end=\"1480\">Eritt\u00e4in ohut ja joustava rakenne istuu hiukseen kauniisti ilman ylim\u00e4\u00e4r\u00e4ist\u00e4 painoa. T\u00e4m\u00e4 tekee Pearl Weftist\u00e4 erityisen hyv\u00e4n vaihtoehdon asiakkaille, joilla on ohuehko tai hentorakenteinen oma hius.<\/p>\n<p data-start=\"1279\" data-end=\"1480\">T\u00e4m\u00e4 Beaded Weft -pidennysnauha ei korvaa perinteist\u00e4 Simply Naturalin konety\u00f6nauhaa, vaan t\u00e4ydent\u00e4\u00e4 valikoimaa kevyemm\u00e4ll\u00e4 vaihtoehdolla erilaisiin hiustyyppeihin ja toiveisiin.<\/p>\n<h2 data-start=\"1867\" data-end=\"1908\">Raitas\u00e4vyt ja muunneltavuus<\/h2>\n<p data-start=\"1909\" data-end=\"2221\">Kaikki Pearl Weft -nauhat valmistetaan raitas\u00e4vyisin\u00e4, mik\u00e4 tuo pidennykseen el\u00e4vyytt\u00e4, syvyytt\u00e4 ja luonnollista vivahteikkuutta. Kampaajalle t\u00e4m\u00e4 antaa vapauden yhdistell\u00e4 s\u00e4vyj\u00e4 ja luoda aidosti yksil\u00f6llisi\u00e4 lopputuloksia. Suora tekstuuri tarjoaa klassisen, siistin ja monik\u00e4ytt\u00f6isen lopputuloksen. Hiukset on helppo muotoilla ja ne sulautuvat luonnollisesti asiakkaan omaan hiukseen kun se on luonnostaan suora tai se suoristetaan p\u00e4ivitt\u00e4in.<\/p>\n<h2 data-start=\"2223\" data-end=\"2260\">Tekniset ominaisuudet ja laadukkuus<\/h2>\n<p data-start=\"2261\" data-end=\"2457\">Jokaisessa pakkauksessa on 30 cm leve\u00e4 hiusnauha, joka on t\u00e4ydellinen yhden rivin asennukseen. Simply Natural, Pearl Weft -nauha sis\u00e4lt\u00e4\u00e4 9000 -hiussuortuvaa, mik\u00e4 vastaa noin kahta Mago-pakettia. N\u00e4in suuri hiusm\u00e4\u00e4r\u00e4 eritt\u00e4in ohuessa nauhassa on merkitt\u00e4v\u00e4 tekninen saavutus. Nauhassa ei ole lainkaan ns. paluuhiusta, joten tyvialue on todella luonnollinen eik\u00e4 tuo ylim\u00e4\u00e4r\u00e4ist\u00e4 volyymia.<\/p>\n<p data-start=\"2542\" data-end=\"2789\">Laadukas Simply Natural, Double Drawn -Super Remy -hius on tyvest\u00e4 latvaan yht\u00e4 pitk\u00e4\u00e4, vahvaa ja pehme\u00e4\u00e4 intialaista hiusta. Hiuksia ei k\u00e4sitell\u00e4 voimakkailla kemikaaleilla eik\u00e4 vaaleimpiakaan hiuksia altisteta voimakkaille vaalennuksille, vaan vaalennetaan miedossa liuoksessa useiden viikkojen ajan. K\u00e4sity\u00f6n\u00e4 tehty tuotantoprosessi takaa, ett\u00e4 hius pysyy laadukkaana ja hyv\u00e4laatuisena. Eettisesti ja vastuullisesti tuotettu hius, sertifioitu valmistusprosessi ja erinomainen kest\u00e4vyys tekev\u00e4t Simply Natural, Pearl Weft -pidennysnauhasta luotettavan valinnan ammattik\u00e4ytt\u00f6\u00f6n.<\/p>\n<h2 data-start=\"4375\" data-end=\"4810\">Pidennysten hoitaminen ja tehdastakuu<\/h2>\n<p data-start=\"4379\" data-end=\"4738\">Oikealla hoidolla Pearl Weft -pidennysnauha s\u00e4ilyy kauniina pitk\u00e4\u00e4n.<\/p>\n<ul>\n<li data-start=\"4379\" data-end=\"4738\">K\u00e4yt\u00e4 Simply Natural Hair Cosmetics -tuotteita (edellytys 3 kk takuulle),<\/li>\n<li data-start=\"4379\" data-end=\"4738\">Harjaa hiukset v\u00e4hint\u00e4\u00e4n 2\u00d7 p\u00e4iv\u00e4ss\u00e4 pidennysharjalla<\/li>\n<li data-start=\"4379\" data-end=\"4738\">Pese hell\u00e4varaisesti v\u00e4ltt\u00e4en tyvialueen hankausta.<\/li>\n<li data-start=\"4379\" data-end=\"4738\">K\u00e4yt\u00e4 l\u00e4mp\u00f6suojaa muotoilussa<\/li>\n<li data-start=\"4379\" data-end=\"4738\">Kuivaa hiukset ennen nukkumaanmenoa ja sido ne y\u00f6ksi l\u00f6ys\u00e4lle letille.<\/li>\n<\/ul>\n<p><span>Tarkemmat hoito-ohjeet l\u00f6yd\u00e4t\u00a0<a href=\"https:\/\/kinnunen.fi\/en\/tuoteoppaat-ja-ohjeet\/\">tuoteoppaat ja ohjeet -sivultamme.<\/a><\/span><\/p>\n<h3 data-start=\"2862\" data-end=\"2905\">Materiaalin kolmen kuukauden tehdastakuu<\/h3>\n<p data-start=\"2907\" data-end=\"3116\">Hiusmateriaalilla on 3 kuukauden tehdastakuu, kun pidennyksi\u00e4 hoidetaan <a href=\"https:\/\/kinnunen.fi\/en\/product-category\/hiustenpidennykset\/simply-natural-hoitotuotteet\/\">Simply Natural Hair Cosmetics -tuotteilla<\/a> ja ohjeiden mukaisesti. Takuu ei ole voimassa, jos pidennyksi\u00e4 ei ole hoidettu ohjeiden mukaan.<\/p>","protected":false},"excerpt":{"rendered":"<p>Pearl Weft on ohut ja joustava Beaded Weft pidennysnauha, joka sopii Beaded Weft pidennysten lis\u00e4ksi my\u00f6s perinteiseen ompelupidennykseen. Erinomainen valinta huomaamattomiin ja kevyisiin pidennyksiin ja tuuhennuksiin. Tuttu, laadukas ja eettinen Simply Natural Super Remy, Double Drawn, 40 cm pitk\u00e4 hius, nauhan leveys 30cm (9000 yksitt\u00e4ist\u00e4 hiusta). Yksi paketti riitt\u00e4\u00e4 tuuhennukseen, t\u00e4yspidennykseen suositellaan v\u00e4hint\u00e4\u00e4n kahta pakettia.<\/p>","protected":false},"featured_media":46746,"comment_status":"closed","ping_status":"closed","template":"","meta":{"_relevanssi_hide_post":"","_relevanssi_pin_for_all":"","_relevanssi_pin_keywords":"","_relevanssi_unpin_keywords":"","_relevanssi_related_keywords":"","_relevanssi_related_include_ids":"","_relevanssi_related_exclude_ids":"","_relevanssi_related_no_append":"","_relevanssi_related_not_related":"","_relevanssi_related_posts":"","_relevanssi_noindex_reason":""},"product_cat":[1767,1916,2434],"product_tag":[2353,2435],"class_list":["post-46560","product","type-product","status-publish","has-post-thumbnail","hentry","product_cat-hiustenpidennykset","product_cat-simply-natural","product_cat-pearl-weft-pidennysnauha","product_tag-beaded-weft","product_tag-pidennysnauha","pa_vari-10-1","pa_vari-3-3-6-2","pa_vari-5-3","pa_vari-6-3-7-2","pa_vari-6-3-9-3","pa_vari-7-2-9-2","pa_vari-8-2","pa_vari-8-2-10-2","tuotemerkki-simply-natural"],"tuotemerkit":[{"term_id":142,"name":"Simply Natural","slug":"simply-natural","term_group":0,"term_taxonomy_id":142,"taxonomy":"tuotemerkki","description":"","parent":0,"count":55,"filter":"raw"}],"acf":[],"yoast_head":"<!-- This site is optimized with the Yoast SEO plugin v23.3 - https:\/\/yoast.com\/wordpress\/plugins\/seo\/ -->\n<title>SN Pearl Weft 40 cm suora | Beaded Weft pidennysnauha<\/title>\n<meta name=\"description\" content=\"Eritt\u00e4in ohut ja laadukas Beaded Weft pidennysnauha luonnolliseen lopputulokseen. Ihanteellinen luonnollisiin ja huomaamattomiin pidennyksiin.\" \/>\n<meta name=\"robots\" content=\"index, follow, max-snippet:-1, max-image-preview:large, max-video-preview:-1\" \/>\n<link rel=\"canonical\" href=\"https:\/\/kinnunen.fi\/en\/product\/sn-pearl-weft-pidennysnauha-40-cm-suora\/\" \/>\n<meta property=\"og:locale\" content=\"en_GB\" \/>\n<meta property=\"og:type\" content=\"article\" \/>\n<meta property=\"og:title\" content=\"SN Pearl Weft 40 cm suora | Beaded Weft pidennysnauha\" \/>\n<meta property=\"og:description\" content=\"Eritt\u00e4in ohut ja laadukas Beaded Weft pidennysnauha luonnolliseen lopputulokseen. Ihanteellinen luonnollisiin ja huomaamattomiin pidennyksiin.\" \/>\n<meta property=\"og:url\" content=\"https:\/\/kinnunen.fi\/en\/product\/sn-pearl-weft-pidennysnauha-40-cm-suora\/\" \/>\n<meta property=\"og:site_name\" content=\"Kinnunen\" \/>\n<meta property=\"article:modified_time\" content=\"2026-04-19T01:00:38+00:00\" \/>\n<meta property=\"og:image\" content=\"https:\/\/kinnunen.fi\/wp-content\/uploads\/2025\/12\/simply-natural-pearl-weft-pidennysnauha.jpg\" \/>\n\t<meta property=\"og:image:width\" content=\"1000\" \/>\n\t<meta property=\"og:image:height\" content=\"1000\" \/>\n\t<meta property=\"og:image:type\" content=\"image\/jpeg\" \/>\n<meta name=\"twitter:card\" content=\"summary_large_image\" \/>\n<meta name=\"twitter:label1\" content=\"Estimated reading time\" \/>\n\t<meta name=\"twitter:data1\" content=\"2 minutes\" \/>\n<script type=\"application\/ld+json\" class=\"yoast-schema-graph\">{\"@context\":\"https:\/\/schema.org\",\"@graph\":[{\"@type\":\"WebPage\",\"@id\":\"https:\/\/kinnunen.fi\/tuote\/sn-pearl-weft-pidennysnauha-40-cm-suora\/\",\"url\":\"https:\/\/kinnunen.fi\/tuote\/sn-pearl-weft-pidennysnauha-40-cm-suora\/\",\"name\":\"SN Pearl Weft 40 cm suora | Beaded Weft pidennysnauha\",\"isPartOf\":{\"@id\":\"https:\/\/kinnunen.fi\/#website\"},\"primaryImageOfPage\":{\"@id\":\"https:\/\/kinnunen.fi\/tuote\/sn-pearl-weft-pidennysnauha-40-cm-suora\/#primaryimage\"},\"image\":{\"@id\":\"https:\/\/kinnunen.fi\/tuote\/sn-pearl-weft-pidennysnauha-40-cm-suora\/#primaryimage\"},\"thumbnailUrl\":\"https:\/\/kinnunen.fi\/wp-content\/uploads\/2025\/12\/simply-natural-pearl-weft-pidennysnauha.jpg\",\"datePublished\":\"2025-12-12T10:09:14+00:00\",\"dateModified\":\"2026-04-19T01:00:38+00:00\",\"description\":\"Eritt\u00e4in ohut ja laadukas Beaded Weft pidennysnauha luonnolliseen lopputulokseen. Ihanteellinen luonnollisiin ja huomaamattomiin pidennyksiin.\",\"breadcrumb\":{\"@id\":\"https:\/\/kinnunen.fi\/tuote\/sn-pearl-weft-pidennysnauha-40-cm-suora\/#breadcrumb\"},\"inLanguage\":\"en-GB\",\"potentialAction\":[{\"@type\":\"ReadAction\",\"target\":[\"https:\/\/kinnunen.fi\/tuote\/sn-pearl-weft-pidennysnauha-40-cm-suora\/\"]}]},{\"@type\":\"ImageObject\",\"inLanguage\":\"en-GB\",\"@id\":\"https:\/\/kinnunen.fi\/tuote\/sn-pearl-weft-pidennysnauha-40-cm-suora\/#primaryimage\",\"url\":\"https:\/\/kinnunen.fi\/wp-content\/uploads\/2025\/12\/simply-natural-pearl-weft-pidennysnauha.jpg\",\"contentUrl\":\"https:\/\/kinnunen.fi\/wp-content\/uploads\/2025\/12\/simply-natural-pearl-weft-pidennysnauha.jpg\",\"width\":1000,\"height\":1000},{\"@type\":\"BreadcrumbList\",\"@id\":\"https:\/\/kinnunen.fi\/tuote\/sn-pearl-weft-pidennysnauha-40-cm-suora\/#breadcrumb\",\"itemListElement\":[{\"@type\":\"ListItem\",\"position\":1,\"name\":\"Etusivu\",\"item\":\"https:\/\/kinnunen.fi\/\"},{\"@type\":\"ListItem\",\"position\":2,\"name\":\"Kaikki tuotteet\",\"item\":\"https:\/\/kinnunen.fi\/kauppa\/\"},{\"@type\":\"ListItem\",\"position\":3,\"name\":\"Hiustenpidennykset\",\"item\":\"https:\/\/kinnunen.fi\/tuote-osasto\/hiustenpidennykset\/\"},{\"@type\":\"ListItem\",\"position\":4,\"name\":\"SN Pearl Weft -pidennysnauha 40 cm, suora\"}]},{\"@type\":\"WebSite\",\"@id\":\"https:\/\/kinnunen.fi\/#website\",\"url\":\"https:\/\/kinnunen.fi\/\",\"name\":\"Kinnunen\",\"description\":\"\",\"potentialAction\":[{\"@type\":\"SearchAction\",\"target\":{\"@type\":\"EntryPoint\",\"urlTemplate\":\"https:\/\/kinnunen.fi\/?s={search_term_string}\"},\"query-input\":\"required name=search_term_string\"}],\"inLanguage\":\"en-GB\"}]}<\/script>\n<!-- \/ Yoast SEO plugin. -->","yoast_head_json":{"title":"SN Pearl Weft 40 cm suora | Beaded Weft pidennysnauha","description":"Eritt\u00e4in ohut ja laadukas Beaded Weft pidennysnauha luonnolliseen lopputulokseen. Ihanteellinen luonnollisiin ja huomaamattomiin pidennyksiin.","robots":{"index":"index","follow":"follow","max-snippet":"max-snippet:-1","max-image-preview":"max-image-preview:large","max-video-preview":"max-video-preview:-1"},"canonical":"https:\/\/kinnunen.fi\/en\/product\/sn-pearl-weft-pidennysnauha-40-cm-suora\/","og_locale":"en_GB","og_type":"article","og_title":"SN Pearl Weft 40 cm suora | Beaded Weft pidennysnauha","og_description":"Eritt\u00e4in ohut ja laadukas Beaded Weft pidennysnauha luonnolliseen lopputulokseen. Ihanteellinen luonnollisiin ja huomaamattomiin pidennyksiin.","og_url":"https:\/\/kinnunen.fi\/en\/product\/sn-pearl-weft-pidennysnauha-40-cm-suora\/","og_site_name":"Kinnunen","article_modified_time":"2026-04-19T01:00:38+00:00","og_image":[{"width":1000,"height":1000,"url":"https:\/\/kinnunen.fi\/wp-content\/uploads\/2025\/12\/simply-natural-pearl-weft-pidennysnauha.jpg","type":"image\/jpeg"}],"twitter_card":"summary_large_image","twitter_misc":{"Estimated reading time":"2 minutes"},"schema":{"@context":"https:\/\/schema.org","@graph":[{"@type":"WebPage","@id":"https:\/\/kinnunen.fi\/tuote\/sn-pearl-weft-pidennysnauha-40-cm-suora\/","url":"https:\/\/kinnunen.fi\/tuote\/sn-pearl-weft-pidennysnauha-40-cm-suora\/","name":"SN Pearl Weft 40 cm suora | Beaded Weft pidennysnauha","isPartOf":{"@id":"https:\/\/kinnunen.fi\/#website"},"primaryImageOfPage":{"@id":"https:\/\/kinnunen.fi\/tuote\/sn-pearl-weft-pidennysnauha-40-cm-suora\/#primaryimage"},"image":{"@id":"https:\/\/kinnunen.fi\/tuote\/sn-pearl-weft-pidennysnauha-40-cm-suora\/#primaryimage"},"thumbnailUrl":"https:\/\/kinnunen.fi\/wp-content\/uploads\/2025\/12\/simply-natural-pearl-weft-pidennysnauha.jpg","datePublished":"2025-12-12T10:09:14+00:00","dateModified":"2026-04-19T01:00:38+00:00","description":"Eritt\u00e4in ohut ja laadukas Beaded Weft pidennysnauha luonnolliseen lopputulokseen. Ihanteellinen luonnollisiin ja huomaamattomiin pidennyksiin.","breadcrumb":{"@id":"https:\/\/kinnunen.fi\/tuote\/sn-pearl-weft-pidennysnauha-40-cm-suora\/#breadcrumb"},"inLanguage":"en-GB","potentialAction":[{"@type":"ReadAction","target":["https:\/\/kinnunen.fi\/tuote\/sn-pearl-weft-pidennysnauha-40-cm-suora\/"]}]},{"@type":"ImageObject","inLanguage":"en-GB","@id":"https:\/\/kinnunen.fi\/tuote\/sn-pearl-weft-pidennysnauha-40-cm-suora\/#primaryimage","url":"https:\/\/kinnunen.fi\/wp-content\/uploads\/2025\/12\/simply-natural-pearl-weft-pidennysnauha.jpg","contentUrl":"https:\/\/kinnunen.fi\/wp-content\/uploads\/2025\/12\/simply-natural-pearl-weft-pidennysnauha.jpg","width":1000,"height":1000},{"@type":"BreadcrumbList","@id":"https:\/\/kinnunen.fi\/tuote\/sn-pearl-weft-pidennysnauha-40-cm-suora\/#breadcrumb","itemListElement":[{"@type":"ListItem","position":1,"name":"Etusivu","item":"https:\/\/kinnunen.fi\/"},{"@type":"ListItem","position":2,"name":"Kaikki tuotteet","item":"https:\/\/kinnunen.fi\/kauppa\/"},{"@type":"ListItem","position":3,"name":"Hiustenpidennykset","item":"https:\/\/kinnunen.fi\/tuote-osasto\/hiustenpidennykset\/"},{"@type":"ListItem","position":4,"name":"SN Pearl Weft -pidennysnauha 40 cm, suora"}]},{"@type":"WebSite","@id":"https:\/\/kinnunen.fi\/#website","url":"https:\/\/kinnunen.fi\/","name":"Kinnunen","description":"","potentialAction":[{"@type":"SearchAction","target":{"@type":"EntryPoint","urlTemplate":"https:\/\/kinnunen.fi\/?s={search_term_string}"},"query-input":"required name=search_term_string"}],"inLanguage":"en-GB"}]}},"_links":{"self":[{"href":"https:\/\/kinnunen.fi\/en\/wp-json\/wp\/v2\/product\/46560"}],"collection":[{"href":"https:\/\/kinnunen.fi\/en\/wp-json\/wp\/v2\/product"}],"about":[{"href":"https:\/\/kinnunen.fi\/en\/wp-json\/wp\/v2\/types\/product"}],"replies":[{"embeddable":true,"href":"https:\/\/kinnunen.fi\/en\/wp-json\/wp\/v2\/comments?post=46560"}],"wp:featuredmedia":[{"embeddable":true,"href":"https:\/\/kinnunen.fi\/en\/wp-json\/wp\/v2\/media\/46746"}],"wp:attachment":[{"href":"https:\/\/kinnunen.fi\/en\/wp-json\/wp\/v2\/media?parent=46560"}],"wp:term":[{"taxonomy":"product_cat","embeddable":true,"href":"https:\/\/kinnunen.fi\/en\/wp-json\/wp\/v2\/product_cat?post=46560"},{"taxonomy":"product_tag","embeddable":true,"href":"https:\/\/kinnunen.fi\/en\/wp-json\/wp\/v2\/product_tag?post=46560"}],"curies":[{"name":"wp","href":"https:\/\/api.w.org\/{rel}","templated":true}]}}