

{"id":46625,"date":"2025-12-18T15:54:34","date_gmt":"2025-12-18T13:54:34","guid":{"rendered":"https:\/\/kinnunen.fi\/?post_type=product&#038;p=46625"},"modified":"2026-04-08T04:00:08","modified_gmt":"2026-04-08T01:00:08","slug":"wahl-chromstyle-vaihtotera","status":"publish","type":"product","link":"https:\/\/kinnunen.fi\/en\/product\/wahl-chromstyle-vaihtotera\/","title":{"rendered":"Wahl Chromstyle -vaihtoter\u00e4"},"content":{"rendered":"","protected":false},"excerpt":{"rendered":"<p>Vaihtoter\u00e4 Wahl Chromstyle leikkauskoneeseen. Ter\u00e4 sopii my\u00f6s Moser Chrom2Style, Genio Pro ja Genio Pro Fade -leikkauskoneisiin. Leikkauspituus s\u00e4\u00e4dett\u00e4viss\u00e4 <span>0.7 mm, 1.3 mm, 1.9 mm, 2.4 mm ja 3 mm.<\/span><\/p>","protected":false},"featured_media":46626,"comment_status":"open","ping_status":"closed","template":"","meta":{"_relevanssi_hide_post":"","_relevanssi_pin_for_all":"","_relevanssi_pin_keywords":"","_relevanssi_unpin_keywords":"","_relevanssi_related_keywords":"","_relevanssi_related_include_ids":"","_relevanssi_related_exclude_ids":"","_relevanssi_related_no_append":"","_relevanssi_related_not_related":"","_relevanssi_related_posts":"","_relevanssi_noindex_reason":""},"product_cat":[1774,1777],"product_tag":[],"class_list":["post-46625","product","type-product","status-publish","has-post-thumbnail","hentry","product_cat-koneet-ja-laitteet","product_cat-leikkauskoneiden-terat-ja-varaosta","tuotemerkki-wahl"],"tuotemerkit":[{"term_id":2303,"name":"Wahl","slug":"wahl","term_group":0,"term_taxonomy_id":2303,"taxonomy":"tuotemerkki","description":"","parent":0,"count":40,"filter":"raw"}],"acf":[],"yoast_head":"<!-- This site is optimized with the Yoast SEO plugin v23.3 - https:\/\/yoast.com\/wordpress\/plugins\/seo\/ -->\n<title>Wahl Chromstyle -vaihtoter\u00e4 - Kinnunen<\/title>\n<meta name=\"robots\" content=\"index, follow, max-snippet:-1, max-image-preview:large, max-video-preview:-1\" \/>\n<link rel=\"canonical\" href=\"https:\/\/kinnunen.fi\/en\/product\/wahl-chromstyle-vaihtotera\/\" \/>\n<meta property=\"og:locale\" content=\"en_GB\" \/>\n<meta property=\"og:type\" content=\"article\" \/>\n<meta property=\"og:title\" content=\"Wahl Chromstyle -vaihtoter\u00e4 - Kinnunen\" \/>\n<meta property=\"og:description\" content=\"Vaihtoter\u00e4 Wahl Chromstyle leikkauskoneeseen. Ter\u00e4 sopii my\u00f6s Moser Chrom2Style, Genio Pro ja Genio Pro Fade -leikkauskoneisiin. Leikkauspituus s\u00e4\u00e4dett\u00e4viss\u00e4 0.7 mm, 1.3 mm, 1.9 mm, 2.4 mm ja 3 mm.\" \/>\n<meta property=\"og:url\" content=\"https:\/\/kinnunen.fi\/en\/product\/wahl-chromstyle-vaihtotera\/\" \/>\n<meta property=\"og:site_name\" content=\"Kinnunen\" \/>\n<meta property=\"article:modified_time\" content=\"2026-04-08T01:00:08+00:00\" \/>\n<meta property=\"og:image\" content=\"https:\/\/kinnunen.fi\/wp-content\/uploads\/2025\/12\/1854-7372-WAHL-blade-chromstyle.jpg\" \/>\n\t<meta property=\"og:image:width\" content=\"1000\" \/>\n\t<meta property=\"og:image:height\" content=\"1000\" \/>\n\t<meta property=\"og:image:type\" content=\"image\/jpeg\" \/>\n<meta name=\"twitter:card\" content=\"summary_large_image\" \/>\n<script type=\"application\/ld+json\" class=\"yoast-schema-graph\">{\"@context\":\"https:\/\/schema.org\",\"@graph\":[{\"@type\":\"WebPage\",\"@id\":\"https:\/\/kinnunen.fi\/tuote\/wahl-chromstyle-vaihtotera\/\",\"url\":\"https:\/\/kinnunen.fi\/tuote\/wahl-chromstyle-vaihtotera\/\",\"name\":\"Wahl Chromstyle -vaihtoter\u00e4 - Kinnunen\",\"isPartOf\":{\"@id\":\"https:\/\/kinnunen.fi\/#website\"},\"primaryImageOfPage\":{\"@id\":\"https:\/\/kinnunen.fi\/tuote\/wahl-chromstyle-vaihtotera\/#primaryimage\"},\"image\":{\"@id\":\"https:\/\/kinnunen.fi\/tuote\/wahl-chromstyle-vaihtotera\/#primaryimage\"},\"thumbnailUrl\":\"https:\/\/kinnunen.fi\/wp-content\/uploads\/2025\/12\/1854-7372-WAHL-blade-chromstyle.jpg\",\"datePublished\":\"2025-12-18T13:54:34+00:00\",\"dateModified\":\"2026-04-08T01:00:08+00:00\",\"breadcrumb\":{\"@id\":\"https:\/\/kinnunen.fi\/tuote\/wahl-chromstyle-vaihtotera\/#breadcrumb\"},\"inLanguage\":\"en-GB\",\"potentialAction\":[{\"@type\":\"ReadAction\",\"target\":[\"https:\/\/kinnunen.fi\/tuote\/wahl-chromstyle-vaihtotera\/\"]}]},{\"@type\":\"ImageObject\",\"inLanguage\":\"en-GB\",\"@id\":\"https:\/\/kinnunen.fi\/tuote\/wahl-chromstyle-vaihtotera\/#primaryimage\",\"url\":\"https:\/\/kinnunen.fi\/wp-content\/uploads\/2025\/12\/1854-7372-WAHL-blade-chromstyle.jpg\",\"contentUrl\":\"https:\/\/kinnunen.fi\/wp-content\/uploads\/2025\/12\/1854-7372-WAHL-blade-chromstyle.jpg\",\"width\":1000,\"height\":1000},{\"@type\":\"BreadcrumbList\",\"@id\":\"https:\/\/kinnunen.fi\/tuote\/wahl-chromstyle-vaihtotera\/#breadcrumb\",\"itemListElement\":[{\"@type\":\"ListItem\",\"position\":1,\"name\":\"Etusivu\",\"item\":\"https:\/\/kinnunen.fi\/\"},{\"@type\":\"ListItem\",\"position\":2,\"name\":\"Kaikki tuotteet\",\"item\":\"https:\/\/kinnunen.fi\/kauppa\/\"},{\"@type\":\"ListItem\",\"position\":3,\"name\":\"Koneet ja s\u00e4hk\u00f6laitteet\",\"item\":\"https:\/\/kinnunen.fi\/tuote-osasto\/koneet-ja-laitteet\/\"},{\"@type\":\"ListItem\",\"position\":4,\"name\":\"Wahl Chromstyle -vaihtoter\u00e4\"}]},{\"@type\":\"WebSite\",\"@id\":\"https:\/\/kinnunen.fi\/#website\",\"url\":\"https:\/\/kinnunen.fi\/\",\"name\":\"Kinnunen\",\"description\":\"\",\"potentialAction\":[{\"@type\":\"SearchAction\",\"target\":{\"@type\":\"EntryPoint\",\"urlTemplate\":\"https:\/\/kinnunen.fi\/?s={search_term_string}\"},\"query-input\":\"required name=search_term_string\"}],\"inLanguage\":\"en-GB\"}]}<\/script>\n<!-- \/ Yoast SEO plugin. -->","yoast_head_json":{"title":"Wahl Chromstyle -vaihtoter\u00e4 - Kinnunen","robots":{"index":"index","follow":"follow","max-snippet":"max-snippet:-1","max-image-preview":"max-image-preview:large","max-video-preview":"max-video-preview:-1"},"canonical":"https:\/\/kinnunen.fi\/en\/product\/wahl-chromstyle-vaihtotera\/","og_locale":"en_GB","og_type":"article","og_title":"Wahl Chromstyle -vaihtoter\u00e4 - Kinnunen","og_description":"Vaihtoter\u00e4 Wahl Chromstyle leikkauskoneeseen. Ter\u00e4 sopii my\u00f6s Moser Chrom2Style, Genio Pro ja Genio Pro Fade -leikkauskoneisiin. Leikkauspituus s\u00e4\u00e4dett\u00e4viss\u00e4 0.7 mm, 1.3 mm, 1.9 mm, 2.4 mm ja 3 mm.","og_url":"https:\/\/kinnunen.fi\/en\/product\/wahl-chromstyle-vaihtotera\/","og_site_name":"Kinnunen","article_modified_time":"2026-04-08T01:00:08+00:00","og_image":[{"width":1000,"height":1000,"url":"https:\/\/kinnunen.fi\/wp-content\/uploads\/2025\/12\/1854-7372-WAHL-blade-chromstyle.jpg","type":"image\/jpeg"}],"twitter_card":"summary_large_image","schema":{"@context":"https:\/\/schema.org","@graph":[{"@type":"WebPage","@id":"https:\/\/kinnunen.fi\/tuote\/wahl-chromstyle-vaihtotera\/","url":"https:\/\/kinnunen.fi\/tuote\/wahl-chromstyle-vaihtotera\/","name":"Wahl Chromstyle -vaihtoter\u00e4 - Kinnunen","isPartOf":{"@id":"https:\/\/kinnunen.fi\/#website"},"primaryImageOfPage":{"@id":"https:\/\/kinnunen.fi\/tuote\/wahl-chromstyle-vaihtotera\/#primaryimage"},"image":{"@id":"https:\/\/kinnunen.fi\/tuote\/wahl-chromstyle-vaihtotera\/#primaryimage"},"thumbnailUrl":"https:\/\/kinnunen.fi\/wp-content\/uploads\/2025\/12\/1854-7372-WAHL-blade-chromstyle.jpg","datePublished":"2025-12-18T13:54:34+00:00","dateModified":"2026-04-08T01:00:08+00:00","breadcrumb":{"@id":"https:\/\/kinnunen.fi\/tuote\/wahl-chromstyle-vaihtotera\/#breadcrumb"},"inLanguage":"en-GB","potentialAction":[{"@type":"ReadAction","target":["https:\/\/kinnunen.fi\/tuote\/wahl-chromstyle-vaihtotera\/"]}]},{"@type":"ImageObject","inLanguage":"en-GB","@id":"https:\/\/kinnunen.fi\/tuote\/wahl-chromstyle-vaihtotera\/#primaryimage","url":"https:\/\/kinnunen.fi\/wp-content\/uploads\/2025\/12\/1854-7372-WAHL-blade-chromstyle.jpg","contentUrl":"https:\/\/kinnunen.fi\/wp-content\/uploads\/2025\/12\/1854-7372-WAHL-blade-chromstyle.jpg","width":1000,"height":1000},{"@type":"BreadcrumbList","@id":"https:\/\/kinnunen.fi\/tuote\/wahl-chromstyle-vaihtotera\/#breadcrumb","itemListElement":[{"@type":"ListItem","position":1,"name":"Etusivu","item":"https:\/\/kinnunen.fi\/"},{"@type":"ListItem","position":2,"name":"Kaikki tuotteet","item":"https:\/\/kinnunen.fi\/kauppa\/"},{"@type":"ListItem","position":3,"name":"Koneet ja s\u00e4hk\u00f6laitteet","item":"https:\/\/kinnunen.fi\/tuote-osasto\/koneet-ja-laitteet\/"},{"@type":"ListItem","position":4,"name":"Wahl Chromstyle -vaihtoter\u00e4"}]},{"@type":"WebSite","@id":"https:\/\/kinnunen.fi\/#website","url":"https:\/\/kinnunen.fi\/","name":"Kinnunen","description":"","potentialAction":[{"@type":"SearchAction","target":{"@type":"EntryPoint","urlTemplate":"https:\/\/kinnunen.fi\/?s={search_term_string}"},"query-input":"required name=search_term_string"}],"inLanguage":"en-GB"}]}},"_links":{"self":[{"href":"https:\/\/kinnunen.fi\/en\/wp-json\/wp\/v2\/product\/46625"}],"collection":[{"href":"https:\/\/kinnunen.fi\/en\/wp-json\/wp\/v2\/product"}],"about":[{"href":"https:\/\/kinnunen.fi\/en\/wp-json\/wp\/v2\/types\/product"}],"replies":[{"embeddable":true,"href":"https:\/\/kinnunen.fi\/en\/wp-json\/wp\/v2\/comments?post=46625"}],"wp:featuredmedia":[{"embeddable":true,"href":"https:\/\/kinnunen.fi\/en\/wp-json\/wp\/v2\/media\/46626"}],"wp:attachment":[{"href":"https:\/\/kinnunen.fi\/en\/wp-json\/wp\/v2\/media?parent=46625"}],"wp:term":[{"taxonomy":"product_cat","embeddable":true,"href":"https:\/\/kinnunen.fi\/en\/wp-json\/wp\/v2\/product_cat?post=46625"},{"taxonomy":"product_tag","embeddable":true,"href":"https:\/\/kinnunen.fi\/en\/wp-json\/wp\/v2\/product_tag?post=46625"}],"curies":[{"name":"wp","href":"https:\/\/api.w.org\/{rel}","templated":true}]}}