

{"id":46681,"date":"2025-12-29T08:36:16","date_gmt":"2025-12-29T06:36:16","guid":{"rendered":"https:\/\/kinnunen.fi\/?post_type=product&#038;p=46681"},"modified":"2026-04-19T04:00:39","modified_gmt":"2026-04-19T01:00:39","slug":"sn-extension-pearl-mikrorenkaat-500kpl","status":"publish","type":"product","link":"https:\/\/kinnunen.fi\/en\/product\/sn-extension-pearl-mikrorenkaat-500kpl\/","title":{"rendered":"SN Extension Pearl -mikrorenkaat 500kpl"},"content":{"rendered":"","protected":false},"excerpt":{"rendered":"<p>Mikrorenkaat esimerkiksi Beaded Weft -pidennyksen kiinnitt\u00e4miseen. Alumiinista valmistetuissa mikrorenkaissa on renkaan sis\u00e4ll\u00e4 hiusta suojaava silikonin rengas. Kiekossa on 500kpl renkaita, jotka on pujotettu rautalankaan, joten renkaiden ottaminen on helppoa ja k\u00e4tev\u00e4\u00e4. Mikrorenkaan halkaisija on 4mm.<\/p>","protected":false},"featured_media":46690,"comment_status":"closed","ping_status":"closed","template":"","meta":{"_relevanssi_hide_post":"","_relevanssi_pin_for_all":"","_relevanssi_pin_keywords":"","_relevanssi_unpin_keywords":"","_relevanssi_related_keywords":"","_relevanssi_related_include_ids":"","_relevanssi_related_exclude_ids":"","_relevanssi_related_no_append":"","_relevanssi_related_not_related":"","_relevanssi_related_posts":"","_relevanssi_noindex_reason":""},"product_cat":[1767,1768],"product_tag":[2353,2433,2432,2390,2354,2392],"class_list":["post-46681","product","type-product","status-publish","has-post-thumbnail","hentry","product_cat-hiustenpidennykset","product_cat-pidennystarvikkeet","product_tag-beaded-weft","product_tag-helmet","product_tag-helmi","product_tag-kiinnityshelmi","product_tag-kiinnitysrengas","product_tag-microrenkaat","pa_vari-musta","pa_vari-ruskea","pa_vari-vaalea","tuotemerkki-simply-natural"],"tuotemerkit":[{"term_id":142,"name":"Simply Natural","slug":"simply-natural","term_group":0,"term_taxonomy_id":142,"taxonomy":"tuotemerkki","description":"","parent":0,"count":55,"filter":"raw"}],"acf":[],"yoast_head":"<!-- This site is optimized with the Yoast SEO plugin v23.3 - https:\/\/yoast.com\/wordpress\/plugins\/seo\/ -->\n<title>SN Extension Pearl -mikrorenkaat 500kpl - Kinnunen<\/title>\n<meta name=\"robots\" content=\"index, follow, max-snippet:-1, max-image-preview:large, max-video-preview:-1\" \/>\n<link rel=\"canonical\" href=\"https:\/\/kinnunen.fi\/en\/product\/sn-extension-pearl-mikrorenkaat-500kpl\/\" \/>\n<meta property=\"og:locale\" content=\"en_GB\" \/>\n<meta property=\"og:type\" content=\"article\" \/>\n<meta property=\"og:title\" content=\"SN Extension Pearl -mikrorenkaat 500kpl - Kinnunen\" \/>\n<meta property=\"og:description\" content=\"Mikrorenkaat esimerkiksi Beaded Weft -pidennyksen kiinnitt\u00e4miseen. Alumiinista valmistetuissa mikrorenkaissa on renkaan sis\u00e4ll\u00e4 hiusta suojaava silikonin rengas. Kiekossa on 500kpl renkaita, jotka on pujotettu rautalankaan, joten renkaiden ottaminen on helppoa ja k\u00e4tev\u00e4\u00e4. Mikrorenkaan halkaisija on 4mm.\" \/>\n<meta property=\"og:url\" content=\"https:\/\/kinnunen.fi\/en\/product\/sn-extension-pearl-mikrorenkaat-500kpl\/\" \/>\n<meta property=\"og:site_name\" content=\"Kinnunen\" \/>\n<meta property=\"article:modified_time\" content=\"2026-04-19T01:00:39+00:00\" \/>\n<meta property=\"og:image\" content=\"https:\/\/kinnunen.fi\/wp-content\/uploads\/2025\/12\/SNA1060-62-1.jpg\" \/>\n\t<meta property=\"og:image:width\" content=\"1500\" \/>\n\t<meta property=\"og:image:height\" content=\"1500\" \/>\n\t<meta property=\"og:image:type\" content=\"image\/jpeg\" \/>\n<meta name=\"twitter:card\" content=\"summary_large_image\" \/>\n<script type=\"application\/ld+json\" class=\"yoast-schema-graph\">{\"@context\":\"https:\/\/schema.org\",\"@graph\":[{\"@type\":\"WebPage\",\"@id\":\"https:\/\/kinnunen.fi\/tuote\/sn-extension-pearl-mikrorenkaat-500kpl\/\",\"url\":\"https:\/\/kinnunen.fi\/tuote\/sn-extension-pearl-mikrorenkaat-500kpl\/\",\"name\":\"SN Extension Pearl -mikrorenkaat 500kpl - Kinnunen\",\"isPartOf\":{\"@id\":\"https:\/\/kinnunen.fi\/#website\"},\"primaryImageOfPage\":{\"@id\":\"https:\/\/kinnunen.fi\/tuote\/sn-extension-pearl-mikrorenkaat-500kpl\/#primaryimage\"},\"image\":{\"@id\":\"https:\/\/kinnunen.fi\/tuote\/sn-extension-pearl-mikrorenkaat-500kpl\/#primaryimage\"},\"thumbnailUrl\":\"https:\/\/kinnunen.fi\/wp-content\/uploads\/2025\/12\/SNA1060-62-1.jpg\",\"datePublished\":\"2025-12-29T06:36:16+00:00\",\"dateModified\":\"2026-04-19T01:00:39+00:00\",\"breadcrumb\":{\"@id\":\"https:\/\/kinnunen.fi\/tuote\/sn-extension-pearl-mikrorenkaat-500kpl\/#breadcrumb\"},\"inLanguage\":\"en-GB\",\"potentialAction\":[{\"@type\":\"ReadAction\",\"target\":[\"https:\/\/kinnunen.fi\/tuote\/sn-extension-pearl-mikrorenkaat-500kpl\/\"]}]},{\"@type\":\"ImageObject\",\"inLanguage\":\"en-GB\",\"@id\":\"https:\/\/kinnunen.fi\/tuote\/sn-extension-pearl-mikrorenkaat-500kpl\/#primaryimage\",\"url\":\"https:\/\/kinnunen.fi\/wp-content\/uploads\/2025\/12\/SNA1060-62-1.jpg\",\"contentUrl\":\"https:\/\/kinnunen.fi\/wp-content\/uploads\/2025\/12\/SNA1060-62-1.jpg\",\"width\":1500,\"height\":1500},{\"@type\":\"BreadcrumbList\",\"@id\":\"https:\/\/kinnunen.fi\/tuote\/sn-extension-pearl-mikrorenkaat-500kpl\/#breadcrumb\",\"itemListElement\":[{\"@type\":\"ListItem\",\"position\":1,\"name\":\"Etusivu\",\"item\":\"https:\/\/kinnunen.fi\/\"},{\"@type\":\"ListItem\",\"position\":2,\"name\":\"Kaikki tuotteet\",\"item\":\"https:\/\/kinnunen.fi\/kauppa\/\"},{\"@type\":\"ListItem\",\"position\":3,\"name\":\"Hiustenpidennykset\",\"item\":\"https:\/\/kinnunen.fi\/tuote-osasto\/hiustenpidennykset\/\"},{\"@type\":\"ListItem\",\"position\":4,\"name\":\"SN Extension Pearl -mikrorenkaat 500kpl\"}]},{\"@type\":\"WebSite\",\"@id\":\"https:\/\/kinnunen.fi\/#website\",\"url\":\"https:\/\/kinnunen.fi\/\",\"name\":\"Kinnunen\",\"description\":\"\",\"potentialAction\":[{\"@type\":\"SearchAction\",\"target\":{\"@type\":\"EntryPoint\",\"urlTemplate\":\"https:\/\/kinnunen.fi\/?s={search_term_string}\"},\"query-input\":\"required name=search_term_string\"}],\"inLanguage\":\"en-GB\"}]}<\/script>\n<!-- \/ Yoast SEO plugin. -->","yoast_head_json":{"title":"SN Extension Pearl -mikrorenkaat 500kpl - Kinnunen","robots":{"index":"index","follow":"follow","max-snippet":"max-snippet:-1","max-image-preview":"max-image-preview:large","max-video-preview":"max-video-preview:-1"},"canonical":"https:\/\/kinnunen.fi\/en\/product\/sn-extension-pearl-mikrorenkaat-500kpl\/","og_locale":"en_GB","og_type":"article","og_title":"SN Extension Pearl -mikrorenkaat 500kpl - Kinnunen","og_description":"Mikrorenkaat esimerkiksi Beaded Weft -pidennyksen kiinnitt\u00e4miseen. Alumiinista valmistetuissa mikrorenkaissa on renkaan sis\u00e4ll\u00e4 hiusta suojaava silikonin rengas. Kiekossa on 500kpl renkaita, jotka on pujotettu rautalankaan, joten renkaiden ottaminen on helppoa ja k\u00e4tev\u00e4\u00e4. Mikrorenkaan halkaisija on 4mm.","og_url":"https:\/\/kinnunen.fi\/en\/product\/sn-extension-pearl-mikrorenkaat-500kpl\/","og_site_name":"Kinnunen","article_modified_time":"2026-04-19T01:00:39+00:00","og_image":[{"width":1500,"height":1500,"url":"https:\/\/kinnunen.fi\/wp-content\/uploads\/2025\/12\/SNA1060-62-1.jpg","type":"image\/jpeg"}],"twitter_card":"summary_large_image","schema":{"@context":"https:\/\/schema.org","@graph":[{"@type":"WebPage","@id":"https:\/\/kinnunen.fi\/tuote\/sn-extension-pearl-mikrorenkaat-500kpl\/","url":"https:\/\/kinnunen.fi\/tuote\/sn-extension-pearl-mikrorenkaat-500kpl\/","name":"SN Extension Pearl -mikrorenkaat 500kpl - Kinnunen","isPartOf":{"@id":"https:\/\/kinnunen.fi\/#website"},"primaryImageOfPage":{"@id":"https:\/\/kinnunen.fi\/tuote\/sn-extension-pearl-mikrorenkaat-500kpl\/#primaryimage"},"image":{"@id":"https:\/\/kinnunen.fi\/tuote\/sn-extension-pearl-mikrorenkaat-500kpl\/#primaryimage"},"thumbnailUrl":"https:\/\/kinnunen.fi\/wp-content\/uploads\/2025\/12\/SNA1060-62-1.jpg","datePublished":"2025-12-29T06:36:16+00:00","dateModified":"2026-04-19T01:00:39+00:00","breadcrumb":{"@id":"https:\/\/kinnunen.fi\/tuote\/sn-extension-pearl-mikrorenkaat-500kpl\/#breadcrumb"},"inLanguage":"en-GB","potentialAction":[{"@type":"ReadAction","target":["https:\/\/kinnunen.fi\/tuote\/sn-extension-pearl-mikrorenkaat-500kpl\/"]}]},{"@type":"ImageObject","inLanguage":"en-GB","@id":"https:\/\/kinnunen.fi\/tuote\/sn-extension-pearl-mikrorenkaat-500kpl\/#primaryimage","url":"https:\/\/kinnunen.fi\/wp-content\/uploads\/2025\/12\/SNA1060-62-1.jpg","contentUrl":"https:\/\/kinnunen.fi\/wp-content\/uploads\/2025\/12\/SNA1060-62-1.jpg","width":1500,"height":1500},{"@type":"BreadcrumbList","@id":"https:\/\/kinnunen.fi\/tuote\/sn-extension-pearl-mikrorenkaat-500kpl\/#breadcrumb","itemListElement":[{"@type":"ListItem","position":1,"name":"Etusivu","item":"https:\/\/kinnunen.fi\/"},{"@type":"ListItem","position":2,"name":"Kaikki tuotteet","item":"https:\/\/kinnunen.fi\/kauppa\/"},{"@type":"ListItem","position":3,"name":"Hiustenpidennykset","item":"https:\/\/kinnunen.fi\/tuote-osasto\/hiustenpidennykset\/"},{"@type":"ListItem","position":4,"name":"SN Extension Pearl -mikrorenkaat 500kpl"}]},{"@type":"WebSite","@id":"https:\/\/kinnunen.fi\/#website","url":"https:\/\/kinnunen.fi\/","name":"Kinnunen","description":"","potentialAction":[{"@type":"SearchAction","target":{"@type":"EntryPoint","urlTemplate":"https:\/\/kinnunen.fi\/?s={search_term_string}"},"query-input":"required name=search_term_string"}],"inLanguage":"en-GB"}]}},"_links":{"self":[{"href":"https:\/\/kinnunen.fi\/en\/wp-json\/wp\/v2\/product\/46681"}],"collection":[{"href":"https:\/\/kinnunen.fi\/en\/wp-json\/wp\/v2\/product"}],"about":[{"href":"https:\/\/kinnunen.fi\/en\/wp-json\/wp\/v2\/types\/product"}],"replies":[{"embeddable":true,"href":"https:\/\/kinnunen.fi\/en\/wp-json\/wp\/v2\/comments?post=46681"}],"wp:featuredmedia":[{"embeddable":true,"href":"https:\/\/kinnunen.fi\/en\/wp-json\/wp\/v2\/media\/46690"}],"wp:attachment":[{"href":"https:\/\/kinnunen.fi\/en\/wp-json\/wp\/v2\/media?parent=46681"}],"wp:term":[{"taxonomy":"product_cat","embeddable":true,"href":"https:\/\/kinnunen.fi\/en\/wp-json\/wp\/v2\/product_cat?post=46681"},{"taxonomy":"product_tag","embeddable":true,"href":"https:\/\/kinnunen.fi\/en\/wp-json\/wp\/v2\/product_tag?post=46681"}],"curies":[{"name":"wp","href":"https:\/\/api.w.org\/{rel}","templated":true}]}}