

{"id":46894,"date":"2026-01-21T12:12:57","date_gmt":"2026-01-21T10:12:57","guid":{"rendered":"https:\/\/kinnunen.fi\/?post_type=product&#038;p=46894"},"modified":"2026-05-05T15:29:59","modified_gmt":"2026-05-05T12:29:59","slug":"haircamouflage-minisuoristusrauta","status":"publish","type":"product","link":"https:\/\/kinnunen.fi\/en\/product\/haircamouflage-minisuoristusrauta\/","title":{"rendered":"HairCamouflage -minisuoristusrauta"},"content":{"rendered":"<h2 data-start=\"170\" data-end=\"247\">Minisuoristusrauta tarkkaan muotoiluun ja j\u00e4lleenmyyntiin<\/h2>\n<p data-start=\"249\" data-end=\"628\">HairCamouflage-minisuoristusrauta on kompakti ja monik\u00e4ytt\u00f6inen ty\u00f6v\u00e4line lyhyiden hiusten, otsatukan ja yksityiskohtien tarkkaan muotoiluun. T\u00e4m\u00e4 on ihanteellinen apuv\u00e4line kampaajan ty\u00f6pisteelle viimeistelyyn sek\u00e4 toimii erinomaisesti my\u00f6s matkak\u00e4yt\u00f6ss\u00e4, joten suoristusrauta on loistava valinta my\u00f6s j\u00e4lleenmyyntiin.<\/p>\n<p data-start=\"630\" data-end=\"961\">Keraamisesti p\u00e4\u00e4llystetyt, kelluvat levyt pit\u00e4v\u00e4t l\u00e4mm\u00f6n tasaisena. Suoristuslevyjen koko (6,5 \u00d7 1,7 cm) mahdollistaa tarkan ja hallitun ty\u00f6skentelyn my\u00f6s pieniss\u00e4 yksityiskohdissa. Laitteen kokonaispituus on vain 17 cm, joten se mahtuu vaivattomasti ty\u00f6kalulaukkuun tai matkakassiin.<\/p>\n<p data-start=\"963\" data-end=\"1226\">Minisuoristusraudassa on on\/off -katkaisija ja l\u00e4mp\u00f6tila on automaattinen (160\u2013180 \u00b0C). Johdon pituus 1,2 m. Mukana toimitettava suojakotelo tekee laitteen kuljettamisesta helppoa ja siisti\u00e4.<\/p>\n<p data-start=\"1228\" data-end=\"1478\">K\u00e4yt\u00e4nn\u00f6llinen valinta kampaajalle, joka tarvitsee tarkkaa viimeistelyty\u00f6v\u00e4linett\u00e4, sek\u00e4 erinomainen tuote myyntiin asiakkaille, jotka arvostavat helppok\u00e4ytt\u00f6ist\u00e4 ja kompaktia suoristusrautaa kotik\u00e4ytt\u00f6\u00f6n ja matkalle.<\/p>","protected":false},"excerpt":{"rendered":"<p>HairCamouflage-minisuoristusrauta on kompakti ja helppok\u00e4ytt\u00f6inen suoristusrauta lyhyille hiuksille ja yksityiskohtien muotoiluun. Automaattinen l\u00e4mp\u00f6tila, keraamiset levyt ja mukana tuleva suojakotelo tekev\u00e4t siit\u00e4 erinomaisen valinnan sek\u00e4 ammattilaisen k\u00e4ytt\u00f6\u00f6n ett\u00e4 kampaamon tuotemyyntiin.<\/p>","protected":false},"featured_media":46973,"comment_status":"open","ping_status":"closed","template":"","meta":{"_relevanssi_hide_post":"","_relevanssi_pin_for_all":"","_relevanssi_pin_keywords":"","_relevanssi_unpin_keywords":"","_relevanssi_related_keywords":"","_relevanssi_related_include_ids":"","_relevanssi_related_exclude_ids":"","_relevanssi_related_no_append":"","_relevanssi_related_not_related":"","_relevanssi_related_posts":"","_relevanssi_noindex_reason":""},"product_cat":[1774,1781],"product_tag":[],"class_list":["post-46894","product","type-product","status-publish","has-post-thumbnail","hentry","product_cat-koneet-ja-laitteet","product_cat-suoristus-ja-kreppiraudat","tuotemerkki-haircamouflage"],"tuotemerkit":[{"term_id":157,"name":"HairCamouflage","slug":"haircamouflage","term_group":0,"term_taxonomy_id":157,"taxonomy":"tuotemerkki","description":"","parent":0,"count":31,"filter":"raw"}],"acf":[],"yoast_head":"<!-- This site is optimized with the Yoast SEO plugin v23.3 - https:\/\/yoast.com\/wordpress\/plugins\/seo\/ -->\n<title>Minisuoristusrauta kampaamoon ja tuotemyyntiin | Kinnunen Oy<\/title>\n<meta name=\"description\" content=\"HairCamouflage-minisuoristusrauta on kompakti ja helppok\u00e4ytt\u00f6inen lyhyille hiuksille ja viimeistelyyn. Sopii ammattilaisk\u00e4ytt\u00f6\u00f6n ja kampaamon tuotemyyntiin.\" \/>\n<meta name=\"robots\" content=\"index, follow, max-snippet:-1, max-image-preview:large, max-video-preview:-1\" \/>\n<link rel=\"canonical\" href=\"https:\/\/kinnunen.fi\/en\/product\/haircamouflage-minisuoristusrauta\/\" \/>\n<meta property=\"og:locale\" content=\"en_GB\" \/>\n<meta property=\"og:type\" content=\"article\" \/>\n<meta property=\"og:title\" content=\"Minisuoristusrauta kampaamoon ja tuotemyyntiin | Kinnunen Oy\" \/>\n<meta property=\"og:description\" content=\"HairCamouflage-minisuoristusrauta on kompakti ja helppok\u00e4ytt\u00f6inen lyhyille hiuksille ja viimeistelyyn. Sopii ammattilaisk\u00e4ytt\u00f6\u00f6n ja kampaamon tuotemyyntiin.\" \/>\n<meta property=\"og:url\" content=\"https:\/\/kinnunen.fi\/en\/product\/haircamouflage-minisuoristusrauta\/\" \/>\n<meta property=\"og:site_name\" content=\"Kinnunen\" \/>\n<meta property=\"article:modified_time\" content=\"2026-05-05T12:29:59+00:00\" \/>\n<meta property=\"og:image\" content=\"https:\/\/kinnunen.fi\/wp-content\/uploads\/2026\/01\/haircamouflage-minisuoristusrauta-tk128-visual.jpg\" \/>\n\t<meta property=\"og:image:width\" content=\"1000\" \/>\n\t<meta property=\"og:image:height\" content=\"1000\" \/>\n\t<meta property=\"og:image:type\" content=\"image\/jpeg\" \/>\n<meta name=\"twitter:card\" content=\"summary_large_image\" \/>\n<meta name=\"twitter:label1\" content=\"Estimated reading time\" \/>\n\t<meta name=\"twitter:data1\" content=\"1 minute\" \/>\n<script type=\"application\/ld+json\" class=\"yoast-schema-graph\">{\"@context\":\"https:\/\/schema.org\",\"@graph\":[{\"@type\":\"WebPage\",\"@id\":\"https:\/\/kinnunen.fi\/tuote\/haircamouflage-minisuoristusrauta\/\",\"url\":\"https:\/\/kinnunen.fi\/tuote\/haircamouflage-minisuoristusrauta\/\",\"name\":\"Minisuoristusrauta kampaamoon ja tuotemyyntiin | Kinnunen Oy\",\"isPartOf\":{\"@id\":\"https:\/\/kinnunen.fi\/#website\"},\"primaryImageOfPage\":{\"@id\":\"https:\/\/kinnunen.fi\/tuote\/haircamouflage-minisuoristusrauta\/#primaryimage\"},\"image\":{\"@id\":\"https:\/\/kinnunen.fi\/tuote\/haircamouflage-minisuoristusrauta\/#primaryimage\"},\"thumbnailUrl\":\"https:\/\/kinnunen.fi\/wp-content\/uploads\/2026\/01\/haircamouflage-minisuoristusrauta-tk128-visual.jpg\",\"datePublished\":\"2026-01-21T10:12:57+00:00\",\"dateModified\":\"2026-05-05T12:29:59+00:00\",\"description\":\"HairCamouflage-minisuoristusrauta on kompakti ja helppok\u00e4ytt\u00f6inen lyhyille hiuksille ja viimeistelyyn. Sopii ammattilaisk\u00e4ytt\u00f6\u00f6n ja kampaamon tuotemyyntiin.\",\"breadcrumb\":{\"@id\":\"https:\/\/kinnunen.fi\/tuote\/haircamouflage-minisuoristusrauta\/#breadcrumb\"},\"inLanguage\":\"en-GB\",\"potentialAction\":[{\"@type\":\"ReadAction\",\"target\":[\"https:\/\/kinnunen.fi\/tuote\/haircamouflage-minisuoristusrauta\/\"]}]},{\"@type\":\"ImageObject\",\"inLanguage\":\"en-GB\",\"@id\":\"https:\/\/kinnunen.fi\/tuote\/haircamouflage-minisuoristusrauta\/#primaryimage\",\"url\":\"https:\/\/kinnunen.fi\/wp-content\/uploads\/2026\/01\/haircamouflage-minisuoristusrauta-tk128-visual.jpg\",\"contentUrl\":\"https:\/\/kinnunen.fi\/wp-content\/uploads\/2026\/01\/haircamouflage-minisuoristusrauta-tk128-visual.jpg\",\"width\":1000,\"height\":1000},{\"@type\":\"BreadcrumbList\",\"@id\":\"https:\/\/kinnunen.fi\/tuote\/haircamouflage-minisuoristusrauta\/#breadcrumb\",\"itemListElement\":[{\"@type\":\"ListItem\",\"position\":1,\"name\":\"Etusivu\",\"item\":\"https:\/\/kinnunen.fi\/\"},{\"@type\":\"ListItem\",\"position\":2,\"name\":\"Kaikki tuotteet\",\"item\":\"https:\/\/kinnunen.fi\/kauppa\/\"},{\"@type\":\"ListItem\",\"position\":3,\"name\":\"Koneet ja s\u00e4hk\u00f6laitteet\",\"item\":\"https:\/\/kinnunen.fi\/tuote-osasto\/koneet-ja-laitteet\/\"},{\"@type\":\"ListItem\",\"position\":4,\"name\":\"HairCamouflage -minisuoristusrauta\"}]},{\"@type\":\"WebSite\",\"@id\":\"https:\/\/kinnunen.fi\/#website\",\"url\":\"https:\/\/kinnunen.fi\/\",\"name\":\"Kinnunen\",\"description\":\"\",\"potentialAction\":[{\"@type\":\"SearchAction\",\"target\":{\"@type\":\"EntryPoint\",\"urlTemplate\":\"https:\/\/kinnunen.fi\/?s={search_term_string}\"},\"query-input\":\"required name=search_term_string\"}],\"inLanguage\":\"en-GB\"}]}<\/script>\n<!-- \/ Yoast SEO plugin. -->","yoast_head_json":{"title":"Minisuoristusrauta kampaamoon ja tuotemyyntiin | Kinnunen Oy","description":"HairCamouflage-minisuoristusrauta on kompakti ja helppok\u00e4ytt\u00f6inen lyhyille hiuksille ja viimeistelyyn. Sopii ammattilaisk\u00e4ytt\u00f6\u00f6n ja kampaamon tuotemyyntiin.","robots":{"index":"index","follow":"follow","max-snippet":"max-snippet:-1","max-image-preview":"max-image-preview:large","max-video-preview":"max-video-preview:-1"},"canonical":"https:\/\/kinnunen.fi\/en\/product\/haircamouflage-minisuoristusrauta\/","og_locale":"en_GB","og_type":"article","og_title":"Minisuoristusrauta kampaamoon ja tuotemyyntiin | Kinnunen Oy","og_description":"HairCamouflage-minisuoristusrauta on kompakti ja helppok\u00e4ytt\u00f6inen lyhyille hiuksille ja viimeistelyyn. Sopii ammattilaisk\u00e4ytt\u00f6\u00f6n ja kampaamon tuotemyyntiin.","og_url":"https:\/\/kinnunen.fi\/en\/product\/haircamouflage-minisuoristusrauta\/","og_site_name":"Kinnunen","article_modified_time":"2026-05-05T12:29:59+00:00","og_image":[{"width":1000,"height":1000,"url":"https:\/\/kinnunen.fi\/wp-content\/uploads\/2026\/01\/haircamouflage-minisuoristusrauta-tk128-visual.jpg","type":"image\/jpeg"}],"twitter_card":"summary_large_image","twitter_misc":{"Estimated reading time":"1 minute"},"schema":{"@context":"https:\/\/schema.org","@graph":[{"@type":"WebPage","@id":"https:\/\/kinnunen.fi\/tuote\/haircamouflage-minisuoristusrauta\/","url":"https:\/\/kinnunen.fi\/tuote\/haircamouflage-minisuoristusrauta\/","name":"Minisuoristusrauta kampaamoon ja tuotemyyntiin | Kinnunen Oy","isPartOf":{"@id":"https:\/\/kinnunen.fi\/#website"},"primaryImageOfPage":{"@id":"https:\/\/kinnunen.fi\/tuote\/haircamouflage-minisuoristusrauta\/#primaryimage"},"image":{"@id":"https:\/\/kinnunen.fi\/tuote\/haircamouflage-minisuoristusrauta\/#primaryimage"},"thumbnailUrl":"https:\/\/kinnunen.fi\/wp-content\/uploads\/2026\/01\/haircamouflage-minisuoristusrauta-tk128-visual.jpg","datePublished":"2026-01-21T10:12:57+00:00","dateModified":"2026-05-05T12:29:59+00:00","description":"HairCamouflage-minisuoristusrauta on kompakti ja helppok\u00e4ytt\u00f6inen lyhyille hiuksille ja viimeistelyyn. Sopii ammattilaisk\u00e4ytt\u00f6\u00f6n ja kampaamon tuotemyyntiin.","breadcrumb":{"@id":"https:\/\/kinnunen.fi\/tuote\/haircamouflage-minisuoristusrauta\/#breadcrumb"},"inLanguage":"en-GB","potentialAction":[{"@type":"ReadAction","target":["https:\/\/kinnunen.fi\/tuote\/haircamouflage-minisuoristusrauta\/"]}]},{"@type":"ImageObject","inLanguage":"en-GB","@id":"https:\/\/kinnunen.fi\/tuote\/haircamouflage-minisuoristusrauta\/#primaryimage","url":"https:\/\/kinnunen.fi\/wp-content\/uploads\/2026\/01\/haircamouflage-minisuoristusrauta-tk128-visual.jpg","contentUrl":"https:\/\/kinnunen.fi\/wp-content\/uploads\/2026\/01\/haircamouflage-minisuoristusrauta-tk128-visual.jpg","width":1000,"height":1000},{"@type":"BreadcrumbList","@id":"https:\/\/kinnunen.fi\/tuote\/haircamouflage-minisuoristusrauta\/#breadcrumb","itemListElement":[{"@type":"ListItem","position":1,"name":"Etusivu","item":"https:\/\/kinnunen.fi\/"},{"@type":"ListItem","position":2,"name":"Kaikki tuotteet","item":"https:\/\/kinnunen.fi\/kauppa\/"},{"@type":"ListItem","position":3,"name":"Koneet ja s\u00e4hk\u00f6laitteet","item":"https:\/\/kinnunen.fi\/tuote-osasto\/koneet-ja-laitteet\/"},{"@type":"ListItem","position":4,"name":"HairCamouflage -minisuoristusrauta"}]},{"@type":"WebSite","@id":"https:\/\/kinnunen.fi\/#website","url":"https:\/\/kinnunen.fi\/","name":"Kinnunen","description":"","potentialAction":[{"@type":"SearchAction","target":{"@type":"EntryPoint","urlTemplate":"https:\/\/kinnunen.fi\/?s={search_term_string}"},"query-input":"required name=search_term_string"}],"inLanguage":"en-GB"}]}},"_links":{"self":[{"href":"https:\/\/kinnunen.fi\/en\/wp-json\/wp\/v2\/product\/46894"}],"collection":[{"href":"https:\/\/kinnunen.fi\/en\/wp-json\/wp\/v2\/product"}],"about":[{"href":"https:\/\/kinnunen.fi\/en\/wp-json\/wp\/v2\/types\/product"}],"replies":[{"embeddable":true,"href":"https:\/\/kinnunen.fi\/en\/wp-json\/wp\/v2\/comments?post=46894"}],"wp:featuredmedia":[{"embeddable":true,"href":"https:\/\/kinnunen.fi\/en\/wp-json\/wp\/v2\/media\/46973"}],"wp:attachment":[{"href":"https:\/\/kinnunen.fi\/en\/wp-json\/wp\/v2\/media?parent=46894"}],"wp:term":[{"taxonomy":"product_cat","embeddable":true,"href":"https:\/\/kinnunen.fi\/en\/wp-json\/wp\/v2\/product_cat?post=46894"},{"taxonomy":"product_tag","embeddable":true,"href":"https:\/\/kinnunen.fi\/en\/wp-json\/wp\/v2\/product_tag?post=46894"}],"curies":[{"name":"wp","href":"https:\/\/api.w.org\/{rel}","templated":true}]}}