

{"id":46912,"date":"2026-01-22T13:20:21","date_gmt":"2026-01-22T11:20:21","guid":{"rendered":"https:\/\/kinnunen.fi\/?post_type=product&#038;p=46912"},"modified":"2026-04-18T04:00:29","modified_gmt":"2026-04-18T01:00:29","slug":"extreme-mist-suihkepullo-musta","status":"publish","type":"product","link":"https:\/\/kinnunen.fi\/en\/product\/extreme-mist-suihkepullo-musta\/","title":{"rendered":"Extreme Mist suihkepullo, musta"},"content":{"rendered":"<h2 data-start=\"185\" data-end=\"252\">Extreme Mist \u2013 tasainen ja hienojakoinen suihke<\/h2>\n<p data-start=\"185\" data-end=\"252\">Extreme Mist -suihkepullo tuottaa kevyen ja tasaisen hienosumun, joka kostuttaa hiukset hallitusti ilman ylim\u00e4\u00e4r\u00e4ist\u00e4 vett\u00e4. Jatkuva suihke helpottaa ty\u00f6skentely\u00e4 ja auttaa s\u00e4\u00e4t\u00e4m\u00e4\u00e4n kosteuden m\u00e4\u00e4r\u00e4\u00e4 tarkasti leikkauksen, muotoilun ja viimeistelyn aikana.<\/p>\n<p data-start=\"493\" data-end=\"759\">Suihkepullon 360\u00b0 k\u00e4ytt\u00f6ominaisuus mahdollistaa vapaan liikkumisen ty\u00f6ss\u00e4, sill\u00e4 pulloa voidaan k\u00e4ytt\u00e4\u00e4 miss\u00e4 tahansa asennossa, my\u00f6s yl\u00f6salaisin. T\u00e4m\u00e4 tekee siit\u00e4 k\u00e4yt\u00e4nn\u00f6llisen ja ergonomisen ty\u00f6v\u00e4lineen kampaamoymp\u00e4rist\u00f6\u00f6n, jossa ty\u00f6skentely on nopeaa ja sujuvaa.<\/p>\n<p data-start=\"761\" data-end=\"1028\">Pullo tuntuu miellytt\u00e4v\u00e4lt\u00e4 k\u00e4dess\u00e4 ja 300ml tilavuus riitt\u00e4\u00e4 pitk\u00e4\u00e4nkin ty\u00f6p\u00e4iv\u00e4\u00e4n. Extreme Mist on varma valinta kampaajille, jotka arvostavat tasaisesti suihkuttavaa pulloa, hallittua kosteutusta ja helppoa k\u00e4ytt\u00f6\u00e4 osana p\u00e4ivitt\u00e4ist\u00e4 ty\u00f6t\u00e4.<\/p>","protected":false},"excerpt":{"rendered":"<p>Extreme Mist -suihkepullo (300 ml) tuottaa hienojakoisen ja tasaisen sumun, joka kostuttaa hiukset juuri sopivasti. 360\u00b0 k\u00e4ytt\u00f6ominaisuus takaa sujuvan ty\u00f6skentelyn kaikissa asennoissa \u2013 t\u00e4ydellinen valinta hiusalanammattilaisen p\u00e4ivitt\u00e4iseen k\u00e4ytt\u00f6\u00f6n.<\/p>","protected":false},"featured_media":46982,"comment_status":"open","ping_status":"closed","template":"","meta":{"_relevanssi_hide_post":"","_relevanssi_pin_for_all":"","_relevanssi_pin_keywords":"","_relevanssi_unpin_keywords":"","_relevanssi_related_keywords":"","_relevanssi_related_include_ids":"","_relevanssi_related_exclude_ids":"","_relevanssi_related_no_append":"","_relevanssi_related_not_related":"","_relevanssi_related_posts":"","_relevanssi_noindex_reason":""},"product_cat":[1762,1829],"product_tag":[],"class_list":["post-46912","product","type-product","status-publish","has-post-thumbnail","hentry","product_cat-tarvikkeet","product_cat-suihkepullot","tuotemerkki-sibel"],"tuotemerkit":[{"term_id":133,"name":"Sibel","slug":"sibel","term_group":0,"term_taxonomy_id":133,"taxonomy":"tuotemerkki","description":"","parent":0,"count":43,"filter":"raw"}],"acf":[],"yoast_head":"<!-- This site is optimized with the Yoast SEO plugin v23.3 - https:\/\/yoast.com\/wordpress\/plugins\/seo\/ -->\n<title>Extreme Mist suihkepullo, musta - Kinnunen<\/title>\n<meta name=\"robots\" content=\"index, follow, max-snippet:-1, max-image-preview:large, max-video-preview:-1\" \/>\n<link rel=\"canonical\" href=\"https:\/\/kinnunen.fi\/en\/product\/extreme-mist-suihkepullo-musta\/\" \/>\n<meta property=\"og:locale\" content=\"en_GB\" \/>\n<meta property=\"og:type\" content=\"article\" \/>\n<meta property=\"og:title\" content=\"Extreme Mist suihkepullo, musta - Kinnunen\" \/>\n<meta property=\"og:description\" content=\"Extreme Mist -suihkepullo (300 ml) tuottaa hienojakoisen ja tasaisen sumun, joka kostuttaa hiukset juuri sopivasti. 360\u00b0 k\u00e4ytt\u00f6ominaisuus takaa sujuvan ty\u00f6skentelyn kaikissa asennoissa \u2013 t\u00e4ydellinen valinta hiusalanammattilaisen p\u00e4ivitt\u00e4iseen k\u00e4ytt\u00f6\u00f6n.\" \/>\n<meta property=\"og:url\" content=\"https:\/\/kinnunen.fi\/en\/product\/extreme-mist-suihkepullo-musta\/\" \/>\n<meta property=\"og:site_name\" content=\"Kinnunen\" \/>\n<meta property=\"article:modified_time\" content=\"2026-04-18T01:00:29+00:00\" \/>\n<meta property=\"og:image\" content=\"https:\/\/kinnunen.fi\/wp-content\/uploads\/2026\/01\/extreme-mist-suihkepullo-P005655-musta.jpg\" \/>\n\t<meta property=\"og:image:width\" content=\"1000\" \/>\n\t<meta property=\"og:image:height\" content=\"1000\" \/>\n\t<meta property=\"og:image:type\" content=\"image\/jpeg\" \/>\n<meta name=\"twitter:card\" content=\"summary_large_image\" \/>\n<meta name=\"twitter:label1\" content=\"Estimated reading time\" \/>\n\t<meta name=\"twitter:data1\" content=\"1 minute\" \/>\n<script type=\"application\/ld+json\" class=\"yoast-schema-graph\">{\"@context\":\"https:\/\/schema.org\",\"@graph\":[{\"@type\":\"WebPage\",\"@id\":\"https:\/\/kinnunen.fi\/tuote\/extreme-mist-suihkepullo-musta\/\",\"url\":\"https:\/\/kinnunen.fi\/tuote\/extreme-mist-suihkepullo-musta\/\",\"name\":\"Extreme Mist suihkepullo, musta - Kinnunen\",\"isPartOf\":{\"@id\":\"https:\/\/kinnunen.fi\/#website\"},\"primaryImageOfPage\":{\"@id\":\"https:\/\/kinnunen.fi\/tuote\/extreme-mist-suihkepullo-musta\/#primaryimage\"},\"image\":{\"@id\":\"https:\/\/kinnunen.fi\/tuote\/extreme-mist-suihkepullo-musta\/#primaryimage\"},\"thumbnailUrl\":\"https:\/\/kinnunen.fi\/wp-content\/uploads\/2026\/01\/extreme-mist-suihkepullo-P005655-musta.jpg\",\"datePublished\":\"2026-01-22T11:20:21+00:00\",\"dateModified\":\"2026-04-18T01:00:29+00:00\",\"breadcrumb\":{\"@id\":\"https:\/\/kinnunen.fi\/tuote\/extreme-mist-suihkepullo-musta\/#breadcrumb\"},\"inLanguage\":\"en-GB\",\"potentialAction\":[{\"@type\":\"ReadAction\",\"target\":[\"https:\/\/kinnunen.fi\/tuote\/extreme-mist-suihkepullo-musta\/\"]}]},{\"@type\":\"ImageObject\",\"inLanguage\":\"en-GB\",\"@id\":\"https:\/\/kinnunen.fi\/tuote\/extreme-mist-suihkepullo-musta\/#primaryimage\",\"url\":\"https:\/\/kinnunen.fi\/wp-content\/uploads\/2026\/01\/extreme-mist-suihkepullo-P005655-musta.jpg\",\"contentUrl\":\"https:\/\/kinnunen.fi\/wp-content\/uploads\/2026\/01\/extreme-mist-suihkepullo-P005655-musta.jpg\",\"width\":1000,\"height\":1000},{\"@type\":\"BreadcrumbList\",\"@id\":\"https:\/\/kinnunen.fi\/tuote\/extreme-mist-suihkepullo-musta\/#breadcrumb\",\"itemListElement\":[{\"@type\":\"ListItem\",\"position\":1,\"name\":\"Etusivu\",\"item\":\"https:\/\/kinnunen.fi\/\"},{\"@type\":\"ListItem\",\"position\":2,\"name\":\"Kaikki tuotteet\",\"item\":\"https:\/\/kinnunen.fi\/kauppa\/\"},{\"@type\":\"ListItem\",\"position\":3,\"name\":\"Tarvikkeet\",\"item\":\"https:\/\/kinnunen.fi\/tuote-osasto\/tarvikkeet\/\"},{\"@type\":\"ListItem\",\"position\":4,\"name\":\"Extreme Mist suihkepullo, musta\"}]},{\"@type\":\"WebSite\",\"@id\":\"https:\/\/kinnunen.fi\/#website\",\"url\":\"https:\/\/kinnunen.fi\/\",\"name\":\"Kinnunen\",\"description\":\"\",\"potentialAction\":[{\"@type\":\"SearchAction\",\"target\":{\"@type\":\"EntryPoint\",\"urlTemplate\":\"https:\/\/kinnunen.fi\/?s={search_term_string}\"},\"query-input\":\"required name=search_term_string\"}],\"inLanguage\":\"en-GB\"}]}<\/script>\n<!-- \/ Yoast SEO plugin. -->","yoast_head_json":{"title":"Extreme Mist suihkepullo, musta - Kinnunen","robots":{"index":"index","follow":"follow","max-snippet":"max-snippet:-1","max-image-preview":"max-image-preview:large","max-video-preview":"max-video-preview:-1"},"canonical":"https:\/\/kinnunen.fi\/en\/product\/extreme-mist-suihkepullo-musta\/","og_locale":"en_GB","og_type":"article","og_title":"Extreme Mist suihkepullo, musta - Kinnunen","og_description":"Extreme Mist -suihkepullo (300 ml) tuottaa hienojakoisen ja tasaisen sumun, joka kostuttaa hiukset juuri sopivasti. 360\u00b0 k\u00e4ytt\u00f6ominaisuus takaa sujuvan ty\u00f6skentelyn kaikissa asennoissa \u2013 t\u00e4ydellinen valinta hiusalanammattilaisen p\u00e4ivitt\u00e4iseen k\u00e4ytt\u00f6\u00f6n.","og_url":"https:\/\/kinnunen.fi\/en\/product\/extreme-mist-suihkepullo-musta\/","og_site_name":"Kinnunen","article_modified_time":"2026-04-18T01:00:29+00:00","og_image":[{"width":1000,"height":1000,"url":"https:\/\/kinnunen.fi\/wp-content\/uploads\/2026\/01\/extreme-mist-suihkepullo-P005655-musta.jpg","type":"image\/jpeg"}],"twitter_card":"summary_large_image","twitter_misc":{"Estimated reading time":"1 minute"},"schema":{"@context":"https:\/\/schema.org","@graph":[{"@type":"WebPage","@id":"https:\/\/kinnunen.fi\/tuote\/extreme-mist-suihkepullo-musta\/","url":"https:\/\/kinnunen.fi\/tuote\/extreme-mist-suihkepullo-musta\/","name":"Extreme Mist suihkepullo, musta - Kinnunen","isPartOf":{"@id":"https:\/\/kinnunen.fi\/#website"},"primaryImageOfPage":{"@id":"https:\/\/kinnunen.fi\/tuote\/extreme-mist-suihkepullo-musta\/#primaryimage"},"image":{"@id":"https:\/\/kinnunen.fi\/tuote\/extreme-mist-suihkepullo-musta\/#primaryimage"},"thumbnailUrl":"https:\/\/kinnunen.fi\/wp-content\/uploads\/2026\/01\/extreme-mist-suihkepullo-P005655-musta.jpg","datePublished":"2026-01-22T11:20:21+00:00","dateModified":"2026-04-18T01:00:29+00:00","breadcrumb":{"@id":"https:\/\/kinnunen.fi\/tuote\/extreme-mist-suihkepullo-musta\/#breadcrumb"},"inLanguage":"en-GB","potentialAction":[{"@type":"ReadAction","target":["https:\/\/kinnunen.fi\/tuote\/extreme-mist-suihkepullo-musta\/"]}]},{"@type":"ImageObject","inLanguage":"en-GB","@id":"https:\/\/kinnunen.fi\/tuote\/extreme-mist-suihkepullo-musta\/#primaryimage","url":"https:\/\/kinnunen.fi\/wp-content\/uploads\/2026\/01\/extreme-mist-suihkepullo-P005655-musta.jpg","contentUrl":"https:\/\/kinnunen.fi\/wp-content\/uploads\/2026\/01\/extreme-mist-suihkepullo-P005655-musta.jpg","width":1000,"height":1000},{"@type":"BreadcrumbList","@id":"https:\/\/kinnunen.fi\/tuote\/extreme-mist-suihkepullo-musta\/#breadcrumb","itemListElement":[{"@type":"ListItem","position":1,"name":"Etusivu","item":"https:\/\/kinnunen.fi\/"},{"@type":"ListItem","position":2,"name":"Kaikki tuotteet","item":"https:\/\/kinnunen.fi\/kauppa\/"},{"@type":"ListItem","position":3,"name":"Tarvikkeet","item":"https:\/\/kinnunen.fi\/tuote-osasto\/tarvikkeet\/"},{"@type":"ListItem","position":4,"name":"Extreme Mist suihkepullo, musta"}]},{"@type":"WebSite","@id":"https:\/\/kinnunen.fi\/#website","url":"https:\/\/kinnunen.fi\/","name":"Kinnunen","description":"","potentialAction":[{"@type":"SearchAction","target":{"@type":"EntryPoint","urlTemplate":"https:\/\/kinnunen.fi\/?s={search_term_string}"},"query-input":"required name=search_term_string"}],"inLanguage":"en-GB"}]}},"_links":{"self":[{"href":"https:\/\/kinnunen.fi\/en\/wp-json\/wp\/v2\/product\/46912"}],"collection":[{"href":"https:\/\/kinnunen.fi\/en\/wp-json\/wp\/v2\/product"}],"about":[{"href":"https:\/\/kinnunen.fi\/en\/wp-json\/wp\/v2\/types\/product"}],"replies":[{"embeddable":true,"href":"https:\/\/kinnunen.fi\/en\/wp-json\/wp\/v2\/comments?post=46912"}],"wp:featuredmedia":[{"embeddable":true,"href":"https:\/\/kinnunen.fi\/en\/wp-json\/wp\/v2\/media\/46982"}],"wp:attachment":[{"href":"https:\/\/kinnunen.fi\/en\/wp-json\/wp\/v2\/media?parent=46912"}],"wp:term":[{"taxonomy":"product_cat","embeddable":true,"href":"https:\/\/kinnunen.fi\/en\/wp-json\/wp\/v2\/product_cat?post=46912"},{"taxonomy":"product_tag","embeddable":true,"href":"https:\/\/kinnunen.fi\/en\/wp-json\/wp\/v2\/product_tag?post=46912"}],"curies":[{"name":"wp","href":"https:\/\/api.w.org\/{rel}","templated":true}]}}