

{"id":46915,"date":"2026-01-22T13:23:22","date_gmt":"2026-01-22T11:23:22","guid":{"rendered":"https:\/\/kinnunen.fi\/?post_type=product&#038;p=46915"},"modified":"2026-04-18T04:00:20","modified_gmt":"2026-04-18T01:00:20","slug":"perhosklipsi-80mm-musta-valk-sin","status":"publish","type":"product","link":"https:\/\/kinnunen.fi\/en\/product\/perhosklipsi-80mm-musta-valk-sin\/","title":{"rendered":"Perhosklipsi 80mm, musta\/ valk.\/ sin."},"content":{"rendered":"","protected":false},"excerpt":{"rendered":"<p><span>Laadukkaat, perinteiset perhosklipsit monenlaiseen k\u00e4ytt\u00f6tarkoitukseen. Perhosklipseill\u00e4 kiinnit\u00e4t hiusosiot tukevasti, esimerkiksi f\u00f6\u00f6nauksen, hiustenleikkuun tai kampauksen laiton ajaksi. Klipsien hammastus pit\u00e4\u00e4 hiukset hyvin paikoillaan vahingoittamatta hiusta. Pakkauksessa 12 kpl (4kpl valkoinen, 4kpl musta ja 4kpl sininen). Koko 80mm.<\/span><\/p>","protected":false},"featured_media":47101,"comment_status":"open","ping_status":"closed","template":"","meta":{"_relevanssi_hide_post":"","_relevanssi_pin_for_all":"","_relevanssi_pin_keywords":"","_relevanssi_unpin_keywords":"","_relevanssi_related_keywords":"","_relevanssi_related_include_ids":"","_relevanssi_related_exclude_ids":"","_relevanssi_related_no_append":"","_relevanssi_related_not_related":"","_relevanssi_related_posts":"","_relevanssi_noindex_reason":""},"product_cat":[1762,1828],"product_tag":[],"class_list":["post-46915","product","type-product","status-publish","has-post-thumbnail","hentry","product_cat-tarvikkeet","product_cat-klipsit","tuotemerkki-haircamouflage"],"tuotemerkit":[{"term_id":157,"name":"HairCamouflage","slug":"haircamouflage","term_group":0,"term_taxonomy_id":157,"taxonomy":"tuotemerkki","description":"","parent":0,"count":31,"filter":"raw"}],"acf":[],"yoast_head":"<!-- This site is optimized with the Yoast SEO plugin v23.3 - https:\/\/yoast.com\/wordpress\/plugins\/seo\/ -->\n<title>Perhosklipsi 80mm, musta\/ valk.\/ sin. - Kinnunen<\/title>\n<meta name=\"robots\" content=\"index, follow, max-snippet:-1, max-image-preview:large, max-video-preview:-1\" \/>\n<link rel=\"canonical\" href=\"https:\/\/kinnunen.fi\/en\/product\/perhosklipsi-80mm-musta-valk-sin\/\" \/>\n<meta property=\"og:locale\" content=\"en_GB\" \/>\n<meta property=\"og:type\" content=\"article\" \/>\n<meta property=\"og:title\" content=\"Perhosklipsi 80mm, musta\/ valk.\/ sin. - Kinnunen\" \/>\n<meta property=\"og:description\" content=\"Laadukkaat, perinteiset perhosklipsit monenlaiseen k\u00e4ytt\u00f6tarkoitukseen. Perhosklipseill\u00e4 kiinnit\u00e4t hiusosiot tukevasti, esimerkiksi f\u00f6\u00f6nauksen, hiustenleikkuun tai kampauksen laiton ajaksi. Klipsien hammastus pit\u00e4\u00e4 hiukset hyvin paikoillaan vahingoittamatta hiusta. Pakkauksessa 12 kpl (4kpl valkoinen, 4kpl musta ja 4kpl sininen). Koko 80mm.\" \/>\n<meta property=\"og:url\" content=\"https:\/\/kinnunen.fi\/en\/product\/perhosklipsi-80mm-musta-valk-sin\/\" \/>\n<meta property=\"og:site_name\" content=\"Kinnunen\" \/>\n<meta property=\"article:modified_time\" content=\"2026-04-18T01:00:20+00:00\" \/>\n<meta property=\"og:image\" content=\"https:\/\/kinnunen.fi\/wp-content\/uploads\/2026\/01\/HCF-perhosklipsi-71802BBW-online.jpg\" \/>\n\t<meta property=\"og:image:width\" content=\"1000\" \/>\n\t<meta property=\"og:image:height\" content=\"1000\" \/>\n\t<meta property=\"og:image:type\" content=\"image\/jpeg\" \/>\n<meta name=\"twitter:card\" content=\"summary_large_image\" \/>\n<script type=\"application\/ld+json\" class=\"yoast-schema-graph\">{\"@context\":\"https:\/\/schema.org\",\"@graph\":[{\"@type\":\"WebPage\",\"@id\":\"https:\/\/kinnunen.fi\/tuote\/perhosklipsi-80mm-musta-valk-sin\/\",\"url\":\"https:\/\/kinnunen.fi\/tuote\/perhosklipsi-80mm-musta-valk-sin\/\",\"name\":\"Perhosklipsi 80mm, musta\/ valk.\/ sin. - Kinnunen\",\"isPartOf\":{\"@id\":\"https:\/\/kinnunen.fi\/#website\"},\"primaryImageOfPage\":{\"@id\":\"https:\/\/kinnunen.fi\/tuote\/perhosklipsi-80mm-musta-valk-sin\/#primaryimage\"},\"image\":{\"@id\":\"https:\/\/kinnunen.fi\/tuote\/perhosklipsi-80mm-musta-valk-sin\/#primaryimage\"},\"thumbnailUrl\":\"https:\/\/kinnunen.fi\/wp-content\/uploads\/2026\/01\/HCF-perhosklipsi-71802BBW-online.jpg\",\"datePublished\":\"2026-01-22T11:23:22+00:00\",\"dateModified\":\"2026-04-18T01:00:20+00:00\",\"breadcrumb\":{\"@id\":\"https:\/\/kinnunen.fi\/tuote\/perhosklipsi-80mm-musta-valk-sin\/#breadcrumb\"},\"inLanguage\":\"en-GB\",\"potentialAction\":[{\"@type\":\"ReadAction\",\"target\":[\"https:\/\/kinnunen.fi\/tuote\/perhosklipsi-80mm-musta-valk-sin\/\"]}]},{\"@type\":\"ImageObject\",\"inLanguage\":\"en-GB\",\"@id\":\"https:\/\/kinnunen.fi\/tuote\/perhosklipsi-80mm-musta-valk-sin\/#primaryimage\",\"url\":\"https:\/\/kinnunen.fi\/wp-content\/uploads\/2026\/01\/HCF-perhosklipsi-71802BBW-online.jpg\",\"contentUrl\":\"https:\/\/kinnunen.fi\/wp-content\/uploads\/2026\/01\/HCF-perhosklipsi-71802BBW-online.jpg\",\"width\":1000,\"height\":1000},{\"@type\":\"BreadcrumbList\",\"@id\":\"https:\/\/kinnunen.fi\/tuote\/perhosklipsi-80mm-musta-valk-sin\/#breadcrumb\",\"itemListElement\":[{\"@type\":\"ListItem\",\"position\":1,\"name\":\"Etusivu\",\"item\":\"https:\/\/kinnunen.fi\/\"},{\"@type\":\"ListItem\",\"position\":2,\"name\":\"Kaikki tuotteet\",\"item\":\"https:\/\/kinnunen.fi\/kauppa\/\"},{\"@type\":\"ListItem\",\"position\":3,\"name\":\"Tarvikkeet\",\"item\":\"https:\/\/kinnunen.fi\/tuote-osasto\/tarvikkeet\/\"},{\"@type\":\"ListItem\",\"position\":4,\"name\":\"Perhosklipsi 80mm, musta\/ valk.\/ sin.\"}]},{\"@type\":\"WebSite\",\"@id\":\"https:\/\/kinnunen.fi\/#website\",\"url\":\"https:\/\/kinnunen.fi\/\",\"name\":\"Kinnunen\",\"description\":\"\",\"potentialAction\":[{\"@type\":\"SearchAction\",\"target\":{\"@type\":\"EntryPoint\",\"urlTemplate\":\"https:\/\/kinnunen.fi\/?s={search_term_string}\"},\"query-input\":\"required name=search_term_string\"}],\"inLanguage\":\"en-GB\"}]}<\/script>\n<!-- \/ Yoast SEO plugin. -->","yoast_head_json":{"title":"Perhosklipsi 80mm, musta\/ valk.\/ sin. - Kinnunen","robots":{"index":"index","follow":"follow","max-snippet":"max-snippet:-1","max-image-preview":"max-image-preview:large","max-video-preview":"max-video-preview:-1"},"canonical":"https:\/\/kinnunen.fi\/en\/product\/perhosklipsi-80mm-musta-valk-sin\/","og_locale":"en_GB","og_type":"article","og_title":"Perhosklipsi 80mm, musta\/ valk.\/ sin. - Kinnunen","og_description":"Laadukkaat, perinteiset perhosklipsit monenlaiseen k\u00e4ytt\u00f6tarkoitukseen. Perhosklipseill\u00e4 kiinnit\u00e4t hiusosiot tukevasti, esimerkiksi f\u00f6\u00f6nauksen, hiustenleikkuun tai kampauksen laiton ajaksi. Klipsien hammastus pit\u00e4\u00e4 hiukset hyvin paikoillaan vahingoittamatta hiusta. Pakkauksessa 12 kpl (4kpl valkoinen, 4kpl musta ja 4kpl sininen). Koko 80mm.","og_url":"https:\/\/kinnunen.fi\/en\/product\/perhosklipsi-80mm-musta-valk-sin\/","og_site_name":"Kinnunen","article_modified_time":"2026-04-18T01:00:20+00:00","og_image":[{"width":1000,"height":1000,"url":"https:\/\/kinnunen.fi\/wp-content\/uploads\/2026\/01\/HCF-perhosklipsi-71802BBW-online.jpg","type":"image\/jpeg"}],"twitter_card":"summary_large_image","schema":{"@context":"https:\/\/schema.org","@graph":[{"@type":"WebPage","@id":"https:\/\/kinnunen.fi\/tuote\/perhosklipsi-80mm-musta-valk-sin\/","url":"https:\/\/kinnunen.fi\/tuote\/perhosklipsi-80mm-musta-valk-sin\/","name":"Perhosklipsi 80mm, musta\/ valk.\/ sin. - Kinnunen","isPartOf":{"@id":"https:\/\/kinnunen.fi\/#website"},"primaryImageOfPage":{"@id":"https:\/\/kinnunen.fi\/tuote\/perhosklipsi-80mm-musta-valk-sin\/#primaryimage"},"image":{"@id":"https:\/\/kinnunen.fi\/tuote\/perhosklipsi-80mm-musta-valk-sin\/#primaryimage"},"thumbnailUrl":"https:\/\/kinnunen.fi\/wp-content\/uploads\/2026\/01\/HCF-perhosklipsi-71802BBW-online.jpg","datePublished":"2026-01-22T11:23:22+00:00","dateModified":"2026-04-18T01:00:20+00:00","breadcrumb":{"@id":"https:\/\/kinnunen.fi\/tuote\/perhosklipsi-80mm-musta-valk-sin\/#breadcrumb"},"inLanguage":"en-GB","potentialAction":[{"@type":"ReadAction","target":["https:\/\/kinnunen.fi\/tuote\/perhosklipsi-80mm-musta-valk-sin\/"]}]},{"@type":"ImageObject","inLanguage":"en-GB","@id":"https:\/\/kinnunen.fi\/tuote\/perhosklipsi-80mm-musta-valk-sin\/#primaryimage","url":"https:\/\/kinnunen.fi\/wp-content\/uploads\/2026\/01\/HCF-perhosklipsi-71802BBW-online.jpg","contentUrl":"https:\/\/kinnunen.fi\/wp-content\/uploads\/2026\/01\/HCF-perhosklipsi-71802BBW-online.jpg","width":1000,"height":1000},{"@type":"BreadcrumbList","@id":"https:\/\/kinnunen.fi\/tuote\/perhosklipsi-80mm-musta-valk-sin\/#breadcrumb","itemListElement":[{"@type":"ListItem","position":1,"name":"Etusivu","item":"https:\/\/kinnunen.fi\/"},{"@type":"ListItem","position":2,"name":"Kaikki tuotteet","item":"https:\/\/kinnunen.fi\/kauppa\/"},{"@type":"ListItem","position":3,"name":"Tarvikkeet","item":"https:\/\/kinnunen.fi\/tuote-osasto\/tarvikkeet\/"},{"@type":"ListItem","position":4,"name":"Perhosklipsi 80mm, musta\/ valk.\/ sin."}]},{"@type":"WebSite","@id":"https:\/\/kinnunen.fi\/#website","url":"https:\/\/kinnunen.fi\/","name":"Kinnunen","description":"","potentialAction":[{"@type":"SearchAction","target":{"@type":"EntryPoint","urlTemplate":"https:\/\/kinnunen.fi\/?s={search_term_string}"},"query-input":"required name=search_term_string"}],"inLanguage":"en-GB"}]}},"_links":{"self":[{"href":"https:\/\/kinnunen.fi\/en\/wp-json\/wp\/v2\/product\/46915"}],"collection":[{"href":"https:\/\/kinnunen.fi\/en\/wp-json\/wp\/v2\/product"}],"about":[{"href":"https:\/\/kinnunen.fi\/en\/wp-json\/wp\/v2\/types\/product"}],"replies":[{"embeddable":true,"href":"https:\/\/kinnunen.fi\/en\/wp-json\/wp\/v2\/comments?post=46915"}],"wp:featuredmedia":[{"embeddable":true,"href":"https:\/\/kinnunen.fi\/en\/wp-json\/wp\/v2\/media\/47101"}],"wp:attachment":[{"href":"https:\/\/kinnunen.fi\/en\/wp-json\/wp\/v2\/media?parent=46915"}],"wp:term":[{"taxonomy":"product_cat","embeddable":true,"href":"https:\/\/kinnunen.fi\/en\/wp-json\/wp\/v2\/product_cat?post=46915"},{"taxonomy":"product_tag","embeddable":true,"href":"https:\/\/kinnunen.fi\/en\/wp-json\/wp\/v2\/product_tag?post=46915"}],"curies":[{"name":"wp","href":"https:\/\/api.w.org\/{rel}","templated":true}]}}