

{"id":46940,"date":"2026-01-22T16:23:44","date_gmt":"2026-01-22T14:23:44","guid":{"rendered":"https:\/\/kinnunen.fi\/?post_type=product&#038;p=46940"},"modified":"2026-04-29T04:00:11","modified_gmt":"2026-04-29T01:00:11","slug":"care-perfect-clarity-treatment-kuorintavoide-4-x-35ml","status":"publish","type":"product","link":"https:\/\/kinnunen.fi\/en\/product\/care-perfect-clarity-treatment-kuorintavoide-4-x-35ml\/","title":{"rendered":"Care Perfect Clarity Treatment -kuorintavoide, 4 x 35ml"},"content":{"rendered":"<p>Terveempi hiuspohja Perfect Clarity -kuorinnalla, joka on biologisesti suunniteltu poistamaan hell\u00e4varaisesti kertymi\u00e4, kuolleita ihosoluja ja ylim\u00e4\u00e4r\u00e4ist\u00e4 \u00f6ljy\u00e4. T\u00e4m\u00e4 elvytt\u00e4v\u00e4 pesua edelt\u00e4v\u00e4 hoito edist\u00e4\u00e4 muiden hiuspohjan hoitotuotteiden, kuten seerumien ja \u00f6ljyjen imeytymist\u00e4.<\/p>\n<p>\u25fe Herbasol apple vinegar brightens, adds shine, balances the pH of the scalp.<\/p>\n<p>\u25fe A natural prebiotic, inulin, helps maintain the balance of the scalp microbiome, ensuring optimal hydration and protection. By promoting a balanced scalp microbiome, inulin can help reduce scalp discomfort, support the natural protective barrier and create ideal conditions for healthy hair.<\/p>\n<p>\u25fe Capucine extract, known for its natural cleansing and soothing properties, reduces excess oil and impurities. It refreshes hair, gives vitality and improves overall hair health.<\/p>\n<p>\u25fe Alpha-keto acids gently exfoliate, removing build-up and excess oil while promoting balanced scalp health. They support scalp cell regeneration, laying the foundation for stronger, healthier hair.<\/p>\n<p>K\u00e4ytt\u00f6:<br \/>\n1. Kastele hiukset huolellisesti.<br \/>\n2. Levit\u00e4 suoraan kostealle hiuspohjalle. K\u00e4yt\u00e4 koko tuubi.<br \/>\n3. Hiero hiuspohjaan 5 minuuttia k\u00e4ytt\u00e4en Keune Care Perfect Clarity exfoliating treatment -tekniikkaa ja huuhtele huolellisesti.<br \/>\n4. K\u00e4yt\u00e4 t\u00e4m\u00e4n j\u00e4lkeen hiuksille ja hiuspohjalle sopivaa Keune Care Shampoota ja hoitoainetta\/naamiota.<\/p>","protected":false},"excerpt":{"rendered":"<p>Terveet ja vahvat hiukset kasvavat puhtaasta ja terveest\u00e4 hiuspohjasta. Perfect Clarity -hiuspohjan kuorintavoide syv\u00e4 puhdistaa hiuspohjan ihon hell\u00e4varaisesti, mutta tehokkaasti, poistaen kuollutta ihosolukkoa, kertymi\u00e4 ja ylim\u00e4\u00e4r\u00e4ist\u00e4 \u00f6ljy\u00e4. Edist\u00e4\u00e4 my\u00f6s muiden hiuspohjan hoitotuotteiden imeytymist\u00e4. Sopii kaikille iho- ja hiustyypeille.<\/p>\n<p>Pakkaus sis\u00e4lt\u00e4\u00e4 4kpl 35ml tuubia, joka riitt\u00e4\u00e4 nelj\u00e4\u00e4n hoitokertaan.<\/p>\n<p>&nbsp;<\/p>","protected":false},"featured_media":45550,"comment_status":"open","ping_status":"closed","template":"","meta":{"_relevanssi_hide_post":"","_relevanssi_pin_for_all":"","_relevanssi_pin_keywords":"","_relevanssi_unpin_keywords":"","_relevanssi_related_keywords":"","_relevanssi_related_include_ids":"","_relevanssi_related_exclude_ids":"","_relevanssi_related_no_append":"","_relevanssi_related_not_related":"","_relevanssi_related_posts":"","_relevanssi_noindex_reason":""},"product_cat":[1727,1730,1731],"product_tag":[],"class_list":["post-46940","product","type-product","status-publish","has-post-thumbnail","hentry","product_cat-hiuskosmetiikka","product_cat-muut-hoitotuotteet-oljyt-ja-hiuspohjan-hoito","product_cat-keune-care-muut-hoitotuotteet-oljyt-ja-hiuspohjan-hoito","tuotemerkki-keune-care","tuotemerkki-keune-haircosmetics"],"tuotemerkit":[{"term_id":26,"name":"Keune Care","slug":"keune-care","term_group":0,"term_taxonomy_id":26,"taxonomy":"tuotemerkki","description":"","parent":25,"count":136,"filter":"raw"},{"term_id":25,"name":"Keune Haircosmetics","slug":"keune-haircosmetics","term_group":0,"term_taxonomy_id":25,"taxonomy":"tuotemerkki","description":"","parent":0,"count":276,"filter":"raw"}],"acf":[],"yoast_head":"<!-- This site is optimized with the Yoast SEO plugin v23.3 - https:\/\/yoast.com\/wordpress\/plugins\/seo\/ -->\n<title>Care Perfect Clarity Treatment -kuorintavoide, 4 x 35ml - Kinnunen<\/title>\n<meta name=\"robots\" content=\"index, follow, max-snippet:-1, max-image-preview:large, max-video-preview:-1\" \/>\n<link rel=\"canonical\" href=\"https:\/\/kinnunen.fi\/en\/product\/care-perfect-clarity-treatment-kuorintavoide-4-x-35ml\/\" \/>\n<meta property=\"og:locale\" content=\"en_GB\" \/>\n<meta property=\"og:type\" content=\"article\" \/>\n<meta property=\"og:title\" content=\"Care Perfect Clarity Treatment -kuorintavoide, 4 x 35ml - Kinnunen\" \/>\n<meta property=\"og:description\" content=\"Terveet ja vahvat hiukset kasvavat puhtaasta ja terveest\u00e4 hiuspohjasta. Perfect Clarity -hiuspohjan kuorintavoide syv\u00e4 puhdistaa hiuspohjan ihon hell\u00e4varaisesti, mutta tehokkaasti, poistaen kuollutta ihosolukkoa, kertymi\u00e4 ja ylim\u00e4\u00e4r\u00e4ist\u00e4 \u00f6ljy\u00e4. Edist\u00e4\u00e4 my\u00f6s muiden hiuspohjan hoitotuotteiden imeytymist\u00e4. Sopii kaikille iho- ja hiustyypeille.  Pakkaus sis\u00e4lt\u00e4\u00e4 4kpl 35ml tuubia, joka riitt\u00e4\u00e4 nelj\u00e4\u00e4n hoitokertaan.  &nbsp;\" \/>\n<meta property=\"og:url\" content=\"https:\/\/kinnunen.fi\/en\/product\/care-perfect-clarity-treatment-kuorintavoide-4-x-35ml\/\" \/>\n<meta property=\"og:site_name\" content=\"Kinnunen\" \/>\n<meta property=\"article:modified_time\" content=\"2026-04-29T01:00:11+00:00\" \/>\n<meta property=\"og:image\" content=\"https:\/\/kinnunen.fi\/wp-content\/uploads\/2025\/09\/21610-Keune-Care-Perfect-Clarity-Treatment-35ml.jpeg\" \/>\n\t<meta property=\"og:image:width\" content=\"1200\" \/>\n\t<meta property=\"og:image:height\" content=\"1200\" \/>\n\t<meta property=\"og:image:type\" content=\"image\/jpeg\" \/>\n<meta name=\"twitter:card\" content=\"summary_large_image\" \/>\n<meta name=\"twitter:label1\" content=\"Estimated reading time\" \/>\n\t<meta name=\"twitter:data1\" content=\"1 minute\" \/>\n<script type=\"application\/ld+json\" class=\"yoast-schema-graph\">{\"@context\":\"https:\/\/schema.org\",\"@graph\":[{\"@type\":\"WebPage\",\"@id\":\"https:\/\/kinnunen.fi\/tuote\/care-perfect-clarity-treatment-kuorintavoide-4-x-35ml\/\",\"url\":\"https:\/\/kinnunen.fi\/tuote\/care-perfect-clarity-treatment-kuorintavoide-4-x-35ml\/\",\"name\":\"Care Perfect Clarity Treatment -kuorintavoide, 4 x 35ml - Kinnunen\",\"isPartOf\":{\"@id\":\"https:\/\/kinnunen.fi\/#website\"},\"primaryImageOfPage\":{\"@id\":\"https:\/\/kinnunen.fi\/tuote\/care-perfect-clarity-treatment-kuorintavoide-4-x-35ml\/#primaryimage\"},\"image\":{\"@id\":\"https:\/\/kinnunen.fi\/tuote\/care-perfect-clarity-treatment-kuorintavoide-4-x-35ml\/#primaryimage\"},\"thumbnailUrl\":\"https:\/\/kinnunen.fi\/wp-content\/uploads\/2025\/09\/21610-Keune-Care-Perfect-Clarity-Treatment-35ml.jpeg\",\"datePublished\":\"2026-01-22T14:23:44+00:00\",\"dateModified\":\"2026-04-29T01:00:11+00:00\",\"breadcrumb\":{\"@id\":\"https:\/\/kinnunen.fi\/tuote\/care-perfect-clarity-treatment-kuorintavoide-4-x-35ml\/#breadcrumb\"},\"inLanguage\":\"en-GB\",\"potentialAction\":[{\"@type\":\"ReadAction\",\"target\":[\"https:\/\/kinnunen.fi\/tuote\/care-perfect-clarity-treatment-kuorintavoide-4-x-35ml\/\"]}]},{\"@type\":\"ImageObject\",\"inLanguage\":\"en-GB\",\"@id\":\"https:\/\/kinnunen.fi\/tuote\/care-perfect-clarity-treatment-kuorintavoide-4-x-35ml\/#primaryimage\",\"url\":\"https:\/\/kinnunen.fi\/wp-content\/uploads\/2025\/09\/21610-Keune-Care-Perfect-Clarity-Treatment-35ml.jpeg\",\"contentUrl\":\"https:\/\/kinnunen.fi\/wp-content\/uploads\/2025\/09\/21610-Keune-Care-Perfect-Clarity-Treatment-35ml.jpeg\",\"width\":1200,\"height\":1200},{\"@type\":\"BreadcrumbList\",\"@id\":\"https:\/\/kinnunen.fi\/tuote\/care-perfect-clarity-treatment-kuorintavoide-4-x-35ml\/#breadcrumb\",\"itemListElement\":[{\"@type\":\"ListItem\",\"position\":1,\"name\":\"Etusivu\",\"item\":\"https:\/\/kinnunen.fi\/\"},{\"@type\":\"ListItem\",\"position\":2,\"name\":\"Kaikki tuotteet\",\"item\":\"https:\/\/kinnunen.fi\/kauppa\/\"},{\"@type\":\"ListItem\",\"position\":3,\"name\":\"Hiuskosmetiikka\",\"item\":\"https:\/\/kinnunen.fi\/tuote-osasto\/hiuskosmetiikka\/\"},{\"@type\":\"ListItem\",\"position\":4,\"name\":\"Care Perfect Clarity Treatment -kuorintavoide, 4 x 35ml\"}]},{\"@type\":\"WebSite\",\"@id\":\"https:\/\/kinnunen.fi\/#website\",\"url\":\"https:\/\/kinnunen.fi\/\",\"name\":\"Kinnunen\",\"description\":\"\",\"potentialAction\":[{\"@type\":\"SearchAction\",\"target\":{\"@type\":\"EntryPoint\",\"urlTemplate\":\"https:\/\/kinnunen.fi\/?s={search_term_string}\"},\"query-input\":\"required name=search_term_string\"}],\"inLanguage\":\"en-GB\"}]}<\/script>\n<!-- \/ Yoast SEO plugin. -->","yoast_head_json":{"title":"Care Perfect Clarity Treatment -kuorintavoide, 4 x 35ml - Kinnunen","robots":{"index":"index","follow":"follow","max-snippet":"max-snippet:-1","max-image-preview":"max-image-preview:large","max-video-preview":"max-video-preview:-1"},"canonical":"https:\/\/kinnunen.fi\/en\/product\/care-perfect-clarity-treatment-kuorintavoide-4-x-35ml\/","og_locale":"en_GB","og_type":"article","og_title":"Care Perfect Clarity Treatment -kuorintavoide, 4 x 35ml - Kinnunen","og_description":"Terveet ja vahvat hiukset kasvavat puhtaasta ja terveest\u00e4 hiuspohjasta. Perfect Clarity -hiuspohjan kuorintavoide syv\u00e4 puhdistaa hiuspohjan ihon hell\u00e4varaisesti, mutta tehokkaasti, poistaen kuollutta ihosolukkoa, kertymi\u00e4 ja ylim\u00e4\u00e4r\u00e4ist\u00e4 \u00f6ljy\u00e4. Edist\u00e4\u00e4 my\u00f6s muiden hiuspohjan hoitotuotteiden imeytymist\u00e4. Sopii kaikille iho- ja hiustyypeille.  Pakkaus sis\u00e4lt\u00e4\u00e4 4kpl 35ml tuubia, joka riitt\u00e4\u00e4 nelj\u00e4\u00e4n hoitokertaan.  &nbsp;","og_url":"https:\/\/kinnunen.fi\/en\/product\/care-perfect-clarity-treatment-kuorintavoide-4-x-35ml\/","og_site_name":"Kinnunen","article_modified_time":"2026-04-29T01:00:11+00:00","og_image":[{"width":1200,"height":1200,"url":"https:\/\/kinnunen.fi\/wp-content\/uploads\/2025\/09\/21610-Keune-Care-Perfect-Clarity-Treatment-35ml.jpeg","type":"image\/jpeg"}],"twitter_card":"summary_large_image","twitter_misc":{"Estimated reading time":"1 minute"},"schema":{"@context":"https:\/\/schema.org","@graph":[{"@type":"WebPage","@id":"https:\/\/kinnunen.fi\/tuote\/care-perfect-clarity-treatment-kuorintavoide-4-x-35ml\/","url":"https:\/\/kinnunen.fi\/tuote\/care-perfect-clarity-treatment-kuorintavoide-4-x-35ml\/","name":"Care Perfect Clarity Treatment -kuorintavoide, 4 x 35ml - Kinnunen","isPartOf":{"@id":"https:\/\/kinnunen.fi\/#website"},"primaryImageOfPage":{"@id":"https:\/\/kinnunen.fi\/tuote\/care-perfect-clarity-treatment-kuorintavoide-4-x-35ml\/#primaryimage"},"image":{"@id":"https:\/\/kinnunen.fi\/tuote\/care-perfect-clarity-treatment-kuorintavoide-4-x-35ml\/#primaryimage"},"thumbnailUrl":"https:\/\/kinnunen.fi\/wp-content\/uploads\/2025\/09\/21610-Keune-Care-Perfect-Clarity-Treatment-35ml.jpeg","datePublished":"2026-01-22T14:23:44+00:00","dateModified":"2026-04-29T01:00:11+00:00","breadcrumb":{"@id":"https:\/\/kinnunen.fi\/tuote\/care-perfect-clarity-treatment-kuorintavoide-4-x-35ml\/#breadcrumb"},"inLanguage":"en-GB","potentialAction":[{"@type":"ReadAction","target":["https:\/\/kinnunen.fi\/tuote\/care-perfect-clarity-treatment-kuorintavoide-4-x-35ml\/"]}]},{"@type":"ImageObject","inLanguage":"en-GB","@id":"https:\/\/kinnunen.fi\/tuote\/care-perfect-clarity-treatment-kuorintavoide-4-x-35ml\/#primaryimage","url":"https:\/\/kinnunen.fi\/wp-content\/uploads\/2025\/09\/21610-Keune-Care-Perfect-Clarity-Treatment-35ml.jpeg","contentUrl":"https:\/\/kinnunen.fi\/wp-content\/uploads\/2025\/09\/21610-Keune-Care-Perfect-Clarity-Treatment-35ml.jpeg","width":1200,"height":1200},{"@type":"BreadcrumbList","@id":"https:\/\/kinnunen.fi\/tuote\/care-perfect-clarity-treatment-kuorintavoide-4-x-35ml\/#breadcrumb","itemListElement":[{"@type":"ListItem","position":1,"name":"Etusivu","item":"https:\/\/kinnunen.fi\/"},{"@type":"ListItem","position":2,"name":"Kaikki tuotteet","item":"https:\/\/kinnunen.fi\/kauppa\/"},{"@type":"ListItem","position":3,"name":"Hiuskosmetiikka","item":"https:\/\/kinnunen.fi\/tuote-osasto\/hiuskosmetiikka\/"},{"@type":"ListItem","position":4,"name":"Care Perfect Clarity Treatment -kuorintavoide, 4 x 35ml"}]},{"@type":"WebSite","@id":"https:\/\/kinnunen.fi\/#website","url":"https:\/\/kinnunen.fi\/","name":"Kinnunen","description":"","potentialAction":[{"@type":"SearchAction","target":{"@type":"EntryPoint","urlTemplate":"https:\/\/kinnunen.fi\/?s={search_term_string}"},"query-input":"required name=search_term_string"}],"inLanguage":"en-GB"}]}},"_links":{"self":[{"href":"https:\/\/kinnunen.fi\/en\/wp-json\/wp\/v2\/product\/46940"}],"collection":[{"href":"https:\/\/kinnunen.fi\/en\/wp-json\/wp\/v2\/product"}],"about":[{"href":"https:\/\/kinnunen.fi\/en\/wp-json\/wp\/v2\/types\/product"}],"replies":[{"embeddable":true,"href":"https:\/\/kinnunen.fi\/en\/wp-json\/wp\/v2\/comments?post=46940"}],"wp:featuredmedia":[{"embeddable":true,"href":"https:\/\/kinnunen.fi\/en\/wp-json\/wp\/v2\/media\/45550"}],"wp:attachment":[{"href":"https:\/\/kinnunen.fi\/en\/wp-json\/wp\/v2\/media?parent=46940"}],"wp:term":[{"taxonomy":"product_cat","embeddable":true,"href":"https:\/\/kinnunen.fi\/en\/wp-json\/wp\/v2\/product_cat?post=46940"},{"taxonomy":"product_tag","embeddable":true,"href":"https:\/\/kinnunen.fi\/en\/wp-json\/wp\/v2\/product_tag?post=46940"}],"curies":[{"name":"wp","href":"https:\/\/api.w.org\/{rel}","templated":true}]}}