

{"id":47142,"date":"2026-02-12T09:13:02","date_gmt":"2026-02-12T07:13:02","guid":{"rendered":"https:\/\/kinnunen.fi\/?post_type=product&#038;p=47142"},"modified":"2026-04-27T04:00:18","modified_gmt":"2026-04-27T01:00:18","slug":"care-instant-revive-flash-mask-elvyttava-ja-korjaava-1000-ml","status":"publish","type":"product","link":"https:\/\/kinnunen.fi\/en\/product\/care-instant-revive-flash-mask-elvyttava-ja-korjaava-1000-ml\/","title":{"rendered":"Care Instant Revive Flash Mask -elvytt\u00e4v\u00e4 ja korjaava, 1000 ml"},"content":{"rendered":"<p data-start=\"681\" data-end=\"980\">Keune Instant Revive Flash Repair Mask on tehokas, mutta kevyt korjaava hiusnaamio, joka vahvistaa ja elvytt\u00e4\u00e4 rakenteellisesti vaurioituneita hiuksia nopeasti. Sen nestem\u00e4inen, helposti levittyv\u00e4 koostumus antaa intensiivist\u00e4 sidoksia vahvistavaa hoitoa vain muutamassa minuutissa.<\/p>\n<p data-start=\"982\" data-end=\"1062\">Hiukset tuntuvat v\u00e4litt\u00f6m\u00e4sti sile\u00e4mmilt\u00e4, vahvemmilta ja ilmavasti liikkuvilta.<\/p>\n<h2 data-start=\"1064\" data-end=\"1103\">Nopeasti vaikuttava sidosten korjaus<\/h2>\n<p data-start=\"1105\" data-end=\"1390\">Flash Repair Mask sis\u00e4lt\u00e4\u00e4 Rose Guard -uutetta, joka auttaa vahvistamaan vaurioituneita hiussidoksia ja palauttamaan hiuksen luonnollista rakennetta. Se suojaa hiusta katkeilulta ja parantaa kimmoisuutta, jolloin hiukset kest\u00e4v\u00e4t paremmin v\u00e4rik\u00e4sittely\u00e4, vaalennusta ja l\u00e4mp\u00f6muotoilua.<\/p>\n<h2 data-start=\"1392\" data-end=\"1439\">Kevyt koostumus \u2013 maksimaalinen selvitt\u00e4vyys<\/h2>\n<p data-start=\"1441\" data-end=\"1470\">Nestem\u00e4inen, kevyt koostumus:<\/p>\n<ul data-start=\"1472\" data-end=\"1595\">\n<li data-start=\"1472\" data-end=\"1504\">\n<p data-start=\"1474\" data-end=\"1504\">Selvitt\u00e4\u00e4 takut v\u00e4litt\u00f6m\u00e4sti<\/p>\n<\/li>\n<li data-start=\"1505\" data-end=\"1528\">\n<p data-start=\"1507\" data-end=\"1528\">Silottaa hiussuomua<\/p>\n<\/li>\n<li data-start=\"1529\" data-end=\"1556\">\n<p data-start=\"1531\" data-end=\"1556\">Parantaa hallittavuutta<\/p>\n<\/li>\n<li data-start=\"1557\" data-end=\"1595\">\n<p data-start=\"1559\" data-end=\"1595\">S\u00e4ilytt\u00e4\u00e4 hiusten ilmavan liikkeen<\/p>\n<\/li>\n<\/ul>\n<p data-start=\"1597\" data-end=\"1639\">Instrumentaalitestien mukaan hiukset ovat:<\/p>\n<ul data-start=\"1641\" data-end=\"1716\">\n<li data-start=\"1641\" data-end=\"1678\">\n<p data-start=\"1643\" data-end=\"1678\">88 % helpompi selvitt\u00e4\u00e4 m\u00e4rkin\u00e4**<\/p>\n<\/li>\n<li data-start=\"1679\" data-end=\"1716\">\n<p data-start=\"1681\" data-end=\"1716\">85 % helpompi selvitt\u00e4\u00e4 kuivina**<\/p>\n<\/li>\n<\/ul>\n<h2 data-start=\"1718\" data-end=\"1762\">N\u00e4kyv\u00e4sti vahvemmat ja terveemm\u00e4t hiukset<\/h2>\n<p data-start=\"1764\" data-end=\"2037\">Flash Repair Mask -hoitorutiini auttaa v\u00e4hent\u00e4m\u00e4\u00e4n kaksihaaraisia jopa 15 kertaa yhdell\u00e4 k\u00e4ytt\u00f6kerralla* ja tekee hiuksista v\u00e4litt\u00f6m\u00e4sti vahvemman tuntuiset. Se tarjoaa tehokkaan kosteutuksen jo ensimm\u00e4isest\u00e4 k\u00e4sittelyst\u00e4 l\u00e4htien ja on turvallinen v\u00e4rj\u00e4tyille hiuksille***.<\/p>\n<h2 data-start=\"2039\" data-end=\"2074\">Kenelle Flash Repair Mask sopii?<\/h2>\n<ul data-start=\"2076\" data-end=\"2291\">\n<li data-start=\"2076\" data-end=\"2125\">\n<p data-start=\"2078\" data-end=\"2125\">Vaurioituneille ja ylik\u00e4sitellyille hiuksille<\/p>\n<\/li>\n<li data-start=\"2126\" data-end=\"2169\">\n<p data-start=\"2128\" data-end=\"2169\">Vaalennetuille ja v\u00e4rj\u00e4tyille hiuksille<\/p>\n<\/li>\n<li data-start=\"2170\" data-end=\"2211\">\n<p data-start=\"2172\" data-end=\"2211\">L\u00e4mp\u00f6muotoilun rasittamille hiuksille<\/p>\n<\/li>\n<li data-start=\"2212\" data-end=\"2291\">\n<p data-start=\"2214\" data-end=\"2291\">Hiuksille, jotka kaipaavat nopeaa mutta tehokasta korjausta ilman raskautta<\/p>\n<\/li>\n<\/ul>\n<h2 data-start=\"2293\" data-end=\"2302\">K\u00e4ytt\u00f6<\/h2>\n<p data-start=\"2304\" data-end=\"2437\">Levit\u00e4 shampoolla pestyihin, pyyhekuiviin hiuksiin. Hiero pituuksiin ja latvoihin, selvit\u00e4 hell\u00e4varaisesti ja huuhtele huolellisesti.<\/p>\n<p data-start=\"2304\" data-end=\"2437\">*Instrumentaalinen testi: Intensive Repair Shampoo + Flash Repair Mask + Revive Balm vs. shampoo ilman hoitoainetta.<br data-start=\"2561\" data-end=\"2564\" \/>**Instrumentaalinen testi: vaurioituneet hiukset, k\u00e4sitelty Flash Repair Maskilla vs. shampoo ilman hoitoainetta.<br data-start=\"2678\" data-end=\"2681\" \/>***Instrumentaalinen testi: hiukset k\u00e4sitelty Tinta Color 7.46RI -v\u00e4rill\u00e4 ja sen j\u00e4lkeen Flash Repair Maskilla.<\/p>","protected":false},"excerpt":{"rendered":"<p>Keune Instant Revive Flash Repair Mask on nopeasti vaikuttava, kevyt korjaava hiusnaamio vaurioituneille hiuksille. Rose Guard -uutetta sis\u00e4lt\u00e4v\u00e4 nestem\u00e4inen koostumus selvitt\u00e4\u00e4 hiukset v\u00e4litt\u00f6m\u00e4sti, silottaa hiussuomua ja vahvistaa hiuskuitua ilman raskasta tunnetta. Hiuksista tulee pehme\u00e4t, kimmoisat ja helposti k\u00e4sitelt\u00e4v\u00e4t jo muutamassa minuutissa.<\/p>","protected":false},"featured_media":47090,"comment_status":"open","ping_status":"closed","template":"","meta":{"_relevanssi_hide_post":"","_relevanssi_pin_for_all":"","_relevanssi_pin_keywords":"","_relevanssi_unpin_keywords":"","_relevanssi_related_keywords":"","_relevanssi_related_include_ids":"","_relevanssi_related_exclude_ids":"","_relevanssi_related_no_append":"","_relevanssi_related_not_related":"","_relevanssi_related_posts":"","_relevanssi_noindex_reason":""},"product_cat":[1727,1734,1735],"product_tag":[],"class_list":["post-47142","product","type-product","status-publish","has-post-thumbnail","hentry","product_cat-hiuskosmetiikka","product_cat-hoitoaineet-ja-hiusmaamiot","product_cat-keune-care-hoitoaineet-ja-hiusmaamiot","tuotemerkki-keune-care","tuotemerkki-keune-haircosmetics"],"tuotemerkit":[{"term_id":26,"name":"Keune Care","slug":"keune-care","term_group":0,"term_taxonomy_id":26,"taxonomy":"tuotemerkki","description":"","parent":25,"count":137,"filter":"raw"},{"term_id":25,"name":"Keune Haircosmetics","slug":"keune-haircosmetics","term_group":0,"term_taxonomy_id":25,"taxonomy":"tuotemerkki","description":"","parent":0,"count":277,"filter":"raw"}],"acf":[],"yoast_head":"<!-- This site is optimized with the Yoast SEO plugin v23.3 - https:\/\/yoast.com\/wordpress\/plugins\/seo\/ -->\n<title>Care Instant Revive Flash Mask -elvytt\u00e4v\u00e4 ja korjaava, 1000 ml - Kinnunen<\/title>\n<meta name=\"description\" content=\"Nopeasti vaikuttava korjaava hiusnaamio vaurioituneille hiuksille. Keune Instant Revive Flash Repair Mask vahvistaa sidoksia ja helpottaa selvityst\u00e4 v\u00e4litt\u00f6m\u00e4sti.\" \/>\n<meta name=\"robots\" content=\"index, follow, max-snippet:-1, max-image-preview:large, max-video-preview:-1\" \/>\n<link rel=\"canonical\" href=\"https:\/\/kinnunen.fi\/en\/product\/care-instant-revive-flash-mask-elvyttava-ja-korjaava-1000-ml\/\" \/>\n<meta property=\"og:locale\" content=\"en_GB\" \/>\n<meta property=\"og:type\" content=\"article\" \/>\n<meta property=\"og:title\" content=\"Care Instant Revive Flash Mask -elvytt\u00e4v\u00e4 ja korjaava, 1000 ml - Kinnunen\" \/>\n<meta property=\"og:description\" content=\"Nopeasti vaikuttava korjaava hiusnaamio vaurioituneille hiuksille. Keune Instant Revive Flash Repair Mask vahvistaa sidoksia ja helpottaa selvityst\u00e4 v\u00e4litt\u00f6m\u00e4sti.\" \/>\n<meta property=\"og:url\" content=\"https:\/\/kinnunen.fi\/en\/product\/care-instant-revive-flash-mask-elvyttava-ja-korjaava-1000-ml\/\" \/>\n<meta property=\"og:site_name\" content=\"Kinnunen\" \/>\n<meta property=\"article:modified_time\" content=\"2026-04-27T01:00:18+00:00\" \/>\n<meta property=\"og:image\" content=\"https:\/\/kinnunen.fi\/wp-content\/uploads\/2026\/02\/Care-Instant-Revive-Flash-Repair-Mask-1000ml-small.jpg\" \/>\n\t<meta property=\"og:image:width\" content=\"1181\" \/>\n\t<meta property=\"og:image:height\" content=\"1181\" \/>\n\t<meta property=\"og:image:type\" content=\"image\/jpeg\" \/>\n<meta name=\"twitter:card\" content=\"summary_large_image\" \/>\n<meta name=\"twitter:label1\" content=\"Estimated reading time\" \/>\n\t<meta name=\"twitter:data1\" content=\"1 minute\" \/>\n<script type=\"application\/ld+json\" class=\"yoast-schema-graph\">{\"@context\":\"https:\/\/schema.org\",\"@graph\":[{\"@type\":\"WebPage\",\"@id\":\"https:\/\/kinnunen.fi\/tuote\/care-instant-revive-flash-mask-elvyttava-ja-korjaava-1000-ml\/\",\"url\":\"https:\/\/kinnunen.fi\/tuote\/care-instant-revive-flash-mask-elvyttava-ja-korjaava-1000-ml\/\",\"name\":\"Care Instant Revive Flash Mask -elvytt\u00e4v\u00e4 ja korjaava, 1000 ml - Kinnunen\",\"isPartOf\":{\"@id\":\"https:\/\/kinnunen.fi\/#website\"},\"primaryImageOfPage\":{\"@id\":\"https:\/\/kinnunen.fi\/tuote\/care-instant-revive-flash-mask-elvyttava-ja-korjaava-1000-ml\/#primaryimage\"},\"image\":{\"@id\":\"https:\/\/kinnunen.fi\/tuote\/care-instant-revive-flash-mask-elvyttava-ja-korjaava-1000-ml\/#primaryimage\"},\"thumbnailUrl\":\"https:\/\/kinnunen.fi\/wp-content\/uploads\/2026\/02\/Care-Instant-Revive-Flash-Repair-Mask-1000ml-small.jpg\",\"datePublished\":\"2026-02-12T07:13:02+00:00\",\"dateModified\":\"2026-04-27T01:00:18+00:00\",\"description\":\"Nopeasti vaikuttava korjaava hiusnaamio vaurioituneille hiuksille. Keune Instant Revive Flash Repair Mask vahvistaa sidoksia ja helpottaa selvityst\u00e4 v\u00e4litt\u00f6m\u00e4sti.\",\"breadcrumb\":{\"@id\":\"https:\/\/kinnunen.fi\/tuote\/care-instant-revive-flash-mask-elvyttava-ja-korjaava-1000-ml\/#breadcrumb\"},\"inLanguage\":\"en-GB\",\"potentialAction\":[{\"@type\":\"ReadAction\",\"target\":[\"https:\/\/kinnunen.fi\/tuote\/care-instant-revive-flash-mask-elvyttava-ja-korjaava-1000-ml\/\"]}]},{\"@type\":\"ImageObject\",\"inLanguage\":\"en-GB\",\"@id\":\"https:\/\/kinnunen.fi\/tuote\/care-instant-revive-flash-mask-elvyttava-ja-korjaava-1000-ml\/#primaryimage\",\"url\":\"https:\/\/kinnunen.fi\/wp-content\/uploads\/2026\/02\/Care-Instant-Revive-Flash-Repair-Mask-1000ml-small.jpg\",\"contentUrl\":\"https:\/\/kinnunen.fi\/wp-content\/uploads\/2026\/02\/Care-Instant-Revive-Flash-Repair-Mask-1000ml-small.jpg\",\"width\":1181,\"height\":1181},{\"@type\":\"BreadcrumbList\",\"@id\":\"https:\/\/kinnunen.fi\/tuote\/care-instant-revive-flash-mask-elvyttava-ja-korjaava-1000-ml\/#breadcrumb\",\"itemListElement\":[{\"@type\":\"ListItem\",\"position\":1,\"name\":\"Etusivu\",\"item\":\"https:\/\/kinnunen.fi\/\"},{\"@type\":\"ListItem\",\"position\":2,\"name\":\"Kaikki tuotteet\",\"item\":\"https:\/\/kinnunen.fi\/kauppa\/\"},{\"@type\":\"ListItem\",\"position\":3,\"name\":\"Hiuskosmetiikka\",\"item\":\"https:\/\/kinnunen.fi\/tuote-osasto\/hiuskosmetiikka\/\"},{\"@type\":\"ListItem\",\"position\":4,\"name\":\"Care Instant Revive Flash Mask -elvytt\u00e4v\u00e4 ja korjaava, 1000 ml\"}]},{\"@type\":\"WebSite\",\"@id\":\"https:\/\/kinnunen.fi\/#website\",\"url\":\"https:\/\/kinnunen.fi\/\",\"name\":\"Kinnunen\",\"description\":\"\",\"potentialAction\":[{\"@type\":\"SearchAction\",\"target\":{\"@type\":\"EntryPoint\",\"urlTemplate\":\"https:\/\/kinnunen.fi\/?s={search_term_string}\"},\"query-input\":\"required name=search_term_string\"}],\"inLanguage\":\"en-GB\"}]}<\/script>\n<!-- \/ Yoast SEO plugin. -->","yoast_head_json":{"title":"Care Instant Revive Flash Mask -elvytt\u00e4v\u00e4 ja korjaava, 1000 ml - Kinnunen","description":"Nopeasti vaikuttava korjaava hiusnaamio vaurioituneille hiuksille. Keune Instant Revive Flash Repair Mask vahvistaa sidoksia ja helpottaa selvityst\u00e4 v\u00e4litt\u00f6m\u00e4sti.","robots":{"index":"index","follow":"follow","max-snippet":"max-snippet:-1","max-image-preview":"max-image-preview:large","max-video-preview":"max-video-preview:-1"},"canonical":"https:\/\/kinnunen.fi\/en\/product\/care-instant-revive-flash-mask-elvyttava-ja-korjaava-1000-ml\/","og_locale":"en_GB","og_type":"article","og_title":"Care Instant Revive Flash Mask -elvytt\u00e4v\u00e4 ja korjaava, 1000 ml - Kinnunen","og_description":"Nopeasti vaikuttava korjaava hiusnaamio vaurioituneille hiuksille. Keune Instant Revive Flash Repair Mask vahvistaa sidoksia ja helpottaa selvityst\u00e4 v\u00e4litt\u00f6m\u00e4sti.","og_url":"https:\/\/kinnunen.fi\/en\/product\/care-instant-revive-flash-mask-elvyttava-ja-korjaava-1000-ml\/","og_site_name":"Kinnunen","article_modified_time":"2026-04-27T01:00:18+00:00","og_image":[{"width":1181,"height":1181,"url":"https:\/\/kinnunen.fi\/wp-content\/uploads\/2026\/02\/Care-Instant-Revive-Flash-Repair-Mask-1000ml-small.jpg","type":"image\/jpeg"}],"twitter_card":"summary_large_image","twitter_misc":{"Estimated reading time":"1 minute"},"schema":{"@context":"https:\/\/schema.org","@graph":[{"@type":"WebPage","@id":"https:\/\/kinnunen.fi\/tuote\/care-instant-revive-flash-mask-elvyttava-ja-korjaava-1000-ml\/","url":"https:\/\/kinnunen.fi\/tuote\/care-instant-revive-flash-mask-elvyttava-ja-korjaava-1000-ml\/","name":"Care Instant Revive Flash Mask -elvytt\u00e4v\u00e4 ja korjaava, 1000 ml - Kinnunen","isPartOf":{"@id":"https:\/\/kinnunen.fi\/#website"},"primaryImageOfPage":{"@id":"https:\/\/kinnunen.fi\/tuote\/care-instant-revive-flash-mask-elvyttava-ja-korjaava-1000-ml\/#primaryimage"},"image":{"@id":"https:\/\/kinnunen.fi\/tuote\/care-instant-revive-flash-mask-elvyttava-ja-korjaava-1000-ml\/#primaryimage"},"thumbnailUrl":"https:\/\/kinnunen.fi\/wp-content\/uploads\/2026\/02\/Care-Instant-Revive-Flash-Repair-Mask-1000ml-small.jpg","datePublished":"2026-02-12T07:13:02+00:00","dateModified":"2026-04-27T01:00:18+00:00","description":"Nopeasti vaikuttava korjaava hiusnaamio vaurioituneille hiuksille. Keune Instant Revive Flash Repair Mask vahvistaa sidoksia ja helpottaa selvityst\u00e4 v\u00e4litt\u00f6m\u00e4sti.","breadcrumb":{"@id":"https:\/\/kinnunen.fi\/tuote\/care-instant-revive-flash-mask-elvyttava-ja-korjaava-1000-ml\/#breadcrumb"},"inLanguage":"en-GB","potentialAction":[{"@type":"ReadAction","target":["https:\/\/kinnunen.fi\/tuote\/care-instant-revive-flash-mask-elvyttava-ja-korjaava-1000-ml\/"]}]},{"@type":"ImageObject","inLanguage":"en-GB","@id":"https:\/\/kinnunen.fi\/tuote\/care-instant-revive-flash-mask-elvyttava-ja-korjaava-1000-ml\/#primaryimage","url":"https:\/\/kinnunen.fi\/wp-content\/uploads\/2026\/02\/Care-Instant-Revive-Flash-Repair-Mask-1000ml-small.jpg","contentUrl":"https:\/\/kinnunen.fi\/wp-content\/uploads\/2026\/02\/Care-Instant-Revive-Flash-Repair-Mask-1000ml-small.jpg","width":1181,"height":1181},{"@type":"BreadcrumbList","@id":"https:\/\/kinnunen.fi\/tuote\/care-instant-revive-flash-mask-elvyttava-ja-korjaava-1000-ml\/#breadcrumb","itemListElement":[{"@type":"ListItem","position":1,"name":"Etusivu","item":"https:\/\/kinnunen.fi\/"},{"@type":"ListItem","position":2,"name":"Kaikki tuotteet","item":"https:\/\/kinnunen.fi\/kauppa\/"},{"@type":"ListItem","position":3,"name":"Hiuskosmetiikka","item":"https:\/\/kinnunen.fi\/tuote-osasto\/hiuskosmetiikka\/"},{"@type":"ListItem","position":4,"name":"Care Instant Revive Flash Mask -elvytt\u00e4v\u00e4 ja korjaava, 1000 ml"}]},{"@type":"WebSite","@id":"https:\/\/kinnunen.fi\/#website","url":"https:\/\/kinnunen.fi\/","name":"Kinnunen","description":"","potentialAction":[{"@type":"SearchAction","target":{"@type":"EntryPoint","urlTemplate":"https:\/\/kinnunen.fi\/?s={search_term_string}"},"query-input":"required name=search_term_string"}],"inLanguage":"en-GB"}]}},"_links":{"self":[{"href":"https:\/\/kinnunen.fi\/en\/wp-json\/wp\/v2\/product\/47142"}],"collection":[{"href":"https:\/\/kinnunen.fi\/en\/wp-json\/wp\/v2\/product"}],"about":[{"href":"https:\/\/kinnunen.fi\/en\/wp-json\/wp\/v2\/types\/product"}],"replies":[{"embeddable":true,"href":"https:\/\/kinnunen.fi\/en\/wp-json\/wp\/v2\/comments?post=47142"}],"wp:featuredmedia":[{"embeddable":true,"href":"https:\/\/kinnunen.fi\/en\/wp-json\/wp\/v2\/media\/47090"}],"wp:attachment":[{"href":"https:\/\/kinnunen.fi\/en\/wp-json\/wp\/v2\/media?parent=47142"}],"wp:term":[{"taxonomy":"product_cat","embeddable":true,"href":"https:\/\/kinnunen.fi\/en\/wp-json\/wp\/v2\/product_cat?post=47142"},{"taxonomy":"product_tag","embeddable":true,"href":"https:\/\/kinnunen.fi\/en\/wp-json\/wp\/v2\/product_tag?post=47142"}],"curies":[{"name":"wp","href":"https:\/\/api.w.org\/{rel}","templated":true}]}}