

{"id":47144,"date":"2026-02-12T09:13:32","date_gmt":"2026-02-12T07:13:32","guid":{"rendered":"https:\/\/kinnunen.fi\/?post_type=product&#038;p=47144"},"modified":"2026-04-24T13:53:50","modified_gmt":"2026-04-24T10:53:50","slug":"care-instant-revive-intensive-mask-elvyttava-ja-korjaava-250-ml","status":"publish","type":"product","link":"https:\/\/kinnunen.fi\/en\/product\/care-instant-revive-intensive-mask-elvyttava-ja-korjaava-250-ml\/","title":{"rendered":"Care Instant Revive Intensive Mask -elvytt\u00e4v\u00e4 ja korjaava, 250 ml"},"content":{"rendered":"<p data-start=\"666\" data-end=\"979\">Keune Instant Revive Intensive Repair Mask on ylellinen, syv\u00e4korjaava hiusnaamio, joka on kehitetty uudelleenrakentamaan vaurioituneiden hiusten rakennetta ja vahvistamaan hiussidoksia. Sen t\u00e4ytel\u00e4inen, voidemainen koostumus ravitsee intensiivisesti ja palauttaa hiusten kimmoisuuden, sile\u00e4n pinnan ja elinvoiman.<\/p>\n<p data-start=\"981\" data-end=\"1042\">Tulos: vahvemmat, silkkisemm\u00e4t ja n\u00e4kyv\u00e4sti elpyneet hiukset.<\/p>\n<h2 data-start=\"1044\" data-end=\"1079\">Edistynyt sidos- ja kuitukorjaus<\/h2>\n<p data-start=\"1081\" data-end=\"1139\">Naamion teho perustuu Rose Guard -uutteeseen, joka auttaa:<\/p>\n<ul data-start=\"1141\" data-end=\"1313\">\n<li data-start=\"1141\" data-end=\"1179\">\n<p data-start=\"1143\" data-end=\"1179\">Rakentamaan uudelleen hiussidoksia<\/p>\n<\/li>\n<li data-start=\"1180\" data-end=\"1224\">\n<p data-start=\"1182\" data-end=\"1224\">Palauttamaan hiusten molekyylirakennetta<\/p>\n<\/li>\n<li data-start=\"1225\" data-end=\"1261\">\n<p data-start=\"1227\" data-end=\"1261\">Korjaamaan pinnallisia vaurioita<\/p>\n<\/li>\n<li data-start=\"1262\" data-end=\"1313\">\n<p data-start=\"1264\" data-end=\"1313\">Parantamaan elastisuutta ja stressinkest\u00e4vyytt\u00e4<\/p>\n<\/li>\n<\/ul>\n<p data-start=\"1315\" data-end=\"1417\">Hiuksista tulee kest\u00e4v\u00e4mm\u00e4t p\u00e4ivitt\u00e4ist\u00e4 rasitusta, l\u00e4mp\u00f6muotoilua ja kemiallisia k\u00e4sittelyj\u00e4 vastaan.<\/p>\n<h2 data-start=\"1419\" data-end=\"1456\">Rikas koostumus \u2013 syv\u00e4 ravitsevuus<\/h2>\n<p data-start=\"1458\" data-end=\"1657\">T\u00e4ytel\u00e4inen voidekoostumus kietoo jokaisen hiussuortuvan ravitsevaan hoitoon. Se silottaa hiussuomua, parantaa hallittavuutta ja antaa pitk\u00e4kestoista pehmeytt\u00e4 ilman, ett\u00e4 hiukset tuntuvat raskailta.<\/p>\n<h2 data-start=\"1659\" data-end=\"1689\">Kliinisesti todistettu teho<\/h2>\n<p data-start=\"1691\" data-end=\"1746\">Instrumentaalitestien mukaan Intensive Repair -rutiini:<\/p>\n<ul data-start=\"1748\" data-end=\"1944\">\n<li data-start=\"1748\" data-end=\"1812\">\n<p data-start=\"1750\" data-end=\"1812\">V\u00e4hent\u00e4\u00e4 hiusten katkeilua jopa 93 % yhdell\u00e4 k\u00e4ytt\u00f6kerralla*<\/p>\n<\/li>\n<li data-start=\"1813\" data-end=\"1849\">\n<p data-start=\"1815\" data-end=\"1849\">Parantaa hiusten elastisuutta***<\/p>\n<\/li>\n<li data-start=\"1850\" data-end=\"1903\">\n<p data-start=\"1852\" data-end=\"1903\">Rakentaa hiusten molekyylirakennetta uudelleen***<\/p>\n<\/li>\n<li data-start=\"1904\" data-end=\"1944\">\n<p data-start=\"1906\" data-end=\"1944\">Lis\u00e4\u00e4 hiusten stressinkest\u00e4vyytt\u00e4***<\/p>\n<\/li>\n<\/ul>\n<p data-start=\"1946\" data-end=\"1996\">Tuote on turvallinen my\u00f6s v\u00e4rj\u00e4tyille hiuksille**.<\/p>\n<h2 data-start=\"1998\" data-end=\"2037\">Kenelle Intensive Repair Mask sopii?<\/h2>\n<ul data-start=\"2039\" data-end=\"2246\">\n<li data-start=\"2039\" data-end=\"2088\">\n<p data-start=\"2041\" data-end=\"2088\">Vaurioituneille ja ylik\u00e4sitellyille hiuksille<\/p>\n<\/li>\n<li data-start=\"2089\" data-end=\"2132\">\n<p data-start=\"2091\" data-end=\"2132\">Vaalennetuille ja v\u00e4rj\u00e4tyille hiuksille<\/p>\n<\/li>\n<li data-start=\"2133\" data-end=\"2174\">\n<p data-start=\"2135\" data-end=\"2174\">L\u00e4mp\u00f6muotoilun rasittamille hiuksille<\/p>\n<\/li>\n<li data-start=\"2175\" data-end=\"2246\">\n<p data-start=\"2177\" data-end=\"2246\">Hiuksille, jotka kaipaavat intensiivist\u00e4, syv\u00e4vaikuttavaa korjausta<\/p>\n<\/li>\n<\/ul>\n<h2 data-start=\"2248\" data-end=\"2257\">K\u00e4ytt\u00f6<\/h2>\n<p data-start=\"2259\" data-end=\"2483\">Levit\u00e4 shampoolla pestyihin, pyyhekuiviin hiuksiin. Hiero pituuksiin ja latvoihin, selvit\u00e4 hell\u00e4varaisesti ja huuhtele huolellisesti. K\u00e4yt\u00e4 osana Instant Revive -korjaavaa hoitorutiinia parhaan lopputuloksen saavuttamiseksi.<\/p>\n<p data-start=\"2259\" data-end=\"2483\">*Instrumentaalitesti: Intensive Repair Shampoo + Intensive Repair Mask + Revive Balm vs. shampoo ilman hoitoainetta.<br data-start=\"2607\" data-end=\"2610\" \/>**Instrumentaalitesti: hiukset k\u00e4sitelty Tinta Color 7.46RI -v\u00e4rill\u00e4 ja sen j\u00e4lkeen hoitotuotteella.<br data-start=\"2711\" data-end=\"2714\" \/>***Instrumentaalitesti: vaurioituneet hiukset, k\u00e4sitelty Repair Shampoo + Intensive Repair Mask -k\u00e4sittelyll\u00e4.<\/p>","protected":false},"excerpt":{"rendered":"<p>Keune Instant Revive Intensive Repair Mask on syv\u00e4korjaava, t\u00e4ytel\u00e4inen hiusnaamio vaurioituneille ja k\u00e4sitellyille hiuksille. Rose Guard -uutetta sis\u00e4lt\u00e4v\u00e4 koostumus auttaa rakentamaan hiussidoksia, palauttamaan molekyylirakennetta ja vahvistamaan hiuskuitua. Hiukset j\u00e4\u00e4v\u00e4t kimmoisiksi, sileiksi ja pitk\u00e4kestoisesti ravituiksi.<\/p>","protected":false},"featured_media":47092,"comment_status":"open","ping_status":"closed","template":"","meta":{"_relevanssi_hide_post":"","_relevanssi_pin_for_all":"","_relevanssi_pin_keywords":"","_relevanssi_unpin_keywords":"","_relevanssi_related_keywords":"","_relevanssi_related_include_ids":"","_relevanssi_related_exclude_ids":"","_relevanssi_related_no_append":"","_relevanssi_related_not_related":"","_relevanssi_related_posts":"","_relevanssi_noindex_reason":""},"product_cat":[1727,1734,1735],"product_tag":[],"class_list":["post-47144","product","type-product","status-publish","has-post-thumbnail","hentry","product_cat-hiuskosmetiikka","product_cat-hoitoaineet-ja-hiusmaamiot","product_cat-keune-care-hoitoaineet-ja-hiusmaamiot","tuotemerkki-keune-care","tuotemerkki-keune-haircosmetics"],"tuotemerkit":[{"term_id":26,"name":"Keune Care","slug":"keune-care","term_group":0,"term_taxonomy_id":26,"taxonomy":"tuotemerkki","description":"","parent":25,"count":137,"filter":"raw"},{"term_id":25,"name":"Keune Haircosmetics","slug":"keune-haircosmetics","term_group":0,"term_taxonomy_id":25,"taxonomy":"tuotemerkki","description":"","parent":0,"count":277,"filter":"raw"}],"acf":[],"yoast_head":"<!-- This site is optimized with the Yoast SEO plugin v23.3 - https:\/\/yoast.com\/wordpress\/plugins\/seo\/ -->\n<title>Care Instant Revive Intensive Mask -elvytt\u00e4v\u00e4 ja korjaava, 250 ml - Kinnunen<\/title>\n<meta name=\"description\" content=\"Syv\u00e4korjaava hiusnaamio vaurioituneille hiuksille. Keune Instant Revive Intensive Repair Mask rakentaa hiussidoksia ja vahvistaa hiuksia.\" \/>\n<meta name=\"robots\" content=\"index, follow, max-snippet:-1, max-image-preview:large, max-video-preview:-1\" \/>\n<link rel=\"canonical\" href=\"https:\/\/kinnunen.fi\/en\/product\/care-instant-revive-intensive-mask-elvyttava-ja-korjaava-250-ml\/\" \/>\n<meta property=\"og:locale\" content=\"en_GB\" \/>\n<meta property=\"og:type\" content=\"article\" \/>\n<meta property=\"og:title\" content=\"Care Instant Revive Intensive Mask -elvytt\u00e4v\u00e4 ja korjaava, 250 ml - Kinnunen\" \/>\n<meta property=\"og:description\" content=\"Syv\u00e4korjaava hiusnaamio vaurioituneille hiuksille. Keune Instant Revive Intensive Repair Mask rakentaa hiussidoksia ja vahvistaa hiuksia.\" \/>\n<meta property=\"og:url\" content=\"https:\/\/kinnunen.fi\/en\/product\/care-instant-revive-intensive-mask-elvyttava-ja-korjaava-250-ml\/\" \/>\n<meta property=\"og:site_name\" content=\"Kinnunen\" \/>\n<meta property=\"article:modified_time\" content=\"2026-04-24T10:53:50+00:00\" \/>\n<meta property=\"og:image\" content=\"https:\/\/kinnunen.fi\/wp-content\/uploads\/2026\/02\/Care-Instant-Revive-Intensive-Mask-250ml-2-small.jpg\" \/>\n\t<meta property=\"og:image:width\" content=\"1181\" \/>\n\t<meta property=\"og:image:height\" content=\"1181\" \/>\n\t<meta property=\"og:image:type\" content=\"image\/jpeg\" \/>\n<meta name=\"twitter:card\" content=\"summary_large_image\" \/>\n<meta name=\"twitter:label1\" content=\"Estimated reading time\" \/>\n\t<meta name=\"twitter:data1\" content=\"1 minute\" \/>\n<script type=\"application\/ld+json\" class=\"yoast-schema-graph\">{\"@context\":\"https:\/\/schema.org\",\"@graph\":[{\"@type\":\"WebPage\",\"@id\":\"https:\/\/kinnunen.fi\/tuote\/care-instant-revive-intensive-mask-elvyttava-ja-korjaava-250-ml\/\",\"url\":\"https:\/\/kinnunen.fi\/tuote\/care-instant-revive-intensive-mask-elvyttava-ja-korjaava-250-ml\/\",\"name\":\"Care Instant Revive Intensive Mask -elvytt\u00e4v\u00e4 ja korjaava, 250 ml - Kinnunen\",\"isPartOf\":{\"@id\":\"https:\/\/kinnunen.fi\/#website\"},\"primaryImageOfPage\":{\"@id\":\"https:\/\/kinnunen.fi\/tuote\/care-instant-revive-intensive-mask-elvyttava-ja-korjaava-250-ml\/#primaryimage\"},\"image\":{\"@id\":\"https:\/\/kinnunen.fi\/tuote\/care-instant-revive-intensive-mask-elvyttava-ja-korjaava-250-ml\/#primaryimage\"},\"thumbnailUrl\":\"https:\/\/kinnunen.fi\/wp-content\/uploads\/2026\/02\/Care-Instant-Revive-Intensive-Mask-250ml-2-small.jpg\",\"datePublished\":\"2026-02-12T07:13:32+00:00\",\"dateModified\":\"2026-04-24T10:53:50+00:00\",\"description\":\"Syv\u00e4korjaava hiusnaamio vaurioituneille hiuksille. Keune Instant Revive Intensive Repair Mask rakentaa hiussidoksia ja vahvistaa hiuksia.\",\"breadcrumb\":{\"@id\":\"https:\/\/kinnunen.fi\/tuote\/care-instant-revive-intensive-mask-elvyttava-ja-korjaava-250-ml\/#breadcrumb\"},\"inLanguage\":\"en-GB\",\"potentialAction\":[{\"@type\":\"ReadAction\",\"target\":[\"https:\/\/kinnunen.fi\/tuote\/care-instant-revive-intensive-mask-elvyttava-ja-korjaava-250-ml\/\"]}]},{\"@type\":\"ImageObject\",\"inLanguage\":\"en-GB\",\"@id\":\"https:\/\/kinnunen.fi\/tuote\/care-instant-revive-intensive-mask-elvyttava-ja-korjaava-250-ml\/#primaryimage\",\"url\":\"https:\/\/kinnunen.fi\/wp-content\/uploads\/2026\/02\/Care-Instant-Revive-Intensive-Mask-250ml-2-small.jpg\",\"contentUrl\":\"https:\/\/kinnunen.fi\/wp-content\/uploads\/2026\/02\/Care-Instant-Revive-Intensive-Mask-250ml-2-small.jpg\",\"width\":1181,\"height\":1181},{\"@type\":\"BreadcrumbList\",\"@id\":\"https:\/\/kinnunen.fi\/tuote\/care-instant-revive-intensive-mask-elvyttava-ja-korjaava-250-ml\/#breadcrumb\",\"itemListElement\":[{\"@type\":\"ListItem\",\"position\":1,\"name\":\"Etusivu\",\"item\":\"https:\/\/kinnunen.fi\/\"},{\"@type\":\"ListItem\",\"position\":2,\"name\":\"Kaikki tuotteet\",\"item\":\"https:\/\/kinnunen.fi\/kauppa\/\"},{\"@type\":\"ListItem\",\"position\":3,\"name\":\"Hiuskosmetiikka\",\"item\":\"https:\/\/kinnunen.fi\/tuote-osasto\/hiuskosmetiikka\/\"},{\"@type\":\"ListItem\",\"position\":4,\"name\":\"Care Instant Revive Intensive Mask -elvytt\u00e4v\u00e4 ja korjaava, 250 ml\"}]},{\"@type\":\"WebSite\",\"@id\":\"https:\/\/kinnunen.fi\/#website\",\"url\":\"https:\/\/kinnunen.fi\/\",\"name\":\"Kinnunen\",\"description\":\"\",\"potentialAction\":[{\"@type\":\"SearchAction\",\"target\":{\"@type\":\"EntryPoint\",\"urlTemplate\":\"https:\/\/kinnunen.fi\/?s={search_term_string}\"},\"query-input\":\"required name=search_term_string\"}],\"inLanguage\":\"en-GB\"}]}<\/script>\n<!-- \/ Yoast SEO plugin. -->","yoast_head_json":{"title":"Care Instant Revive Intensive Mask -elvytt\u00e4v\u00e4 ja korjaava, 250 ml - Kinnunen","description":"Syv\u00e4korjaava hiusnaamio vaurioituneille hiuksille. Keune Instant Revive Intensive Repair Mask rakentaa hiussidoksia ja vahvistaa hiuksia.","robots":{"index":"index","follow":"follow","max-snippet":"max-snippet:-1","max-image-preview":"max-image-preview:large","max-video-preview":"max-video-preview:-1"},"canonical":"https:\/\/kinnunen.fi\/en\/product\/care-instant-revive-intensive-mask-elvyttava-ja-korjaava-250-ml\/","og_locale":"en_GB","og_type":"article","og_title":"Care Instant Revive Intensive Mask -elvytt\u00e4v\u00e4 ja korjaava, 250 ml - Kinnunen","og_description":"Syv\u00e4korjaava hiusnaamio vaurioituneille hiuksille. Keune Instant Revive Intensive Repair Mask rakentaa hiussidoksia ja vahvistaa hiuksia.","og_url":"https:\/\/kinnunen.fi\/en\/product\/care-instant-revive-intensive-mask-elvyttava-ja-korjaava-250-ml\/","og_site_name":"Kinnunen","article_modified_time":"2026-04-24T10:53:50+00:00","og_image":[{"width":1181,"height":1181,"url":"https:\/\/kinnunen.fi\/wp-content\/uploads\/2026\/02\/Care-Instant-Revive-Intensive-Mask-250ml-2-small.jpg","type":"image\/jpeg"}],"twitter_card":"summary_large_image","twitter_misc":{"Estimated reading time":"1 minute"},"schema":{"@context":"https:\/\/schema.org","@graph":[{"@type":"WebPage","@id":"https:\/\/kinnunen.fi\/tuote\/care-instant-revive-intensive-mask-elvyttava-ja-korjaava-250-ml\/","url":"https:\/\/kinnunen.fi\/tuote\/care-instant-revive-intensive-mask-elvyttava-ja-korjaava-250-ml\/","name":"Care Instant Revive Intensive Mask -elvytt\u00e4v\u00e4 ja korjaava, 250 ml - Kinnunen","isPartOf":{"@id":"https:\/\/kinnunen.fi\/#website"},"primaryImageOfPage":{"@id":"https:\/\/kinnunen.fi\/tuote\/care-instant-revive-intensive-mask-elvyttava-ja-korjaava-250-ml\/#primaryimage"},"image":{"@id":"https:\/\/kinnunen.fi\/tuote\/care-instant-revive-intensive-mask-elvyttava-ja-korjaava-250-ml\/#primaryimage"},"thumbnailUrl":"https:\/\/kinnunen.fi\/wp-content\/uploads\/2026\/02\/Care-Instant-Revive-Intensive-Mask-250ml-2-small.jpg","datePublished":"2026-02-12T07:13:32+00:00","dateModified":"2026-04-24T10:53:50+00:00","description":"Syv\u00e4korjaava hiusnaamio vaurioituneille hiuksille. Keune Instant Revive Intensive Repair Mask rakentaa hiussidoksia ja vahvistaa hiuksia.","breadcrumb":{"@id":"https:\/\/kinnunen.fi\/tuote\/care-instant-revive-intensive-mask-elvyttava-ja-korjaava-250-ml\/#breadcrumb"},"inLanguage":"en-GB","potentialAction":[{"@type":"ReadAction","target":["https:\/\/kinnunen.fi\/tuote\/care-instant-revive-intensive-mask-elvyttava-ja-korjaava-250-ml\/"]}]},{"@type":"ImageObject","inLanguage":"en-GB","@id":"https:\/\/kinnunen.fi\/tuote\/care-instant-revive-intensive-mask-elvyttava-ja-korjaava-250-ml\/#primaryimage","url":"https:\/\/kinnunen.fi\/wp-content\/uploads\/2026\/02\/Care-Instant-Revive-Intensive-Mask-250ml-2-small.jpg","contentUrl":"https:\/\/kinnunen.fi\/wp-content\/uploads\/2026\/02\/Care-Instant-Revive-Intensive-Mask-250ml-2-small.jpg","width":1181,"height":1181},{"@type":"BreadcrumbList","@id":"https:\/\/kinnunen.fi\/tuote\/care-instant-revive-intensive-mask-elvyttava-ja-korjaava-250-ml\/#breadcrumb","itemListElement":[{"@type":"ListItem","position":1,"name":"Etusivu","item":"https:\/\/kinnunen.fi\/"},{"@type":"ListItem","position":2,"name":"Kaikki tuotteet","item":"https:\/\/kinnunen.fi\/kauppa\/"},{"@type":"ListItem","position":3,"name":"Hiuskosmetiikka","item":"https:\/\/kinnunen.fi\/tuote-osasto\/hiuskosmetiikka\/"},{"@type":"ListItem","position":4,"name":"Care Instant Revive Intensive Mask -elvytt\u00e4v\u00e4 ja korjaava, 250 ml"}]},{"@type":"WebSite","@id":"https:\/\/kinnunen.fi\/#website","url":"https:\/\/kinnunen.fi\/","name":"Kinnunen","description":"","potentialAction":[{"@type":"SearchAction","target":{"@type":"EntryPoint","urlTemplate":"https:\/\/kinnunen.fi\/?s={search_term_string}"},"query-input":"required name=search_term_string"}],"inLanguage":"en-GB"}]}},"_links":{"self":[{"href":"https:\/\/kinnunen.fi\/en\/wp-json\/wp\/v2\/product\/47144"}],"collection":[{"href":"https:\/\/kinnunen.fi\/en\/wp-json\/wp\/v2\/product"}],"about":[{"href":"https:\/\/kinnunen.fi\/en\/wp-json\/wp\/v2\/types\/product"}],"replies":[{"embeddable":true,"href":"https:\/\/kinnunen.fi\/en\/wp-json\/wp\/v2\/comments?post=47144"}],"wp:featuredmedia":[{"embeddable":true,"href":"https:\/\/kinnunen.fi\/en\/wp-json\/wp\/v2\/media\/47092"}],"wp:attachment":[{"href":"https:\/\/kinnunen.fi\/en\/wp-json\/wp\/v2\/media?parent=47144"}],"wp:term":[{"taxonomy":"product_cat","embeddable":true,"href":"https:\/\/kinnunen.fi\/en\/wp-json\/wp\/v2\/product_cat?post=47144"},{"taxonomy":"product_tag","embeddable":true,"href":"https:\/\/kinnunen.fi\/en\/wp-json\/wp\/v2\/product_tag?post=47144"}],"curies":[{"name":"wp","href":"https:\/\/api.w.org\/{rel}","templated":true}]}}