

{"id":47168,"date":"2026-02-16T10:44:10","date_gmt":"2026-02-16T08:44:10","guid":{"rendered":"https:\/\/kinnunen.fi\/?post_type=product&#038;p=47168"},"modified":"2026-05-01T04:00:35","modified_gmt":"2026-05-01T01:00:35","slug":"sn-silver-conditioner-1000-ml","status":"publish","type":"product","link":"https:\/\/kinnunen.fi\/en\/product\/sn-silver-conditioner-1000-ml\/","title":{"rendered":"SN Silver Conditioner 1000 ml"},"content":{"rendered":"<p data-start=\"897\" data-end=\"1180\">Simply Natural Silver Hoitoaine on t\u00e4ydellisen kosteuttava ja hoitava hoitoaine kuiville, k\u00e4sitellyille vaaleille hiuksille sek\u00e4 hiustenpidennyksille. Se neutraloi ei-toivottuja l\u00e4mpimi\u00e4 ja keltaisia vivahteita samalla kun se ravitsee hiuksia ja yll\u00e4pit\u00e4\u00e4 niiden sileytt\u00e4 ja kiiltoa.<\/p>\n<p data-start=\"1182\" data-end=\"1279\">Erityisesti pidennyshiuksille kehitetty koostumus hoitaa tehokkaasti ilman latistavaa vaikutusta.<\/p>\n<h2 data-start=\"1281\" data-end=\"1322\">Neutraloi keltaisuutta ja suojaa v\u00e4ri\u00e4<\/h2>\n<p data-start=\"1324\" data-end=\"1351\">Violettipigmentit auttavat:<\/p>\n<ul data-start=\"1353\" data-end=\"1474\">\n<li data-start=\"1353\" data-end=\"1385\">\n<p data-start=\"1355\" data-end=\"1385\">Raikastamaan vaaleita s\u00e4vyj\u00e4<\/p>\n<\/li>\n<li data-start=\"1386\" data-end=\"1436\">\n<p data-start=\"1388\" data-end=\"1436\">Neutraloimaan keltaisia ja l\u00e4mpimi\u00e4 vivahteita<\/p>\n<\/li>\n<li data-start=\"1437\" data-end=\"1474\">\n<p data-start=\"1439\" data-end=\"1474\">Yll\u00e4pit\u00e4m\u00e4\u00e4n viile\u00e4\u00e4 lopputulosta<\/p>\n<\/li>\n<\/ul>\n<p data-start=\"1476\" data-end=\"1646\">Lis\u00e4ksi hoitoaine suojaa v\u00e4ri\u00e4 haalistumiselta ja sis\u00e4lt\u00e4\u00e4 ainesosia, jotka ehk\u00e4isev\u00e4t metallien kertymist\u00e4 hiuksiin \u2013 t\u00e4m\u00e4 auttaa s\u00e4ilytt\u00e4m\u00e4\u00e4n s\u00e4vyn kirkkaana pidemp\u00e4\u00e4n.<\/p>\n<h2 data-start=\"1648\" data-end=\"1687\">Tehokas kosteutus ilman latistamista<\/h2>\n<p data-start=\"1689\" data-end=\"1698\">Includes:<\/p>\n<ul data-start=\"1700\" data-end=\"1886\">\n<li data-start=\"1700\" data-end=\"1748\">\n<p data-start=\"1702\" data-end=\"1748\"><strong data-start=\"1702\" data-end=\"1716\">Ksylitolia<\/strong> \u2013 yll\u00e4pit\u00e4\u00e4 kosteustasapainoa<\/p>\n<\/li>\n<li data-start=\"1749\" data-end=\"1795\">\n<p data-start=\"1751\" data-end=\"1795\"><strong data-start=\"1751\" data-end=\"1766\">Glyseriini\u00e4<\/strong> \u2013 sitoo kosteutta hiukseen<\/p>\n<\/li>\n<li data-start=\"1796\" data-end=\"1838\">\n<p data-start=\"1798\" data-end=\"1838\"><strong data-start=\"1798\" data-end=\"1812\">Kaura\u00f6ljy\u00e4<\/strong> \u2013 ravitsee ja pehment\u00e4\u00e4<\/p>\n<\/li>\n<li data-start=\"1839\" data-end=\"1886\">\n<p data-start=\"1841\" data-end=\"1886\"><strong data-start=\"1841\" data-end=\"1854\">Sheavoita<\/strong> \u2013 hoitaa ja suojaa hiuskuitua<\/p>\n<\/li>\n<\/ul>\n<p data-start=\"1888\" data-end=\"1990\">Hiukset ja pidennykset j\u00e4\u00e4v\u00e4t pehmeiksi, sileiksi ja helposti selvitett\u00e4viksi ilman raskasta tunnetta.<\/p>\n<h2 data-start=\"1992\" data-end=\"2029\">Suunniteltu my\u00f6s pidennyshiuksille<\/h2>\n<p data-start=\"2031\" data-end=\"2105\">K\u00e4ytt\u00e4m\u00e4ll\u00e4 Simply Natural Hair Cosmetics -hoitotuotteita pidennyksillesi:<\/p>\n<ul data-start=\"2107\" data-end=\"2236\">\n<li data-start=\"2107\" data-end=\"2150\">\n<p data-start=\"2109\" data-end=\"2150\">Pidennykset s\u00e4ilyv\u00e4t kauniina pidemp\u00e4\u00e4n<\/p>\n<\/li>\n<li data-start=\"2151\" data-end=\"2197\">\n<p data-start=\"2153\" data-end=\"2197\">S\u00e4ilyt\u00e4t hiusten luonnollisen liikkuvuuden<\/p>\n<\/li>\n<li data-start=\"2198\" data-end=\"2236\">\n<p data-start=\"2200\" data-end=\"2236\">Varmistat 3 kuukauden tehdastakuun<\/p>\n<\/li>\n<\/ul>\n<h2 data-start=\"2238\" data-end=\"2247\">Fragrance<\/h2>\n<p data-start=\"2249\" data-end=\"2286\">Raikas ja pehme\u00e4n naisellinen tuoksu:<\/p>\n<ul data-start=\"2288\" data-end=\"2448\">\n<li data-start=\"2288\" data-end=\"2335\">\n<p data-start=\"2290\" data-end=\"2335\"><strong data-start=\"2290\" data-end=\"2306\">Latvatuoksu:<\/strong> appelsiininkukka, sitruuna<\/p>\n<\/li>\n<li data-start=\"2336\" data-end=\"2421\">\n<p data-start=\"2338\" data-end=\"2421\"><strong data-start=\"2338\" data-end=\"2354\">Syd\u00e4ntuoksu:<\/strong> jasmiini, ruusu, merelliset vivahteet, kookos, mandariini, kerma<\/p>\n<\/li>\n<li data-start=\"2422\" data-end=\"2448\">\n<p data-start=\"2424\" data-end=\"2448\"><strong data-start=\"2424\" data-end=\"2440\">Pohjatuoksu:<\/strong> myski<\/p>\n<\/li>\n<\/ul>\n<h2 data-start=\"2450\" data-end=\"2473\">Vastuullinen valinta<\/h2>\n<ul data-start=\"2475\" data-end=\"2594\">\n<li data-start=\"2475\" data-end=\"2489\">\n<p data-start=\"2477\" data-end=\"2489\">Vegan<\/p>\n<\/li>\n<li data-start=\"2490\" data-end=\"2506\">\n<p data-start=\"2492\" data-end=\"2506\">Parabeeniton<\/p>\n<\/li>\n<li data-start=\"2507\" data-end=\"2523\">\n<p data-start=\"2509\" data-end=\"2523\">Cruelty free<\/p>\n<\/li>\n<li data-start=\"2524\" data-end=\"2569\">\n<p data-start=\"2526\" data-end=\"2569\">Pakkaus sis\u00e4lt\u00e4\u00e4 50 % kierr\u00e4tetty\u00e4 muovia<\/p>\n<\/li>\n<li data-start=\"2570\" data-end=\"2594\">\n<p data-start=\"2572\" data-end=\"2594\">Valmistettu Suomessa<\/p>\n<\/li>\n<\/ul>\n<h2 data-start=\"2596\" data-end=\"2605\">K\u00e4ytt\u00f6<\/h2>\n<p data-start=\"2607\" data-end=\"2794\">Levit\u00e4 tasaisesti pyyhekuiviin hiuksiin. Kampaa hell\u00e4varaisesti harvalla kammalla. Anna vaikuttaa 2\u20133 minuuttia ja huuhtele huolellisesti. Kuivaa hiukset kevyesti pyyhkeell\u00e4 \u2013 \u00e4l\u00e4 hankaa.<\/p>","protected":false},"excerpt":{"rendered":"<p>Simply Natural Silver Hoitoaine on kosteuttava ja hoitava hopeahoitoaine vaaleille hiuksille ja pidennyshiuksille. Violettipigmentit neutraloivat keltaisuutta, kun taas ksylitol, glyseriini, kaura\u00f6ljy ja sheavoi ravitsevat hiuksia latistamatta. Vegaaninen ja Suomessa valmistettu koostumus auttaa s\u00e4ilytt\u00e4m\u00e4\u00e4n kirkkaan, viile\u00e4n s\u00e4vyn ja pidennykset kauniina pitk\u00e4\u00e4n.<\/p>","protected":false},"featured_media":47174,"comment_status":"open","ping_status":"closed","template":"","meta":{"_relevanssi_hide_post":"","_relevanssi_pin_for_all":"","_relevanssi_pin_keywords":"","_relevanssi_unpin_keywords":"","_relevanssi_related_keywords":"","_relevanssi_related_include_ids":"","_relevanssi_related_exclude_ids":"","_relevanssi_related_no_append":"","_relevanssi_related_not_related":"","_relevanssi_related_posts":"","_relevanssi_noindex_reason":""},"product_cat":[1767,2403],"product_tag":[],"class_list":["post-47168","product","type-product","status-publish","has-post-thumbnail","hentry","product_cat-hiustenpidennykset","product_cat-simply-natural-hoitotuotteet","tuotemerkki-simply-natural-hair-cosmetics"],"tuotemerkit":[{"term_id":143,"name":"Simply Natural Hair Cosmetics","slug":"simply-natural-hair-cosmetics","term_group":0,"term_taxonomy_id":143,"taxonomy":"tuotemerkki","description":"","parent":142,"count":10,"filter":"raw"}],"acf":[],"yoast_head":"<!-- This site is optimized with the Yoast SEO plugin v23.3 - https:\/\/yoast.com\/wordpress\/plugins\/seo\/ -->\n<title>Silver hoitoaine pidennyshiuksille ja vaaleille hiuksille<\/title>\n<meta name=\"description\" content=\"Kosteuttava silver hoitoaine pidennyshiuksille ja vaaleille hiuksille. Neutraloi keltaisuutta, suojaa v\u00e4ri\u00e4 ja valmistettu Suomessa.\" \/>\n<meta name=\"robots\" content=\"index, follow, max-snippet:-1, max-image-preview:large, max-video-preview:-1\" \/>\n<link rel=\"canonical\" href=\"https:\/\/kinnunen.fi\/en\/product\/sn-silver-conditioner-1000-ml\/\" \/>\n<meta property=\"og:locale\" content=\"en_GB\" \/>\n<meta property=\"og:type\" content=\"article\" \/>\n<meta property=\"og:title\" content=\"Silver hoitoaine pidennyshiuksille ja vaaleille hiuksille\" \/>\n<meta property=\"og:description\" content=\"Kosteuttava silver hoitoaine pidennyshiuksille ja vaaleille hiuksille. Neutraloi keltaisuutta, suojaa v\u00e4ri\u00e4 ja valmistettu Suomessa.\" \/>\n<meta property=\"og:url\" content=\"https:\/\/kinnunen.fi\/en\/product\/sn-silver-conditioner-1000-ml\/\" \/>\n<meta property=\"og:site_name\" content=\"Kinnunen\" \/>\n<meta property=\"article:modified_time\" content=\"2026-05-01T01:00:35+00:00\" \/>\n<meta property=\"og:image\" content=\"https:\/\/kinnunen.fi\/wp-content\/uploads\/2026\/02\/SN-Silver-Conditioner-For-Hair-Extensions-1000ml-SNA1074.jpg\" \/>\n\t<meta property=\"og:image:width\" content=\"1000\" \/>\n\t<meta property=\"og:image:height\" content=\"1000\" \/>\n\t<meta property=\"og:image:type\" content=\"image\/jpeg\" \/>\n<meta name=\"twitter:card\" content=\"summary_large_image\" \/>\n<meta name=\"twitter:label1\" content=\"Estimated reading time\" \/>\n\t<meta name=\"twitter:data1\" content=\"1 minute\" \/>\n<script type=\"application\/ld+json\" class=\"yoast-schema-graph\">{\"@context\":\"https:\/\/schema.org\",\"@graph\":[{\"@type\":\"WebPage\",\"@id\":\"https:\/\/kinnunen.fi\/tuote\/sn-silver-conditioner-1000-ml\/\",\"url\":\"https:\/\/kinnunen.fi\/tuote\/sn-silver-conditioner-1000-ml\/\",\"name\":\"Silver hoitoaine pidennyshiuksille ja vaaleille hiuksille\",\"isPartOf\":{\"@id\":\"https:\/\/kinnunen.fi\/#website\"},\"primaryImageOfPage\":{\"@id\":\"https:\/\/kinnunen.fi\/tuote\/sn-silver-conditioner-1000-ml\/#primaryimage\"},\"image\":{\"@id\":\"https:\/\/kinnunen.fi\/tuote\/sn-silver-conditioner-1000-ml\/#primaryimage\"},\"thumbnailUrl\":\"https:\/\/kinnunen.fi\/wp-content\/uploads\/2026\/02\/SN-Silver-Conditioner-For-Hair-Extensions-1000ml-SNA1074.jpg\",\"datePublished\":\"2026-02-16T08:44:10+00:00\",\"dateModified\":\"2026-05-01T01:00:35+00:00\",\"description\":\"Kosteuttava silver hoitoaine pidennyshiuksille ja vaaleille hiuksille. Neutraloi keltaisuutta, suojaa v\u00e4ri\u00e4 ja valmistettu Suomessa.\",\"breadcrumb\":{\"@id\":\"https:\/\/kinnunen.fi\/tuote\/sn-silver-conditioner-1000-ml\/#breadcrumb\"},\"inLanguage\":\"en-GB\",\"potentialAction\":[{\"@type\":\"ReadAction\",\"target\":[\"https:\/\/kinnunen.fi\/tuote\/sn-silver-conditioner-1000-ml\/\"]}]},{\"@type\":\"ImageObject\",\"inLanguage\":\"en-GB\",\"@id\":\"https:\/\/kinnunen.fi\/tuote\/sn-silver-conditioner-1000-ml\/#primaryimage\",\"url\":\"https:\/\/kinnunen.fi\/wp-content\/uploads\/2026\/02\/SN-Silver-Conditioner-For-Hair-Extensions-1000ml-SNA1074.jpg\",\"contentUrl\":\"https:\/\/kinnunen.fi\/wp-content\/uploads\/2026\/02\/SN-Silver-Conditioner-For-Hair-Extensions-1000ml-SNA1074.jpg\",\"width\":1000,\"height\":1000},{\"@type\":\"BreadcrumbList\",\"@id\":\"https:\/\/kinnunen.fi\/tuote\/sn-silver-conditioner-1000-ml\/#breadcrumb\",\"itemListElement\":[{\"@type\":\"ListItem\",\"position\":1,\"name\":\"Etusivu\",\"item\":\"https:\/\/kinnunen.fi\/\"},{\"@type\":\"ListItem\",\"position\":2,\"name\":\"Kaikki tuotteet\",\"item\":\"https:\/\/kinnunen.fi\/kauppa\/\"},{\"@type\":\"ListItem\",\"position\":3,\"name\":\"Hiustenpidennykset\",\"item\":\"https:\/\/kinnunen.fi\/tuote-osasto\/hiustenpidennykset\/\"},{\"@type\":\"ListItem\",\"position\":4,\"name\":\"SN Silver Conditioner 1000 ml\"}]},{\"@type\":\"WebSite\",\"@id\":\"https:\/\/kinnunen.fi\/#website\",\"url\":\"https:\/\/kinnunen.fi\/\",\"name\":\"Kinnunen\",\"description\":\"\",\"potentialAction\":[{\"@type\":\"SearchAction\",\"target\":{\"@type\":\"EntryPoint\",\"urlTemplate\":\"https:\/\/kinnunen.fi\/?s={search_term_string}\"},\"query-input\":\"required name=search_term_string\"}],\"inLanguage\":\"en-GB\"}]}<\/script>\n<!-- \/ Yoast SEO plugin. -->","yoast_head_json":{"title":"Silver hoitoaine pidennyshiuksille ja vaaleille hiuksille","description":"Kosteuttava silver hoitoaine pidennyshiuksille ja vaaleille hiuksille. Neutraloi keltaisuutta, suojaa v\u00e4ri\u00e4 ja valmistettu Suomessa.","robots":{"index":"index","follow":"follow","max-snippet":"max-snippet:-1","max-image-preview":"max-image-preview:large","max-video-preview":"max-video-preview:-1"},"canonical":"https:\/\/kinnunen.fi\/en\/product\/sn-silver-conditioner-1000-ml\/","og_locale":"en_GB","og_type":"article","og_title":"Silver hoitoaine pidennyshiuksille ja vaaleille hiuksille","og_description":"Kosteuttava silver hoitoaine pidennyshiuksille ja vaaleille hiuksille. Neutraloi keltaisuutta, suojaa v\u00e4ri\u00e4 ja valmistettu Suomessa.","og_url":"https:\/\/kinnunen.fi\/en\/product\/sn-silver-conditioner-1000-ml\/","og_site_name":"Kinnunen","article_modified_time":"2026-05-01T01:00:35+00:00","og_image":[{"width":1000,"height":1000,"url":"https:\/\/kinnunen.fi\/wp-content\/uploads\/2026\/02\/SN-Silver-Conditioner-For-Hair-Extensions-1000ml-SNA1074.jpg","type":"image\/jpeg"}],"twitter_card":"summary_large_image","twitter_misc":{"Estimated reading time":"1 minute"},"schema":{"@context":"https:\/\/schema.org","@graph":[{"@type":"WebPage","@id":"https:\/\/kinnunen.fi\/tuote\/sn-silver-conditioner-1000-ml\/","url":"https:\/\/kinnunen.fi\/tuote\/sn-silver-conditioner-1000-ml\/","name":"Silver hoitoaine pidennyshiuksille ja vaaleille hiuksille","isPartOf":{"@id":"https:\/\/kinnunen.fi\/#website"},"primaryImageOfPage":{"@id":"https:\/\/kinnunen.fi\/tuote\/sn-silver-conditioner-1000-ml\/#primaryimage"},"image":{"@id":"https:\/\/kinnunen.fi\/tuote\/sn-silver-conditioner-1000-ml\/#primaryimage"},"thumbnailUrl":"https:\/\/kinnunen.fi\/wp-content\/uploads\/2026\/02\/SN-Silver-Conditioner-For-Hair-Extensions-1000ml-SNA1074.jpg","datePublished":"2026-02-16T08:44:10+00:00","dateModified":"2026-05-01T01:00:35+00:00","description":"Kosteuttava silver hoitoaine pidennyshiuksille ja vaaleille hiuksille. Neutraloi keltaisuutta, suojaa v\u00e4ri\u00e4 ja valmistettu Suomessa.","breadcrumb":{"@id":"https:\/\/kinnunen.fi\/tuote\/sn-silver-conditioner-1000-ml\/#breadcrumb"},"inLanguage":"en-GB","potentialAction":[{"@type":"ReadAction","target":["https:\/\/kinnunen.fi\/tuote\/sn-silver-conditioner-1000-ml\/"]}]},{"@type":"ImageObject","inLanguage":"en-GB","@id":"https:\/\/kinnunen.fi\/tuote\/sn-silver-conditioner-1000-ml\/#primaryimage","url":"https:\/\/kinnunen.fi\/wp-content\/uploads\/2026\/02\/SN-Silver-Conditioner-For-Hair-Extensions-1000ml-SNA1074.jpg","contentUrl":"https:\/\/kinnunen.fi\/wp-content\/uploads\/2026\/02\/SN-Silver-Conditioner-For-Hair-Extensions-1000ml-SNA1074.jpg","width":1000,"height":1000},{"@type":"BreadcrumbList","@id":"https:\/\/kinnunen.fi\/tuote\/sn-silver-conditioner-1000-ml\/#breadcrumb","itemListElement":[{"@type":"ListItem","position":1,"name":"Etusivu","item":"https:\/\/kinnunen.fi\/"},{"@type":"ListItem","position":2,"name":"Kaikki tuotteet","item":"https:\/\/kinnunen.fi\/kauppa\/"},{"@type":"ListItem","position":3,"name":"Hiustenpidennykset","item":"https:\/\/kinnunen.fi\/tuote-osasto\/hiustenpidennykset\/"},{"@type":"ListItem","position":4,"name":"SN Silver Conditioner 1000 ml"}]},{"@type":"WebSite","@id":"https:\/\/kinnunen.fi\/#website","url":"https:\/\/kinnunen.fi\/","name":"Kinnunen","description":"","potentialAction":[{"@type":"SearchAction","target":{"@type":"EntryPoint","urlTemplate":"https:\/\/kinnunen.fi\/?s={search_term_string}"},"query-input":"required name=search_term_string"}],"inLanguage":"en-GB"}]}},"_links":{"self":[{"href":"https:\/\/kinnunen.fi\/en\/wp-json\/wp\/v2\/product\/47168"}],"collection":[{"href":"https:\/\/kinnunen.fi\/en\/wp-json\/wp\/v2\/product"}],"about":[{"href":"https:\/\/kinnunen.fi\/en\/wp-json\/wp\/v2\/types\/product"}],"replies":[{"embeddable":true,"href":"https:\/\/kinnunen.fi\/en\/wp-json\/wp\/v2\/comments?post=47168"}],"wp:featuredmedia":[{"embeddable":true,"href":"https:\/\/kinnunen.fi\/en\/wp-json\/wp\/v2\/media\/47174"}],"wp:attachment":[{"href":"https:\/\/kinnunen.fi\/en\/wp-json\/wp\/v2\/media?parent=47168"}],"wp:term":[{"taxonomy":"product_cat","embeddable":true,"href":"https:\/\/kinnunen.fi\/en\/wp-json\/wp\/v2\/product_cat?post=47168"},{"taxonomy":"product_tag","embeddable":true,"href":"https:\/\/kinnunen.fi\/en\/wp-json\/wp\/v2\/product_tag?post=47168"}],"curies":[{"name":"wp","href":"https:\/\/api.w.org\/{rel}","templated":true}]}}