

{"id":47170,"date":"2026-02-16T10:44:58","date_gmt":"2026-02-16T08:44:58","guid":{"rendered":"https:\/\/kinnunen.fi\/?post_type=product&#038;p=47170"},"modified":"2026-05-01T04:00:35","modified_gmt":"2026-05-01T01:00:35","slug":"sn-silver-shampoo-1000-ml","status":"publish","type":"product","link":"https:\/\/kinnunen.fi\/en\/product\/sn-silver-shampoo-1000-ml\/","title":{"rendered":"SN Silver Shampoo 1000 ml"},"content":{"rendered":"<p data-start=\"878\" data-end=\"1141\">Simply Natural Silver Shampoo on t\u00e4ydellisen kosteuttava ja hoitava hopeashampoo hiustenpidennyksille sek\u00e4 kuiville, k\u00e4sitellyille ja vaaleille hiuksille. Se neutraloi ei-toivottuja l\u00e4mpimi\u00e4 ja keltaisia vivahteita samalla kun se ravitsee hiuksia hell\u00e4varaisesti.<\/p>\n<p data-start=\"1143\" data-end=\"1296\">Koostumus auttaa s\u00e4ilytt\u00e4m\u00e4\u00e4n erityisesti pidennyshiuksien sileyden, kosteustasapainon ja kiillon ilman kuivattavaa vaikutusta, mutta on my\u00f6s loistava valinta omille hiuksille.<\/p>\n<h2 data-start=\"1298\" data-end=\"1329\">Tehokas s\u00e4vyjen neutralointi<\/h2>\n<p data-start=\"1331\" data-end=\"1378\">Shampoo sis\u00e4lt\u00e4\u00e4 violetteja pigmenttej\u00e4, jotka:<\/p>\n<ul data-start=\"1380\" data-end=\"1501\">\n<li data-start=\"1380\" data-end=\"1409\">\n<p data-start=\"1382\" data-end=\"1409\">Neutraloivat keltaisuutta<\/p>\n<\/li>\n<li data-start=\"1410\" data-end=\"1453\">\n<p data-start=\"1412\" data-end=\"1453\">Raikastavat vaaleita ja viileit\u00e4 s\u00e4vyj\u00e4<\/p>\n<\/li>\n<li data-start=\"1454\" data-end=\"1501\">\n<p data-start=\"1456\" data-end=\"1501\">Auttavat yll\u00e4pit\u00e4m\u00e4\u00e4n vaaleiden hiusten kirkkautta<\/p>\n<\/li>\n<\/ul>\n<p data-start=\"1503\" data-end=\"1585\">Samalla se suojaa v\u00e4ri\u00e4 haalistumiselta ja pit\u00e4\u00e4 vaalean s\u00e4vyn puhtaana pidemp\u00e4\u00e4n.<\/p>\n<h2 data-start=\"1587\" data-end=\"1623\">Kosteuttava ja suojaava koostumus<\/h2>\n<p data-start=\"1625\" data-end=\"1634\">Includes:<\/p>\n<ul data-start=\"1636\" data-end=\"1774\">\n<li data-start=\"1636\" data-end=\"1678\">\n<p data-start=\"1638\" data-end=\"1678\"><strong data-start=\"1638\" data-end=\"1652\">Kaura\u00f6ljy\u00e4<\/strong> \u2013 ravitsee ja pehment\u00e4\u00e4<\/p>\n<\/li>\n<li data-start=\"1679\" data-end=\"1727\">\n<p data-start=\"1681\" data-end=\"1727\"><strong data-start=\"1681\" data-end=\"1695\">Ksylitolia<\/strong> \u2013 yll\u00e4pit\u00e4\u00e4 kosteustasapainoa<\/p>\n<\/li>\n<li data-start=\"1728\" data-end=\"1774\">\n<p data-start=\"1730\" data-end=\"1774\"><strong data-start=\"1730\" data-end=\"1745\">Glyseriini\u00e4<\/strong> \u2013 sitoo kosteutta hiukseen<\/p>\n<\/li>\n<\/ul>\n<p data-start=\"1776\" data-end=\"1931\">Lis\u00e4ksi shampoo sis\u00e4lt\u00e4\u00e4 ainesosia, jotka ehk\u00e4isev\u00e4t metallien kertymist\u00e4 hiuksiin \u2013 t\u00e4m\u00e4 auttaa s\u00e4ilytt\u00e4m\u00e4\u00e4n s\u00e4vyn kirkkaana ja hiuspinnan hyv\u00e4kuntoisena.<\/p>\n<h2 data-start=\"1933\" data-end=\"1970\">T\u00e4ydellinen my\u00f6s pidennyshiuksille<\/h2>\n<p data-start=\"1972\" data-end=\"2102\">Simply Natural Silver Shampoo on kehitetty erityisesti my\u00f6s Simply Natural -pidennyksille. K\u00e4ytt\u00e4m\u00e4ll\u00e4 sarjan omia hoitotuotteita:<\/p>\n<ul data-start=\"2104\" data-end=\"2244\">\n<li data-start=\"2104\" data-end=\"2147\">\n<p data-start=\"2106\" data-end=\"2147\">Pidennykset s\u00e4ilyv\u00e4t kauniina pidemp\u00e4\u00e4n<\/p>\n<\/li>\n<li data-start=\"2148\" data-end=\"2186\">\n<p data-start=\"2150\" data-end=\"2186\">Varmistat 3 kuukauden tehdastakuun<\/p>\n<\/li>\n<li data-start=\"2187\" data-end=\"2244\">\n<p data-start=\"2189\" data-end=\"2244\">S\u00e4ilyt\u00e4t hiusten luonnollisen liikkuvuuden ja kiillon<\/p>\n<\/li>\n<\/ul>\n<h2 data-start=\"2246\" data-end=\"2255\">Fragrance<\/h2>\n<p data-start=\"2257\" data-end=\"2292\">Raikas ja pehme\u00e4n ylellinen tuoksu:<\/p>\n<ul data-start=\"2294\" data-end=\"2454\">\n<li data-start=\"2294\" data-end=\"2341\">\n<p data-start=\"2296\" data-end=\"2341\"><strong data-start=\"2296\" data-end=\"2312\">Latvatuoksu:<\/strong> appelsiininkukka, sitruuna<\/p>\n<\/li>\n<li data-start=\"2342\" data-end=\"2427\">\n<p data-start=\"2344\" data-end=\"2427\"><strong data-start=\"2344\" data-end=\"2360\">Syd\u00e4ntuoksu:<\/strong> jasmiini, ruusu, merelliset vivahteet, kookos, mandariini, kerma<\/p>\n<\/li>\n<li data-start=\"2428\" data-end=\"2454\">\n<p data-start=\"2430\" data-end=\"2454\"><strong data-start=\"2430\" data-end=\"2446\">Pohjatuoksu:<\/strong> myski<\/p>\n<\/li>\n<\/ul>\n<h2 data-start=\"2456\" data-end=\"2479\">Vastuullinen valinta<\/h2>\n<ul data-start=\"2481\" data-end=\"2600\">\n<li data-start=\"2481\" data-end=\"2495\">\n<p data-start=\"2483\" data-end=\"2495\">Vegan<\/p>\n<\/li>\n<li data-start=\"2496\" data-end=\"2512\">\n<p data-start=\"2498\" data-end=\"2512\">Parabeeniton<\/p>\n<\/li>\n<li data-start=\"2513\" data-end=\"2529\">\n<p data-start=\"2515\" data-end=\"2529\">Cruelty free<\/p>\n<\/li>\n<li data-start=\"2530\" data-end=\"2575\">\n<p data-start=\"2532\" data-end=\"2575\">Pakkaus sis\u00e4lt\u00e4\u00e4 50 % kierr\u00e4tetty\u00e4 muovia<\/p>\n<\/li>\n<li data-start=\"2576\" data-end=\"2600\">\n<p data-start=\"2578\" data-end=\"2600\">Valmistettu Suomessa<\/p>\n<\/li>\n<\/ul>\n<h2 data-start=\"2602\" data-end=\"2611\">K\u00e4ytt\u00f6<\/h2>\n<p data-start=\"2613\" data-end=\"2784\">Levit\u00e4 tasaisesti m\u00e4rkiin hiuksiin ja vaahdota hell\u00e4varaisesti hiuspohjaan. Huuhtele huolellisesti ja toista tarvittaessa. Kuivaa hiukset kevyesti pyyhkeell\u00e4 \u2013 \u00e4l\u00e4 hankaa.<\/p>","protected":false},"excerpt":{"rendered":"<p>Simply Natural Silver Shampoo on kosteuttava ja hoitava hopeashampoo vaaleille hiuksille ja pidennyshiuksille. Violettipigmentit neutraloivat tehokkaasti keltaisia ja l\u00e4mpimi\u00e4 s\u00e4vyj\u00e4 samalla kun kaura\u00f6ljy, ksylitol ja glyseriini kosteuttavat ja suojaavat hiuksia. Koostumus pit\u00e4\u00e4 sek\u00e4 oman hiuksen ett\u00e4 pidennykset kauniina ja kiilt\u00e4vin\u00e4. Vegaaninen ja Suomessa valmistettu.<\/p>","protected":false},"featured_media":47175,"comment_status":"open","ping_status":"closed","template":"","meta":{"_relevanssi_hide_post":"","_relevanssi_pin_for_all":"","_relevanssi_pin_keywords":"","_relevanssi_unpin_keywords":"","_relevanssi_related_keywords":"","_relevanssi_related_include_ids":"","_relevanssi_related_exclude_ids":"","_relevanssi_related_no_append":"","_relevanssi_related_not_related":"","_relevanssi_related_posts":"","_relevanssi_noindex_reason":""},"product_cat":[1767,2403],"product_tag":[],"class_list":["post-47170","product","type-product","status-publish","has-post-thumbnail","hentry","product_cat-hiustenpidennykset","product_cat-simply-natural-hoitotuotteet","tuotemerkki-simply-natural-hair-cosmetics"],"tuotemerkit":[{"term_id":143,"name":"Simply Natural Hair Cosmetics","slug":"simply-natural-hair-cosmetics","term_group":0,"term_taxonomy_id":143,"taxonomy":"tuotemerkki","description":"","parent":142,"count":10,"filter":"raw"}],"acf":[],"yoast_head":"<!-- This site is optimized with the Yoast SEO plugin v23.3 - https:\/\/yoast.com\/wordpress\/plugins\/seo\/ -->\n<title>Hopeashampoo pidennyshiuksille ja vaaleille hiuksille<\/title>\n<meta name=\"description\" content=\"Hoitava hopeashampoo pidennyshiuksille ja vaaleille hiuksille. Neutraloi keltaisuutta, suojaa v\u00e4ri\u00e4 ja valmistettu Suomessa.\" \/>\n<meta name=\"robots\" content=\"index, follow, max-snippet:-1, max-image-preview:large, max-video-preview:-1\" \/>\n<link rel=\"canonical\" href=\"https:\/\/kinnunen.fi\/en\/product\/sn-silver-shampoo-1000-ml\/\" \/>\n<meta property=\"og:locale\" content=\"en_GB\" \/>\n<meta property=\"og:type\" content=\"article\" \/>\n<meta property=\"og:title\" content=\"Hopeashampoo pidennyshiuksille ja vaaleille hiuksille\" \/>\n<meta property=\"og:description\" content=\"Hoitava hopeashampoo pidennyshiuksille ja vaaleille hiuksille. Neutraloi keltaisuutta, suojaa v\u00e4ri\u00e4 ja valmistettu Suomessa.\" \/>\n<meta property=\"og:url\" content=\"https:\/\/kinnunen.fi\/en\/product\/sn-silver-shampoo-1000-ml\/\" \/>\n<meta property=\"og:site_name\" content=\"Kinnunen\" \/>\n<meta property=\"article:modified_time\" content=\"2026-05-01T01:00:35+00:00\" \/>\n<meta property=\"og:image\" content=\"https:\/\/kinnunen.fi\/wp-content\/uploads\/2026\/02\/SN-Silver-Shampoo-For-Hair-Extensions-1000ml-SNA1072.jpg\" \/>\n\t<meta property=\"og:image:width\" content=\"1000\" \/>\n\t<meta property=\"og:image:height\" content=\"1000\" \/>\n\t<meta property=\"og:image:type\" content=\"image\/jpeg\" \/>\n<meta name=\"twitter:card\" content=\"summary_large_image\" \/>\n<meta name=\"twitter:label1\" content=\"Estimated reading time\" \/>\n\t<meta name=\"twitter:data1\" content=\"1 minute\" \/>\n<script type=\"application\/ld+json\" class=\"yoast-schema-graph\">{\"@context\":\"https:\/\/schema.org\",\"@graph\":[{\"@type\":\"WebPage\",\"@id\":\"https:\/\/kinnunen.fi\/tuote\/sn-silver-shampoo-1000-ml\/\",\"url\":\"https:\/\/kinnunen.fi\/tuote\/sn-silver-shampoo-1000-ml\/\",\"name\":\"Hopeashampoo pidennyshiuksille ja vaaleille hiuksille\",\"isPartOf\":{\"@id\":\"https:\/\/kinnunen.fi\/#website\"},\"primaryImageOfPage\":{\"@id\":\"https:\/\/kinnunen.fi\/tuote\/sn-silver-shampoo-1000-ml\/#primaryimage\"},\"image\":{\"@id\":\"https:\/\/kinnunen.fi\/tuote\/sn-silver-shampoo-1000-ml\/#primaryimage\"},\"thumbnailUrl\":\"https:\/\/kinnunen.fi\/wp-content\/uploads\/2026\/02\/SN-Silver-Shampoo-For-Hair-Extensions-1000ml-SNA1072.jpg\",\"datePublished\":\"2026-02-16T08:44:58+00:00\",\"dateModified\":\"2026-05-01T01:00:35+00:00\",\"description\":\"Hoitava hopeashampoo pidennyshiuksille ja vaaleille hiuksille. Neutraloi keltaisuutta, suojaa v\u00e4ri\u00e4 ja valmistettu Suomessa.\",\"breadcrumb\":{\"@id\":\"https:\/\/kinnunen.fi\/tuote\/sn-silver-shampoo-1000-ml\/#breadcrumb\"},\"inLanguage\":\"en-GB\",\"potentialAction\":[{\"@type\":\"ReadAction\",\"target\":[\"https:\/\/kinnunen.fi\/tuote\/sn-silver-shampoo-1000-ml\/\"]}]},{\"@type\":\"ImageObject\",\"inLanguage\":\"en-GB\",\"@id\":\"https:\/\/kinnunen.fi\/tuote\/sn-silver-shampoo-1000-ml\/#primaryimage\",\"url\":\"https:\/\/kinnunen.fi\/wp-content\/uploads\/2026\/02\/SN-Silver-Shampoo-For-Hair-Extensions-1000ml-SNA1072.jpg\",\"contentUrl\":\"https:\/\/kinnunen.fi\/wp-content\/uploads\/2026\/02\/SN-Silver-Shampoo-For-Hair-Extensions-1000ml-SNA1072.jpg\",\"width\":1000,\"height\":1000},{\"@type\":\"BreadcrumbList\",\"@id\":\"https:\/\/kinnunen.fi\/tuote\/sn-silver-shampoo-1000-ml\/#breadcrumb\",\"itemListElement\":[{\"@type\":\"ListItem\",\"position\":1,\"name\":\"Etusivu\",\"item\":\"https:\/\/kinnunen.fi\/\"},{\"@type\":\"ListItem\",\"position\":2,\"name\":\"Kaikki tuotteet\",\"item\":\"https:\/\/kinnunen.fi\/kauppa\/\"},{\"@type\":\"ListItem\",\"position\":3,\"name\":\"Hiustenpidennykset\",\"item\":\"https:\/\/kinnunen.fi\/tuote-osasto\/hiustenpidennykset\/\"},{\"@type\":\"ListItem\",\"position\":4,\"name\":\"SN Silver Shampoo 1000 ml\"}]},{\"@type\":\"WebSite\",\"@id\":\"https:\/\/kinnunen.fi\/#website\",\"url\":\"https:\/\/kinnunen.fi\/\",\"name\":\"Kinnunen\",\"description\":\"\",\"potentialAction\":[{\"@type\":\"SearchAction\",\"target\":{\"@type\":\"EntryPoint\",\"urlTemplate\":\"https:\/\/kinnunen.fi\/?s={search_term_string}\"},\"query-input\":\"required name=search_term_string\"}],\"inLanguage\":\"en-GB\"}]}<\/script>\n<!-- \/ Yoast SEO plugin. -->","yoast_head_json":{"title":"Hopeashampoo pidennyshiuksille ja vaaleille hiuksille","description":"Hoitava hopeashampoo pidennyshiuksille ja vaaleille hiuksille. Neutraloi keltaisuutta, suojaa v\u00e4ri\u00e4 ja valmistettu Suomessa.","robots":{"index":"index","follow":"follow","max-snippet":"max-snippet:-1","max-image-preview":"max-image-preview:large","max-video-preview":"max-video-preview:-1"},"canonical":"https:\/\/kinnunen.fi\/en\/product\/sn-silver-shampoo-1000-ml\/","og_locale":"en_GB","og_type":"article","og_title":"Hopeashampoo pidennyshiuksille ja vaaleille hiuksille","og_description":"Hoitava hopeashampoo pidennyshiuksille ja vaaleille hiuksille. Neutraloi keltaisuutta, suojaa v\u00e4ri\u00e4 ja valmistettu Suomessa.","og_url":"https:\/\/kinnunen.fi\/en\/product\/sn-silver-shampoo-1000-ml\/","og_site_name":"Kinnunen","article_modified_time":"2026-05-01T01:00:35+00:00","og_image":[{"width":1000,"height":1000,"url":"https:\/\/kinnunen.fi\/wp-content\/uploads\/2026\/02\/SN-Silver-Shampoo-For-Hair-Extensions-1000ml-SNA1072.jpg","type":"image\/jpeg"}],"twitter_card":"summary_large_image","twitter_misc":{"Estimated reading time":"1 minute"},"schema":{"@context":"https:\/\/schema.org","@graph":[{"@type":"WebPage","@id":"https:\/\/kinnunen.fi\/tuote\/sn-silver-shampoo-1000-ml\/","url":"https:\/\/kinnunen.fi\/tuote\/sn-silver-shampoo-1000-ml\/","name":"Hopeashampoo pidennyshiuksille ja vaaleille hiuksille","isPartOf":{"@id":"https:\/\/kinnunen.fi\/#website"},"primaryImageOfPage":{"@id":"https:\/\/kinnunen.fi\/tuote\/sn-silver-shampoo-1000-ml\/#primaryimage"},"image":{"@id":"https:\/\/kinnunen.fi\/tuote\/sn-silver-shampoo-1000-ml\/#primaryimage"},"thumbnailUrl":"https:\/\/kinnunen.fi\/wp-content\/uploads\/2026\/02\/SN-Silver-Shampoo-For-Hair-Extensions-1000ml-SNA1072.jpg","datePublished":"2026-02-16T08:44:58+00:00","dateModified":"2026-05-01T01:00:35+00:00","description":"Hoitava hopeashampoo pidennyshiuksille ja vaaleille hiuksille. Neutraloi keltaisuutta, suojaa v\u00e4ri\u00e4 ja valmistettu Suomessa.","breadcrumb":{"@id":"https:\/\/kinnunen.fi\/tuote\/sn-silver-shampoo-1000-ml\/#breadcrumb"},"inLanguage":"en-GB","potentialAction":[{"@type":"ReadAction","target":["https:\/\/kinnunen.fi\/tuote\/sn-silver-shampoo-1000-ml\/"]}]},{"@type":"ImageObject","inLanguage":"en-GB","@id":"https:\/\/kinnunen.fi\/tuote\/sn-silver-shampoo-1000-ml\/#primaryimage","url":"https:\/\/kinnunen.fi\/wp-content\/uploads\/2026\/02\/SN-Silver-Shampoo-For-Hair-Extensions-1000ml-SNA1072.jpg","contentUrl":"https:\/\/kinnunen.fi\/wp-content\/uploads\/2026\/02\/SN-Silver-Shampoo-For-Hair-Extensions-1000ml-SNA1072.jpg","width":1000,"height":1000},{"@type":"BreadcrumbList","@id":"https:\/\/kinnunen.fi\/tuote\/sn-silver-shampoo-1000-ml\/#breadcrumb","itemListElement":[{"@type":"ListItem","position":1,"name":"Etusivu","item":"https:\/\/kinnunen.fi\/"},{"@type":"ListItem","position":2,"name":"Kaikki tuotteet","item":"https:\/\/kinnunen.fi\/kauppa\/"},{"@type":"ListItem","position":3,"name":"Hiustenpidennykset","item":"https:\/\/kinnunen.fi\/tuote-osasto\/hiustenpidennykset\/"},{"@type":"ListItem","position":4,"name":"SN Silver Shampoo 1000 ml"}]},{"@type":"WebSite","@id":"https:\/\/kinnunen.fi\/#website","url":"https:\/\/kinnunen.fi\/","name":"Kinnunen","description":"","potentialAction":[{"@type":"SearchAction","target":{"@type":"EntryPoint","urlTemplate":"https:\/\/kinnunen.fi\/?s={search_term_string}"},"query-input":"required name=search_term_string"}],"inLanguage":"en-GB"}]}},"_links":{"self":[{"href":"https:\/\/kinnunen.fi\/en\/wp-json\/wp\/v2\/product\/47170"}],"collection":[{"href":"https:\/\/kinnunen.fi\/en\/wp-json\/wp\/v2\/product"}],"about":[{"href":"https:\/\/kinnunen.fi\/en\/wp-json\/wp\/v2\/types\/product"}],"replies":[{"embeddable":true,"href":"https:\/\/kinnunen.fi\/en\/wp-json\/wp\/v2\/comments?post=47170"}],"wp:featuredmedia":[{"embeddable":true,"href":"https:\/\/kinnunen.fi\/en\/wp-json\/wp\/v2\/media\/47175"}],"wp:attachment":[{"href":"https:\/\/kinnunen.fi\/en\/wp-json\/wp\/v2\/media?parent=47170"}],"wp:term":[{"taxonomy":"product_cat","embeddable":true,"href":"https:\/\/kinnunen.fi\/en\/wp-json\/wp\/v2\/product_cat?post=47170"},{"taxonomy":"product_tag","embeddable":true,"href":"https:\/\/kinnunen.fi\/en\/wp-json\/wp\/v2\/product_tag?post=47170"}],"curies":[{"name":"wp","href":"https:\/\/api.w.org\/{rel}","templated":true}]}}