

{"id":47200,"date":"2026-02-16T14:17:05","date_gmt":"2026-02-16T12:17:05","guid":{"rendered":"https:\/\/kinnunen.fi\/?post_type=product&#038;p=47200"},"modified":"2026-04-12T04:00:11","modified_gmt":"2026-04-12T01:00:11","slug":"1922-matte-measure-100-ml","status":"publish","type":"product","link":"https:\/\/kinnunen.fi\/en\/product\/1922-matte-measure-100-ml\/","title":{"rendered":"1922 Matte Measure, 100 ml"},"content":{"rendered":"<p data-start=\"736\" data-end=\"952\">1922 By J.M. Keune Matte Measure on monipuolinen mattavaha, joka tarjoaa keskivahvan pidon ja mattapintaisen lopputuloksen. Se on suunniteltu luomaan tekstuuria ja rakennetta ilman j\u00e4ykk\u00e4\u00e4 tai raskasta tunnetta.<\/p>\n<p data-start=\"954\" data-end=\"1035\">T\u00e4ydellinen valinta miehelle, joka haluaa luonnollisen, mutta hallitun kampauksen.<\/p>\n<p data-start=\"1037\" data-end=\"1062\"><strong data-start=\"1037\" data-end=\"1062\">Pito 2\/3 \u2013 Kiilto 1\/3<\/strong><\/p>\n<h2 data-start=\"1064\" data-end=\"1109\">Rakennetta ja hallittavuutta ilman kiiltoa<\/h2>\n<p data-start=\"1111\" data-end=\"1131\">Matte Measure antaa:<\/p>\n<ul data-start=\"1133\" data-end=\"1284\">\n<li data-start=\"1133\" data-end=\"1165\">\n<p data-start=\"1135\" data-end=\"1165\">Keskivahvan, joustavan pidon<\/p>\n<\/li>\n<li data-start=\"1166\" data-end=\"1200\">\n<p data-start=\"1168\" data-end=\"1200\">Luonnollisen mattaviimeistelyn<\/p>\n<\/li>\n<li data-start=\"1201\" data-end=\"1241\">\n<p data-start=\"1203\" data-end=\"1241\">Selke\u00e4\u00e4 tekstuuria ja erottelevuutta<\/p>\n<\/li>\n<li data-start=\"1242\" data-end=\"1284\">\n<p data-start=\"1244\" data-end=\"1284\">Uudelleenmuotoiltavuutta p\u00e4iv\u00e4n aikana<\/p>\n<\/li>\n<\/ul>\n<p data-start=\"1286\" data-end=\"1363\">Hiukset pysyv\u00e4t ryhdikk\u00e4in\u00e4 ilman, ett\u00e4 ne n\u00e4ytt\u00e4v\u00e4t rasvaisilta tai kovalta.<\/p>\n<h2 data-start=\"1365\" data-end=\"1397\">Monipuolinen mattavaha<\/h2>\n<p data-start=\"1399\" data-end=\"1417\">Sopii erityisesti:<\/p>\n<ul data-start=\"1419\" data-end=\"1600\">\n<li data-start=\"1419\" data-end=\"1464\">\n<p data-start=\"1421\" data-end=\"1464\">Rennon huolettomiin -tyyleihin<\/p>\n<\/li>\n<li data-start=\"1465\" data-end=\"1512\">\n<p data-start=\"1467\" data-end=\"1512\">Strukturoidumpiin ja tarkempiin kampauksiin<\/p>\n<\/li>\n<li data-start=\"1513\" data-end=\"1551\">\n<p data-start=\"1515\" data-end=\"1551\">Lyhyisiin ja keskipitkiin hiuksiin<\/p>\n<\/li>\n<li data-start=\"1552\" data-end=\"1600\">\n<p data-start=\"1554\" data-end=\"1600\">Ohuemmille hiuksille, jotka kaipaavat ryhti\u00e4<\/p>\n<\/li>\n<\/ul>\n<p data-start=\"1602\" data-end=\"1680\">Tuote tuo hiuksiin el\u00e4vyytt\u00e4 ja persoonallisuutta ilman latistavaa vaikutusta.<\/p>\n<h2 data-start=\"1682\" data-end=\"1719\">Ammattik\u00e4ytt\u00f6\u00f6n ja j\u00e4lleenmyyntiin<\/h2>\n<ul data-start=\"1721\" data-end=\"1920\">\n<li data-start=\"1721\" data-end=\"1771\">\n<p data-start=\"1723\" data-end=\"1771\">Helppo k\u00e4ytt\u00e4\u00e4 parturi- ja kampaamopalveluissa<\/p>\n<\/li>\n<li data-start=\"1772\" data-end=\"1832\">\n<p data-start=\"1774\" data-end=\"1832\">Sopii viimeistelyyn ja rakennetta vaativiin leikkauksiin<\/p>\n<\/li>\n<li data-start=\"1833\" data-end=\"1920\">\n<p data-start=\"1835\" data-end=\"1920\">Erinomainen j\u00e4lleenmyyntituote miehille, jotka arvostavat luonnollista lopputulosta<\/p>\n<\/li>\n<\/ul>\n<p data-start=\"1922\" data-end=\"2083\">1922 By J.M. Keune -sarja yhdist\u00e4\u00e4 klassisen miestenhoidon ja modernin muotoiluteknologian. Matte Measure on luotettava valinta arkeen ja viimeisteltyyn tyyliin.<\/p>\n<h2 data-start=\"2085\" data-end=\"2094\">K\u00e4ytt\u00f6<\/h2>\n<p data-start=\"2096\" data-end=\"2250\">Ty\u00f6st\u00e4 pieni m\u00e4\u00e4r\u00e4 tuotetta kuiviin tai pyyhekuiviin hiuksiin. Muotoile haluttuun tyyliin. Lis\u00e4\u00e4 tarvittaessa rakennetta tai vahvista pitoa kerrostamalla<\/p>","protected":false},"excerpt":{"rendered":"<p data-start=\"415\" data-end=\"648\">1922 By J.M. Keune Matte Measure on monik\u00e4ytt\u00f6inen muotoiluvoide, joka tarjoaa keskivahvan pidon ja luonnollisen mattapinnan. Se sopii erityisesti tekstuurin luomiseen ja helposti muotoiltaviin, rennon huoliteltuihin kampauksiin.<\/p>\n<p data-start=\"650\" data-end=\"671\">Pito 2\/3 | Kiilto 1\/3<\/p>","protected":false},"featured_media":44240,"comment_status":"open","ping_status":"closed","template":"","meta":{"_relevanssi_hide_post":"","_relevanssi_pin_for_all":"","_relevanssi_pin_keywords":"","_relevanssi_unpin_keywords":"","_relevanssi_related_keywords":"","_relevanssi_related_include_ids":"","_relevanssi_related_exclude_ids":"","_relevanssi_related_no_append":"","_relevanssi_related_not_related":"","_relevanssi_related_posts":"","_relevanssi_noindex_reason":""},"product_cat":[1727,1732,1759],"product_tag":[],"class_list":["post-47200","product","type-product","status-publish","has-post-thumbnail","hentry","product_cat-hiuskosmetiikka","product_cat-muotoilu-ja-viimeistelytuotteet","product_cat-1922-by-j-m-keune-color-muotoilu-ja-viimeistelytuotteet","tuotemerkki-1922-by-j-m-keune","tuotemerkki-keune-haircosmetics"],"tuotemerkit":[{"term_id":128,"name":"1922 by J.M. Keune","slug":"1922-by-j-m-keune","term_group":0,"term_taxonomy_id":128,"taxonomy":"tuotemerkki","description":"","parent":25,"count":29,"filter":"raw"},{"term_id":25,"name":"Keune Haircosmetics","slug":"keune-haircosmetics","term_group":0,"term_taxonomy_id":25,"taxonomy":"tuotemerkki","description":"","parent":0,"count":277,"filter":"raw"}],"acf":[],"yoast_head":"<!-- This site is optimized with the Yoast SEO plugin v23.3 - https:\/\/yoast.com\/wordpress\/plugins\/seo\/ -->\n<title>Mattavaha keskivahvalla pidolla | 1922 By J.M. Keune<\/title>\n<meta name=\"description\" content=\"Mattavaha miehille keskivahvalla pidolla. 1922 By J.M. Keune Matte Measure antaa tekstuuria ja luonnollisen mattapinnan.\" \/>\n<meta name=\"robots\" content=\"index, follow, max-snippet:-1, max-image-preview:large, max-video-preview:-1\" \/>\n<link rel=\"canonical\" href=\"https:\/\/kinnunen.fi\/en\/product\/1922-matte-measure-100-ml\/\" \/>\n<meta property=\"og:locale\" content=\"en_GB\" \/>\n<meta property=\"og:type\" content=\"article\" \/>\n<meta property=\"og:title\" content=\"Mattavaha keskivahvalla pidolla | 1922 By J.M. Keune\" \/>\n<meta property=\"og:description\" content=\"Mattavaha miehille keskivahvalla pidolla. 1922 By J.M. Keune Matte Measure antaa tekstuuria ja luonnollisen mattapinnan.\" \/>\n<meta property=\"og:url\" content=\"https:\/\/kinnunen.fi\/en\/product\/1922-matte-measure-100-ml\/\" \/>\n<meta property=\"og:site_name\" content=\"Kinnunen\" \/>\n<meta property=\"article:modified_time\" content=\"2026-04-12T01:00:11+00:00\" \/>\n<meta property=\"og:image\" content=\"https:\/\/kinnunen.fi\/wp-content\/uploads\/2025\/05\/21853-Keune-1922-Matte-Measure-100ml-e1747376446681.jpg\" \/>\n\t<meta property=\"og:image:width\" content=\"660\" \/>\n\t<meta property=\"og:image:height\" content=\"660\" \/>\n\t<meta property=\"og:image:type\" content=\"image\/jpeg\" \/>\n<meta name=\"twitter:card\" content=\"summary_large_image\" \/>\n<meta name=\"twitter:label1\" content=\"Estimated reading time\" \/>\n\t<meta name=\"twitter:data1\" content=\"1 minute\" \/>\n<script type=\"application\/ld+json\" class=\"yoast-schema-graph\">{\"@context\":\"https:\/\/schema.org\",\"@graph\":[{\"@type\":\"WebPage\",\"@id\":\"https:\/\/kinnunen.fi\/tuote\/1922-matte-measure-100-ml\/\",\"url\":\"https:\/\/kinnunen.fi\/tuote\/1922-matte-measure-100-ml\/\",\"name\":\"Mattavaha keskivahvalla pidolla | 1922 By J.M. Keune\",\"isPartOf\":{\"@id\":\"https:\/\/kinnunen.fi\/#website\"},\"primaryImageOfPage\":{\"@id\":\"https:\/\/kinnunen.fi\/tuote\/1922-matte-measure-100-ml\/#primaryimage\"},\"image\":{\"@id\":\"https:\/\/kinnunen.fi\/tuote\/1922-matte-measure-100-ml\/#primaryimage\"},\"thumbnailUrl\":\"https:\/\/kinnunen.fi\/wp-content\/uploads\/2025\/05\/21853-Keune-1922-Matte-Measure-100ml-e1747376446681.jpg\",\"datePublished\":\"2026-02-16T12:17:05+00:00\",\"dateModified\":\"2026-04-12T01:00:11+00:00\",\"description\":\"Mattavaha miehille keskivahvalla pidolla. 1922 By J.M. Keune Matte Measure antaa tekstuuria ja luonnollisen mattapinnan.\",\"breadcrumb\":{\"@id\":\"https:\/\/kinnunen.fi\/tuote\/1922-matte-measure-100-ml\/#breadcrumb\"},\"inLanguage\":\"en-GB\",\"potentialAction\":[{\"@type\":\"ReadAction\",\"target\":[\"https:\/\/kinnunen.fi\/tuote\/1922-matte-measure-100-ml\/\"]}]},{\"@type\":\"ImageObject\",\"inLanguage\":\"en-GB\",\"@id\":\"https:\/\/kinnunen.fi\/tuote\/1922-matte-measure-100-ml\/#primaryimage\",\"url\":\"https:\/\/kinnunen.fi\/wp-content\/uploads\/2025\/05\/21853-Keune-1922-Matte-Measure-100ml-e1747376446681.jpg\",\"contentUrl\":\"https:\/\/kinnunen.fi\/wp-content\/uploads\/2025\/05\/21853-Keune-1922-Matte-Measure-100ml-e1747376446681.jpg\",\"width\":660,\"height\":660,\"caption\":\"Keune 1922 Matte Measure 100ml vahapurkki.\"},{\"@type\":\"BreadcrumbList\",\"@id\":\"https:\/\/kinnunen.fi\/tuote\/1922-matte-measure-100-ml\/#breadcrumb\",\"itemListElement\":[{\"@type\":\"ListItem\",\"position\":1,\"name\":\"Etusivu\",\"item\":\"https:\/\/kinnunen.fi\/\"},{\"@type\":\"ListItem\",\"position\":2,\"name\":\"Kaikki tuotteet\",\"item\":\"https:\/\/kinnunen.fi\/kauppa\/\"},{\"@type\":\"ListItem\",\"position\":3,\"name\":\"Hiuskosmetiikka\",\"item\":\"https:\/\/kinnunen.fi\/tuote-osasto\/hiuskosmetiikka\/\"},{\"@type\":\"ListItem\",\"position\":4,\"name\":\"1922 Matte Measure, 100 ml\"}]},{\"@type\":\"WebSite\",\"@id\":\"https:\/\/kinnunen.fi\/#website\",\"url\":\"https:\/\/kinnunen.fi\/\",\"name\":\"Kinnunen\",\"description\":\"\",\"potentialAction\":[{\"@type\":\"SearchAction\",\"target\":{\"@type\":\"EntryPoint\",\"urlTemplate\":\"https:\/\/kinnunen.fi\/?s={search_term_string}\"},\"query-input\":\"required name=search_term_string\"}],\"inLanguage\":\"en-GB\"}]}<\/script>\n<!-- \/ Yoast SEO plugin. -->","yoast_head_json":{"title":"Mattavaha keskivahvalla pidolla | 1922 By J.M. Keune","description":"Mattavaha miehille keskivahvalla pidolla. 1922 By J.M. Keune Matte Measure antaa tekstuuria ja luonnollisen mattapinnan.","robots":{"index":"index","follow":"follow","max-snippet":"max-snippet:-1","max-image-preview":"max-image-preview:large","max-video-preview":"max-video-preview:-1"},"canonical":"https:\/\/kinnunen.fi\/en\/product\/1922-matte-measure-100-ml\/","og_locale":"en_GB","og_type":"article","og_title":"Mattavaha keskivahvalla pidolla | 1922 By J.M. Keune","og_description":"Mattavaha miehille keskivahvalla pidolla. 1922 By J.M. Keune Matte Measure antaa tekstuuria ja luonnollisen mattapinnan.","og_url":"https:\/\/kinnunen.fi\/en\/product\/1922-matte-measure-100-ml\/","og_site_name":"Kinnunen","article_modified_time":"2026-04-12T01:00:11+00:00","og_image":[{"width":660,"height":660,"url":"https:\/\/kinnunen.fi\/wp-content\/uploads\/2025\/05\/21853-Keune-1922-Matte-Measure-100ml-e1747376446681.jpg","type":"image\/jpeg"}],"twitter_card":"summary_large_image","twitter_misc":{"Estimated reading time":"1 minute"},"schema":{"@context":"https:\/\/schema.org","@graph":[{"@type":"WebPage","@id":"https:\/\/kinnunen.fi\/tuote\/1922-matte-measure-100-ml\/","url":"https:\/\/kinnunen.fi\/tuote\/1922-matte-measure-100-ml\/","name":"Mattavaha keskivahvalla pidolla | 1922 By J.M. Keune","isPartOf":{"@id":"https:\/\/kinnunen.fi\/#website"},"primaryImageOfPage":{"@id":"https:\/\/kinnunen.fi\/tuote\/1922-matte-measure-100-ml\/#primaryimage"},"image":{"@id":"https:\/\/kinnunen.fi\/tuote\/1922-matte-measure-100-ml\/#primaryimage"},"thumbnailUrl":"https:\/\/kinnunen.fi\/wp-content\/uploads\/2025\/05\/21853-Keune-1922-Matte-Measure-100ml-e1747376446681.jpg","datePublished":"2026-02-16T12:17:05+00:00","dateModified":"2026-04-12T01:00:11+00:00","description":"Mattavaha miehille keskivahvalla pidolla. 1922 By J.M. Keune Matte Measure antaa tekstuuria ja luonnollisen mattapinnan.","breadcrumb":{"@id":"https:\/\/kinnunen.fi\/tuote\/1922-matte-measure-100-ml\/#breadcrumb"},"inLanguage":"en-GB","potentialAction":[{"@type":"ReadAction","target":["https:\/\/kinnunen.fi\/tuote\/1922-matte-measure-100-ml\/"]}]},{"@type":"ImageObject","inLanguage":"en-GB","@id":"https:\/\/kinnunen.fi\/tuote\/1922-matte-measure-100-ml\/#primaryimage","url":"https:\/\/kinnunen.fi\/wp-content\/uploads\/2025\/05\/21853-Keune-1922-Matte-Measure-100ml-e1747376446681.jpg","contentUrl":"https:\/\/kinnunen.fi\/wp-content\/uploads\/2025\/05\/21853-Keune-1922-Matte-Measure-100ml-e1747376446681.jpg","width":660,"height":660,"caption":"Keune 1922 Matte Measure 100ml vahapurkki."},{"@type":"BreadcrumbList","@id":"https:\/\/kinnunen.fi\/tuote\/1922-matte-measure-100-ml\/#breadcrumb","itemListElement":[{"@type":"ListItem","position":1,"name":"Etusivu","item":"https:\/\/kinnunen.fi\/"},{"@type":"ListItem","position":2,"name":"Kaikki tuotteet","item":"https:\/\/kinnunen.fi\/kauppa\/"},{"@type":"ListItem","position":3,"name":"Hiuskosmetiikka","item":"https:\/\/kinnunen.fi\/tuote-osasto\/hiuskosmetiikka\/"},{"@type":"ListItem","position":4,"name":"1922 Matte Measure, 100 ml"}]},{"@type":"WebSite","@id":"https:\/\/kinnunen.fi\/#website","url":"https:\/\/kinnunen.fi\/","name":"Kinnunen","description":"","potentialAction":[{"@type":"SearchAction","target":{"@type":"EntryPoint","urlTemplate":"https:\/\/kinnunen.fi\/?s={search_term_string}"},"query-input":"required name=search_term_string"}],"inLanguage":"en-GB"}]}},"_links":{"self":[{"href":"https:\/\/kinnunen.fi\/en\/wp-json\/wp\/v2\/product\/47200"}],"collection":[{"href":"https:\/\/kinnunen.fi\/en\/wp-json\/wp\/v2\/product"}],"about":[{"href":"https:\/\/kinnunen.fi\/en\/wp-json\/wp\/v2\/types\/product"}],"replies":[{"embeddable":true,"href":"https:\/\/kinnunen.fi\/en\/wp-json\/wp\/v2\/comments?post=47200"}],"wp:featuredmedia":[{"embeddable":true,"href":"https:\/\/kinnunen.fi\/en\/wp-json\/wp\/v2\/media\/44240"}],"wp:attachment":[{"href":"https:\/\/kinnunen.fi\/en\/wp-json\/wp\/v2\/media?parent=47200"}],"wp:term":[{"taxonomy":"product_cat","embeddable":true,"href":"https:\/\/kinnunen.fi\/en\/wp-json\/wp\/v2\/product_cat?post=47200"},{"taxonomy":"product_tag","embeddable":true,"href":"https:\/\/kinnunen.fi\/en\/wp-json\/wp\/v2\/product_tag?post=47200"}],"curies":[{"name":"wp","href":"https:\/\/api.w.org\/{rel}","templated":true}]}}