

{"id":47201,"date":"2026-02-16T14:19:29","date_gmt":"2026-02-16T12:19:29","guid":{"rendered":"https:\/\/kinnunen.fi\/?post_type=product&#038;p=47201"},"modified":"2026-04-12T04:00:11","modified_gmt":"2026-04-12T01:00:11","slug":"1922-beard-balm-100-ml","status":"publish","type":"product","link":"https:\/\/kinnunen.fi\/en\/product\/1922-beard-balm-100-ml\/","title":{"rendered":"1922 Beard Balm, 100 ml"},"content":{"rendered":"<p data-start=\"764\" data-end=\"961\">1922 By J.M. Keune Beard Balm on ylellinen ja hoitava partabalsami, joka yhdist\u00e4\u00e4 muotoilun ja syv\u00e4kosteutuksen. Se antaa kevyen pidon ja luonnollisen, siistin lopputuloksen ilman j\u00e4ykk\u00e4\u00e4 tunnetta.<\/p>\n<p data-start=\"963\" data-end=\"1076\">Tuote sopii t\u00e4ydellisesti p\u00e4ivitt\u00e4iseen k\u00e4ytt\u00f6\u00f6n sek\u00e4 parturin viimeistelytuotteeksi ett\u00e4 asiakkaan kotik\u00e4ytt\u00f6\u00f6n.<\/p>\n<p data-start=\"1078\" data-end=\"1103\"><strong data-start=\"1078\" data-end=\"1103\">Pito 2\/3 \u2013 Kiilto 2\/3<\/strong><\/p>\n<h2 data-start=\"1105\" data-end=\"1146\">Muotoilua ja hoitoa samassa tuotteessa<\/h2>\n<p data-start=\"1148\" data-end=\"1186\">Balsamin ravitseva koostumus sis\u00e4lt\u00e4\u00e4:<\/p>\n<ul data-start=\"1188\" data-end=\"1496\">\n<li data-start=\"1188\" data-end=\"1231\">\n<p data-start=\"1190\" data-end=\"1231\"><strong data-start=\"1190\" data-end=\"1203\">Sheavoita<\/strong> \u2013 kosteuttaa ja pehment\u00e4\u00e4<\/p>\n<\/li>\n<li data-start=\"1232\" data-end=\"1273\">\n<p data-start=\"1234\" data-end=\"1273\"><strong data-start=\"1234\" data-end=\"1250\">Manteli\u00f6ljy\u00e4<\/strong> \u2013 ravitsee ja hoitaa<\/p>\n<\/li>\n<li data-start=\"1274\" data-end=\"1324\">\n<p data-start=\"1276\" data-end=\"1324\"><strong data-start=\"1276\" data-end=\"1291\">Kookos\u00f6ljy\u00e4<\/strong> \u2013 auttaa ehk\u00e4isem\u00e4\u00e4n kuivuutta<\/p>\n<\/li>\n<li data-start=\"1325\" data-end=\"1371\">\n<p data-start=\"1327\" data-end=\"1371\"><strong data-start=\"1327\" data-end=\"1343\">Avokado\u00f6ljy\u00e4<\/strong> \u2013 tukee ihon hyvinvointia<\/p>\n<\/li>\n<li data-start=\"1372\" data-end=\"1436\">\n<p data-start=\"1374\" data-end=\"1436\"><strong data-start=\"1374\" data-end=\"1399\">Aprikoosinsiemen\u00f6ljy\u00e4<\/strong> \u2013 lis\u00e4\u00e4 sileytt\u00e4 ja hallittavuutta<\/p>\n<\/li>\n<li data-start=\"1437\" data-end=\"1496\">\n<p data-start=\"1439\" data-end=\"1496\"><strong data-start=\"1439\" data-end=\"1456\">Mehil\u00e4isvahaa<\/strong> \u2013 antaa luonnollisen, joustavan pidon<\/p>\n<\/li>\n<\/ul>\n<p data-start=\"1498\" data-end=\"1633\">Yhdess\u00e4 n\u00e4m\u00e4 ainesosat auttavat ehk\u00e4isem\u00e4\u00e4n kuivuutta, kutinaa ja karheutta sek\u00e4 tekev\u00e4t parrasta pehme\u00e4mm\u00e4n ja helpommin muotoiltavan.<\/p>\n<h2 data-start=\"1635\" data-end=\"1678\">Luonnollinen viimeistely ilman raskautta<\/h2>\n<p data-start=\"1680\" data-end=\"1697\">Beard Balm antaa:<\/p>\n<ul data-start=\"1699\" data-end=\"1835\">\n<li data-start=\"1699\" data-end=\"1726\">\n<p data-start=\"1701\" data-end=\"1726\">Kevyen, joustavan pidon<\/p>\n<\/li>\n<li data-start=\"1727\" data-end=\"1751\">\n<p data-start=\"1729\" data-end=\"1751\">Luonnollisen kiillon<\/p>\n<\/li>\n<li data-start=\"1752\" data-end=\"1792\">\n<p data-start=\"1754\" data-end=\"1792\">Siistin ja huolitellun lopputuloksen<\/p>\n<\/li>\n<li data-start=\"1793\" data-end=\"1835\">\n<p data-start=\"1795\" data-end=\"1835\">Kosteutetun ja hyvinvoivan ihotuntuman<\/p>\n<\/li>\n<\/ul>\n<p data-start=\"1837\" data-end=\"1934\">Sopii erityisesti keskipitk\u00e4lle ja pidemm\u00e4lle parralle, joka kaipaa hallittavuutta ja rakennetta.<\/p>\n<h2 data-start=\"1936\" data-end=\"1979\">Ammattilaisen valinta parturiliikkeeseen<\/h2>\n<ul data-start=\"1981\" data-end=\"2120\">\n<li data-start=\"1981\" data-end=\"2032\">\n<p data-start=\"1983\" data-end=\"2032\">Erinomainen viimeistelytuote parturipalveluihin<\/p>\n<\/li>\n<li data-start=\"2033\" data-end=\"2073\">\n<p data-start=\"2035\" data-end=\"2073\">Helppo suositella mukaan kotihoitoon<\/p>\n<\/li>\n<li data-start=\"2074\" data-end=\"2120\">\n<p data-start=\"2076\" data-end=\"2120\">Tukee laadukasta miesten grooming-rutiinia<\/p>\n<\/li>\n<\/ul>\n<p data-start=\"2122\" data-end=\"2272\">1922 By J.M. Keune -sarja yhdist\u00e4\u00e4 perinteisen miestenhoidon ja modernin suorituskyvyn \u2013 Beard Balm on t\u00e4ydellinen osa kokonaisvaltaista parranhoitoa.<\/p>\n<h2 data-start=\"2274\" data-end=\"2283\">K\u00e4ytt\u00f6<\/h2>\n<p data-start=\"2285\" data-end=\"2412\">Hiero pieni m\u00e4\u00e4r\u00e4 balsamia k\u00e4mmenten v\u00e4liss\u00e4 ja levit\u00e4 tasaisesti kuivaan tai pyyhekuivaan partaan. Muotoile haluttuun muotoon.<\/p>","protected":false},"excerpt":{"rendered":"<p data-start=\"392\" data-end=\"679\">1922 By J.M. Keune Beard Balm on ravitseva partabalsami, joka tarjoaa kevyen pidon ja luonnollisen viimeistelyn. Sheavoi, manteli\u00f6ljy, kookos\u00f6ljy, avokado\u00f6ljy ja aprikoosinsiemen\u00f6ljy kosteuttavat sek\u00e4 partakarvaa ett\u00e4 ihoa, kun taas mehil\u00e4isvaha antaa hallittavan, luonnollisen tuen.<\/p>\n<p data-start=\"681\" data-end=\"702\">Pito 2\/3 | Kiilto 2\/3<\/p>","protected":false},"featured_media":44242,"comment_status":"open","ping_status":"closed","template":"","meta":{"_relevanssi_hide_post":"","_relevanssi_pin_for_all":"","_relevanssi_pin_keywords":"","_relevanssi_unpin_keywords":"","_relevanssi_related_keywords":"","_relevanssi_related_include_ids":"","_relevanssi_related_exclude_ids":"","_relevanssi_related_no_append":"","_relevanssi_related_not_related":"","_relevanssi_related_posts":"","_relevanssi_noindex_reason":""},"product_cat":[1727,1760,1761],"product_tag":[],"class_list":["post-47201","product","type-product","status-publish","has-post-thumbnail","hentry","product_cat-hiuskosmetiikka","product_cat-parranhoitotuotteet","product_cat-1922-by-j-m-keune-color-parranhoitotuotteet","tuotemerkki-1922-by-j-m-keune","tuotemerkki-keune-haircosmetics"],"tuotemerkit":[{"term_id":128,"name":"1922 by J.M. Keune","slug":"1922-by-j-m-keune","term_group":0,"term_taxonomy_id":128,"taxonomy":"tuotemerkki","description":"","parent":25,"count":29,"filter":"raw"},{"term_id":25,"name":"Keune Haircosmetics","slug":"keune-haircosmetics","term_group":0,"term_taxonomy_id":25,"taxonomy":"tuotemerkki","description":"","parent":0,"count":277,"filter":"raw"}],"acf":[],"yoast_head":"<!-- This site is optimized with the Yoast SEO plugin v23.3 - https:\/\/yoast.com\/wordpress\/plugins\/seo\/ -->\n<title>Partavoide kevyell\u00e4 pidolla | 1922 By J.M. Keune Beard Balm<\/title>\n<meta name=\"description\" content=\"Ravitseva partabalsami kevyell\u00e4 pidolla. 1922 By J.M. Keune Beard Balm kosteuttaa, hoitaa ja viimeistelee parran luonnollisesti.\" \/>\n<meta name=\"robots\" content=\"index, follow, max-snippet:-1, max-image-preview:large, max-video-preview:-1\" \/>\n<link rel=\"canonical\" href=\"https:\/\/kinnunen.fi\/en\/product\/1922-beard-balm-100-ml\/\" \/>\n<meta property=\"og:locale\" content=\"en_GB\" \/>\n<meta property=\"og:type\" content=\"article\" \/>\n<meta property=\"og:title\" content=\"Partavoide kevyell\u00e4 pidolla | 1922 By J.M. Keune Beard Balm\" \/>\n<meta property=\"og:description\" content=\"Ravitseva partabalsami kevyell\u00e4 pidolla. 1922 By J.M. Keune Beard Balm kosteuttaa, hoitaa ja viimeistelee parran luonnollisesti.\" \/>\n<meta property=\"og:url\" content=\"https:\/\/kinnunen.fi\/en\/product\/1922-beard-balm-100-ml\/\" \/>\n<meta property=\"og:site_name\" content=\"Kinnunen\" \/>\n<meta property=\"article:modified_time\" content=\"2026-04-12T01:00:11+00:00\" \/>\n<meta property=\"og:image\" content=\"https:\/\/kinnunen.fi\/wp-content\/uploads\/2025\/05\/21852-Keune-1922-Beard-Balm-100ml-e1747376547718.jpg\" \/>\n\t<meta property=\"og:image:width\" content=\"660\" \/>\n\t<meta property=\"og:image:height\" content=\"660\" \/>\n\t<meta property=\"og:image:type\" content=\"image\/jpeg\" \/>\n<meta name=\"twitter:card\" content=\"summary_large_image\" \/>\n<meta name=\"twitter:label1\" content=\"Estimated reading time\" \/>\n\t<meta name=\"twitter:data1\" content=\"1 minute\" \/>\n<script type=\"application\/ld+json\" class=\"yoast-schema-graph\">{\"@context\":\"https:\/\/schema.org\",\"@graph\":[{\"@type\":\"WebPage\",\"@id\":\"https:\/\/kinnunen.fi\/tuote\/1922-beard-balm-100-ml\/\",\"url\":\"https:\/\/kinnunen.fi\/tuote\/1922-beard-balm-100-ml\/\",\"name\":\"Partavoide kevyell\u00e4 pidolla | 1922 By J.M. Keune Beard Balm\",\"isPartOf\":{\"@id\":\"https:\/\/kinnunen.fi\/#website\"},\"primaryImageOfPage\":{\"@id\":\"https:\/\/kinnunen.fi\/tuote\/1922-beard-balm-100-ml\/#primaryimage\"},\"image\":{\"@id\":\"https:\/\/kinnunen.fi\/tuote\/1922-beard-balm-100-ml\/#primaryimage\"},\"thumbnailUrl\":\"https:\/\/kinnunen.fi\/wp-content\/uploads\/2025\/05\/21852-Keune-1922-Beard-Balm-100ml-e1747376547718.jpg\",\"datePublished\":\"2026-02-16T12:19:29+00:00\",\"dateModified\":\"2026-04-12T01:00:11+00:00\",\"description\":\"Ravitseva partabalsami kevyell\u00e4 pidolla. 1922 By J.M. Keune Beard Balm kosteuttaa, hoitaa ja viimeistelee parran luonnollisesti.\",\"breadcrumb\":{\"@id\":\"https:\/\/kinnunen.fi\/tuote\/1922-beard-balm-100-ml\/#breadcrumb\"},\"inLanguage\":\"en-GB\",\"potentialAction\":[{\"@type\":\"ReadAction\",\"target\":[\"https:\/\/kinnunen.fi\/tuote\/1922-beard-balm-100-ml\/\"]}]},{\"@type\":\"ImageObject\",\"inLanguage\":\"en-GB\",\"@id\":\"https:\/\/kinnunen.fi\/tuote\/1922-beard-balm-100-ml\/#primaryimage\",\"url\":\"https:\/\/kinnunen.fi\/wp-content\/uploads\/2025\/05\/21852-Keune-1922-Beard-Balm-100ml-e1747376547718.jpg\",\"contentUrl\":\"https:\/\/kinnunen.fi\/wp-content\/uploads\/2025\/05\/21852-Keune-1922-Beard-Balm-100ml-e1747376547718.jpg\",\"width\":660,\"height\":660,\"caption\":\"Keune 1922 Beard Balm 100ml tuotekuva.\"},{\"@type\":\"BreadcrumbList\",\"@id\":\"https:\/\/kinnunen.fi\/tuote\/1922-beard-balm-100-ml\/#breadcrumb\",\"itemListElement\":[{\"@type\":\"ListItem\",\"position\":1,\"name\":\"Etusivu\",\"item\":\"https:\/\/kinnunen.fi\/\"},{\"@type\":\"ListItem\",\"position\":2,\"name\":\"Kaikki tuotteet\",\"item\":\"https:\/\/kinnunen.fi\/kauppa\/\"},{\"@type\":\"ListItem\",\"position\":3,\"name\":\"Hiuskosmetiikka\",\"item\":\"https:\/\/kinnunen.fi\/tuote-osasto\/hiuskosmetiikka\/\"},{\"@type\":\"ListItem\",\"position\":4,\"name\":\"Parranhoitotuotteet\",\"item\":\"https:\/\/kinnunen.fi\/tuote-osasto\/hiuskosmetiikka\/parranhoitotuotteet\/\"},{\"@type\":\"ListItem\",\"position\":5,\"name\":\"1922 Beard Balm, 100 ml\"}]},{\"@type\":\"WebSite\",\"@id\":\"https:\/\/kinnunen.fi\/#website\",\"url\":\"https:\/\/kinnunen.fi\/\",\"name\":\"Kinnunen\",\"description\":\"\",\"potentialAction\":[{\"@type\":\"SearchAction\",\"target\":{\"@type\":\"EntryPoint\",\"urlTemplate\":\"https:\/\/kinnunen.fi\/?s={search_term_string}\"},\"query-input\":\"required name=search_term_string\"}],\"inLanguage\":\"en-GB\"}]}<\/script>\n<!-- \/ Yoast SEO plugin. -->","yoast_head_json":{"title":"Partavoide kevyell\u00e4 pidolla | 1922 By J.M. Keune Beard Balm","description":"Ravitseva partabalsami kevyell\u00e4 pidolla. 1922 By J.M. Keune Beard Balm kosteuttaa, hoitaa ja viimeistelee parran luonnollisesti.","robots":{"index":"index","follow":"follow","max-snippet":"max-snippet:-1","max-image-preview":"max-image-preview:large","max-video-preview":"max-video-preview:-1"},"canonical":"https:\/\/kinnunen.fi\/en\/product\/1922-beard-balm-100-ml\/","og_locale":"en_GB","og_type":"article","og_title":"Partavoide kevyell\u00e4 pidolla | 1922 By J.M. Keune Beard Balm","og_description":"Ravitseva partabalsami kevyell\u00e4 pidolla. 1922 By J.M. Keune Beard Balm kosteuttaa, hoitaa ja viimeistelee parran luonnollisesti.","og_url":"https:\/\/kinnunen.fi\/en\/product\/1922-beard-balm-100-ml\/","og_site_name":"Kinnunen","article_modified_time":"2026-04-12T01:00:11+00:00","og_image":[{"width":660,"height":660,"url":"https:\/\/kinnunen.fi\/wp-content\/uploads\/2025\/05\/21852-Keune-1922-Beard-Balm-100ml-e1747376547718.jpg","type":"image\/jpeg"}],"twitter_card":"summary_large_image","twitter_misc":{"Estimated reading time":"1 minute"},"schema":{"@context":"https:\/\/schema.org","@graph":[{"@type":"WebPage","@id":"https:\/\/kinnunen.fi\/tuote\/1922-beard-balm-100-ml\/","url":"https:\/\/kinnunen.fi\/tuote\/1922-beard-balm-100-ml\/","name":"Partavoide kevyell\u00e4 pidolla | 1922 By J.M. Keune Beard Balm","isPartOf":{"@id":"https:\/\/kinnunen.fi\/#website"},"primaryImageOfPage":{"@id":"https:\/\/kinnunen.fi\/tuote\/1922-beard-balm-100-ml\/#primaryimage"},"image":{"@id":"https:\/\/kinnunen.fi\/tuote\/1922-beard-balm-100-ml\/#primaryimage"},"thumbnailUrl":"https:\/\/kinnunen.fi\/wp-content\/uploads\/2025\/05\/21852-Keune-1922-Beard-Balm-100ml-e1747376547718.jpg","datePublished":"2026-02-16T12:19:29+00:00","dateModified":"2026-04-12T01:00:11+00:00","description":"Ravitseva partabalsami kevyell\u00e4 pidolla. 1922 By J.M. Keune Beard Balm kosteuttaa, hoitaa ja viimeistelee parran luonnollisesti.","breadcrumb":{"@id":"https:\/\/kinnunen.fi\/tuote\/1922-beard-balm-100-ml\/#breadcrumb"},"inLanguage":"en-GB","potentialAction":[{"@type":"ReadAction","target":["https:\/\/kinnunen.fi\/tuote\/1922-beard-balm-100-ml\/"]}]},{"@type":"ImageObject","inLanguage":"en-GB","@id":"https:\/\/kinnunen.fi\/tuote\/1922-beard-balm-100-ml\/#primaryimage","url":"https:\/\/kinnunen.fi\/wp-content\/uploads\/2025\/05\/21852-Keune-1922-Beard-Balm-100ml-e1747376547718.jpg","contentUrl":"https:\/\/kinnunen.fi\/wp-content\/uploads\/2025\/05\/21852-Keune-1922-Beard-Balm-100ml-e1747376547718.jpg","width":660,"height":660,"caption":"Keune 1922 Beard Balm 100ml tuotekuva."},{"@type":"BreadcrumbList","@id":"https:\/\/kinnunen.fi\/tuote\/1922-beard-balm-100-ml\/#breadcrumb","itemListElement":[{"@type":"ListItem","position":1,"name":"Etusivu","item":"https:\/\/kinnunen.fi\/"},{"@type":"ListItem","position":2,"name":"Kaikki tuotteet","item":"https:\/\/kinnunen.fi\/kauppa\/"},{"@type":"ListItem","position":3,"name":"Hiuskosmetiikka","item":"https:\/\/kinnunen.fi\/tuote-osasto\/hiuskosmetiikka\/"},{"@type":"ListItem","position":4,"name":"Parranhoitotuotteet","item":"https:\/\/kinnunen.fi\/tuote-osasto\/hiuskosmetiikka\/parranhoitotuotteet\/"},{"@type":"ListItem","position":5,"name":"1922 Beard Balm, 100 ml"}]},{"@type":"WebSite","@id":"https:\/\/kinnunen.fi\/#website","url":"https:\/\/kinnunen.fi\/","name":"Kinnunen","description":"","potentialAction":[{"@type":"SearchAction","target":{"@type":"EntryPoint","urlTemplate":"https:\/\/kinnunen.fi\/?s={search_term_string}"},"query-input":"required name=search_term_string"}],"inLanguage":"en-GB"}]}},"_links":{"self":[{"href":"https:\/\/kinnunen.fi\/en\/wp-json\/wp\/v2\/product\/47201"}],"collection":[{"href":"https:\/\/kinnunen.fi\/en\/wp-json\/wp\/v2\/product"}],"about":[{"href":"https:\/\/kinnunen.fi\/en\/wp-json\/wp\/v2\/types\/product"}],"replies":[{"embeddable":true,"href":"https:\/\/kinnunen.fi\/en\/wp-json\/wp\/v2\/comments?post=47201"}],"wp:featuredmedia":[{"embeddable":true,"href":"https:\/\/kinnunen.fi\/en\/wp-json\/wp\/v2\/media\/44242"}],"wp:attachment":[{"href":"https:\/\/kinnunen.fi\/en\/wp-json\/wp\/v2\/media?parent=47201"}],"wp:term":[{"taxonomy":"product_cat","embeddable":true,"href":"https:\/\/kinnunen.fi\/en\/wp-json\/wp\/v2\/product_cat?post=47201"},{"taxonomy":"product_tag","embeddable":true,"href":"https:\/\/kinnunen.fi\/en\/wp-json\/wp\/v2\/product_tag?post=47201"}],"curies":[{"name":"wp","href":"https:\/\/api.w.org\/{rel}","templated":true}]}}