

{"id":47207,"date":"2026-02-17T09:43:22","date_gmt":"2026-02-17T07:43:22","guid":{"rendered":"https:\/\/kinnunen.fi\/?post_type=product&#038;p=47207"},"modified":"2026-04-18T04:00:24","modified_gmt":"2026-04-18T01:00:24","slug":"denman-classic-d4-muotoiluharja-9-riv-valkoinen","status":"publish","type":"product","link":"https:\/\/kinnunen.fi\/en\/product\/denman-classic-d4-muotoiluharja-9-riv-valkoinen\/","title":{"rendered":"Denman Classic D4 -muotoiluharja 9-riv. valkoinen"},"content":{"rendered":"","protected":false},"excerpt":{"rendered":"<p><span>Klassinen muotoiluharja py\u00f6ristetyill\u00e4 nylonpiikeill\u00e4 ja pehme\u00e4ll\u00e4, joustavalla kumipohjalla. T\u00e4ydellinen f\u00f6\u00f6naukseen ja muotoiluun, sek\u00e4 erityisesti kosteiden kiharoiden muotoiluun. Soveltuu kaikille hiusmitoille ja -tyypeille.<\/span><\/p>","protected":false},"featured_media":47210,"comment_status":"open","ping_status":"closed","template":"","meta":{"_relevanssi_hide_post":"","_relevanssi_pin_for_all":"","_relevanssi_pin_keywords":"","_relevanssi_unpin_keywords":"","_relevanssi_related_keywords":"","_relevanssi_related_include_ids":"","_relevanssi_related_exclude_ids":"","_relevanssi_related_no_append":"","_relevanssi_related_not_related":"","_relevanssi_related_posts":"","_relevanssi_noindex_reason":""},"product_cat":[1762,1790,1793,1792],"product_tag":[],"class_list":["post-47207","product","type-product","status-publish","has-post-thumbnail","hentry","product_cat-tarvikkeet","product_cat-harjat-ja-kammat","product_cat-foonausharjat","product_cat-selvitys-ja-aukikampausharjat","tuotemerkki-denman"],"tuotemerkit":[{"term_id":197,"name":"Denman","slug":"denman","term_group":0,"term_taxonomy_id":197,"taxonomy":"tuotemerkki","description":"","parent":0,"count":34,"filter":"raw"}],"acf":[],"yoast_head":"<!-- This site is optimized with the Yoast SEO plugin v23.3 - https:\/\/yoast.com\/wordpress\/plugins\/seo\/ -->\n<title>Denman Classic D4 -muotoiluharja 9-riv. valkoinen - Kinnunen<\/title>\n<meta name=\"robots\" content=\"index, follow, max-snippet:-1, max-image-preview:large, max-video-preview:-1\" \/>\n<link rel=\"canonical\" href=\"https:\/\/kinnunen.fi\/en\/product\/denman-classic-d4-muotoiluharja-9-riv-valkoinen\/\" \/>\n<meta property=\"og:locale\" content=\"en_GB\" \/>\n<meta property=\"og:type\" content=\"article\" \/>\n<meta property=\"og:title\" content=\"Denman Classic D4 -muotoiluharja 9-riv. valkoinen - Kinnunen\" \/>\n<meta property=\"og:description\" content=\"Klassinen muotoiluharja py\u00f6ristetyill\u00e4 nylonpiikeill\u00e4 ja pehme\u00e4ll\u00e4, joustavalla kumipohjalla. T\u00e4ydellinen f\u00f6\u00f6naukseen ja muotoiluun, sek\u00e4 erityisesti kosteiden kiharoiden muotoiluun. Soveltuu kaikille hiusmitoille ja -tyypeille.\" \/>\n<meta property=\"og:url\" content=\"https:\/\/kinnunen.fi\/en\/product\/denman-classic-d4-muotoiluharja-9-riv-valkoinen\/\" \/>\n<meta property=\"og:site_name\" content=\"Kinnunen\" \/>\n<meta property=\"article:modified_time\" content=\"2026-04-18T01:00:24+00:00\" \/>\n<meta property=\"og:image\" content=\"https:\/\/kinnunen.fi\/wp-content\/uploads\/2026\/02\/Denman-D4-balck-white-D4N.png\" \/>\n\t<meta property=\"og:image:width\" content=\"1000\" \/>\n\t<meta property=\"og:image:height\" content=\"1000\" \/>\n\t<meta property=\"og:image:type\" content=\"image\/png\" \/>\n<meta name=\"twitter:card\" content=\"summary_large_image\" \/>\n<script type=\"application\/ld+json\" class=\"yoast-schema-graph\">{\"@context\":\"https:\/\/schema.org\",\"@graph\":[{\"@type\":\"WebPage\",\"@id\":\"https:\/\/kinnunen.fi\/tuote\/denman-classic-d4-muotoiluharja-9-riv-valkoinen\/\",\"url\":\"https:\/\/kinnunen.fi\/tuote\/denman-classic-d4-muotoiluharja-9-riv-valkoinen\/\",\"name\":\"Denman Classic D4 -muotoiluharja 9-riv. valkoinen - Kinnunen\",\"isPartOf\":{\"@id\":\"https:\/\/kinnunen.fi\/#website\"},\"primaryImageOfPage\":{\"@id\":\"https:\/\/kinnunen.fi\/tuote\/denman-classic-d4-muotoiluharja-9-riv-valkoinen\/#primaryimage\"},\"image\":{\"@id\":\"https:\/\/kinnunen.fi\/tuote\/denman-classic-d4-muotoiluharja-9-riv-valkoinen\/#primaryimage\"},\"thumbnailUrl\":\"https:\/\/kinnunen.fi\/wp-content\/uploads\/2026\/02\/Denman-D4-balck-white-D4N.png\",\"datePublished\":\"2026-02-17T07:43:22+00:00\",\"dateModified\":\"2026-04-18T01:00:24+00:00\",\"breadcrumb\":{\"@id\":\"https:\/\/kinnunen.fi\/tuote\/denman-classic-d4-muotoiluharja-9-riv-valkoinen\/#breadcrumb\"},\"inLanguage\":\"en-GB\",\"potentialAction\":[{\"@type\":\"ReadAction\",\"target\":[\"https:\/\/kinnunen.fi\/tuote\/denman-classic-d4-muotoiluharja-9-riv-valkoinen\/\"]}]},{\"@type\":\"ImageObject\",\"inLanguage\":\"en-GB\",\"@id\":\"https:\/\/kinnunen.fi\/tuote\/denman-classic-d4-muotoiluharja-9-riv-valkoinen\/#primaryimage\",\"url\":\"https:\/\/kinnunen.fi\/wp-content\/uploads\/2026\/02\/Denman-D4-balck-white-D4N.png\",\"contentUrl\":\"https:\/\/kinnunen.fi\/wp-content\/uploads\/2026\/02\/Denman-D4-balck-white-D4N.png\",\"width\":1000,\"height\":1000},{\"@type\":\"BreadcrumbList\",\"@id\":\"https:\/\/kinnunen.fi\/tuote\/denman-classic-d4-muotoiluharja-9-riv-valkoinen\/#breadcrumb\",\"itemListElement\":[{\"@type\":\"ListItem\",\"position\":1,\"name\":\"Etusivu\",\"item\":\"https:\/\/kinnunen.fi\/\"},{\"@type\":\"ListItem\",\"position\":2,\"name\":\"Kaikki tuotteet\",\"item\":\"https:\/\/kinnunen.fi\/kauppa\/\"},{\"@type\":\"ListItem\",\"position\":3,\"name\":\"Tarvikkeet\",\"item\":\"https:\/\/kinnunen.fi\/tuote-osasto\/tarvikkeet\/\"},{\"@type\":\"ListItem\",\"position\":4,\"name\":\"Denman Classic D4 -muotoiluharja 9-riv. valkoinen\"}]},{\"@type\":\"WebSite\",\"@id\":\"https:\/\/kinnunen.fi\/#website\",\"url\":\"https:\/\/kinnunen.fi\/\",\"name\":\"Kinnunen\",\"description\":\"\",\"potentialAction\":[{\"@type\":\"SearchAction\",\"target\":{\"@type\":\"EntryPoint\",\"urlTemplate\":\"https:\/\/kinnunen.fi\/?s={search_term_string}\"},\"query-input\":\"required name=search_term_string\"}],\"inLanguage\":\"en-GB\"}]}<\/script>\n<!-- \/ Yoast SEO plugin. -->","yoast_head_json":{"title":"Denman Classic D4 -muotoiluharja 9-riv. valkoinen - Kinnunen","robots":{"index":"index","follow":"follow","max-snippet":"max-snippet:-1","max-image-preview":"max-image-preview:large","max-video-preview":"max-video-preview:-1"},"canonical":"https:\/\/kinnunen.fi\/en\/product\/denman-classic-d4-muotoiluharja-9-riv-valkoinen\/","og_locale":"en_GB","og_type":"article","og_title":"Denman Classic D4 -muotoiluharja 9-riv. valkoinen - Kinnunen","og_description":"Klassinen muotoiluharja py\u00f6ristetyill\u00e4 nylonpiikeill\u00e4 ja pehme\u00e4ll\u00e4, joustavalla kumipohjalla. T\u00e4ydellinen f\u00f6\u00f6naukseen ja muotoiluun, sek\u00e4 erityisesti kosteiden kiharoiden muotoiluun. Soveltuu kaikille hiusmitoille ja -tyypeille.","og_url":"https:\/\/kinnunen.fi\/en\/product\/denman-classic-d4-muotoiluharja-9-riv-valkoinen\/","og_site_name":"Kinnunen","article_modified_time":"2026-04-18T01:00:24+00:00","og_image":[{"width":1000,"height":1000,"url":"https:\/\/kinnunen.fi\/wp-content\/uploads\/2026\/02\/Denman-D4-balck-white-D4N.png","type":"image\/png"}],"twitter_card":"summary_large_image","schema":{"@context":"https:\/\/schema.org","@graph":[{"@type":"WebPage","@id":"https:\/\/kinnunen.fi\/tuote\/denman-classic-d4-muotoiluharja-9-riv-valkoinen\/","url":"https:\/\/kinnunen.fi\/tuote\/denman-classic-d4-muotoiluharja-9-riv-valkoinen\/","name":"Denman Classic D4 -muotoiluharja 9-riv. valkoinen - Kinnunen","isPartOf":{"@id":"https:\/\/kinnunen.fi\/#website"},"primaryImageOfPage":{"@id":"https:\/\/kinnunen.fi\/tuote\/denman-classic-d4-muotoiluharja-9-riv-valkoinen\/#primaryimage"},"image":{"@id":"https:\/\/kinnunen.fi\/tuote\/denman-classic-d4-muotoiluharja-9-riv-valkoinen\/#primaryimage"},"thumbnailUrl":"https:\/\/kinnunen.fi\/wp-content\/uploads\/2026\/02\/Denman-D4-balck-white-D4N.png","datePublished":"2026-02-17T07:43:22+00:00","dateModified":"2026-04-18T01:00:24+00:00","breadcrumb":{"@id":"https:\/\/kinnunen.fi\/tuote\/denman-classic-d4-muotoiluharja-9-riv-valkoinen\/#breadcrumb"},"inLanguage":"en-GB","potentialAction":[{"@type":"ReadAction","target":["https:\/\/kinnunen.fi\/tuote\/denman-classic-d4-muotoiluharja-9-riv-valkoinen\/"]}]},{"@type":"ImageObject","inLanguage":"en-GB","@id":"https:\/\/kinnunen.fi\/tuote\/denman-classic-d4-muotoiluharja-9-riv-valkoinen\/#primaryimage","url":"https:\/\/kinnunen.fi\/wp-content\/uploads\/2026\/02\/Denman-D4-balck-white-D4N.png","contentUrl":"https:\/\/kinnunen.fi\/wp-content\/uploads\/2026\/02\/Denman-D4-balck-white-D4N.png","width":1000,"height":1000},{"@type":"BreadcrumbList","@id":"https:\/\/kinnunen.fi\/tuote\/denman-classic-d4-muotoiluharja-9-riv-valkoinen\/#breadcrumb","itemListElement":[{"@type":"ListItem","position":1,"name":"Etusivu","item":"https:\/\/kinnunen.fi\/"},{"@type":"ListItem","position":2,"name":"Kaikki tuotteet","item":"https:\/\/kinnunen.fi\/kauppa\/"},{"@type":"ListItem","position":3,"name":"Tarvikkeet","item":"https:\/\/kinnunen.fi\/tuote-osasto\/tarvikkeet\/"},{"@type":"ListItem","position":4,"name":"Denman Classic D4 -muotoiluharja 9-riv. valkoinen"}]},{"@type":"WebSite","@id":"https:\/\/kinnunen.fi\/#website","url":"https:\/\/kinnunen.fi\/","name":"Kinnunen","description":"","potentialAction":[{"@type":"SearchAction","target":{"@type":"EntryPoint","urlTemplate":"https:\/\/kinnunen.fi\/?s={search_term_string}"},"query-input":"required name=search_term_string"}],"inLanguage":"en-GB"}]}},"_links":{"self":[{"href":"https:\/\/kinnunen.fi\/en\/wp-json\/wp\/v2\/product\/47207"}],"collection":[{"href":"https:\/\/kinnunen.fi\/en\/wp-json\/wp\/v2\/product"}],"about":[{"href":"https:\/\/kinnunen.fi\/en\/wp-json\/wp\/v2\/types\/product"}],"replies":[{"embeddable":true,"href":"https:\/\/kinnunen.fi\/en\/wp-json\/wp\/v2\/comments?post=47207"}],"wp:featuredmedia":[{"embeddable":true,"href":"https:\/\/kinnunen.fi\/en\/wp-json\/wp\/v2\/media\/47210"}],"wp:attachment":[{"href":"https:\/\/kinnunen.fi\/en\/wp-json\/wp\/v2\/media?parent=47207"}],"wp:term":[{"taxonomy":"product_cat","embeddable":true,"href":"https:\/\/kinnunen.fi\/en\/wp-json\/wp\/v2\/product_cat?post=47207"},{"taxonomy":"product_tag","embeddable":true,"href":"https:\/\/kinnunen.fi\/en\/wp-json\/wp\/v2\/product_tag?post=47207"}],"curies":[{"name":"wp","href":"https:\/\/api.w.org\/{rel}","templated":true}]}}