

{"id":47615,"date":"2026-04-07T14:42:10","date_gmt":"2026-04-07T11:42:10","guid":{"rendered":"https:\/\/kinnunen.fi\/?post_type=product&#038;p=47615"},"modified":"2026-04-19T04:00:29","modified_gmt":"2026-04-19T01:00:29","slug":"nl-b3-pro-x-booster-15ml","status":"publish","type":"product","link":"https:\/\/kinnunen.fi\/en\/product\/nl-b3-pro-x-booster-15ml\/","title":{"rendered":"NL B3 Pro X Booster, 15ml"},"content":{"rendered":"<p data-start=\"723\" data-end=\"932\">Nouveau Lashes B3 Pro X Booster on ammattik\u00e4ytt\u00f6\u00f6n kehitetty tehostetuote, joka nopeuttaa ripsiliiman sitoutumista ja optimoi ty\u00f6skentelyolosuhteet my\u00f6s haastavissa olosuhteissa, kuten alhaisessa l\u00e4mp\u00f6tilassa.<\/p>\n<p data-start=\"934\" data-end=\"1031\">Se mahdollistaa tehokkaamman ty\u00f6skentelyn, paremman pysyvyyden ja tasalaatuisemman lopputuloksen.<\/p>\n<h2 data-section-id=\"1tvlrk3\" data-start=\"1033\" data-end=\"1090\">Nopeampi liiman sitoutuminen \u2013 tehokkaampi ty\u00f6skentely<\/h2>\n<p data-start=\"1092\" data-end=\"1140\">Booster nopeuttaa liiman polymerisaatiota, mik\u00e4:<\/p>\n<ul data-start=\"1142\" data-end=\"1291\">\n<li data-section-id=\"gb5x97\" data-start=\"1142\" data-end=\"1174\">Parantaa liiman tarttuvuutta<\/li>\n<li data-section-id=\"1ys41dx\" data-start=\"1175\" data-end=\"1204\">Lyhent\u00e4\u00e4 ty\u00f6skentelyaikaa<\/li>\n<li data-section-id=\"qo8d3t\" data-start=\"1205\" data-end=\"1247\">Mahdollistaa tasaisemman lopputuloksen<\/li>\n<li data-section-id=\"1u7id8g\" data-start=\"1248\" data-end=\"1291\">Toimii my\u00f6s alhaisemmissa l\u00e4mp\u00f6tiloissa<\/li>\n<\/ul>\n<p data-start=\"1293\" data-end=\"1386\">T\u00e4m\u00e4 tekee siit\u00e4 erinomaisen ty\u00f6kalun tilanteisiin, joissa olosuhteet eiv\u00e4t ole optimaaliset.<\/p>\n<h2 data-section-id=\"xqd3jj\" data-start=\"1388\" data-end=\"1435\">Kest\u00e4v\u00e4mm\u00e4t ja luonnollisemmat lopputulokset<\/h2>\n<p data-start=\"1437\" data-end=\"1515\">Nopeampi sitoutuminen auttaa muodostamaan vahvat ja joustavat sidokset, jotka:<\/p>\n<ul data-start=\"1517\" data-end=\"1639\">\n<li data-section-id=\"1bg0d4v\" data-start=\"1517\" data-end=\"1559\">Parantavat ripsipidennysten pysyvyytt\u00e4<\/li>\n<li data-section-id=\"1cvsehb\" data-start=\"1560\" data-end=\"1599\">V\u00e4hent\u00e4v\u00e4t ennenaikaista irtoamista<\/li>\n<li data-section-id=\"3dwkeh\" data-start=\"1600\" data-end=\"1639\">Tuntuvat kevyilt\u00e4 ja luonnollisilta<\/li>\n<\/ul>\n<p data-start=\"1641\" data-end=\"1721\">Lopputuloksena on pehme\u00e4 ja \u201cmagneettinen\u201d tuntuma, joka lis\u00e4\u00e4 ty\u00f6skentelymukavuutta.<\/p>\n<h2 data-section-id=\"tnsyox\" data-start=\"1723\" data-end=\"1757\">Hoitava ja vahvistava koostumus<\/h2>\n<p data-start=\"1759\" data-end=\"1839\">Rikastettu aktiivisilla ainesosilla, jotka tukevat luonnollisten ripsien hyvinvointia:<\/p>\n<ul data-start=\"1841\" data-end=\"2028\">\n<li data-section-id=\"qrvn0z\" data-start=\"1841\" data-end=\"1899\"><strong data-start=\"1843\" data-end=\"1875\">Niasiiniamidi (B3-vitamiini)<\/strong> \u2013 vahvistaa ja suojaa<\/li>\n<li data-section-id=\"3o3vur\" data-start=\"1900\" data-end=\"1944\"><strong data-start=\"1902\" data-end=\"1914\">Biotiini<\/strong> \u2013 tukee ripsien kest\u00e4vyytt\u00e4<\/li>\n<li data-section-id=\"iv0dzn\" data-start=\"1945\" data-end=\"1985\"><strong data-start=\"1947\" data-end=\"1960\">Pantenoli<\/strong> \u2013 kosteuttaa ja hoitaa<\/li>\n<li data-section-id=\"qb4muy\" data-start=\"1986\" data-end=\"2028\"><strong data-start=\"1988\" data-end=\"2003\">L-arginiini<\/strong> \u2013 tukee ripsen rakennetta<\/li>\n<\/ul>\n<p data-start=\"2030\" data-end=\"2118\">Vegaaninen koostumus tekee tuotteesta hell\u00e4varaisen ja ammattik\u00e4ytt\u00f6\u00f6n sopivan valinnan.<\/p>\n<h2 data-section-id=\"1s2adyv\" data-start=\"2120\" data-end=\"2146\">Ammattilaisen ty\u00f6v\u00e4line<\/h2>\n<ul data-start=\"2148\" data-end=\"2321\">\n<li data-section-id=\"1gq51hc\" data-start=\"2148\" data-end=\"2210\">Nopeuttaa ty\u00f6skentely\u00e4 ilman kompromisseja lopputuloksessa<\/li>\n<li data-section-id=\"1ven38x\" data-start=\"2211\" data-end=\"2271\">Parantaa liiman suorituskyky\u00e4 vaihtelevissa olosuhteissa<\/li>\n<li data-section-id=\"1k6g3wv\" data-start=\"2272\" data-end=\"2321\">Sopii osaksi laadukasta ripsipidennysrutiinia<\/li>\n<\/ul>\n<h2 data-section-id=\"169cx39\" data-start=\"2323\" data-end=\"2332\">K\u00e4ytt\u00f6<\/h2>\n<p data-start=\"2334\" data-end=\"2497\">Annostele muutama tippa Boosteria minikuppiin. Levit\u00e4 Mini Brush -harjalla luonnollisten ripsien liima-alueelle ja\/tai ripsienpidennysten tyveen ennen kiinnityst\u00e4.<\/p>","protected":false},"excerpt":{"rendered":"<p>Nouveau Lashes B3 Pro X Booster on ripsipidennyksiin suunniteltu tehoste, joka nopeuttaa liiman sitoutumista my\u00f6s alhaisemmissa l\u00e4mp\u00f6tiloissa. Se auttaa saavuttamaan nopeammat ja kest\u00e4v\u00e4mm\u00e4t tulokset sek\u00e4 tukee luonnollisten ripsien hyvinvointia ravitsevien ainesosien ansiosta. Koko 15ml, riittoisuus noin 150 k\u00e4sittely\u00e4.<\/p>","protected":false},"featured_media":47657,"comment_status":"open","ping_status":"closed","template":"","meta":{"_relevanssi_hide_post":"","_relevanssi_pin_for_all":"","_relevanssi_pin_keywords":"","_relevanssi_unpin_keywords":"","_relevanssi_related_keywords":"","_relevanssi_related_include_ids":"","_relevanssi_related_exclude_ids":"","_relevanssi_related_no_append":"","_relevanssi_related_not_related":"","_relevanssi_related_posts":"","_relevanssi_noindex_reason":""},"product_cat":[2283,1852,1856],"product_tag":[],"class_list":["post-47615","product","type-product","status-publish","has-post-thumbnail","hentry","product_cat-kauneudenhoito","product_cat-ripset-ja-kulmat","product_cat-liimat-ja-puhdistus","tuotemerkki-nouveau-lashes"],"tuotemerkit":[{"term_id":323,"name":"Nouveau Lashes","slug":"nouveau-lashes","term_group":0,"term_taxonomy_id":323,"taxonomy":"tuotemerkki","description":"","parent":0,"count":71,"filter":"raw"}],"acf":[],"yoast_head":"<!-- This site is optimized with the Yoast SEO plugin v23.3 - https:\/\/yoast.com\/wordpress\/plugins\/seo\/ -->\n<title>Booster ripsipidennysliimalle | Nouveau Lashes B3 Pro X Booster<\/title>\n<meta name=\"description\" content=\"Booster ripsipidennysliimalle. Nopeuttaa liiman sitoutumista ja parantaa pysyvyytt\u00e4 my\u00f6s alhaisissa l\u00e4mp\u00f6tiloissa.\" \/>\n<meta name=\"robots\" content=\"index, follow, max-snippet:-1, max-image-preview:large, max-video-preview:-1\" \/>\n<link rel=\"canonical\" href=\"https:\/\/kinnunen.fi\/en\/product\/nl-b3-pro-x-booster-15ml\/\" \/>\n<meta property=\"og:locale\" content=\"en_GB\" \/>\n<meta property=\"og:type\" content=\"article\" \/>\n<meta property=\"og:title\" content=\"Booster ripsipidennysliimalle | Nouveau Lashes B3 Pro X Booster\" \/>\n<meta property=\"og:description\" content=\"Booster ripsipidennysliimalle. Nopeuttaa liiman sitoutumista ja parantaa pysyvyytt\u00e4 my\u00f6s alhaisissa l\u00e4mp\u00f6tiloissa.\" \/>\n<meta property=\"og:url\" content=\"https:\/\/kinnunen.fi\/en\/product\/nl-b3-pro-x-booster-15ml\/\" \/>\n<meta property=\"og:site_name\" content=\"Kinnunen\" \/>\n<meta property=\"article:modified_time\" content=\"2026-04-19T01:00:29+00:00\" \/>\n<meta property=\"og:image\" content=\"https:\/\/kinnunen.fi\/wp-content\/uploads\/2026\/04\/Nouveau-Lashes-B3-Pro-X-Booster-NLB3BOOST.jpg\" \/>\n\t<meta property=\"og:image:width\" content=\"1040\" \/>\n\t<meta property=\"og:image:height\" content=\"1040\" \/>\n\t<meta property=\"og:image:type\" content=\"image\/jpeg\" \/>\n<meta name=\"twitter:card\" content=\"summary_large_image\" \/>\n<meta name=\"twitter:label1\" content=\"Estimated reading time\" \/>\n\t<meta name=\"twitter:data1\" content=\"1 minute\" \/>\n<script type=\"application\/ld+json\" class=\"yoast-schema-graph\">{\"@context\":\"https:\/\/schema.org\",\"@graph\":[{\"@type\":\"WebPage\",\"@id\":\"https:\/\/kinnunen.fi\/tuote\/nl-b3-pro-x-booster-15ml\/\",\"url\":\"https:\/\/kinnunen.fi\/tuote\/nl-b3-pro-x-booster-15ml\/\",\"name\":\"Booster ripsipidennysliimalle | Nouveau Lashes B3 Pro X Booster\",\"isPartOf\":{\"@id\":\"https:\/\/kinnunen.fi\/#website\"},\"primaryImageOfPage\":{\"@id\":\"https:\/\/kinnunen.fi\/tuote\/nl-b3-pro-x-booster-15ml\/#primaryimage\"},\"image\":{\"@id\":\"https:\/\/kinnunen.fi\/tuote\/nl-b3-pro-x-booster-15ml\/#primaryimage\"},\"thumbnailUrl\":\"https:\/\/kinnunen.fi\/wp-content\/uploads\/2026\/04\/Nouveau-Lashes-B3-Pro-X-Booster-NLB3BOOST.jpg\",\"datePublished\":\"2026-04-07T11:42:10+00:00\",\"dateModified\":\"2026-04-19T01:00:29+00:00\",\"description\":\"Booster ripsipidennysliimalle. Nopeuttaa liiman sitoutumista ja parantaa pysyvyytt\u00e4 my\u00f6s alhaisissa l\u00e4mp\u00f6tiloissa.\",\"breadcrumb\":{\"@id\":\"https:\/\/kinnunen.fi\/tuote\/nl-b3-pro-x-booster-15ml\/#breadcrumb\"},\"inLanguage\":\"en-GB\",\"potentialAction\":[{\"@type\":\"ReadAction\",\"target\":[\"https:\/\/kinnunen.fi\/tuote\/nl-b3-pro-x-booster-15ml\/\"]}]},{\"@type\":\"ImageObject\",\"inLanguage\":\"en-GB\",\"@id\":\"https:\/\/kinnunen.fi\/tuote\/nl-b3-pro-x-booster-15ml\/#primaryimage\",\"url\":\"https:\/\/kinnunen.fi\/wp-content\/uploads\/2026\/04\/Nouveau-Lashes-B3-Pro-X-Booster-NLB3BOOST.jpg\",\"contentUrl\":\"https:\/\/kinnunen.fi\/wp-content\/uploads\/2026\/04\/Nouveau-Lashes-B3-Pro-X-Booster-NLB3BOOST.jpg\",\"width\":1040,\"height\":1040},{\"@type\":\"BreadcrumbList\",\"@id\":\"https:\/\/kinnunen.fi\/tuote\/nl-b3-pro-x-booster-15ml\/#breadcrumb\",\"itemListElement\":[{\"@type\":\"ListItem\",\"position\":1,\"name\":\"Etusivu\",\"item\":\"https:\/\/kinnunen.fi\/\"},{\"@type\":\"ListItem\",\"position\":2,\"name\":\"Kaikki tuotteet\",\"item\":\"https:\/\/kinnunen.fi\/kauppa\/\"},{\"@type\":\"ListItem\",\"position\":3,\"name\":\"Kauneudenhoito\",\"item\":\"https:\/\/kinnunen.fi\/tuote-osasto\/kauneudenhoito\/\"},{\"@type\":\"ListItem\",\"position\":4,\"name\":\"NL B3 Pro X Booster, 15ml\"}]},{\"@type\":\"WebSite\",\"@id\":\"https:\/\/kinnunen.fi\/#website\",\"url\":\"https:\/\/kinnunen.fi\/\",\"name\":\"Kinnunen\",\"description\":\"\",\"potentialAction\":[{\"@type\":\"SearchAction\",\"target\":{\"@type\":\"EntryPoint\",\"urlTemplate\":\"https:\/\/kinnunen.fi\/?s={search_term_string}\"},\"query-input\":\"required name=search_term_string\"}],\"inLanguage\":\"en-GB\"}]}<\/script>\n<!-- \/ Yoast SEO plugin. -->","yoast_head_json":{"title":"Booster ripsipidennysliimalle | Nouveau Lashes B3 Pro X Booster","description":"Booster ripsipidennysliimalle. Nopeuttaa liiman sitoutumista ja parantaa pysyvyytt\u00e4 my\u00f6s alhaisissa l\u00e4mp\u00f6tiloissa.","robots":{"index":"index","follow":"follow","max-snippet":"max-snippet:-1","max-image-preview":"max-image-preview:large","max-video-preview":"max-video-preview:-1"},"canonical":"https:\/\/kinnunen.fi\/en\/product\/nl-b3-pro-x-booster-15ml\/","og_locale":"en_GB","og_type":"article","og_title":"Booster ripsipidennysliimalle | Nouveau Lashes B3 Pro X Booster","og_description":"Booster ripsipidennysliimalle. Nopeuttaa liiman sitoutumista ja parantaa pysyvyytt\u00e4 my\u00f6s alhaisissa l\u00e4mp\u00f6tiloissa.","og_url":"https:\/\/kinnunen.fi\/en\/product\/nl-b3-pro-x-booster-15ml\/","og_site_name":"Kinnunen","article_modified_time":"2026-04-19T01:00:29+00:00","og_image":[{"width":1040,"height":1040,"url":"https:\/\/kinnunen.fi\/wp-content\/uploads\/2026\/04\/Nouveau-Lashes-B3-Pro-X-Booster-NLB3BOOST.jpg","type":"image\/jpeg"}],"twitter_card":"summary_large_image","twitter_misc":{"Estimated reading time":"1 minute"},"schema":{"@context":"https:\/\/schema.org","@graph":[{"@type":"WebPage","@id":"https:\/\/kinnunen.fi\/tuote\/nl-b3-pro-x-booster-15ml\/","url":"https:\/\/kinnunen.fi\/tuote\/nl-b3-pro-x-booster-15ml\/","name":"Booster ripsipidennysliimalle | Nouveau Lashes B3 Pro X Booster","isPartOf":{"@id":"https:\/\/kinnunen.fi\/#website"},"primaryImageOfPage":{"@id":"https:\/\/kinnunen.fi\/tuote\/nl-b3-pro-x-booster-15ml\/#primaryimage"},"image":{"@id":"https:\/\/kinnunen.fi\/tuote\/nl-b3-pro-x-booster-15ml\/#primaryimage"},"thumbnailUrl":"https:\/\/kinnunen.fi\/wp-content\/uploads\/2026\/04\/Nouveau-Lashes-B3-Pro-X-Booster-NLB3BOOST.jpg","datePublished":"2026-04-07T11:42:10+00:00","dateModified":"2026-04-19T01:00:29+00:00","description":"Booster ripsipidennysliimalle. Nopeuttaa liiman sitoutumista ja parantaa pysyvyytt\u00e4 my\u00f6s alhaisissa l\u00e4mp\u00f6tiloissa.","breadcrumb":{"@id":"https:\/\/kinnunen.fi\/tuote\/nl-b3-pro-x-booster-15ml\/#breadcrumb"},"inLanguage":"en-GB","potentialAction":[{"@type":"ReadAction","target":["https:\/\/kinnunen.fi\/tuote\/nl-b3-pro-x-booster-15ml\/"]}]},{"@type":"ImageObject","inLanguage":"en-GB","@id":"https:\/\/kinnunen.fi\/tuote\/nl-b3-pro-x-booster-15ml\/#primaryimage","url":"https:\/\/kinnunen.fi\/wp-content\/uploads\/2026\/04\/Nouveau-Lashes-B3-Pro-X-Booster-NLB3BOOST.jpg","contentUrl":"https:\/\/kinnunen.fi\/wp-content\/uploads\/2026\/04\/Nouveau-Lashes-B3-Pro-X-Booster-NLB3BOOST.jpg","width":1040,"height":1040},{"@type":"BreadcrumbList","@id":"https:\/\/kinnunen.fi\/tuote\/nl-b3-pro-x-booster-15ml\/#breadcrumb","itemListElement":[{"@type":"ListItem","position":1,"name":"Etusivu","item":"https:\/\/kinnunen.fi\/"},{"@type":"ListItem","position":2,"name":"Kaikki tuotteet","item":"https:\/\/kinnunen.fi\/kauppa\/"},{"@type":"ListItem","position":3,"name":"Kauneudenhoito","item":"https:\/\/kinnunen.fi\/tuote-osasto\/kauneudenhoito\/"},{"@type":"ListItem","position":4,"name":"NL B3 Pro X Booster, 15ml"}]},{"@type":"WebSite","@id":"https:\/\/kinnunen.fi\/#website","url":"https:\/\/kinnunen.fi\/","name":"Kinnunen","description":"","potentialAction":[{"@type":"SearchAction","target":{"@type":"EntryPoint","urlTemplate":"https:\/\/kinnunen.fi\/?s={search_term_string}"},"query-input":"required name=search_term_string"}],"inLanguage":"en-GB"}]}},"_links":{"self":[{"href":"https:\/\/kinnunen.fi\/en\/wp-json\/wp\/v2\/product\/47615"}],"collection":[{"href":"https:\/\/kinnunen.fi\/en\/wp-json\/wp\/v2\/product"}],"about":[{"href":"https:\/\/kinnunen.fi\/en\/wp-json\/wp\/v2\/types\/product"}],"replies":[{"embeddable":true,"href":"https:\/\/kinnunen.fi\/en\/wp-json\/wp\/v2\/comments?post=47615"}],"wp:featuredmedia":[{"embeddable":true,"href":"https:\/\/kinnunen.fi\/en\/wp-json\/wp\/v2\/media\/47657"}],"wp:attachment":[{"href":"https:\/\/kinnunen.fi\/en\/wp-json\/wp\/v2\/media?parent=47615"}],"wp:term":[{"taxonomy":"product_cat","embeddable":true,"href":"https:\/\/kinnunen.fi\/en\/wp-json\/wp\/v2\/product_cat?post=47615"},{"taxonomy":"product_tag","embeddable":true,"href":"https:\/\/kinnunen.fi\/en\/wp-json\/wp\/v2\/product_tag?post=47615"}],"curies":[{"name":"wp","href":"https:\/\/api.w.org\/{rel}","templated":true}]}}