

{"id":47688,"date":"2026-04-15T13:17:56","date_gmt":"2026-04-15T10:17:56","guid":{"rendered":"https:\/\/kinnunen.fi\/?post_type=product&#038;p=47688"},"modified":"2026-05-05T10:45:37","modified_gmt":"2026-05-05T07:45:37","slug":"babylisspro-elipstyle","status":"publish","type":"product","link":"https:\/\/kinnunen.fi\/en\/product\/babylisspro-elipstyle\/","title":{"rendered":"BabylissPro Elipstyle -suoristusrauta"},"content":{"rendered":"<p data-start=\"710\" data-end=\"1001\">BaBylissPRO Elipstyle on suunniteltu vaativaan k\u00e4ytt\u00f6\u00f6n, jossa tarvitaan tarkkuutta, nopeutta ja monipuolisuutta. T\u00e4m\u00e4 ammattitason suoristusrauta ei ole pelkk\u00e4 suoristusrauta, sen kaareva runko mahdollistaa my\u00f6s pehmeiden kiharoiden ja laineiden luomisen.<\/p>\n<p data-start=\"1003\" data-end=\"1117\">Kevyt, ergonominen muotoilu tekee ty\u00f6skentelyst\u00e4 sujuvaa, ja lopputulos on viimeistelty ilman ylim\u00e4\u00e4r\u00e4ist\u00e4 vaivaa.<\/p>\n<h2 data-section-id=\"ydcbmj\" data-start=\"1124\" data-end=\"1171\">Tehokas suorituskyky ja nopea ty\u00f6skentely<\/h2>\n<p data-start=\"1173\" data-end=\"1367\">Elipstyle on varustettu kehittyneell\u00e4 l\u00e4mmitysj\u00e4rjestelm\u00e4ll\u00e4, joka takaa tasaisen ja nopean l\u00e4mm\u00f6n jakautumisen. T\u00e4m\u00e4 mahdollistaa tehokkaan ty\u00f6skentelyn my\u00f6s kiireisess\u00e4 kampaamoarjessa.<\/p>\n<ul data-start=\"1369\" data-end=\"1542\">\n<li data-section-id=\"1ta4roy\" data-start=\"1369\" data-end=\"1427\">Advanced Ceramics Heating System takaa tasaisen l\u00e4mm\u00f6n<\/li>\n<li data-section-id=\"1e7z7m5\" data-start=\"1428\" data-end=\"1473\">Eritt\u00e4in nopea l\u00e4mpeneminen s\u00e4\u00e4st\u00e4\u00e4 aikaa<\/li>\n<li data-section-id=\"juzvnb\" data-start=\"1474\" data-end=\"1542\">5 digitaalista l\u00e4mp\u00f6tila-asetusta (150\u2013230 \u00b0C) eri hiustyypeille<\/li>\n<\/ul>\n<p data-start=\"1544\" data-end=\"1649\">L\u00e4mp\u00f6tilan s\u00e4\u00e4t\u00f6 mahdollisuus tekee raudasta turvallisen ja hell\u00e4varaisen my\u00f6s hennoille tai k\u00e4sitellyille hiuksille.<\/p>\n<h2 data-section-id=\"yiimvf\" data-start=\"1656\" data-end=\"1699\">Sile\u00e4, kiilt\u00e4v\u00e4 ja kest\u00e4v\u00e4 lopputulos<\/h2>\n<p data-start=\"1701\" data-end=\"1889\">Korkeakiiltoiset, reunoilta py\u00f6re\u00e4sti kaartuvat titaanilevyt liukuvat hiuksessa pehme\u00e4sti ja tasaisesti. T\u00e4m\u00e4 v\u00e4hent\u00e4\u00e4 hiukseen kohdistuvaa rasitusta ja auttaa saavuttamaan sile\u00e4n lopputuloksen yhdell\u00e4 vedolla.<\/p>\n<p data-start=\"1891\" data-end=\"2052\">Ionitekniikka viimeistelee muotoilun lis\u00e4\u00e4m\u00e4ll\u00e4 kiiltoa ja v\u00e4hent\u00e4m\u00e4ll\u00e4 s\u00e4hk\u00f6isyytt\u00e4. Hiukset n\u00e4ytt\u00e4v\u00e4t terveemmilt\u00e4 ja tuntuvat pehme\u00e4mmilt\u00e4 ilman p\u00f6rr\u00f6isyytt\u00e4.<\/p>\n<h2 data-section-id=\"yhb6sg\" data-start=\"2059\" data-end=\"2119\">Suunniteltu k\u00e4yt\u00e4nn\u00f6llisyys ja turvallisuus edell\u00e4<\/h2>\n<p data-start=\"2121\" data-end=\"2259\">Elipstyle on kehitetty erityisesti ammattilaisen p\u00e4ivitt\u00e4iseen k\u00e4ytt\u00f6\u00f6n ja helpottamaan ty\u00f6skentely\u00e4 pienill\u00e4, mutta merkityksellisill\u00e4 yksityiskohdilla.<\/p>\n<ul data-start=\"2261\" data-end=\"2476\">\n<li data-section-id=\"h76nlr\" data-start=\"2261\" data-end=\"2316\">Kevyt kaareva metallirunko monipuoliseen muotoiluun<\/li>\n<li data-section-id=\"14igsaz\" data-start=\"2317\" data-end=\"2374\">Lukittavat levyt helpottavat s\u00e4ilytyst\u00e4 ja kuljetusta<\/li>\n<li data-section-id=\"1hzdeo0\" data-start=\"2375\" data-end=\"2428\">Viile\u00e4n\u00e4 pysyv\u00e4 turvak\u00e4rki lis\u00e4\u00e4 k\u00e4ytt\u00f6mukavuutta<\/li>\n<li data-section-id=\"1ilid7g\" data-start=\"2429\" data-end=\"2476\">Automaattinen sammutus 72 minuutin kuluttua<\/li>\n<\/ul>\n<p data-start=\"2478\" data-end=\"2626\">3 metrin py\u00f6riv\u00e4 virtajohto antaa liikkumavapautta ty\u00f6skentelyyn, ja mukana tuleva l\u00e4mp\u00f6suoja-alusta helpottaa turvallista s\u00e4ilytyst\u00e4 k\u00e4yt\u00f6n aikana.<\/p>\n<h2 data-section-id=\"zkwjl7\" data-start=\"2633\" data-end=\"2684\">Kenelle suoristusrauta sopii?<\/h2>\n<p data-start=\"2686\" data-end=\"2844\">T\u00e4m\u00e4 muotoilurauta on suunniteltu erityisesti ammattilaisille, mutta se palvelee erinomaisesti my\u00f6s vaativaa kotik\u00e4ytt\u00e4j\u00e4\u00e4, joka haluaa kampaamotason lopputuloksen.<\/p>\n<p data-start=\"2846\" data-end=\"2881\">Se on oikea valinta, kun tarvitset:<\/p>\n<ul data-start=\"2882\" data-end=\"3024\">\n<li data-section-id=\"t5ki3z\" data-start=\"2882\" data-end=\"2939\">Monipuolisen raudan suoristamiseen ja kihartamiseen<\/li>\n<li data-section-id=\"8edx5g\" data-start=\"2940\" data-end=\"2979\">Nopean ja luotettavan suorituskyvyn<\/li>\n<li data-section-id=\"qmmorx\" data-start=\"2980\" data-end=\"3024\">Kiilt\u00e4v\u00e4n ja viimeistellyn lopputuloksen<\/li>\n<\/ul>","protected":false},"excerpt":{"rendered":"<p>Monipuolinen ja tehokas suoristusrauta ammattilaiselle. Kaareva runko mahdollistaa sek\u00e4 suoristamisen ett\u00e4 kihartamisen.<\/p>\n<ul>\n<li>Suuret, reunoilta py\u00f6re\u00e4sti kaartuvat 31 x 110 mm titaanipinnoitteiset levyt takaavat t\u00e4ydellisen<br \/>\nliu\u2019un ja tehokkaan suoristuksen<\/li>\n<li>Keraaminen l\u00e4mmityselementti: v\u00e4lit\u00f6n kuumennus ja tasainen l\u00e4mp\u00f6<br \/>\nkoko k\u00e4yt\u00f6n ajan<\/li>\n<li>5-portainen l\u00e4mp\u00f6tilans\u00e4\u00e4t\u00f6: 150\u2013170\u2013190\u2013210\u2013230 \u00b0C<\/li>\n<li>Ioniteknologia v\u00e4hent\u00e4\u00e4 p\u00f6rr\u00f6isyytt\u00e4 ja lis\u00e4\u00e4 hiuksen kiiltoa<\/li>\n<\/ul>\n<p>Pakkauksessa mukana l\u00e4mp\u00f6alusta, jossa voit my\u00f6s s\u00e4ilytt\u00e4\u00e4 ja kuljettaa rautaa sek\u00e4 l\u00e4mp\u00f6suojahanska.<\/p>","protected":false},"featured_media":47784,"comment_status":"open","ping_status":"closed","template":"","meta":{"_relevanssi_hide_post":"","_relevanssi_pin_for_all":"","_relevanssi_pin_keywords":"","_relevanssi_unpin_keywords":"","_relevanssi_related_keywords":"","_relevanssi_related_include_ids":"","_relevanssi_related_exclude_ids":"","_relevanssi_related_no_append":"","_relevanssi_related_not_related":"","_relevanssi_related_posts":"","_relevanssi_noindex_reason":""},"product_cat":[1774,1781],"product_tag":[],"class_list":["post-47688","product","type-product","status-publish","has-post-thumbnail","hentry","product_cat-koneet-ja-laitteet","product_cat-suoristus-ja-kreppiraudat","tuotemerkki-babylisspro"],"tuotemerkit":[{"term_id":161,"name":"BabylissPro","slug":"babylisspro","term_group":0,"term_taxonomy_id":161,"taxonomy":"tuotemerkki","description":"","parent":0,"count":15,"filter":"raw"}],"acf":[],"yoast_head":"<!-- This site is optimized with the Yoast SEO plugin v23.3 - https:\/\/yoast.com\/wordpress\/plugins\/seo\/ -->\n<title>BaBylissPRO Elipstyle Styler \u2013 ammattitason suoristusrauta<\/title>\n<meta name=\"description\" content=\"Ammattitason suoristusrauta kaarevalla rungolla. Nopea l\u00e4mmitys, titaanilevyt ja ionitekniikka takaavat sile\u00e4n ja kiilt\u00e4v\u00e4n lopputuloksen.\" \/>\n<meta name=\"robots\" content=\"index, follow, max-snippet:-1, max-image-preview:large, max-video-preview:-1\" \/>\n<link rel=\"canonical\" href=\"https:\/\/kinnunen.fi\/en\/product\/babylisspro-elipstyle\/\" \/>\n<meta property=\"og:locale\" content=\"en_GB\" \/>\n<meta property=\"og:type\" content=\"article\" \/>\n<meta property=\"og:title\" content=\"BaBylissPRO Elipstyle Styler \u2013 ammattitason suoristusrauta\" \/>\n<meta property=\"og:description\" content=\"Ammattitason suoristusrauta kaarevalla rungolla. Nopea l\u00e4mmitys, titaanilevyt ja ionitekniikka takaavat sile\u00e4n ja kiilt\u00e4v\u00e4n lopputuloksen.\" \/>\n<meta property=\"og:url\" content=\"https:\/\/kinnunen.fi\/en\/product\/babylisspro-elipstyle\/\" \/>\n<meta property=\"og:site_name\" content=\"Kinnunen\" \/>\n<meta property=\"article:modified_time\" content=\"2026-05-05T07:45:37+00:00\" \/>\n<meta property=\"og:image\" content=\"https:\/\/kinnunen.fi\/wp-content\/uploads\/2026\/04\/BAB3500E-BaBylissPRO-Elipstyle-Straightener-online.jpg\" \/>\n\t<meta property=\"og:image:width\" content=\"1000\" \/>\n\t<meta property=\"og:image:height\" content=\"1000\" \/>\n\t<meta property=\"og:image:type\" content=\"image\/jpeg\" \/>\n<meta name=\"twitter:card\" content=\"summary_large_image\" \/>\n<meta name=\"twitter:label1\" content=\"Estimated reading time\" \/>\n\t<meta name=\"twitter:data1\" content=\"2 minutes\" \/>\n<script type=\"application\/ld+json\" class=\"yoast-schema-graph\">{\"@context\":\"https:\/\/schema.org\",\"@graph\":[{\"@type\":\"WebPage\",\"@id\":\"https:\/\/kinnunen.fi\/tuote\/babylisspro-elipstyle\/\",\"url\":\"https:\/\/kinnunen.fi\/tuote\/babylisspro-elipstyle\/\",\"name\":\"BaBylissPRO Elipstyle Styler \u2013 ammattitason suoristusrauta\",\"isPartOf\":{\"@id\":\"https:\/\/kinnunen.fi\/#website\"},\"primaryImageOfPage\":{\"@id\":\"https:\/\/kinnunen.fi\/tuote\/babylisspro-elipstyle\/#primaryimage\"},\"image\":{\"@id\":\"https:\/\/kinnunen.fi\/tuote\/babylisspro-elipstyle\/#primaryimage\"},\"thumbnailUrl\":\"https:\/\/kinnunen.fi\/wp-content\/uploads\/2026\/04\/BAB3500E-BaBylissPRO-Elipstyle-Straightener-online.jpg\",\"datePublished\":\"2026-04-15T10:17:56+00:00\",\"dateModified\":\"2026-05-05T07:45:37+00:00\",\"description\":\"Ammattitason suoristusrauta kaarevalla rungolla. Nopea l\u00e4mmitys, titaanilevyt ja ionitekniikka takaavat sile\u00e4n ja kiilt\u00e4v\u00e4n lopputuloksen.\",\"breadcrumb\":{\"@id\":\"https:\/\/kinnunen.fi\/tuote\/babylisspro-elipstyle\/#breadcrumb\"},\"inLanguage\":\"en-GB\",\"potentialAction\":[{\"@type\":\"ReadAction\",\"target\":[\"https:\/\/kinnunen.fi\/tuote\/babylisspro-elipstyle\/\"]}]},{\"@type\":\"ImageObject\",\"inLanguage\":\"en-GB\",\"@id\":\"https:\/\/kinnunen.fi\/tuote\/babylisspro-elipstyle\/#primaryimage\",\"url\":\"https:\/\/kinnunen.fi\/wp-content\/uploads\/2026\/04\/BAB3500E-BaBylissPRO-Elipstyle-Straightener-online.jpg\",\"contentUrl\":\"https:\/\/kinnunen.fi\/wp-content\/uploads\/2026\/04\/BAB3500E-BaBylissPRO-Elipstyle-Straightener-online.jpg\",\"width\":1000,\"height\":1000},{\"@type\":\"BreadcrumbList\",\"@id\":\"https:\/\/kinnunen.fi\/tuote\/babylisspro-elipstyle\/#breadcrumb\",\"itemListElement\":[{\"@type\":\"ListItem\",\"position\":1,\"name\":\"Etusivu\",\"item\":\"https:\/\/kinnunen.fi\/\"},{\"@type\":\"ListItem\",\"position\":2,\"name\":\"Kaikki tuotteet\",\"item\":\"https:\/\/kinnunen.fi\/kauppa\/\"},{\"@type\":\"ListItem\",\"position\":3,\"name\":\"Koneet ja s\u00e4hk\u00f6laitteet\",\"item\":\"https:\/\/kinnunen.fi\/tuote-osasto\/koneet-ja-laitteet\/\"},{\"@type\":\"ListItem\",\"position\":4,\"name\":\"BabylissPro Elipstyle -suoristusrauta\"}]},{\"@type\":\"WebSite\",\"@id\":\"https:\/\/kinnunen.fi\/#website\",\"url\":\"https:\/\/kinnunen.fi\/\",\"name\":\"Kinnunen\",\"description\":\"\",\"potentialAction\":[{\"@type\":\"SearchAction\",\"target\":{\"@type\":\"EntryPoint\",\"urlTemplate\":\"https:\/\/kinnunen.fi\/?s={search_term_string}\"},\"query-input\":\"required name=search_term_string\"}],\"inLanguage\":\"en-GB\"}]}<\/script>\n<!-- \/ Yoast SEO plugin. -->","yoast_head_json":{"title":"BaBylissPRO Elipstyle Styler \u2013 ammattitason suoristusrauta","description":"Ammattitason suoristusrauta kaarevalla rungolla. Nopea l\u00e4mmitys, titaanilevyt ja ionitekniikka takaavat sile\u00e4n ja kiilt\u00e4v\u00e4n lopputuloksen.","robots":{"index":"index","follow":"follow","max-snippet":"max-snippet:-1","max-image-preview":"max-image-preview:large","max-video-preview":"max-video-preview:-1"},"canonical":"https:\/\/kinnunen.fi\/en\/product\/babylisspro-elipstyle\/","og_locale":"en_GB","og_type":"article","og_title":"BaBylissPRO Elipstyle Styler \u2013 ammattitason suoristusrauta","og_description":"Ammattitason suoristusrauta kaarevalla rungolla. Nopea l\u00e4mmitys, titaanilevyt ja ionitekniikka takaavat sile\u00e4n ja kiilt\u00e4v\u00e4n lopputuloksen.","og_url":"https:\/\/kinnunen.fi\/en\/product\/babylisspro-elipstyle\/","og_site_name":"Kinnunen","article_modified_time":"2026-05-05T07:45:37+00:00","og_image":[{"width":1000,"height":1000,"url":"https:\/\/kinnunen.fi\/wp-content\/uploads\/2026\/04\/BAB3500E-BaBylissPRO-Elipstyle-Straightener-online.jpg","type":"image\/jpeg"}],"twitter_card":"summary_large_image","twitter_misc":{"Estimated reading time":"2 minutes"},"schema":{"@context":"https:\/\/schema.org","@graph":[{"@type":"WebPage","@id":"https:\/\/kinnunen.fi\/tuote\/babylisspro-elipstyle\/","url":"https:\/\/kinnunen.fi\/tuote\/babylisspro-elipstyle\/","name":"BaBylissPRO Elipstyle Styler \u2013 ammattitason suoristusrauta","isPartOf":{"@id":"https:\/\/kinnunen.fi\/#website"},"primaryImageOfPage":{"@id":"https:\/\/kinnunen.fi\/tuote\/babylisspro-elipstyle\/#primaryimage"},"image":{"@id":"https:\/\/kinnunen.fi\/tuote\/babylisspro-elipstyle\/#primaryimage"},"thumbnailUrl":"https:\/\/kinnunen.fi\/wp-content\/uploads\/2026\/04\/BAB3500E-BaBylissPRO-Elipstyle-Straightener-online.jpg","datePublished":"2026-04-15T10:17:56+00:00","dateModified":"2026-05-05T07:45:37+00:00","description":"Ammattitason suoristusrauta kaarevalla rungolla. Nopea l\u00e4mmitys, titaanilevyt ja ionitekniikka takaavat sile\u00e4n ja kiilt\u00e4v\u00e4n lopputuloksen.","breadcrumb":{"@id":"https:\/\/kinnunen.fi\/tuote\/babylisspro-elipstyle\/#breadcrumb"},"inLanguage":"en-GB","potentialAction":[{"@type":"ReadAction","target":["https:\/\/kinnunen.fi\/tuote\/babylisspro-elipstyle\/"]}]},{"@type":"ImageObject","inLanguage":"en-GB","@id":"https:\/\/kinnunen.fi\/tuote\/babylisspro-elipstyle\/#primaryimage","url":"https:\/\/kinnunen.fi\/wp-content\/uploads\/2026\/04\/BAB3500E-BaBylissPRO-Elipstyle-Straightener-online.jpg","contentUrl":"https:\/\/kinnunen.fi\/wp-content\/uploads\/2026\/04\/BAB3500E-BaBylissPRO-Elipstyle-Straightener-online.jpg","width":1000,"height":1000},{"@type":"BreadcrumbList","@id":"https:\/\/kinnunen.fi\/tuote\/babylisspro-elipstyle\/#breadcrumb","itemListElement":[{"@type":"ListItem","position":1,"name":"Etusivu","item":"https:\/\/kinnunen.fi\/"},{"@type":"ListItem","position":2,"name":"Kaikki tuotteet","item":"https:\/\/kinnunen.fi\/kauppa\/"},{"@type":"ListItem","position":3,"name":"Koneet ja s\u00e4hk\u00f6laitteet","item":"https:\/\/kinnunen.fi\/tuote-osasto\/koneet-ja-laitteet\/"},{"@type":"ListItem","position":4,"name":"BabylissPro Elipstyle -suoristusrauta"}]},{"@type":"WebSite","@id":"https:\/\/kinnunen.fi\/#website","url":"https:\/\/kinnunen.fi\/","name":"Kinnunen","description":"","potentialAction":[{"@type":"SearchAction","target":{"@type":"EntryPoint","urlTemplate":"https:\/\/kinnunen.fi\/?s={search_term_string}"},"query-input":"required name=search_term_string"}],"inLanguage":"en-GB"}]}},"_links":{"self":[{"href":"https:\/\/kinnunen.fi\/en\/wp-json\/wp\/v2\/product\/47688"}],"collection":[{"href":"https:\/\/kinnunen.fi\/en\/wp-json\/wp\/v2\/product"}],"about":[{"href":"https:\/\/kinnunen.fi\/en\/wp-json\/wp\/v2\/types\/product"}],"replies":[{"embeddable":true,"href":"https:\/\/kinnunen.fi\/en\/wp-json\/wp\/v2\/comments?post=47688"}],"wp:featuredmedia":[{"embeddable":true,"href":"https:\/\/kinnunen.fi\/en\/wp-json\/wp\/v2\/media\/47784"}],"wp:attachment":[{"href":"https:\/\/kinnunen.fi\/en\/wp-json\/wp\/v2\/media?parent=47688"}],"wp:term":[{"taxonomy":"product_cat","embeddable":true,"href":"https:\/\/kinnunen.fi\/en\/wp-json\/wp\/v2\/product_cat?post=47688"},{"taxonomy":"product_tag","embeddable":true,"href":"https:\/\/kinnunen.fi\/en\/wp-json\/wp\/v2\/product_tag?post=47688"}],"curies":[{"name":"wp","href":"https:\/\/api.w.org\/{rel}","templated":true}]}}