

{"id":47725,"date":"2026-04-20T08:48:25","date_gmt":"2026-04-20T05:48:25","guid":{"rendered":"https:\/\/kinnunen.fi\/?post_type=product&#038;p=47725"},"modified":"2026-05-05T13:02:33","modified_gmt":"2026-05-05T10:02:33","slug":"keune-style-golden-gloss-hiustuoksu-50-ml","status":"publish","type":"product","link":"https:\/\/kinnunen.fi\/en\/product\/keune-style-golden-gloss-hiustuoksu-50-ml\/","title":{"rendered":"Keune Style Golden Gloss -hiustuoksu, 50 ml"},"content":{"rendered":"<p data-section-id=\"5zctqd\" data-start=\"644\" data-end=\"698\">Keune Style Golden Gloss on ylellinen hiusparfyymi, joka vie viimeistelyn uudelle tasolle. Se yhdist\u00e4\u00e4 hienostuneen tuoksun, hoitavat \u00f6ljyt ja s\u00e4teilev\u00e4n kiillon tavalla, joka tekee hiuksista v\u00e4litt\u00f6m\u00e4sti huolitellun ja elinvoimaisen n\u00e4k\u00f6iset.<\/p>\n<p data-start=\"949\" data-end=\"1092\">Kyse ei ole vain tuoksusta, t\u00e4m\u00e4 on kokonaisvaltainen viimeistelytuote, joka parantaa hiusten ulkon\u00e4k\u00f6\u00e4 ja tuntumaa jokaisella k\u00e4ytt\u00f6kerralla.<\/p>\n<h2 data-section-id=\"1abrv5z\" data-start=\"1099\" data-end=\"1150\">Kiiltoa, pehmeytt\u00e4 ja viimeistelty lopputulos<\/h2>\n<p data-start=\"1152\" data-end=\"1342\">Golden Gloss tekee hiuksista n\u00e4kyv\u00e4sti sile\u00e4mm\u00e4t ja kiilt\u00e4v\u00e4mm\u00e4t ilman raskasta tai rasvaista lopputulosta. Se auttaa sulkemaan kaksihaaraisia ja tuo hiuksiin v\u00e4litt\u00f6m\u00e4sti terveemm\u00e4n ilmeen.<\/p>\n<ul data-start=\"1344\" data-end=\"1446\">\n<li data-section-id=\"1kmocsm\" data-start=\"1344\" data-end=\"1373\">Jopa 42 % enemm\u00e4n kiiltoa<\/li>\n<li data-section-id=\"f06cx3\" data-start=\"1374\" data-end=\"1415\">Jopa 4 kertaa v\u00e4hemm\u00e4n kaksihaaraisia<\/li>\n<li data-section-id=\"1qw59x6\" data-start=\"1416\" data-end=\"1446\">Kevyt, painoton lopputulos<\/li>\n<\/ul>\n<p data-start=\"1448\" data-end=\"1576\">Hiukset j\u00e4\u00e4v\u00e4t pehmeiksi, liikkuviksi ja valoa kauniisti heijastaviksi, juuri sellaisiksi, joita asiakkaat kampaamosta hakevat.<\/p>\n<h2 data-section-id=\"10iczor\" data-start=\"1583\" data-end=\"1634\">Hienostunut tuoksu, joka kest\u00e4\u00e4 mukana koko p\u00e4iv\u00e4n<\/h2>\n<p data-start=\"1636\" data-end=\"1866\">Tuoksu on rakennettu kerroksittain, aivan kuten laadukas hajuvesi. Se avautuu raikkailla sitruksen ja aromaattisten vivahteiden s\u00e4vyill\u00e4, siirtyy pehme\u00e4\u00e4n kukkaiseen syd\u00e4meen ja yhdistyy l\u00e4mpim\u00e4\u00e4n vaniljan ja meripihkan pohjaan.<\/p>\n<p data-start=\"1868\" data-end=\"2125\">Lopputulos on elegantti ja tasapainoinen tuoksu, joka j\u00e4\u00e4 hiuksiin hienovaraisesti, eik\u00e4 liian voimakkaana. Se toimii yhteen my\u00f6s henkil\u00f6kohtaisen hajuveden kanssa, t\u00e4ydent\u00e4en kokonaisuutta ilman, ett\u00e4 kilpailee sen kanssa.<\/p>\n<h3 data-section-id=\"1t1e2yk\" data-start=\"2132\" data-end=\"2199\">Miksi hiusparfyymi toimii eri tavalla kuin tavallinen tuoksu?<\/h3>\n<p data-start=\"2201\" data-end=\"2379\">Hiukset sitovat tuoksua eri tavalla kuin iho. Niiden huokoinen rakenne auttaa tuoksumolekyylej\u00e4 kiinnittym\u00e4\u00e4n paremmin, ja luonnolliset \u00f6ljyt pit\u00e4v\u00e4t tuoksun hiuksissa pidemp\u00e4\u00e4n.<\/p>\n<p data-start=\"2381\" data-end=\"2593\">Koska hiukset pysyv\u00e4t viile\u00e4mpin\u00e4 kuin iho, tuoksu vapautuu niist\u00e4 hitaammin ja tasaisemmin p\u00e4iv\u00e4n aikana. T\u00e4m\u00e4 tekee hiusparfyymista erityisen toimivan vaihtoehdon pitk\u00e4kestoiseen, mutta hienovaraiseen tuoksuun.<\/p>\n<h2 data-section-id=\"wgk6hy\" data-start=\"2600\" data-end=\"2665\">Kaksivaiheinen teknologia \u2013 enemm\u00e4n kuin pelkk\u00e4 viimeistely<\/h2>\n<p data-start=\"2667\" data-end=\"2886\">Golden Gloss hy\u00f6dynt\u00e4\u00e4 innovatiivista kaksivaiheista koostumusta, jossa yhdistyv\u00e4t veden raikkaus ja \u00f6ljyjen hoitavuus. Kun pulloa ravistetaan, n\u00e4m\u00e4 kaksi vaihetta sekoittuvat ja muodostavat kevyen, hienojakoisen sumun.<\/p>\n<p data-start=\"2888\" data-end=\"3065\">T\u00e4m\u00e4 mahdollistaa sen, ett\u00e4 tuote levittyy tasaisesti hiuksiin ilman raskasta tunnetta. Lopputuloksena on silkkinen pinta, parempi hallittavuus ja luonnollisesti hehkuva kiilto.<\/p>\n<h2 data-section-id=\"1fbh4vn\" data-start=\"3072\" data-end=\"3105\">Kenelle hiusparfyymi sopii?<\/h2>\n<p data-start=\"3107\" data-end=\"3244\">Golden Gloss sopii kaikille hiustyypeille ja erityisesti asiakkaalle, joka haluaa viimeistell\u00e4 hiuksensa huolitellusti pienell\u00e4 vaivalla.<\/p>\n<ul data-start=\"3246\" data-end=\"3388\">\n<li data-section-id=\"1one2t3\" data-start=\"3246\" data-end=\"3287\">Lis\u00e4\u00e4 kiiltoa ja viimeistelty\u00e4 lookia<\/li>\n<li data-section-id=\"u1uezm\" data-start=\"3288\" data-end=\"3328\">Hienovarainen, pitk\u00e4kestoinen tuoksu<\/li>\n<li data-section-id=\"qmjphk\" data-start=\"3329\" data-end=\"3388\">Kevyt vaihtoehto perinteisille \u00f6ljyille tai seerumeille<\/li>\n<\/ul>\n<p data-start=\"3390\" data-end=\"3505\">Se on t\u00e4ydellinen lis\u00e4 p\u00e4ivitt\u00e4iseen hiusrutiiniin, pieni yksityiskohta, joka tekee kokonaisuudesta viimeistellyn.<\/p>\n<h2 data-section-id=\"v7efq1\" data-start=\"3512\" data-end=\"3529\">N\u00e4in k\u00e4yt\u00e4t<\/h2>\n<p data-start=\"3531\" data-end=\"3686\">Ravista pulloa ennen k\u00e4ytt\u00f6\u00e4, jotta kaksivaiheinen koostumus sekoittuu kunnolla. Suihkuta kevyesti kuiviin tai kosteisiin hiuksiin pituuksiin ja latvoihin.<br \/>\nVoit k\u00e4ytt\u00e4\u00e4 tuotetta p\u00e4ivitt\u00e4in tuomaan kiiltoa ja pehmeytt\u00e4 tai viimeistelyn\u00e4 muotoilun p\u00e4\u00e4lle, kun haluat lis\u00e4t\u00e4 hiuksiin tuoksua ja viimeistelty\u00e4 ilmett\u00e4.<br \/>\nJos haluat erityisen tasaisen lopputuloksen, suihkuta tuotetta ensin harjaan ja levit\u00e4 sen kautta hiuksiin.<\/p>","protected":false},"excerpt":{"rendered":"<p>Ylellinen hiusparfyymi, joka yhdist\u00e4\u00e4 s\u00e4teilev\u00e4n kiillon, hoitavat \u00f6ljyt ja pitk\u00e4kestoisen tuoksun. Viimeistelee hiukset kevyesti ilman raskasta tunnetta.<\/p>","protected":false},"featured_media":47094,"comment_status":"open","ping_status":"closed","template":"","meta":{"_relevanssi_hide_post":"","_relevanssi_pin_for_all":"","_relevanssi_pin_keywords":"","_relevanssi_unpin_keywords":"","_relevanssi_related_keywords":"","_relevanssi_related_include_ids":"","_relevanssi_related_exclude_ids":"","_relevanssi_related_no_append":"","_relevanssi_related_not_related":"","_relevanssi_related_posts":"","_relevanssi_noindex_reason":""},"product_cat":[1727,1732,2292],"product_tag":[],"class_list":["post-47725","product","type-product","status-publish","has-post-thumbnail","hentry","product_cat-hiuskosmetiikka","product_cat-muotoilu-ja-viimeistelytuotteet","product_cat-uudistettu-style","tuotemerkki-keune-haircosmetics","tuotemerkki-keune-style"],"tuotemerkit":[{"term_id":25,"name":"Keune Haircosmetics","slug":"keune-haircosmetics","term_group":0,"term_taxonomy_id":25,"taxonomy":"tuotemerkki","description":"","parent":0,"count":279,"filter":"raw"},{"term_id":70,"name":"Keune Style","slug":"keune-style","term_group":0,"term_taxonomy_id":70,"taxonomy":"tuotemerkki","description":"","parent":25,"count":43,"filter":"raw"}],"acf":[],"yoast_head":"<!-- This site is optimized with the Yoast SEO plugin v23.3 - https:\/\/yoast.com\/wordpress\/plugins\/seo\/ -->\n<title>Keune Golden Gloss hiusparfyymi \u2013 kiiltoa ja ylellinen tuoksu<\/title>\n<meta name=\"description\" content=\"Ylellinen hiusparfyymi, joka antaa pitk\u00e4kestoisen tuoksun, upean kiillon ja v\u00e4hent\u00e4\u00e4 kaksihaaraisia. Kevyt, hoitava ja alkoholiton koostumus.\" \/>\n<meta name=\"robots\" content=\"index, follow, max-snippet:-1, max-image-preview:large, max-video-preview:-1\" \/>\n<link rel=\"canonical\" href=\"https:\/\/kinnunen.fi\/en\/product\/keune-style-golden-gloss-hiustuoksu-50-ml\/\" \/>\n<meta property=\"og:locale\" content=\"en_GB\" \/>\n<meta property=\"og:type\" content=\"article\" \/>\n<meta property=\"og:title\" content=\"Keune Golden Gloss hiusparfyymi \u2013 kiiltoa ja ylellinen tuoksu\" \/>\n<meta property=\"og:description\" content=\"Ylellinen hiusparfyymi, joka antaa pitk\u00e4kestoisen tuoksun, upean kiillon ja v\u00e4hent\u00e4\u00e4 kaksihaaraisia. Kevyt, hoitava ja alkoholiton koostumus.\" \/>\n<meta property=\"og:url\" content=\"https:\/\/kinnunen.fi\/en\/product\/keune-style-golden-gloss-hiustuoksu-50-ml\/\" \/>\n<meta property=\"og:site_name\" content=\"Kinnunen\" \/>\n<meta property=\"article:modified_time\" content=\"2026-05-05T10:02:33+00:00\" \/>\n<meta property=\"og:image\" content=\"https:\/\/kinnunen.fi\/wp-content\/uploads\/2026\/02\/Keune-Style-Golden-Gloss-50ml-small.jpg\" \/>\n\t<meta property=\"og:image:width\" content=\"1181\" \/>\n\t<meta property=\"og:image:height\" content=\"1181\" \/>\n\t<meta property=\"og:image:type\" content=\"image\/jpeg\" \/>\n<meta name=\"twitter:card\" content=\"summary_large_image\" \/>\n<meta name=\"twitter:label1\" content=\"Estimated reading time\" \/>\n\t<meta name=\"twitter:data1\" content=\"2 minutes\" \/>\n<script type=\"application\/ld+json\" class=\"yoast-schema-graph\">{\"@context\":\"https:\/\/schema.org\",\"@graph\":[{\"@type\":\"WebPage\",\"@id\":\"https:\/\/kinnunen.fi\/tuote\/keune-style-golden-gloss-hiustuoksu-50-ml\/\",\"url\":\"https:\/\/kinnunen.fi\/tuote\/keune-style-golden-gloss-hiustuoksu-50-ml\/\",\"name\":\"Keune Golden Gloss hiusparfyymi \u2013 kiiltoa ja ylellinen tuoksu\",\"isPartOf\":{\"@id\":\"https:\/\/kinnunen.fi\/#website\"},\"primaryImageOfPage\":{\"@id\":\"https:\/\/kinnunen.fi\/tuote\/keune-style-golden-gloss-hiustuoksu-50-ml\/#primaryimage\"},\"image\":{\"@id\":\"https:\/\/kinnunen.fi\/tuote\/keune-style-golden-gloss-hiustuoksu-50-ml\/#primaryimage\"},\"thumbnailUrl\":\"https:\/\/kinnunen.fi\/wp-content\/uploads\/2026\/02\/Keune-Style-Golden-Gloss-50ml-small.jpg\",\"datePublished\":\"2026-04-20T05:48:25+00:00\",\"dateModified\":\"2026-05-05T10:02:33+00:00\",\"description\":\"Ylellinen hiusparfyymi, joka antaa pitk\u00e4kestoisen tuoksun, upean kiillon ja v\u00e4hent\u00e4\u00e4 kaksihaaraisia. Kevyt, hoitava ja alkoholiton koostumus.\",\"breadcrumb\":{\"@id\":\"https:\/\/kinnunen.fi\/tuote\/keune-style-golden-gloss-hiustuoksu-50-ml\/#breadcrumb\"},\"inLanguage\":\"en-GB\",\"potentialAction\":[{\"@type\":\"ReadAction\",\"target\":[\"https:\/\/kinnunen.fi\/tuote\/keune-style-golden-gloss-hiustuoksu-50-ml\/\"]}]},{\"@type\":\"ImageObject\",\"inLanguage\":\"en-GB\",\"@id\":\"https:\/\/kinnunen.fi\/tuote\/keune-style-golden-gloss-hiustuoksu-50-ml\/#primaryimage\",\"url\":\"https:\/\/kinnunen.fi\/wp-content\/uploads\/2026\/02\/Keune-Style-Golden-Gloss-50ml-small.jpg\",\"contentUrl\":\"https:\/\/kinnunen.fi\/wp-content\/uploads\/2026\/02\/Keune-Style-Golden-Gloss-50ml-small.jpg\",\"width\":1181,\"height\":1181},{\"@type\":\"BreadcrumbList\",\"@id\":\"https:\/\/kinnunen.fi\/tuote\/keune-style-golden-gloss-hiustuoksu-50-ml\/#breadcrumb\",\"itemListElement\":[{\"@type\":\"ListItem\",\"position\":1,\"name\":\"Etusivu\",\"item\":\"https:\/\/kinnunen.fi\/\"},{\"@type\":\"ListItem\",\"position\":2,\"name\":\"Kaikki tuotteet\",\"item\":\"https:\/\/kinnunen.fi\/kauppa\/\"},{\"@type\":\"ListItem\",\"position\":3,\"name\":\"Hiuskosmetiikka\",\"item\":\"https:\/\/kinnunen.fi\/tuote-osasto\/hiuskosmetiikka\/\"},{\"@type\":\"ListItem\",\"position\":4,\"name\":\"Keune Style Golden Gloss -hiustuoksu, 50 ml\"}]},{\"@type\":\"WebSite\",\"@id\":\"https:\/\/kinnunen.fi\/#website\",\"url\":\"https:\/\/kinnunen.fi\/\",\"name\":\"Kinnunen\",\"description\":\"\",\"potentialAction\":[{\"@type\":\"SearchAction\",\"target\":{\"@type\":\"EntryPoint\",\"urlTemplate\":\"https:\/\/kinnunen.fi\/?s={search_term_string}\"},\"query-input\":\"required name=search_term_string\"}],\"inLanguage\":\"en-GB\"}]}<\/script>\n<!-- \/ Yoast SEO plugin. -->","yoast_head_json":{"title":"Keune Golden Gloss hiusparfyymi \u2013 kiiltoa ja ylellinen tuoksu","description":"Ylellinen hiusparfyymi, joka antaa pitk\u00e4kestoisen tuoksun, upean kiillon ja v\u00e4hent\u00e4\u00e4 kaksihaaraisia. Kevyt, hoitava ja alkoholiton koostumus.","robots":{"index":"index","follow":"follow","max-snippet":"max-snippet:-1","max-image-preview":"max-image-preview:large","max-video-preview":"max-video-preview:-1"},"canonical":"https:\/\/kinnunen.fi\/en\/product\/keune-style-golden-gloss-hiustuoksu-50-ml\/","og_locale":"en_GB","og_type":"article","og_title":"Keune Golden Gloss hiusparfyymi \u2013 kiiltoa ja ylellinen tuoksu","og_description":"Ylellinen hiusparfyymi, joka antaa pitk\u00e4kestoisen tuoksun, upean kiillon ja v\u00e4hent\u00e4\u00e4 kaksihaaraisia. Kevyt, hoitava ja alkoholiton koostumus.","og_url":"https:\/\/kinnunen.fi\/en\/product\/keune-style-golden-gloss-hiustuoksu-50-ml\/","og_site_name":"Kinnunen","article_modified_time":"2026-05-05T10:02:33+00:00","og_image":[{"width":1181,"height":1181,"url":"https:\/\/kinnunen.fi\/wp-content\/uploads\/2026\/02\/Keune-Style-Golden-Gloss-50ml-small.jpg","type":"image\/jpeg"}],"twitter_card":"summary_large_image","twitter_misc":{"Estimated reading time":"2 minutes"},"schema":{"@context":"https:\/\/schema.org","@graph":[{"@type":"WebPage","@id":"https:\/\/kinnunen.fi\/tuote\/keune-style-golden-gloss-hiustuoksu-50-ml\/","url":"https:\/\/kinnunen.fi\/tuote\/keune-style-golden-gloss-hiustuoksu-50-ml\/","name":"Keune Golden Gloss hiusparfyymi \u2013 kiiltoa ja ylellinen tuoksu","isPartOf":{"@id":"https:\/\/kinnunen.fi\/#website"},"primaryImageOfPage":{"@id":"https:\/\/kinnunen.fi\/tuote\/keune-style-golden-gloss-hiustuoksu-50-ml\/#primaryimage"},"image":{"@id":"https:\/\/kinnunen.fi\/tuote\/keune-style-golden-gloss-hiustuoksu-50-ml\/#primaryimage"},"thumbnailUrl":"https:\/\/kinnunen.fi\/wp-content\/uploads\/2026\/02\/Keune-Style-Golden-Gloss-50ml-small.jpg","datePublished":"2026-04-20T05:48:25+00:00","dateModified":"2026-05-05T10:02:33+00:00","description":"Ylellinen hiusparfyymi, joka antaa pitk\u00e4kestoisen tuoksun, upean kiillon ja v\u00e4hent\u00e4\u00e4 kaksihaaraisia. Kevyt, hoitava ja alkoholiton koostumus.","breadcrumb":{"@id":"https:\/\/kinnunen.fi\/tuote\/keune-style-golden-gloss-hiustuoksu-50-ml\/#breadcrumb"},"inLanguage":"en-GB","potentialAction":[{"@type":"ReadAction","target":["https:\/\/kinnunen.fi\/tuote\/keune-style-golden-gloss-hiustuoksu-50-ml\/"]}]},{"@type":"ImageObject","inLanguage":"en-GB","@id":"https:\/\/kinnunen.fi\/tuote\/keune-style-golden-gloss-hiustuoksu-50-ml\/#primaryimage","url":"https:\/\/kinnunen.fi\/wp-content\/uploads\/2026\/02\/Keune-Style-Golden-Gloss-50ml-small.jpg","contentUrl":"https:\/\/kinnunen.fi\/wp-content\/uploads\/2026\/02\/Keune-Style-Golden-Gloss-50ml-small.jpg","width":1181,"height":1181},{"@type":"BreadcrumbList","@id":"https:\/\/kinnunen.fi\/tuote\/keune-style-golden-gloss-hiustuoksu-50-ml\/#breadcrumb","itemListElement":[{"@type":"ListItem","position":1,"name":"Etusivu","item":"https:\/\/kinnunen.fi\/"},{"@type":"ListItem","position":2,"name":"Kaikki tuotteet","item":"https:\/\/kinnunen.fi\/kauppa\/"},{"@type":"ListItem","position":3,"name":"Hiuskosmetiikka","item":"https:\/\/kinnunen.fi\/tuote-osasto\/hiuskosmetiikka\/"},{"@type":"ListItem","position":4,"name":"Keune Style Golden Gloss -hiustuoksu, 50 ml"}]},{"@type":"WebSite","@id":"https:\/\/kinnunen.fi\/#website","url":"https:\/\/kinnunen.fi\/","name":"Kinnunen","description":"","potentialAction":[{"@type":"SearchAction","target":{"@type":"EntryPoint","urlTemplate":"https:\/\/kinnunen.fi\/?s={search_term_string}"},"query-input":"required name=search_term_string"}],"inLanguage":"en-GB"}]}},"_links":{"self":[{"href":"https:\/\/kinnunen.fi\/en\/wp-json\/wp\/v2\/product\/47725"}],"collection":[{"href":"https:\/\/kinnunen.fi\/en\/wp-json\/wp\/v2\/product"}],"about":[{"href":"https:\/\/kinnunen.fi\/en\/wp-json\/wp\/v2\/types\/product"}],"replies":[{"embeddable":true,"href":"https:\/\/kinnunen.fi\/en\/wp-json\/wp\/v2\/comments?post=47725"}],"wp:featuredmedia":[{"embeddable":true,"href":"https:\/\/kinnunen.fi\/en\/wp-json\/wp\/v2\/media\/47094"}],"wp:attachment":[{"href":"https:\/\/kinnunen.fi\/en\/wp-json\/wp\/v2\/media?parent=47725"}],"wp:term":[{"taxonomy":"product_cat","embeddable":true,"href":"https:\/\/kinnunen.fi\/en\/wp-json\/wp\/v2\/product_cat?post=47725"},{"taxonomy":"product_tag","embeddable":true,"href":"https:\/\/kinnunen.fi\/en\/wp-json\/wp\/v2\/product_tag?post=47725"}],"curies":[{"name":"wp","href":"https:\/\/api.w.org\/{rel}","templated":true}]}}