

{"id":47765,"date":"2026-04-24T10:27:39","date_gmt":"2026-04-24T07:27:39","guid":{"rendered":"https:\/\/kinnunen.fi\/?post_type=product&#038;p=47765"},"modified":"2026-05-05T18:08:46","modified_gmt":"2026-05-05T15:08:46","slug":"janeke-ultratangler-lapioharja-pastelli-pinkki","status":"publish","type":"product","link":"https:\/\/kinnunen.fi\/en\/product\/janeke-ultratangler-lapioharja-pastelli-pinkki\/","title":{"rendered":"J\u00e4neke Ultratangler -lapioharja, pastelli pinkki"},"content":{"rendered":"","protected":false},"excerpt":{"rendered":"<p>Hell\u00e4varainen, mutta tehokas harja hiusten selvitt\u00e4miseen. Ultra Tangler on luotu kaikenlaisien hiustyyppien helppoon ja hell\u00e4varaiseen selvitt\u00e4miseen.<\/p>\n<ul>\n<li>\u00a0Valmistettu korkealaatuisesta kest\u00e4v\u00e4st\u00e4 muovista<\/li>\n<li>Optimaalisesti joustavat harjakset tehokkaaseen ja hell\u00e4varaiseen selvitt\u00e4miseen<\/li>\n<li>Ergonominen muotoilu, mukava pit\u00e4\u00e4 k\u00e4dess\u00e4<\/li>\n<li>Sopii kaikille hiustyypeille, my\u00f6s paksuille ja kurittomille hiuksille<\/li>\n<li>Ihanteellinen kosteiden hiusten selvitt\u00e4miseen<\/li>\n<li>Tarjoaa eritt\u00e4in hell\u00e4varaista hoitoa ja auttaa suojaamaan hiusten rakennetta<\/li>\n<\/ul>","protected":false},"featured_media":47772,"comment_status":"open","ping_status":"closed","template":"","meta":{"_relevanssi_hide_post":"","_relevanssi_pin_for_all":"","_relevanssi_pin_keywords":"","_relevanssi_unpin_keywords":"","_relevanssi_related_keywords":"","_relevanssi_related_include_ids":"","_relevanssi_related_exclude_ids":"","_relevanssi_related_no_append":"","_relevanssi_related_not_related":"","_relevanssi_related_posts":"","_relevanssi_noindex_reason":""},"product_cat":[1762,1790,1792],"product_tag":[],"class_list":["post-47765","product","type-product","status-publish","has-post-thumbnail","hentry","product_cat-tarvikkeet","product_cat-harjat-ja-kammat","product_cat-selvitys-ja-aukikampausharjat","tuotemerkki-janeke"],"tuotemerkit":[{"term_id":2066,"name":"J\u00e4neke","slug":"janeke","term_group":0,"term_taxonomy_id":2066,"taxonomy":"tuotemerkki","description":"","parent":0,"count":19,"filter":"raw"}],"acf":[],"yoast_head":"<!-- This site is optimized with the Yoast SEO plugin v23.3 - https:\/\/yoast.com\/wordpress\/plugins\/seo\/ -->\n<title>J\u00e4neke Ultratangler -lapioharja, pastelli pinkki - Kinnunen<\/title>\n<meta name=\"robots\" content=\"index, follow, max-snippet:-1, max-image-preview:large, max-video-preview:-1\" \/>\n<link rel=\"canonical\" href=\"https:\/\/kinnunen.fi\/en\/product\/janeke-ultratangler-lapioharja-pastelli-pinkki\/\" \/>\n<meta property=\"og:locale\" content=\"en_GB\" \/>\n<meta property=\"og:type\" content=\"article\" \/>\n<meta property=\"og:title\" content=\"J\u00e4neke Ultratangler -lapioharja, pastelli pinkki - Kinnunen\" \/>\n<meta property=\"og:description\" content=\"Hell\u00e4varainen, mutta tehokas harja hiusten selvitt\u00e4miseen. Ultra Tangler on luotu kaikenlaisien hiustyyppien helppoon ja hell\u00e4varaiseen selvitt\u00e4miseen.   \u00a0Valmistettu korkealaatuisesta kest\u00e4v\u00e4st\u00e4 muovista  Optimaalisesti joustavat harjakset tehokkaaseen ja hell\u00e4varaiseen selvitt\u00e4miseen  Ergonominen muotoilu, mukava pit\u00e4\u00e4 k\u00e4dess\u00e4  Sopii kaikille hiustyypeille, my\u00f6s paksuille ja kurittomille hiuksille  Ihanteellinen kosteiden hiusten selvitt\u00e4miseen  Tarjoaa eritt\u00e4in hell\u00e4varaista hoitoa ja auttaa suojaamaan hiusten rakennetta\" \/>\n<meta property=\"og:url\" content=\"https:\/\/kinnunen.fi\/en\/product\/janeke-ultratangler-lapioharja-pastelli-pinkki\/\" \/>\n<meta property=\"og:site_name\" content=\"Kinnunen\" \/>\n<meta property=\"article:modified_time\" content=\"2026-05-05T15:08:46+00:00\" \/>\n<meta property=\"og:image\" content=\"https:\/\/kinnunen.fi\/wp-content\/uploads\/2026\/04\/Janeke-Ultra-Tangler-lapioharja-pinkki-72SP227RSA.jpg\" \/>\n\t<meta property=\"og:image:width\" content=\"1000\" \/>\n\t<meta property=\"og:image:height\" content=\"1000\" \/>\n\t<meta property=\"og:image:type\" content=\"image\/jpeg\" \/>\n<meta name=\"twitter:card\" content=\"summary_large_image\" \/>\n<script type=\"application\/ld+json\" class=\"yoast-schema-graph\">{\"@context\":\"https:\/\/schema.org\",\"@graph\":[{\"@type\":\"WebPage\",\"@id\":\"https:\/\/kinnunen.fi\/tuote\/janeke-ultratangler-lapioharja-pastelli-pinkki\/\",\"url\":\"https:\/\/kinnunen.fi\/tuote\/janeke-ultratangler-lapioharja-pastelli-pinkki\/\",\"name\":\"J\u00e4neke Ultratangler -lapioharja, pastelli pinkki - Kinnunen\",\"isPartOf\":{\"@id\":\"https:\/\/kinnunen.fi\/#website\"},\"primaryImageOfPage\":{\"@id\":\"https:\/\/kinnunen.fi\/tuote\/janeke-ultratangler-lapioharja-pastelli-pinkki\/#primaryimage\"},\"image\":{\"@id\":\"https:\/\/kinnunen.fi\/tuote\/janeke-ultratangler-lapioharja-pastelli-pinkki\/#primaryimage\"},\"thumbnailUrl\":\"https:\/\/kinnunen.fi\/wp-content\/uploads\/2026\/04\/Janeke-Ultra-Tangler-lapioharja-pinkki-72SP227RSA.jpg\",\"datePublished\":\"2026-04-24T07:27:39+00:00\",\"dateModified\":\"2026-05-05T15:08:46+00:00\",\"breadcrumb\":{\"@id\":\"https:\/\/kinnunen.fi\/tuote\/janeke-ultratangler-lapioharja-pastelli-pinkki\/#breadcrumb\"},\"inLanguage\":\"en-GB\",\"potentialAction\":[{\"@type\":\"ReadAction\",\"target\":[\"https:\/\/kinnunen.fi\/tuote\/janeke-ultratangler-lapioharja-pastelli-pinkki\/\"]}]},{\"@type\":\"ImageObject\",\"inLanguage\":\"en-GB\",\"@id\":\"https:\/\/kinnunen.fi\/tuote\/janeke-ultratangler-lapioharja-pastelli-pinkki\/#primaryimage\",\"url\":\"https:\/\/kinnunen.fi\/wp-content\/uploads\/2026\/04\/Janeke-Ultra-Tangler-lapioharja-pinkki-72SP227RSA.jpg\",\"contentUrl\":\"https:\/\/kinnunen.fi\/wp-content\/uploads\/2026\/04\/Janeke-Ultra-Tangler-lapioharja-pinkki-72SP227RSA.jpg\",\"width\":1000,\"height\":1000},{\"@type\":\"BreadcrumbList\",\"@id\":\"https:\/\/kinnunen.fi\/tuote\/janeke-ultratangler-lapioharja-pastelli-pinkki\/#breadcrumb\",\"itemListElement\":[{\"@type\":\"ListItem\",\"position\":1,\"name\":\"Etusivu\",\"item\":\"https:\/\/kinnunen.fi\/\"},{\"@type\":\"ListItem\",\"position\":2,\"name\":\"Kaikki tuotteet\",\"item\":\"https:\/\/kinnunen.fi\/kauppa\/\"},{\"@type\":\"ListItem\",\"position\":3,\"name\":\"Tarvikkeet\",\"item\":\"https:\/\/kinnunen.fi\/tuote-osasto\/tarvikkeet\/\"},{\"@type\":\"ListItem\",\"position\":4,\"name\":\"J\u00e4neke Ultratangler -lapioharja, pastelli pinkki\"}]},{\"@type\":\"WebSite\",\"@id\":\"https:\/\/kinnunen.fi\/#website\",\"url\":\"https:\/\/kinnunen.fi\/\",\"name\":\"Kinnunen\",\"description\":\"\",\"potentialAction\":[{\"@type\":\"SearchAction\",\"target\":{\"@type\":\"EntryPoint\",\"urlTemplate\":\"https:\/\/kinnunen.fi\/?s={search_term_string}\"},\"query-input\":\"required name=search_term_string\"}],\"inLanguage\":\"en-GB\"}]}<\/script>\n<!-- \/ Yoast SEO plugin. -->","yoast_head_json":{"title":"J\u00e4neke Ultratangler -lapioharja, pastelli pinkki - Kinnunen","robots":{"index":"index","follow":"follow","max-snippet":"max-snippet:-1","max-image-preview":"max-image-preview:large","max-video-preview":"max-video-preview:-1"},"canonical":"https:\/\/kinnunen.fi\/en\/product\/janeke-ultratangler-lapioharja-pastelli-pinkki\/","og_locale":"en_GB","og_type":"article","og_title":"J\u00e4neke Ultratangler -lapioharja, pastelli pinkki - Kinnunen","og_description":"Hell\u00e4varainen, mutta tehokas harja hiusten selvitt\u00e4miseen. Ultra Tangler on luotu kaikenlaisien hiustyyppien helppoon ja hell\u00e4varaiseen selvitt\u00e4miseen.   \u00a0Valmistettu korkealaatuisesta kest\u00e4v\u00e4st\u00e4 muovista  Optimaalisesti joustavat harjakset tehokkaaseen ja hell\u00e4varaiseen selvitt\u00e4miseen  Ergonominen muotoilu, mukava pit\u00e4\u00e4 k\u00e4dess\u00e4  Sopii kaikille hiustyypeille, my\u00f6s paksuille ja kurittomille hiuksille  Ihanteellinen kosteiden hiusten selvitt\u00e4miseen  Tarjoaa eritt\u00e4in hell\u00e4varaista hoitoa ja auttaa suojaamaan hiusten rakennetta","og_url":"https:\/\/kinnunen.fi\/en\/product\/janeke-ultratangler-lapioharja-pastelli-pinkki\/","og_site_name":"Kinnunen","article_modified_time":"2026-05-05T15:08:46+00:00","og_image":[{"width":1000,"height":1000,"url":"https:\/\/kinnunen.fi\/wp-content\/uploads\/2026\/04\/Janeke-Ultra-Tangler-lapioharja-pinkki-72SP227RSA.jpg","type":"image\/jpeg"}],"twitter_card":"summary_large_image","schema":{"@context":"https:\/\/schema.org","@graph":[{"@type":"WebPage","@id":"https:\/\/kinnunen.fi\/tuote\/janeke-ultratangler-lapioharja-pastelli-pinkki\/","url":"https:\/\/kinnunen.fi\/tuote\/janeke-ultratangler-lapioharja-pastelli-pinkki\/","name":"J\u00e4neke Ultratangler -lapioharja, pastelli pinkki - Kinnunen","isPartOf":{"@id":"https:\/\/kinnunen.fi\/#website"},"primaryImageOfPage":{"@id":"https:\/\/kinnunen.fi\/tuote\/janeke-ultratangler-lapioharja-pastelli-pinkki\/#primaryimage"},"image":{"@id":"https:\/\/kinnunen.fi\/tuote\/janeke-ultratangler-lapioharja-pastelli-pinkki\/#primaryimage"},"thumbnailUrl":"https:\/\/kinnunen.fi\/wp-content\/uploads\/2026\/04\/Janeke-Ultra-Tangler-lapioharja-pinkki-72SP227RSA.jpg","datePublished":"2026-04-24T07:27:39+00:00","dateModified":"2026-05-05T15:08:46+00:00","breadcrumb":{"@id":"https:\/\/kinnunen.fi\/tuote\/janeke-ultratangler-lapioharja-pastelli-pinkki\/#breadcrumb"},"inLanguage":"en-GB","potentialAction":[{"@type":"ReadAction","target":["https:\/\/kinnunen.fi\/tuote\/janeke-ultratangler-lapioharja-pastelli-pinkki\/"]}]},{"@type":"ImageObject","inLanguage":"en-GB","@id":"https:\/\/kinnunen.fi\/tuote\/janeke-ultratangler-lapioharja-pastelli-pinkki\/#primaryimage","url":"https:\/\/kinnunen.fi\/wp-content\/uploads\/2026\/04\/Janeke-Ultra-Tangler-lapioharja-pinkki-72SP227RSA.jpg","contentUrl":"https:\/\/kinnunen.fi\/wp-content\/uploads\/2026\/04\/Janeke-Ultra-Tangler-lapioharja-pinkki-72SP227RSA.jpg","width":1000,"height":1000},{"@type":"BreadcrumbList","@id":"https:\/\/kinnunen.fi\/tuote\/janeke-ultratangler-lapioharja-pastelli-pinkki\/#breadcrumb","itemListElement":[{"@type":"ListItem","position":1,"name":"Etusivu","item":"https:\/\/kinnunen.fi\/"},{"@type":"ListItem","position":2,"name":"Kaikki tuotteet","item":"https:\/\/kinnunen.fi\/kauppa\/"},{"@type":"ListItem","position":3,"name":"Tarvikkeet","item":"https:\/\/kinnunen.fi\/tuote-osasto\/tarvikkeet\/"},{"@type":"ListItem","position":4,"name":"J\u00e4neke Ultratangler -lapioharja, pastelli pinkki"}]},{"@type":"WebSite","@id":"https:\/\/kinnunen.fi\/#website","url":"https:\/\/kinnunen.fi\/","name":"Kinnunen","description":"","potentialAction":[{"@type":"SearchAction","target":{"@type":"EntryPoint","urlTemplate":"https:\/\/kinnunen.fi\/?s={search_term_string}"},"query-input":"required name=search_term_string"}],"inLanguage":"en-GB"}]}},"_links":{"self":[{"href":"https:\/\/kinnunen.fi\/en\/wp-json\/wp\/v2\/product\/47765"}],"collection":[{"href":"https:\/\/kinnunen.fi\/en\/wp-json\/wp\/v2\/product"}],"about":[{"href":"https:\/\/kinnunen.fi\/en\/wp-json\/wp\/v2\/types\/product"}],"replies":[{"embeddable":true,"href":"https:\/\/kinnunen.fi\/en\/wp-json\/wp\/v2\/comments?post=47765"}],"wp:featuredmedia":[{"embeddable":true,"href":"https:\/\/kinnunen.fi\/en\/wp-json\/wp\/v2\/media\/47772"}],"wp:attachment":[{"href":"https:\/\/kinnunen.fi\/en\/wp-json\/wp\/v2\/media?parent=47765"}],"wp:term":[{"taxonomy":"product_cat","embeddable":true,"href":"https:\/\/kinnunen.fi\/en\/wp-json\/wp\/v2\/product_cat?post=47765"},{"taxonomy":"product_tag","embeddable":true,"href":"https:\/\/kinnunen.fi\/en\/wp-json\/wp\/v2\/product_tag?post=47765"}],"curies":[{"name":"wp","href":"https:\/\/api.w.org\/{rel}","templated":true}]}}