

{"id":5067,"date":"2021-10-29T13:19:14","date_gmt":"2021-10-29T10:19:14","guid":{"rendered":"https:\/\/kinnunen.fi\/tuote\/care-color-brillianz-shampoo-80-ml\/"},"modified":"2026-04-18T04:00:08","modified_gmt":"2026-04-18T01:00:08","slug":"care-color-brillianz-shampoo-80-ml","status":"publish","type":"product","link":"https:\/\/kinnunen.fi\/en\/product\/care-color-brillianz-shampoo-80-ml\/","title":{"rendered":"Care Color Brilliance Shampoo 80 ml"},"content":{"rendered":"<p>A gentle shampoo that protects coloured hair from fading. Color Sealing Complex prolongs colour fastness and preserves colour character. UVA and UVB filters protect colour from the sun. Apply to wet hair, lather and rinse thoroughly. Repeat treatment as necessary.<\/p>","protected":false},"excerpt":{"rendered":"<p>A gentle shampoo that protects coloured hair from fading. Color Sealing Complex prolongs colour fastness and preserves colour character. Solamer provides broad spectrum UVA and UVB protection.<\/p>","protected":false},"featured_media":13511,"comment_status":"closed","ping_status":"closed","template":"","meta":{"_relevanssi_hide_post":"","_relevanssi_pin_for_all":"","_relevanssi_pin_keywords":"","_relevanssi_unpin_keywords":"","_relevanssi_related_keywords":"","_relevanssi_related_include_ids":"","_relevanssi_related_exclude_ids":"","_relevanssi_related_no_append":"","_relevanssi_related_not_related":"","_relevanssi_related_posts":"","_relevanssi_noindex_reason":""},"product_cat":[1727,1728,1729],"product_tag":[],"class_list":["post-5067","product","type-product","status-publish","has-post-thumbnail","hentry","product_cat-hiuskosmetiikka","product_cat-shampoot","product_cat-keune-care","pa_koko-matkakoko","pa_ominaisuudet-cruelty-free","pa_ominaisuudet-valmistettu-euroopassa","pa_tuoteperhe-care-color-brilliance","tuotemerkki-keune-care","tuotemerkki-keune-haircosmetics"],"tuotemerkit":[{"term_id":26,"name":"Keune Care","slug":"keune-care","term_group":0,"term_taxonomy_id":26,"taxonomy":"tuotemerkki","description":"","parent":25,"count":137,"filter":"raw"},{"term_id":25,"name":"Keune Haircosmetics","slug":"keune-haircosmetics","term_group":0,"term_taxonomy_id":25,"taxonomy":"tuotemerkki","description":"","parent":0,"count":277,"filter":"raw"}],"acf":[],"yoast_head":"<!-- This site is optimized with the Yoast SEO plugin v23.3 - https:\/\/yoast.com\/wordpress\/plugins\/seo\/ -->\n<title>Care Color Brillianz Shampoo 80 ml - Kinnunen<\/title>\n<meta name=\"robots\" content=\"index, follow, max-snippet:-1, max-image-preview:large, max-video-preview:-1\" \/>\n<link rel=\"canonical\" href=\"https:\/\/kinnunen.fi\/en\/product\/care-color-brillianz-shampoo-80-ml\/\" \/>\n<meta property=\"og:locale\" content=\"en_GB\" \/>\n<meta property=\"og:type\" content=\"article\" \/>\n<meta property=\"og:title\" content=\"Care Color Brillianz Shampoo 80 ml - Kinnunen\" \/>\n<meta property=\"og:description\" content=\"Hell\u00e4varainen shampoo, joka suojelee v\u00e4rj\u00e4ttyj\u00e4 hiuksia haalistumiselta. Color Sealing Complex pident\u00e4\u00e4 v\u00e4rinkestoa ja s\u00e4ilytt\u00e4\u00e4 v\u00e4rinluonteen. Solamer antaa laaja-alaisen UVA ja UVB suojan.\" \/>\n<meta property=\"og:url\" content=\"https:\/\/kinnunen.fi\/en\/product\/care-color-brillianz-shampoo-80-ml\/\" \/>\n<meta property=\"og:site_name\" content=\"Kinnunen\" \/>\n<meta property=\"article:modified_time\" content=\"2026-04-18T01:00:08+00:00\" \/>\n<meta property=\"og:image\" content=\"https:\/\/kinnunen.fi\/wp-content\/uploads\/2021\/10\/21335-Care-Color-Brillianz-Shampoo-80ml-online.jpg\" \/>\n\t<meta property=\"og:image:width\" content=\"1000\" \/>\n\t<meta property=\"og:image:height\" content=\"1000\" \/>\n\t<meta property=\"og:image:type\" content=\"image\/jpeg\" \/>\n<meta name=\"twitter:card\" content=\"summary_large_image\" \/>\n<script type=\"application\/ld+json\" class=\"yoast-schema-graph\">{\"@context\":\"https:\/\/schema.org\",\"@graph\":[{\"@type\":\"WebPage\",\"@id\":\"https:\/\/kinnunen.fi\/tuote\/care-color-brillianz-shampoo-80-ml\/\",\"url\":\"https:\/\/kinnunen.fi\/tuote\/care-color-brillianz-shampoo-80-ml\/\",\"name\":\"Care Color Brillianz Shampoo 80 ml - Kinnunen\",\"isPartOf\":{\"@id\":\"https:\/\/kinnunen.fi\/#website\"},\"primaryImageOfPage\":{\"@id\":\"https:\/\/kinnunen.fi\/tuote\/care-color-brillianz-shampoo-80-ml\/#primaryimage\"},\"image\":{\"@id\":\"https:\/\/kinnunen.fi\/tuote\/care-color-brillianz-shampoo-80-ml\/#primaryimage\"},\"thumbnailUrl\":\"https:\/\/kinnunen.fi\/wp-content\/uploads\/2021\/10\/21335-Care-Color-Brillianz-Shampoo-80ml-online.jpg\",\"datePublished\":\"2021-10-29T10:19:14+00:00\",\"dateModified\":\"2026-04-18T01:00:08+00:00\",\"breadcrumb\":{\"@id\":\"https:\/\/kinnunen.fi\/tuote\/care-color-brillianz-shampoo-80-ml\/#breadcrumb\"},\"inLanguage\":\"en-GB\",\"potentialAction\":[{\"@type\":\"ReadAction\",\"target\":[\"https:\/\/kinnunen.fi\/tuote\/care-color-brillianz-shampoo-80-ml\/\"]}]},{\"@type\":\"ImageObject\",\"inLanguage\":\"en-GB\",\"@id\":\"https:\/\/kinnunen.fi\/tuote\/care-color-brillianz-shampoo-80-ml\/#primaryimage\",\"url\":\"https:\/\/kinnunen.fi\/wp-content\/uploads\/2021\/10\/21335-Care-Color-Brillianz-Shampoo-80ml-online.jpg\",\"contentUrl\":\"https:\/\/kinnunen.fi\/wp-content\/uploads\/2021\/10\/21335-Care-Color-Brillianz-Shampoo-80ml-online.jpg\",\"width\":1000,\"height\":1000},{\"@type\":\"BreadcrumbList\",\"@id\":\"https:\/\/kinnunen.fi\/tuote\/care-color-brillianz-shampoo-80-ml\/#breadcrumb\",\"itemListElement\":[{\"@type\":\"ListItem\",\"position\":1,\"name\":\"Etusivu\",\"item\":\"https:\/\/kinnunen.fi\/\"},{\"@type\":\"ListItem\",\"position\":2,\"name\":\"Kaikki tuotteet\",\"item\":\"https:\/\/kinnunen.fi\/kauppa\/\"},{\"@type\":\"ListItem\",\"position\":3,\"name\":\"Hiuskosmetiikka\",\"item\":\"https:\/\/kinnunen.fi\/tuote-osasto\/hiuskosmetiikka\/\"},{\"@type\":\"ListItem\",\"position\":4,\"name\":\"Shampoot\",\"item\":\"https:\/\/kinnunen.fi\/tuote-osasto\/hiuskosmetiikka\/shampoot\/\"},{\"@type\":\"ListItem\",\"position\":5,\"name\":\"Keune Care\",\"item\":\"https:\/\/kinnunen.fi\/tuote-osasto\/hiuskosmetiikka\/shampoot\/keune-care\/\"},{\"@type\":\"ListItem\",\"position\":6,\"name\":\"Care Color Brillianz Shampoo 80 ml\"}]},{\"@type\":\"WebSite\",\"@id\":\"https:\/\/kinnunen.fi\/#website\",\"url\":\"https:\/\/kinnunen.fi\/\",\"name\":\"Kinnunen\",\"description\":\"\",\"potentialAction\":[{\"@type\":\"SearchAction\",\"target\":{\"@type\":\"EntryPoint\",\"urlTemplate\":\"https:\/\/kinnunen.fi\/?s={search_term_string}\"},\"query-input\":\"required name=search_term_string\"}],\"inLanguage\":\"en-GB\"}]}<\/script>\n<!-- \/ Yoast SEO plugin. -->","yoast_head_json":{"title":"Care Color Brillianz Shampoo 80 ml - Kinnunen","robots":{"index":"index","follow":"follow","max-snippet":"max-snippet:-1","max-image-preview":"max-image-preview:large","max-video-preview":"max-video-preview:-1"},"canonical":"https:\/\/kinnunen.fi\/en\/product\/care-color-brillianz-shampoo-80-ml\/","og_locale":"en_GB","og_type":"article","og_title":"Care Color Brillianz Shampoo 80 ml - Kinnunen","og_description":"Hell\u00e4varainen shampoo, joka suojelee v\u00e4rj\u00e4ttyj\u00e4 hiuksia haalistumiselta. Color Sealing Complex pident\u00e4\u00e4 v\u00e4rinkestoa ja s\u00e4ilytt\u00e4\u00e4 v\u00e4rinluonteen. Solamer antaa laaja-alaisen UVA ja UVB suojan.","og_url":"https:\/\/kinnunen.fi\/en\/product\/care-color-brillianz-shampoo-80-ml\/","og_site_name":"Kinnunen","article_modified_time":"2026-04-18T01:00:08+00:00","og_image":[{"width":1000,"height":1000,"url":"https:\/\/kinnunen.fi\/wp-content\/uploads\/2021\/10\/21335-Care-Color-Brillianz-Shampoo-80ml-online.jpg","type":"image\/jpeg"}],"twitter_card":"summary_large_image","schema":{"@context":"https:\/\/schema.org","@graph":[{"@type":"WebPage","@id":"https:\/\/kinnunen.fi\/tuote\/care-color-brillianz-shampoo-80-ml\/","url":"https:\/\/kinnunen.fi\/tuote\/care-color-brillianz-shampoo-80-ml\/","name":"Care Color Brillianz Shampoo 80 ml - Kinnunen","isPartOf":{"@id":"https:\/\/kinnunen.fi\/#website"},"primaryImageOfPage":{"@id":"https:\/\/kinnunen.fi\/tuote\/care-color-brillianz-shampoo-80-ml\/#primaryimage"},"image":{"@id":"https:\/\/kinnunen.fi\/tuote\/care-color-brillianz-shampoo-80-ml\/#primaryimage"},"thumbnailUrl":"https:\/\/kinnunen.fi\/wp-content\/uploads\/2021\/10\/21335-Care-Color-Brillianz-Shampoo-80ml-online.jpg","datePublished":"2021-10-29T10:19:14+00:00","dateModified":"2026-04-18T01:00:08+00:00","breadcrumb":{"@id":"https:\/\/kinnunen.fi\/tuote\/care-color-brillianz-shampoo-80-ml\/#breadcrumb"},"inLanguage":"en-GB","potentialAction":[{"@type":"ReadAction","target":["https:\/\/kinnunen.fi\/tuote\/care-color-brillianz-shampoo-80-ml\/"]}]},{"@type":"ImageObject","inLanguage":"en-GB","@id":"https:\/\/kinnunen.fi\/tuote\/care-color-brillianz-shampoo-80-ml\/#primaryimage","url":"https:\/\/kinnunen.fi\/wp-content\/uploads\/2021\/10\/21335-Care-Color-Brillianz-Shampoo-80ml-online.jpg","contentUrl":"https:\/\/kinnunen.fi\/wp-content\/uploads\/2021\/10\/21335-Care-Color-Brillianz-Shampoo-80ml-online.jpg","width":1000,"height":1000},{"@type":"BreadcrumbList","@id":"https:\/\/kinnunen.fi\/tuote\/care-color-brillianz-shampoo-80-ml\/#breadcrumb","itemListElement":[{"@type":"ListItem","position":1,"name":"Etusivu","item":"https:\/\/kinnunen.fi\/"},{"@type":"ListItem","position":2,"name":"Kaikki tuotteet","item":"https:\/\/kinnunen.fi\/kauppa\/"},{"@type":"ListItem","position":3,"name":"Hiuskosmetiikka","item":"https:\/\/kinnunen.fi\/tuote-osasto\/hiuskosmetiikka\/"},{"@type":"ListItem","position":4,"name":"Shampoot","item":"https:\/\/kinnunen.fi\/tuote-osasto\/hiuskosmetiikka\/shampoot\/"},{"@type":"ListItem","position":5,"name":"Keune Care","item":"https:\/\/kinnunen.fi\/tuote-osasto\/hiuskosmetiikka\/shampoot\/keune-care\/"},{"@type":"ListItem","position":6,"name":"Care Color Brillianz Shampoo 80 ml"}]},{"@type":"WebSite","@id":"https:\/\/kinnunen.fi\/#website","url":"https:\/\/kinnunen.fi\/","name":"Kinnunen","description":"","potentialAction":[{"@type":"SearchAction","target":{"@type":"EntryPoint","urlTemplate":"https:\/\/kinnunen.fi\/?s={search_term_string}"},"query-input":"required name=search_term_string"}],"inLanguage":"en-GB"}]}},"_links":{"self":[{"href":"https:\/\/kinnunen.fi\/en\/wp-json\/wp\/v2\/product\/5067"}],"collection":[{"href":"https:\/\/kinnunen.fi\/en\/wp-json\/wp\/v2\/product"}],"about":[{"href":"https:\/\/kinnunen.fi\/en\/wp-json\/wp\/v2\/types\/product"}],"replies":[{"embeddable":true,"href":"https:\/\/kinnunen.fi\/en\/wp-json\/wp\/v2\/comments?post=5067"}],"wp:featuredmedia":[{"embeddable":true,"href":"https:\/\/kinnunen.fi\/en\/wp-json\/wp\/v2\/media\/13511"}],"wp:attachment":[{"href":"https:\/\/kinnunen.fi\/en\/wp-json\/wp\/v2\/media?parent=5067"}],"wp:term":[{"taxonomy":"product_cat","embeddable":true,"href":"https:\/\/kinnunen.fi\/en\/wp-json\/wp\/v2\/product_cat?post=5067"},{"taxonomy":"product_tag","embeddable":true,"href":"https:\/\/kinnunen.fi\/en\/wp-json\/wp\/v2\/product_tag?post=5067"}],"curies":[{"name":"wp","href":"https:\/\/api.w.org\/{rel}","templated":true}]}}