

{"id":5090,"date":"2021-10-29T13:19:50","date_gmt":"2021-10-29T10:19:50","guid":{"rendered":"https:\/\/kinnunen.fi\/tuote\/care-absolute-volume-shampoo-1000-ml\/"},"modified":"2026-02-25T08:01:55","modified_gmt":"2026-02-25T06:01:55","slug":"care-absolute-volume-shampoo-1000-ml","status":"publish","type":"product","link":"https:\/\/kinnunen.fi\/en\/product\/care-absolute-volume-shampoo-1000-ml\/","title":{"rendered":"Care Absolute Volume Shampoo 1000 ml"},"content":{"rendered":"<p>Absolut Volume shampoo for normal and fine hair, with minerals to refresh the hair and scalp. Wheat proteins strengthen the hair's structure and give it body. Provitamin B5 is deeply absorbed into the hair structure, where it regulates the hair's moisture balance and strengthens the hair's structure. Hair becomes luscious, airy and tight. Use: Apply to wet hair and lather. Rinse thoroughly. Rinse thoroughly. Repeat treatment as necessary.<\/p>","protected":false},"excerpt":{"rendered":"<p>A mild shampoo that leaves the hair feeling full without weighing it down. Provitamin B5 and wheat proteins strengthen and volumize the hair. The hair becomes extremely voluminous, airy, shiny and strong.<\/p>","protected":false},"featured_media":13522,"comment_status":"closed","ping_status":"closed","template":"","meta":{"_relevanssi_hide_post":"","_relevanssi_pin_for_all":"","_relevanssi_pin_keywords":"","_relevanssi_unpin_keywords":"","_relevanssi_related_keywords":"","_relevanssi_related_include_ids":"","_relevanssi_related_exclude_ids":"","_relevanssi_related_no_append":"","_relevanssi_related_not_related":"","_relevanssi_related_posts":"","_relevanssi_noindex_reason":""},"product_cat":[1727,1728,1729],"product_tag":[],"class_list":["post-5090","product","type-product","status-publish","has-post-thumbnail","hentry","product_cat-hiuskosmetiikka","product_cat-shampoot","product_cat-keune-care","pa_koko-ammattikoko","pa_ominaisuudet-cruelty-free","pa_ominaisuudet-valmistettu-euroopassa","pa_tuoteperhe-care-absolut-volume","tuotemerkki-keune-care","tuotemerkki-keune-haircosmetics"],"tuotemerkit":[{"term_id":26,"name":"Keune Care","slug":"keune-care","term_group":0,"term_taxonomy_id":26,"taxonomy":"tuotemerkki","description":"","parent":25,"count":137,"filter":"raw"},{"term_id":25,"name":"Keune Haircosmetics","slug":"keune-haircosmetics","term_group":0,"term_taxonomy_id":25,"taxonomy":"tuotemerkki","description":"","parent":0,"count":277,"filter":"raw"}],"acf":[],"yoast_head":"<!-- This site is optimized with the Yoast SEO plugin v23.3 - https:\/\/yoast.com\/wordpress\/plugins\/seo\/ -->\n<title>Care Absolute Volume Shampoo 1000 ml - Kinnunen<\/title>\n<meta name=\"robots\" content=\"index, follow, max-snippet:-1, max-image-preview:large, max-video-preview:-1\" \/>\n<link rel=\"canonical\" href=\"https:\/\/kinnunen.fi\/en\/product\/care-absolute-volume-shampoo-1000-ml\/\" \/>\n<meta property=\"og:locale\" content=\"en_GB\" \/>\n<meta property=\"og:type\" content=\"article\" \/>\n<meta property=\"og:title\" content=\"Care Absolute Volume Shampoo 1000 ml - Kinnunen\" \/>\n<meta property=\"og:description\" content=\"Mieto shampoo, joka antaa hiuksiin runsautta painottomasti. Provitamiini B5 ja vehn\u00e4proteiinit vahvistavat hiusta ja antavat niille volyymia. Hiuksista tulee eritt\u00e4in runsaat, ilmavat, kiilt\u00e4v\u00e4t ja vahvat.\" \/>\n<meta property=\"og:url\" content=\"https:\/\/kinnunen.fi\/en\/product\/care-absolute-volume-shampoo-1000-ml\/\" \/>\n<meta property=\"og:site_name\" content=\"Kinnunen\" \/>\n<meta property=\"article:modified_time\" content=\"2026-02-25T06:01:55+00:00\" \/>\n<meta property=\"og:image\" content=\"https:\/\/kinnunen.fi\/wp-content\/uploads\/2021\/10\/21346-Care-Absolute-Volume-Shampoo-1000ml-online.jpg\" \/>\n\t<meta property=\"og:image:width\" content=\"1000\" \/>\n\t<meta property=\"og:image:height\" content=\"1000\" \/>\n\t<meta property=\"og:image:type\" content=\"image\/jpeg\" \/>\n<meta name=\"twitter:card\" content=\"summary_large_image\" \/>\n<script type=\"application\/ld+json\" class=\"yoast-schema-graph\">{\"@context\":\"https:\/\/schema.org\",\"@graph\":[{\"@type\":\"WebPage\",\"@id\":\"https:\/\/kinnunen.fi\/tuote\/care-absolute-volume-shampoo-1000-ml\/\",\"url\":\"https:\/\/kinnunen.fi\/tuote\/care-absolute-volume-shampoo-1000-ml\/\",\"name\":\"Care Absolute Volume Shampoo 1000 ml - Kinnunen\",\"isPartOf\":{\"@id\":\"https:\/\/kinnunen.fi\/#website\"},\"primaryImageOfPage\":{\"@id\":\"https:\/\/kinnunen.fi\/tuote\/care-absolute-volume-shampoo-1000-ml\/#primaryimage\"},\"image\":{\"@id\":\"https:\/\/kinnunen.fi\/tuote\/care-absolute-volume-shampoo-1000-ml\/#primaryimage\"},\"thumbnailUrl\":\"https:\/\/kinnunen.fi\/wp-content\/uploads\/2021\/10\/21346-Care-Absolute-Volume-Shampoo-1000ml-online.jpg\",\"datePublished\":\"2021-10-29T10:19:50+00:00\",\"dateModified\":\"2026-02-25T06:01:55+00:00\",\"breadcrumb\":{\"@id\":\"https:\/\/kinnunen.fi\/tuote\/care-absolute-volume-shampoo-1000-ml\/#breadcrumb\"},\"inLanguage\":\"en-GB\",\"potentialAction\":[{\"@type\":\"ReadAction\",\"target\":[\"https:\/\/kinnunen.fi\/tuote\/care-absolute-volume-shampoo-1000-ml\/\"]}]},{\"@type\":\"ImageObject\",\"inLanguage\":\"en-GB\",\"@id\":\"https:\/\/kinnunen.fi\/tuote\/care-absolute-volume-shampoo-1000-ml\/#primaryimage\",\"url\":\"https:\/\/kinnunen.fi\/wp-content\/uploads\/2021\/10\/21346-Care-Absolute-Volume-Shampoo-1000ml-online.jpg\",\"contentUrl\":\"https:\/\/kinnunen.fi\/wp-content\/uploads\/2021\/10\/21346-Care-Absolute-Volume-Shampoo-1000ml-online.jpg\",\"width\":1000,\"height\":1000},{\"@type\":\"BreadcrumbList\",\"@id\":\"https:\/\/kinnunen.fi\/tuote\/care-absolute-volume-shampoo-1000-ml\/#breadcrumb\",\"itemListElement\":[{\"@type\":\"ListItem\",\"position\":1,\"name\":\"Etusivu\",\"item\":\"https:\/\/kinnunen.fi\/\"},{\"@type\":\"ListItem\",\"position\":2,\"name\":\"Kaikki tuotteet\",\"item\":\"https:\/\/kinnunen.fi\/kauppa\/\"},{\"@type\":\"ListItem\",\"position\":3,\"name\":\"Hiuskosmetiikka\",\"item\":\"https:\/\/kinnunen.fi\/tuote-osasto\/hiuskosmetiikka\/\"},{\"@type\":\"ListItem\",\"position\":4,\"name\":\"Shampoot\",\"item\":\"https:\/\/kinnunen.fi\/tuote-osasto\/hiuskosmetiikka\/shampoot\/\"},{\"@type\":\"ListItem\",\"position\":5,\"name\":\"Keune Care\",\"item\":\"https:\/\/kinnunen.fi\/tuote-osasto\/hiuskosmetiikka\/shampoot\/keune-care\/\"},{\"@type\":\"ListItem\",\"position\":6,\"name\":\"Care Absolute Volume Shampoo 1000 ml\"}]},{\"@type\":\"WebSite\",\"@id\":\"https:\/\/kinnunen.fi\/#website\",\"url\":\"https:\/\/kinnunen.fi\/\",\"name\":\"Kinnunen\",\"description\":\"\",\"potentialAction\":[{\"@type\":\"SearchAction\",\"target\":{\"@type\":\"EntryPoint\",\"urlTemplate\":\"https:\/\/kinnunen.fi\/?s={search_term_string}\"},\"query-input\":\"required name=search_term_string\"}],\"inLanguage\":\"en-GB\"}]}<\/script>\n<!-- \/ Yoast SEO plugin. -->","yoast_head_json":{"title":"Care Absolute Volume Shampoo 1000 ml - Kinnunen","robots":{"index":"index","follow":"follow","max-snippet":"max-snippet:-1","max-image-preview":"max-image-preview:large","max-video-preview":"max-video-preview:-1"},"canonical":"https:\/\/kinnunen.fi\/en\/product\/care-absolute-volume-shampoo-1000-ml\/","og_locale":"en_GB","og_type":"article","og_title":"Care Absolute Volume Shampoo 1000 ml - Kinnunen","og_description":"Mieto shampoo, joka antaa hiuksiin runsautta painottomasti. Provitamiini B5 ja vehn\u00e4proteiinit vahvistavat hiusta ja antavat niille volyymia. Hiuksista tulee eritt\u00e4in runsaat, ilmavat, kiilt\u00e4v\u00e4t ja vahvat.","og_url":"https:\/\/kinnunen.fi\/en\/product\/care-absolute-volume-shampoo-1000-ml\/","og_site_name":"Kinnunen","article_modified_time":"2026-02-25T06:01:55+00:00","og_image":[{"width":1000,"height":1000,"url":"https:\/\/kinnunen.fi\/wp-content\/uploads\/2021\/10\/21346-Care-Absolute-Volume-Shampoo-1000ml-online.jpg","type":"image\/jpeg"}],"twitter_card":"summary_large_image","schema":{"@context":"https:\/\/schema.org","@graph":[{"@type":"WebPage","@id":"https:\/\/kinnunen.fi\/tuote\/care-absolute-volume-shampoo-1000-ml\/","url":"https:\/\/kinnunen.fi\/tuote\/care-absolute-volume-shampoo-1000-ml\/","name":"Care Absolute Volume Shampoo 1000 ml - Kinnunen","isPartOf":{"@id":"https:\/\/kinnunen.fi\/#website"},"primaryImageOfPage":{"@id":"https:\/\/kinnunen.fi\/tuote\/care-absolute-volume-shampoo-1000-ml\/#primaryimage"},"image":{"@id":"https:\/\/kinnunen.fi\/tuote\/care-absolute-volume-shampoo-1000-ml\/#primaryimage"},"thumbnailUrl":"https:\/\/kinnunen.fi\/wp-content\/uploads\/2021\/10\/21346-Care-Absolute-Volume-Shampoo-1000ml-online.jpg","datePublished":"2021-10-29T10:19:50+00:00","dateModified":"2026-02-25T06:01:55+00:00","breadcrumb":{"@id":"https:\/\/kinnunen.fi\/tuote\/care-absolute-volume-shampoo-1000-ml\/#breadcrumb"},"inLanguage":"en-GB","potentialAction":[{"@type":"ReadAction","target":["https:\/\/kinnunen.fi\/tuote\/care-absolute-volume-shampoo-1000-ml\/"]}]},{"@type":"ImageObject","inLanguage":"en-GB","@id":"https:\/\/kinnunen.fi\/tuote\/care-absolute-volume-shampoo-1000-ml\/#primaryimage","url":"https:\/\/kinnunen.fi\/wp-content\/uploads\/2021\/10\/21346-Care-Absolute-Volume-Shampoo-1000ml-online.jpg","contentUrl":"https:\/\/kinnunen.fi\/wp-content\/uploads\/2021\/10\/21346-Care-Absolute-Volume-Shampoo-1000ml-online.jpg","width":1000,"height":1000},{"@type":"BreadcrumbList","@id":"https:\/\/kinnunen.fi\/tuote\/care-absolute-volume-shampoo-1000-ml\/#breadcrumb","itemListElement":[{"@type":"ListItem","position":1,"name":"Etusivu","item":"https:\/\/kinnunen.fi\/"},{"@type":"ListItem","position":2,"name":"Kaikki tuotteet","item":"https:\/\/kinnunen.fi\/kauppa\/"},{"@type":"ListItem","position":3,"name":"Hiuskosmetiikka","item":"https:\/\/kinnunen.fi\/tuote-osasto\/hiuskosmetiikka\/"},{"@type":"ListItem","position":4,"name":"Shampoot","item":"https:\/\/kinnunen.fi\/tuote-osasto\/hiuskosmetiikka\/shampoot\/"},{"@type":"ListItem","position":5,"name":"Keune Care","item":"https:\/\/kinnunen.fi\/tuote-osasto\/hiuskosmetiikka\/shampoot\/keune-care\/"},{"@type":"ListItem","position":6,"name":"Care Absolute Volume Shampoo 1000 ml"}]},{"@type":"WebSite","@id":"https:\/\/kinnunen.fi\/#website","url":"https:\/\/kinnunen.fi\/","name":"Kinnunen","description":"","potentialAction":[{"@type":"SearchAction","target":{"@type":"EntryPoint","urlTemplate":"https:\/\/kinnunen.fi\/?s={search_term_string}"},"query-input":"required name=search_term_string"}],"inLanguage":"en-GB"}]}},"_links":{"self":[{"href":"https:\/\/kinnunen.fi\/en\/wp-json\/wp\/v2\/product\/5090"}],"collection":[{"href":"https:\/\/kinnunen.fi\/en\/wp-json\/wp\/v2\/product"}],"about":[{"href":"https:\/\/kinnunen.fi\/en\/wp-json\/wp\/v2\/types\/product"}],"replies":[{"embeddable":true,"href":"https:\/\/kinnunen.fi\/en\/wp-json\/wp\/v2\/comments?post=5090"}],"wp:featuredmedia":[{"embeddable":true,"href":"https:\/\/kinnunen.fi\/en\/wp-json\/wp\/v2\/media\/13522"}],"wp:attachment":[{"href":"https:\/\/kinnunen.fi\/en\/wp-json\/wp\/v2\/media?parent=5090"}],"wp:term":[{"taxonomy":"product_cat","embeddable":true,"href":"https:\/\/kinnunen.fi\/en\/wp-json\/wp\/v2\/product_cat?post=5090"},{"taxonomy":"product_tag","embeddable":true,"href":"https:\/\/kinnunen.fi\/en\/wp-json\/wp\/v2\/product_tag?post=5090"}],"curies":[{"name":"wp","href":"https:\/\/api.w.org\/{rel}","templated":true}]}}