

{"id":5118,"date":"2021-10-29T13:20:06","date_gmt":"2021-10-29T10:20:06","guid":{"rendered":"https:\/\/kinnunen.fi\/tuote\/care-lumi-coat-140-ml\/"},"modified":"2026-05-03T04:00:08","modified_gmt":"2026-05-03T01:00:08","slug":"care-lumi-coat-140-ml","status":"publish","type":"product","link":"https:\/\/kinnunen.fi\/en\/product\/care-lumi-coat-140-ml\/","title":{"rendered":"Care Lumi Coat 140 ml"},"content":{"rendered":"<p>A new all-purpose spray designed to give hair weightless moisture, smoothness and gorgeous shine. The spray creates a protective layer on the surface of the hair and smoothes the cuticle, resulting in gorgeous silky soft hair. The product's thermoactive formula has been developed to transform damaged hair and restore its natural shine. Use: spray onto washed, towel-dried hair and blow-dry. Style as desired. Note: we do not recommend using any other products underneath the Lumi Coat, after blow drying you can use your styling products as normal.<\/p>","protected":false},"excerpt":{"rendered":"<p>A phenomenally effective, moisturising and shine-enhancing heat-active conditioner. Makes hair healthy and shiny. Results last 3-4 washes!<\/p>","protected":false},"featured_media":13538,"comment_status":"closed","ping_status":"closed","template":"","meta":{"_relevanssi_hide_post":"","_relevanssi_pin_for_all":"","_relevanssi_pin_keywords":"","_relevanssi_unpin_keywords":"","_relevanssi_related_keywords":"","_relevanssi_related_include_ids":"","_relevanssi_related_exclude_ids":"","_relevanssi_related_no_append":"","_relevanssi_related_not_related":"","_relevanssi_related_posts":"","_relevanssi_noindex_reason":""},"product_cat":[1727,1734,1735],"product_tag":[],"class_list":["post-5118","product","type-product","status-publish","has-post-thumbnail","hentry","product_cat-hiuskosmetiikka","product_cat-hoitoaineet-ja-hiusmaamiot","product_cat-keune-care-hoitoaineet-ja-hiusmaamiot","pa_koko-normaalikoko","pa_ominaisuudet-cruelty-free","pa_ominaisuudet-valmistettu-euroopassa","tuotemerkki-keune-care","tuotemerkki-keune-haircosmetics"],"tuotemerkit":[{"term_id":26,"name":"Keune Care","slug":"keune-care","term_group":0,"term_taxonomy_id":26,"taxonomy":"tuotemerkki","description":"","parent":25,"count":136,"filter":"raw"},{"term_id":25,"name":"Keune Haircosmetics","slug":"keune-haircosmetics","term_group":0,"term_taxonomy_id":25,"taxonomy":"tuotemerkki","description":"","parent":0,"count":276,"filter":"raw"}],"acf":[],"yoast_head":"<!-- This site is optimized with the Yoast SEO plugin v23.3 - https:\/\/yoast.com\/wordpress\/plugins\/seo\/ -->\n<title>Care Lumi Coat 140 ml - Kinnunen<\/title>\n<meta name=\"robots\" content=\"index, follow, max-snippet:-1, max-image-preview:large, max-video-preview:-1\" \/>\n<link rel=\"canonical\" href=\"https:\/\/kinnunen.fi\/en\/product\/care-lumi-coat-140-ml\/\" \/>\n<meta property=\"og:locale\" content=\"en_GB\" \/>\n<meta property=\"og:type\" content=\"article\" \/>\n<meta property=\"og:title\" content=\"Care Lumi Coat 140 ml - Kinnunen\" \/>\n<meta property=\"og:description\" content=\"Ilmi\u00f6m\u00e4isen tehokas, kosteutta ja kiiltoa antava l\u00e4mp\u00f6aktiivinen hoitosuihke. Tekee hiuksista terveet sek\u00e4 kiilt\u00e4v\u00e4t. Tulos kest\u00e4\u00e4 3-4 pesua!\" \/>\n<meta property=\"og:url\" content=\"https:\/\/kinnunen.fi\/en\/product\/care-lumi-coat-140-ml\/\" \/>\n<meta property=\"og:site_name\" content=\"Kinnunen\" \/>\n<meta property=\"article:modified_time\" content=\"2026-05-03T01:00:08+00:00\" \/>\n<meta property=\"og:image\" content=\"https:\/\/kinnunen.fi\/wp-content\/uploads\/2021\/10\/21363-Keune-Care-Lumi-Coat-Box-Spray-140ml-online.jpg\" \/>\n\t<meta property=\"og:image:width\" content=\"1000\" \/>\n\t<meta property=\"og:image:height\" content=\"1000\" \/>\n\t<meta property=\"og:image:type\" content=\"image\/jpeg\" \/>\n<meta name=\"twitter:card\" content=\"summary_large_image\" \/>\n<script type=\"application\/ld+json\" class=\"yoast-schema-graph\">{\"@context\":\"https:\/\/schema.org\",\"@graph\":[{\"@type\":\"WebPage\",\"@id\":\"https:\/\/kinnunen.fi\/tuote\/care-lumi-coat-140-ml\/\",\"url\":\"https:\/\/kinnunen.fi\/tuote\/care-lumi-coat-140-ml\/\",\"name\":\"Care Lumi Coat 140 ml - Kinnunen\",\"isPartOf\":{\"@id\":\"https:\/\/kinnunen.fi\/#website\"},\"primaryImageOfPage\":{\"@id\":\"https:\/\/kinnunen.fi\/tuote\/care-lumi-coat-140-ml\/#primaryimage\"},\"image\":{\"@id\":\"https:\/\/kinnunen.fi\/tuote\/care-lumi-coat-140-ml\/#primaryimage\"},\"thumbnailUrl\":\"https:\/\/kinnunen.fi\/wp-content\/uploads\/2021\/10\/21363-Keune-Care-Lumi-Coat-Box-Spray-140ml-online.jpg\",\"datePublished\":\"2021-10-29T10:20:06+00:00\",\"dateModified\":\"2026-05-03T01:00:08+00:00\",\"breadcrumb\":{\"@id\":\"https:\/\/kinnunen.fi\/tuote\/care-lumi-coat-140-ml\/#breadcrumb\"},\"inLanguage\":\"en-GB\",\"potentialAction\":[{\"@type\":\"ReadAction\",\"target\":[\"https:\/\/kinnunen.fi\/tuote\/care-lumi-coat-140-ml\/\"]}]},{\"@type\":\"ImageObject\",\"inLanguage\":\"en-GB\",\"@id\":\"https:\/\/kinnunen.fi\/tuote\/care-lumi-coat-140-ml\/#primaryimage\",\"url\":\"https:\/\/kinnunen.fi\/wp-content\/uploads\/2021\/10\/21363-Keune-Care-Lumi-Coat-Box-Spray-140ml-online.jpg\",\"contentUrl\":\"https:\/\/kinnunen.fi\/wp-content\/uploads\/2021\/10\/21363-Keune-Care-Lumi-Coat-Box-Spray-140ml-online.jpg\",\"width\":1000,\"height\":1000},{\"@type\":\"BreadcrumbList\",\"@id\":\"https:\/\/kinnunen.fi\/tuote\/care-lumi-coat-140-ml\/#breadcrumb\",\"itemListElement\":[{\"@type\":\"ListItem\",\"position\":1,\"name\":\"Etusivu\",\"item\":\"https:\/\/kinnunen.fi\/\"},{\"@type\":\"ListItem\",\"position\":2,\"name\":\"Kaikki tuotteet\",\"item\":\"https:\/\/kinnunen.fi\/kauppa\/\"},{\"@type\":\"ListItem\",\"position\":3,\"name\":\"Hiuskosmetiikka\",\"item\":\"https:\/\/kinnunen.fi\/tuote-osasto\/hiuskosmetiikka\/\"},{\"@type\":\"ListItem\",\"position\":4,\"name\":\"Hoitoaineet ja hiusmaamiot\",\"item\":\"https:\/\/kinnunen.fi\/tuote-osasto\/hiuskosmetiikka\/hoitoaineet-ja-hiusmaamiot\/\"},{\"@type\":\"ListItem\",\"position\":5,\"name\":\"Keune Care\",\"item\":\"https:\/\/kinnunen.fi\/tuote-osasto\/hiuskosmetiikka\/hoitoaineet-ja-hiusmaamiot\/keune-care-hoitoaineet-ja-hiusmaamiot\/\"},{\"@type\":\"ListItem\",\"position\":6,\"name\":\"Care Lumi Coat 140 ml\"}]},{\"@type\":\"WebSite\",\"@id\":\"https:\/\/kinnunen.fi\/#website\",\"url\":\"https:\/\/kinnunen.fi\/\",\"name\":\"Kinnunen\",\"description\":\"\",\"potentialAction\":[{\"@type\":\"SearchAction\",\"target\":{\"@type\":\"EntryPoint\",\"urlTemplate\":\"https:\/\/kinnunen.fi\/?s={search_term_string}\"},\"query-input\":\"required name=search_term_string\"}],\"inLanguage\":\"en-GB\"}]}<\/script>\n<!-- \/ Yoast SEO plugin. -->","yoast_head_json":{"title":"Care Lumi Coat 140 ml - Kinnunen","robots":{"index":"index","follow":"follow","max-snippet":"max-snippet:-1","max-image-preview":"max-image-preview:large","max-video-preview":"max-video-preview:-1"},"canonical":"https:\/\/kinnunen.fi\/en\/product\/care-lumi-coat-140-ml\/","og_locale":"en_GB","og_type":"article","og_title":"Care Lumi Coat 140 ml - Kinnunen","og_description":"Ilmi\u00f6m\u00e4isen tehokas, kosteutta ja kiiltoa antava l\u00e4mp\u00f6aktiivinen hoitosuihke. Tekee hiuksista terveet sek\u00e4 kiilt\u00e4v\u00e4t. Tulos kest\u00e4\u00e4 3-4 pesua!","og_url":"https:\/\/kinnunen.fi\/en\/product\/care-lumi-coat-140-ml\/","og_site_name":"Kinnunen","article_modified_time":"2026-05-03T01:00:08+00:00","og_image":[{"width":1000,"height":1000,"url":"https:\/\/kinnunen.fi\/wp-content\/uploads\/2021\/10\/21363-Keune-Care-Lumi-Coat-Box-Spray-140ml-online.jpg","type":"image\/jpeg"}],"twitter_card":"summary_large_image","schema":{"@context":"https:\/\/schema.org","@graph":[{"@type":"WebPage","@id":"https:\/\/kinnunen.fi\/tuote\/care-lumi-coat-140-ml\/","url":"https:\/\/kinnunen.fi\/tuote\/care-lumi-coat-140-ml\/","name":"Care Lumi Coat 140 ml - Kinnunen","isPartOf":{"@id":"https:\/\/kinnunen.fi\/#website"},"primaryImageOfPage":{"@id":"https:\/\/kinnunen.fi\/tuote\/care-lumi-coat-140-ml\/#primaryimage"},"image":{"@id":"https:\/\/kinnunen.fi\/tuote\/care-lumi-coat-140-ml\/#primaryimage"},"thumbnailUrl":"https:\/\/kinnunen.fi\/wp-content\/uploads\/2021\/10\/21363-Keune-Care-Lumi-Coat-Box-Spray-140ml-online.jpg","datePublished":"2021-10-29T10:20:06+00:00","dateModified":"2026-05-03T01:00:08+00:00","breadcrumb":{"@id":"https:\/\/kinnunen.fi\/tuote\/care-lumi-coat-140-ml\/#breadcrumb"},"inLanguage":"en-GB","potentialAction":[{"@type":"ReadAction","target":["https:\/\/kinnunen.fi\/tuote\/care-lumi-coat-140-ml\/"]}]},{"@type":"ImageObject","inLanguage":"en-GB","@id":"https:\/\/kinnunen.fi\/tuote\/care-lumi-coat-140-ml\/#primaryimage","url":"https:\/\/kinnunen.fi\/wp-content\/uploads\/2021\/10\/21363-Keune-Care-Lumi-Coat-Box-Spray-140ml-online.jpg","contentUrl":"https:\/\/kinnunen.fi\/wp-content\/uploads\/2021\/10\/21363-Keune-Care-Lumi-Coat-Box-Spray-140ml-online.jpg","width":1000,"height":1000},{"@type":"BreadcrumbList","@id":"https:\/\/kinnunen.fi\/tuote\/care-lumi-coat-140-ml\/#breadcrumb","itemListElement":[{"@type":"ListItem","position":1,"name":"Etusivu","item":"https:\/\/kinnunen.fi\/"},{"@type":"ListItem","position":2,"name":"Kaikki tuotteet","item":"https:\/\/kinnunen.fi\/kauppa\/"},{"@type":"ListItem","position":3,"name":"Hiuskosmetiikka","item":"https:\/\/kinnunen.fi\/tuote-osasto\/hiuskosmetiikka\/"},{"@type":"ListItem","position":4,"name":"Hoitoaineet ja hiusmaamiot","item":"https:\/\/kinnunen.fi\/tuote-osasto\/hiuskosmetiikka\/hoitoaineet-ja-hiusmaamiot\/"},{"@type":"ListItem","position":5,"name":"Keune Care","item":"https:\/\/kinnunen.fi\/tuote-osasto\/hiuskosmetiikka\/hoitoaineet-ja-hiusmaamiot\/keune-care-hoitoaineet-ja-hiusmaamiot\/"},{"@type":"ListItem","position":6,"name":"Care Lumi Coat 140 ml"}]},{"@type":"WebSite","@id":"https:\/\/kinnunen.fi\/#website","url":"https:\/\/kinnunen.fi\/","name":"Kinnunen","description":"","potentialAction":[{"@type":"SearchAction","target":{"@type":"EntryPoint","urlTemplate":"https:\/\/kinnunen.fi\/?s={search_term_string}"},"query-input":"required name=search_term_string"}],"inLanguage":"en-GB"}]}},"_links":{"self":[{"href":"https:\/\/kinnunen.fi\/en\/wp-json\/wp\/v2\/product\/5118"}],"collection":[{"href":"https:\/\/kinnunen.fi\/en\/wp-json\/wp\/v2\/product"}],"about":[{"href":"https:\/\/kinnunen.fi\/en\/wp-json\/wp\/v2\/types\/product"}],"replies":[{"embeddable":true,"href":"https:\/\/kinnunen.fi\/en\/wp-json\/wp\/v2\/comments?post=5118"}],"wp:featuredmedia":[{"embeddable":true,"href":"https:\/\/kinnunen.fi\/en\/wp-json\/wp\/v2\/media\/13538"}],"wp:attachment":[{"href":"https:\/\/kinnunen.fi\/en\/wp-json\/wp\/v2\/media?parent=5118"}],"wp:term":[{"taxonomy":"product_cat","embeddable":true,"href":"https:\/\/kinnunen.fi\/en\/wp-json\/wp\/v2\/product_cat?post=5118"},{"taxonomy":"product_tag","embeddable":true,"href":"https:\/\/kinnunen.fi\/en\/wp-json\/wp\/v2\/product_tag?post=5118"}],"curies":[{"name":"wp","href":"https:\/\/api.w.org\/{rel}","templated":true}]}}