

{"id":5263,"date":"2021-10-29T13:21:57","date_gmt":"2021-10-29T10:21:57","guid":{"rendered":"https:\/\/kinnunen.fi\/tuote\/ultimate-blonde-magic-blonde-refill-2-x-500-g\/"},"modified":"2026-04-29T04:00:07","modified_gmt":"2026-04-29T01:00:07","slug":"ultimate-blonde-magic-blonde-refill-2-x-500-g","status":"publish","type":"product","link":"https:\/\/kinnunen.fi\/en\/product\/ultimate-blonde-magic-blonde-refill-2-x-500-g\/","title":{"rendered":"Ultimate Blonde Magic Blonde Refill 2 x 500 g"},"content":{"rendered":"<p>A highly bleaching, dust-free bleaching powder. A-Bisabolol protects the scalp during the bleaching process and silk protein conditions the hair and makes it shiny. Suitable for all bleaching techniques, ideal for bleaching the entire hair mass. Bleaching power up to 7 degrees for undyed hair and up to 6 degrees for coloured hair. Use in combination with Ink Cream Developer. Recommended acid strengths 3%, 6% and 9%, max 6% on the scalp. The powder is light blue in colour. If the desired target is not reached within 50 minutes, do not rinse off. Wipe off the mass from the hair with a paper towel and reapply to the hair. However, use a lower acid strength the second time than the first time.<\/p>","protected":false},"excerpt":{"rendered":"<p>A dust-free bleaching powder that protects the hair and scalp during the bleaching process. Strongly bleaching formula, suitable for all bleaching techniques. The powder is blue in colour.<\/p>","protected":false},"featured_media":13451,"comment_status":"closed","ping_status":"closed","template":"","meta":{"_relevanssi_hide_post":"","_relevanssi_pin_for_all":"","_relevanssi_pin_keywords":"","_relevanssi_unpin_keywords":"","_relevanssi_related_keywords":"","_relevanssi_related_include_ids":"","_relevanssi_related_exclude_ids":"","_relevanssi_related_no_append":"","_relevanssi_related_not_related":"","_relevanssi_related_posts":"","_relevanssi_noindex_reason":""},"product_cat":[1727,1750],"product_tag":[2207],"class_list":["post-5263","product","type-product","status-publish","has-post-thumbnail","hentry","product_cat-hiuskosmetiikka","product_cat-vaalennusjauheet","product_tag-vaalennusjauheet","pa_ominaisuudet-cruelty-free","pa_ominaisuudet-valmistettu-euroopassa","tuotemerkki-keune-haircosmetics","tuotemerkki-ultimate-blonde"],"tuotemerkit":[{"term_id":25,"name":"Keune Haircosmetics","slug":"keune-haircosmetics","term_group":0,"term_taxonomy_id":25,"taxonomy":"tuotemerkki","description":"","parent":0,"count":276,"filter":"raw"},{"term_id":106,"name":"Ultimate Blonde","slug":"ultimate-blonde","term_group":0,"term_taxonomy_id":106,"taxonomy":"tuotemerkki","description":"","parent":25,"count":11,"filter":"raw"}],"acf":[],"yoast_head":"<!-- This site is optimized with the Yoast SEO plugin v23.3 - https:\/\/yoast.com\/wordpress\/plugins\/seo\/ -->\n<title>Ultimate Blonde Magic Blonde Refill 2 x 500 g - Kinnunen<\/title>\n<meta name=\"robots\" content=\"index, follow, max-snippet:-1, max-image-preview:large, max-video-preview:-1\" \/>\n<link rel=\"canonical\" href=\"https:\/\/kinnunen.fi\/en\/product\/ultimate-blonde-magic-blonde-refill-2-x-500-g\/\" \/>\n<meta property=\"og:locale\" content=\"en_GB\" \/>\n<meta property=\"og:type\" content=\"article\" \/>\n<meta property=\"og:title\" content=\"Ultimate Blonde Magic Blonde Refill 2 x 500 g - Kinnunen\" \/>\n<meta property=\"og:description\" content=\"P\u00f6ly\u00e4m\u00e4t\u00f6n vaalenusjauhe, joka suojaa hiuksia sek\u00e4 hiuspohjaa vaalennusprosessin aikana. Voimakkaasti vaalentava koostumus, sopii kaikkiin vaalennustekniikoihin. Jauhe on v\u00e4rilt\u00e4\u00e4n sinist\u00e4.\" \/>\n<meta property=\"og:url\" content=\"https:\/\/kinnunen.fi\/en\/product\/ultimate-blonde-magic-blonde-refill-2-x-500-g\/\" \/>\n<meta property=\"og:site_name\" content=\"Kinnunen\" \/>\n<meta property=\"article:modified_time\" content=\"2026-04-29T01:00:07+00:00\" \/>\n<meta property=\"og:image\" content=\"https:\/\/kinnunen.fi\/wp-content\/uploads\/2021\/10\/16423R-Keune-Ultimate-Blonde-Magic-Blonde-Refill-Bag-500gr-online.jpg\" \/>\n\t<meta property=\"og:image:width\" content=\"1000\" \/>\n\t<meta property=\"og:image:height\" content=\"1000\" \/>\n\t<meta property=\"og:image:type\" content=\"image\/jpeg\" \/>\n<meta name=\"twitter:card\" content=\"summary_large_image\" \/>\n<script type=\"application\/ld+json\" class=\"yoast-schema-graph\">{\"@context\":\"https:\/\/schema.org\",\"@graph\":[{\"@type\":\"WebPage\",\"@id\":\"https:\/\/kinnunen.fi\/tuote\/ultimate-blonde-magic-blonde-refill-2-x-500-g\/\",\"url\":\"https:\/\/kinnunen.fi\/tuote\/ultimate-blonde-magic-blonde-refill-2-x-500-g\/\",\"name\":\"Ultimate Blonde Magic Blonde Refill 2 x 500 g - Kinnunen\",\"isPartOf\":{\"@id\":\"https:\/\/kinnunen.fi\/#website\"},\"primaryImageOfPage\":{\"@id\":\"https:\/\/kinnunen.fi\/tuote\/ultimate-blonde-magic-blonde-refill-2-x-500-g\/#primaryimage\"},\"image\":{\"@id\":\"https:\/\/kinnunen.fi\/tuote\/ultimate-blonde-magic-blonde-refill-2-x-500-g\/#primaryimage\"},\"thumbnailUrl\":\"https:\/\/kinnunen.fi\/wp-content\/uploads\/2021\/10\/16423R-Keune-Ultimate-Blonde-Magic-Blonde-Refill-Bag-500gr-online.jpg\",\"datePublished\":\"2021-10-29T10:21:57+00:00\",\"dateModified\":\"2026-04-29T01:00:07+00:00\",\"breadcrumb\":{\"@id\":\"https:\/\/kinnunen.fi\/tuote\/ultimate-blonde-magic-blonde-refill-2-x-500-g\/#breadcrumb\"},\"inLanguage\":\"en-GB\",\"potentialAction\":[{\"@type\":\"ReadAction\",\"target\":[\"https:\/\/kinnunen.fi\/tuote\/ultimate-blonde-magic-blonde-refill-2-x-500-g\/\"]}]},{\"@type\":\"ImageObject\",\"inLanguage\":\"en-GB\",\"@id\":\"https:\/\/kinnunen.fi\/tuote\/ultimate-blonde-magic-blonde-refill-2-x-500-g\/#primaryimage\",\"url\":\"https:\/\/kinnunen.fi\/wp-content\/uploads\/2021\/10\/16423R-Keune-Ultimate-Blonde-Magic-Blonde-Refill-Bag-500gr-online.jpg\",\"contentUrl\":\"https:\/\/kinnunen.fi\/wp-content\/uploads\/2021\/10\/16423R-Keune-Ultimate-Blonde-Magic-Blonde-Refill-Bag-500gr-online.jpg\",\"width\":1000,\"height\":1000},{\"@type\":\"BreadcrumbList\",\"@id\":\"https:\/\/kinnunen.fi\/tuote\/ultimate-blonde-magic-blonde-refill-2-x-500-g\/#breadcrumb\",\"itemListElement\":[{\"@type\":\"ListItem\",\"position\":1,\"name\":\"Etusivu\",\"item\":\"https:\/\/kinnunen.fi\/\"},{\"@type\":\"ListItem\",\"position\":2,\"name\":\"Kaikki tuotteet\",\"item\":\"https:\/\/kinnunen.fi\/kauppa\/\"},{\"@type\":\"ListItem\",\"position\":3,\"name\":\"Hiuskosmetiikka\",\"item\":\"https:\/\/kinnunen.fi\/tuote-osasto\/hiuskosmetiikka\/\"},{\"@type\":\"ListItem\",\"position\":4,\"name\":\"Vaalennusjauheet\",\"item\":\"https:\/\/kinnunen.fi\/tuote-osasto\/hiuskosmetiikka\/vaalennusjauheet\/\"},{\"@type\":\"ListItem\",\"position\":5,\"name\":\"Ultimate Blonde Magic Blonde Refill 2 x 500 g\"}]},{\"@type\":\"WebSite\",\"@id\":\"https:\/\/kinnunen.fi\/#website\",\"url\":\"https:\/\/kinnunen.fi\/\",\"name\":\"Kinnunen\",\"description\":\"\",\"potentialAction\":[{\"@type\":\"SearchAction\",\"target\":{\"@type\":\"EntryPoint\",\"urlTemplate\":\"https:\/\/kinnunen.fi\/?s={search_term_string}\"},\"query-input\":\"required name=search_term_string\"}],\"inLanguage\":\"en-GB\"}]}<\/script>\n<!-- \/ Yoast SEO plugin. -->","yoast_head_json":{"title":"Ultimate Blonde Magic Blonde Refill 2 x 500 g - Kinnunen","robots":{"index":"index","follow":"follow","max-snippet":"max-snippet:-1","max-image-preview":"max-image-preview:large","max-video-preview":"max-video-preview:-1"},"canonical":"https:\/\/kinnunen.fi\/en\/product\/ultimate-blonde-magic-blonde-refill-2-x-500-g\/","og_locale":"en_GB","og_type":"article","og_title":"Ultimate Blonde Magic Blonde Refill 2 x 500 g - Kinnunen","og_description":"P\u00f6ly\u00e4m\u00e4t\u00f6n vaalenusjauhe, joka suojaa hiuksia sek\u00e4 hiuspohjaa vaalennusprosessin aikana. Voimakkaasti vaalentava koostumus, sopii kaikkiin vaalennustekniikoihin. Jauhe on v\u00e4rilt\u00e4\u00e4n sinist\u00e4.","og_url":"https:\/\/kinnunen.fi\/en\/product\/ultimate-blonde-magic-blonde-refill-2-x-500-g\/","og_site_name":"Kinnunen","article_modified_time":"2026-04-29T01:00:07+00:00","og_image":[{"width":1000,"height":1000,"url":"https:\/\/kinnunen.fi\/wp-content\/uploads\/2021\/10\/16423R-Keune-Ultimate-Blonde-Magic-Blonde-Refill-Bag-500gr-online.jpg","type":"image\/jpeg"}],"twitter_card":"summary_large_image","schema":{"@context":"https:\/\/schema.org","@graph":[{"@type":"WebPage","@id":"https:\/\/kinnunen.fi\/tuote\/ultimate-blonde-magic-blonde-refill-2-x-500-g\/","url":"https:\/\/kinnunen.fi\/tuote\/ultimate-blonde-magic-blonde-refill-2-x-500-g\/","name":"Ultimate Blonde Magic Blonde Refill 2 x 500 g - Kinnunen","isPartOf":{"@id":"https:\/\/kinnunen.fi\/#website"},"primaryImageOfPage":{"@id":"https:\/\/kinnunen.fi\/tuote\/ultimate-blonde-magic-blonde-refill-2-x-500-g\/#primaryimage"},"image":{"@id":"https:\/\/kinnunen.fi\/tuote\/ultimate-blonde-magic-blonde-refill-2-x-500-g\/#primaryimage"},"thumbnailUrl":"https:\/\/kinnunen.fi\/wp-content\/uploads\/2021\/10\/16423R-Keune-Ultimate-Blonde-Magic-Blonde-Refill-Bag-500gr-online.jpg","datePublished":"2021-10-29T10:21:57+00:00","dateModified":"2026-04-29T01:00:07+00:00","breadcrumb":{"@id":"https:\/\/kinnunen.fi\/tuote\/ultimate-blonde-magic-blonde-refill-2-x-500-g\/#breadcrumb"},"inLanguage":"en-GB","potentialAction":[{"@type":"ReadAction","target":["https:\/\/kinnunen.fi\/tuote\/ultimate-blonde-magic-blonde-refill-2-x-500-g\/"]}]},{"@type":"ImageObject","inLanguage":"en-GB","@id":"https:\/\/kinnunen.fi\/tuote\/ultimate-blonde-magic-blonde-refill-2-x-500-g\/#primaryimage","url":"https:\/\/kinnunen.fi\/wp-content\/uploads\/2021\/10\/16423R-Keune-Ultimate-Blonde-Magic-Blonde-Refill-Bag-500gr-online.jpg","contentUrl":"https:\/\/kinnunen.fi\/wp-content\/uploads\/2021\/10\/16423R-Keune-Ultimate-Blonde-Magic-Blonde-Refill-Bag-500gr-online.jpg","width":1000,"height":1000},{"@type":"BreadcrumbList","@id":"https:\/\/kinnunen.fi\/tuote\/ultimate-blonde-magic-blonde-refill-2-x-500-g\/#breadcrumb","itemListElement":[{"@type":"ListItem","position":1,"name":"Etusivu","item":"https:\/\/kinnunen.fi\/"},{"@type":"ListItem","position":2,"name":"Kaikki tuotteet","item":"https:\/\/kinnunen.fi\/kauppa\/"},{"@type":"ListItem","position":3,"name":"Hiuskosmetiikka","item":"https:\/\/kinnunen.fi\/tuote-osasto\/hiuskosmetiikka\/"},{"@type":"ListItem","position":4,"name":"Vaalennusjauheet","item":"https:\/\/kinnunen.fi\/tuote-osasto\/hiuskosmetiikka\/vaalennusjauheet\/"},{"@type":"ListItem","position":5,"name":"Ultimate Blonde Magic Blonde Refill 2 x 500 g"}]},{"@type":"WebSite","@id":"https:\/\/kinnunen.fi\/#website","url":"https:\/\/kinnunen.fi\/","name":"Kinnunen","description":"","potentialAction":[{"@type":"SearchAction","target":{"@type":"EntryPoint","urlTemplate":"https:\/\/kinnunen.fi\/?s={search_term_string}"},"query-input":"required name=search_term_string"}],"inLanguage":"en-GB"}]}},"_links":{"self":[{"href":"https:\/\/kinnunen.fi\/en\/wp-json\/wp\/v2\/product\/5263"}],"collection":[{"href":"https:\/\/kinnunen.fi\/en\/wp-json\/wp\/v2\/product"}],"about":[{"href":"https:\/\/kinnunen.fi\/en\/wp-json\/wp\/v2\/types\/product"}],"replies":[{"embeddable":true,"href":"https:\/\/kinnunen.fi\/en\/wp-json\/wp\/v2\/comments?post=5263"}],"wp:featuredmedia":[{"embeddable":true,"href":"https:\/\/kinnunen.fi\/en\/wp-json\/wp\/v2\/media\/13451"}],"wp:attachment":[{"href":"https:\/\/kinnunen.fi\/en\/wp-json\/wp\/v2\/media?parent=5263"}],"wp:term":[{"taxonomy":"product_cat","embeddable":true,"href":"https:\/\/kinnunen.fi\/en\/wp-json\/wp\/v2\/product_cat?post=5263"},{"taxonomy":"product_tag","embeddable":true,"href":"https:\/\/kinnunen.fi\/en\/wp-json\/wp\/v2\/product_tag?post=5263"}],"curies":[{"name":"wp","href":"https:\/\/api.w.org\/{rel}","templated":true}]}}