

{"id":5272,"date":"2021-10-29T13:22:13","date_gmt":"2021-10-29T10:22:13","guid":{"rendered":"https:\/\/kinnunen.fi\/tuote\/ultimate-blonde-neutralizing-spray-300-ml\/"},"modified":"2026-04-29T04:00:05","modified_gmt":"2026-04-29T01:00:05","slug":"ultimate-blonde-neutralizing-spray-300-ml","status":"publish","type":"product","link":"https:\/\/kinnunen.fi\/en\/product\/ultimate-blonde-neutralizing-spray-300-ml\/","title":{"rendered":"Ultimate Blonde Neutralizing Spray 300 ml"},"content":{"rendered":"<p>This ready-to-use professional spray instantly neutralises any unwanted gold tones from the hair during bleaching. The neutralising effect is immediately visible thanks to the nourishing silk protein in the product. Use: Divide wet hair into sections and spray the product evenly from roots to lengths. Comb through thoroughly. Depending on how strong a neutralization you need, you can rinse the product or leave it on the hair.<\/p>","protected":false},"excerpt":{"rendered":"<p>A highly neutralising spray containing blue and violet pigments. Suitable for use before and after bleaching.<\/p>","protected":false},"featured_media":13435,"comment_status":"closed","ping_status":"closed","template":"","meta":{"_relevanssi_hide_post":"","_relevanssi_pin_for_all":"","_relevanssi_pin_keywords":"","_relevanssi_unpin_keywords":"","_relevanssi_related_keywords":"","_relevanssi_related_include_ids":"","_relevanssi_related_exclude_ids":"","_relevanssi_related_no_append":"","_relevanssi_related_not_related":"","_relevanssi_related_posts":"","_relevanssi_noindex_reason":""},"product_cat":[1727,1754],"product_tag":[2210],"class_list":["post-5272","product","type-product","status-publish","has-post-thumbnail","hentry","product_cat-hiuskosmetiikka","product_cat-esikasittely-ja-after-color-tuotteet","product_tag-tinta-after-color","pa_ominaisuudet-cruelty-free","pa_ominaisuudet-valmistettu-euroopassa","tuotemerkki-keune-haircosmetics","tuotemerkki-ultimate-blonde"],"tuotemerkit":[{"term_id":25,"name":"Keune Haircosmetics","slug":"keune-haircosmetics","term_group":0,"term_taxonomy_id":25,"taxonomy":"tuotemerkki","description":"","parent":0,"count":276,"filter":"raw"},{"term_id":106,"name":"Ultimate Blonde","slug":"ultimate-blonde","term_group":0,"term_taxonomy_id":106,"taxonomy":"tuotemerkki","description":"","parent":25,"count":11,"filter":"raw"}],"acf":[],"yoast_head":"<!-- This site is optimized with the Yoast SEO plugin v23.3 - https:\/\/yoast.com\/wordpress\/plugins\/seo\/ -->\n<title>Ultimate Blonde Neutralizing Spray 300 ml - Kinnunen<\/title>\n<meta name=\"robots\" content=\"index, follow, max-snippet:-1, max-image-preview:large, max-video-preview:-1\" \/>\n<link rel=\"canonical\" href=\"https:\/\/kinnunen.fi\/en\/product\/ultimate-blonde-neutralizing-spray-300-ml\/\" \/>\n<meta property=\"og:locale\" content=\"en_GB\" \/>\n<meta property=\"og:type\" content=\"article\" \/>\n<meta property=\"og:title\" content=\"Ultimate Blonde Neutralizing Spray 300 ml - Kinnunen\" \/>\n<meta property=\"og:description\" content=\"Sini- ja violettipigmenttej\u00e4 sis\u00e4lt\u00e4v\u00e4, voimakkaasti neutraloiva spray. Sopii k\u00e4ytett\u00e4v\u00e4ksi ennen ja j\u00e4lkeen vaalennuksien.\" \/>\n<meta property=\"og:url\" content=\"https:\/\/kinnunen.fi\/en\/product\/ultimate-blonde-neutralizing-spray-300-ml\/\" \/>\n<meta property=\"og:site_name\" content=\"Kinnunen\" \/>\n<meta property=\"article:modified_time\" content=\"2026-04-29T01:00:05+00:00\" \/>\n<meta property=\"og:image\" content=\"https:\/\/kinnunen.fi\/wp-content\/uploads\/2021\/10\/13072-Tinta-Color-Ultimate-Blonde-Neutralizing-Blonde-Spray-300ml-online.jpg\" \/>\n\t<meta property=\"og:image:width\" content=\"1000\" \/>\n\t<meta property=\"og:image:height\" content=\"1000\" \/>\n\t<meta property=\"og:image:type\" content=\"image\/jpeg\" \/>\n<meta name=\"twitter:card\" content=\"summary_large_image\" \/>\n<script type=\"application\/ld+json\" class=\"yoast-schema-graph\">{\"@context\":\"https:\/\/schema.org\",\"@graph\":[{\"@type\":\"WebPage\",\"@id\":\"https:\/\/kinnunen.fi\/tuote\/ultimate-blonde-neutralizing-spray-300-ml\/\",\"url\":\"https:\/\/kinnunen.fi\/tuote\/ultimate-blonde-neutralizing-spray-300-ml\/\",\"name\":\"Ultimate Blonde Neutralizing Spray 300 ml - Kinnunen\",\"isPartOf\":{\"@id\":\"https:\/\/kinnunen.fi\/#website\"},\"primaryImageOfPage\":{\"@id\":\"https:\/\/kinnunen.fi\/tuote\/ultimate-blonde-neutralizing-spray-300-ml\/#primaryimage\"},\"image\":{\"@id\":\"https:\/\/kinnunen.fi\/tuote\/ultimate-blonde-neutralizing-spray-300-ml\/#primaryimage\"},\"thumbnailUrl\":\"https:\/\/kinnunen.fi\/wp-content\/uploads\/2021\/10\/13072-Tinta-Color-Ultimate-Blonde-Neutralizing-Blonde-Spray-300ml-online.jpg\",\"datePublished\":\"2021-10-29T10:22:13+00:00\",\"dateModified\":\"2026-04-29T01:00:05+00:00\",\"breadcrumb\":{\"@id\":\"https:\/\/kinnunen.fi\/tuote\/ultimate-blonde-neutralizing-spray-300-ml\/#breadcrumb\"},\"inLanguage\":\"en-GB\",\"potentialAction\":[{\"@type\":\"ReadAction\",\"target\":[\"https:\/\/kinnunen.fi\/tuote\/ultimate-blonde-neutralizing-spray-300-ml\/\"]}]},{\"@type\":\"ImageObject\",\"inLanguage\":\"en-GB\",\"@id\":\"https:\/\/kinnunen.fi\/tuote\/ultimate-blonde-neutralizing-spray-300-ml\/#primaryimage\",\"url\":\"https:\/\/kinnunen.fi\/wp-content\/uploads\/2021\/10\/13072-Tinta-Color-Ultimate-Blonde-Neutralizing-Blonde-Spray-300ml-online.jpg\",\"contentUrl\":\"https:\/\/kinnunen.fi\/wp-content\/uploads\/2021\/10\/13072-Tinta-Color-Ultimate-Blonde-Neutralizing-Blonde-Spray-300ml-online.jpg\",\"width\":1000,\"height\":1000},{\"@type\":\"BreadcrumbList\",\"@id\":\"https:\/\/kinnunen.fi\/tuote\/ultimate-blonde-neutralizing-spray-300-ml\/#breadcrumb\",\"itemListElement\":[{\"@type\":\"ListItem\",\"position\":1,\"name\":\"Etusivu\",\"item\":\"https:\/\/kinnunen.fi\/\"},{\"@type\":\"ListItem\",\"position\":2,\"name\":\"Kaikki tuotteet\",\"item\":\"https:\/\/kinnunen.fi\/kauppa\/\"},{\"@type\":\"ListItem\",\"position\":3,\"name\":\"Hiuskosmetiikka\",\"item\":\"https:\/\/kinnunen.fi\/tuote-osasto\/hiuskosmetiikka\/\"},{\"@type\":\"ListItem\",\"position\":4,\"name\":\"Esik\u00e4sittely ja After Color -tuotteet\",\"item\":\"https:\/\/kinnunen.fi\/tuote-osasto\/hiuskosmetiikka\/esikasittely-ja-after-color-tuotteet\/\"},{\"@type\":\"ListItem\",\"position\":5,\"name\":\"Ultimate Blonde Neutralizing Spray 300 ml\"}]},{\"@type\":\"WebSite\",\"@id\":\"https:\/\/kinnunen.fi\/#website\",\"url\":\"https:\/\/kinnunen.fi\/\",\"name\":\"Kinnunen\",\"description\":\"\",\"potentialAction\":[{\"@type\":\"SearchAction\",\"target\":{\"@type\":\"EntryPoint\",\"urlTemplate\":\"https:\/\/kinnunen.fi\/?s={search_term_string}\"},\"query-input\":\"required name=search_term_string\"}],\"inLanguage\":\"en-GB\"}]}<\/script>\n<!-- \/ Yoast SEO plugin. -->","yoast_head_json":{"title":"Ultimate Blonde Neutralizing Spray 300 ml - Kinnunen","robots":{"index":"index","follow":"follow","max-snippet":"max-snippet:-1","max-image-preview":"max-image-preview:large","max-video-preview":"max-video-preview:-1"},"canonical":"https:\/\/kinnunen.fi\/en\/product\/ultimate-blonde-neutralizing-spray-300-ml\/","og_locale":"en_GB","og_type":"article","og_title":"Ultimate Blonde Neutralizing Spray 300 ml - Kinnunen","og_description":"Sini- ja violettipigmenttej\u00e4 sis\u00e4lt\u00e4v\u00e4, voimakkaasti neutraloiva spray. Sopii k\u00e4ytett\u00e4v\u00e4ksi ennen ja j\u00e4lkeen vaalennuksien.","og_url":"https:\/\/kinnunen.fi\/en\/product\/ultimate-blonde-neutralizing-spray-300-ml\/","og_site_name":"Kinnunen","article_modified_time":"2026-04-29T01:00:05+00:00","og_image":[{"width":1000,"height":1000,"url":"https:\/\/kinnunen.fi\/wp-content\/uploads\/2021\/10\/13072-Tinta-Color-Ultimate-Blonde-Neutralizing-Blonde-Spray-300ml-online.jpg","type":"image\/jpeg"}],"twitter_card":"summary_large_image","schema":{"@context":"https:\/\/schema.org","@graph":[{"@type":"WebPage","@id":"https:\/\/kinnunen.fi\/tuote\/ultimate-blonde-neutralizing-spray-300-ml\/","url":"https:\/\/kinnunen.fi\/tuote\/ultimate-blonde-neutralizing-spray-300-ml\/","name":"Ultimate Blonde Neutralizing Spray 300 ml - Kinnunen","isPartOf":{"@id":"https:\/\/kinnunen.fi\/#website"},"primaryImageOfPage":{"@id":"https:\/\/kinnunen.fi\/tuote\/ultimate-blonde-neutralizing-spray-300-ml\/#primaryimage"},"image":{"@id":"https:\/\/kinnunen.fi\/tuote\/ultimate-blonde-neutralizing-spray-300-ml\/#primaryimage"},"thumbnailUrl":"https:\/\/kinnunen.fi\/wp-content\/uploads\/2021\/10\/13072-Tinta-Color-Ultimate-Blonde-Neutralizing-Blonde-Spray-300ml-online.jpg","datePublished":"2021-10-29T10:22:13+00:00","dateModified":"2026-04-29T01:00:05+00:00","breadcrumb":{"@id":"https:\/\/kinnunen.fi\/tuote\/ultimate-blonde-neutralizing-spray-300-ml\/#breadcrumb"},"inLanguage":"en-GB","potentialAction":[{"@type":"ReadAction","target":["https:\/\/kinnunen.fi\/tuote\/ultimate-blonde-neutralizing-spray-300-ml\/"]}]},{"@type":"ImageObject","inLanguage":"en-GB","@id":"https:\/\/kinnunen.fi\/tuote\/ultimate-blonde-neutralizing-spray-300-ml\/#primaryimage","url":"https:\/\/kinnunen.fi\/wp-content\/uploads\/2021\/10\/13072-Tinta-Color-Ultimate-Blonde-Neutralizing-Blonde-Spray-300ml-online.jpg","contentUrl":"https:\/\/kinnunen.fi\/wp-content\/uploads\/2021\/10\/13072-Tinta-Color-Ultimate-Blonde-Neutralizing-Blonde-Spray-300ml-online.jpg","width":1000,"height":1000},{"@type":"BreadcrumbList","@id":"https:\/\/kinnunen.fi\/tuote\/ultimate-blonde-neutralizing-spray-300-ml\/#breadcrumb","itemListElement":[{"@type":"ListItem","position":1,"name":"Etusivu","item":"https:\/\/kinnunen.fi\/"},{"@type":"ListItem","position":2,"name":"Kaikki tuotteet","item":"https:\/\/kinnunen.fi\/kauppa\/"},{"@type":"ListItem","position":3,"name":"Hiuskosmetiikka","item":"https:\/\/kinnunen.fi\/tuote-osasto\/hiuskosmetiikka\/"},{"@type":"ListItem","position":4,"name":"Esik\u00e4sittely ja After Color -tuotteet","item":"https:\/\/kinnunen.fi\/tuote-osasto\/hiuskosmetiikka\/esikasittely-ja-after-color-tuotteet\/"},{"@type":"ListItem","position":5,"name":"Ultimate Blonde Neutralizing Spray 300 ml"}]},{"@type":"WebSite","@id":"https:\/\/kinnunen.fi\/#website","url":"https:\/\/kinnunen.fi\/","name":"Kinnunen","description":"","potentialAction":[{"@type":"SearchAction","target":{"@type":"EntryPoint","urlTemplate":"https:\/\/kinnunen.fi\/?s={search_term_string}"},"query-input":"required name=search_term_string"}],"inLanguage":"en-GB"}]}},"_links":{"self":[{"href":"https:\/\/kinnunen.fi\/en\/wp-json\/wp\/v2\/product\/5272"}],"collection":[{"href":"https:\/\/kinnunen.fi\/en\/wp-json\/wp\/v2\/product"}],"about":[{"href":"https:\/\/kinnunen.fi\/en\/wp-json\/wp\/v2\/types\/product"}],"replies":[{"embeddable":true,"href":"https:\/\/kinnunen.fi\/en\/wp-json\/wp\/v2\/comments?post=5272"}],"wp:featuredmedia":[{"embeddable":true,"href":"https:\/\/kinnunen.fi\/en\/wp-json\/wp\/v2\/media\/13435"}],"wp:attachment":[{"href":"https:\/\/kinnunen.fi\/en\/wp-json\/wp\/v2\/media?parent=5272"}],"wp:term":[{"taxonomy":"product_cat","embeddable":true,"href":"https:\/\/kinnunen.fi\/en\/wp-json\/wp\/v2\/product_cat?post=5272"},{"taxonomy":"product_tag","embeddable":true,"href":"https:\/\/kinnunen.fi\/en\/wp-json\/wp\/v2\/product_tag?post=5272"}],"curies":[{"name":"wp","href":"https:\/\/api.w.org\/{rel}","templated":true}]}}