

{"id":5288,"date":"2021-10-29T13:22:13","date_gmt":"2021-10-29T10:22:13","guid":{"rendered":"https:\/\/kinnunen.fi\/tuote\/keune-color-chameleon-clear\/"},"modified":"2026-04-29T04:00:05","modified_gmt":"2026-04-29T01:00:05","slug":"keune-color-chameleon-clear","status":"publish","type":"product","link":"https:\/\/kinnunen.fi\/en\/product\/keune-color-chameleon-clear\/","title":{"rendered":"Keune Color Chameleon Clear 275ml"},"content":{"rendered":"<p>Nine deliciously intense, intermixable Keune Color Chameleon straight shades to create shade after shade - only your imagination is the limit. The colour retains its shade even after fading and lasts up to 20 washes depending on the condition of your hair. Solamer and provitamin B5 nourish the hair, leaving it soft and smooth. Lovely floral scents!<br \/>\nCLEAR - With this Shade Shifter, you can lighten and shade any colour.<br \/>\nDARK - With this Shade Shifter, you can soften, darken and deepen the shade of any colour.<\/p>","protected":false},"excerpt":{"rendered":"<p>With this Shade Shifter you can lighten and shade any Keune Color Chameleon shade. Solamer and provitamin B5 nourish hair, leaving it soft and smooth.<\/p>","protected":false},"featured_media":13434,"comment_status":"closed","ping_status":"closed","template":"","meta":{"_relevanssi_hide_post":"","_relevanssi_pin_for_all":"","_relevanssi_pin_keywords":"","_relevanssi_unpin_keywords":"","_relevanssi_related_keywords":"","_relevanssi_related_include_ids":"","_relevanssi_related_exclude_ids":"","_relevanssi_related_no_append":"","_relevanssi_related_not_related":"","_relevanssi_related_posts":"","_relevanssi_noindex_reason":""},"product_cat":[1727,1752,1753],"product_tag":[],"class_list":["post-5288","product","type-product","status-publish","has-post-thumbnail","hentry","product_cat-hiuskosmetiikka","product_cat-hiusvarit","product_cat-suoravarit","pa_ominaisuudet-ammoniakiton","pa_ominaisuudet-cruelty-free","pa_ominaisuudet-sulfaatiton","pa_ominaisuudet-valmistettu-euroopassa","pa_ominaisuudet-vegaaninen","pa_tuotesarja-color-chameleon","tuotemerkki-color-chameleon","tuotemerkki-keune-haircosmetics"],"tuotemerkit":[{"term_id":123,"name":"Color Chameleon","slug":"color-chameleon","term_group":0,"term_taxonomy_id":123,"taxonomy":"tuotemerkki","description":"","parent":25,"count":2,"filter":"raw"},{"term_id":25,"name":"Keune Haircosmetics","slug":"keune-haircosmetics","term_group":0,"term_taxonomy_id":25,"taxonomy":"tuotemerkki","description":"","parent":0,"count":276,"filter":"raw"}],"acf":[],"yoast_head":"<!-- This site is optimized with the Yoast SEO plugin v23.3 - https:\/\/yoast.com\/wordpress\/plugins\/seo\/ -->\n<title>Keune Color Chameleon Clear 275ml - Kinnunen<\/title>\n<meta name=\"robots\" content=\"index, follow, max-snippet:-1, max-image-preview:large, max-video-preview:-1\" \/>\n<link rel=\"canonical\" href=\"https:\/\/kinnunen.fi\/en\/product\/keune-color-chameleon-clear\/\" \/>\n<meta property=\"og:locale\" content=\"en_GB\" \/>\n<meta property=\"og:type\" content=\"article\" \/>\n<meta property=\"og:title\" content=\"Keune Color Chameleon Clear 275ml - Kinnunen\" \/>\n<meta property=\"og:description\" content=\"T\u00e4m\u00e4n Shade Shifterin avulla vaalennat ja laveeraat mink\u00e4 tahansa Keune Color Chameleon s\u00e4vy\u00e4. Solamer ja provitamiini B5 ravitsevat hiuksia ja tekev\u00e4t niist\u00e4 pehme\u00e4t ja sile\u00e4t.\" \/>\n<meta property=\"og:url\" content=\"https:\/\/kinnunen.fi\/en\/product\/keune-color-chameleon-clear\/\" \/>\n<meta property=\"og:site_name\" content=\"Kinnunen\" \/>\n<meta property=\"article:modified_time\" content=\"2026-04-29T01:00:05+00:00\" \/>\n<meta property=\"og:image\" content=\"https:\/\/kinnunen.fi\/wp-content\/uploads\/2021\/10\/12121-Keune-Color-Chameleon-Clear-Tube-online.jpg\" \/>\n\t<meta property=\"og:image:width\" content=\"1000\" \/>\n\t<meta property=\"og:image:height\" content=\"1000\" \/>\n\t<meta property=\"og:image:type\" content=\"image\/jpeg\" \/>\n<meta name=\"twitter:card\" content=\"summary_large_image\" \/>\n<script type=\"application\/ld+json\" class=\"yoast-schema-graph\">{\"@context\":\"https:\/\/schema.org\",\"@graph\":[{\"@type\":\"WebPage\",\"@id\":\"https:\/\/kinnunen.fi\/tuote\/keune-color-chameleon-clear\/\",\"url\":\"https:\/\/kinnunen.fi\/tuote\/keune-color-chameleon-clear\/\",\"name\":\"Keune Color Chameleon Clear 275ml - Kinnunen\",\"isPartOf\":{\"@id\":\"https:\/\/kinnunen.fi\/#website\"},\"primaryImageOfPage\":{\"@id\":\"https:\/\/kinnunen.fi\/tuote\/keune-color-chameleon-clear\/#primaryimage\"},\"image\":{\"@id\":\"https:\/\/kinnunen.fi\/tuote\/keune-color-chameleon-clear\/#primaryimage\"},\"thumbnailUrl\":\"https:\/\/kinnunen.fi\/wp-content\/uploads\/2021\/10\/12121-Keune-Color-Chameleon-Clear-Tube-online.jpg\",\"datePublished\":\"2021-10-29T10:22:13+00:00\",\"dateModified\":\"2026-04-29T01:00:05+00:00\",\"breadcrumb\":{\"@id\":\"https:\/\/kinnunen.fi\/tuote\/keune-color-chameleon-clear\/#breadcrumb\"},\"inLanguage\":\"en-GB\",\"potentialAction\":[{\"@type\":\"ReadAction\",\"target\":[\"https:\/\/kinnunen.fi\/tuote\/keune-color-chameleon-clear\/\"]}]},{\"@type\":\"ImageObject\",\"inLanguage\":\"en-GB\",\"@id\":\"https:\/\/kinnunen.fi\/tuote\/keune-color-chameleon-clear\/#primaryimage\",\"url\":\"https:\/\/kinnunen.fi\/wp-content\/uploads\/2021\/10\/12121-Keune-Color-Chameleon-Clear-Tube-online.jpg\",\"contentUrl\":\"https:\/\/kinnunen.fi\/wp-content\/uploads\/2021\/10\/12121-Keune-Color-Chameleon-Clear-Tube-online.jpg\",\"width\":1000,\"height\":1000},{\"@type\":\"BreadcrumbList\",\"@id\":\"https:\/\/kinnunen.fi\/tuote\/keune-color-chameleon-clear\/#breadcrumb\",\"itemListElement\":[{\"@type\":\"ListItem\",\"position\":1,\"name\":\"Etusivu\",\"item\":\"https:\/\/kinnunen.fi\/\"},{\"@type\":\"ListItem\",\"position\":2,\"name\":\"Kaikki tuotteet\",\"item\":\"https:\/\/kinnunen.fi\/kauppa\/\"},{\"@type\":\"ListItem\",\"position\":3,\"name\":\"Hiuskosmetiikka\",\"item\":\"https:\/\/kinnunen.fi\/tuote-osasto\/hiuskosmetiikka\/\"},{\"@type\":\"ListItem\",\"position\":4,\"name\":\"Hiusv\u00e4rit\",\"item\":\"https:\/\/kinnunen.fi\/tuote-osasto\/hiuskosmetiikka\/hiusvarit\/\"},{\"@type\":\"ListItem\",\"position\":5,\"name\":\"Suorav\u00e4rit\/V\u00e4risprayt\",\"item\":\"https:\/\/kinnunen.fi\/tuote-osasto\/hiuskosmetiikka\/hiusvarit\/suoravarit\/\"},{\"@type\":\"ListItem\",\"position\":6,\"name\":\"Keune Color Chameleon Clear 275ml\"}]},{\"@type\":\"WebSite\",\"@id\":\"https:\/\/kinnunen.fi\/#website\",\"url\":\"https:\/\/kinnunen.fi\/\",\"name\":\"Kinnunen\",\"description\":\"\",\"potentialAction\":[{\"@type\":\"SearchAction\",\"target\":{\"@type\":\"EntryPoint\",\"urlTemplate\":\"https:\/\/kinnunen.fi\/?s={search_term_string}\"},\"query-input\":\"required name=search_term_string\"}],\"inLanguage\":\"en-GB\"}]}<\/script>\n<!-- \/ Yoast SEO plugin. -->","yoast_head_json":{"title":"Keune Color Chameleon Clear 275ml - Kinnunen","robots":{"index":"index","follow":"follow","max-snippet":"max-snippet:-1","max-image-preview":"max-image-preview:large","max-video-preview":"max-video-preview:-1"},"canonical":"https:\/\/kinnunen.fi\/en\/product\/keune-color-chameleon-clear\/","og_locale":"en_GB","og_type":"article","og_title":"Keune Color Chameleon Clear 275ml - Kinnunen","og_description":"T\u00e4m\u00e4n Shade Shifterin avulla vaalennat ja laveeraat mink\u00e4 tahansa Keune Color Chameleon s\u00e4vy\u00e4. Solamer ja provitamiini B5 ravitsevat hiuksia ja tekev\u00e4t niist\u00e4 pehme\u00e4t ja sile\u00e4t.","og_url":"https:\/\/kinnunen.fi\/en\/product\/keune-color-chameleon-clear\/","og_site_name":"Kinnunen","article_modified_time":"2026-04-29T01:00:05+00:00","og_image":[{"width":1000,"height":1000,"url":"https:\/\/kinnunen.fi\/wp-content\/uploads\/2021\/10\/12121-Keune-Color-Chameleon-Clear-Tube-online.jpg","type":"image\/jpeg"}],"twitter_card":"summary_large_image","schema":{"@context":"https:\/\/schema.org","@graph":[{"@type":"WebPage","@id":"https:\/\/kinnunen.fi\/tuote\/keune-color-chameleon-clear\/","url":"https:\/\/kinnunen.fi\/tuote\/keune-color-chameleon-clear\/","name":"Keune Color Chameleon Clear 275ml - Kinnunen","isPartOf":{"@id":"https:\/\/kinnunen.fi\/#website"},"primaryImageOfPage":{"@id":"https:\/\/kinnunen.fi\/tuote\/keune-color-chameleon-clear\/#primaryimage"},"image":{"@id":"https:\/\/kinnunen.fi\/tuote\/keune-color-chameleon-clear\/#primaryimage"},"thumbnailUrl":"https:\/\/kinnunen.fi\/wp-content\/uploads\/2021\/10\/12121-Keune-Color-Chameleon-Clear-Tube-online.jpg","datePublished":"2021-10-29T10:22:13+00:00","dateModified":"2026-04-29T01:00:05+00:00","breadcrumb":{"@id":"https:\/\/kinnunen.fi\/tuote\/keune-color-chameleon-clear\/#breadcrumb"},"inLanguage":"en-GB","potentialAction":[{"@type":"ReadAction","target":["https:\/\/kinnunen.fi\/tuote\/keune-color-chameleon-clear\/"]}]},{"@type":"ImageObject","inLanguage":"en-GB","@id":"https:\/\/kinnunen.fi\/tuote\/keune-color-chameleon-clear\/#primaryimage","url":"https:\/\/kinnunen.fi\/wp-content\/uploads\/2021\/10\/12121-Keune-Color-Chameleon-Clear-Tube-online.jpg","contentUrl":"https:\/\/kinnunen.fi\/wp-content\/uploads\/2021\/10\/12121-Keune-Color-Chameleon-Clear-Tube-online.jpg","width":1000,"height":1000},{"@type":"BreadcrumbList","@id":"https:\/\/kinnunen.fi\/tuote\/keune-color-chameleon-clear\/#breadcrumb","itemListElement":[{"@type":"ListItem","position":1,"name":"Etusivu","item":"https:\/\/kinnunen.fi\/"},{"@type":"ListItem","position":2,"name":"Kaikki tuotteet","item":"https:\/\/kinnunen.fi\/kauppa\/"},{"@type":"ListItem","position":3,"name":"Hiuskosmetiikka","item":"https:\/\/kinnunen.fi\/tuote-osasto\/hiuskosmetiikka\/"},{"@type":"ListItem","position":4,"name":"Hiusv\u00e4rit","item":"https:\/\/kinnunen.fi\/tuote-osasto\/hiuskosmetiikka\/hiusvarit\/"},{"@type":"ListItem","position":5,"name":"Suorav\u00e4rit\/V\u00e4risprayt","item":"https:\/\/kinnunen.fi\/tuote-osasto\/hiuskosmetiikka\/hiusvarit\/suoravarit\/"},{"@type":"ListItem","position":6,"name":"Keune Color Chameleon Clear 275ml"}]},{"@type":"WebSite","@id":"https:\/\/kinnunen.fi\/#website","url":"https:\/\/kinnunen.fi\/","name":"Kinnunen","description":"","potentialAction":[{"@type":"SearchAction","target":{"@type":"EntryPoint","urlTemplate":"https:\/\/kinnunen.fi\/?s={search_term_string}"},"query-input":"required name=search_term_string"}],"inLanguage":"en-GB"}]}},"_links":{"self":[{"href":"https:\/\/kinnunen.fi\/en\/wp-json\/wp\/v2\/product\/5288"}],"collection":[{"href":"https:\/\/kinnunen.fi\/en\/wp-json\/wp\/v2\/product"}],"about":[{"href":"https:\/\/kinnunen.fi\/en\/wp-json\/wp\/v2\/types\/product"}],"replies":[{"embeddable":true,"href":"https:\/\/kinnunen.fi\/en\/wp-json\/wp\/v2\/comments?post=5288"}],"wp:featuredmedia":[{"embeddable":true,"href":"https:\/\/kinnunen.fi\/en\/wp-json\/wp\/v2\/media\/13434"}],"wp:attachment":[{"href":"https:\/\/kinnunen.fi\/en\/wp-json\/wp\/v2\/media?parent=5288"}],"wp:term":[{"taxonomy":"product_cat","embeddable":true,"href":"https:\/\/kinnunen.fi\/en\/wp-json\/wp\/v2\/product_cat?post=5288"},{"taxonomy":"product_tag","embeddable":true,"href":"https:\/\/kinnunen.fi\/en\/wp-json\/wp\/v2\/product_tag?post=5288"}],"curies":[{"name":"wp","href":"https:\/\/api.w.org\/{rel}","templated":true}]}}