

{"id":5320,"date":"2021-10-29T13:22:49","date_gmt":"2021-10-29T10:22:49","guid":{"rendered":"https:\/\/kinnunen.fi\/tuote\/1922-refreshing-conditioner-250-ml\/"},"modified":"2026-04-12T04:00:11","modified_gmt":"2026-04-12T01:00:11","slug":"1922-refreshing-conditioner-250-ml","status":"publish","type":"product","link":"https:\/\/kinnunen.fi\/en\/product\/1922-refreshing-conditioner-250-ml\/","title":{"rendered":"1922 Refreshing Conditioner 250 ml"},"content":{"rendered":"<p>Get an incredible boost of richness after shampooing with this conditioner. Cools, moisturises and improves combability. Refreshes and stimulates the scalp. Contains creatine, menthol and peppermint. Suitable for daily use on all hair types. Use: apply conditioner to hair lengths and leave on for 1-3 minutes. Rinse.<\/p>","protected":false},"excerpt":{"rendered":"<p>A refreshing conditioner that cools, moisturises and improves combability. Stimulates scalp activity.<\/p>","protected":false},"featured_media":13613,"comment_status":"closed","ping_status":"closed","template":"","meta":{"_relevanssi_hide_post":"","_relevanssi_pin_for_all":"","_relevanssi_pin_keywords":"","_relevanssi_unpin_keywords":"","_relevanssi_related_keywords":"","_relevanssi_related_include_ids":"","_relevanssi_related_exclude_ids":"","_relevanssi_related_no_append":"","_relevanssi_related_not_related":"","_relevanssi_related_posts":"","_relevanssi_noindex_reason":""},"product_cat":[1727,1734,1757],"product_tag":[],"class_list":["post-5320","product","type-product","status-publish","has-post-thumbnail","hentry","product_cat-hiuskosmetiikka","product_cat-hoitoaineet-ja-hiusmaamiot","product_cat-1922-by-j-m-keune-color-hoitoaineet-ja-hiusmaamiot","pa_ominaisuudet-cruelty-free","pa_ominaisuudet-valmistettu-euroopassa","tuotemerkki-1922-by-j-m-keune","tuotemerkki-keune-haircosmetics"],"tuotemerkit":[{"term_id":128,"name":"1922 by J.M. Keune","slug":"1922-by-j-m-keune","term_group":0,"term_taxonomy_id":128,"taxonomy":"tuotemerkki","description":"","parent":25,"count":29,"filter":"raw"},{"term_id":25,"name":"Keune Haircosmetics","slug":"keune-haircosmetics","term_group":0,"term_taxonomy_id":25,"taxonomy":"tuotemerkki","description":"","parent":0,"count":277,"filter":"raw"}],"acf":[],"yoast_head":"<!-- This site is optimized with the Yoast SEO plugin v23.3 - https:\/\/yoast.com\/wordpress\/plugins\/seo\/ -->\n<title>1922 Refreshing Conditioner 250 ml - Kinnunen<\/title>\n<meta name=\"robots\" content=\"index, follow, max-snippet:-1, max-image-preview:large, max-video-preview:-1\" \/>\n<link rel=\"canonical\" href=\"https:\/\/kinnunen.fi\/en\/product\/1922-refreshing-conditioner-250-ml\/\" \/>\n<meta property=\"og:locale\" content=\"en_GB\" \/>\n<meta property=\"og:type\" content=\"article\" \/>\n<meta property=\"og:title\" content=\"1922 Refreshing Conditioner 250 ml - Kinnunen\" \/>\n<meta property=\"og:description\" content=\"Virkist\u00e4v\u00e4 hoitoaine, joka viilent\u00e4\u00e4, kosteuttaa ja parantaa kammattavuutta. Stimuloi hiuspohjan toimintaa.\" \/>\n<meta property=\"og:url\" content=\"https:\/\/kinnunen.fi\/en\/product\/1922-refreshing-conditioner-250-ml\/\" \/>\n<meta property=\"og:site_name\" content=\"Kinnunen\" \/>\n<meta property=\"article:modified_time\" content=\"2026-04-12T01:00:11+00:00\" \/>\n<meta property=\"og:image\" content=\"https:\/\/kinnunen.fi\/wp-content\/uploads\/2021\/10\/21820-1922-Refreshing-Conditioner-250ml-online.jpg\" \/>\n\t<meta property=\"og:image:width\" content=\"1000\" \/>\n\t<meta property=\"og:image:height\" content=\"1000\" \/>\n\t<meta property=\"og:image:type\" content=\"image\/jpeg\" \/>\n<meta name=\"twitter:card\" content=\"summary_large_image\" \/>\n<script type=\"application\/ld+json\" class=\"yoast-schema-graph\">{\"@context\":\"https:\/\/schema.org\",\"@graph\":[{\"@type\":\"WebPage\",\"@id\":\"https:\/\/kinnunen.fi\/tuote\/1922-refreshing-conditioner-250-ml\/\",\"url\":\"https:\/\/kinnunen.fi\/tuote\/1922-refreshing-conditioner-250-ml\/\",\"name\":\"1922 Refreshing Conditioner 250 ml - Kinnunen\",\"isPartOf\":{\"@id\":\"https:\/\/kinnunen.fi\/#website\"},\"primaryImageOfPage\":{\"@id\":\"https:\/\/kinnunen.fi\/tuote\/1922-refreshing-conditioner-250-ml\/#primaryimage\"},\"image\":{\"@id\":\"https:\/\/kinnunen.fi\/tuote\/1922-refreshing-conditioner-250-ml\/#primaryimage\"},\"thumbnailUrl\":\"https:\/\/kinnunen.fi\/wp-content\/uploads\/2021\/10\/21820-1922-Refreshing-Conditioner-250ml-online.jpg\",\"datePublished\":\"2021-10-29T10:22:49+00:00\",\"dateModified\":\"2026-04-12T01:00:11+00:00\",\"breadcrumb\":{\"@id\":\"https:\/\/kinnunen.fi\/tuote\/1922-refreshing-conditioner-250-ml\/#breadcrumb\"},\"inLanguage\":\"en-GB\",\"potentialAction\":[{\"@type\":\"ReadAction\",\"target\":[\"https:\/\/kinnunen.fi\/tuote\/1922-refreshing-conditioner-250-ml\/\"]}]},{\"@type\":\"ImageObject\",\"inLanguage\":\"en-GB\",\"@id\":\"https:\/\/kinnunen.fi\/tuote\/1922-refreshing-conditioner-250-ml\/#primaryimage\",\"url\":\"https:\/\/kinnunen.fi\/wp-content\/uploads\/2021\/10\/21820-1922-Refreshing-Conditioner-250ml-online.jpg\",\"contentUrl\":\"https:\/\/kinnunen.fi\/wp-content\/uploads\/2021\/10\/21820-1922-Refreshing-Conditioner-250ml-online.jpg\",\"width\":1000,\"height\":1000},{\"@type\":\"BreadcrumbList\",\"@id\":\"https:\/\/kinnunen.fi\/tuote\/1922-refreshing-conditioner-250-ml\/#breadcrumb\",\"itemListElement\":[{\"@type\":\"ListItem\",\"position\":1,\"name\":\"Etusivu\",\"item\":\"https:\/\/kinnunen.fi\/\"},{\"@type\":\"ListItem\",\"position\":2,\"name\":\"Kaikki tuotteet\",\"item\":\"https:\/\/kinnunen.fi\/kauppa\/\"},{\"@type\":\"ListItem\",\"position\":3,\"name\":\"Hiuskosmetiikka\",\"item\":\"https:\/\/kinnunen.fi\/tuote-osasto\/hiuskosmetiikka\/\"},{\"@type\":\"ListItem\",\"position\":4,\"name\":\"Hoitoaineet ja hiusmaamiot\",\"item\":\"https:\/\/kinnunen.fi\/tuote-osasto\/hiuskosmetiikka\/hoitoaineet-ja-hiusmaamiot\/\"},{\"@type\":\"ListItem\",\"position\":5,\"name\":\"1922 by J.M. Keune\",\"item\":\"https:\/\/kinnunen.fi\/tuote-osasto\/hiuskosmetiikka\/hoitoaineet-ja-hiusmaamiot\/1922-by-j-m-keune-color-hoitoaineet-ja-hiusmaamiot\/\"},{\"@type\":\"ListItem\",\"position\":6,\"name\":\"1922 Refreshing Conditioner 250 ml\"}]},{\"@type\":\"WebSite\",\"@id\":\"https:\/\/kinnunen.fi\/#website\",\"url\":\"https:\/\/kinnunen.fi\/\",\"name\":\"Kinnunen\",\"description\":\"\",\"potentialAction\":[{\"@type\":\"SearchAction\",\"target\":{\"@type\":\"EntryPoint\",\"urlTemplate\":\"https:\/\/kinnunen.fi\/?s={search_term_string}\"},\"query-input\":\"required name=search_term_string\"}],\"inLanguage\":\"en-GB\"}]}<\/script>\n<!-- \/ Yoast SEO plugin. -->","yoast_head_json":{"title":"1922 Refreshing Conditioner 250 ml - Kinnunen","robots":{"index":"index","follow":"follow","max-snippet":"max-snippet:-1","max-image-preview":"max-image-preview:large","max-video-preview":"max-video-preview:-1"},"canonical":"https:\/\/kinnunen.fi\/en\/product\/1922-refreshing-conditioner-250-ml\/","og_locale":"en_GB","og_type":"article","og_title":"1922 Refreshing Conditioner 250 ml - Kinnunen","og_description":"Virkist\u00e4v\u00e4 hoitoaine, joka viilent\u00e4\u00e4, kosteuttaa ja parantaa kammattavuutta. Stimuloi hiuspohjan toimintaa.","og_url":"https:\/\/kinnunen.fi\/en\/product\/1922-refreshing-conditioner-250-ml\/","og_site_name":"Kinnunen","article_modified_time":"2026-04-12T01:00:11+00:00","og_image":[{"width":1000,"height":1000,"url":"https:\/\/kinnunen.fi\/wp-content\/uploads\/2021\/10\/21820-1922-Refreshing-Conditioner-250ml-online.jpg","type":"image\/jpeg"}],"twitter_card":"summary_large_image","schema":{"@context":"https:\/\/schema.org","@graph":[{"@type":"WebPage","@id":"https:\/\/kinnunen.fi\/tuote\/1922-refreshing-conditioner-250-ml\/","url":"https:\/\/kinnunen.fi\/tuote\/1922-refreshing-conditioner-250-ml\/","name":"1922 Refreshing Conditioner 250 ml - Kinnunen","isPartOf":{"@id":"https:\/\/kinnunen.fi\/#website"},"primaryImageOfPage":{"@id":"https:\/\/kinnunen.fi\/tuote\/1922-refreshing-conditioner-250-ml\/#primaryimage"},"image":{"@id":"https:\/\/kinnunen.fi\/tuote\/1922-refreshing-conditioner-250-ml\/#primaryimage"},"thumbnailUrl":"https:\/\/kinnunen.fi\/wp-content\/uploads\/2021\/10\/21820-1922-Refreshing-Conditioner-250ml-online.jpg","datePublished":"2021-10-29T10:22:49+00:00","dateModified":"2026-04-12T01:00:11+00:00","breadcrumb":{"@id":"https:\/\/kinnunen.fi\/tuote\/1922-refreshing-conditioner-250-ml\/#breadcrumb"},"inLanguage":"en-GB","potentialAction":[{"@type":"ReadAction","target":["https:\/\/kinnunen.fi\/tuote\/1922-refreshing-conditioner-250-ml\/"]}]},{"@type":"ImageObject","inLanguage":"en-GB","@id":"https:\/\/kinnunen.fi\/tuote\/1922-refreshing-conditioner-250-ml\/#primaryimage","url":"https:\/\/kinnunen.fi\/wp-content\/uploads\/2021\/10\/21820-1922-Refreshing-Conditioner-250ml-online.jpg","contentUrl":"https:\/\/kinnunen.fi\/wp-content\/uploads\/2021\/10\/21820-1922-Refreshing-Conditioner-250ml-online.jpg","width":1000,"height":1000},{"@type":"BreadcrumbList","@id":"https:\/\/kinnunen.fi\/tuote\/1922-refreshing-conditioner-250-ml\/#breadcrumb","itemListElement":[{"@type":"ListItem","position":1,"name":"Etusivu","item":"https:\/\/kinnunen.fi\/"},{"@type":"ListItem","position":2,"name":"Kaikki tuotteet","item":"https:\/\/kinnunen.fi\/kauppa\/"},{"@type":"ListItem","position":3,"name":"Hiuskosmetiikka","item":"https:\/\/kinnunen.fi\/tuote-osasto\/hiuskosmetiikka\/"},{"@type":"ListItem","position":4,"name":"Hoitoaineet ja hiusmaamiot","item":"https:\/\/kinnunen.fi\/tuote-osasto\/hiuskosmetiikka\/hoitoaineet-ja-hiusmaamiot\/"},{"@type":"ListItem","position":5,"name":"1922 by J.M. Keune","item":"https:\/\/kinnunen.fi\/tuote-osasto\/hiuskosmetiikka\/hoitoaineet-ja-hiusmaamiot\/1922-by-j-m-keune-color-hoitoaineet-ja-hiusmaamiot\/"},{"@type":"ListItem","position":6,"name":"1922 Refreshing Conditioner 250 ml"}]},{"@type":"WebSite","@id":"https:\/\/kinnunen.fi\/#website","url":"https:\/\/kinnunen.fi\/","name":"Kinnunen","description":"","potentialAction":[{"@type":"SearchAction","target":{"@type":"EntryPoint","urlTemplate":"https:\/\/kinnunen.fi\/?s={search_term_string}"},"query-input":"required name=search_term_string"}],"inLanguage":"en-GB"}]}},"_links":{"self":[{"href":"https:\/\/kinnunen.fi\/en\/wp-json\/wp\/v2\/product\/5320"}],"collection":[{"href":"https:\/\/kinnunen.fi\/en\/wp-json\/wp\/v2\/product"}],"about":[{"href":"https:\/\/kinnunen.fi\/en\/wp-json\/wp\/v2\/types\/product"}],"replies":[{"embeddable":true,"href":"https:\/\/kinnunen.fi\/en\/wp-json\/wp\/v2\/comments?post=5320"}],"wp:featuredmedia":[{"embeddable":true,"href":"https:\/\/kinnunen.fi\/en\/wp-json\/wp\/v2\/media\/13613"}],"wp:attachment":[{"href":"https:\/\/kinnunen.fi\/en\/wp-json\/wp\/v2\/media?parent=5320"}],"wp:term":[{"taxonomy":"product_cat","embeddable":true,"href":"https:\/\/kinnunen.fi\/en\/wp-json\/wp\/v2\/product_cat?post=5320"},{"taxonomy":"product_tag","embeddable":true,"href":"https:\/\/kinnunen.fi\/en\/wp-json\/wp\/v2\/product_tag?post=5320"}],"curies":[{"name":"wp","href":"https:\/\/api.w.org\/{rel}","templated":true}]}}