

{"id":5333,"date":"2021-10-29T13:23:08","date_gmt":"2021-10-29T10:23:08","guid":{"rendered":"https:\/\/kinnunen.fi\/tuote\/1922-superior-shaving-cream-150-ml\/"},"modified":"2026-04-12T04:00:11","modified_gmt":"2026-04-12T01:00:11","slug":"1922-superior-shaving-cream-150-ml","status":"publish","type":"product","link":"https:\/\/kinnunen.fi\/en\/product\/1922-superior-shaving-cream-150-ml\/","title":{"rendered":"1922 Superior Shaving Cream 150 ml"},"content":{"rendered":"<p>This rich shaving cream allows you to shave with great precision. Bisablol protects the skin from razor nicks. Glycerin moisturises even the driest and most sensitive skin. The result is soft and smooth skin. Use: lather in your hands or with a razor and apply to the face. Shave, rinse and dry face with a light towel to apply pressure.<\/p>","protected":false},"excerpt":{"rendered":"<p>T\u00e4m\u00e4n riittoisan partavoiteen avulla parran ajaa eritt\u00e4in tarkasti. Bisablol suojelee ihoa partaveitsen aiheuttamilta nirhaumilta. Glyseriini puolestaan kosteuttaa kuivimman ja herkimm\u00e4nkin&hellip;<\/p>","protected":false},"featured_media":13621,"comment_status":"closed","ping_status":"closed","template":"","meta":{"_relevanssi_hide_post":"","_relevanssi_pin_for_all":"","_relevanssi_pin_keywords":"","_relevanssi_unpin_keywords":"","_relevanssi_related_keywords":"","_relevanssi_related_include_ids":"","_relevanssi_related_exclude_ids":"","_relevanssi_related_no_append":"","_relevanssi_related_not_related":"","_relevanssi_related_posts":"","_relevanssi_noindex_reason":""},"product_cat":[1727,1760,1761],"product_tag":[],"class_list":["post-5333","product","type-product","status-publish","has-post-thumbnail","hentry","product_cat-hiuskosmetiikka","product_cat-parranhoitotuotteet","product_cat-1922-by-j-m-keune-color-parranhoitotuotteet","pa_ominaisuudet-cruelty-free","pa_ominaisuudet-valmistettu-euroopassa","tuotemerkki-1922-by-j-m-keune","tuotemerkki-keune-haircosmetics"],"tuotemerkit":[{"term_id":128,"name":"1922 by J.M. Keune","slug":"1922-by-j-m-keune","term_group":0,"term_taxonomy_id":128,"taxonomy":"tuotemerkki","description":"","parent":25,"count":29,"filter":"raw"},{"term_id":25,"name":"Keune Haircosmetics","slug":"keune-haircosmetics","term_group":0,"term_taxonomy_id":25,"taxonomy":"tuotemerkki","description":"","parent":0,"count":277,"filter":"raw"}],"acf":[],"yoast_head":"<!-- This site is optimized with the Yoast SEO plugin v23.3 - https:\/\/yoast.com\/wordpress\/plugins\/seo\/ -->\n<title>1922 Superior Shaving Cream 150 ml - Kinnunen<\/title>\n<meta name=\"robots\" content=\"index, follow, max-snippet:-1, max-image-preview:large, max-video-preview:-1\" \/>\n<link rel=\"canonical\" href=\"https:\/\/kinnunen.fi\/en\/product\/1922-superior-shaving-cream-150-ml\/\" \/>\n<meta property=\"og:locale\" content=\"en_GB\" \/>\n<meta property=\"og:type\" content=\"article\" \/>\n<meta property=\"og:title\" content=\"1922 Superior Shaving Cream 150 ml - Kinnunen\" \/>\n<meta property=\"og:description\" content=\"T\u00e4m\u00e4n riittoisan partavoiteen avulla parran ajaa eritt\u00e4in tarkasti. Bisablol suojelee ihoa partaveitsen aiheuttamilta nirhaumilta. Glyseriini puolestaan kosteuttaa kuivimman ja herkimm\u00e4nkin&hellip;\" \/>\n<meta property=\"og:url\" content=\"https:\/\/kinnunen.fi\/en\/product\/1922-superior-shaving-cream-150-ml\/\" \/>\n<meta property=\"og:site_name\" content=\"Kinnunen\" \/>\n<meta property=\"article:modified_time\" content=\"2026-04-12T01:00:11+00:00\" \/>\n<meta property=\"og:image\" content=\"https:\/\/kinnunen.fi\/wp-content\/uploads\/2021\/10\/21828-1922-Superior-Shaving-Cream-150ml-Tube-online.jpg\" \/>\n\t<meta property=\"og:image:width\" content=\"1000\" \/>\n\t<meta property=\"og:image:height\" content=\"1000\" \/>\n\t<meta property=\"og:image:type\" content=\"image\/jpeg\" \/>\n<meta name=\"twitter:card\" content=\"summary_large_image\" \/>\n<script type=\"application\/ld+json\" class=\"yoast-schema-graph\">{\"@context\":\"https:\/\/schema.org\",\"@graph\":[{\"@type\":\"WebPage\",\"@id\":\"https:\/\/kinnunen.fi\/tuote\/1922-superior-shaving-cream-150-ml\/\",\"url\":\"https:\/\/kinnunen.fi\/tuote\/1922-superior-shaving-cream-150-ml\/\",\"name\":\"1922 Superior Shaving Cream 150 ml - Kinnunen\",\"isPartOf\":{\"@id\":\"https:\/\/kinnunen.fi\/#website\"},\"primaryImageOfPage\":{\"@id\":\"https:\/\/kinnunen.fi\/tuote\/1922-superior-shaving-cream-150-ml\/#primaryimage\"},\"image\":{\"@id\":\"https:\/\/kinnunen.fi\/tuote\/1922-superior-shaving-cream-150-ml\/#primaryimage\"},\"thumbnailUrl\":\"https:\/\/kinnunen.fi\/wp-content\/uploads\/2021\/10\/21828-1922-Superior-Shaving-Cream-150ml-Tube-online.jpg\",\"datePublished\":\"2021-10-29T10:23:08+00:00\",\"dateModified\":\"2026-04-12T01:00:11+00:00\",\"breadcrumb\":{\"@id\":\"https:\/\/kinnunen.fi\/tuote\/1922-superior-shaving-cream-150-ml\/#breadcrumb\"},\"inLanguage\":\"en-GB\",\"potentialAction\":[{\"@type\":\"ReadAction\",\"target\":[\"https:\/\/kinnunen.fi\/tuote\/1922-superior-shaving-cream-150-ml\/\"]}]},{\"@type\":\"ImageObject\",\"inLanguage\":\"en-GB\",\"@id\":\"https:\/\/kinnunen.fi\/tuote\/1922-superior-shaving-cream-150-ml\/#primaryimage\",\"url\":\"https:\/\/kinnunen.fi\/wp-content\/uploads\/2021\/10\/21828-1922-Superior-Shaving-Cream-150ml-Tube-online.jpg\",\"contentUrl\":\"https:\/\/kinnunen.fi\/wp-content\/uploads\/2021\/10\/21828-1922-Superior-Shaving-Cream-150ml-Tube-online.jpg\",\"width\":1000,\"height\":1000},{\"@type\":\"BreadcrumbList\",\"@id\":\"https:\/\/kinnunen.fi\/tuote\/1922-superior-shaving-cream-150-ml\/#breadcrumb\",\"itemListElement\":[{\"@type\":\"ListItem\",\"position\":1,\"name\":\"Etusivu\",\"item\":\"https:\/\/kinnunen.fi\/\"},{\"@type\":\"ListItem\",\"position\":2,\"name\":\"Kaikki tuotteet\",\"item\":\"https:\/\/kinnunen.fi\/kauppa\/\"},{\"@type\":\"ListItem\",\"position\":3,\"name\":\"Hiuskosmetiikka\",\"item\":\"https:\/\/kinnunen.fi\/tuote-osasto\/hiuskosmetiikka\/\"},{\"@type\":\"ListItem\",\"position\":4,\"name\":\"1922 Superior Shaving Cream 150 ml\"}]},{\"@type\":\"WebSite\",\"@id\":\"https:\/\/kinnunen.fi\/#website\",\"url\":\"https:\/\/kinnunen.fi\/\",\"name\":\"Kinnunen\",\"description\":\"\",\"potentialAction\":[{\"@type\":\"SearchAction\",\"target\":{\"@type\":\"EntryPoint\",\"urlTemplate\":\"https:\/\/kinnunen.fi\/?s={search_term_string}\"},\"query-input\":\"required name=search_term_string\"}],\"inLanguage\":\"en-GB\"}]}<\/script>\n<!-- \/ Yoast SEO plugin. -->","yoast_head_json":{"title":"1922 Superior Shaving Cream 150 ml - Kinnunen","robots":{"index":"index","follow":"follow","max-snippet":"max-snippet:-1","max-image-preview":"max-image-preview:large","max-video-preview":"max-video-preview:-1"},"canonical":"https:\/\/kinnunen.fi\/en\/product\/1922-superior-shaving-cream-150-ml\/","og_locale":"en_GB","og_type":"article","og_title":"1922 Superior Shaving Cream 150 ml - Kinnunen","og_description":"T\u00e4m\u00e4n riittoisan partavoiteen avulla parran ajaa eritt\u00e4in tarkasti. Bisablol suojelee ihoa partaveitsen aiheuttamilta nirhaumilta. Glyseriini puolestaan kosteuttaa kuivimman ja herkimm\u00e4nkin&hellip;","og_url":"https:\/\/kinnunen.fi\/en\/product\/1922-superior-shaving-cream-150-ml\/","og_site_name":"Kinnunen","article_modified_time":"2026-04-12T01:00:11+00:00","og_image":[{"width":1000,"height":1000,"url":"https:\/\/kinnunen.fi\/wp-content\/uploads\/2021\/10\/21828-1922-Superior-Shaving-Cream-150ml-Tube-online.jpg","type":"image\/jpeg"}],"twitter_card":"summary_large_image","schema":{"@context":"https:\/\/schema.org","@graph":[{"@type":"WebPage","@id":"https:\/\/kinnunen.fi\/tuote\/1922-superior-shaving-cream-150-ml\/","url":"https:\/\/kinnunen.fi\/tuote\/1922-superior-shaving-cream-150-ml\/","name":"1922 Superior Shaving Cream 150 ml - Kinnunen","isPartOf":{"@id":"https:\/\/kinnunen.fi\/#website"},"primaryImageOfPage":{"@id":"https:\/\/kinnunen.fi\/tuote\/1922-superior-shaving-cream-150-ml\/#primaryimage"},"image":{"@id":"https:\/\/kinnunen.fi\/tuote\/1922-superior-shaving-cream-150-ml\/#primaryimage"},"thumbnailUrl":"https:\/\/kinnunen.fi\/wp-content\/uploads\/2021\/10\/21828-1922-Superior-Shaving-Cream-150ml-Tube-online.jpg","datePublished":"2021-10-29T10:23:08+00:00","dateModified":"2026-04-12T01:00:11+00:00","breadcrumb":{"@id":"https:\/\/kinnunen.fi\/tuote\/1922-superior-shaving-cream-150-ml\/#breadcrumb"},"inLanguage":"en-GB","potentialAction":[{"@type":"ReadAction","target":["https:\/\/kinnunen.fi\/tuote\/1922-superior-shaving-cream-150-ml\/"]}]},{"@type":"ImageObject","inLanguage":"en-GB","@id":"https:\/\/kinnunen.fi\/tuote\/1922-superior-shaving-cream-150-ml\/#primaryimage","url":"https:\/\/kinnunen.fi\/wp-content\/uploads\/2021\/10\/21828-1922-Superior-Shaving-Cream-150ml-Tube-online.jpg","contentUrl":"https:\/\/kinnunen.fi\/wp-content\/uploads\/2021\/10\/21828-1922-Superior-Shaving-Cream-150ml-Tube-online.jpg","width":1000,"height":1000},{"@type":"BreadcrumbList","@id":"https:\/\/kinnunen.fi\/tuote\/1922-superior-shaving-cream-150-ml\/#breadcrumb","itemListElement":[{"@type":"ListItem","position":1,"name":"Etusivu","item":"https:\/\/kinnunen.fi\/"},{"@type":"ListItem","position":2,"name":"Kaikki tuotteet","item":"https:\/\/kinnunen.fi\/kauppa\/"},{"@type":"ListItem","position":3,"name":"Hiuskosmetiikka","item":"https:\/\/kinnunen.fi\/tuote-osasto\/hiuskosmetiikka\/"},{"@type":"ListItem","position":4,"name":"1922 Superior Shaving Cream 150 ml"}]},{"@type":"WebSite","@id":"https:\/\/kinnunen.fi\/#website","url":"https:\/\/kinnunen.fi\/","name":"Kinnunen","description":"","potentialAction":[{"@type":"SearchAction","target":{"@type":"EntryPoint","urlTemplate":"https:\/\/kinnunen.fi\/?s={search_term_string}"},"query-input":"required name=search_term_string"}],"inLanguage":"en-GB"}]}},"_links":{"self":[{"href":"https:\/\/kinnunen.fi\/en\/wp-json\/wp\/v2\/product\/5333"}],"collection":[{"href":"https:\/\/kinnunen.fi\/en\/wp-json\/wp\/v2\/product"}],"about":[{"href":"https:\/\/kinnunen.fi\/en\/wp-json\/wp\/v2\/types\/product"}],"replies":[{"embeddable":true,"href":"https:\/\/kinnunen.fi\/en\/wp-json\/wp\/v2\/comments?post=5333"}],"wp:featuredmedia":[{"embeddable":true,"href":"https:\/\/kinnunen.fi\/en\/wp-json\/wp\/v2\/media\/13621"}],"wp:attachment":[{"href":"https:\/\/kinnunen.fi\/en\/wp-json\/wp\/v2\/media?parent=5333"}],"wp:term":[{"taxonomy":"product_cat","embeddable":true,"href":"https:\/\/kinnunen.fi\/en\/wp-json\/wp\/v2\/product_cat?post=5333"},{"taxonomy":"product_tag","embeddable":true,"href":"https:\/\/kinnunen.fi\/en\/wp-json\/wp\/v2\/product_tag?post=5333"}],"curies":[{"name":"wp","href":"https:\/\/api.w.org\/{rel}","templated":true}]}}