

{"id":5334,"date":"2021-10-29T13:23:08","date_gmt":"2021-10-29T10:23:08","guid":{"rendered":"https:\/\/kinnunen.fi\/tuote\/1922-beard-oil-50-ml\/"},"modified":"2026-04-12T04:00:11","modified_gmt":"2026-04-12T01:00:11","slug":"1922-beard-oil-50-ml","status":"publish","type":"product","link":"https:\/\/kinnunen.fi\/en\/product\/1922-beard-oil-50-ml\/","title":{"rendered":"1922 Beard Oil 50 ml"},"content":{"rendered":"<p>A powerful oil blend for complete beard care and finishing. Contains almond oil, which softens, moisturizes and gives a natural shine. Also contains apricot kernel oil and avocado oil. Use: Take a few drops of the oil in the palm of your hand, massage and apply to the beard.<\/p>","protected":false},"excerpt":{"rendered":"<p>Voimakas \u00f6ljyseos t\u00e4ydelliseen parran hoitoon ja viimeistelyyn. Sis\u00e4lt\u00e4\u00e4 mantelil\u00f6ljy\u00e4, joka pehment\u00e4\u00e4, kosteuttaa ja antaa luonnollisen kiillon. Sis\u00e4lt\u00e4\u00e4 my\u00f6s aprikoosinsiemen\u00f6ljy\u00e4 ja&hellip;<\/p>","protected":false},"featured_media":13622,"comment_status":"closed","ping_status":"closed","template":"","meta":{"_relevanssi_hide_post":"","_relevanssi_pin_for_all":"","_relevanssi_pin_keywords":"","_relevanssi_unpin_keywords":"","_relevanssi_related_keywords":"","_relevanssi_related_include_ids":"","_relevanssi_related_exclude_ids":"","_relevanssi_related_no_append":"","_relevanssi_related_not_related":"","_relevanssi_related_posts":"","_relevanssi_noindex_reason":""},"product_cat":[1760,1761],"product_tag":[2334,2333],"class_list":["post-5334","product","type-product","status-publish","has-post-thumbnail","hentry","product_cat-parranhoitotuotteet","product_cat-1922-by-j-m-keune-color-parranhoitotuotteet","product_tag-parranhoito","product_tag-partaoljy","pa_ominaisuudet-cruelty-free","pa_ominaisuudet-valmistettu-euroopassa","tuotemerkki-1922-by-j-m-keune","tuotemerkki-keune-haircosmetics"],"tuotemerkit":[{"term_id":128,"name":"1922 by J.M. Keune","slug":"1922-by-j-m-keune","term_group":0,"term_taxonomy_id":128,"taxonomy":"tuotemerkki","description":"","parent":25,"count":29,"filter":"raw"},{"term_id":25,"name":"Keune Haircosmetics","slug":"keune-haircosmetics","term_group":0,"term_taxonomy_id":25,"taxonomy":"tuotemerkki","description":"","parent":0,"count":277,"filter":"raw"}],"acf":[],"yoast_head":"<!-- This site is optimized with the Yoast SEO plugin v23.3 - https:\/\/yoast.com\/wordpress\/plugins\/seo\/ -->\n<title>1922 Beard Oil 50 ml - Kinnunen<\/title>\n<meta name=\"robots\" content=\"index, follow, max-snippet:-1, max-image-preview:large, max-video-preview:-1\" \/>\n<link rel=\"canonical\" href=\"https:\/\/kinnunen.fi\/en\/product\/1922-beard-oil-50-ml\/\" \/>\n<meta property=\"og:locale\" content=\"en_GB\" \/>\n<meta property=\"og:type\" content=\"article\" \/>\n<meta property=\"og:title\" content=\"1922 Beard Oil 50 ml - Kinnunen\" \/>\n<meta property=\"og:description\" content=\"Voimakas \u00f6ljyseos t\u00e4ydelliseen parran hoitoon ja viimeistelyyn. Sis\u00e4lt\u00e4\u00e4 mantelil\u00f6ljy\u00e4, joka pehment\u00e4\u00e4, kosteuttaa ja antaa luonnollisen kiillon. Sis\u00e4lt\u00e4\u00e4 my\u00f6s aprikoosinsiemen\u00f6ljy\u00e4 ja&hellip;\" \/>\n<meta property=\"og:url\" content=\"https:\/\/kinnunen.fi\/en\/product\/1922-beard-oil-50-ml\/\" \/>\n<meta property=\"og:site_name\" content=\"Kinnunen\" \/>\n<meta property=\"article:modified_time\" content=\"2026-04-12T01:00:11+00:00\" \/>\n<meta property=\"og:image\" content=\"https:\/\/kinnunen.fi\/wp-content\/uploads\/2021\/10\/21829-1922-Beard-Oil-50ml-online.jpg\" \/>\n\t<meta property=\"og:image:width\" content=\"1000\" \/>\n\t<meta property=\"og:image:height\" content=\"1000\" \/>\n\t<meta property=\"og:image:type\" content=\"image\/jpeg\" \/>\n<meta name=\"twitter:card\" content=\"summary_large_image\" \/>\n<script type=\"application\/ld+json\" class=\"yoast-schema-graph\">{\"@context\":\"https:\/\/schema.org\",\"@graph\":[{\"@type\":\"WebPage\",\"@id\":\"https:\/\/kinnunen.fi\/tuote\/1922-beard-oil-50-ml\/\",\"url\":\"https:\/\/kinnunen.fi\/tuote\/1922-beard-oil-50-ml\/\",\"name\":\"1922 Beard Oil 50 ml - Kinnunen\",\"isPartOf\":{\"@id\":\"https:\/\/kinnunen.fi\/#website\"},\"primaryImageOfPage\":{\"@id\":\"https:\/\/kinnunen.fi\/tuote\/1922-beard-oil-50-ml\/#primaryimage\"},\"image\":{\"@id\":\"https:\/\/kinnunen.fi\/tuote\/1922-beard-oil-50-ml\/#primaryimage\"},\"thumbnailUrl\":\"https:\/\/kinnunen.fi\/wp-content\/uploads\/2021\/10\/21829-1922-Beard-Oil-50ml-online.jpg\",\"datePublished\":\"2021-10-29T10:23:08+00:00\",\"dateModified\":\"2026-04-12T01:00:11+00:00\",\"breadcrumb\":{\"@id\":\"https:\/\/kinnunen.fi\/tuote\/1922-beard-oil-50-ml\/#breadcrumb\"},\"inLanguage\":\"en-GB\",\"potentialAction\":[{\"@type\":\"ReadAction\",\"target\":[\"https:\/\/kinnunen.fi\/tuote\/1922-beard-oil-50-ml\/\"]}]},{\"@type\":\"ImageObject\",\"inLanguage\":\"en-GB\",\"@id\":\"https:\/\/kinnunen.fi\/tuote\/1922-beard-oil-50-ml\/#primaryimage\",\"url\":\"https:\/\/kinnunen.fi\/wp-content\/uploads\/2021\/10\/21829-1922-Beard-Oil-50ml-online.jpg\",\"contentUrl\":\"https:\/\/kinnunen.fi\/wp-content\/uploads\/2021\/10\/21829-1922-Beard-Oil-50ml-online.jpg\",\"width\":1000,\"height\":1000},{\"@type\":\"BreadcrumbList\",\"@id\":\"https:\/\/kinnunen.fi\/tuote\/1922-beard-oil-50-ml\/#breadcrumb\",\"itemListElement\":[{\"@type\":\"ListItem\",\"position\":1,\"name\":\"Etusivu\",\"item\":\"https:\/\/kinnunen.fi\/\"},{\"@type\":\"ListItem\",\"position\":2,\"name\":\"Kaikki tuotteet\",\"item\":\"https:\/\/kinnunen.fi\/kauppa\/\"},{\"@type\":\"ListItem\",\"position\":3,\"name\":\"Hiuskosmetiikka\",\"item\":\"https:\/\/kinnunen.fi\/tuote-osasto\/hiuskosmetiikka\/\"},{\"@type\":\"ListItem\",\"position\":4,\"name\":\"Parranhoitotuotteet\",\"item\":\"https:\/\/kinnunen.fi\/tuote-osasto\/hiuskosmetiikka\/parranhoitotuotteet\/\"},{\"@type\":\"ListItem\",\"position\":5,\"name\":\"1922 Beard Oil 50 ml\"}]},{\"@type\":\"WebSite\",\"@id\":\"https:\/\/kinnunen.fi\/#website\",\"url\":\"https:\/\/kinnunen.fi\/\",\"name\":\"Kinnunen\",\"description\":\"\",\"potentialAction\":[{\"@type\":\"SearchAction\",\"target\":{\"@type\":\"EntryPoint\",\"urlTemplate\":\"https:\/\/kinnunen.fi\/?s={search_term_string}\"},\"query-input\":\"required name=search_term_string\"}],\"inLanguage\":\"en-GB\"}]}<\/script>\n<!-- \/ Yoast SEO plugin. -->","yoast_head_json":{"title":"1922 Beard Oil 50 ml - Kinnunen","robots":{"index":"index","follow":"follow","max-snippet":"max-snippet:-1","max-image-preview":"max-image-preview:large","max-video-preview":"max-video-preview:-1"},"canonical":"https:\/\/kinnunen.fi\/en\/product\/1922-beard-oil-50-ml\/","og_locale":"en_GB","og_type":"article","og_title":"1922 Beard Oil 50 ml - Kinnunen","og_description":"Voimakas \u00f6ljyseos t\u00e4ydelliseen parran hoitoon ja viimeistelyyn. Sis\u00e4lt\u00e4\u00e4 mantelil\u00f6ljy\u00e4, joka pehment\u00e4\u00e4, kosteuttaa ja antaa luonnollisen kiillon. Sis\u00e4lt\u00e4\u00e4 my\u00f6s aprikoosinsiemen\u00f6ljy\u00e4 ja&hellip;","og_url":"https:\/\/kinnunen.fi\/en\/product\/1922-beard-oil-50-ml\/","og_site_name":"Kinnunen","article_modified_time":"2026-04-12T01:00:11+00:00","og_image":[{"width":1000,"height":1000,"url":"https:\/\/kinnunen.fi\/wp-content\/uploads\/2021\/10\/21829-1922-Beard-Oil-50ml-online.jpg","type":"image\/jpeg"}],"twitter_card":"summary_large_image","schema":{"@context":"https:\/\/schema.org","@graph":[{"@type":"WebPage","@id":"https:\/\/kinnunen.fi\/tuote\/1922-beard-oil-50-ml\/","url":"https:\/\/kinnunen.fi\/tuote\/1922-beard-oil-50-ml\/","name":"1922 Beard Oil 50 ml - Kinnunen","isPartOf":{"@id":"https:\/\/kinnunen.fi\/#website"},"primaryImageOfPage":{"@id":"https:\/\/kinnunen.fi\/tuote\/1922-beard-oil-50-ml\/#primaryimage"},"image":{"@id":"https:\/\/kinnunen.fi\/tuote\/1922-beard-oil-50-ml\/#primaryimage"},"thumbnailUrl":"https:\/\/kinnunen.fi\/wp-content\/uploads\/2021\/10\/21829-1922-Beard-Oil-50ml-online.jpg","datePublished":"2021-10-29T10:23:08+00:00","dateModified":"2026-04-12T01:00:11+00:00","breadcrumb":{"@id":"https:\/\/kinnunen.fi\/tuote\/1922-beard-oil-50-ml\/#breadcrumb"},"inLanguage":"en-GB","potentialAction":[{"@type":"ReadAction","target":["https:\/\/kinnunen.fi\/tuote\/1922-beard-oil-50-ml\/"]}]},{"@type":"ImageObject","inLanguage":"en-GB","@id":"https:\/\/kinnunen.fi\/tuote\/1922-beard-oil-50-ml\/#primaryimage","url":"https:\/\/kinnunen.fi\/wp-content\/uploads\/2021\/10\/21829-1922-Beard-Oil-50ml-online.jpg","contentUrl":"https:\/\/kinnunen.fi\/wp-content\/uploads\/2021\/10\/21829-1922-Beard-Oil-50ml-online.jpg","width":1000,"height":1000},{"@type":"BreadcrumbList","@id":"https:\/\/kinnunen.fi\/tuote\/1922-beard-oil-50-ml\/#breadcrumb","itemListElement":[{"@type":"ListItem","position":1,"name":"Etusivu","item":"https:\/\/kinnunen.fi\/"},{"@type":"ListItem","position":2,"name":"Kaikki tuotteet","item":"https:\/\/kinnunen.fi\/kauppa\/"},{"@type":"ListItem","position":3,"name":"Hiuskosmetiikka","item":"https:\/\/kinnunen.fi\/tuote-osasto\/hiuskosmetiikka\/"},{"@type":"ListItem","position":4,"name":"Parranhoitotuotteet","item":"https:\/\/kinnunen.fi\/tuote-osasto\/hiuskosmetiikka\/parranhoitotuotteet\/"},{"@type":"ListItem","position":5,"name":"1922 Beard Oil 50 ml"}]},{"@type":"WebSite","@id":"https:\/\/kinnunen.fi\/#website","url":"https:\/\/kinnunen.fi\/","name":"Kinnunen","description":"","potentialAction":[{"@type":"SearchAction","target":{"@type":"EntryPoint","urlTemplate":"https:\/\/kinnunen.fi\/?s={search_term_string}"},"query-input":"required name=search_term_string"}],"inLanguage":"en-GB"}]}},"_links":{"self":[{"href":"https:\/\/kinnunen.fi\/en\/wp-json\/wp\/v2\/product\/5334"}],"collection":[{"href":"https:\/\/kinnunen.fi\/en\/wp-json\/wp\/v2\/product"}],"about":[{"href":"https:\/\/kinnunen.fi\/en\/wp-json\/wp\/v2\/types\/product"}],"replies":[{"embeddable":true,"href":"https:\/\/kinnunen.fi\/en\/wp-json\/wp\/v2\/comments?post=5334"}],"wp:featuredmedia":[{"embeddable":true,"href":"https:\/\/kinnunen.fi\/en\/wp-json\/wp\/v2\/media\/13622"}],"wp:attachment":[{"href":"https:\/\/kinnunen.fi\/en\/wp-json\/wp\/v2\/media?parent=5334"}],"wp:term":[{"taxonomy":"product_cat","embeddable":true,"href":"https:\/\/kinnunen.fi\/en\/wp-json\/wp\/v2\/product_cat?post=5334"},{"taxonomy":"product_tag","embeddable":true,"href":"https:\/\/kinnunen.fi\/en\/wp-json\/wp\/v2\/product_tag?post=5334"}],"curies":[{"name":"wp","href":"https:\/\/api.w.org\/{rel}","templated":true}]}}