

{"id":5378,"date":"2021-10-29T13:23:43","date_gmt":"2021-10-29T10:23:43","guid":{"rendered":"https:\/\/kinnunen.fi\/tuote\/simply-natural-mago-sakset\/"},"modified":"2026-04-18T04:00:31","modified_gmt":"2026-04-18T01:00:31","slug":"simply-natural-mago-sakset","status":"publish","type":"product","link":"https:\/\/kinnunen.fi\/en\/product\/simply-natural-mago-sakset\/","title":{"rendered":"Simply Natural\u00ae Mago scissors set"},"content":{"rendered":"<p>Scissors used in the Mago technique for cutting and removing yarns. The scissors are designed to cut the yarn to the correct length for ease of use and to make removal as gentle as possible.<\/p>","protected":false},"excerpt":{"rendered":"<p>Sakset, joita k\u00e4ytet\u00e4\u00e4n Mago-tekniikassa lankojen leikkaamiseen ja poistoon. Sakset ovat suunniteltu, jotta langan saa leikattua k\u00e4tev\u00e4sti oikean mittaiseksi ja ett\u00e4&hellip;<\/p>","protected":false},"featured_media":14774,"comment_status":"closed","ping_status":"closed","template":"","meta":{"_relevanssi_hide_post":"","_relevanssi_pin_for_all":"","_relevanssi_pin_keywords":"","_relevanssi_unpin_keywords":"","_relevanssi_related_keywords":"","_relevanssi_related_include_ids":"","_relevanssi_related_exclude_ids":"","_relevanssi_related_no_append":"","_relevanssi_related_not_related":"","_relevanssi_related_posts":"","_relevanssi_noindex_reason":""},"product_cat":[1767,1768],"product_tag":[],"class_list":["post-5378","product","type-product","status-publish","has-post-thumbnail","hentry","product_cat-hiustenpidennykset","product_cat-pidennystarvikkeet","tuotemerkki-simply-natural"],"tuotemerkit":[{"term_id":142,"name":"Simply Natural","slug":"simply-natural","term_group":0,"term_taxonomy_id":142,"taxonomy":"tuotemerkki","description":"","parent":0,"count":55,"filter":"raw"}],"acf":[],"yoast_head":"<!-- This site is optimized with the Yoast SEO plugin v23.3 - https:\/\/yoast.com\/wordpress\/plugins\/seo\/ -->\n<title>Simply Natural\u00ae Mago-sakset - Kinnunen<\/title>\n<meta name=\"robots\" content=\"index, follow, max-snippet:-1, max-image-preview:large, max-video-preview:-1\" \/>\n<link rel=\"canonical\" href=\"https:\/\/kinnunen.fi\/en\/product\/simply-natural-mago-sakset\/\" \/>\n<meta property=\"og:locale\" content=\"en_GB\" \/>\n<meta property=\"og:type\" content=\"article\" \/>\n<meta property=\"og:title\" content=\"Simply Natural\u00ae Mago-sakset - Kinnunen\" \/>\n<meta property=\"og:description\" content=\"Sakset, joita k\u00e4ytet\u00e4\u00e4n Mago-tekniikassa lankojen leikkaamiseen ja poistoon. Sakset ovat suunniteltu, jotta langan saa leikattua k\u00e4tev\u00e4sti oikean mittaiseksi ja ett\u00e4&hellip;\" \/>\n<meta property=\"og:url\" content=\"https:\/\/kinnunen.fi\/en\/product\/simply-natural-mago-sakset\/\" \/>\n<meta property=\"og:site_name\" content=\"Kinnunen\" \/>\n<meta property=\"article:modified_time\" content=\"2026-04-18T01:00:31+00:00\" \/>\n<meta property=\"og:image\" content=\"https:\/\/kinnunen.fi\/wp-content\/uploads\/2021\/10\/mago_sakset.jpg\" \/>\n\t<meta property=\"og:image:width\" content=\"1000\" \/>\n\t<meta property=\"og:image:height\" content=\"1000\" \/>\n\t<meta property=\"og:image:type\" content=\"image\/jpeg\" \/>\n<meta name=\"twitter:card\" content=\"summary_large_image\" \/>\n<script type=\"application\/ld+json\" class=\"yoast-schema-graph\">{\"@context\":\"https:\/\/schema.org\",\"@graph\":[{\"@type\":\"WebPage\",\"@id\":\"https:\/\/kinnunen.fi\/tuote\/simply-natural-mago-sakset\/\",\"url\":\"https:\/\/kinnunen.fi\/tuote\/simply-natural-mago-sakset\/\",\"name\":\"Simply Natural\u00ae Mago-sakset - Kinnunen\",\"isPartOf\":{\"@id\":\"https:\/\/kinnunen.fi\/#website\"},\"primaryImageOfPage\":{\"@id\":\"https:\/\/kinnunen.fi\/tuote\/simply-natural-mago-sakset\/#primaryimage\"},\"image\":{\"@id\":\"https:\/\/kinnunen.fi\/tuote\/simply-natural-mago-sakset\/#primaryimage\"},\"thumbnailUrl\":\"https:\/\/kinnunen.fi\/wp-content\/uploads\/2021\/10\/mago_sakset.jpg\",\"datePublished\":\"2021-10-29T10:23:43+00:00\",\"dateModified\":\"2026-04-18T01:00:31+00:00\",\"breadcrumb\":{\"@id\":\"https:\/\/kinnunen.fi\/tuote\/simply-natural-mago-sakset\/#breadcrumb\"},\"inLanguage\":\"en-GB\",\"potentialAction\":[{\"@type\":\"ReadAction\",\"target\":[\"https:\/\/kinnunen.fi\/tuote\/simply-natural-mago-sakset\/\"]}]},{\"@type\":\"ImageObject\",\"inLanguage\":\"en-GB\",\"@id\":\"https:\/\/kinnunen.fi\/tuote\/simply-natural-mago-sakset\/#primaryimage\",\"url\":\"https:\/\/kinnunen.fi\/wp-content\/uploads\/2021\/10\/mago_sakset.jpg\",\"contentUrl\":\"https:\/\/kinnunen.fi\/wp-content\/uploads\/2021\/10\/mago_sakset.jpg\",\"width\":1000,\"height\":1000},{\"@type\":\"BreadcrumbList\",\"@id\":\"https:\/\/kinnunen.fi\/tuote\/simply-natural-mago-sakset\/#breadcrumb\",\"itemListElement\":[{\"@type\":\"ListItem\",\"position\":1,\"name\":\"Etusivu\",\"item\":\"https:\/\/kinnunen.fi\/\"},{\"@type\":\"ListItem\",\"position\":2,\"name\":\"Kaikki tuotteet\",\"item\":\"https:\/\/kinnunen.fi\/kauppa\/\"},{\"@type\":\"ListItem\",\"position\":3,\"name\":\"Hiustenpidennykset\",\"item\":\"https:\/\/kinnunen.fi\/tuote-osasto\/hiustenpidennykset\/\"},{\"@type\":\"ListItem\",\"position\":4,\"name\":\"Pidennystarvikkeet ja ty\u00f6v\u00e4lineet\",\"item\":\"https:\/\/kinnunen.fi\/tuote-osasto\/hiustenpidennykset\/pidennystarvikkeet\/\"},{\"@type\":\"ListItem\",\"position\":5,\"name\":\"Simply Natural\u00ae Mago-sakset\"}]},{\"@type\":\"WebSite\",\"@id\":\"https:\/\/kinnunen.fi\/#website\",\"url\":\"https:\/\/kinnunen.fi\/\",\"name\":\"Kinnunen\",\"description\":\"\",\"potentialAction\":[{\"@type\":\"SearchAction\",\"target\":{\"@type\":\"EntryPoint\",\"urlTemplate\":\"https:\/\/kinnunen.fi\/?s={search_term_string}\"},\"query-input\":\"required name=search_term_string\"}],\"inLanguage\":\"en-GB\"}]}<\/script>\n<!-- \/ Yoast SEO plugin. -->","yoast_head_json":{"title":"Simply Natural\u00ae Mago-sakset - Kinnunen","robots":{"index":"index","follow":"follow","max-snippet":"max-snippet:-1","max-image-preview":"max-image-preview:large","max-video-preview":"max-video-preview:-1"},"canonical":"https:\/\/kinnunen.fi\/en\/product\/simply-natural-mago-sakset\/","og_locale":"en_GB","og_type":"article","og_title":"Simply Natural\u00ae Mago-sakset - Kinnunen","og_description":"Sakset, joita k\u00e4ytet\u00e4\u00e4n Mago-tekniikassa lankojen leikkaamiseen ja poistoon. Sakset ovat suunniteltu, jotta langan saa leikattua k\u00e4tev\u00e4sti oikean mittaiseksi ja ett\u00e4&hellip;","og_url":"https:\/\/kinnunen.fi\/en\/product\/simply-natural-mago-sakset\/","og_site_name":"Kinnunen","article_modified_time":"2026-04-18T01:00:31+00:00","og_image":[{"width":1000,"height":1000,"url":"https:\/\/kinnunen.fi\/wp-content\/uploads\/2021\/10\/mago_sakset.jpg","type":"image\/jpeg"}],"twitter_card":"summary_large_image","schema":{"@context":"https:\/\/schema.org","@graph":[{"@type":"WebPage","@id":"https:\/\/kinnunen.fi\/tuote\/simply-natural-mago-sakset\/","url":"https:\/\/kinnunen.fi\/tuote\/simply-natural-mago-sakset\/","name":"Simply Natural\u00ae Mago-sakset - Kinnunen","isPartOf":{"@id":"https:\/\/kinnunen.fi\/#website"},"primaryImageOfPage":{"@id":"https:\/\/kinnunen.fi\/tuote\/simply-natural-mago-sakset\/#primaryimage"},"image":{"@id":"https:\/\/kinnunen.fi\/tuote\/simply-natural-mago-sakset\/#primaryimage"},"thumbnailUrl":"https:\/\/kinnunen.fi\/wp-content\/uploads\/2021\/10\/mago_sakset.jpg","datePublished":"2021-10-29T10:23:43+00:00","dateModified":"2026-04-18T01:00:31+00:00","breadcrumb":{"@id":"https:\/\/kinnunen.fi\/tuote\/simply-natural-mago-sakset\/#breadcrumb"},"inLanguage":"en-GB","potentialAction":[{"@type":"ReadAction","target":["https:\/\/kinnunen.fi\/tuote\/simply-natural-mago-sakset\/"]}]},{"@type":"ImageObject","inLanguage":"en-GB","@id":"https:\/\/kinnunen.fi\/tuote\/simply-natural-mago-sakset\/#primaryimage","url":"https:\/\/kinnunen.fi\/wp-content\/uploads\/2021\/10\/mago_sakset.jpg","contentUrl":"https:\/\/kinnunen.fi\/wp-content\/uploads\/2021\/10\/mago_sakset.jpg","width":1000,"height":1000},{"@type":"BreadcrumbList","@id":"https:\/\/kinnunen.fi\/tuote\/simply-natural-mago-sakset\/#breadcrumb","itemListElement":[{"@type":"ListItem","position":1,"name":"Etusivu","item":"https:\/\/kinnunen.fi\/"},{"@type":"ListItem","position":2,"name":"Kaikki tuotteet","item":"https:\/\/kinnunen.fi\/kauppa\/"},{"@type":"ListItem","position":3,"name":"Hiustenpidennykset","item":"https:\/\/kinnunen.fi\/tuote-osasto\/hiustenpidennykset\/"},{"@type":"ListItem","position":4,"name":"Pidennystarvikkeet ja ty\u00f6v\u00e4lineet","item":"https:\/\/kinnunen.fi\/tuote-osasto\/hiustenpidennykset\/pidennystarvikkeet\/"},{"@type":"ListItem","position":5,"name":"Simply Natural\u00ae Mago-sakset"}]},{"@type":"WebSite","@id":"https:\/\/kinnunen.fi\/#website","url":"https:\/\/kinnunen.fi\/","name":"Kinnunen","description":"","potentialAction":[{"@type":"SearchAction","target":{"@type":"EntryPoint","urlTemplate":"https:\/\/kinnunen.fi\/?s={search_term_string}"},"query-input":"required name=search_term_string"}],"inLanguage":"en-GB"}]}},"_links":{"self":[{"href":"https:\/\/kinnunen.fi\/en\/wp-json\/wp\/v2\/product\/5378"}],"collection":[{"href":"https:\/\/kinnunen.fi\/en\/wp-json\/wp\/v2\/product"}],"about":[{"href":"https:\/\/kinnunen.fi\/en\/wp-json\/wp\/v2\/types\/product"}],"replies":[{"embeddable":true,"href":"https:\/\/kinnunen.fi\/en\/wp-json\/wp\/v2\/comments?post=5378"}],"wp:featuredmedia":[{"embeddable":true,"href":"https:\/\/kinnunen.fi\/en\/wp-json\/wp\/v2\/media\/14774"}],"wp:attachment":[{"href":"https:\/\/kinnunen.fi\/en\/wp-json\/wp\/v2\/media?parent=5378"}],"wp:term":[{"taxonomy":"product_cat","embeddable":true,"href":"https:\/\/kinnunen.fi\/en\/wp-json\/wp\/v2\/product_cat?post=5378"},{"taxonomy":"product_tag","embeddable":true,"href":"https:\/\/kinnunen.fi\/en\/wp-json\/wp\/v2\/product_tag?post=5378"}],"curies":[{"name":"wp","href":"https:\/\/api.w.org\/{rel}","templated":true}]}}