

{"id":5423,"date":"2021-10-29T13:24:27","date_gmt":"2021-10-29T10:24:27","guid":{"rendered":"https:\/\/kinnunen.fi\/tuote\/moser-blade-ice-cooling-spray-400ml\/"},"modified":"2026-04-29T04:00:14","modified_gmt":"2026-04-29T01:00:14","slug":"moser-blade-ice-cooling-spray-400ml","status":"publish","type":"product","link":"https:\/\/kinnunen.fi\/en\/product\/moser-blade-ice-cooling-spray-400ml\/","title":{"rendered":"Moser Blade Ice - Cooling Spray 400ml"},"content":{"rendered":"<p>A highly effective oil spray that quickly cools, oils and cleans machine blades. Protects blades from rusting. The product is sprayed onto the blade according to the manufacturer's instructions. Adequate oiling reduces friction, protects blades from wear and tear and heat - can be added to blades even before each cut. Highly flammable.<\/p>","protected":false},"excerpt":{"rendered":"<p>Eritt\u00e4in tehokas \u00f6ljyspray, joka viilent\u00e4\u00e4, \u00f6ljy\u00e4\u00e4 sek\u00e4 puhdistaa koneiden ter\u00e4t nopeasti. Suojaa teri\u00e4 ruostumiselta. Tuote suihkutetaan ter\u00e4\u00e4n valmistajan ohjeen mukaisiin&hellip;<\/p>","protected":false},"featured_media":14784,"comment_status":"closed","ping_status":"closed","template":"","meta":{"_relevanssi_hide_post":"","_relevanssi_pin_for_all":"","_relevanssi_pin_keywords":"","_relevanssi_unpin_keywords":"","_relevanssi_related_keywords":"","_relevanssi_related_include_ids":"","_relevanssi_related_exclude_ids":"","_relevanssi_related_no_append":"","_relevanssi_related_not_related":"","_relevanssi_related_posts":"","_relevanssi_noindex_reason":""},"product_cat":[1774,1777],"product_tag":[],"class_list":["post-5423","product","type-product","status-publish","has-post-thumbnail","hentry","product_cat-koneet-ja-laitteet","product_cat-leikkauskoneiden-terat-ja-varaosta","tuotemerkki-moser"],"tuotemerkit":[{"term_id":154,"name":"Moser","slug":"moser","term_group":0,"term_taxonomy_id":154,"taxonomy":"tuotemerkki","description":"","parent":0,"count":20,"filter":"raw"}],"acf":[],"yoast_head":"<!-- This site is optimized with the Yoast SEO plugin v23.3 - https:\/\/yoast.com\/wordpress\/plugins\/seo\/ -->\n<title>Moser Blade Ice - Cooling Spray 400ml - Kinnunen<\/title>\n<meta name=\"robots\" content=\"index, follow, max-snippet:-1, max-image-preview:large, max-video-preview:-1\" \/>\n<link rel=\"canonical\" href=\"https:\/\/kinnunen.fi\/en\/product\/moser-blade-ice-cooling-spray-400ml\/\" \/>\n<meta property=\"og:locale\" content=\"en_GB\" \/>\n<meta property=\"og:type\" content=\"article\" \/>\n<meta property=\"og:title\" content=\"Moser Blade Ice - Cooling Spray 400ml - Kinnunen\" \/>\n<meta property=\"og:description\" content=\"Eritt\u00e4in tehokas \u00f6ljyspray, joka viilent\u00e4\u00e4, \u00f6ljy\u00e4\u00e4 sek\u00e4 puhdistaa koneiden ter\u00e4t nopeasti. Suojaa teri\u00e4 ruostumiselta. Tuote suihkutetaan ter\u00e4\u00e4n valmistajan ohjeen mukaisiin&hellip;\" \/>\n<meta property=\"og:url\" content=\"https:\/\/kinnunen.fi\/en\/product\/moser-blade-ice-cooling-spray-400ml\/\" \/>\n<meta property=\"og:site_name\" content=\"Kinnunen\" \/>\n<meta property=\"article:modified_time\" content=\"2026-04-29T01:00:14+00:00\" \/>\n<meta property=\"og:image\" content=\"https:\/\/kinnunen.fi\/wp-content\/uploads\/2021\/10\/Moser_blade_ice.jpg\" \/>\n\t<meta property=\"og:image:width\" content=\"1000\" \/>\n\t<meta property=\"og:image:height\" content=\"1000\" \/>\n\t<meta property=\"og:image:type\" content=\"image\/jpeg\" \/>\n<meta name=\"twitter:card\" content=\"summary_large_image\" \/>\n<script type=\"application\/ld+json\" class=\"yoast-schema-graph\">{\"@context\":\"https:\/\/schema.org\",\"@graph\":[{\"@type\":\"WebPage\",\"@id\":\"https:\/\/kinnunen.fi\/tuote\/moser-blade-ice-cooling-spray-400ml\/\",\"url\":\"https:\/\/kinnunen.fi\/tuote\/moser-blade-ice-cooling-spray-400ml\/\",\"name\":\"Moser Blade Ice - Cooling Spray 400ml - Kinnunen\",\"isPartOf\":{\"@id\":\"https:\/\/kinnunen.fi\/#website\"},\"primaryImageOfPage\":{\"@id\":\"https:\/\/kinnunen.fi\/tuote\/moser-blade-ice-cooling-spray-400ml\/#primaryimage\"},\"image\":{\"@id\":\"https:\/\/kinnunen.fi\/tuote\/moser-blade-ice-cooling-spray-400ml\/#primaryimage\"},\"thumbnailUrl\":\"https:\/\/kinnunen.fi\/wp-content\/uploads\/2021\/10\/Moser_blade_ice.jpg\",\"datePublished\":\"2021-10-29T10:24:27+00:00\",\"dateModified\":\"2026-04-29T01:00:14+00:00\",\"breadcrumb\":{\"@id\":\"https:\/\/kinnunen.fi\/tuote\/moser-blade-ice-cooling-spray-400ml\/#breadcrumb\"},\"inLanguage\":\"en-GB\",\"potentialAction\":[{\"@type\":\"ReadAction\",\"target\":[\"https:\/\/kinnunen.fi\/tuote\/moser-blade-ice-cooling-spray-400ml\/\"]}]},{\"@type\":\"ImageObject\",\"inLanguage\":\"en-GB\",\"@id\":\"https:\/\/kinnunen.fi\/tuote\/moser-blade-ice-cooling-spray-400ml\/#primaryimage\",\"url\":\"https:\/\/kinnunen.fi\/wp-content\/uploads\/2021\/10\/Moser_blade_ice.jpg\",\"contentUrl\":\"https:\/\/kinnunen.fi\/wp-content\/uploads\/2021\/10\/Moser_blade_ice.jpg\",\"width\":1000,\"height\":1000},{\"@type\":\"BreadcrumbList\",\"@id\":\"https:\/\/kinnunen.fi\/tuote\/moser-blade-ice-cooling-spray-400ml\/#breadcrumb\",\"itemListElement\":[{\"@type\":\"ListItem\",\"position\":1,\"name\":\"Etusivu\",\"item\":\"https:\/\/kinnunen.fi\/\"},{\"@type\":\"ListItem\",\"position\":2,\"name\":\"Kaikki tuotteet\",\"item\":\"https:\/\/kinnunen.fi\/kauppa\/\"},{\"@type\":\"ListItem\",\"position\":3,\"name\":\"Koneet ja s\u00e4hk\u00f6laitteet\",\"item\":\"https:\/\/kinnunen.fi\/tuote-osasto\/koneet-ja-laitteet\/\"},{\"@type\":\"ListItem\",\"position\":4,\"name\":\"Leikkauskoneiden ter\u00e4t ja varaosat\",\"item\":\"https:\/\/kinnunen.fi\/tuote-osasto\/koneet-ja-laitteet\/leikkauskoneiden-terat-ja-varaosta\/\"},{\"@type\":\"ListItem\",\"position\":5,\"name\":\"Moser Blade Ice &#8211; Cooling Spray 400ml\"}]},{\"@type\":\"WebSite\",\"@id\":\"https:\/\/kinnunen.fi\/#website\",\"url\":\"https:\/\/kinnunen.fi\/\",\"name\":\"Kinnunen\",\"description\":\"\",\"potentialAction\":[{\"@type\":\"SearchAction\",\"target\":{\"@type\":\"EntryPoint\",\"urlTemplate\":\"https:\/\/kinnunen.fi\/?s={search_term_string}\"},\"query-input\":\"required name=search_term_string\"}],\"inLanguage\":\"en-GB\"}]}<\/script>\n<!-- \/ Yoast SEO plugin. -->","yoast_head_json":{"title":"Moser Blade Ice - Cooling Spray 400ml - Kinnunen","robots":{"index":"index","follow":"follow","max-snippet":"max-snippet:-1","max-image-preview":"max-image-preview:large","max-video-preview":"max-video-preview:-1"},"canonical":"https:\/\/kinnunen.fi\/en\/product\/moser-blade-ice-cooling-spray-400ml\/","og_locale":"en_GB","og_type":"article","og_title":"Moser Blade Ice - Cooling Spray 400ml - Kinnunen","og_description":"Eritt\u00e4in tehokas \u00f6ljyspray, joka viilent\u00e4\u00e4, \u00f6ljy\u00e4\u00e4 sek\u00e4 puhdistaa koneiden ter\u00e4t nopeasti. Suojaa teri\u00e4 ruostumiselta. Tuote suihkutetaan ter\u00e4\u00e4n valmistajan ohjeen mukaisiin&hellip;","og_url":"https:\/\/kinnunen.fi\/en\/product\/moser-blade-ice-cooling-spray-400ml\/","og_site_name":"Kinnunen","article_modified_time":"2026-04-29T01:00:14+00:00","og_image":[{"width":1000,"height":1000,"url":"https:\/\/kinnunen.fi\/wp-content\/uploads\/2021\/10\/Moser_blade_ice.jpg","type":"image\/jpeg"}],"twitter_card":"summary_large_image","schema":{"@context":"https:\/\/schema.org","@graph":[{"@type":"WebPage","@id":"https:\/\/kinnunen.fi\/tuote\/moser-blade-ice-cooling-spray-400ml\/","url":"https:\/\/kinnunen.fi\/tuote\/moser-blade-ice-cooling-spray-400ml\/","name":"Moser Blade Ice - Cooling Spray 400ml - Kinnunen","isPartOf":{"@id":"https:\/\/kinnunen.fi\/#website"},"primaryImageOfPage":{"@id":"https:\/\/kinnunen.fi\/tuote\/moser-blade-ice-cooling-spray-400ml\/#primaryimage"},"image":{"@id":"https:\/\/kinnunen.fi\/tuote\/moser-blade-ice-cooling-spray-400ml\/#primaryimage"},"thumbnailUrl":"https:\/\/kinnunen.fi\/wp-content\/uploads\/2021\/10\/Moser_blade_ice.jpg","datePublished":"2021-10-29T10:24:27+00:00","dateModified":"2026-04-29T01:00:14+00:00","breadcrumb":{"@id":"https:\/\/kinnunen.fi\/tuote\/moser-blade-ice-cooling-spray-400ml\/#breadcrumb"},"inLanguage":"en-GB","potentialAction":[{"@type":"ReadAction","target":["https:\/\/kinnunen.fi\/tuote\/moser-blade-ice-cooling-spray-400ml\/"]}]},{"@type":"ImageObject","inLanguage":"en-GB","@id":"https:\/\/kinnunen.fi\/tuote\/moser-blade-ice-cooling-spray-400ml\/#primaryimage","url":"https:\/\/kinnunen.fi\/wp-content\/uploads\/2021\/10\/Moser_blade_ice.jpg","contentUrl":"https:\/\/kinnunen.fi\/wp-content\/uploads\/2021\/10\/Moser_blade_ice.jpg","width":1000,"height":1000},{"@type":"BreadcrumbList","@id":"https:\/\/kinnunen.fi\/tuote\/moser-blade-ice-cooling-spray-400ml\/#breadcrumb","itemListElement":[{"@type":"ListItem","position":1,"name":"Etusivu","item":"https:\/\/kinnunen.fi\/"},{"@type":"ListItem","position":2,"name":"Kaikki tuotteet","item":"https:\/\/kinnunen.fi\/kauppa\/"},{"@type":"ListItem","position":3,"name":"Koneet ja s\u00e4hk\u00f6laitteet","item":"https:\/\/kinnunen.fi\/tuote-osasto\/koneet-ja-laitteet\/"},{"@type":"ListItem","position":4,"name":"Leikkauskoneiden ter\u00e4t ja varaosat","item":"https:\/\/kinnunen.fi\/tuote-osasto\/koneet-ja-laitteet\/leikkauskoneiden-terat-ja-varaosta\/"},{"@type":"ListItem","position":5,"name":"Moser Blade Ice &#8211; Cooling Spray 400ml"}]},{"@type":"WebSite","@id":"https:\/\/kinnunen.fi\/#website","url":"https:\/\/kinnunen.fi\/","name":"Kinnunen","description":"","potentialAction":[{"@type":"SearchAction","target":{"@type":"EntryPoint","urlTemplate":"https:\/\/kinnunen.fi\/?s={search_term_string}"},"query-input":"required name=search_term_string"}],"inLanguage":"en-GB"}]}},"_links":{"self":[{"href":"https:\/\/kinnunen.fi\/en\/wp-json\/wp\/v2\/product\/5423"}],"collection":[{"href":"https:\/\/kinnunen.fi\/en\/wp-json\/wp\/v2\/product"}],"about":[{"href":"https:\/\/kinnunen.fi\/en\/wp-json\/wp\/v2\/types\/product"}],"replies":[{"embeddable":true,"href":"https:\/\/kinnunen.fi\/en\/wp-json\/wp\/v2\/comments?post=5423"}],"wp:featuredmedia":[{"embeddable":true,"href":"https:\/\/kinnunen.fi\/en\/wp-json\/wp\/v2\/media\/14784"}],"wp:attachment":[{"href":"https:\/\/kinnunen.fi\/en\/wp-json\/wp\/v2\/media?parent=5423"}],"wp:term":[{"taxonomy":"product_cat","embeddable":true,"href":"https:\/\/kinnunen.fi\/en\/wp-json\/wp\/v2\/product_cat?post=5423"},{"taxonomy":"product_tag","embeddable":true,"href":"https:\/\/kinnunen.fi\/en\/wp-json\/wp\/v2\/product_tag?post=5423"}],"curies":[{"name":"wp","href":"https:\/\/api.w.org\/{rel}","templated":true}]}}