

{"id":5442,"date":"2021-10-29T13:24:48","date_gmt":"2021-10-29T10:24:48","guid":{"rendered":"https:\/\/kinnunen.fi\/tuote\/diamond-blade\/"},"modified":"2026-04-30T04:00:07","modified_gmt":"2026-04-30T01:00:07","slug":"diamond-blade","status":"publish","type":"product","link":"https:\/\/kinnunen.fi\/en\/product\/diamond-blade\/","title":{"rendered":"Diamond Blade"},"content":{"rendered":"<p>An innovative carbon-coated blade that gives a diamond-cut finish. More than 40 times more durable than a traditional cutting blade and requires less maintenance. Cutting length adjustment from 0.7 to 3 mm. Suitable for Moser, Wahl and Ermila machines: 1854, 1870, 1871, 1872, 1884, 1885 and 4212.<\/p>","protected":false},"excerpt":{"rendered":"<p>Innovatiivinen hiilip\u00e4\u00e4llysteinen ter\u00e4, joka antaa timantinter\u00e4v\u00e4n leikkausj\u00e4ljen. Yli 40 kertaa kest\u00e4v\u00e4mpi kuin perinteinen leikkauster\u00e4 ja vaatii v\u00e4hemm\u00e4n huoltoa. Leikkauspituuden s\u00e4\u00e4t\u00f6&hellip;<\/p>","protected":false},"featured_media":14792,"comment_status":"closed","ping_status":"open","template":"","meta":{"_relevanssi_hide_post":"","_relevanssi_pin_for_all":"","_relevanssi_pin_keywords":"","_relevanssi_unpin_keywords":"","_relevanssi_related_keywords":"","_relevanssi_related_include_ids":"","_relevanssi_related_exclude_ids":"","_relevanssi_related_no_append":"","_relevanssi_related_not_related":"","_relevanssi_related_posts":"","_relevanssi_noindex_reason":""},"product_cat":[1774,1777],"product_tag":[],"class_list":["post-5442","product","type-product","status-publish","has-post-thumbnail","hentry","product_cat-koneet-ja-laitteet","product_cat-leikkauskoneiden-terat-ja-varaosta","pa_ominaisuudet-valmistettu-euroopassa","tuotemerkki-moser"],"tuotemerkit":[{"term_id":154,"name":"Moser","slug":"moser","term_group":0,"term_taxonomy_id":154,"taxonomy":"tuotemerkki","description":"","parent":0,"count":20,"filter":"raw"}],"acf":[],"yoast_head":"<!-- This site is optimized with the Yoast SEO plugin v23.3 - https:\/\/yoast.com\/wordpress\/plugins\/seo\/ -->\n<title>Diamond Blade - Kinnunen<\/title>\n<meta name=\"robots\" content=\"index, follow, max-snippet:-1, max-image-preview:large, max-video-preview:-1\" \/>\n<link rel=\"canonical\" href=\"https:\/\/kinnunen.fi\/en\/product\/diamond-blade\/\" \/>\n<meta property=\"og:locale\" content=\"en_GB\" \/>\n<meta property=\"og:type\" content=\"article\" \/>\n<meta property=\"og:title\" content=\"Diamond Blade - Kinnunen\" \/>\n<meta property=\"og:description\" content=\"Innovatiivinen hiilip\u00e4\u00e4llysteinen ter\u00e4, joka antaa timantinter\u00e4v\u00e4n leikkausj\u00e4ljen. Yli 40 kertaa kest\u00e4v\u00e4mpi kuin perinteinen leikkauster\u00e4 ja vaatii v\u00e4hemm\u00e4n huoltoa. Leikkauspituuden s\u00e4\u00e4t\u00f6&hellip;\" \/>\n<meta property=\"og:url\" content=\"https:\/\/kinnunen.fi\/en\/product\/diamond-blade\/\" \/>\n<meta property=\"og:site_name\" content=\"Kinnunen\" \/>\n<meta property=\"article:modified_time\" content=\"2026-04-30T01:00:07+00:00\" \/>\n<meta property=\"og:image\" content=\"https:\/\/kinnunen.fi\/wp-content\/uploads\/2021\/10\/Moser_DiamondBlade.jpg\" \/>\n\t<meta property=\"og:image:width\" content=\"1000\" \/>\n\t<meta property=\"og:image:height\" content=\"1000\" \/>\n\t<meta property=\"og:image:type\" content=\"image\/jpeg\" \/>\n<meta name=\"twitter:card\" content=\"summary_large_image\" \/>\n<script type=\"application\/ld+json\" class=\"yoast-schema-graph\">{\"@context\":\"https:\/\/schema.org\",\"@graph\":[{\"@type\":\"WebPage\",\"@id\":\"https:\/\/kinnunen.fi\/tuote\/diamond-blade\/\",\"url\":\"https:\/\/kinnunen.fi\/tuote\/diamond-blade\/\",\"name\":\"Diamond Blade - Kinnunen\",\"isPartOf\":{\"@id\":\"https:\/\/kinnunen.fi\/#website\"},\"primaryImageOfPage\":{\"@id\":\"https:\/\/kinnunen.fi\/tuote\/diamond-blade\/#primaryimage\"},\"image\":{\"@id\":\"https:\/\/kinnunen.fi\/tuote\/diamond-blade\/#primaryimage\"},\"thumbnailUrl\":\"https:\/\/kinnunen.fi\/wp-content\/uploads\/2021\/10\/Moser_DiamondBlade.jpg\",\"datePublished\":\"2021-10-29T10:24:48+00:00\",\"dateModified\":\"2026-04-30T01:00:07+00:00\",\"breadcrumb\":{\"@id\":\"https:\/\/kinnunen.fi\/tuote\/diamond-blade\/#breadcrumb\"},\"inLanguage\":\"en-GB\",\"potentialAction\":[{\"@type\":\"ReadAction\",\"target\":[\"https:\/\/kinnunen.fi\/tuote\/diamond-blade\/\"]}]},{\"@type\":\"ImageObject\",\"inLanguage\":\"en-GB\",\"@id\":\"https:\/\/kinnunen.fi\/tuote\/diamond-blade\/#primaryimage\",\"url\":\"https:\/\/kinnunen.fi\/wp-content\/uploads\/2021\/10\/Moser_DiamondBlade.jpg\",\"contentUrl\":\"https:\/\/kinnunen.fi\/wp-content\/uploads\/2021\/10\/Moser_DiamondBlade.jpg\",\"width\":1000,\"height\":1000},{\"@type\":\"BreadcrumbList\",\"@id\":\"https:\/\/kinnunen.fi\/tuote\/diamond-blade\/#breadcrumb\",\"itemListElement\":[{\"@type\":\"ListItem\",\"position\":1,\"name\":\"Etusivu\",\"item\":\"https:\/\/kinnunen.fi\/\"},{\"@type\":\"ListItem\",\"position\":2,\"name\":\"Kaikki tuotteet\",\"item\":\"https:\/\/kinnunen.fi\/kauppa\/\"},{\"@type\":\"ListItem\",\"position\":3,\"name\":\"Koneet ja s\u00e4hk\u00f6laitteet\",\"item\":\"https:\/\/kinnunen.fi\/tuote-osasto\/koneet-ja-laitteet\/\"},{\"@type\":\"ListItem\",\"position\":4,\"name\":\"Leikkauskoneiden ter\u00e4t ja varaosat\",\"item\":\"https:\/\/kinnunen.fi\/tuote-osasto\/koneet-ja-laitteet\/leikkauskoneiden-terat-ja-varaosta\/\"},{\"@type\":\"ListItem\",\"position\":5,\"name\":\"Diamond Blade\"}]},{\"@type\":\"WebSite\",\"@id\":\"https:\/\/kinnunen.fi\/#website\",\"url\":\"https:\/\/kinnunen.fi\/\",\"name\":\"Kinnunen\",\"description\":\"\",\"potentialAction\":[{\"@type\":\"SearchAction\",\"target\":{\"@type\":\"EntryPoint\",\"urlTemplate\":\"https:\/\/kinnunen.fi\/?s={search_term_string}\"},\"query-input\":\"required name=search_term_string\"}],\"inLanguage\":\"en-GB\"}]}<\/script>\n<!-- \/ Yoast SEO plugin. -->","yoast_head_json":{"title":"Diamond Blade - Kinnunen","robots":{"index":"index","follow":"follow","max-snippet":"max-snippet:-1","max-image-preview":"max-image-preview:large","max-video-preview":"max-video-preview:-1"},"canonical":"https:\/\/kinnunen.fi\/en\/product\/diamond-blade\/","og_locale":"en_GB","og_type":"article","og_title":"Diamond Blade - Kinnunen","og_description":"Innovatiivinen hiilip\u00e4\u00e4llysteinen ter\u00e4, joka antaa timantinter\u00e4v\u00e4n leikkausj\u00e4ljen. Yli 40 kertaa kest\u00e4v\u00e4mpi kuin perinteinen leikkauster\u00e4 ja vaatii v\u00e4hemm\u00e4n huoltoa. Leikkauspituuden s\u00e4\u00e4t\u00f6&hellip;","og_url":"https:\/\/kinnunen.fi\/en\/product\/diamond-blade\/","og_site_name":"Kinnunen","article_modified_time":"2026-04-30T01:00:07+00:00","og_image":[{"width":1000,"height":1000,"url":"https:\/\/kinnunen.fi\/wp-content\/uploads\/2021\/10\/Moser_DiamondBlade.jpg","type":"image\/jpeg"}],"twitter_card":"summary_large_image","schema":{"@context":"https:\/\/schema.org","@graph":[{"@type":"WebPage","@id":"https:\/\/kinnunen.fi\/tuote\/diamond-blade\/","url":"https:\/\/kinnunen.fi\/tuote\/diamond-blade\/","name":"Diamond Blade - Kinnunen","isPartOf":{"@id":"https:\/\/kinnunen.fi\/#website"},"primaryImageOfPage":{"@id":"https:\/\/kinnunen.fi\/tuote\/diamond-blade\/#primaryimage"},"image":{"@id":"https:\/\/kinnunen.fi\/tuote\/diamond-blade\/#primaryimage"},"thumbnailUrl":"https:\/\/kinnunen.fi\/wp-content\/uploads\/2021\/10\/Moser_DiamondBlade.jpg","datePublished":"2021-10-29T10:24:48+00:00","dateModified":"2026-04-30T01:00:07+00:00","breadcrumb":{"@id":"https:\/\/kinnunen.fi\/tuote\/diamond-blade\/#breadcrumb"},"inLanguage":"en-GB","potentialAction":[{"@type":"ReadAction","target":["https:\/\/kinnunen.fi\/tuote\/diamond-blade\/"]}]},{"@type":"ImageObject","inLanguage":"en-GB","@id":"https:\/\/kinnunen.fi\/tuote\/diamond-blade\/#primaryimage","url":"https:\/\/kinnunen.fi\/wp-content\/uploads\/2021\/10\/Moser_DiamondBlade.jpg","contentUrl":"https:\/\/kinnunen.fi\/wp-content\/uploads\/2021\/10\/Moser_DiamondBlade.jpg","width":1000,"height":1000},{"@type":"BreadcrumbList","@id":"https:\/\/kinnunen.fi\/tuote\/diamond-blade\/#breadcrumb","itemListElement":[{"@type":"ListItem","position":1,"name":"Etusivu","item":"https:\/\/kinnunen.fi\/"},{"@type":"ListItem","position":2,"name":"Kaikki tuotteet","item":"https:\/\/kinnunen.fi\/kauppa\/"},{"@type":"ListItem","position":3,"name":"Koneet ja s\u00e4hk\u00f6laitteet","item":"https:\/\/kinnunen.fi\/tuote-osasto\/koneet-ja-laitteet\/"},{"@type":"ListItem","position":4,"name":"Leikkauskoneiden ter\u00e4t ja varaosat","item":"https:\/\/kinnunen.fi\/tuote-osasto\/koneet-ja-laitteet\/leikkauskoneiden-terat-ja-varaosta\/"},{"@type":"ListItem","position":5,"name":"Diamond Blade"}]},{"@type":"WebSite","@id":"https:\/\/kinnunen.fi\/#website","url":"https:\/\/kinnunen.fi\/","name":"Kinnunen","description":"","potentialAction":[{"@type":"SearchAction","target":{"@type":"EntryPoint","urlTemplate":"https:\/\/kinnunen.fi\/?s={search_term_string}"},"query-input":"required name=search_term_string"}],"inLanguage":"en-GB"}]}},"_links":{"self":[{"href":"https:\/\/kinnunen.fi\/en\/wp-json\/wp\/v2\/product\/5442"}],"collection":[{"href":"https:\/\/kinnunen.fi\/en\/wp-json\/wp\/v2\/product"}],"about":[{"href":"https:\/\/kinnunen.fi\/en\/wp-json\/wp\/v2\/types\/product"}],"replies":[{"embeddable":true,"href":"https:\/\/kinnunen.fi\/en\/wp-json\/wp\/v2\/comments?post=5442"}],"wp:featuredmedia":[{"embeddable":true,"href":"https:\/\/kinnunen.fi\/en\/wp-json\/wp\/v2\/media\/14792"}],"wp:attachment":[{"href":"https:\/\/kinnunen.fi\/en\/wp-json\/wp\/v2\/media?parent=5442"}],"wp:term":[{"taxonomy":"product_cat","embeddable":true,"href":"https:\/\/kinnunen.fi\/en\/wp-json\/wp\/v2\/product_cat?post=5442"},{"taxonomy":"product_tag","embeddable":true,"href":"https:\/\/kinnunen.fi\/en\/wp-json\/wp\/v2\/product_tag?post=5442"}],"curies":[{"name":"wp","href":"https:\/\/api.w.org\/{rel}","templated":true}]}}