

{"id":5478,"date":"2021-10-29T13:25:23","date_gmt":"2021-10-29T10:25:23","guid":{"rendered":"https:\/\/kinnunen.fi\/tuote\/babylisspro-kreppirauta-38-mm\/"},"modified":"2026-05-01T04:00:25","modified_gmt":"2026-05-01T01:00:25","slug":"babylisspro-kreppirauta-38-mm","status":"publish","type":"product","link":"https:\/\/kinnunen.fi\/en\/product\/babylisspro-kreppirauta-38-mm\/","title":{"rendered":"BabylissPro crepe iron, 38 mm"},"content":{"rendered":"<p>Create the perfect crepe for your hair! Slightly floating plates adapt perfectly to the hairpiece, which makes the crepe look exactly the same at the base and the top of the hair. You can choose from 5 temperature options to suit your hair: 150\u00b0C, 170\u00b0C, 190\u00b0C, 205\u00b0C or 230\u00b0C. The crepe plates are coated with the diamond-hard Elektro Plating technique. This allows the plates to maintain a constant temperature throughout the treatment. The device is safe to transport thanks to the lock on the body. A heat protection mat is included. Auto shut-off. 2.7 m long, rotating cord. Warranty 12 months.<\/p>","protected":false},"excerpt":{"rendered":"<p>Luo t\u00e4ydellinen kreppi hiuksiisi! Hieman kelluvat levyt mukautuvat t\u00e4ydellisesti hiusosioon, jonka vuoksi krepist\u00e4 tulee t\u00e4ysin samanlainen hiusten tyvess\u00e4 sek\u00e4 latvassa.&hellip;<\/p>","protected":false},"featured_media":14219,"comment_status":"closed","ping_status":"closed","template":"","meta":{"_relevanssi_hide_post":"","_relevanssi_pin_for_all":"","_relevanssi_pin_keywords":"","_relevanssi_unpin_keywords":"","_relevanssi_related_keywords":"","_relevanssi_related_include_ids":"","_relevanssi_related_exclude_ids":"","_relevanssi_related_no_append":"","_relevanssi_related_not_related":"","_relevanssi_related_posts":"","_relevanssi_noindex_reason":""},"product_cat":[1774,1781,1901,1903],"product_tag":[],"class_list":["post-5478","product","type-product","status-publish","has-post-thumbnail","hentry","product_cat-koneet-ja-laitteet","product_cat-suoristus-ja-kreppiraudat","product_cat-outlet","product_cat-laitteet-ja-sakset","pa_ominaisuudet-valmistettu-euroopassa","tuotemerkki-babylisspro"],"tuotemerkit":[{"term_id":161,"name":"BabylissPro","slug":"babylisspro","term_group":0,"term_taxonomy_id":161,"taxonomy":"tuotemerkki","description":"","parent":0,"count":10,"filter":"raw"}],"acf":[],"yoast_head":"<!-- This site is optimized with the Yoast SEO plugin v23.3 - https:\/\/yoast.com\/wordpress\/plugins\/seo\/ -->\n<title>BabylissPro kreppirauta, 38 mm - Kinnunen<\/title>\n<meta name=\"robots\" content=\"index, follow, max-snippet:-1, max-image-preview:large, max-video-preview:-1\" \/>\n<link rel=\"canonical\" href=\"https:\/\/kinnunen.fi\/en\/product\/babylisspro-kreppirauta-38-mm\/\" \/>\n<meta property=\"og:locale\" content=\"en_GB\" \/>\n<meta property=\"og:type\" content=\"article\" \/>\n<meta property=\"og:title\" content=\"BabylissPro kreppirauta, 38 mm - Kinnunen\" \/>\n<meta property=\"og:description\" content=\"Luo t\u00e4ydellinen kreppi hiuksiisi! Hieman kelluvat levyt mukautuvat t\u00e4ydellisesti hiusosioon, jonka vuoksi krepist\u00e4 tulee t\u00e4ysin samanlainen hiusten tyvess\u00e4 sek\u00e4 latvassa.&hellip;\" \/>\n<meta property=\"og:url\" content=\"https:\/\/kinnunen.fi\/en\/product\/babylisspro-kreppirauta-38-mm\/\" \/>\n<meta property=\"og:site_name\" content=\"Kinnunen\" \/>\n<meta property=\"article:modified_time\" content=\"2026-05-01T01:00:25+00:00\" \/>\n<meta property=\"og:image\" content=\"https:\/\/kinnunen.fi\/wp-content\/uploads\/2021\/10\/BAB2658EPCE-CRIMP38.jpg\" \/>\n\t<meta property=\"og:image:width\" content=\"1000\" \/>\n\t<meta property=\"og:image:height\" content=\"1000\" \/>\n\t<meta property=\"og:image:type\" content=\"image\/jpeg\" \/>\n<meta name=\"twitter:card\" content=\"summary_large_image\" \/>\n<script type=\"application\/ld+json\" class=\"yoast-schema-graph\">{\"@context\":\"https:\/\/schema.org\",\"@graph\":[{\"@type\":\"WebPage\",\"@id\":\"https:\/\/kinnunen.fi\/tuote\/babylisspro-kreppirauta-38-mm\/\",\"url\":\"https:\/\/kinnunen.fi\/tuote\/babylisspro-kreppirauta-38-mm\/\",\"name\":\"BabylissPro kreppirauta, 38 mm - Kinnunen\",\"isPartOf\":{\"@id\":\"https:\/\/kinnunen.fi\/#website\"},\"primaryImageOfPage\":{\"@id\":\"https:\/\/kinnunen.fi\/tuote\/babylisspro-kreppirauta-38-mm\/#primaryimage\"},\"image\":{\"@id\":\"https:\/\/kinnunen.fi\/tuote\/babylisspro-kreppirauta-38-mm\/#primaryimage\"},\"thumbnailUrl\":\"https:\/\/kinnunen.fi\/wp-content\/uploads\/2021\/10\/BAB2658EPCE-CRIMP38.jpg\",\"datePublished\":\"2021-10-29T10:25:23+00:00\",\"dateModified\":\"2026-05-01T01:00:25+00:00\",\"breadcrumb\":{\"@id\":\"https:\/\/kinnunen.fi\/tuote\/babylisspro-kreppirauta-38-mm\/#breadcrumb\"},\"inLanguage\":\"en-GB\",\"potentialAction\":[{\"@type\":\"ReadAction\",\"target\":[\"https:\/\/kinnunen.fi\/tuote\/babylisspro-kreppirauta-38-mm\/\"]}]},{\"@type\":\"ImageObject\",\"inLanguage\":\"en-GB\",\"@id\":\"https:\/\/kinnunen.fi\/tuote\/babylisspro-kreppirauta-38-mm\/#primaryimage\",\"url\":\"https:\/\/kinnunen.fi\/wp-content\/uploads\/2021\/10\/BAB2658EPCE-CRIMP38.jpg\",\"contentUrl\":\"https:\/\/kinnunen.fi\/wp-content\/uploads\/2021\/10\/BAB2658EPCE-CRIMP38.jpg\",\"width\":1000,\"height\":1000},{\"@type\":\"BreadcrumbList\",\"@id\":\"https:\/\/kinnunen.fi\/tuote\/babylisspro-kreppirauta-38-mm\/#breadcrumb\",\"itemListElement\":[{\"@type\":\"ListItem\",\"position\":1,\"name\":\"Etusivu\",\"item\":\"https:\/\/kinnunen.fi\/\"},{\"@type\":\"ListItem\",\"position\":2,\"name\":\"Kaikki tuotteet\",\"item\":\"https:\/\/kinnunen.fi\/kauppa\/\"},{\"@type\":\"ListItem\",\"position\":3,\"name\":\"Koneet ja s\u00e4hk\u00f6laitteet\",\"item\":\"https:\/\/kinnunen.fi\/tuote-osasto\/koneet-ja-laitteet\/\"},{\"@type\":\"ListItem\",\"position\":4,\"name\":\"BabylissPro kreppirauta, 38 mm\"}]},{\"@type\":\"WebSite\",\"@id\":\"https:\/\/kinnunen.fi\/#website\",\"url\":\"https:\/\/kinnunen.fi\/\",\"name\":\"Kinnunen\",\"description\":\"\",\"potentialAction\":[{\"@type\":\"SearchAction\",\"target\":{\"@type\":\"EntryPoint\",\"urlTemplate\":\"https:\/\/kinnunen.fi\/?s={search_term_string}\"},\"query-input\":\"required name=search_term_string\"}],\"inLanguage\":\"en-GB\"}]}<\/script>\n<!-- \/ Yoast SEO plugin. -->","yoast_head_json":{"title":"BabylissPro kreppirauta, 38 mm - Kinnunen","robots":{"index":"index","follow":"follow","max-snippet":"max-snippet:-1","max-image-preview":"max-image-preview:large","max-video-preview":"max-video-preview:-1"},"canonical":"https:\/\/kinnunen.fi\/en\/product\/babylisspro-kreppirauta-38-mm\/","og_locale":"en_GB","og_type":"article","og_title":"BabylissPro kreppirauta, 38 mm - Kinnunen","og_description":"Luo t\u00e4ydellinen kreppi hiuksiisi! Hieman kelluvat levyt mukautuvat t\u00e4ydellisesti hiusosioon, jonka vuoksi krepist\u00e4 tulee t\u00e4ysin samanlainen hiusten tyvess\u00e4 sek\u00e4 latvassa.&hellip;","og_url":"https:\/\/kinnunen.fi\/en\/product\/babylisspro-kreppirauta-38-mm\/","og_site_name":"Kinnunen","article_modified_time":"2026-05-01T01:00:25+00:00","og_image":[{"width":1000,"height":1000,"url":"https:\/\/kinnunen.fi\/wp-content\/uploads\/2021\/10\/BAB2658EPCE-CRIMP38.jpg","type":"image\/jpeg"}],"twitter_card":"summary_large_image","schema":{"@context":"https:\/\/schema.org","@graph":[{"@type":"WebPage","@id":"https:\/\/kinnunen.fi\/tuote\/babylisspro-kreppirauta-38-mm\/","url":"https:\/\/kinnunen.fi\/tuote\/babylisspro-kreppirauta-38-mm\/","name":"BabylissPro kreppirauta, 38 mm - Kinnunen","isPartOf":{"@id":"https:\/\/kinnunen.fi\/#website"},"primaryImageOfPage":{"@id":"https:\/\/kinnunen.fi\/tuote\/babylisspro-kreppirauta-38-mm\/#primaryimage"},"image":{"@id":"https:\/\/kinnunen.fi\/tuote\/babylisspro-kreppirauta-38-mm\/#primaryimage"},"thumbnailUrl":"https:\/\/kinnunen.fi\/wp-content\/uploads\/2021\/10\/BAB2658EPCE-CRIMP38.jpg","datePublished":"2021-10-29T10:25:23+00:00","dateModified":"2026-05-01T01:00:25+00:00","breadcrumb":{"@id":"https:\/\/kinnunen.fi\/tuote\/babylisspro-kreppirauta-38-mm\/#breadcrumb"},"inLanguage":"en-GB","potentialAction":[{"@type":"ReadAction","target":["https:\/\/kinnunen.fi\/tuote\/babylisspro-kreppirauta-38-mm\/"]}]},{"@type":"ImageObject","inLanguage":"en-GB","@id":"https:\/\/kinnunen.fi\/tuote\/babylisspro-kreppirauta-38-mm\/#primaryimage","url":"https:\/\/kinnunen.fi\/wp-content\/uploads\/2021\/10\/BAB2658EPCE-CRIMP38.jpg","contentUrl":"https:\/\/kinnunen.fi\/wp-content\/uploads\/2021\/10\/BAB2658EPCE-CRIMP38.jpg","width":1000,"height":1000},{"@type":"BreadcrumbList","@id":"https:\/\/kinnunen.fi\/tuote\/babylisspro-kreppirauta-38-mm\/#breadcrumb","itemListElement":[{"@type":"ListItem","position":1,"name":"Etusivu","item":"https:\/\/kinnunen.fi\/"},{"@type":"ListItem","position":2,"name":"Kaikki tuotteet","item":"https:\/\/kinnunen.fi\/kauppa\/"},{"@type":"ListItem","position":3,"name":"Koneet ja s\u00e4hk\u00f6laitteet","item":"https:\/\/kinnunen.fi\/tuote-osasto\/koneet-ja-laitteet\/"},{"@type":"ListItem","position":4,"name":"BabylissPro kreppirauta, 38 mm"}]},{"@type":"WebSite","@id":"https:\/\/kinnunen.fi\/#website","url":"https:\/\/kinnunen.fi\/","name":"Kinnunen","description":"","potentialAction":[{"@type":"SearchAction","target":{"@type":"EntryPoint","urlTemplate":"https:\/\/kinnunen.fi\/?s={search_term_string}"},"query-input":"required name=search_term_string"}],"inLanguage":"en-GB"}]}},"_links":{"self":[{"href":"https:\/\/kinnunen.fi\/en\/wp-json\/wp\/v2\/product\/5478"}],"collection":[{"href":"https:\/\/kinnunen.fi\/en\/wp-json\/wp\/v2\/product"}],"about":[{"href":"https:\/\/kinnunen.fi\/en\/wp-json\/wp\/v2\/types\/product"}],"replies":[{"embeddable":true,"href":"https:\/\/kinnunen.fi\/en\/wp-json\/wp\/v2\/comments?post=5478"}],"wp:featuredmedia":[{"embeddable":true,"href":"https:\/\/kinnunen.fi\/en\/wp-json\/wp\/v2\/media\/14219"}],"wp:attachment":[{"href":"https:\/\/kinnunen.fi\/en\/wp-json\/wp\/v2\/media?parent=5478"}],"wp:term":[{"taxonomy":"product_cat","embeddable":true,"href":"https:\/\/kinnunen.fi\/en\/wp-json\/wp\/v2\/product_cat?post=5478"},{"taxonomy":"product_tag","embeddable":true,"href":"https:\/\/kinnunen.fi\/en\/wp-json\/wp\/v2\/product_tag?post=5478"}],"curies":[{"name":"wp","href":"https:\/\/api.w.org\/{rel}","templated":true}]}}