

{"id":5481,"date":"2021-10-29T13:25:23","date_gmt":"2021-10-29T10:25:23","guid":{"rendered":"https:\/\/kinnunen.fi\/tuote\/haircamouflage-infrared-straightener\/"},"modified":"2026-04-29T04:00:34","modified_gmt":"2026-04-29T01:00:34","slug":"haircamouflage-infrared-straightener","status":"publish","type":"product","link":"https:\/\/kinnunen.fi\/en\/product\/haircamouflage-infrared-straightener\/","title":{"rendered":"HairCamouflage Infrared Straightener"},"content":{"rendered":"<p>The straightening iron's ceramic-coated straightening plates and infrared function effectively straightens hair and protects especially damaged hair during treatment. Temperature control from 100 to 230 degrees. Led display. 24 months guarantee<\/p>","protected":false},"excerpt":{"rendered":"<p>Suoristusraudan keraamisesti pinnoitetut suoristuslevyt sek\u00e4 raudan infrapunatoiminto suoristaa hiukset tehokkaasti ja suojelee erityisesti vaurioituneita hiuksia k\u00e4sittelyn aikana. L\u00e4mm\u00f6ns\u00e4\u00e4t\u00f6 100 &#8211;&hellip;<\/p>","protected":false},"featured_media":15392,"comment_status":"closed","ping_status":"closed","template":"","meta":{"_relevanssi_hide_post":"","_relevanssi_pin_for_all":"","_relevanssi_pin_keywords":"","_relevanssi_unpin_keywords":"","_relevanssi_related_keywords":"","_relevanssi_related_include_ids":"","_relevanssi_related_exclude_ids":"","_relevanssi_related_no_append":"","_relevanssi_related_not_related":"","_relevanssi_related_posts":"","_relevanssi_noindex_reason":""},"product_cat":[1774,1781],"product_tag":[2199,2104],"class_list":["post-5481","product","type-product","status-publish","has-post-thumbnail","hentry","product_cat-koneet-ja-laitteet","product_cat-suoristus-ja-kreppiraudat","product_tag-muotoilurauta","product_tag-suoristusrauta","tuotemerkki-haircamouflage"],"tuotemerkit":[{"term_id":157,"name":"HairCamouflage","slug":"haircamouflage","term_group":0,"term_taxonomy_id":157,"taxonomy":"tuotemerkki","description":"","parent":0,"count":31,"filter":"raw"}],"acf":[],"yoast_head":"<!-- This site is optimized with the Yoast SEO plugin v23.3 - https:\/\/yoast.com\/wordpress\/plugins\/seo\/ -->\n<title>HairCamouflage Infrared Straightener - Kinnunen<\/title>\n<meta name=\"robots\" content=\"index, follow, max-snippet:-1, max-image-preview:large, max-video-preview:-1\" \/>\n<link rel=\"canonical\" href=\"https:\/\/kinnunen.fi\/en\/product\/haircamouflage-infrared-straightener\/\" \/>\n<meta property=\"og:locale\" content=\"en_GB\" \/>\n<meta property=\"og:type\" content=\"article\" \/>\n<meta property=\"og:title\" content=\"HairCamouflage Infrared Straightener - Kinnunen\" \/>\n<meta property=\"og:description\" content=\"Suoristusraudan keraamisesti pinnoitetut suoristuslevyt sek\u00e4 raudan infrapunatoiminto suoristaa hiukset tehokkaasti ja suojelee erityisesti vaurioituneita hiuksia k\u00e4sittelyn aikana. L\u00e4mm\u00f6ns\u00e4\u00e4t\u00f6 100 &#8211;&hellip;\" \/>\n<meta property=\"og:url\" content=\"https:\/\/kinnunen.fi\/en\/product\/haircamouflage-infrared-straightener\/\" \/>\n<meta property=\"og:site_name\" content=\"Kinnunen\" \/>\n<meta property=\"article:modified_time\" content=\"2026-04-29T01:00:34+00:00\" \/>\n<meta property=\"og:image\" content=\"https:\/\/kinnunen.fi\/wp-content\/uploads\/2021\/10\/TK121.jpg\" \/>\n\t<meta property=\"og:image:width\" content=\"1000\" \/>\n\t<meta property=\"og:image:height\" content=\"1000\" \/>\n\t<meta property=\"og:image:type\" content=\"image\/jpeg\" \/>\n<meta name=\"twitter:card\" content=\"summary_large_image\" \/>\n<script type=\"application\/ld+json\" class=\"yoast-schema-graph\">{\"@context\":\"https:\/\/schema.org\",\"@graph\":[{\"@type\":\"WebPage\",\"@id\":\"https:\/\/kinnunen.fi\/tuote\/haircamouflage-infrared-straightener\/\",\"url\":\"https:\/\/kinnunen.fi\/tuote\/haircamouflage-infrared-straightener\/\",\"name\":\"HairCamouflage Infrared Straightener - Kinnunen\",\"isPartOf\":{\"@id\":\"https:\/\/kinnunen.fi\/#website\"},\"primaryImageOfPage\":{\"@id\":\"https:\/\/kinnunen.fi\/tuote\/haircamouflage-infrared-straightener\/#primaryimage\"},\"image\":{\"@id\":\"https:\/\/kinnunen.fi\/tuote\/haircamouflage-infrared-straightener\/#primaryimage\"},\"thumbnailUrl\":\"https:\/\/kinnunen.fi\/wp-content\/uploads\/2021\/10\/TK121.jpg\",\"datePublished\":\"2021-10-29T10:25:23+00:00\",\"dateModified\":\"2026-04-29T01:00:34+00:00\",\"breadcrumb\":{\"@id\":\"https:\/\/kinnunen.fi\/tuote\/haircamouflage-infrared-straightener\/#breadcrumb\"},\"inLanguage\":\"en-GB\",\"potentialAction\":[{\"@type\":\"ReadAction\",\"target\":[\"https:\/\/kinnunen.fi\/tuote\/haircamouflage-infrared-straightener\/\"]}]},{\"@type\":\"ImageObject\",\"inLanguage\":\"en-GB\",\"@id\":\"https:\/\/kinnunen.fi\/tuote\/haircamouflage-infrared-straightener\/#primaryimage\",\"url\":\"https:\/\/kinnunen.fi\/wp-content\/uploads\/2021\/10\/TK121.jpg\",\"contentUrl\":\"https:\/\/kinnunen.fi\/wp-content\/uploads\/2021\/10\/TK121.jpg\",\"width\":1000,\"height\":1000},{\"@type\":\"BreadcrumbList\",\"@id\":\"https:\/\/kinnunen.fi\/tuote\/haircamouflage-infrared-straightener\/#breadcrumb\",\"itemListElement\":[{\"@type\":\"ListItem\",\"position\":1,\"name\":\"Etusivu\",\"item\":\"https:\/\/kinnunen.fi\/\"},{\"@type\":\"ListItem\",\"position\":2,\"name\":\"Kaikki tuotteet\",\"item\":\"https:\/\/kinnunen.fi\/kauppa\/\"},{\"@type\":\"ListItem\",\"position\":3,\"name\":\"Koneet ja s\u00e4hk\u00f6laitteet\",\"item\":\"https:\/\/kinnunen.fi\/tuote-osasto\/koneet-ja-laitteet\/\"},{\"@type\":\"ListItem\",\"position\":4,\"name\":\"Suoristus- ja kreppiraudat\",\"item\":\"https:\/\/kinnunen.fi\/tuote-osasto\/koneet-ja-laitteet\/suoristus-ja-kreppiraudat\/\"},{\"@type\":\"ListItem\",\"position\":5,\"name\":\"HairCamouflage Infrared Straightener\"}]},{\"@type\":\"WebSite\",\"@id\":\"https:\/\/kinnunen.fi\/#website\",\"url\":\"https:\/\/kinnunen.fi\/\",\"name\":\"Kinnunen\",\"description\":\"\",\"potentialAction\":[{\"@type\":\"SearchAction\",\"target\":{\"@type\":\"EntryPoint\",\"urlTemplate\":\"https:\/\/kinnunen.fi\/?s={search_term_string}\"},\"query-input\":\"required name=search_term_string\"}],\"inLanguage\":\"en-GB\"}]}<\/script>\n<!-- \/ Yoast SEO plugin. -->","yoast_head_json":{"title":"HairCamouflage Infrared Straightener - Kinnunen","robots":{"index":"index","follow":"follow","max-snippet":"max-snippet:-1","max-image-preview":"max-image-preview:large","max-video-preview":"max-video-preview:-1"},"canonical":"https:\/\/kinnunen.fi\/en\/product\/haircamouflage-infrared-straightener\/","og_locale":"en_GB","og_type":"article","og_title":"HairCamouflage Infrared Straightener - Kinnunen","og_description":"Suoristusraudan keraamisesti pinnoitetut suoristuslevyt sek\u00e4 raudan infrapunatoiminto suoristaa hiukset tehokkaasti ja suojelee erityisesti vaurioituneita hiuksia k\u00e4sittelyn aikana. L\u00e4mm\u00f6ns\u00e4\u00e4t\u00f6 100 &#8211;&hellip;","og_url":"https:\/\/kinnunen.fi\/en\/product\/haircamouflage-infrared-straightener\/","og_site_name":"Kinnunen","article_modified_time":"2026-04-29T01:00:34+00:00","og_image":[{"width":1000,"height":1000,"url":"https:\/\/kinnunen.fi\/wp-content\/uploads\/2021\/10\/TK121.jpg","type":"image\/jpeg"}],"twitter_card":"summary_large_image","schema":{"@context":"https:\/\/schema.org","@graph":[{"@type":"WebPage","@id":"https:\/\/kinnunen.fi\/tuote\/haircamouflage-infrared-straightener\/","url":"https:\/\/kinnunen.fi\/tuote\/haircamouflage-infrared-straightener\/","name":"HairCamouflage Infrared Straightener - Kinnunen","isPartOf":{"@id":"https:\/\/kinnunen.fi\/#website"},"primaryImageOfPage":{"@id":"https:\/\/kinnunen.fi\/tuote\/haircamouflage-infrared-straightener\/#primaryimage"},"image":{"@id":"https:\/\/kinnunen.fi\/tuote\/haircamouflage-infrared-straightener\/#primaryimage"},"thumbnailUrl":"https:\/\/kinnunen.fi\/wp-content\/uploads\/2021\/10\/TK121.jpg","datePublished":"2021-10-29T10:25:23+00:00","dateModified":"2026-04-29T01:00:34+00:00","breadcrumb":{"@id":"https:\/\/kinnunen.fi\/tuote\/haircamouflage-infrared-straightener\/#breadcrumb"},"inLanguage":"en-GB","potentialAction":[{"@type":"ReadAction","target":["https:\/\/kinnunen.fi\/tuote\/haircamouflage-infrared-straightener\/"]}]},{"@type":"ImageObject","inLanguage":"en-GB","@id":"https:\/\/kinnunen.fi\/tuote\/haircamouflage-infrared-straightener\/#primaryimage","url":"https:\/\/kinnunen.fi\/wp-content\/uploads\/2021\/10\/TK121.jpg","contentUrl":"https:\/\/kinnunen.fi\/wp-content\/uploads\/2021\/10\/TK121.jpg","width":1000,"height":1000},{"@type":"BreadcrumbList","@id":"https:\/\/kinnunen.fi\/tuote\/haircamouflage-infrared-straightener\/#breadcrumb","itemListElement":[{"@type":"ListItem","position":1,"name":"Etusivu","item":"https:\/\/kinnunen.fi\/"},{"@type":"ListItem","position":2,"name":"Kaikki tuotteet","item":"https:\/\/kinnunen.fi\/kauppa\/"},{"@type":"ListItem","position":3,"name":"Koneet ja s\u00e4hk\u00f6laitteet","item":"https:\/\/kinnunen.fi\/tuote-osasto\/koneet-ja-laitteet\/"},{"@type":"ListItem","position":4,"name":"Suoristus- ja kreppiraudat","item":"https:\/\/kinnunen.fi\/tuote-osasto\/koneet-ja-laitteet\/suoristus-ja-kreppiraudat\/"},{"@type":"ListItem","position":5,"name":"HairCamouflage Infrared Straightener"}]},{"@type":"WebSite","@id":"https:\/\/kinnunen.fi\/#website","url":"https:\/\/kinnunen.fi\/","name":"Kinnunen","description":"","potentialAction":[{"@type":"SearchAction","target":{"@type":"EntryPoint","urlTemplate":"https:\/\/kinnunen.fi\/?s={search_term_string}"},"query-input":"required name=search_term_string"}],"inLanguage":"en-GB"}]}},"_links":{"self":[{"href":"https:\/\/kinnunen.fi\/en\/wp-json\/wp\/v2\/product\/5481"}],"collection":[{"href":"https:\/\/kinnunen.fi\/en\/wp-json\/wp\/v2\/product"}],"about":[{"href":"https:\/\/kinnunen.fi\/en\/wp-json\/wp\/v2\/types\/product"}],"replies":[{"embeddable":true,"href":"https:\/\/kinnunen.fi\/en\/wp-json\/wp\/v2\/comments?post=5481"}],"wp:featuredmedia":[{"embeddable":true,"href":"https:\/\/kinnunen.fi\/en\/wp-json\/wp\/v2\/media\/15392"}],"wp:attachment":[{"href":"https:\/\/kinnunen.fi\/en\/wp-json\/wp\/v2\/media?parent=5481"}],"wp:term":[{"taxonomy":"product_cat","embeddable":true,"href":"https:\/\/kinnunen.fi\/en\/wp-json\/wp\/v2\/product_cat?post=5481"},{"taxonomy":"product_tag","embeddable":true,"href":"https:\/\/kinnunen.fi\/en\/wp-json\/wp\/v2\/product_tag?post=5481"}],"curies":[{"name":"wp","href":"https:\/\/api.w.org\/{rel}","templated":true}]}}