

{"id":5493,"date":"2021-10-29T13:25:36","date_gmt":"2021-10-29T10:25:36","guid":{"rendered":"https:\/\/kinnunen.fi\/tuote\/artero-evoque-titanium-6\/"},"modified":"2026-04-29T04:00:34","modified_gmt":"2026-04-29T01:00:34","slug":"artero-evoque-titanium-6","status":"publish","type":"product","link":"https:\/\/kinnunen.fi\/en\/product\/artero-evoque-titanium-6\/","title":{"rendered":"Artero Evoque Titanium 6\u2033"},"content":{"rendered":"<p>Stylish and perfectly ergonomic, the Artero Evogue scissors are the perfect tool for every barber and hairdresser. The concave grinding allows the scissors to be used effortlessly in technique after technique. Titanium-plated Japanese Hitachi 440C steel retains its sharpness for a very long time. Weight 62 g.<\/p>","protected":false},"excerpt":{"rendered":"<p>Stylish and perfectly ergonomic, the Artero Evogue scissors are the perfect tool for every barber and hairdresser<\/p>","protected":false},"featured_media":14179,"comment_status":"closed","ping_status":"open","template":"","meta":{"_relevanssi_hide_post":"","_relevanssi_pin_for_all":"","_relevanssi_pin_keywords":"","_relevanssi_unpin_keywords":"","_relevanssi_related_keywords":"","_relevanssi_related_include_ids":"","_relevanssi_related_exclude_ids":"","_relevanssi_related_no_append":"","_relevanssi_related_not_related":"","_relevanssi_related_posts":"","_relevanssi_noindex_reason":""},"product_cat":[1783,1784],"product_tag":[],"class_list":["post-5493","product","type-product","status-publish","has-post-thumbnail","hentry","product_cat-sakset-ja-veitset","product_cat-leikkaussakset","pa_ominaisuudet-valmistettu-euroopassa","pa_pituus-171","tuotemerkki-artero"],"tuotemerkit":[{"term_id":155,"name":"Artero","slug":"artero","term_group":0,"term_taxonomy_id":155,"taxonomy":"tuotemerkki","description":"","parent":0,"count":35,"filter":"raw"}],"acf":[],"yoast_head":"<!-- This site is optimized with the Yoast SEO plugin v23.3 - https:\/\/yoast.com\/wordpress\/plugins\/seo\/ -->\n<title>Artero Evoque Titanium 6&quot; - Kinnunen<\/title>\n<meta name=\"robots\" content=\"index, follow, max-snippet:-1, max-image-preview:large, max-video-preview:-1\" \/>\n<link rel=\"canonical\" href=\"https:\/\/kinnunen.fi\/en\/product\/artero-evoque-titanium-6\/\" \/>\n<meta property=\"og:locale\" content=\"en_GB\" \/>\n<meta property=\"og:type\" content=\"article\" \/>\n<meta property=\"og:title\" content=\"Artero Evoque Titanium 6&quot; - Kinnunen\" \/>\n<meta property=\"og:description\" content=\"Tyylikk\u00e4\u00e4t ja t\u00e4ydellisesti ergonomiset Artero Evogue -sakset ovat jokaisen parturin ja kampaajan t\u00e4ydellinen ty\u00f6v\u00e4line\" \/>\n<meta property=\"og:url\" content=\"https:\/\/kinnunen.fi\/en\/product\/artero-evoque-titanium-6\/\" \/>\n<meta property=\"og:site_name\" content=\"Kinnunen\" \/>\n<meta property=\"article:modified_time\" content=\"2026-04-29T01:00:34+00:00\" \/>\n<meta property=\"og:image\" content=\"https:\/\/kinnunen.fi\/wp-content\/uploads\/2021\/10\/Artero_evoque_titan.jpg\" \/>\n\t<meta property=\"og:image:width\" content=\"1000\" \/>\n\t<meta property=\"og:image:height\" content=\"1000\" \/>\n\t<meta property=\"og:image:type\" content=\"image\/jpeg\" \/>\n<meta name=\"twitter:card\" content=\"summary_large_image\" \/>\n<script type=\"application\/ld+json\" class=\"yoast-schema-graph\">{\"@context\":\"https:\/\/schema.org\",\"@graph\":[{\"@type\":\"WebPage\",\"@id\":\"https:\/\/kinnunen.fi\/tuote\/artero-evoque-titanium-6\/\",\"url\":\"https:\/\/kinnunen.fi\/tuote\/artero-evoque-titanium-6\/\",\"name\":\"Artero Evoque Titanium 6\\\" - Kinnunen\",\"isPartOf\":{\"@id\":\"https:\/\/kinnunen.fi\/#website\"},\"primaryImageOfPage\":{\"@id\":\"https:\/\/kinnunen.fi\/tuote\/artero-evoque-titanium-6\/#primaryimage\"},\"image\":{\"@id\":\"https:\/\/kinnunen.fi\/tuote\/artero-evoque-titanium-6\/#primaryimage\"},\"thumbnailUrl\":\"https:\/\/kinnunen.fi\/wp-content\/uploads\/2021\/10\/Artero_evoque_titan.jpg\",\"datePublished\":\"2021-10-29T10:25:36+00:00\",\"dateModified\":\"2026-04-29T01:00:34+00:00\",\"breadcrumb\":{\"@id\":\"https:\/\/kinnunen.fi\/tuote\/artero-evoque-titanium-6\/#breadcrumb\"},\"inLanguage\":\"en-GB\",\"potentialAction\":[{\"@type\":\"ReadAction\",\"target\":[\"https:\/\/kinnunen.fi\/tuote\/artero-evoque-titanium-6\/\"]}]},{\"@type\":\"ImageObject\",\"inLanguage\":\"en-GB\",\"@id\":\"https:\/\/kinnunen.fi\/tuote\/artero-evoque-titanium-6\/#primaryimage\",\"url\":\"https:\/\/kinnunen.fi\/wp-content\/uploads\/2021\/10\/Artero_evoque_titan.jpg\",\"contentUrl\":\"https:\/\/kinnunen.fi\/wp-content\/uploads\/2021\/10\/Artero_evoque_titan.jpg\",\"width\":1000,\"height\":1000},{\"@type\":\"BreadcrumbList\",\"@id\":\"https:\/\/kinnunen.fi\/tuote\/artero-evoque-titanium-6\/#breadcrumb\",\"itemListElement\":[{\"@type\":\"ListItem\",\"position\":1,\"name\":\"Etusivu\",\"item\":\"https:\/\/kinnunen.fi\/\"},{\"@type\":\"ListItem\",\"position\":2,\"name\":\"Kaikki tuotteet\",\"item\":\"https:\/\/kinnunen.fi\/kauppa\/\"},{\"@type\":\"ListItem\",\"position\":3,\"name\":\"Sakset ja veitset\",\"item\":\"https:\/\/kinnunen.fi\/tuote-osasto\/sakset-ja-veitset\/\"},{\"@type\":\"ListItem\",\"position\":4,\"name\":\"Leikkaussakset\",\"item\":\"https:\/\/kinnunen.fi\/tuote-osasto\/sakset-ja-veitset\/leikkaussakset\/\"},{\"@type\":\"ListItem\",\"position\":5,\"name\":\"Artero Evoque Titanium 6&#8243;\"}]},{\"@type\":\"WebSite\",\"@id\":\"https:\/\/kinnunen.fi\/#website\",\"url\":\"https:\/\/kinnunen.fi\/\",\"name\":\"Kinnunen\",\"description\":\"\",\"potentialAction\":[{\"@type\":\"SearchAction\",\"target\":{\"@type\":\"EntryPoint\",\"urlTemplate\":\"https:\/\/kinnunen.fi\/?s={search_term_string}\"},\"query-input\":\"required name=search_term_string\"}],\"inLanguage\":\"en-GB\"}]}<\/script>\n<!-- \/ Yoast SEO plugin. -->","yoast_head_json":{"title":"Artero Evoque Titanium 6\" - Kinnunen","robots":{"index":"index","follow":"follow","max-snippet":"max-snippet:-1","max-image-preview":"max-image-preview:large","max-video-preview":"max-video-preview:-1"},"canonical":"https:\/\/kinnunen.fi\/en\/product\/artero-evoque-titanium-6\/","og_locale":"en_GB","og_type":"article","og_title":"Artero Evoque Titanium 6\" - Kinnunen","og_description":"Tyylikk\u00e4\u00e4t ja t\u00e4ydellisesti ergonomiset Artero Evogue -sakset ovat jokaisen parturin ja kampaajan t\u00e4ydellinen ty\u00f6v\u00e4line","og_url":"https:\/\/kinnunen.fi\/en\/product\/artero-evoque-titanium-6\/","og_site_name":"Kinnunen","article_modified_time":"2026-04-29T01:00:34+00:00","og_image":[{"width":1000,"height":1000,"url":"https:\/\/kinnunen.fi\/wp-content\/uploads\/2021\/10\/Artero_evoque_titan.jpg","type":"image\/jpeg"}],"twitter_card":"summary_large_image","schema":{"@context":"https:\/\/schema.org","@graph":[{"@type":"WebPage","@id":"https:\/\/kinnunen.fi\/tuote\/artero-evoque-titanium-6\/","url":"https:\/\/kinnunen.fi\/tuote\/artero-evoque-titanium-6\/","name":"Artero Evoque Titanium 6\" - Kinnunen","isPartOf":{"@id":"https:\/\/kinnunen.fi\/#website"},"primaryImageOfPage":{"@id":"https:\/\/kinnunen.fi\/tuote\/artero-evoque-titanium-6\/#primaryimage"},"image":{"@id":"https:\/\/kinnunen.fi\/tuote\/artero-evoque-titanium-6\/#primaryimage"},"thumbnailUrl":"https:\/\/kinnunen.fi\/wp-content\/uploads\/2021\/10\/Artero_evoque_titan.jpg","datePublished":"2021-10-29T10:25:36+00:00","dateModified":"2026-04-29T01:00:34+00:00","breadcrumb":{"@id":"https:\/\/kinnunen.fi\/tuote\/artero-evoque-titanium-6\/#breadcrumb"},"inLanguage":"en-GB","potentialAction":[{"@type":"ReadAction","target":["https:\/\/kinnunen.fi\/tuote\/artero-evoque-titanium-6\/"]}]},{"@type":"ImageObject","inLanguage":"en-GB","@id":"https:\/\/kinnunen.fi\/tuote\/artero-evoque-titanium-6\/#primaryimage","url":"https:\/\/kinnunen.fi\/wp-content\/uploads\/2021\/10\/Artero_evoque_titan.jpg","contentUrl":"https:\/\/kinnunen.fi\/wp-content\/uploads\/2021\/10\/Artero_evoque_titan.jpg","width":1000,"height":1000},{"@type":"BreadcrumbList","@id":"https:\/\/kinnunen.fi\/tuote\/artero-evoque-titanium-6\/#breadcrumb","itemListElement":[{"@type":"ListItem","position":1,"name":"Etusivu","item":"https:\/\/kinnunen.fi\/"},{"@type":"ListItem","position":2,"name":"Kaikki tuotteet","item":"https:\/\/kinnunen.fi\/kauppa\/"},{"@type":"ListItem","position":3,"name":"Sakset ja veitset","item":"https:\/\/kinnunen.fi\/tuote-osasto\/sakset-ja-veitset\/"},{"@type":"ListItem","position":4,"name":"Leikkaussakset","item":"https:\/\/kinnunen.fi\/tuote-osasto\/sakset-ja-veitset\/leikkaussakset\/"},{"@type":"ListItem","position":5,"name":"Artero Evoque Titanium 6&#8243;"}]},{"@type":"WebSite","@id":"https:\/\/kinnunen.fi\/#website","url":"https:\/\/kinnunen.fi\/","name":"Kinnunen","description":"","potentialAction":[{"@type":"SearchAction","target":{"@type":"EntryPoint","urlTemplate":"https:\/\/kinnunen.fi\/?s={search_term_string}"},"query-input":"required name=search_term_string"}],"inLanguage":"en-GB"}]}},"_links":{"self":[{"href":"https:\/\/kinnunen.fi\/en\/wp-json\/wp\/v2\/product\/5493"}],"collection":[{"href":"https:\/\/kinnunen.fi\/en\/wp-json\/wp\/v2\/product"}],"about":[{"href":"https:\/\/kinnunen.fi\/en\/wp-json\/wp\/v2\/types\/product"}],"replies":[{"embeddable":true,"href":"https:\/\/kinnunen.fi\/en\/wp-json\/wp\/v2\/comments?post=5493"}],"wp:featuredmedia":[{"embeddable":true,"href":"https:\/\/kinnunen.fi\/en\/wp-json\/wp\/v2\/media\/14179"}],"wp:attachment":[{"href":"https:\/\/kinnunen.fi\/en\/wp-json\/wp\/v2\/media?parent=5493"}],"wp:term":[{"taxonomy":"product_cat","embeddable":true,"href":"https:\/\/kinnunen.fi\/en\/wp-json\/wp\/v2\/product_cat?post=5493"},{"taxonomy":"product_tag","embeddable":true,"href":"https:\/\/kinnunen.fi\/en\/wp-json\/wp\/v2\/product_tag?post=5493"}],"curies":[{"name":"wp","href":"https:\/\/api.w.org\/{rel}","templated":true}]}}