

{"id":5519,"date":"2021-10-29T13:25:51","date_gmt":"2021-10-29T10:25:51","guid":{"rendered":"https:\/\/kinnunen.fi\/tuote\/artero-eclypse-65-46-hammasta\/"},"modified":"2026-04-17T04:00:34","modified_gmt":"2026-04-17T01:00:34","slug":"artero-eclypse-65-46-hammasta","status":"publish","type":"product","link":"https:\/\/kinnunen.fi\/en\/product\/artero-eclypse-65-46-hammasta\/","title":{"rendered":"Artero Eclypse 6,5\u2033, 46 teeth"},"content":{"rendered":"<p>Ergonomically shaped, Japanese steel shaping scissors. A special feature of the Artero scissors is their unprecedented ball-bearing joint. The ball bearings make cutting hair effortless and smooth. The scissors thin approximately 30 % of the section to be cut, so thinning is smooth and natural. Made of Japanese 440C steel.<\/p>","protected":false},"excerpt":{"rendered":"<p>Ergonomisesti muotoillut, japanilaisesta ter\u00e4ksest\u00e4 valmistetut muotoilusakset. Artero-saksien erikoisominaisuus on niiden ennenn\u00e4kem\u00e4t\u00f6n kuulalaakeroitu nivel. Kuulalaakerit tekev\u00e4t hiusten leikkaamisesta vaivatonta ja pehme\u00e4\u00e4.&hellip;<\/p>","protected":false},"featured_media":14177,"comment_status":"closed","ping_status":"open","template":"","meta":{"_relevanssi_hide_post":"","_relevanssi_pin_for_all":"","_relevanssi_pin_keywords":"","_relevanssi_unpin_keywords":"","_relevanssi_related_keywords":"","_relevanssi_related_include_ids":"","_relevanssi_related_exclude_ids":"","_relevanssi_related_no_append":"","_relevanssi_related_not_related":"","_relevanssi_related_posts":"","_relevanssi_noindex_reason":""},"product_cat":[1783,1787],"product_tag":[],"class_list":["post-5519","product","type-product","status-publish","has-post-thumbnail","hentry","product_cat-sakset-ja-veitset","product_cat-muotoilusakset","pa_ominaisuudet-valmistettu-euroopassa","pa_pituus-182","tuotemerkki-artero"],"tuotemerkit":[{"term_id":155,"name":"Artero","slug":"artero","term_group":0,"term_taxonomy_id":155,"taxonomy":"tuotemerkki","description":"","parent":0,"count":35,"filter":"raw"}],"acf":[],"yoast_head":"<!-- This site is optimized with the Yoast SEO plugin v23.3 - https:\/\/yoast.com\/wordpress\/plugins\/seo\/ -->\n<title>Artero Eclypse 6,5&quot;, 46 hammasta - Kinnunen<\/title>\n<meta name=\"robots\" content=\"index, follow, max-snippet:-1, max-image-preview:large, max-video-preview:-1\" \/>\n<link rel=\"canonical\" href=\"https:\/\/kinnunen.fi\/en\/product\/artero-eclypse-65-46-hammasta\/\" \/>\n<meta property=\"og:locale\" content=\"en_GB\" \/>\n<meta property=\"og:type\" content=\"article\" \/>\n<meta property=\"og:title\" content=\"Artero Eclypse 6,5&quot;, 46 hammasta - Kinnunen\" \/>\n<meta property=\"og:description\" content=\"Ergonomisesti muotoillut, japanilaisesta ter\u00e4ksest\u00e4 valmistetut muotoilusakset. Artero-saksien erikoisominaisuus on niiden ennenn\u00e4kem\u00e4t\u00f6n kuulalaakeroitu nivel. Kuulalaakerit tekev\u00e4t hiusten leikkaamisesta vaivatonta ja pehme\u00e4\u00e4.&hellip;\" \/>\n<meta property=\"og:url\" content=\"https:\/\/kinnunen.fi\/en\/product\/artero-eclypse-65-46-hammasta\/\" \/>\n<meta property=\"og:site_name\" content=\"Kinnunen\" \/>\n<meta property=\"article:modified_time\" content=\"2026-04-17T01:00:34+00:00\" \/>\n<meta property=\"og:image\" content=\"https:\/\/kinnunen.fi\/wp-content\/uploads\/2021\/10\/Artero_eclypse.jpg\" \/>\n\t<meta property=\"og:image:width\" content=\"1000\" \/>\n\t<meta property=\"og:image:height\" content=\"1000\" \/>\n\t<meta property=\"og:image:type\" content=\"image\/jpeg\" \/>\n<meta name=\"twitter:card\" content=\"summary_large_image\" \/>\n<script type=\"application\/ld+json\" class=\"yoast-schema-graph\">{\"@context\":\"https:\/\/schema.org\",\"@graph\":[{\"@type\":\"WebPage\",\"@id\":\"https:\/\/kinnunen.fi\/tuote\/artero-eclypse-65-46-hammasta\/\",\"url\":\"https:\/\/kinnunen.fi\/tuote\/artero-eclypse-65-46-hammasta\/\",\"name\":\"Artero Eclypse 6,5\\\", 46 hammasta - Kinnunen\",\"isPartOf\":{\"@id\":\"https:\/\/kinnunen.fi\/#website\"},\"primaryImageOfPage\":{\"@id\":\"https:\/\/kinnunen.fi\/tuote\/artero-eclypse-65-46-hammasta\/#primaryimage\"},\"image\":{\"@id\":\"https:\/\/kinnunen.fi\/tuote\/artero-eclypse-65-46-hammasta\/#primaryimage\"},\"thumbnailUrl\":\"https:\/\/kinnunen.fi\/wp-content\/uploads\/2021\/10\/Artero_eclypse.jpg\",\"datePublished\":\"2021-10-29T10:25:51+00:00\",\"dateModified\":\"2026-04-17T01:00:34+00:00\",\"breadcrumb\":{\"@id\":\"https:\/\/kinnunen.fi\/tuote\/artero-eclypse-65-46-hammasta\/#breadcrumb\"},\"inLanguage\":\"en-GB\",\"potentialAction\":[{\"@type\":\"ReadAction\",\"target\":[\"https:\/\/kinnunen.fi\/tuote\/artero-eclypse-65-46-hammasta\/\"]}]},{\"@type\":\"ImageObject\",\"inLanguage\":\"en-GB\",\"@id\":\"https:\/\/kinnunen.fi\/tuote\/artero-eclypse-65-46-hammasta\/#primaryimage\",\"url\":\"https:\/\/kinnunen.fi\/wp-content\/uploads\/2021\/10\/Artero_eclypse.jpg\",\"contentUrl\":\"https:\/\/kinnunen.fi\/wp-content\/uploads\/2021\/10\/Artero_eclypse.jpg\",\"width\":1000,\"height\":1000},{\"@type\":\"BreadcrumbList\",\"@id\":\"https:\/\/kinnunen.fi\/tuote\/artero-eclypse-65-46-hammasta\/#breadcrumb\",\"itemListElement\":[{\"@type\":\"ListItem\",\"position\":1,\"name\":\"Etusivu\",\"item\":\"https:\/\/kinnunen.fi\/\"},{\"@type\":\"ListItem\",\"position\":2,\"name\":\"Kaikki tuotteet\",\"item\":\"https:\/\/kinnunen.fi\/kauppa\/\"},{\"@type\":\"ListItem\",\"position\":3,\"name\":\"Sakset ja veitset\",\"item\":\"https:\/\/kinnunen.fi\/tuote-osasto\/sakset-ja-veitset\/\"},{\"@type\":\"ListItem\",\"position\":4,\"name\":\"Muotoilusakset\",\"item\":\"https:\/\/kinnunen.fi\/tuote-osasto\/sakset-ja-veitset\/muotoilusakset\/\"},{\"@type\":\"ListItem\",\"position\":5,\"name\":\"Artero Eclypse 6,5&#8243;, 46 hammasta\"}]},{\"@type\":\"WebSite\",\"@id\":\"https:\/\/kinnunen.fi\/#website\",\"url\":\"https:\/\/kinnunen.fi\/\",\"name\":\"Kinnunen\",\"description\":\"\",\"potentialAction\":[{\"@type\":\"SearchAction\",\"target\":{\"@type\":\"EntryPoint\",\"urlTemplate\":\"https:\/\/kinnunen.fi\/?s={search_term_string}\"},\"query-input\":\"required name=search_term_string\"}],\"inLanguage\":\"en-GB\"}]}<\/script>\n<!-- \/ Yoast SEO plugin. -->","yoast_head_json":{"title":"Artero Eclypse 6,5\", 46 hammasta - Kinnunen","robots":{"index":"index","follow":"follow","max-snippet":"max-snippet:-1","max-image-preview":"max-image-preview:large","max-video-preview":"max-video-preview:-1"},"canonical":"https:\/\/kinnunen.fi\/en\/product\/artero-eclypse-65-46-hammasta\/","og_locale":"en_GB","og_type":"article","og_title":"Artero Eclypse 6,5\", 46 hammasta - Kinnunen","og_description":"Ergonomisesti muotoillut, japanilaisesta ter\u00e4ksest\u00e4 valmistetut muotoilusakset. Artero-saksien erikoisominaisuus on niiden ennenn\u00e4kem\u00e4t\u00f6n kuulalaakeroitu nivel. Kuulalaakerit tekev\u00e4t hiusten leikkaamisesta vaivatonta ja pehme\u00e4\u00e4.&hellip;","og_url":"https:\/\/kinnunen.fi\/en\/product\/artero-eclypse-65-46-hammasta\/","og_site_name":"Kinnunen","article_modified_time":"2026-04-17T01:00:34+00:00","og_image":[{"width":1000,"height":1000,"url":"https:\/\/kinnunen.fi\/wp-content\/uploads\/2021\/10\/Artero_eclypse.jpg","type":"image\/jpeg"}],"twitter_card":"summary_large_image","schema":{"@context":"https:\/\/schema.org","@graph":[{"@type":"WebPage","@id":"https:\/\/kinnunen.fi\/tuote\/artero-eclypse-65-46-hammasta\/","url":"https:\/\/kinnunen.fi\/tuote\/artero-eclypse-65-46-hammasta\/","name":"Artero Eclypse 6,5\", 46 hammasta - Kinnunen","isPartOf":{"@id":"https:\/\/kinnunen.fi\/#website"},"primaryImageOfPage":{"@id":"https:\/\/kinnunen.fi\/tuote\/artero-eclypse-65-46-hammasta\/#primaryimage"},"image":{"@id":"https:\/\/kinnunen.fi\/tuote\/artero-eclypse-65-46-hammasta\/#primaryimage"},"thumbnailUrl":"https:\/\/kinnunen.fi\/wp-content\/uploads\/2021\/10\/Artero_eclypse.jpg","datePublished":"2021-10-29T10:25:51+00:00","dateModified":"2026-04-17T01:00:34+00:00","breadcrumb":{"@id":"https:\/\/kinnunen.fi\/tuote\/artero-eclypse-65-46-hammasta\/#breadcrumb"},"inLanguage":"en-GB","potentialAction":[{"@type":"ReadAction","target":["https:\/\/kinnunen.fi\/tuote\/artero-eclypse-65-46-hammasta\/"]}]},{"@type":"ImageObject","inLanguage":"en-GB","@id":"https:\/\/kinnunen.fi\/tuote\/artero-eclypse-65-46-hammasta\/#primaryimage","url":"https:\/\/kinnunen.fi\/wp-content\/uploads\/2021\/10\/Artero_eclypse.jpg","contentUrl":"https:\/\/kinnunen.fi\/wp-content\/uploads\/2021\/10\/Artero_eclypse.jpg","width":1000,"height":1000},{"@type":"BreadcrumbList","@id":"https:\/\/kinnunen.fi\/tuote\/artero-eclypse-65-46-hammasta\/#breadcrumb","itemListElement":[{"@type":"ListItem","position":1,"name":"Etusivu","item":"https:\/\/kinnunen.fi\/"},{"@type":"ListItem","position":2,"name":"Kaikki tuotteet","item":"https:\/\/kinnunen.fi\/kauppa\/"},{"@type":"ListItem","position":3,"name":"Sakset ja veitset","item":"https:\/\/kinnunen.fi\/tuote-osasto\/sakset-ja-veitset\/"},{"@type":"ListItem","position":4,"name":"Muotoilusakset","item":"https:\/\/kinnunen.fi\/tuote-osasto\/sakset-ja-veitset\/muotoilusakset\/"},{"@type":"ListItem","position":5,"name":"Artero Eclypse 6,5&#8243;, 46 hammasta"}]},{"@type":"WebSite","@id":"https:\/\/kinnunen.fi\/#website","url":"https:\/\/kinnunen.fi\/","name":"Kinnunen","description":"","potentialAction":[{"@type":"SearchAction","target":{"@type":"EntryPoint","urlTemplate":"https:\/\/kinnunen.fi\/?s={search_term_string}"},"query-input":"required name=search_term_string"}],"inLanguage":"en-GB"}]}},"_links":{"self":[{"href":"https:\/\/kinnunen.fi\/en\/wp-json\/wp\/v2\/product\/5519"}],"collection":[{"href":"https:\/\/kinnunen.fi\/en\/wp-json\/wp\/v2\/product"}],"about":[{"href":"https:\/\/kinnunen.fi\/en\/wp-json\/wp\/v2\/types\/product"}],"replies":[{"embeddable":true,"href":"https:\/\/kinnunen.fi\/en\/wp-json\/wp\/v2\/comments?post=5519"}],"wp:featuredmedia":[{"embeddable":true,"href":"https:\/\/kinnunen.fi\/en\/wp-json\/wp\/v2\/media\/14177"}],"wp:attachment":[{"href":"https:\/\/kinnunen.fi\/en\/wp-json\/wp\/v2\/media?parent=5519"}],"wp:term":[{"taxonomy":"product_cat","embeddable":true,"href":"https:\/\/kinnunen.fi\/en\/wp-json\/wp\/v2\/product_cat?post=5519"},{"taxonomy":"product_tag","embeddable":true,"href":"https:\/\/kinnunen.fi\/en\/wp-json\/wp\/v2\/product_tag?post=5519"}],"curies":[{"name":"wp","href":"https:\/\/api.w.org\/{rel}","templated":true}]}}